{"id":173,"date":"2020-12-02T22:31:24","date_gmt":"2020-12-02T21:31:24","guid":{"rendered":"https:\/\/cgh.com.pl\/en\/?page_id=173"},"modified":"2022-04-21T09:09:20","modified_gmt":"2022-04-21T07:09:20","slug":"aboveground-horizontal-tanks","status":"publish","type":"page","link":"https:\/\/cgh.com.pl\/en\/tanks-for-the-industry\/aboveground-horizontal-tanks","title":{"rendered":"Aboveground horizontal tanks"},"content":{"rendered":"\n<div class=\"wp-block-image\"><figure class=\"aligncenter\"><img decoding=\"async\" width=\"1024\" height=\"299\" data-src=\"https:\/\/cgh.com.pl\/en\/wp-content\/uploads\/2021\/05\/Horizontal-aboveground-tanks-2-1024x299.png\" alt=\"Aboveground horizontal tanks\" class=\"wp-image-1573 img-fluid lazyload\" data-srcset=\"https:\/\/cgh.com.pl\/en\/wp-content\/uploads\/2021\/05\/Horizontal-aboveground-tanks-2-1024x299.png 1024w, https:\/\/cgh.com.pl\/en\/wp-content\/uploads\/2021\/05\/Horizontal-aboveground-tanks-2-300x88.png 300w, https:\/\/cgh.com.pl\/en\/wp-content\/uploads\/2021\/05\/Horizontal-aboveground-tanks-2-768x224.png 768w, https:\/\/cgh.com.pl\/en\/wp-content\/uploads\/2021\/05\/Horizontal-aboveground-tanks-2.png 1280w\" data-sizes=\"(max-width: 1024px) 100vw, 1024px\" src=\"data:image\/svg+xml;base64,PHN2ZyB3aWR0aD0iMSIgaGVpZ2h0PSIxIiB4bWxucz0iaHR0cDovL3d3dy53My5vcmcvMjAwMC9zdmciPjwvc3ZnPg==\" style=\"--smush-placeholder-width: 1024px; --smush-placeholder-aspect-ratio: 1024\/299;\" \/><\/figure><\/div>\n\n\n\n<h3 class=\"has-text-color wp-block-heading\" id=\"zbiorniki-dwuplaszczowe-naziemne-do-materialow-palnych-i-niepalnych\" style=\"color:#2d4191;font-size:15px\"><strong>Aboveground tanks double-skinned<\/strong><\/h3>\n\n\n\n<div class=\"wp-block-columns has-2-columns is-layout-flex wp-container-core-columns-is-layout-9d6595d7 wp-block-columns-is-layout-flex\">\n<div class=\"wp-block-column is-layout-flow wp-block-column-is-layout-flow\">\n<h4 class=\"wp-block-heading\">Purpose:<\/h4>\n\n\n\n<p>Storage of flammable and non-flammable, materials harmful to the environment with a density to 1,1 kg\/dm<sup>3&nbsp;<\/sup>for EN 12285 class A and to 1,9 kg\/dm<sup>3&nbsp;<\/sup>for tanks<br>EN 12285 class B and DIN6616.<\/p>\n\n\n\n<h4 class=\"wp-block-heading\">Tank characteristics:<\/h4>\n\n\n\n<ul class=\"wp-block-list\"><li>Single or multi-chamber tank<\/li><li>Working pressure: max 0,5 bar<\/li><li>Working temperature: from -20\u00b0C to + 50\u00b0C<\/li><\/ul>\n\n\n\n<h4 class=\"wp-block-heading\">Outer surface:<\/h4>\n\n\n\n<p>Abrasive grit-blasted to grade Sa 2,5 according to PN-ISO 8501-1 and painted in C3 standard or higher.<\/p>\n<\/div>\n\n\n\n<div class=\"wp-block-column is-layout-flow wp-block-column-is-layout-flow\">\n<h4 class=\"wp-block-heading\">Standard Equipment:<\/h4>\n\n\n\n<ul class=\"wp-block-list\"><li>Manhole DN600 with gasket<\/li><li>Steel supports for EN-tanks: 1,9 N\/mm<sup>2<\/sup>&nbsp;for DIN 6616-tanks<br>0,15 N\/mm<sup>2<\/sup>)<\/li><li>transport grips<\/li><li>ladder, platform, railing<\/li><li>Filling pipe, suction pipe, venting pipe<\/li><\/ul>\n\n\n\n<h4 class=\"wp-block-heading\">Optional Equipment:<\/h4>\n\n\n\n<ul class=\"wp-block-list\"><li>Overfill valve, venting valve, de-watering pipe<\/li><li>System and control pipes<\/li><li>Contents measuring<\/li><\/ul>\n\n\n\n<h4 class=\"wp-block-heading\">Safety:<\/h4>\n\n\n\n<p>Double skinned above ground steel tanks meet all the requirements for the storage of liquids harmful to groundwater and environment. The space between the internal and external wall is monitored.<\/p>\n<\/div>\n<\/div>\n\n\n\n<p><strong>Basic technical data:<\/strong><\/p>\n\n\n\n<table>\n<tbody>\n<tr>\n<td class=\"gray\" style=\"text-align: center;\" rowspan=\"2\">Pojemno\u015b\u0107 zbiornika<\/td>\n<td class=\"gray\" style=\"text-align: center;\" rowspan=\"2\">\u015arednica zbiornika<\/td>\n<td class=\"gray\" style=\"text-align: center;\" rowspan=\"2\">D\u0142ugo\u015b\u0107 zbiornika<\/td>\n<td class=\"gray\" style=\"text-align: center;\" rowspan=\"2\">D\u0142ugo\u015b\u0107 ca\u0142kowita<\/td>\n<td class=\"gray\" style=\"text-align: center;\" rowspan=\"2\">Wysoko\u015b\u0107 dennicy<\/td>\n<td class=\"gray\" style=\"text-align: center;\" rowspan=\"2\">W\u0142az rewizyjny<\/td>\n<td class=\"gray\" style=\"text-align: center;\" colspan=\"2\">Masa zbiornika<\/td>\n<td class=\"gray\" style=\"text-align: center;\" colspan=\"6\">Podpory<\/td>\n<td class=\"gray\" style=\"text-align: center;\" colspan=\"4\">Grubo\u015b\u0107 \u015bcianek<\/td>\n<td class=\"gray\" style=\"text-align: center;\" rowspan=\"2\">Uchwyt<\/td>\n<td class=\"gray\" style=\"text-align: center;\" rowspan=\"2\">Wzmoc.<\/td>\n<\/tr>\n<tr>\n<td class=\"gray\" style=\"text-align: center;\">Klasa A<\/td>\n<td class=\"gray\" style=\"text-align: center;\">Klasa B<\/td>\n<td class=\"gray\" style=\"text-align: center;\" colspan=\"3\">Klasa A<\/td>\n<td class=\"gray\" style=\"text-align: center;\" colspan=\"3\">Klasa B<\/td>\n<td class=\"gray\" style=\"text-align: center;\" colspan=\"2\">Klasa A<\/td>\n<td class=\"gray\" style=\"text-align: center;\" colspan=\"2\">Klasa B<\/td>\n<\/tr>\n<tr>\n<td class=\"white\" style=\"text-align: center;\">V<\/td>\n<td class=\"white\" style=\"text-align: center;\">Dz<\/td>\n<td class=\"white\" style=\"text-align: center;\">Lp<\/td>\n<td class=\"white\" style=\"text-align: center;\">Lo<\/td>\n<td class=\"white\" style=\"text-align: center;\">h<\/td>\n<td class=\"white\" style=\"text-align: center;\">DN<\/td>\n<td class=\"white\" style=\"text-align: center;\">G<\/td>\n<td class=\"white\" style=\"text-align: center;\">G<\/td>\n<td class=\"white\" style=\"text-align: center;\">F<\/td>\n<td class=\"white\" style=\"text-align: center;\">N<\/td>\n<td class=\"white\" style=\"text-align: center;\">K<\/td>\n<td class=\"white\" style=\"text-align: center;\">F<\/td>\n<td class=\"white\" style=\"text-align: center;\">N<\/td>\n<td class=\"white\" style=\"text-align: center;\">K<\/td>\n<td class=\"white\" style=\"text-align: center;\">S1<\/td>\n<td class=\"white\" style=\"text-align: center;\">S2<\/td>\n<td class=\"white\" style=\"text-align: center;\">S1<\/td>\n<td class=\"white\" style=\"text-align: center;\">S2<\/td>\n<td class=\"white\" style=\"text-align: left;\"><\/td>\n<td class=\"white\" style=\"text-align: center;\">T 80<\/td>\n<\/tr>\n<tr>\n<td class=\"gray\" style=\"text-align: center;\">[m<sup>3<\/sup>]<\/td>\n<td class=\"gray\" style=\"text-align: center;\">[mm]<\/td>\n<td class=\"gray\" style=\"text-align: center;\">[mm]<\/td>\n<td class=\"gray\" style=\"text-align: center;\">[mm]l<\/td>\n<td class=\"gray\" style=\"text-align: center;\">[mm]<\/td>\n<td class=\"gray\" style=\"text-align: center;\">[mm]<\/td>\n<td class=\"gray\" style=\"text-align: center;\">[kg]<\/td>\n<td class=\"gray\" style=\"text-align: center;\">[kg]<\/td>\n<td class=\"gray\" style=\"text-align: center;\">[mm]<\/td>\n<td class=\"gray\" style=\"text-align: center;\">[mm]<\/td>\n<td class=\"gray\" style=\"text-align: center;\">[mm]<\/td>\n<td class=\"gray\" style=\"text-align: center;\">[mm]<\/td>\n<td class=\"gray\" style=\"text-align: center;\">[mm]<\/td>\n<td class=\"gray\" style=\"text-align: center;\">[mm]<\/td>\n<td class=\"gray\" style=\"text-align: center;\">[mm]<\/td>\n<td class=\"gray\" style=\"text-align: center;\">[mm]<\/td>\n<td class=\"gray\" style=\"text-align: center;\">[mm]<\/td>\n<td class=\"gray\" style=\"text-align: center;\">[mm]<\/td>\n<td class=\"gray\" style=\"text-align: center;\">[szt.]<\/td>\n<td class=\"gray\" style=\"text-align: center;\">[szt.]<\/td>\n<\/tr>\n<tr>\n<td class=\"white\" style=\"text-align: right;\">3<br>\n5<br>\n7<br>\n10<br>\n13<br>\n16<\/td>\n<td class=\"white\" style=\"text-align: right;\">1600<br>\n1600<br>\n1600<br>\n1600<br>\n1600<br>\n1600<\/td>\n<td class=\"white\" style=\"text-align: right;\">1500<br>\n2500<br>\n3300<br>\n5000<br>\n6500<br>\n8000<\/td>\n<td class=\"white\" style=\"text-align: right;\">2040<br>\n3040<br>\n3840<br>\n5540<br>\n7040<br>\n8540<\/td>\n<td class=\"white\" style=\"text-align: right;\">270<br>\n270<br>\n270<br>\n270<br>\n270<br>\n270<\/td>\n<td class=\"white\" style=\"text-align: right;\">600<\/td>\n<td class=\"white\" style=\"text-align: right;\">946<br>\n1266<br>\n1518<br>\n2051<br>\n2513<br>\n2993<\/td>\n<td class=\"white\" style=\"text-align: right;\">1020<br>\n1340<br>\n1590<br>\n2126<br>\n2592<br>\n3069<\/td>\n<td class=\"white\" style=\"text-align: right;\">700<br>\n1700<br>\n2500<br>\n4200<br>\n5700<br>\n7200<\/td>\n<td class=\"white\" style=\"text-align: right;\">150<\/td>\n<td class=\"white\" style=\"text-align: right;\">1600<\/td>\n<td class=\"white\" style=\"text-align: right;\">950<br>\n1950<br>\n2750<br>\n4450<br>\n5950<br>\n7450<\/td>\n<td class=\"white\" style=\"text-align: right;\">350<\/td>\n<td class=\"white\" style=\"text-align: right;\"><\/td>\n<td class=\"white\" style=\"text-align: right;\">5<\/td>\n<td class=\"white\" style=\"text-align: right;\">3<\/td>\n<td class=\"white\" style=\"text-align: right;\">5<\/td>\n<td class=\"white\" style=\"text-align: right;\">3<\/td>\n<td class=\"white\" style=\"text-align: right;\">2<br>\n2<br>\n2<br>\n2<br>\n2<br>\n2<\/td>\n<td class=\"white\" style=\"text-align: right;\">&#8211;<br>\n&#8211;<br>\n&#8211;<br>\n&#8211;<br>\n&#8211;<br>\n1<\/td>\n<\/tr>\n<tr>\n<td class=\"white\" style=\"text-align: right;\">10<br>\n13<br>\n16<br>\n20<br>\n25<br>\n30<br>\n36<\/td>\n<td class=\"white\" style=\"text-align: right;\">2000<br>\n2000<br>\n2000<br>\n2000<br>\n2000<br>\n2000<br>\n2000<\/td>\n<td class=\"white\" style=\"text-align: right;\">3000<br>\n4000<br>\n5000<br>\n6150<br>\n8000<br>\n9500<br>\n11300<\/td>\n<td class=\"white\" style=\"text-align: right;\">3660<br>\n4660<br>\n5660<br>\n6810<br>\n8660<br>\n10160<br>\n11960<\/td>\n<td class=\"white\" style=\"text-align: right;\">330<br>\n330<br>\n330<br>\n330<br>\n330<br>\n330<br>\n330<\/td>\n<td class=\"white\" style=\"text-align: right;\">600<\/td>\n<td class=\"white\" style=\"text-align: right;\">2143<br>\n2588<br>\n3044<br>\n3567<br>\n4394<br>\n5133<br>\n5943<\/td>\n<td class=\"white\" style=\"text-align: right;\">2335<br>\n2780<br>\n3237<br>\n3761<br>\n4588<br>\n5328<br>\n6138<\/td>\n<td class=\"white\" style=\"text-align: right;\">2000<br>\n3000<br>\n4000<br>\n5150<br>\n7000<br>\n8500<br>\n10300<\/td>\n<td class=\"white\" style=\"text-align: right;\">200<\/td>\n<td class=\"white\" style=\"text-align: right;\">2000<\/td>\n<td class=\"white\" style=\"text-align: right;\">2200<br>\n3200<br>\n4200<br>\n5350<br>\n7200<br>\n8700<br>\n10500<\/td>\n<td class=\"white\" style=\"text-align: right;\">600<\/td>\n<td class=\"white\" style=\"text-align: right;\"><\/td>\n<td class=\"white\" style=\"text-align: right;\">6<\/td>\n<td class=\"white\" style=\"text-align: right;\">3<\/td>\n<td class=\"white\" style=\"text-align: right;\">6<\/td>\n<td class=\"white\" style=\"text-align: right;\">3<\/td>\n<td class=\"white\" style=\"text-align: right;\">2<br>\n2<br>\n2<br>\n2<br>\n2<br>\n2<br>\n2<\/td>\n<td class=\"white\" style=\"text-align: right;\">1<br>\n&#8211;<br>\n&#8211;<br>\n&#8211;<br>\n&#8211;<br>\n1<br>\n1<\/td>\n<\/tr>\n<tr>\n<td class=\"white\" style=\"text-align: right;\">20<br>\n25<br>\n30<br>\n40<br>\n50<br>\n60<br>\n70<\/td>\n<td class=\"white\" style=\"text-align: right;\">2500<br>\n2500<br>\n2500<br>\n2500<br>\n2500<br>\n2500<br>\n2500<\/td>\n<td class=\"white\" style=\"text-align: right;\">4000<br>\n5000<br>\n6000<br>\n8000<br>\n10000<br>\n12000<br>\n14000<\/td>\n<td class=\"white\" style=\"text-align: right;\">4800<br>\n5800<br>\n6800<br>\n8800<br>\n10800<br>\n12800<br>\n14800<\/td>\n<td class=\"white\" style=\"text-align: right;\">400<br>\n400<br>\n400<br>\n400<br>\n400<br>\n400<br>\n400<\/td>\n<td class=\"white\" style=\"text-align: right;\">600<\/td>\n<td class=\"white\" style=\"text-align: right;\">3838<br>\n4456<br>\n5068<br>\n6373<br>\n7599<br>\n8915<br>\n10136<\/td>\n<td class=\"white\" style=\"text-align: right;\">4653<br>\n5335<br>\n6010<br>\n7442<br>\n8796<br>\n10239<br>\n11586<\/td>\n<td class=\"white\" style=\"text-align: right;\">2750<br>\n3750<br>\n4750<br>\n6750<br>\n8750<br>\n10750<br>\n12750<\/td>\n<td class=\"white\" style=\"text-align: right;\">250<\/td>\n<td class=\"white\" style=\"text-align: right;\">2500<\/td>\n<td class=\"white\" style=\"text-align: right;\">2850<br>\n3850<br>\n4850<br>\n6850<br>\n8850<br>\n10850<br>\n12850<\/td>\n<td class=\"white\" style=\"text-align: right;\">950<\/td>\n<td class=\"white\" style=\"text-align: right;\"><\/td>\n<td class=\"white\" style=\"text-align: right;\">6<\/td>\n<td class=\"white\" style=\"text-align: right;\">4\/5<\/td>\n<td class=\"white\" style=\"text-align: right;\">7<\/td>\n<td class=\"white\" style=\"text-align: right;\">4\/5<\/td>\n<td class=\"white\" style=\"text-align: right;\">2<br>\n2<br>\n2<br>\n2<br>\n2<br>\n4<br>\n4<\/td>\n<td class=\"white\" style=\"text-align: right;\">&#8211;<br>\n&#8211;<br>\n1<br>\n1<br>\n1<br>\n2<br>\n2<\/td>\n<\/tr>\n<tr>\n<td class=\"white\" style=\"text-align: right;\">40<br>\n50<br>\n60<br>\n70<br>\n80<br>\n100<\/td>\n<td class=\"white\" style=\"text-align: right;\">2900<br>\n2900<br>\n2900<br>\n2900<br>\n2900<br>\n2900<\/td>\n<td class=\"white\" style=\"text-align: right;\">6000<br>\n7500<br>\n9000<br>\n10500<br>\n12000<br>\n15000<\/td>\n<td class=\"white\" style=\"text-align: right;\">6900<br>\n8400<br>\n9900<br>\n11400<br>\n12900<br>\n15900<\/td>\n<td class=\"white\" style=\"text-align: right;\">450<br>\n450<br>\n450<br>\n450<br>\n450<br>\n450<\/td>\n<td class=\"white\" style=\"text-align: right;\">600<\/td>\n<td class=\"white\" style=\"text-align: right;\">6722<br>\n7990<br>\n9175<br>\n10347<br>\n11612<br>\n13974<\/td>\n<td class=\"white\" style=\"text-align: right;\">9016<br>\n10504<br>\n11909<br>\n13301<br>\n14786<br>\n17588<\/td>\n<td class=\"white\" style=\"text-align: right;\">4550<br>\n6050<br>\n7550<br>\n9050<br>\n10550<br>\n13550<\/td>\n<td class=\"white\" style=\"text-align: right;\">300<\/td>\n<td class=\"white\" style=\"text-align: right;\">2900<\/td>\n<td class=\"white\" style=\"text-align: right;\">4450<br>\n5950<br>\n7450<br>\n8950<br>\n10450<br>\n13450<\/td>\n<td class=\"white\" style=\"text-align: right;\">1350<\/td>\n<td class=\"white\" style=\"text-align: right;\"><\/td>\n<td class=\"white\" style=\"text-align: right;\">7<\/td>\n<td class=\"white\" style=\"text-align: right;\">4\/5<\/td>\n<td class=\"white\" style=\"text-align: right;\">9<\/td>\n<td class=\"white\" style=\"text-align: right;\">4\/5<\/td>\n<td class=\"white\" style=\"text-align: right;\">2<br>\n2<br>\n2<br>\n4<br>\n4<br>\n4<\/td>\n<td class=\"white\" style=\"text-align: right;\">1<br>\n1<br>\n1<br>\n2<br>\n2<br>\n2<\/td>\n<\/tr>\n<\/tbody>\n<\/table>\n\n\n\n<p>Inne rozmiary zbiornik\u00f3w dost\u0119pne na zapytanie.<\/p>\n","protected":false},"excerpt":{"rendered":"<p>Aboveground tanks double-skinned Purpose: Storage of flammable and non-flammable, materials harmful to the environment with a density to 1,1 kg\/dm3&nbsp;for EN 12285 class A and to 1,9 kg\/dm3&nbsp;for tanksEN 12285 class B and DIN6616. Tank characteristics: Single or multi-chamber tank Working pressure: max 0,5 bar Working temperature: from -20\u00b0C to + 50\u00b0C Outer surface: Abrasive [&hellip;]?<\/p>\n","protected":false},"author":1,"featured_media":0,"parent":17,"menu_order":0,"comment_status":"closed","ping_status":"closed","template":"page-products-with-second-menu.php","meta":{"_acf_changed":false,"ngg_post_thumbnail":0,"footnotes":""},"class_list":["post-173","page","type-page","status-publish","hentry"],"acf":[],"yoast_head":"<!-- This site is optimized with the Yoast SEO plugin v26.1.1 - https:\/\/yoast.com\/wordpress\/plugins\/seo\/ -->\n<title>Aboveground horizontal tanks - CGH Group Sp. z o.o.<\/title>\n<meta name=\"robots\" content=\"index, follow, max-snippet:-1, max-image-preview:large, max-video-preview:-1\" \/>\n<link rel=\"canonical\" href=\"https:\/\/cgh.com.pl\/en\/tanks-for-the-industry\/aboveground-horizontal-tanks\" \/>\n<meta property=\"og:locale\" content=\"en_GB\" \/>\n<meta property=\"og:type\" content=\"article\" \/>\n<meta property=\"og:title\" content=\"Aboveground horizontal tanks - CGH Group Sp. z o.o.\" \/>\n<meta property=\"og:description\" content=\"Aboveground tanks double-skinned Purpose: Storage of flammable and non-flammable, materials harmful to the environment with a density to 1,1 kg\/dm3&nbsp;for EN 12285 class A and to 1,9 kg\/dm3&nbsp;for tanksEN 12285 class B and DIN6616. Tank characteristics: Single or multi-chamber tank Working pressure: max 0,5 bar Working temperature: from -20\u00b0C to + 50\u00b0C Outer surface: Abrasive [&hellip;]?\" \/>\n<meta property=\"og:url\" content=\"https:\/\/cgh.com.pl\/en\/tanks-for-the-industry\/aboveground-horizontal-tanks\" \/>\n<meta property=\"og:site_name\" content=\"CGH Group Sp. z o.o.\" \/>\n<meta property=\"article:publisher\" content=\"https:\/\/www.facebook.com\/cghpolska\" \/>\n<meta property=\"article:modified_time\" content=\"2022-04-21T07:09:20+00:00\" \/>\n<meta property=\"og:image\" content=\"https:\/\/cgh.com.pl\/en\/wp-content\/uploads\/2021\/05\/Horizontal-aboveground-tanks-2-1024x299.png\" \/>\n<meta name=\"twitter:card\" content=\"summary_large_image\" \/>\n<meta name=\"twitter:label1\" content=\"Estimated reading time\" \/>\n\t<meta name=\"twitter:data1\" content=\"1 minute\" \/>\n<script type=\"application\/ld+json\" class=\"yoast-schema-graph\">{\"@context\":\"https:\/\/schema.org\",\"@graph\":[{\"@type\":\"WebPage\",\"@id\":\"https:\/\/cgh.com.pl\/en\/tanks-for-the-industry\/aboveground-horizontal-tanks\",\"url\":\"https:\/\/cgh.com.pl\/en\/tanks-for-the-industry\/aboveground-horizontal-tanks\",\"name\":\"Aboveground horizontal tanks - CGH Group Sp. z o.o.\",\"isPartOf\":{\"@id\":\"https:\/\/cgh.com.pl\/en\/#website\"},\"primaryImageOfPage\":{\"@id\":\"https:\/\/cgh.com.pl\/en\/tanks-for-the-industry\/aboveground-horizontal-tanks#primaryimage\"},\"image\":{\"@id\":\"https:\/\/cgh.com.pl\/en\/tanks-for-the-industry\/aboveground-horizontal-tanks#primaryimage\"},\"thumbnailUrl\":\"https:\/\/cgh.com.pl\/en\/wp-content\/uploads\/2021\/05\/Horizontal-aboveground-tanks-2-1024x299.png\",\"datePublished\":\"2020-12-02T21:31:24+00:00\",\"dateModified\":\"2022-04-21T07:09:20+00:00\",\"breadcrumb\":{\"@id\":\"https:\/\/cgh.com.pl\/en\/tanks-for-the-industry\/aboveground-horizontal-tanks#breadcrumb\"},\"inLanguage\":\"en-GB\",\"potentialAction\":[{\"@type\":\"ReadAction\",\"target\":[\"https:\/\/cgh.com.pl\/en\/tanks-for-the-industry\/aboveground-horizontal-tanks\"]}]},{\"@type\":\"ImageObject\",\"inLanguage\":\"en-GB\",\"@id\":\"https:\/\/cgh.com.pl\/en\/tanks-for-the-industry\/aboveground-horizontal-tanks#primaryimage\",\"url\":\"https:\/\/cgh.com.pl\/en\/wp-content\/uploads\/2021\/05\/Horizontal-aboveground-tanks-2.png\",\"contentUrl\":\"https:\/\/cgh.com.pl\/en\/wp-content\/uploads\/2021\/05\/Horizontal-aboveground-tanks-2.png\",\"width\":1280,\"height\":374,\"caption\":\"Aboveground horizontal tanks\"},{\"@type\":\"BreadcrumbList\",\"@id\":\"https:\/\/cgh.com.pl\/en\/tanks-for-the-industry\/aboveground-horizontal-tanks#breadcrumb\",\"itemListElement\":[{\"@type\":\"ListItem\",\"position\":1,\"name\":\"Strona g\u0142\u00f3wna\",\"item\":\"https:\/\/cgh.com.pl\/en\/\"},{\"@type\":\"ListItem\",\"position\":2,\"name\":\"Tanks for the industry\",\"item\":\"https:\/\/cgh.com.pl\/en\/tanks-for-the-industry\"},{\"@type\":\"ListItem\",\"position\":3,\"name\":\"Aboveground horizontal tanks\"}]},{\"@type\":\"WebSite\",\"@id\":\"https:\/\/cgh.com.pl\/en\/#website\",\"url\":\"https:\/\/cgh.com.pl\/en\/\",\"name\":\"Manufacturer of LPG, industrial, fuel, water, pressure and stainless steel tanks - CGH Group\",\"description\":\"\",\"publisher\":{\"@id\":\"https:\/\/cgh.com.pl\/en\/#organization\"},\"potentialAction\":[{\"@type\":\"SearchAction\",\"target\":{\"@type\":\"EntryPoint\",\"urlTemplate\":\"https:\/\/cgh.com.pl\/en\/?s={search_term_string}\"},\"query-input\":{\"@type\":\"PropertyValueSpecification\",\"valueRequired\":true,\"valueName\":\"search_term_string\"}}],\"inLanguage\":\"en-GB\"},{\"@type\":\"Organization\",\"@id\":\"https:\/\/cgh.com.pl\/en\/#organization\",\"name\":\"CGH Group\",\"url\":\"https:\/\/cgh.com.pl\/en\/\",\"logo\":{\"@type\":\"ImageObject\",\"inLanguage\":\"en-GB\",\"@id\":\"https:\/\/cgh.com.pl\/en\/#\/schema\/logo\/image\/\",\"url\":\"https:\/\/cgh.com.pl\/en\/wp-content\/uploads\/2020\/11\/logoCGH.png\",\"contentUrl\":\"https:\/\/cgh.com.pl\/en\/wp-content\/uploads\/2020\/11\/logoCGH.png\",\"width\":192,\"height\":98,\"caption\":\"CGH Group\"},\"image\":{\"@id\":\"https:\/\/cgh.com.pl\/en\/#\/schema\/logo\/image\/\"},\"sameAs\":[\"https:\/\/www.facebook.com\/cghpolska\"]}]}<\/script>\n<!-- \/ Yoast SEO plugin. -->","yoast_head_json":{"title":"Aboveground horizontal tanks - CGH Group Sp. z o.o.","robots":{"index":"index","follow":"follow","max-snippet":"max-snippet:-1","max-image-preview":"max-image-preview:large","max-video-preview":"max-video-preview:-1"},"canonical":"https:\/\/cgh.com.pl\/en\/tanks-for-the-industry\/aboveground-horizontal-tanks","og_locale":"en_GB","og_type":"article","og_title":"Aboveground horizontal tanks - CGH Group Sp. z o.o.","og_description":"Aboveground tanks double-skinned Purpose: Storage of flammable and non-flammable, materials harmful to the environment with a density to 1,1 kg\/dm3&nbsp;for EN 12285 class A and to 1,9 kg\/dm3&nbsp;for tanksEN 12285 class B and DIN6616. Tank characteristics: Single or multi-chamber tank Working pressure: max 0,5 bar Working temperature: from -20\u00b0C to + 50\u00b0C Outer surface: Abrasive [&hellip;]?","og_url":"https:\/\/cgh.com.pl\/en\/tanks-for-the-industry\/aboveground-horizontal-tanks","og_site_name":"CGH Group Sp. z o.o.","article_publisher":"https:\/\/www.facebook.com\/cghpolska","article_modified_time":"2022-04-21T07:09:20+00:00","og_image":[{"url":"https:\/\/cgh.com.pl\/en\/wp-content\/uploads\/2021\/05\/Horizontal-aboveground-tanks-2-1024x299.png","type":"","width":"","height":""}],"twitter_card":"summary_large_image","twitter_misc":{"Estimated reading time":"1 minute"},"schema":{"@context":"https:\/\/schema.org","@graph":[{"@type":"WebPage","@id":"https:\/\/cgh.com.pl\/en\/tanks-for-the-industry\/aboveground-horizontal-tanks","url":"https:\/\/cgh.com.pl\/en\/tanks-for-the-industry\/aboveground-horizontal-tanks","name":"Aboveground horizontal tanks - CGH Group Sp. z o.o.","isPartOf":{"@id":"https:\/\/cgh.com.pl\/en\/#website"},"primaryImageOfPage":{"@id":"https:\/\/cgh.com.pl\/en\/tanks-for-the-industry\/aboveground-horizontal-tanks#primaryimage"},"image":{"@id":"https:\/\/cgh.com.pl\/en\/tanks-for-the-industry\/aboveground-horizontal-tanks#primaryimage"},"thumbnailUrl":"https:\/\/cgh.com.pl\/en\/wp-content\/uploads\/2021\/05\/Horizontal-aboveground-tanks-2-1024x299.png","datePublished":"2020-12-02T21:31:24+00:00","dateModified":"2022-04-21T07:09:20+00:00","breadcrumb":{"@id":"https:\/\/cgh.com.pl\/en\/tanks-for-the-industry\/aboveground-horizontal-tanks#breadcrumb"},"inLanguage":"en-GB","potentialAction":[{"@type":"ReadAction","target":["https:\/\/cgh.com.pl\/en\/tanks-for-the-industry\/aboveground-horizontal-tanks"]}]},{"@type":"ImageObject","inLanguage":"en-GB","@id":"https:\/\/cgh.com.pl\/en\/tanks-for-the-industry\/aboveground-horizontal-tanks#primaryimage","url":"https:\/\/cgh.com.pl\/en\/wp-content\/uploads\/2021\/05\/Horizontal-aboveground-tanks-2.png","contentUrl":"https:\/\/cgh.com.pl\/en\/wp-content\/uploads\/2021\/05\/Horizontal-aboveground-tanks-2.png","width":1280,"height":374,"caption":"Aboveground horizontal tanks"},{"@type":"BreadcrumbList","@id":"https:\/\/cgh.com.pl\/en\/tanks-for-the-industry\/aboveground-horizontal-tanks#breadcrumb","itemListElement":[{"@type":"ListItem","position":1,"name":"Strona g\u0142\u00f3wna","item":"https:\/\/cgh.com.pl\/en\/"},{"@type":"ListItem","position":2,"name":"Tanks for the industry","item":"https:\/\/cgh.com.pl\/en\/tanks-for-the-industry"},{"@type":"ListItem","position":3,"name":"Aboveground horizontal tanks"}]},{"@type":"WebSite","@id":"https:\/\/cgh.com.pl\/en\/#website","url":"https:\/\/cgh.com.pl\/en\/","name":"Manufacturer of LPG, industrial, fuel, water, pressure and stainless steel tanks - CGH Group","description":"","publisher":{"@id":"https:\/\/cgh.com.pl\/en\/#organization"},"potentialAction":[{"@type":"SearchAction","target":{"@type":"EntryPoint","urlTemplate":"https:\/\/cgh.com.pl\/en\/?s={search_term_string}"},"query-input":{"@type":"PropertyValueSpecification","valueRequired":true,"valueName":"search_term_string"}}],"inLanguage":"en-GB"},{"@type":"Organization","@id":"https:\/\/cgh.com.pl\/en\/#organization","name":"CGH Group","url":"https:\/\/cgh.com.pl\/en\/","logo":{"@type":"ImageObject","inLanguage":"en-GB","@id":"https:\/\/cgh.com.pl\/en\/#\/schema\/logo\/image\/","url":"https:\/\/cgh.com.pl\/en\/wp-content\/uploads\/2020\/11\/logoCGH.png","contentUrl":"https:\/\/cgh.com.pl\/en\/wp-content\/uploads\/2020\/11\/logoCGH.png","width":192,"height":98,"caption":"CGH Group"},"image":{"@id":"https:\/\/cgh.com.pl\/en\/#\/schema\/logo\/image\/"},"sameAs":["https:\/\/www.facebook.com\/cghpolska"]}]}},"_links":{"self":[{"href":"https:\/\/cgh.com.pl\/en\/wp-json\/wp\/v2\/pages\/173","targetHints":{"allow":["GET"]}}],"collection":[{"href":"https:\/\/cgh.com.pl\/en\/wp-json\/wp\/v2\/pages"}],"about":[{"href":"https:\/\/cgh.com.pl\/en\/wp-json\/wp\/v2\/types\/page"}],"author":[{"embeddable":true,"href":"https:\/\/cgh.com.pl\/en\/wp-json\/wp\/v2\/users\/1"}],"replies":[{"embeddable":true,"href":"https:\/\/cgh.com.pl\/en\/wp-json\/wp\/v2\/comments?post=173"}],"version-history":[{"count":7,"href":"https:\/\/cgh.com.pl\/en\/wp-json\/wp\/v2\/pages\/173\/revisions"}],"predecessor-version":[{"id":3944,"href":"https:\/\/cgh.com.pl\/en\/wp-json\/wp\/v2\/pages\/173\/revisions\/3944"}],"up":[{"embeddable":true,"href":"https:\/\/cgh.com.pl\/en\/wp-json\/wp\/v2\/pages\/17"}],"wp:attachment":[{"href":"https:\/\/cgh.com.pl\/en\/wp-json\/wp\/v2\/media?parent=173"}],"curies":[{"name":"wp","href":"https:\/\/api.w.org\/{rel}","templated":true}]}}