{"id":237,"date":"2020-12-03T01:36:41","date_gmt":"2020-12-03T00:36:41","guid":{"rendered":"https:\/\/cgh.com.pl\/en\/?page_id=237"},"modified":"2024-09-11T14:31:50","modified_gmt":"2024-09-11T12:31:50","slug":"tanks-for-ethanol","status":"publish","type":"page","link":"https:\/\/cgh.com.pl\/en\/tanks-for-the-industry\/tanks-for-ethanol","title":{"rendered":"Tanks for ethanol"},"content":{"rendered":"\n<p>Realization example<\/p>\n\n\n\n<ul class=\"wp-block-list\">\n<li>Underground, horizontal, double-wall tanks, made of S235 steel<\/li>\n\n\n\n<li>Capacity: 200 m\u00b3, diameter: 3400 mm<\/li>\n\n\n\n<li>Medium: ethanol<\/li>\n\n\n\n<li>Norm: AD2000<\/li>\n\n\n\n<li>Working pressure: atmospheric<\/li>\n\n\n\n<li>Design temperature: -29 \u00b0C \/ +50 \u00b0C<\/li>\n\n\n\n<li>The tanks are equipped with two DN300 nozzles for the installation agitators<\/li>\n\n\n\n<li>Measures &amp; Weights approved liquid level probes for operation in a customs warehouse<\/li>\n<\/ul>\n\n\n\n<div class=\"photos large\">\n<div class=\"first-zoom-photo\">\n<p style=\"text-align: center; font-size: 10px; margin-bottom:0;\"><img decoding=\"async\" data-src=\"https:\/\/cgh.com.pl\/en\/wp-content\/uploads\/2021\/05\/Ethanol-tanks-0.jpg\" alt=Tanks for ethanol\" src=\"data:image\/svg+xml;base64,PHN2ZyB3aWR0aD0iMSIgaGVpZ2h0PSIxIiB4bWxucz0iaHR0cDovL3d3dy53My5vcmcvMjAwMC9zdmciPjwvc3ZnPg==\" class=\"lazyload\" style=\"--smush-placeholder-width: 799px; --smush-placeholder-aspect-ratio: 799\/533;\"><\/p>\n\n<div><\/div>\n<\/div>\n<div>\n<p style=\"text-align: center; font-size: 10px; margin-bottom:0;\"><img decoding=\"async\" data-src=\"https:\/\/cgh.com.pl\/en\/wp-content\/uploads\/2021\/05\/Ethanol-tanks-1.jpg\" alt=\"Tanks for ethanol\" src=\"data:image\/svg+xml;base64,PHN2ZyB3aWR0aD0iMSIgaGVpZ2h0PSIxIiB4bWxucz0iaHR0cDovL3d3dy53My5vcmcvMjAwMC9zdmciPjwvc3ZnPg==\" class=\"lazyload\" style=\"--smush-placeholder-width: 800px; --smush-placeholder-aspect-ratio: 800\/533;\"><\/p>\n\n<div><\/div>\n<\/div>\n\n<div class=\"pair\">\n<p style=\"text-align: center; font-size: 10px; margin-bottom:0;\"><img decoding=\"async\" data-src=\"https:\/\/cgh.com.pl\/en\/wp-content\/uploads\/2021\/05\/tanks-for-ethanol-2.jpg\" alt=\"Tanks for ethanol\" src=\"data:image\/svg+xml;base64,PHN2ZyB3aWR0aD0iMSIgaGVpZ2h0PSIxIiB4bWxucz0iaHR0cDovL3d3dy53My5vcmcvMjAwMC9zdmciPjwvc3ZnPg==\" class=\"lazyload\" style=\"--smush-placeholder-width: 800px; --smush-placeholder-aspect-ratio: 800\/533;\"><\/p>\n\n<div><\/div>\n<div><\/div>\n<\/div>\n<\/div>\n","protected":false},"excerpt":{"rendered":"<p>Realization example<\/p>\n","protected":false},"author":1,"featured_media":0,"parent":17,"menu_order":0,"comment_status":"closed","ping_status":"closed","template":"page-products.php","meta":{"_acf_changed":false,"ngg_post_thumbnail":0,"footnotes":""},"class_list":["post-237","page","type-page","status-publish","hentry"],"acf":[],"yoast_head":"<!-- This site is optimized with the Yoast SEO plugin v26.1.1 - https:\/\/yoast.com\/wordpress\/plugins\/seo\/ -->\n<title>Tanks for ethanol - CGH Group Sp. z o.o.<\/title>\n<meta name=\"description\" content=\"Zbiorniki na etanol - Zbiornik podziemny, poziomy, dwup\u0142aszczowy, wykonany ze stali S235. Pojemno\u015b\u0107 200 m3, \u015brednica 3400 mm\" \/>\n<meta name=\"robots\" content=\"index, follow, max-snippet:-1, max-image-preview:large, max-video-preview:-1\" \/>\n<link rel=\"canonical\" href=\"https:\/\/cgh.com.pl\/en\/tanks-for-the-industry\/tanks-for-ethanol\" \/>\n<meta property=\"og:locale\" content=\"en_GB\" \/>\n<meta property=\"og:type\" content=\"article\" \/>\n<meta property=\"og:title\" content=\"Tanks for ethanol - CGH Group Sp. z o.o.\" \/>\n<meta property=\"og:description\" content=\"Zbiorniki na etanol - Zbiornik podziemny, poziomy, dwup\u0142aszczowy, wykonany ze stali S235. Pojemno\u015b\u0107 200 m3, \u015brednica 3400 mm\" \/>\n<meta property=\"og:url\" content=\"https:\/\/cgh.com.pl\/en\/tanks-for-the-industry\/tanks-for-ethanol\" \/>\n<meta property=\"og:site_name\" content=\"CGH Group Sp. z o.o.\" \/>\n<meta property=\"article:publisher\" content=\"https:\/\/www.facebook.com\/cghpolska\" \/>\n<meta property=\"article:modified_time\" content=\"2024-09-11T12:31:50+00:00\" \/>\n<meta property=\"og:image\" content=\"https:\/\/cgh.com.pl\/en\/wp-content\/uploads\/2021\/05\/Ethanol-tanks-0.jpg\" \/>\n<meta name=\"twitter:card\" content=\"summary_large_image\" \/>\n<meta name=\"twitter:label1\" content=\"Estimated reading time\" \/>\n\t<meta name=\"twitter:data1\" content=\"1 minute\" \/>\n<script type=\"application\/ld+json\" class=\"yoast-schema-graph\">{\"@context\":\"https:\/\/schema.org\",\"@graph\":[{\"@type\":\"WebPage\",\"@id\":\"https:\/\/cgh.com.pl\/en\/tanks-for-the-industry\/tanks-for-ethanol\",\"url\":\"https:\/\/cgh.com.pl\/en\/tanks-for-the-industry\/tanks-for-ethanol\",\"name\":\"Tanks for ethanol - CGH Group Sp. z o.o.\",\"isPartOf\":{\"@id\":\"https:\/\/cgh.com.pl\/en\/#website\"},\"primaryImageOfPage\":{\"@id\":\"https:\/\/cgh.com.pl\/en\/tanks-for-the-industry\/tanks-for-ethanol#primaryimage\"},\"image\":{\"@id\":\"https:\/\/cgh.com.pl\/en\/tanks-for-the-industry\/tanks-for-ethanol#primaryimage\"},\"thumbnailUrl\":\"https:\/\/cgh.com.pl\/en\/wp-content\/uploads\/2021\/05\/Ethanol-tanks-0.jpg\",\"datePublished\":\"2020-12-03T00:36:41+00:00\",\"dateModified\":\"2024-09-11T12:31:50+00:00\",\"description\":\"Zbiorniki na etanol - Zbiornik podziemny, poziomy, dwup\u0142aszczowy, wykonany ze stali S235. Pojemno\u015b\u0107 200 m3, \u015brednica 3400 mm\",\"breadcrumb\":{\"@id\":\"https:\/\/cgh.com.pl\/en\/tanks-for-the-industry\/tanks-for-ethanol#breadcrumb\"},\"inLanguage\":\"en-GB\",\"potentialAction\":[{\"@type\":\"ReadAction\",\"target\":[\"https:\/\/cgh.com.pl\/en\/tanks-for-the-industry\/tanks-for-ethanol\"]}]},{\"@type\":\"ImageObject\",\"inLanguage\":\"en-GB\",\"@id\":\"https:\/\/cgh.com.pl\/en\/tanks-for-the-industry\/tanks-for-ethanol#primaryimage\",\"url\":\"https:\/\/cgh.com.pl\/en\/wp-content\/uploads\/2021\/05\/Ethanol-tanks-0.jpg\",\"contentUrl\":\"https:\/\/cgh.com.pl\/en\/wp-content\/uploads\/2021\/05\/Ethanol-tanks-0.jpg\",\"width\":799,\"height\":533,\"caption\":\"Tanks for ethanol\"},{\"@type\":\"BreadcrumbList\",\"@id\":\"https:\/\/cgh.com.pl\/en\/tanks-for-the-industry\/tanks-for-ethanol#breadcrumb\",\"itemListElement\":[{\"@type\":\"ListItem\",\"position\":1,\"name\":\"Strona g\u0142\u00f3wna\",\"item\":\"https:\/\/cgh.com.pl\/en\/\"},{\"@type\":\"ListItem\",\"position\":2,\"name\":\"Tanks for the industry\",\"item\":\"https:\/\/cgh.com.pl\/en\/tanks-for-the-industry\"},{\"@type\":\"ListItem\",\"position\":3,\"name\":\"Tanks for ethanol\"}]},{\"@type\":\"WebSite\",\"@id\":\"https:\/\/cgh.com.pl\/en\/#website\",\"url\":\"https:\/\/cgh.com.pl\/en\/\",\"name\":\"Manufacturer of LPG, industrial, fuel, water, pressure and stainless steel tanks - CGH Group\",\"description\":\"\",\"publisher\":{\"@id\":\"https:\/\/cgh.com.pl\/en\/#organization\"},\"potentialAction\":[{\"@type\":\"SearchAction\",\"target\":{\"@type\":\"EntryPoint\",\"urlTemplate\":\"https:\/\/cgh.com.pl\/en\/?s={search_term_string}\"},\"query-input\":{\"@type\":\"PropertyValueSpecification\",\"valueRequired\":true,\"valueName\":\"search_term_string\"}}],\"inLanguage\":\"en-GB\"},{\"@type\":\"Organization\",\"@id\":\"https:\/\/cgh.com.pl\/en\/#organization\",\"name\":\"CGH Group\",\"url\":\"https:\/\/cgh.com.pl\/en\/\",\"logo\":{\"@type\":\"ImageObject\",\"inLanguage\":\"en-GB\",\"@id\":\"https:\/\/cgh.com.pl\/en\/#\/schema\/logo\/image\/\",\"url\":\"https:\/\/cgh.com.pl\/en\/wp-content\/uploads\/2020\/11\/logoCGH.png\",\"contentUrl\":\"https:\/\/cgh.com.pl\/en\/wp-content\/uploads\/2020\/11\/logoCGH.png\",\"width\":192,\"height\":98,\"caption\":\"CGH Group\"},\"image\":{\"@id\":\"https:\/\/cgh.com.pl\/en\/#\/schema\/logo\/image\/\"},\"sameAs\":[\"https:\/\/www.facebook.com\/cghpolska\"]}]}<\/script>\n<!-- \/ Yoast SEO plugin. -->","yoast_head_json":{"title":"Tanks for ethanol - CGH Group Sp. z o.o.","description":"Zbiorniki na etanol - Zbiornik podziemny, poziomy, dwup\u0142aszczowy, wykonany ze stali S235. Pojemno\u015b\u0107 200 m3, \u015brednica 3400 mm","robots":{"index":"index","follow":"follow","max-snippet":"max-snippet:-1","max-image-preview":"max-image-preview:large","max-video-preview":"max-video-preview:-1"},"canonical":"https:\/\/cgh.com.pl\/en\/tanks-for-the-industry\/tanks-for-ethanol","og_locale":"en_GB","og_type":"article","og_title":"Tanks for ethanol - CGH Group Sp. z o.o.","og_description":"Zbiorniki na etanol - Zbiornik podziemny, poziomy, dwup\u0142aszczowy, wykonany ze stali S235. Pojemno\u015b\u0107 200 m3, \u015brednica 3400 mm","og_url":"https:\/\/cgh.com.pl\/en\/tanks-for-the-industry\/tanks-for-ethanol","og_site_name":"CGH Group Sp. z o.o.","article_publisher":"https:\/\/www.facebook.com\/cghpolska","article_modified_time":"2024-09-11T12:31:50+00:00","og_image":[{"url":"https:\/\/cgh.com.pl\/en\/wp-content\/uploads\/2021\/05\/Ethanol-tanks-0.jpg","type":"","width":"","height":""}],"twitter_card":"summary_large_image","twitter_misc":{"Estimated reading time":"1 minute"},"schema":{"@context":"https:\/\/schema.org","@graph":[{"@type":"WebPage","@id":"https:\/\/cgh.com.pl\/en\/tanks-for-the-industry\/tanks-for-ethanol","url":"https:\/\/cgh.com.pl\/en\/tanks-for-the-industry\/tanks-for-ethanol","name":"Tanks for ethanol - CGH Group Sp. z o.o.","isPartOf":{"@id":"https:\/\/cgh.com.pl\/en\/#website"},"primaryImageOfPage":{"@id":"https:\/\/cgh.com.pl\/en\/tanks-for-the-industry\/tanks-for-ethanol#primaryimage"},"image":{"@id":"https:\/\/cgh.com.pl\/en\/tanks-for-the-industry\/tanks-for-ethanol#primaryimage"},"thumbnailUrl":"https:\/\/cgh.com.pl\/en\/wp-content\/uploads\/2021\/05\/Ethanol-tanks-0.jpg","datePublished":"2020-12-03T00:36:41+00:00","dateModified":"2024-09-11T12:31:50+00:00","description":"Zbiorniki na etanol - Zbiornik podziemny, poziomy, dwup\u0142aszczowy, wykonany ze stali S235. Pojemno\u015b\u0107 200 m3, \u015brednica 3400 mm","breadcrumb":{"@id":"https:\/\/cgh.com.pl\/en\/tanks-for-the-industry\/tanks-for-ethanol#breadcrumb"},"inLanguage":"en-GB","potentialAction":[{"@type":"ReadAction","target":["https:\/\/cgh.com.pl\/en\/tanks-for-the-industry\/tanks-for-ethanol"]}]},{"@type":"ImageObject","inLanguage":"en-GB","@id":"https:\/\/cgh.com.pl\/en\/tanks-for-the-industry\/tanks-for-ethanol#primaryimage","url":"https:\/\/cgh.com.pl\/en\/wp-content\/uploads\/2021\/05\/Ethanol-tanks-0.jpg","contentUrl":"https:\/\/cgh.com.pl\/en\/wp-content\/uploads\/2021\/05\/Ethanol-tanks-0.jpg","width":799,"height":533,"caption":"Tanks for ethanol"},{"@type":"BreadcrumbList","@id":"https:\/\/cgh.com.pl\/en\/tanks-for-the-industry\/tanks-for-ethanol#breadcrumb","itemListElement":[{"@type":"ListItem","position":1,"name":"Strona g\u0142\u00f3wna","item":"https:\/\/cgh.com.pl\/en\/"},{"@type":"ListItem","position":2,"name":"Tanks for the industry","item":"https:\/\/cgh.com.pl\/en\/tanks-for-the-industry"},{"@type":"ListItem","position":3,"name":"Tanks for ethanol"}]},{"@type":"WebSite","@id":"https:\/\/cgh.com.pl\/en\/#website","url":"https:\/\/cgh.com.pl\/en\/","name":"Manufacturer of LPG, industrial, fuel, water, pressure and stainless steel tanks - CGH Group","description":"","publisher":{"@id":"https:\/\/cgh.com.pl\/en\/#organization"},"potentialAction":[{"@type":"SearchAction","target":{"@type":"EntryPoint","urlTemplate":"https:\/\/cgh.com.pl\/en\/?s={search_term_string}"},"query-input":{"@type":"PropertyValueSpecification","valueRequired":true,"valueName":"search_term_string"}}],"inLanguage":"en-GB"},{"@type":"Organization","@id":"https:\/\/cgh.com.pl\/en\/#organization","name":"CGH Group","url":"https:\/\/cgh.com.pl\/en\/","logo":{"@type":"ImageObject","inLanguage":"en-GB","@id":"https:\/\/cgh.com.pl\/en\/#\/schema\/logo\/image\/","url":"https:\/\/cgh.com.pl\/en\/wp-content\/uploads\/2020\/11\/logoCGH.png","contentUrl":"https:\/\/cgh.com.pl\/en\/wp-content\/uploads\/2020\/11\/logoCGH.png","width":192,"height":98,"caption":"CGH Group"},"image":{"@id":"https:\/\/cgh.com.pl\/en\/#\/schema\/logo\/image\/"},"sameAs":["https:\/\/www.facebook.com\/cghpolska"]}]}},"_links":{"self":[{"href":"https:\/\/cgh.com.pl\/en\/wp-json\/wp\/v2\/pages\/237","targetHints":{"allow":["GET"]}}],"collection":[{"href":"https:\/\/cgh.com.pl\/en\/wp-json\/wp\/v2\/pages"}],"about":[{"href":"https:\/\/cgh.com.pl\/en\/wp-json\/wp\/v2\/types\/page"}],"author":[{"embeddable":true,"href":"https:\/\/cgh.com.pl\/en\/wp-json\/wp\/v2\/users\/1"}],"replies":[{"embeddable":true,"href":"https:\/\/cgh.com.pl\/en\/wp-json\/wp\/v2\/comments?post=237"}],"version-history":[{"count":3,"href":"https:\/\/cgh.com.pl\/en\/wp-json\/wp\/v2\/pages\/237\/revisions"}],"predecessor-version":[{"id":4874,"href":"https:\/\/cgh.com.pl\/en\/wp-json\/wp\/v2\/pages\/237\/revisions\/4874"}],"up":[{"embeddable":true,"href":"https:\/\/cgh.com.pl\/en\/wp-json\/wp\/v2\/pages\/17"}],"wp:attachment":[{"href":"https:\/\/cgh.com.pl\/en\/wp-json\/wp\/v2\/media?parent=237"}],"curies":[{"name":"wp","href":"https:\/\/api.w.org\/{rel}","templated":true}]}}