{"id":329,"date":"2020-12-06T22:29:43","date_gmt":"2020-12-06T21:29:43","guid":{"rendered":"https:\/\/cgh.com.pl\/en\/?page_id=329"},"modified":"2026-03-10T11:22:40","modified_gmt":"2026-03-10T10:22:40","slug":"news","status":"publish","type":"page","link":"https:\/\/cgh.com.pl\/en\/news","title":{"rendered":"News"},"content":{"rendered":"\n<div class=\"col-sm-12\" style=\"margin-bottom:20px;\"><div class=\"col-sm-12 col-md-3\"><a href=\"https:\/\/cgh.com.pl\/en\/news\/company-name-change-from-cgh-polska-to-cgh-group\"><!--<img decoding=\"async\" data-src=\"https:\/\/cgh.com.pl\/en\/wp-content\/uploads\/2021\/06\/Delivery_to_a_reputable_manufacturer_of_lubricants.jpg\" alt=\"News - Delivery to a reputable manufacturer of lubricants\" style=\"--smush-placeholder-width: 600px; --smush-placeholder-aspect-ratio: 600\/400;width:100%\" src=\"data:image\/svg+xml;base64,PHN2ZyB3aWR0aD0iMSIgaGVpZ2h0PSIxIiB4bWxucz0iaHR0cDovL3d3dy53My5vcmcvMjAwMC9zdmciPjwvc3ZnPg==\" class=\"lazyload\">--><\/a><\/div>\n<div class=\"col-sm-12 col-md-9\"><h3 class=\"news-tit\"><a href=\"https:\/\/cgh.com.pl\/en\/news\/company-name-change-from-cgh-polska-to-cgh-group\">Company name change from CGH Polska to CGH Group<\/a><\/h3>\n<p>02.2026<\/p>\n<p>We would like to inform you that as of February 10, 2026, our company name has changed to CGH Group Sp\u00f3\u0142ka z ograniczon\u0105 odpowiedzialno\u015bci\u0105 (CGH Group Sp. z o.o.).\u2026<\/p>\n<p><a href=\"https:\/\/cgh.com.pl\/en\/news\/company-name-change-from-cgh-polska-to-cgh-groups\">See more&#8230;<\/a><\/p><\/div><\/div>\n\n\n\n<div class=\"col-sm-12\" style=\"margin-bottom:20px;\"><div class=\"col-sm-12 col-md-3\"><a href=\"https:\/\/cgh.com.pl\/en\/news\/delivery-to-a-reputable-manufacturer-of-lubricants\"><img decoding=\"async\" data-src=\"https:\/\/cgh.com.pl\/en\/wp-content\/uploads\/2021\/06\/Delivery_to_a_reputable_manufacturer_of_lubricants.jpg\" alt=\"News - Delivery to a reputable manufacturer of lubricants\" style=\"--smush-placeholder-width: 600px; --smush-placeholder-aspect-ratio: 600\/400;width:100%\" src=\"data:image\/svg+xml;base64,PHN2ZyB3aWR0aD0iMSIgaGVpZ2h0PSIxIiB4bWxucz0iaHR0cDovL3d3dy53My5vcmcvMjAwMC9zdmciPjwvc3ZnPg==\" class=\"lazyload\"><\/a><\/div>\n<div class=\"col-sm-12 col-md-9\"><h3 class=\"news-tit\"><a href=\"https:\/\/cgh.com.pl\/en\/news\/delivery-to-a-reputable-manufacturer-of-lubricants\">Delivery to a reputable manufacturer of lubricants<\/a><\/h3>\n<p>04.2020<\/p>\n<p>In order to develop an existing installation, a customer ordered from us 7 vertical tanks (2 x 40 m\u00b3, 1 x 60 m\u00b3, 3 x 100 m\u00b3 and 1 x 200 m\u00b3). All of them have been adapted for the heating system with pillow plates and clamp on jackets. This type of solution has not been used in our company yet, so it turned out to be an interesting challenge for technical and production departments. Fortunately, we were able to cope with the task and all processes went smoothly\u2026<\/p>\n<p><a href=\"https:\/\/cgh.com.pl\/en\/news\/delivery-to-a-reputable-manufacturer-of-lubricants\">See more&#8230;<\/a><\/p><\/div><\/div>\n\n\n\n<div class=\"col-sm-12\" style=\"margin-bottom:20px;\"><div class=\"col-sm-12 col-md-3\"><a href=\"https:\/\/cgh.com.pl\/en\/news\/tanks-for-ethanol-storage\"><img decoding=\"async\" data-src=\"https:\/\/cgh.com.pl\/en\/wp-content\/uploads\/2021\/06\/Tanks_for_ethanol_storage.jpg\" alt=\"News - Tanks for ethanol storage\" style=\"--smush-placeholder-width: 600px; --smush-placeholder-aspect-ratio: 600\/400;width:100%\" src=\"data:image\/svg+xml;base64,PHN2ZyB3aWR0aD0iMSIgaGVpZ2h0PSIxIiB4bWxucz0iaHR0cDovL3d3dy53My5vcmcvMjAwMC9zdmciPjwvc3ZnPg==\" class=\"lazyload\"><\/a><\/div>\n<div class=\"col-sm-12 col-md-9\"><h3 class=\"news-tit\"><a href=\"https:\/\/cgh.com.pl\/en\/news\/tanks-for-ethanol-storage\">Tanks for ethanol storage<\/a><\/h3>\n<p>04.2020<\/p>\n<p>For the leading ethanol production plant, we have delivered 5 underground, double-skinned tanks, each with a capacity of 200 m3, diameter 3400 mm and length of 23 m. The tanks were equipped with control and meas-uring system compliant with the ATEX directive and fulfilling Customs office requirements (for tax and excise duty). These are the first double-skinned tanks of such a capacity produced by CGH Polska\u2026<\/p>\n<p><a href=\"https:\/\/cgh.com.pl\/en\/news\/tanks-for-ethanol-storage\">See more&#8230;<\/a><\/p><\/div><\/div>\n\n\n\n<div class=\"col-sm-12\" style=\"margin-bottom:20px;\"><div class=\"col-sm-12 col-md-3\"><a href=\"https:\/\/cgh.com.pl\/en\/news\/bridge-for-german-customer\"><img decoding=\"async\" data-src=\"https:\/\/cgh.com.pl\/en\/wp-content\/uploads\/2021\/06\/Bridge_for_German_customer.jpg\" alt=\"News - Bridge for German customer\" style=\"--smush-placeholder-width: 600px; --smush-placeholder-aspect-ratio: 600\/400;width:100%\" src=\"data:image\/svg+xml;base64,PHN2ZyB3aWR0aD0iMSIgaGVpZ2h0PSIxIiB4bWxucz0iaHR0cDovL3d3dy53My5vcmcvMjAwMC9zdmciPjwvc3ZnPg==\" class=\"lazyload\"><\/a><\/div>\n<div class=\"col-sm-12 col-md-9\"><h3 class=\"news-tit\"><a href=\"https:\/\/cgh.com.pl\/en\/news\/bridge-for-german-customer\">Bridge for German customer<\/a><\/h3>\n<p>04.2020<\/p>\n<p>For the third time in our history we have constructed and delivered a bridge.\nOur customer from Germany has premises located at a small river, and the only available parking area for its employees is on the other side of it. So the company decided to connect two banks of the river, for conven-ience of the staff\u2026<\/p>\n<p><a href=\"https:\/\/cgh.com.pl\/en\/news\/bridge-for-german-customer\">See more&#8230;<\/a><\/p><\/div><\/div>\n\n\n\n<div class=\"col-sm-12\" style=\"margin-bottom:20px;\"><div class=\"col-sm-12 col-md-3\"><a href=\"https:\/\/cgh.com.pl\/en\/news\/cgh-polska-leader-of-technical-security\"><img decoding=\"async\" data-src=\"https:\/\/cgh.com.pl\/en\/wp-content\/uploads\/2022\/02\/Leader-of-Technical_Security.jpg\" alt=\"News - CGH Polska \u2013 Leader of Technical Security\" style=\"--smush-placeholder-width: 600px; --smush-placeholder-aspect-ratio: 600\/400;width:100%\" src=\"data:image\/svg+xml;base64,PHN2ZyB3aWR0aD0iMSIgaGVpZ2h0PSIxIiB4bWxucz0iaHR0cDovL3d3dy53My5vcmcvMjAwMC9zdmciPjwvc3ZnPg==\" class=\"lazyload\"><\/a><\/div>\n<div class=\"col-sm-12 col-md-9\"><h3 class=\"news-tit\"><a href=\"https:\/\/cgh.com.pl\/en\/news\/cgh-polska-leader-of-technical-security\">CGH Polska \u2013 Leader of Technical Security<\/a><\/h3>\n<p>09.2019<\/p>\n<p>We are pleased to announce that CGH Polska has been awarded the Leader of Technical Safety ranking by UDT (which is abbreviation for \u201cOffice of Technical Inspection\u201d, a Polish notified body).\nThe main goal of the ranking, named \u201cLeader of Technical Safety\u201d, is to promote the safe use of technical devices. UDT wants to honor companies and institutions that show particular care for the safe operation of equipment\u2026<\/p>\n<p><a href=\"https:\/\/cgh.com.pl\/en\/news\/cgh-polska-leader-of-technical-security\">See more&#8230;<\/a><\/p><\/div>\n<\/div>\n\n\n\n<div class=\"col-sm-12\" style=\"margin-bottom:20px;\"><div class=\"col-sm-12 col-md-3\"><a href=\"https:\/\/cgh.com.pl\/en\/news\/tanks-for-bioenergy-heating-systems\"><img decoding=\"async\" data-src=\"https:\/\/cgh.com.pl\/en\/wp-content\/uploads\/2021\/06\/Tanks_for_bioenergy_heating_systems.jpg\" alt=\"News - Tanks for bioenergy heating systems\" style=\"--smush-placeholder-width: 600px; --smush-placeholder-aspect-ratio: 600\/400;width:100%\" src=\"data:image\/svg+xml;base64,PHN2ZyB3aWR0aD0iMSIgaGVpZ2h0PSIxIiB4bWxucz0iaHR0cDovL3d3dy53My5vcmcvMjAwMC9zdmciPjwvc3ZnPg==\" class=\"lazyload\"><\/a><\/div>\n<div class=\"col-sm-12 col-md-9\"><h3 class=\"news-tit\"><a href=\"https:\/\/cgh.com.pl\/en\/news\/tanks-for-bioenergy-heating-systems\">Tanks for bioenergy heating systems<\/a><\/h3>\n<p>09.2019<\/p>\n<p>CGH Nordic sold and delivered 2 vertical 100 m\u00b3 pressure tanks for accumulation of hot water (temperature of 110\u00b0C and 3 bars pressure). The tanks are insulated with 250 mm insulation.\nOur client is a company building and delivering bioenergy heating systems to the industry in the Nordic countries\u2026<\/p>\n<p><a href=\"https:\/\/cgh.com.pl\/en\/news\/tanks-for-bioenergy-heating-systems\">See more&#8230;<\/a><\/p><\/div>\n<\/div>\n\n\n\n<div class=\"col-sm-12\" style=\"margin-bottom:20px;\"><div class=\"col-sm-12 col-md-3\"><a href=\"https:\/\/cgh.com.pl\/en\/news\/cgh-group-focused-on-aboveground-truck-stations\"><img decoding=\"async\" data-src=\"https:\/\/cgh.com.pl\/en\/wp-content\/uploads\/2021\/06\/CGH-Group_focused_on_aboveground_truck_stations.jpg\" alt=\"News - CGH Group focused on aboveground truck stations\" style=\"--smush-placeholder-width: 600px; --smush-placeholder-aspect-ratio: 600\/400;width:100%\" src=\"data:image\/svg+xml;base64,PHN2ZyB3aWR0aD0iMSIgaGVpZ2h0PSIxIiB4bWxucz0iaHR0cDovL3d3dy53My5vcmcvMjAwMC9zdmciPjwvc3ZnPg==\" class=\"lazyload\"><\/a><\/div>\n<div class=\"col-sm-12 col-md-9\"><h3 class=\"news-tit\">\n<a href=\"https:\/\/cgh.com.pl\/en\/news\/cgh-group-focused-on-aboveground-truck-stations\">CGH Group focused on aboveground truck stations<\/a><\/h3>\n<p>04.2019<\/p>\n<p>There is an increasing focus on flexibility and mobility in the fuel business. As a result, CGH delivers more and more aboveground tanks and turn-key solutions for truck fuelling stations.\nThe advantage of an aboveground tank is that it is easier to move to a new location. Therefore the majority of tanks delivered by us for truck stations are \u201cportable and ready to use\u201d, to make it easy to install, to start up and eventually to move to another site\u2026<\/p>\n<p><a href=\"https:\/\/cgh.com.pl\/en\/news\/cgh-group-focused-on-aboveground-truck-stations\">See more&#8230;<\/a><\/p><\/div><\/div>\n\n\n\n<div class=\"col-sm-12\" style=\"margin-bottom:20px;\"><div class=\"col-sm-12 col-md-3\"><a href=\"https:\/\/cgh.com.pl\/en\/news\/series-of-tanks-for-producer-of-lubricant-oils\"><img decoding=\"async\" data-src=\"https:\/\/cgh.com.pl\/en\/wp-content\/uploads\/2021\/06\/Series-of-tanks-for_producer_of_lubricant-oils.jpg\" alt=\"News - Series of tanks for producer of lubricant oils\" style=\"--smush-placeholder-width: 600px; --smush-placeholder-aspect-ratio: 600\/400;width:100%\" src=\"data:image\/svg+xml;base64,PHN2ZyB3aWR0aD0iMSIgaGVpZ2h0PSIxIiB4bWxucz0iaHR0cDovL3d3dy53My5vcmcvMjAwMC9zdmciPjwvc3ZnPg==\" class=\"lazyload\"><\/a><\/div>\n<div class=\"col-sm-12 col-md-9\"><h3 class=\"news-tit\"><a href=\"https:\/\/cgh.com.pl\/en\/news\/series-of-tanks-for-producer-of-lubricant-oils\">Series of tanks for producer of lubricant oils<\/a><\/h3>\n<p>04.2019<\/p>\n<p>CGH Nordic A\/S delivered the first batch of 49 tanks in total to a company building a new plant for mixing of different lubricant oils.\nThe tanks are in different volumes \u2013 from 15 m3 up to 60 m3 \u2013 and are all vertical. Scope of delivery also includes the complete steel-works with railings, ladders, platforms and stairways for the tanks.\nComplete documentation \u2013 drawings of tanks and platforms \u2013 is done in 3D\u2026<\/p>\n<p><a href=\"https:\/\/cgh.com.pl\/en\/news\/series-of-tanks-for-producer-of-lubricant-oils\">See more&#8230;<\/a><\/p><\/div><\/div>\n","protected":false},"excerpt":{"rendered":"<p>Company name change from CGH Polska to CGH Group 02.2026 We would like to inform you that as of February 10, 2026, our company name has changed to CGH Group Sp\u00f3\u0142ka z ograniczon\u0105 odpowiedzialno\u015bci\u0105 (CGH Group Sp. z o.o.).\u2026 See more&#8230; Delivery to a reputable manufacturer of lubricants 04.2020 In order to develop an existing [&hellip;]?<\/p>\n","protected":false},"author":1,"featured_media":0,"parent":0,"menu_order":0,"comment_status":"closed","ping_status":"closed","template":"page-products.php","meta":{"_acf_changed":false,"ngg_post_thumbnail":0,"footnotes":""},"class_list":["post-329","page","type-page","status-publish","hentry"],"acf":[],"yoast_head":"<!-- This site is optimized with the Yoast SEO plugin v26.1.1 - https:\/\/yoast.com\/wordpress\/plugins\/seo\/ -->\n<title>News - CGH Group Sp. z o.o.<\/title>\n<meta name=\"robots\" content=\"index, follow, max-snippet:-1, max-image-preview:large, max-video-preview:-1\" \/>\n<link rel=\"canonical\" href=\"https:\/\/cgh.com.pl\/en\/news\" \/>\n<meta property=\"og:locale\" content=\"en_GB\" \/>\n<meta property=\"og:type\" content=\"article\" \/>\n<meta property=\"og:title\" content=\"News - CGH Group Sp. z o.o.\" \/>\n<meta property=\"og:description\" content=\"Company name change from CGH Polska to CGH Group 02.2026 We would like to inform you that as of February 10, 2026, our company name has changed to CGH Group Sp\u00f3\u0142ka z ograniczon\u0105 odpowiedzialno\u015bci\u0105 (CGH Group Sp. z o.o.).\u2026 See more&#8230; Delivery to a reputable manufacturer of lubricants 04.2020 In order to develop an existing [&hellip;]?\" \/>\n<meta property=\"og:url\" content=\"https:\/\/cgh.com.pl\/en\/news\" \/>\n<meta property=\"og:site_name\" content=\"CGH Group Sp. z o.o.\" \/>\n<meta property=\"article:publisher\" content=\"https:\/\/www.facebook.com\/cghpolska\" \/>\n<meta property=\"article:modified_time\" content=\"2026-03-10T10:22:40+00:00\" \/>\n<meta property=\"og:image\" content=\"https:\/\/cgh.com.pl\/en\/wp-content\/uploads\/2021\/06\/Delivery_to_a_reputable_manufacturer_of_lubricants.jpg\" \/>\n<meta name=\"twitter:card\" content=\"summary_large_image\" \/>\n<meta name=\"twitter:label1\" content=\"Estimated reading time\" \/>\n\t<meta name=\"twitter:data1\" content=\"4 minutes\" \/>\n<script type=\"application\/ld+json\" class=\"yoast-schema-graph\">{\"@context\":\"https:\/\/schema.org\",\"@graph\":[{\"@type\":\"WebPage\",\"@id\":\"https:\/\/cgh.com.pl\/en\/news\",\"url\":\"https:\/\/cgh.com.pl\/en\/news\",\"name\":\"News - CGH Group Sp. z o.o.\",\"isPartOf\":{\"@id\":\"https:\/\/cgh.com.pl\/en\/#website\"},\"primaryImageOfPage\":{\"@id\":\"https:\/\/cgh.com.pl\/en\/news#primaryimage\"},\"image\":{\"@id\":\"https:\/\/cgh.com.pl\/en\/news#primaryimage\"},\"thumbnailUrl\":\"https:\/\/cgh.com.pl\/en\/wp-content\/uploads\/2021\/06\/Delivery_to_a_reputable_manufacturer_of_lubricants.jpg\",\"datePublished\":\"2020-12-06T21:29:43+00:00\",\"dateModified\":\"2026-03-10T10:22:40+00:00\",\"breadcrumb\":{\"@id\":\"https:\/\/cgh.com.pl\/en\/news#breadcrumb\"},\"inLanguage\":\"en-GB\",\"potentialAction\":[{\"@type\":\"ReadAction\",\"target\":[\"https:\/\/cgh.com.pl\/en\/news\"]}]},{\"@type\":\"ImageObject\",\"inLanguage\":\"en-GB\",\"@id\":\"https:\/\/cgh.com.pl\/en\/news#primaryimage\",\"url\":\"https:\/\/cgh.com.pl\/en\/wp-content\/uploads\/2021\/06\/Delivery_to_a_reputable_manufacturer_of_lubricants.jpg\",\"contentUrl\":\"https:\/\/cgh.com.pl\/en\/wp-content\/uploads\/2021\/06\/Delivery_to_a_reputable_manufacturer_of_lubricants.jpg\",\"width\":600,\"height\":400,\"caption\":\"Delivery to a reputable manufacturer of lubricants\"},{\"@type\":\"BreadcrumbList\",\"@id\":\"https:\/\/cgh.com.pl\/en\/news#breadcrumb\",\"itemListElement\":[{\"@type\":\"ListItem\",\"position\":1,\"name\":\"Strona g\u0142\u00f3wna\",\"item\":\"https:\/\/cgh.com.pl\/en\/\"},{\"@type\":\"ListItem\",\"position\":2,\"name\":\"News\"}]},{\"@type\":\"WebSite\",\"@id\":\"https:\/\/cgh.com.pl\/en\/#website\",\"url\":\"https:\/\/cgh.com.pl\/en\/\",\"name\":\"Manufacturer of LPG, industrial, fuel, water, pressure and stainless steel tanks - CGH Group\",\"description\":\"\",\"publisher\":{\"@id\":\"https:\/\/cgh.com.pl\/en\/#organization\"},\"potentialAction\":[{\"@type\":\"SearchAction\",\"target\":{\"@type\":\"EntryPoint\",\"urlTemplate\":\"https:\/\/cgh.com.pl\/en\/?s={search_term_string}\"},\"query-input\":{\"@type\":\"PropertyValueSpecification\",\"valueRequired\":true,\"valueName\":\"search_term_string\"}}],\"inLanguage\":\"en-GB\"},{\"@type\":\"Organization\",\"@id\":\"https:\/\/cgh.com.pl\/en\/#organization\",\"name\":\"CGH Group\",\"url\":\"https:\/\/cgh.com.pl\/en\/\",\"logo\":{\"@type\":\"ImageObject\",\"inLanguage\":\"en-GB\",\"@id\":\"https:\/\/cgh.com.pl\/en\/#\/schema\/logo\/image\/\",\"url\":\"https:\/\/cgh.com.pl\/en\/wp-content\/uploads\/2020\/11\/logoCGH.png\",\"contentUrl\":\"https:\/\/cgh.com.pl\/en\/wp-content\/uploads\/2020\/11\/logoCGH.png\",\"width\":192,\"height\":98,\"caption\":\"CGH Group\"},\"image\":{\"@id\":\"https:\/\/cgh.com.pl\/en\/#\/schema\/logo\/image\/\"},\"sameAs\":[\"https:\/\/www.facebook.com\/cghpolska\"]}]}<\/script>\n<!-- \/ Yoast SEO plugin. -->","yoast_head_json":{"title":"News - CGH Group Sp. z o.o.","robots":{"index":"index","follow":"follow","max-snippet":"max-snippet:-1","max-image-preview":"max-image-preview:large","max-video-preview":"max-video-preview:-1"},"canonical":"https:\/\/cgh.com.pl\/en\/news","og_locale":"en_GB","og_type":"article","og_title":"News - CGH Group Sp. z o.o.","og_description":"Company name change from CGH Polska to CGH Group 02.2026 We would like to inform you that as of February 10, 2026, our company name has changed to CGH Group Sp\u00f3\u0142ka z ograniczon\u0105 odpowiedzialno\u015bci\u0105 (CGH Group Sp. z o.o.).\u2026 See more&#8230; Delivery to a reputable manufacturer of lubricants 04.2020 In order to develop an existing [&hellip;]?","og_url":"https:\/\/cgh.com.pl\/en\/news","og_site_name":"CGH Group Sp. z o.o.","article_publisher":"https:\/\/www.facebook.com\/cghpolska","article_modified_time":"2026-03-10T10:22:40+00:00","og_image":[{"url":"https:\/\/cgh.com.pl\/en\/wp-content\/uploads\/2021\/06\/Delivery_to_a_reputable_manufacturer_of_lubricants.jpg","type":"","width":"","height":""}],"twitter_card":"summary_large_image","twitter_misc":{"Estimated reading time":"4 minutes"},"schema":{"@context":"https:\/\/schema.org","@graph":[{"@type":"WebPage","@id":"https:\/\/cgh.com.pl\/en\/news","url":"https:\/\/cgh.com.pl\/en\/news","name":"News - CGH Group Sp. z o.o.","isPartOf":{"@id":"https:\/\/cgh.com.pl\/en\/#website"},"primaryImageOfPage":{"@id":"https:\/\/cgh.com.pl\/en\/news#primaryimage"},"image":{"@id":"https:\/\/cgh.com.pl\/en\/news#primaryimage"},"thumbnailUrl":"https:\/\/cgh.com.pl\/en\/wp-content\/uploads\/2021\/06\/Delivery_to_a_reputable_manufacturer_of_lubricants.jpg","datePublished":"2020-12-06T21:29:43+00:00","dateModified":"2026-03-10T10:22:40+00:00","breadcrumb":{"@id":"https:\/\/cgh.com.pl\/en\/news#breadcrumb"},"inLanguage":"en-GB","potentialAction":[{"@type":"ReadAction","target":["https:\/\/cgh.com.pl\/en\/news"]}]},{"@type":"ImageObject","inLanguage":"en-GB","@id":"https:\/\/cgh.com.pl\/en\/news#primaryimage","url":"https:\/\/cgh.com.pl\/en\/wp-content\/uploads\/2021\/06\/Delivery_to_a_reputable_manufacturer_of_lubricants.jpg","contentUrl":"https:\/\/cgh.com.pl\/en\/wp-content\/uploads\/2021\/06\/Delivery_to_a_reputable_manufacturer_of_lubricants.jpg","width":600,"height":400,"caption":"Delivery to a reputable manufacturer of lubricants"},{"@type":"BreadcrumbList","@id":"https:\/\/cgh.com.pl\/en\/news#breadcrumb","itemListElement":[{"@type":"ListItem","position":1,"name":"Strona g\u0142\u00f3wna","item":"https:\/\/cgh.com.pl\/en\/"},{"@type":"ListItem","position":2,"name":"News"}]},{"@type":"WebSite","@id":"https:\/\/cgh.com.pl\/en\/#website","url":"https:\/\/cgh.com.pl\/en\/","name":"Manufacturer of LPG, industrial, fuel, water, pressure and stainless steel tanks - CGH Group","description":"","publisher":{"@id":"https:\/\/cgh.com.pl\/en\/#organization"},"potentialAction":[{"@type":"SearchAction","target":{"@type":"EntryPoint","urlTemplate":"https:\/\/cgh.com.pl\/en\/?s={search_term_string}"},"query-input":{"@type":"PropertyValueSpecification","valueRequired":true,"valueName":"search_term_string"}}],"inLanguage":"en-GB"},{"@type":"Organization","@id":"https:\/\/cgh.com.pl\/en\/#organization","name":"CGH Group","url":"https:\/\/cgh.com.pl\/en\/","logo":{"@type":"ImageObject","inLanguage":"en-GB","@id":"https:\/\/cgh.com.pl\/en\/#\/schema\/logo\/image\/","url":"https:\/\/cgh.com.pl\/en\/wp-content\/uploads\/2020\/11\/logoCGH.png","contentUrl":"https:\/\/cgh.com.pl\/en\/wp-content\/uploads\/2020\/11\/logoCGH.png","width":192,"height":98,"caption":"CGH Group"},"image":{"@id":"https:\/\/cgh.com.pl\/en\/#\/schema\/logo\/image\/"},"sameAs":["https:\/\/www.facebook.com\/cghpolska"]}]}},"_links":{"self":[{"href":"https:\/\/cgh.com.pl\/en\/wp-json\/wp\/v2\/pages\/329","targetHints":{"allow":["GET"]}}],"collection":[{"href":"https:\/\/cgh.com.pl\/en\/wp-json\/wp\/v2\/pages"}],"about":[{"href":"https:\/\/cgh.com.pl\/en\/wp-json\/wp\/v2\/types\/page"}],"author":[{"embeddable":true,"href":"https:\/\/cgh.com.pl\/en\/wp-json\/wp\/v2\/users\/1"}],"replies":[{"embeddable":true,"href":"https:\/\/cgh.com.pl\/en\/wp-json\/wp\/v2\/comments?post=329"}],"version-history":[{"count":21,"href":"https:\/\/cgh.com.pl\/en\/wp-json\/wp\/v2\/pages\/329\/revisions"}],"predecessor-version":[{"id":5043,"href":"https:\/\/cgh.com.pl\/en\/wp-json\/wp\/v2\/pages\/329\/revisions\/5043"}],"wp:attachment":[{"href":"https:\/\/cgh.com.pl\/en\/wp-json\/wp\/v2\/media?parent=329"}],"curies":[{"name":"wp","href":"https:\/\/api.w.org\/{rel}","templated":true}]}}