{"id":438,"date":"2020-12-07T21:56:38","date_gmt":"2020-12-07T20:56:38","guid":{"rendered":"https:\/\/cgh.com.pl\/en\/?page_id=438"},"modified":"2024-09-04T11:22:43","modified_gmt":"2024-09-04T09:22:43","slug":"concrete-shaft-covers","status":"publish","type":"page","link":"https:\/\/cgh.com.pl\/en\/accesories\/tank-sumps-and-street-covers\/concrete-shaft-covers","title":{"rendered":"Concrete shaft covers"},"content":{"rendered":"\n<div class=\"wp-block-columns has-2-columns is-layout-flex wp-container-core-columns-is-layout-9d6595d7 wp-block-columns-is-layout-flex\">\n<div class=\"wp-block-column is-layout-flow wp-block-column-is-layout-flow\"><div class=\"wp-block-image\">\n<figure class=\"aligncenter size-full\"><img decoding=\"async\" width=\"360\" height=\"240\" data-src=\"https:\/\/cgh.com.pl\/en\/wp-content\/uploads\/2022\/02\/street-cover-250-kn-920x920x250-mm.jpeg\" alt=\"Concrete shaft covers\" class=\"wp-image-3201 img-fluid lazyload\" title=\"Concrete shaft covers\" data-srcset=\"https:\/\/cgh.com.pl\/en\/wp-content\/uploads\/2022\/02\/street-cover-250-kn-920x920x250-mm.jpeg 360w, https:\/\/cgh.com.pl\/en\/wp-content\/uploads\/2022\/02\/street-cover-250-kn-920x920x250-mm-300x200.jpeg 300w\" data-sizes=\"(max-width: 360px) 100vw, 360px\" src=\"data:image\/svg+xml;base64,PHN2ZyB3aWR0aD0iMSIgaGVpZ2h0PSIxIiB4bWxucz0iaHR0cDovL3d3dy53My5vcmcvMjAwMC9zdmciPjwvc3ZnPg==\" style=\"--smush-placeholder-width: 360px; --smush-placeholder-aspect-ratio: 360\/240;\" \/><figcaption class=\"wp-element-caption\">Steel cover, type 250 kN 920x920x250 mm<\/figcaption><\/figure><\/div>\n\n\n<div class=\"photos\">\n<div class=\"first-zoom-photo\">\n<p style=\"text-align: center;font-size:10px\"><img decoding=\"async\" data-src=\"https:\/\/cgh.com.pl\/en\/wp-content\/uploads\/2021\/06\/Concrete-shaft-covers-250kN-740x1400x250mm.jpg\" src=\"data:image\/svg+xml;base64,PHN2ZyB3aWR0aD0iMSIgaGVpZ2h0PSIxIiB4bWxucz0iaHR0cDovL3d3dy53My5vcmcvMjAwMC9zdmciPjwvc3ZnPg==\" class=\"lazyload\" style=\"--smush-placeholder-width: 500px; --smush-placeholder-aspect-ratio: 500\/379;\">Steel cover, type 250 kN 740x1400x250 mm<\/p>\n\n<div><\/div>\n<\/div>\n<div>\n\n<p style=\"text-align: center;font-size:10px\"><img decoding=\"async\" data-src=\"https:\/\/cgh.com.pl\/en\/wp-content\/uploads\/2021\/06\/Double-cover-2x740x740mm-400kN.jpg\" src=\"data:image\/svg+xml;base64,PHN2ZyB3aWR0aD0iMSIgaGVpZ2h0PSIxIiB4bWxucz0iaHR0cDovL3d3dy53My5vcmcvMjAwMC9zdmciPjwvc3ZnPg==\" class=\"lazyload\" style=\"--smush-placeholder-width: 500px; --smush-placeholder-aspect-ratio: 500\/379;\">Double cover, 740\u00d7740 mm, 400 kN<\/p>\n<div><\/div>\n<\/div>\n\n<div class=\"pair\">\n\n<p style=\"text-align: center;font-size:10px\"><img decoding=\"async\" data-src=\"https:\/\/cgh.com.pl\/en\/wp-content\/uploads\/2021\/06\/Steel-cover-920x920x250-mm-400-kn.jpg\" src=\"data:image\/svg+xml;base64,PHN2ZyB3aWR0aD0iMSIgaGVpZ2h0PSIxIiB4bWxucz0iaHR0cDovL3d3dy53My5vcmcvMjAwMC9zdmciPjwvc3ZnPg==\" class=\"lazyload\" style=\"--smush-placeholder-width: 500px; --smush-placeholder-aspect-ratio: 500\/379;\">Steel cover, 920x920x250 mm, 400 kN, type M<\/p>\n<div><\/div>\n<div><\/div>\n<\/div>\n<\/div>\n<\/div>\n\n\n\n<div class=\"wp-block-column is-layout-flow wp-block-column-is-layout-flow\">\n<p><strong><strong><strong>Product information<\/strong><\/strong><\/strong><\/p>\n\n\n\n<p>Steel manhole covers shall be used to protect access sumps within\u00a0fuel station traffic areas and other facilities intended for storage and\u00a0distribution of petroleum products. Selection of the right cover category\u00a0is under the facility designer. Vehicles with wheel load \u2264 400 kN are free\u00a0to drive over such covers.<\/p>\n\n\n\n<p><strong><strong>Advantages<\/strong><\/strong><\/p>\n\n\n\n<ul class=\"wp-block-list\">\n<li>Allows for unrestricted traffic flow<\/li>\n\n\n\n<li>Waterproof, protected against rain water<\/li>\n\n\n\n<li>Equipped with a hot dip galvanized steel cover<\/li>\n\n\n\n<li>Outer surface made of corrugated plate eliminates slipping<\/li>\n\n\n\n<li>A concrete anti-slipping kerb<\/li>\n<\/ul>\n\n\n\n<p><strong><strong>Technical details<\/strong><\/strong><\/p>\n\n\n\n<p>A concrete collar should rest along its entire perimeter not less than 150 mm&nbsp;each side, on specially made foundation. Road surfaces within traffic areas&nbsp;with steel access covers placed shall be laid flush with concrete collar edging&nbsp;to ensure smooth water drainage. Access cover itself shall be placed&nbsp;horizontally at the highest point of roadway. Method of setting and fastening&nbsp;concrete collar to the ground should be specified in engineering design and&nbsp;developed individually for specific location.<\/p>\n<\/div>\n<\/div>\n","protected":false},"excerpt":{"rendered":"<p>Steel cover, type 250 kN 740x1400x250 mm Double cover, 740\u00d7740 mm, 400 kN Steel cover, 920x920x250 mm, 400 kN, type M Product information Steel manhole covers shall be used to protect access sumps within\u00a0fuel station traffic areas and other facilities intended for storage and\u00a0distribution of petroleum products. Selection of the right cover category\u00a0is under the [&hellip;]?<\/p>\n","protected":false},"author":1,"featured_media":0,"parent":432,"menu_order":0,"comment_status":"closed","ping_status":"closed","template":"page-products-with-second-menu.php","meta":{"_acf_changed":false,"ngg_post_thumbnail":0,"footnotes":""},"class_list":["post-438","page","type-page","status-publish","hentry"],"acf":[],"yoast_head":"<!-- This site is optimized with the Yoast SEO plugin v26.1.1 - https:\/\/yoast.com\/wordpress\/plugins\/seo\/ -->\n<title>Concrete shaft covers - CGH Group Sp. z o.o.<\/title>\n<meta name=\"description\" content=\"Pokrywy najazdowe betonowe - Wodoszczelna najazdowa pokrywa w\u0142azowa z wie\u0144cem betonowym. szczelnie zabezpieczaj\u0105 przed wodami...\" \/>\n<meta name=\"robots\" content=\"index, follow, max-snippet:-1, max-image-preview:large, max-video-preview:-1\" \/>\n<link rel=\"canonical\" href=\"https:\/\/cgh.com.pl\/en\/accesories\/tank-sumps-and-street-covers\/concrete-shaft-covers\" \/>\n<meta property=\"og:locale\" content=\"en_GB\" \/>\n<meta property=\"og:type\" content=\"article\" \/>\n<meta property=\"og:title\" content=\"Concrete shaft covers - CGH Group Sp. z o.o.\" \/>\n<meta property=\"og:description\" content=\"Pokrywy najazdowe betonowe - Wodoszczelna najazdowa pokrywa w\u0142azowa z wie\u0144cem betonowym. szczelnie zabezpieczaj\u0105 przed wodami...\" \/>\n<meta property=\"og:url\" content=\"https:\/\/cgh.com.pl\/en\/accesories\/tank-sumps-and-street-covers\/concrete-shaft-covers\" \/>\n<meta property=\"og:site_name\" content=\"CGH Group Sp. z o.o.\" \/>\n<meta property=\"article:publisher\" content=\"https:\/\/www.facebook.com\/cghpolska\" \/>\n<meta property=\"article:modified_time\" content=\"2024-09-04T09:22:43+00:00\" \/>\n<meta property=\"og:image\" content=\"https:\/\/cgh.com.pl\/en\/wp-content\/uploads\/2022\/02\/street-cover-250-kn-920x920x250-mm.jpeg\" \/>\n<meta name=\"twitter:card\" content=\"summary_large_image\" \/>\n<meta name=\"twitter:label1\" content=\"Estimated reading time\" \/>\n\t<meta name=\"twitter:data1\" content=\"2 minutes\" \/>\n<script type=\"application\/ld+json\" class=\"yoast-schema-graph\">{\"@context\":\"https:\/\/schema.org\",\"@graph\":[{\"@type\":\"WebPage\",\"@id\":\"https:\/\/cgh.com.pl\/en\/accesories\/tank-sumps-and-street-covers\/concrete-shaft-covers\",\"url\":\"https:\/\/cgh.com.pl\/en\/accesories\/tank-sumps-and-street-covers\/concrete-shaft-covers\",\"name\":\"Concrete shaft covers - CGH Group Sp. z o.o.\",\"isPartOf\":{\"@id\":\"https:\/\/cgh.com.pl\/en\/#website\"},\"primaryImageOfPage\":{\"@id\":\"https:\/\/cgh.com.pl\/en\/accesories\/tank-sumps-and-street-covers\/concrete-shaft-covers#primaryimage\"},\"image\":{\"@id\":\"https:\/\/cgh.com.pl\/en\/accesories\/tank-sumps-and-street-covers\/concrete-shaft-covers#primaryimage\"},\"thumbnailUrl\":\"https:\/\/cgh.com.pl\/en\/wp-content\/uploads\/2022\/02\/street-cover-250-kn-920x920x250-mm.jpeg\",\"datePublished\":\"2020-12-07T20:56:38+00:00\",\"dateModified\":\"2024-09-04T09:22:43+00:00\",\"description\":\"Pokrywy najazdowe betonowe - Wodoszczelna najazdowa pokrywa w\u0142azowa z wie\u0144cem betonowym. szczelnie zabezpieczaj\u0105 przed wodami...\",\"breadcrumb\":{\"@id\":\"https:\/\/cgh.com.pl\/en\/accesories\/tank-sumps-and-street-covers\/concrete-shaft-covers#breadcrumb\"},\"inLanguage\":\"en-GB\",\"potentialAction\":[{\"@type\":\"ReadAction\",\"target\":[\"https:\/\/cgh.com.pl\/en\/accesories\/tank-sumps-and-street-covers\/concrete-shaft-covers\"]}]},{\"@type\":\"ImageObject\",\"inLanguage\":\"en-GB\",\"@id\":\"https:\/\/cgh.com.pl\/en\/accesories\/tank-sumps-and-street-covers\/concrete-shaft-covers#primaryimage\",\"url\":\"https:\/\/cgh.com.pl\/en\/wp-content\/uploads\/2022\/02\/street-cover-250-kn-920x920x250-mm.jpeg\",\"contentUrl\":\"https:\/\/cgh.com.pl\/en\/wp-content\/uploads\/2022\/02\/street-cover-250-kn-920x920x250-mm.jpeg\",\"width\":360,\"height\":240},{\"@type\":\"BreadcrumbList\",\"@id\":\"https:\/\/cgh.com.pl\/en\/accesories\/tank-sumps-and-street-covers\/concrete-shaft-covers#breadcrumb\",\"itemListElement\":[{\"@type\":\"ListItem\",\"position\":1,\"name\":\"Strona g\u0142\u00f3wna\",\"item\":\"https:\/\/cgh.com.pl\/en\/\"},{\"@type\":\"ListItem\",\"position\":2,\"name\":\"Accessories\",\"item\":\"https:\/\/cgh.com.pl\/en\/accesories\"},{\"@type\":\"ListItem\",\"position\":3,\"name\":\"Tank Sumps and street covers\",\"item\":\"https:\/\/cgh.com.pl\/en\/accesories\/tank-sumps-and-street-covers\"},{\"@type\":\"ListItem\",\"position\":4,\"name\":\"Concrete shaft covers\"}]},{\"@type\":\"WebSite\",\"@id\":\"https:\/\/cgh.com.pl\/en\/#website\",\"url\":\"https:\/\/cgh.com.pl\/en\/\",\"name\":\"Manufacturer of LPG, industrial, fuel, water, pressure and stainless steel tanks - CGH Group\",\"description\":\"\",\"publisher\":{\"@id\":\"https:\/\/cgh.com.pl\/en\/#organization\"},\"potentialAction\":[{\"@type\":\"SearchAction\",\"target\":{\"@type\":\"EntryPoint\",\"urlTemplate\":\"https:\/\/cgh.com.pl\/en\/?s={search_term_string}\"},\"query-input\":{\"@type\":\"PropertyValueSpecification\",\"valueRequired\":true,\"valueName\":\"search_term_string\"}}],\"inLanguage\":\"en-GB\"},{\"@type\":\"Organization\",\"@id\":\"https:\/\/cgh.com.pl\/en\/#organization\",\"name\":\"CGH Group\",\"url\":\"https:\/\/cgh.com.pl\/en\/\",\"logo\":{\"@type\":\"ImageObject\",\"inLanguage\":\"en-GB\",\"@id\":\"https:\/\/cgh.com.pl\/en\/#\/schema\/logo\/image\/\",\"url\":\"https:\/\/cgh.com.pl\/en\/wp-content\/uploads\/2020\/11\/logoCGH.png\",\"contentUrl\":\"https:\/\/cgh.com.pl\/en\/wp-content\/uploads\/2020\/11\/logoCGH.png\",\"width\":192,\"height\":98,\"caption\":\"CGH Group\"},\"image\":{\"@id\":\"https:\/\/cgh.com.pl\/en\/#\/schema\/logo\/image\/\"},\"sameAs\":[\"https:\/\/www.facebook.com\/cghpolska\"]}]}<\/script>\n<!-- \/ Yoast SEO plugin. -->","yoast_head_json":{"title":"Concrete shaft covers - CGH Group Sp. z o.o.","description":"Pokrywy najazdowe betonowe - Wodoszczelna najazdowa pokrywa w\u0142azowa z wie\u0144cem betonowym. szczelnie zabezpieczaj\u0105 przed wodami...","robots":{"index":"index","follow":"follow","max-snippet":"max-snippet:-1","max-image-preview":"max-image-preview:large","max-video-preview":"max-video-preview:-1"},"canonical":"https:\/\/cgh.com.pl\/en\/accesories\/tank-sumps-and-street-covers\/concrete-shaft-covers","og_locale":"en_GB","og_type":"article","og_title":"Concrete shaft covers - CGH Group Sp. z o.o.","og_description":"Pokrywy najazdowe betonowe - Wodoszczelna najazdowa pokrywa w\u0142azowa z wie\u0144cem betonowym. szczelnie zabezpieczaj\u0105 przed wodami...","og_url":"https:\/\/cgh.com.pl\/en\/accesories\/tank-sumps-and-street-covers\/concrete-shaft-covers","og_site_name":"CGH Group Sp. z o.o.","article_publisher":"https:\/\/www.facebook.com\/cghpolska","article_modified_time":"2024-09-04T09:22:43+00:00","og_image":[{"url":"https:\/\/cgh.com.pl\/en\/wp-content\/uploads\/2022\/02\/street-cover-250-kn-920x920x250-mm.jpeg","type":"","width":"","height":""}],"twitter_card":"summary_large_image","twitter_misc":{"Estimated reading time":"2 minutes"},"schema":{"@context":"https:\/\/schema.org","@graph":[{"@type":"WebPage","@id":"https:\/\/cgh.com.pl\/en\/accesories\/tank-sumps-and-street-covers\/concrete-shaft-covers","url":"https:\/\/cgh.com.pl\/en\/accesories\/tank-sumps-and-street-covers\/concrete-shaft-covers","name":"Concrete shaft covers - CGH Group Sp. z o.o.","isPartOf":{"@id":"https:\/\/cgh.com.pl\/en\/#website"},"primaryImageOfPage":{"@id":"https:\/\/cgh.com.pl\/en\/accesories\/tank-sumps-and-street-covers\/concrete-shaft-covers#primaryimage"},"image":{"@id":"https:\/\/cgh.com.pl\/en\/accesories\/tank-sumps-and-street-covers\/concrete-shaft-covers#primaryimage"},"thumbnailUrl":"https:\/\/cgh.com.pl\/en\/wp-content\/uploads\/2022\/02\/street-cover-250-kn-920x920x250-mm.jpeg","datePublished":"2020-12-07T20:56:38+00:00","dateModified":"2024-09-04T09:22:43+00:00","description":"Pokrywy najazdowe betonowe - Wodoszczelna najazdowa pokrywa w\u0142azowa z wie\u0144cem betonowym. szczelnie zabezpieczaj\u0105 przed wodami...","breadcrumb":{"@id":"https:\/\/cgh.com.pl\/en\/accesories\/tank-sumps-and-street-covers\/concrete-shaft-covers#breadcrumb"},"inLanguage":"en-GB","potentialAction":[{"@type":"ReadAction","target":["https:\/\/cgh.com.pl\/en\/accesories\/tank-sumps-and-street-covers\/concrete-shaft-covers"]}]},{"@type":"ImageObject","inLanguage":"en-GB","@id":"https:\/\/cgh.com.pl\/en\/accesories\/tank-sumps-and-street-covers\/concrete-shaft-covers#primaryimage","url":"https:\/\/cgh.com.pl\/en\/wp-content\/uploads\/2022\/02\/street-cover-250-kn-920x920x250-mm.jpeg","contentUrl":"https:\/\/cgh.com.pl\/en\/wp-content\/uploads\/2022\/02\/street-cover-250-kn-920x920x250-mm.jpeg","width":360,"height":240},{"@type":"BreadcrumbList","@id":"https:\/\/cgh.com.pl\/en\/accesories\/tank-sumps-and-street-covers\/concrete-shaft-covers#breadcrumb","itemListElement":[{"@type":"ListItem","position":1,"name":"Strona g\u0142\u00f3wna","item":"https:\/\/cgh.com.pl\/en\/"},{"@type":"ListItem","position":2,"name":"Accessories","item":"https:\/\/cgh.com.pl\/en\/accesories"},{"@type":"ListItem","position":3,"name":"Tank Sumps and street covers","item":"https:\/\/cgh.com.pl\/en\/accesories\/tank-sumps-and-street-covers"},{"@type":"ListItem","position":4,"name":"Concrete shaft covers"}]},{"@type":"WebSite","@id":"https:\/\/cgh.com.pl\/en\/#website","url":"https:\/\/cgh.com.pl\/en\/","name":"Manufacturer of LPG, industrial, fuel, water, pressure and stainless steel tanks - CGH Group","description":"","publisher":{"@id":"https:\/\/cgh.com.pl\/en\/#organization"},"potentialAction":[{"@type":"SearchAction","target":{"@type":"EntryPoint","urlTemplate":"https:\/\/cgh.com.pl\/en\/?s={search_term_string}"},"query-input":{"@type":"PropertyValueSpecification","valueRequired":true,"valueName":"search_term_string"}}],"inLanguage":"en-GB"},{"@type":"Organization","@id":"https:\/\/cgh.com.pl\/en\/#organization","name":"CGH Group","url":"https:\/\/cgh.com.pl\/en\/","logo":{"@type":"ImageObject","inLanguage":"en-GB","@id":"https:\/\/cgh.com.pl\/en\/#\/schema\/logo\/image\/","url":"https:\/\/cgh.com.pl\/en\/wp-content\/uploads\/2020\/11\/logoCGH.png","contentUrl":"https:\/\/cgh.com.pl\/en\/wp-content\/uploads\/2020\/11\/logoCGH.png","width":192,"height":98,"caption":"CGH Group"},"image":{"@id":"https:\/\/cgh.com.pl\/en\/#\/schema\/logo\/image\/"},"sameAs":["https:\/\/www.facebook.com\/cghpolska"]}]}},"_links":{"self":[{"href":"https:\/\/cgh.com.pl\/en\/wp-json\/wp\/v2\/pages\/438","targetHints":{"allow":["GET"]}}],"collection":[{"href":"https:\/\/cgh.com.pl\/en\/wp-json\/wp\/v2\/pages"}],"about":[{"href":"https:\/\/cgh.com.pl\/en\/wp-json\/wp\/v2\/types\/page"}],"author":[{"embeddable":true,"href":"https:\/\/cgh.com.pl\/en\/wp-json\/wp\/v2\/users\/1"}],"replies":[{"embeddable":true,"href":"https:\/\/cgh.com.pl\/en\/wp-json\/wp\/v2\/comments?post=438"}],"version-history":[{"count":8,"href":"https:\/\/cgh.com.pl\/en\/wp-json\/wp\/v2\/pages\/438\/revisions"}],"predecessor-version":[{"id":4757,"href":"https:\/\/cgh.com.pl\/en\/wp-json\/wp\/v2\/pages\/438\/revisions\/4757"}],"up":[{"embeddable":true,"href":"https:\/\/cgh.com.pl\/en\/wp-json\/wp\/v2\/pages\/432"}],"wp:attachment":[{"href":"https:\/\/cgh.com.pl\/en\/wp-json\/wp\/v2\/media?parent=438"}],"curies":[{"name":"wp","href":"https:\/\/api.w.org\/{rel}","templated":true}]}}