{"id":451,"date":"2020-12-07T22:10:32","date_gmt":"2020-12-07T21:10:32","guid":{"rendered":"https:\/\/cgh.com.pl\/en\/?page_id=451"},"modified":"2024-09-04T11:28:41","modified_gmt":"2024-09-04T09:28:41","slug":"tb-sumps-for-green-area","status":"publish","type":"page","link":"https:\/\/cgh.com.pl\/en\/accesories\/steel-tank-sumps-for-green-area\/tb-sumps-for-green-area","title":{"rendered":"TB sumps for green area"},"content":{"rendered":"\n<div class=\"wp-block-columns has-2-columns is-layout-flex wp-container-core-columns-is-layout-9d6595d7 wp-block-columns-is-layout-flex\">\n<div class=\"wp-block-column is-layout-flow wp-block-column-is-layout-flow\"><div class=\"wp-block-image\">\n<figure class=\"aligncenter is-resized\"><img decoding=\"async\" width=\"862\" height=\"1024\" data-src=\"https:\/\/cgh.com.pl\/en\/wp-content\/uploads\/2021\/06\/tb1-surface-sump-862x1024.jpg\" alt=\"TB sumps for green area\" class=\"wp-image-1776 img-fluid lazyload\" style=\"--smush-placeholder-width: 862px; --smush-placeholder-aspect-ratio: 862\/1024;width:252px;height:300px\" title=\"TB sumps for green area\" data-srcset=\"https:\/\/cgh.com.pl\/en\/wp-content\/uploads\/2021\/06\/tb1-surface-sump-862x1024.jpg 862w, https:\/\/cgh.com.pl\/en\/wp-content\/uploads\/2021\/06\/tb1-surface-sump-252x300.jpg 252w, https:\/\/cgh.com.pl\/en\/wp-content\/uploads\/2021\/06\/tb1-surface-sump-768x913.jpg 768w, https:\/\/cgh.com.pl\/en\/wp-content\/uploads\/2021\/06\/tb1-surface-sump.jpg 945w\" data-sizes=\"(max-width: 862px) 100vw, 862px\" src=\"data:image\/svg+xml;base64,PHN2ZyB3aWR0aD0iMSIgaGVpZ2h0PSIxIiB4bWxucz0iaHR0cDovL3d3dy53My5vcmcvMjAwMC9zdmciPjwvc3ZnPg==\" \/><figcaption class=\"wp-element-caption\">TB1 surface sump<\/figcaption><\/figure><\/div>\n\n\n<div class=\"photos\">\n<div class=\"first-zoom-photo\"><img decoding=\"async\" data-src=\"https:\/\/cgh.com.pl\/en\/wp-content\/uploads\/2021\/02\/tank-sumps-for-green-area-tb2.jpg\" src=\"data:image\/svg+xml;base64,PHN2ZyB3aWR0aD0iMSIgaGVpZ2h0PSIxIiB4bWxucz0iaHR0cDovL3d3dy53My5vcmcvMjAwMC9zdmciPjwvc3ZnPg==\" class=\"lazyload\" style=\"--smush-placeholder-width: 360px; --smush-placeholder-aspect-ratio: 360\/240;\">Sump for green area type TB2<div><\/div>\n<\/div>\n<div class=\"pair\"><img decoding=\"async\" data-src=\"https:\/\/cgh.com.pl\/en\/wp-content\/uploads\/2021\/06\/tb3-surface-sump.jpg\" src=\"data:image\/svg+xml;base64,PHN2ZyB3aWR0aD0iMSIgaGVpZ2h0PSIxIiB4bWxucz0iaHR0cDovL3d3dy53My5vcmcvMjAwMC9zdmciPjwvc3ZnPg==\" class=\"lazyload\" style=\"--smush-placeholder-width: 945px; --smush-placeholder-aspect-ratio: 945\/949;\">Sump for green area type TB3<div><\/div>\n<div><\/div>\n<\/div>\n<\/div>\n<\/div>\n\n\n\n<div class=\"wp-block-column is-layout-flow wp-block-column-is-layout-flow\">\n<p><strong><strong><strong>Product information<\/strong><\/strong><\/strong><\/p>\n\n\n\n<p><strong>Sumps for Green Area<\/strong><\/p>\n\n\n\n<p>TB type sumps for green area provide access to manholes of an underground tank located within a green belt.<\/p>\n\n\n\n<p>They can be easily and quickly mounted on a tank by screwing them with bolts to the tank coaming.<\/p>\n\n\n\n<p>Available with different corrosion protection systems of the steel body, e.g. polyurethane coated, primer coated or hot-dip galvanised.<\/p>\n\n\n\n<p>There are two types of covers available: aluminium and galvanised steel.<\/p>\n\n\n\n<p>For use on tanks with a square and rectangular coaming.<\/p>\n\n\n<div class=\"wp-block-image\">\n<figure class=\"alignleft\"><img decoding=\"async\" data-src=\"https:\/\/cgh.com.pl\/wp-content\/uploads\/2020\/04\/good.png\" alt=\"good\" class=\"wp-image-2828 img-fluid lazyload\" src=\"data:image\/svg+xml;base64,PHN2ZyB3aWR0aD0iMSIgaGVpZ2h0PSIxIiB4bWxucz0iaHR0cDovL3d3dy53My5vcmcvMjAwMC9zdmciPjwvc3ZnPg==\" \/><\/figure><\/div>\n\n\n<p><strong><strong><strong>Advantages<\/strong><\/strong><\/strong><\/p>\n\n\n\n<ul class=\"wp-block-list\">\n<li>Providing access to manholes of an underground tank<\/li>\n\n\n\n<li>Polyurethane coated, primer coated or galvanized<\/li>\n\n\n\n<li>Various cover materials: hot-dip galvanised steel<\/li>\n\n\n\n<li>Anti-slip cover surface \u2013 checker plate<\/li>\n<\/ul>\n\n\n<div class=\"wp-block-image\">\n<figure class=\"alignleft\"><img decoding=\"async\" data-src=\"https:\/\/cgh.com.pl\/wp-content\/uploads\/2020\/04\/advantage.png\" alt=\"advantage\" class=\"wp-image-2827 img-fluid lazyload\" src=\"data:image\/svg+xml;base64,PHN2ZyB3aWR0aD0iMSIgaGVpZ2h0PSIxIiB4bWxucz0iaHR0cDovL3d3dy53My5vcmcvMjAwMC9zdmciPjwvc3ZnPg==\" \/><\/figure><\/div>\n\n\n<p><strong><strong><strong>Technical information<\/strong><\/strong><\/strong><\/p>\n\n\n\n<ul class=\"wp-block-list\">\n<li>TB1 sump for green area<br>1200\u00d71200, h=1100 with an internal hole of 780\u00d7780 and a cover of 860\u00d7860 (7KN)<\/li>\n\n\n\n<li>TB2 sump for green area<br>1200\u00d71200, h=1100 with an internal hole of 1000\u00d71000 and a cover of 1080\u00d71080 (7KN)<\/li>\n\n\n\n<li>TB3 sump for green area<br>1200\u00d72400, h=1100 with internal holes of 1000\u00d71000 and covers of 1080\u00d71080 (7KN)<\/li>\n<\/ul>\n<\/div>\n<\/div>\n\n\n\n<p><\/p>\n","protected":false},"excerpt":{"rendered":"<p>Sump for green area type TB2 Sump for green area type TB3 Product information Sumps for Green Area TB type sumps for green area provide access to manholes of an underground tank located within a green belt. They can be easily and quickly mounted on a tank by screwing them with bolts to the tank [&hellip;]?<\/p>\n","protected":false},"author":1,"featured_media":0,"parent":442,"menu_order":0,"comment_status":"closed","ping_status":"closed","template":"page-products-with-second-menu.php","meta":{"_acf_changed":false,"ngg_post_thumbnail":0,"footnotes":""},"class_list":["post-451","page","type-page","status-publish","hentry"],"acf":[],"yoast_head":"<!-- This site is optimized with the Yoast SEO plugin v26.1.1 - https:\/\/yoast.com\/wordpress\/plugins\/seo\/ -->\n<title>TB sumps for green area - CGH Group Sp. z o.o.<\/title>\n<meta name=\"robots\" content=\"index, follow, max-snippet:-1, max-image-preview:large, max-video-preview:-1\" \/>\n<link rel=\"canonical\" href=\"https:\/\/cgh.com.pl\/en\/accesories\/steel-tank-sumps-for-green-area\/tb-sumps-for-green-area\" \/>\n<meta property=\"og:locale\" content=\"en_GB\" \/>\n<meta property=\"og:type\" content=\"article\" \/>\n<meta property=\"og:title\" content=\"TB sumps for green area - CGH Group Sp. z o.o.\" \/>\n<meta property=\"og:description\" content=\"Sump for green area type TB2 Sump for green area type TB3 Product information Sumps for Green Area TB type sumps for green area provide access to manholes of an underground tank located within a green belt. They can be easily and quickly mounted on a tank by screwing them with bolts to the tank [&hellip;]?\" \/>\n<meta property=\"og:url\" content=\"https:\/\/cgh.com.pl\/en\/accesories\/steel-tank-sumps-for-green-area\/tb-sumps-for-green-area\" \/>\n<meta property=\"og:site_name\" content=\"CGH Group Sp. z o.o.\" \/>\n<meta property=\"article:publisher\" content=\"https:\/\/www.facebook.com\/cghpolska\" \/>\n<meta property=\"article:modified_time\" content=\"2024-09-04T09:28:41+00:00\" \/>\n<meta property=\"og:image\" content=\"https:\/\/cgh.com.pl\/en\/wp-content\/uploads\/2021\/06\/tb1-surface-sump-862x1024.jpg\" \/>\n<meta name=\"twitter:card\" content=\"summary_large_image\" \/>\n<meta name=\"twitter:label1\" content=\"Estimated reading time\" \/>\n\t<meta name=\"twitter:data1\" content=\"2 minutes\" \/>\n<script type=\"application\/ld+json\" class=\"yoast-schema-graph\">{\"@context\":\"https:\/\/schema.org\",\"@graph\":[{\"@type\":\"WebPage\",\"@id\":\"https:\/\/cgh.com.pl\/en\/accesories\/steel-tank-sumps-for-green-area\/tb-sumps-for-green-area\",\"url\":\"https:\/\/cgh.com.pl\/en\/accesories\/steel-tank-sumps-for-green-area\/tb-sumps-for-green-area\",\"name\":\"TB sumps for green area - CGH Group Sp. z o.o.\",\"isPartOf\":{\"@id\":\"https:\/\/cgh.com.pl\/en\/#website\"},\"primaryImageOfPage\":{\"@id\":\"https:\/\/cgh.com.pl\/en\/accesories\/steel-tank-sumps-for-green-area\/tb-sumps-for-green-area#primaryimage\"},\"image\":{\"@id\":\"https:\/\/cgh.com.pl\/en\/accesories\/steel-tank-sumps-for-green-area\/tb-sumps-for-green-area#primaryimage\"},\"thumbnailUrl\":\"https:\/\/cgh.com.pl\/en\/wp-content\/uploads\/2021\/06\/tb1-surface-sump-862x1024.jpg\",\"datePublished\":\"2020-12-07T21:10:32+00:00\",\"dateModified\":\"2024-09-04T09:28:41+00:00\",\"breadcrumb\":{\"@id\":\"https:\/\/cgh.com.pl\/en\/accesories\/steel-tank-sumps-for-green-area\/tb-sumps-for-green-area#breadcrumb\"},\"inLanguage\":\"en-GB\",\"potentialAction\":[{\"@type\":\"ReadAction\",\"target\":[\"https:\/\/cgh.com.pl\/en\/accesories\/steel-tank-sumps-for-green-area\/tb-sumps-for-green-area\"]}]},{\"@type\":\"ImageObject\",\"inLanguage\":\"en-GB\",\"@id\":\"https:\/\/cgh.com.pl\/en\/accesories\/steel-tank-sumps-for-green-area\/tb-sumps-for-green-area#primaryimage\",\"url\":\"https:\/\/cgh.com.pl\/en\/wp-content\/uploads\/2021\/06\/tb1-surface-sump.jpg\",\"contentUrl\":\"https:\/\/cgh.com.pl\/en\/wp-content\/uploads\/2021\/06\/tb1-surface-sump.jpg\",\"width\":945,\"height\":1123,\"caption\":\"TB1 surface sump\"},{\"@type\":\"BreadcrumbList\",\"@id\":\"https:\/\/cgh.com.pl\/en\/accesories\/steel-tank-sumps-for-green-area\/tb-sumps-for-green-area#breadcrumb\",\"itemListElement\":[{\"@type\":\"ListItem\",\"position\":1,\"name\":\"Strona g\u0142\u00f3wna\",\"item\":\"https:\/\/cgh.com.pl\/en\/\"},{\"@type\":\"ListItem\",\"position\":2,\"name\":\"Accessories\",\"item\":\"https:\/\/cgh.com.pl\/en\/accesories\"},{\"@type\":\"ListItem\",\"position\":3,\"name\":\"Steel tank sumps for green area\",\"item\":\"https:\/\/cgh.com.pl\/en\/accesories\/steel-tank-sumps-for-green-area\"},{\"@type\":\"ListItem\",\"position\":4,\"name\":\"TB sumps for green area\"}]},{\"@type\":\"WebSite\",\"@id\":\"https:\/\/cgh.com.pl\/en\/#website\",\"url\":\"https:\/\/cgh.com.pl\/en\/\",\"name\":\"Manufacturer of LPG, industrial, fuel, water, pressure and stainless steel tanks - CGH Group\",\"description\":\"\",\"publisher\":{\"@id\":\"https:\/\/cgh.com.pl\/en\/#organization\"},\"potentialAction\":[{\"@type\":\"SearchAction\",\"target\":{\"@type\":\"EntryPoint\",\"urlTemplate\":\"https:\/\/cgh.com.pl\/en\/?s={search_term_string}\"},\"query-input\":{\"@type\":\"PropertyValueSpecification\",\"valueRequired\":true,\"valueName\":\"search_term_string\"}}],\"inLanguage\":\"en-GB\"},{\"@type\":\"Organization\",\"@id\":\"https:\/\/cgh.com.pl\/en\/#organization\",\"name\":\"CGH Group\",\"url\":\"https:\/\/cgh.com.pl\/en\/\",\"logo\":{\"@type\":\"ImageObject\",\"inLanguage\":\"en-GB\",\"@id\":\"https:\/\/cgh.com.pl\/en\/#\/schema\/logo\/image\/\",\"url\":\"https:\/\/cgh.com.pl\/en\/wp-content\/uploads\/2020\/11\/logoCGH.png\",\"contentUrl\":\"https:\/\/cgh.com.pl\/en\/wp-content\/uploads\/2020\/11\/logoCGH.png\",\"width\":192,\"height\":98,\"caption\":\"CGH Group\"},\"image\":{\"@id\":\"https:\/\/cgh.com.pl\/en\/#\/schema\/logo\/image\/\"},\"sameAs\":[\"https:\/\/www.facebook.com\/cghpolska\"]}]}<\/script>\n<!-- \/ Yoast SEO plugin. -->","yoast_head_json":{"title":"TB sumps for green area - CGH Group Sp. z o.o.","robots":{"index":"index","follow":"follow","max-snippet":"max-snippet:-1","max-image-preview":"max-image-preview:large","max-video-preview":"max-video-preview:-1"},"canonical":"https:\/\/cgh.com.pl\/en\/accesories\/steel-tank-sumps-for-green-area\/tb-sumps-for-green-area","og_locale":"en_GB","og_type":"article","og_title":"TB sumps for green area - CGH Group Sp. z o.o.","og_description":"Sump for green area type TB2 Sump for green area type TB3 Product information Sumps for Green Area TB type sumps for green area provide access to manholes of an underground tank located within a green belt. They can be easily and quickly mounted on a tank by screwing them with bolts to the tank [&hellip;]?","og_url":"https:\/\/cgh.com.pl\/en\/accesories\/steel-tank-sumps-for-green-area\/tb-sumps-for-green-area","og_site_name":"CGH Group Sp. z o.o.","article_publisher":"https:\/\/www.facebook.com\/cghpolska","article_modified_time":"2024-09-04T09:28:41+00:00","og_image":[{"url":"https:\/\/cgh.com.pl\/en\/wp-content\/uploads\/2021\/06\/tb1-surface-sump-862x1024.jpg","type":"","width":"","height":""}],"twitter_card":"summary_large_image","twitter_misc":{"Estimated reading time":"2 minutes"},"schema":{"@context":"https:\/\/schema.org","@graph":[{"@type":"WebPage","@id":"https:\/\/cgh.com.pl\/en\/accesories\/steel-tank-sumps-for-green-area\/tb-sumps-for-green-area","url":"https:\/\/cgh.com.pl\/en\/accesories\/steel-tank-sumps-for-green-area\/tb-sumps-for-green-area","name":"TB sumps for green area - CGH Group Sp. z o.o.","isPartOf":{"@id":"https:\/\/cgh.com.pl\/en\/#website"},"primaryImageOfPage":{"@id":"https:\/\/cgh.com.pl\/en\/accesories\/steel-tank-sumps-for-green-area\/tb-sumps-for-green-area#primaryimage"},"image":{"@id":"https:\/\/cgh.com.pl\/en\/accesories\/steel-tank-sumps-for-green-area\/tb-sumps-for-green-area#primaryimage"},"thumbnailUrl":"https:\/\/cgh.com.pl\/en\/wp-content\/uploads\/2021\/06\/tb1-surface-sump-862x1024.jpg","datePublished":"2020-12-07T21:10:32+00:00","dateModified":"2024-09-04T09:28:41+00:00","breadcrumb":{"@id":"https:\/\/cgh.com.pl\/en\/accesories\/steel-tank-sumps-for-green-area\/tb-sumps-for-green-area#breadcrumb"},"inLanguage":"en-GB","potentialAction":[{"@type":"ReadAction","target":["https:\/\/cgh.com.pl\/en\/accesories\/steel-tank-sumps-for-green-area\/tb-sumps-for-green-area"]}]},{"@type":"ImageObject","inLanguage":"en-GB","@id":"https:\/\/cgh.com.pl\/en\/accesories\/steel-tank-sumps-for-green-area\/tb-sumps-for-green-area#primaryimage","url":"https:\/\/cgh.com.pl\/en\/wp-content\/uploads\/2021\/06\/tb1-surface-sump.jpg","contentUrl":"https:\/\/cgh.com.pl\/en\/wp-content\/uploads\/2021\/06\/tb1-surface-sump.jpg","width":945,"height":1123,"caption":"TB1 surface sump"},{"@type":"BreadcrumbList","@id":"https:\/\/cgh.com.pl\/en\/accesories\/steel-tank-sumps-for-green-area\/tb-sumps-for-green-area#breadcrumb","itemListElement":[{"@type":"ListItem","position":1,"name":"Strona g\u0142\u00f3wna","item":"https:\/\/cgh.com.pl\/en\/"},{"@type":"ListItem","position":2,"name":"Accessories","item":"https:\/\/cgh.com.pl\/en\/accesories"},{"@type":"ListItem","position":3,"name":"Steel tank sumps for green area","item":"https:\/\/cgh.com.pl\/en\/accesories\/steel-tank-sumps-for-green-area"},{"@type":"ListItem","position":4,"name":"TB sumps for green area"}]},{"@type":"WebSite","@id":"https:\/\/cgh.com.pl\/en\/#website","url":"https:\/\/cgh.com.pl\/en\/","name":"Manufacturer of LPG, industrial, fuel, water, pressure and stainless steel tanks - CGH Group","description":"","publisher":{"@id":"https:\/\/cgh.com.pl\/en\/#organization"},"potentialAction":[{"@type":"SearchAction","target":{"@type":"EntryPoint","urlTemplate":"https:\/\/cgh.com.pl\/en\/?s={search_term_string}"},"query-input":{"@type":"PropertyValueSpecification","valueRequired":true,"valueName":"search_term_string"}}],"inLanguage":"en-GB"},{"@type":"Organization","@id":"https:\/\/cgh.com.pl\/en\/#organization","name":"CGH Group","url":"https:\/\/cgh.com.pl\/en\/","logo":{"@type":"ImageObject","inLanguage":"en-GB","@id":"https:\/\/cgh.com.pl\/en\/#\/schema\/logo\/image\/","url":"https:\/\/cgh.com.pl\/en\/wp-content\/uploads\/2020\/11\/logoCGH.png","contentUrl":"https:\/\/cgh.com.pl\/en\/wp-content\/uploads\/2020\/11\/logoCGH.png","width":192,"height":98,"caption":"CGH Group"},"image":{"@id":"https:\/\/cgh.com.pl\/en\/#\/schema\/logo\/image\/"},"sameAs":["https:\/\/www.facebook.com\/cghpolska"]}]}},"_links":{"self":[{"href":"https:\/\/cgh.com.pl\/en\/wp-json\/wp\/v2\/pages\/451","targetHints":{"allow":["GET"]}}],"collection":[{"href":"https:\/\/cgh.com.pl\/en\/wp-json\/wp\/v2\/pages"}],"about":[{"href":"https:\/\/cgh.com.pl\/en\/wp-json\/wp\/v2\/types\/page"}],"author":[{"embeddable":true,"href":"https:\/\/cgh.com.pl\/en\/wp-json\/wp\/v2\/users\/1"}],"replies":[{"embeddable":true,"href":"https:\/\/cgh.com.pl\/en\/wp-json\/wp\/v2\/comments?post=451"}],"version-history":[{"count":9,"href":"https:\/\/cgh.com.pl\/en\/wp-json\/wp\/v2\/pages\/451\/revisions"}],"predecessor-version":[{"id":4758,"href":"https:\/\/cgh.com.pl\/en\/wp-json\/wp\/v2\/pages\/451\/revisions\/4758"}],"up":[{"embeddable":true,"href":"https:\/\/cgh.com.pl\/en\/wp-json\/wp\/v2\/pages\/442"}],"wp:attachment":[{"href":"https:\/\/cgh.com.pl\/en\/wp-json\/wp\/v2\/media?parent=451"}],"curies":[{"name":"wp","href":"https:\/\/api.w.org\/{rel}","templated":true}]}}