{"id":468,"date":"2020-12-07T22:43:41","date_gmt":"2020-12-07T21:43:41","guid":{"rendered":"https:\/\/cgh.com.pl\/en\/?page_id=468"},"modified":"2024-09-04T11:38:09","modified_gmt":"2024-09-04T09:38:09","slug":"gok-lag-2000-wet-monitoring","status":"publish","type":"page","link":"https:\/\/cgh.com.pl\/en\/accesories\/monitoring-systems\/gok-lag-2000-wet-monitoring","title":{"rendered":"GOK LAG 2000 wet monitoring"},"content":{"rendered":"\n<div class=\"wp-block-columns has-2-columns is-layout-flex wp-container-core-columns-is-layout-9d6595d7 wp-block-columns-is-layout-flex\">\n<div class=\"wp-block-column is-layout-flow wp-block-column-is-layout-flow\"><div class=\"wp-block-image\">\n<figure class=\"aligncenter\"><img decoding=\"async\" width=\"450\" height=\"324\" data-src=\"https:\/\/cgh.com.pl\/en\/wp-content\/uploads\/2021\/06\/gok-lag-2000-wet-leakage-detection-system.jpg\" alt=\"GOK LAG 2000 wet monitoring\" class=\"wp-image-1794 img-fluid lazyload\" data-srcset=\"https:\/\/cgh.com.pl\/en\/wp-content\/uploads\/2021\/06\/gok-lag-2000-wet-leakage-detection-system.jpg 450w, https:\/\/cgh.com.pl\/en\/wp-content\/uploads\/2021\/06\/gok-lag-2000-wet-leakage-detection-system-300x216.jpg 300w\" data-sizes=\"(max-width: 450px) 100vw, 450px\" src=\"data:image\/svg+xml;base64,PHN2ZyB3aWR0aD0iMSIgaGVpZ2h0PSIxIiB4bWxucz0iaHR0cDovL3d3dy53My5vcmcvMjAwMC9zdmciPjwvc3ZnPg==\" style=\"--smush-placeholder-width: 450px; --smush-placeholder-aspect-ratio: 450\/324;\" \/><\/figure><\/div>\n\n\n<div class=\"photos\">\n<div class=\"first-zoom-photo\">\n<p style=\"text-align: center; font-size: 10px;\"><img decoding=\"async\" data-src=\"https:\/\/cgh.com.pl\/en\/wp-content\/uploads\/2021\/06\/GOK-LAG2000-wet-leakage-detection-system-1.jpg\" src=\"data:image\/svg+xml;base64,PHN2ZyB3aWR0aD0iMSIgaGVpZ2h0PSIxIiB4bWxucz0iaHR0cDovL3d3dy53My5vcmcvMjAwMC9zdmciPjwvc3ZnPg==\" class=\"lazyload\" style=\"--smush-placeholder-width: 800px; --smush-placeholder-aspect-ratio: 800\/500;\"><\/p>\n\n<div><\/div>\n<\/div>\n<div>\n<p style=\"text-align: center; font-size: 10px;\"><img decoding=\"async\" data-src=\"https:\/\/cgh.com.pl\/en\/wp-content\/uploads\/2021\/06\/gok-lag-2000-wet-leakage-detection-system-4.jpg\" src=\"data:image\/svg+xml;base64,PHN2ZyB3aWR0aD0iMSIgaGVpZ2h0PSIxIiB4bWxucz0iaHR0cDovL3d3dy53My5vcmcvMjAwMC9zdmciPjwvc3ZnPg==\" class=\"lazyload\" style=\"--smush-placeholder-width: 1000px; --smush-placeholder-aspect-ratio: 1000\/1000;\"><\/p>\n\n<div><\/div>\n<\/div>\n\n<div class=\"pair\">\n<p style=\"text-align: center; font-size: 10px;\"><img decoding=\"async\" data-src=\"https:\/\/cgh.com.pl\/en\/wp-content\/uploads\/2021\/06\/GOK-LAG-2000-wet-leakage-detection-system-3.jpg\" src=\"data:image\/svg+xml;base64,PHN2ZyB3aWR0aD0iMSIgaGVpZ2h0PSIxIiB4bWxucz0iaHR0cDovL3d3dy53My5vcmcvMjAwMC9zdmciPjwvc3ZnPg==\" class=\"lazyload\" style=\"--smush-placeholder-width: 1000px; --smush-placeholder-aspect-ratio: 1000\/1000;\"><\/p>\n\n<div><\/div>\n<div><\/div>\n<\/div>\n<\/div>\n<\/div>\n\n\n\n<div class=\"wp-block-column is-layout-flow wp-block-column-is-layout-flow\">\n<p><strong><strong><strong>Product information<\/strong><br><strong>GOK LAG 2000 \u2013 a device for a wet monitoring system<\/strong><\/strong><\/strong><\/p>\n\n\n\n<p>It is a leak indicator for non-pressure tanks in an EX zone (explosion risk) \u2013 so-called \u2018wet detection\u2019.<\/p>\n\n\n\n<p>The detection system of class II leaks according to DIN EN 13160-1 and DIN EN 13160-3.<\/p>\n\n\n\n<p>The maximum volume of the system control space may be 1 m<sup>3<\/sup>.<\/p>\n\n\n\n<p>Lag 2000 may only be used to control double-shell tanks or other tanks allowing for liquid measurements.<\/p>\n\n\n\n<p>Tank leaks are detected by a liquid (glycol) level decrease in the expansion vessel of the monitoring device.<\/p>\n\n\n\n<p>The principle of operation of the LAG 2000 leak tightness indicator:<\/p>\n\n\n\n<p>There is a leak indication liquid within the controlled space of a CSN tank which fills the tank up to the sight glass. If the ends of the probes are immersed in the leak indication liquid, the electrical circuit between the both probe electrodes is closed.<\/p>\n\n\n\n<p>In the event of any possible leak in the tank, the leak indication liquid leaks out. The ends of the probes are not immersed in the liquid, the electrical circuit is broken<\/p>\n\n\n<div class=\"wp-block-image\">\n<figure class=\"alignleft\"><img decoding=\"async\" data-src=\"https:\/\/cgh.com.pl\/wp-content\/uploads\/2020\/04\/good.png\" alt=\"good\" class=\"wp-image-2828 img-fluid lazyload\" src=\"data:image\/svg+xml;base64,PHN2ZyB3aWR0aD0iMSIgaGVpZ2h0PSIxIiB4bWxucz0iaHR0cDovL3d3dy53My5vcmcvMjAwMC9zdmciPjwvc3ZnPg==\" \/><\/figure><\/div>\n\n\n<p><strong><strong><strong>Advantages<\/strong><\/strong><\/strong><\/p>\n\n\n\n<ul class=\"wp-block-list\">\n<li>Aboveground double-skin tanks compliant with EN 12285-2 &amp; SANS 10131<\/li>\n\n\n\n<li>Underground double-skin tanks compliant<br>with EN 12285-1 &amp; SANS 1535<\/li>\n<\/ul>\n\n\n<div class=\"wp-block-image\">\n<figure class=\"alignleft\"><img decoding=\"async\" data-src=\"https:\/\/cgh.com.pl\/wp-content\/uploads\/2020\/04\/advantage.png\" alt=\"advantage\" class=\"wp-image-2827 img-fluid lazyload\" src=\"data:image\/svg+xml;base64,PHN2ZyB3aWR0aD0iMSIgaGVpZ2h0PSIxIiB4bWxucz0iaHR0cDovL3d3dy53My5vcmcvMjAwMC9zdmciPjwvc3ZnPg==\" \/><\/figure><\/div>\n\n\n<p><strong><strong><strong>Technical information<\/strong><\/strong><\/strong><\/p>\n\n\n\n<ul class=\"wp-block-list\">\n<li>voltage: 230V 50-60Hz<\/li>\n\n\n\n<li>power consumption: 2.5 VA<\/li>\n\n\n\n<li>temperature range: -20 to +60\u00b0C<\/li>\n\n\n\n<li>housing IP20<\/li>\n<\/ul>\n\n\n\n<p><strong><strong>Working medium:<\/strong><\/strong><\/p>\n\n\n\n<ul class=\"wp-block-list\">\n<li>diesel oil<\/li>\n\n\n\n<li>heating oil<\/li>\n\n\n\n<li>petrol<\/li>\n\n\n\n<li>ethanol<\/li>\n\n\n\n<li>fuel and ethanol mixes<\/li>\n\n\n\n<li>other<\/li>\n<\/ul>\n<\/div>\n<\/div>\n","protected":false},"excerpt":{"rendered":"<p>Product informationGOK LAG 2000 \u2013 a device for a wet monitoring system It is a leak indicator for non-pressure tanks in an EX zone (explosion risk) \u2013 so-called \u2018wet detection\u2019. The detection system of class II leaks according to DIN EN 13160-1 and DIN EN 13160-3. The maximum volume of the system control space may [&hellip;]?<\/p>\n","protected":false},"author":1,"featured_media":0,"parent":464,"menu_order":0,"comment_status":"closed","ping_status":"closed","template":"page-products-with-second-menu.php","meta":{"_acf_changed":false,"ngg_post_thumbnail":0,"footnotes":""},"class_list":["post-468","page","type-page","status-publish","hentry"],"acf":[],"yoast_head":"<!-- This site is optimized with the Yoast SEO plugin v26.1.1 - https:\/\/yoast.com\/wordpress\/plugins\/seo\/ -->\n<title>GOK LAG 2000 wet monitoring - CGH Group Sp. z o.o.<\/title>\n<meta name=\"description\" content=\"GOK LAG 2000 monitoring mokry. Jest to sygnalizator nieszczelno\u015bci do zbiornik\u00f3w bezci\u015bnieniowych \u00a0do strefy EX (strefa zagro\u017cona wybuchem)...\" \/>\n<meta name=\"robots\" content=\"index, follow, max-snippet:-1, max-image-preview:large, max-video-preview:-1\" \/>\n<link rel=\"canonical\" href=\"https:\/\/cgh.com.pl\/en\/accesories\/monitoring-systems\/gok-lag-2000-wet-monitoring\" \/>\n<meta property=\"og:locale\" content=\"en_GB\" \/>\n<meta property=\"og:type\" content=\"article\" \/>\n<meta property=\"og:title\" content=\"GOK LAG 2000 wet monitoring - CGH Group Sp. z o.o.\" \/>\n<meta property=\"og:description\" content=\"GOK LAG 2000 monitoring mokry. Jest to sygnalizator nieszczelno\u015bci do zbiornik\u00f3w bezci\u015bnieniowych \u00a0do strefy EX (strefa zagro\u017cona wybuchem)...\" \/>\n<meta property=\"og:url\" content=\"https:\/\/cgh.com.pl\/en\/accesories\/monitoring-systems\/gok-lag-2000-wet-monitoring\" \/>\n<meta property=\"og:site_name\" content=\"CGH Group Sp. z o.o.\" \/>\n<meta property=\"article:publisher\" content=\"https:\/\/www.facebook.com\/cghpolska\" \/>\n<meta property=\"article:modified_time\" content=\"2024-09-04T09:38:09+00:00\" \/>\n<meta property=\"og:image\" content=\"https:\/\/cgh.com.pl\/en\/wp-content\/uploads\/2021\/06\/gok-lag-2000-wet-leakage-detection-system.jpg\" \/>\n<meta name=\"twitter:card\" content=\"summary_large_image\" \/>\n<meta name=\"twitter:label1\" content=\"Estimated reading time\" \/>\n\t<meta name=\"twitter:data1\" content=\"3 minutes\" \/>\n<script type=\"application\/ld+json\" class=\"yoast-schema-graph\">{\"@context\":\"https:\/\/schema.org\",\"@graph\":[{\"@type\":\"WebPage\",\"@id\":\"https:\/\/cgh.com.pl\/en\/accesories\/monitoring-systems\/gok-lag-2000-wet-monitoring\",\"url\":\"https:\/\/cgh.com.pl\/en\/accesories\/monitoring-systems\/gok-lag-2000-wet-monitoring\",\"name\":\"GOK LAG 2000 wet monitoring - CGH Group Sp. z o.o.\",\"isPartOf\":{\"@id\":\"https:\/\/cgh.com.pl\/en\/#website\"},\"primaryImageOfPage\":{\"@id\":\"https:\/\/cgh.com.pl\/en\/accesories\/monitoring-systems\/gok-lag-2000-wet-monitoring#primaryimage\"},\"image\":{\"@id\":\"https:\/\/cgh.com.pl\/en\/accesories\/monitoring-systems\/gok-lag-2000-wet-monitoring#primaryimage\"},\"thumbnailUrl\":\"https:\/\/cgh.com.pl\/en\/wp-content\/uploads\/2021\/06\/gok-lag-2000-wet-leakage-detection-system.jpg\",\"datePublished\":\"2020-12-07T21:43:41+00:00\",\"dateModified\":\"2024-09-04T09:38:09+00:00\",\"description\":\"GOK LAG 2000 monitoring mokry. Jest to sygnalizator nieszczelno\u015bci do zbiornik\u00f3w bezci\u015bnieniowych \u00a0do strefy EX (strefa zagro\u017cona wybuchem)...\",\"breadcrumb\":{\"@id\":\"https:\/\/cgh.com.pl\/en\/accesories\/monitoring-systems\/gok-lag-2000-wet-monitoring#breadcrumb\"},\"inLanguage\":\"en-GB\",\"potentialAction\":[{\"@type\":\"ReadAction\",\"target\":[\"https:\/\/cgh.com.pl\/en\/accesories\/monitoring-systems\/gok-lag-2000-wet-monitoring\"]}]},{\"@type\":\"ImageObject\",\"inLanguage\":\"en-GB\",\"@id\":\"https:\/\/cgh.com.pl\/en\/accesories\/monitoring-systems\/gok-lag-2000-wet-monitoring#primaryimage\",\"url\":\"https:\/\/cgh.com.pl\/en\/wp-content\/uploads\/2021\/06\/gok-lag-2000-wet-leakage-detection-system.jpg\",\"contentUrl\":\"https:\/\/cgh.com.pl\/en\/wp-content\/uploads\/2021\/06\/gok-lag-2000-wet-leakage-detection-system.jpg\",\"width\":450,\"height\":324,\"caption\":\"GOK LAG 2000 wet leakage detection system\"},{\"@type\":\"BreadcrumbList\",\"@id\":\"https:\/\/cgh.com.pl\/en\/accesories\/monitoring-systems\/gok-lag-2000-wet-monitoring#breadcrumb\",\"itemListElement\":[{\"@type\":\"ListItem\",\"position\":1,\"name\":\"Strona g\u0142\u00f3wna\",\"item\":\"https:\/\/cgh.com.pl\/en\/\"},{\"@type\":\"ListItem\",\"position\":2,\"name\":\"Accessories\",\"item\":\"https:\/\/cgh.com.pl\/en\/accesories\"},{\"@type\":\"ListItem\",\"position\":3,\"name\":\"Monitoring systems\",\"item\":\"https:\/\/cgh.com.pl\/en\/accesories\/monitoring-systems\"},{\"@type\":\"ListItem\",\"position\":4,\"name\":\"GOK LAG 2000 wet monitoring\"}]},{\"@type\":\"WebSite\",\"@id\":\"https:\/\/cgh.com.pl\/en\/#website\",\"url\":\"https:\/\/cgh.com.pl\/en\/\",\"name\":\"Manufacturer of LPG, industrial, fuel, water, pressure and stainless steel tanks - CGH Group\",\"description\":\"\",\"publisher\":{\"@id\":\"https:\/\/cgh.com.pl\/en\/#organization\"},\"potentialAction\":[{\"@type\":\"SearchAction\",\"target\":{\"@type\":\"EntryPoint\",\"urlTemplate\":\"https:\/\/cgh.com.pl\/en\/?s={search_term_string}\"},\"query-input\":{\"@type\":\"PropertyValueSpecification\",\"valueRequired\":true,\"valueName\":\"search_term_string\"}}],\"inLanguage\":\"en-GB\"},{\"@type\":\"Organization\",\"@id\":\"https:\/\/cgh.com.pl\/en\/#organization\",\"name\":\"CGH Group\",\"url\":\"https:\/\/cgh.com.pl\/en\/\",\"logo\":{\"@type\":\"ImageObject\",\"inLanguage\":\"en-GB\",\"@id\":\"https:\/\/cgh.com.pl\/en\/#\/schema\/logo\/image\/\",\"url\":\"https:\/\/cgh.com.pl\/en\/wp-content\/uploads\/2020\/11\/logoCGH.png\",\"contentUrl\":\"https:\/\/cgh.com.pl\/en\/wp-content\/uploads\/2020\/11\/logoCGH.png\",\"width\":192,\"height\":98,\"caption\":\"CGH Group\"},\"image\":{\"@id\":\"https:\/\/cgh.com.pl\/en\/#\/schema\/logo\/image\/\"},\"sameAs\":[\"https:\/\/www.facebook.com\/cghpolska\"]}]}<\/script>\n<!-- \/ Yoast SEO plugin. -->","yoast_head_json":{"title":"GOK LAG 2000 wet monitoring - CGH Group Sp. z o.o.","description":"GOK LAG 2000 monitoring mokry. Jest to sygnalizator nieszczelno\u015bci do zbiornik\u00f3w bezci\u015bnieniowych \u00a0do strefy EX (strefa zagro\u017cona wybuchem)...","robots":{"index":"index","follow":"follow","max-snippet":"max-snippet:-1","max-image-preview":"max-image-preview:large","max-video-preview":"max-video-preview:-1"},"canonical":"https:\/\/cgh.com.pl\/en\/accesories\/monitoring-systems\/gok-lag-2000-wet-monitoring","og_locale":"en_GB","og_type":"article","og_title":"GOK LAG 2000 wet monitoring - CGH Group Sp. z o.o.","og_description":"GOK LAG 2000 monitoring mokry. Jest to sygnalizator nieszczelno\u015bci do zbiornik\u00f3w bezci\u015bnieniowych \u00a0do strefy EX (strefa zagro\u017cona wybuchem)...","og_url":"https:\/\/cgh.com.pl\/en\/accesories\/monitoring-systems\/gok-lag-2000-wet-monitoring","og_site_name":"CGH Group Sp. z o.o.","article_publisher":"https:\/\/www.facebook.com\/cghpolska","article_modified_time":"2024-09-04T09:38:09+00:00","og_image":[{"url":"https:\/\/cgh.com.pl\/en\/wp-content\/uploads\/2021\/06\/gok-lag-2000-wet-leakage-detection-system.jpg","type":"","width":"","height":""}],"twitter_card":"summary_large_image","twitter_misc":{"Estimated reading time":"3 minutes"},"schema":{"@context":"https:\/\/schema.org","@graph":[{"@type":"WebPage","@id":"https:\/\/cgh.com.pl\/en\/accesories\/monitoring-systems\/gok-lag-2000-wet-monitoring","url":"https:\/\/cgh.com.pl\/en\/accesories\/monitoring-systems\/gok-lag-2000-wet-monitoring","name":"GOK LAG 2000 wet monitoring - CGH Group Sp. z o.o.","isPartOf":{"@id":"https:\/\/cgh.com.pl\/en\/#website"},"primaryImageOfPage":{"@id":"https:\/\/cgh.com.pl\/en\/accesories\/monitoring-systems\/gok-lag-2000-wet-monitoring#primaryimage"},"image":{"@id":"https:\/\/cgh.com.pl\/en\/accesories\/monitoring-systems\/gok-lag-2000-wet-monitoring#primaryimage"},"thumbnailUrl":"https:\/\/cgh.com.pl\/en\/wp-content\/uploads\/2021\/06\/gok-lag-2000-wet-leakage-detection-system.jpg","datePublished":"2020-12-07T21:43:41+00:00","dateModified":"2024-09-04T09:38:09+00:00","description":"GOK LAG 2000 monitoring mokry. Jest to sygnalizator nieszczelno\u015bci do zbiornik\u00f3w bezci\u015bnieniowych \u00a0do strefy EX (strefa zagro\u017cona wybuchem)...","breadcrumb":{"@id":"https:\/\/cgh.com.pl\/en\/accesories\/monitoring-systems\/gok-lag-2000-wet-monitoring#breadcrumb"},"inLanguage":"en-GB","potentialAction":[{"@type":"ReadAction","target":["https:\/\/cgh.com.pl\/en\/accesories\/monitoring-systems\/gok-lag-2000-wet-monitoring"]}]},{"@type":"ImageObject","inLanguage":"en-GB","@id":"https:\/\/cgh.com.pl\/en\/accesories\/monitoring-systems\/gok-lag-2000-wet-monitoring#primaryimage","url":"https:\/\/cgh.com.pl\/en\/wp-content\/uploads\/2021\/06\/gok-lag-2000-wet-leakage-detection-system.jpg","contentUrl":"https:\/\/cgh.com.pl\/en\/wp-content\/uploads\/2021\/06\/gok-lag-2000-wet-leakage-detection-system.jpg","width":450,"height":324,"caption":"GOK LAG 2000 wet leakage detection system"},{"@type":"BreadcrumbList","@id":"https:\/\/cgh.com.pl\/en\/accesories\/monitoring-systems\/gok-lag-2000-wet-monitoring#breadcrumb","itemListElement":[{"@type":"ListItem","position":1,"name":"Strona g\u0142\u00f3wna","item":"https:\/\/cgh.com.pl\/en\/"},{"@type":"ListItem","position":2,"name":"Accessories","item":"https:\/\/cgh.com.pl\/en\/accesories"},{"@type":"ListItem","position":3,"name":"Monitoring systems","item":"https:\/\/cgh.com.pl\/en\/accesories\/monitoring-systems"},{"@type":"ListItem","position":4,"name":"GOK LAG 2000 wet monitoring"}]},{"@type":"WebSite","@id":"https:\/\/cgh.com.pl\/en\/#website","url":"https:\/\/cgh.com.pl\/en\/","name":"Manufacturer of LPG, industrial, fuel, water, pressure and stainless steel tanks - CGH Group","description":"","publisher":{"@id":"https:\/\/cgh.com.pl\/en\/#organization"},"potentialAction":[{"@type":"SearchAction","target":{"@type":"EntryPoint","urlTemplate":"https:\/\/cgh.com.pl\/en\/?s={search_term_string}"},"query-input":{"@type":"PropertyValueSpecification","valueRequired":true,"valueName":"search_term_string"}}],"inLanguage":"en-GB"},{"@type":"Organization","@id":"https:\/\/cgh.com.pl\/en\/#organization","name":"CGH Group","url":"https:\/\/cgh.com.pl\/en\/","logo":{"@type":"ImageObject","inLanguage":"en-GB","@id":"https:\/\/cgh.com.pl\/en\/#\/schema\/logo\/image\/","url":"https:\/\/cgh.com.pl\/en\/wp-content\/uploads\/2020\/11\/logoCGH.png","contentUrl":"https:\/\/cgh.com.pl\/en\/wp-content\/uploads\/2020\/11\/logoCGH.png","width":192,"height":98,"caption":"CGH Group"},"image":{"@id":"https:\/\/cgh.com.pl\/en\/#\/schema\/logo\/image\/"},"sameAs":["https:\/\/www.facebook.com\/cghpolska"]}]}},"_links":{"self":[{"href":"https:\/\/cgh.com.pl\/en\/wp-json\/wp\/v2\/pages\/468","targetHints":{"allow":["GET"]}}],"collection":[{"href":"https:\/\/cgh.com.pl\/en\/wp-json\/wp\/v2\/pages"}],"about":[{"href":"https:\/\/cgh.com.pl\/en\/wp-json\/wp\/v2\/types\/page"}],"author":[{"embeddable":true,"href":"https:\/\/cgh.com.pl\/en\/wp-json\/wp\/v2\/users\/1"}],"replies":[{"embeddable":true,"href":"https:\/\/cgh.com.pl\/en\/wp-json\/wp\/v2\/comments?post=468"}],"version-history":[{"count":9,"href":"https:\/\/cgh.com.pl\/en\/wp-json\/wp\/v2\/pages\/468\/revisions"}],"predecessor-version":[{"id":4764,"href":"https:\/\/cgh.com.pl\/en\/wp-json\/wp\/v2\/pages\/468\/revisions\/4764"}],"up":[{"embeddable":true,"href":"https:\/\/cgh.com.pl\/en\/wp-json\/wp\/v2\/pages\/464"}],"wp:attachment":[{"href":"https:\/\/cgh.com.pl\/en\/wp-json\/wp\/v2\/media?parent=468"}],"curies":[{"name":"wp","href":"https:\/\/api.w.org\/{rel}","templated":true}]}}