{"id":5039,"date":"2026-03-10T11:20:26","date_gmt":"2026-03-10T10:20:26","guid":{"rendered":"https:\/\/cgh.com.pl\/en\/?page_id=5039"},"modified":"2026-03-10T11:20:27","modified_gmt":"2026-03-10T10:20:27","slug":"company-name-change-from-cgh-polska-to-cgh-group","status":"publish","type":"page","link":"https:\/\/cgh.com.pl\/en\/news\/company-name-change-from-cgh-polska-to-cgh-group","title":{"rendered":"Company name change from CGH Polska to CGH Group"},"content":{"rendered":"\n<p><strong>Dear Customers and Partners,<\/strong><\/p>\n\n\n\n<p><strong>We would like to inform you that as of February 10, 2026, our company name has changed to CGH Group Sp\u00f3\u0142ka z ograniczon\u0105 odpowiedzialno\u015bci\u0105 (CGH Group Sp. z o.o.).<\/strong><\/p>\n\n\n\n<p><strong>The change applies only to the name \u2013 all other details, including tax ID (NIP), REGON, KRS, registered office address, and bank accounts, remain unchanged.<\/strong><\/p>\n\n\n\n<p><strong>Please use the new name in your systems, as well as in current correspondence and accounting documents issued from February 10, 2026, onwards.<\/strong><\/p>\n\n\n\n<p><strong>Our invoices will now feature the new seller name. We are providing this information to ensure you that the documents continue to come from us and are not an attempt at fraud.<\/strong><\/p>\n\n\n\n<p><strong>Should you have any questions, we remain at your disposal.<\/strong><\/p>\n","protected":false},"excerpt":{"rendered":"<p>Dear Customers and Partners, We would like to inform you that as of February 10, 2026, our company name has changed to CGH Group Sp\u00f3\u0142ka z ograniczon\u0105 odpowiedzialno\u015bci\u0105 (CGH Group Sp. z o.o.). The change applies only to the name \u2013 all other details, including tax ID (NIP), REGON, KRS, registered office address, and bank [&hellip;]?<\/p>\n","protected":false},"author":1,"featured_media":0,"parent":329,"menu_order":0,"comment_status":"closed","ping_status":"closed","template":"","meta":{"_acf_changed":false,"ngg_post_thumbnail":0,"footnotes":""},"class_list":["post-5039","page","type-page","status-publish","hentry"],"acf":[],"yoast_head":"<!-- This site is optimized with the Yoast SEO plugin v26.1.1 - https:\/\/yoast.com\/wordpress\/plugins\/seo\/ -->\n<title>Company name change from CGH Polska to CGH Group - CGH Group Sp. z o.o.<\/title>\n<meta name=\"robots\" content=\"index, follow, max-snippet:-1, max-image-preview:large, max-video-preview:-1\" \/>\n<link rel=\"canonical\" href=\"https:\/\/cgh.com.pl\/en\/news\/company-name-change-from-cgh-polska-to-cgh-group\" \/>\n<meta property=\"og:locale\" content=\"en_GB\" \/>\n<meta property=\"og:type\" content=\"article\" \/>\n<meta property=\"og:title\" content=\"Company name change from CGH Polska to CGH Group - CGH Group Sp. z o.o.\" \/>\n<meta property=\"og:description\" content=\"Dear Customers and Partners, We would like to inform you that as of February 10, 2026, our company name has changed to CGH Group Sp\u00f3\u0142ka z ograniczon\u0105 odpowiedzialno\u015bci\u0105 (CGH Group Sp. z o.o.). The change applies only to the name \u2013 all other details, including tax ID (NIP), REGON, KRS, registered office address, and bank [&hellip;]?\" \/>\n<meta property=\"og:url\" content=\"https:\/\/cgh.com.pl\/en\/news\/company-name-change-from-cgh-polska-to-cgh-group\" \/>\n<meta property=\"og:site_name\" content=\"CGH Group Sp. z o.o.\" \/>\n<meta property=\"article:publisher\" content=\"https:\/\/www.facebook.com\/cghpolska\" \/>\n<meta property=\"article:modified_time\" content=\"2026-03-10T10:20:27+00:00\" \/>\n<meta name=\"twitter:card\" content=\"summary_large_image\" \/>\n<meta name=\"twitter:label1\" content=\"Estimated reading time\" \/>\n\t<meta name=\"twitter:data1\" content=\"1 minute\" \/>\n<script type=\"application\/ld+json\" class=\"yoast-schema-graph\">{\"@context\":\"https:\/\/schema.org\",\"@graph\":[{\"@type\":\"WebPage\",\"@id\":\"https:\/\/cgh.com.pl\/en\/news\/company-name-change-from-cgh-polska-to-cgh-group\",\"url\":\"https:\/\/cgh.com.pl\/en\/news\/company-name-change-from-cgh-polska-to-cgh-group\",\"name\":\"Company name change from CGH Polska to CGH Group - CGH Group Sp. z o.o.\",\"isPartOf\":{\"@id\":\"https:\/\/cgh.com.pl\/en\/#website\"},\"datePublished\":\"2026-03-10T10:20:26+00:00\",\"dateModified\":\"2026-03-10T10:20:27+00:00\",\"breadcrumb\":{\"@id\":\"https:\/\/cgh.com.pl\/en\/news\/company-name-change-from-cgh-polska-to-cgh-group#breadcrumb\"},\"inLanguage\":\"en-GB\",\"potentialAction\":[{\"@type\":\"ReadAction\",\"target\":[\"https:\/\/cgh.com.pl\/en\/news\/company-name-change-from-cgh-polska-to-cgh-group\"]}]},{\"@type\":\"BreadcrumbList\",\"@id\":\"https:\/\/cgh.com.pl\/en\/news\/company-name-change-from-cgh-polska-to-cgh-group#breadcrumb\",\"itemListElement\":[{\"@type\":\"ListItem\",\"position\":1,\"name\":\"Strona g\u0142\u00f3wna\",\"item\":\"https:\/\/cgh.com.pl\/en\/\"},{\"@type\":\"ListItem\",\"position\":2,\"name\":\"News\",\"item\":\"https:\/\/cgh.com.pl\/en\/news\"},{\"@type\":\"ListItem\",\"position\":3,\"name\":\"Company name change from CGH Polska to CGH Group\"}]},{\"@type\":\"WebSite\",\"@id\":\"https:\/\/cgh.com.pl\/en\/#website\",\"url\":\"https:\/\/cgh.com.pl\/en\/\",\"name\":\"Manufacturer of LPG, industrial, fuel, water, pressure and stainless steel tanks - CGH Group\",\"description\":\"\",\"publisher\":{\"@id\":\"https:\/\/cgh.com.pl\/en\/#organization\"},\"potentialAction\":[{\"@type\":\"SearchAction\",\"target\":{\"@type\":\"EntryPoint\",\"urlTemplate\":\"https:\/\/cgh.com.pl\/en\/?s={search_term_string}\"},\"query-input\":{\"@type\":\"PropertyValueSpecification\",\"valueRequired\":true,\"valueName\":\"search_term_string\"}}],\"inLanguage\":\"en-GB\"},{\"@type\":\"Organization\",\"@id\":\"https:\/\/cgh.com.pl\/en\/#organization\",\"name\":\"CGH Group\",\"url\":\"https:\/\/cgh.com.pl\/en\/\",\"logo\":{\"@type\":\"ImageObject\",\"inLanguage\":\"en-GB\",\"@id\":\"https:\/\/cgh.com.pl\/en\/#\/schema\/logo\/image\/\",\"url\":\"https:\/\/cgh.com.pl\/en\/wp-content\/uploads\/2020\/11\/logoCGH.png\",\"contentUrl\":\"https:\/\/cgh.com.pl\/en\/wp-content\/uploads\/2020\/11\/logoCGH.png\",\"width\":192,\"height\":98,\"caption\":\"CGH Group\"},\"image\":{\"@id\":\"https:\/\/cgh.com.pl\/en\/#\/schema\/logo\/image\/\"},\"sameAs\":[\"https:\/\/www.facebook.com\/cghpolska\"]}]}<\/script>\n<!-- \/ Yoast SEO plugin. -->","yoast_head_json":{"title":"Company name change from CGH Polska to CGH Group - CGH Group Sp. z o.o.","robots":{"index":"index","follow":"follow","max-snippet":"max-snippet:-1","max-image-preview":"max-image-preview:large","max-video-preview":"max-video-preview:-1"},"canonical":"https:\/\/cgh.com.pl\/en\/news\/company-name-change-from-cgh-polska-to-cgh-group","og_locale":"en_GB","og_type":"article","og_title":"Company name change from CGH Polska to CGH Group - CGH Group Sp. z o.o.","og_description":"Dear Customers and Partners, We would like to inform you that as of February 10, 2026, our company name has changed to CGH Group Sp\u00f3\u0142ka z ograniczon\u0105 odpowiedzialno\u015bci\u0105 (CGH Group Sp. z o.o.). The change applies only to the name \u2013 all other details, including tax ID (NIP), REGON, KRS, registered office address, and bank [&hellip;]?","og_url":"https:\/\/cgh.com.pl\/en\/news\/company-name-change-from-cgh-polska-to-cgh-group","og_site_name":"CGH Group Sp. z o.o.","article_publisher":"https:\/\/www.facebook.com\/cghpolska","article_modified_time":"2026-03-10T10:20:27+00:00","twitter_card":"summary_large_image","twitter_misc":{"Estimated reading time":"1 minute"},"schema":{"@context":"https:\/\/schema.org","@graph":[{"@type":"WebPage","@id":"https:\/\/cgh.com.pl\/en\/news\/company-name-change-from-cgh-polska-to-cgh-group","url":"https:\/\/cgh.com.pl\/en\/news\/company-name-change-from-cgh-polska-to-cgh-group","name":"Company name change from CGH Polska to CGH Group - CGH Group Sp. z o.o.","isPartOf":{"@id":"https:\/\/cgh.com.pl\/en\/#website"},"datePublished":"2026-03-10T10:20:26+00:00","dateModified":"2026-03-10T10:20:27+00:00","breadcrumb":{"@id":"https:\/\/cgh.com.pl\/en\/news\/company-name-change-from-cgh-polska-to-cgh-group#breadcrumb"},"inLanguage":"en-GB","potentialAction":[{"@type":"ReadAction","target":["https:\/\/cgh.com.pl\/en\/news\/company-name-change-from-cgh-polska-to-cgh-group"]}]},{"@type":"BreadcrumbList","@id":"https:\/\/cgh.com.pl\/en\/news\/company-name-change-from-cgh-polska-to-cgh-group#breadcrumb","itemListElement":[{"@type":"ListItem","position":1,"name":"Strona g\u0142\u00f3wna","item":"https:\/\/cgh.com.pl\/en\/"},{"@type":"ListItem","position":2,"name":"News","item":"https:\/\/cgh.com.pl\/en\/news"},{"@type":"ListItem","position":3,"name":"Company name change from CGH Polska to CGH Group"}]},{"@type":"WebSite","@id":"https:\/\/cgh.com.pl\/en\/#website","url":"https:\/\/cgh.com.pl\/en\/","name":"Manufacturer of LPG, industrial, fuel, water, pressure and stainless steel tanks - CGH Group","description":"","publisher":{"@id":"https:\/\/cgh.com.pl\/en\/#organization"},"potentialAction":[{"@type":"SearchAction","target":{"@type":"EntryPoint","urlTemplate":"https:\/\/cgh.com.pl\/en\/?s={search_term_string}"},"query-input":{"@type":"PropertyValueSpecification","valueRequired":true,"valueName":"search_term_string"}}],"inLanguage":"en-GB"},{"@type":"Organization","@id":"https:\/\/cgh.com.pl\/en\/#organization","name":"CGH Group","url":"https:\/\/cgh.com.pl\/en\/","logo":{"@type":"ImageObject","inLanguage":"en-GB","@id":"https:\/\/cgh.com.pl\/en\/#\/schema\/logo\/image\/","url":"https:\/\/cgh.com.pl\/en\/wp-content\/uploads\/2020\/11\/logoCGH.png","contentUrl":"https:\/\/cgh.com.pl\/en\/wp-content\/uploads\/2020\/11\/logoCGH.png","width":192,"height":98,"caption":"CGH Group"},"image":{"@id":"https:\/\/cgh.com.pl\/en\/#\/schema\/logo\/image\/"},"sameAs":["https:\/\/www.facebook.com\/cghpolska"]}]}},"_links":{"self":[{"href":"https:\/\/cgh.com.pl\/en\/wp-json\/wp\/v2\/pages\/5039","targetHints":{"allow":["GET"]}}],"collection":[{"href":"https:\/\/cgh.com.pl\/en\/wp-json\/wp\/v2\/pages"}],"about":[{"href":"https:\/\/cgh.com.pl\/en\/wp-json\/wp\/v2\/types\/page"}],"author":[{"embeddable":true,"href":"https:\/\/cgh.com.pl\/en\/wp-json\/wp\/v2\/users\/1"}],"replies":[{"embeddable":true,"href":"https:\/\/cgh.com.pl\/en\/wp-json\/wp\/v2\/comments?post=5039"}],"version-history":[{"count":1,"href":"https:\/\/cgh.com.pl\/en\/wp-json\/wp\/v2\/pages\/5039\/revisions"}],"predecessor-version":[{"id":5040,"href":"https:\/\/cgh.com.pl\/en\/wp-json\/wp\/v2\/pages\/5039\/revisions\/5040"}],"up":[{"embeddable":true,"href":"https:\/\/cgh.com.pl\/en\/wp-json\/wp\/v2\/pages\/329"}],"wp:attachment":[{"href":"https:\/\/cgh.com.pl\/en\/wp-json\/wp\/v2\/media?parent=5039"}],"curies":[{"name":"wp","href":"https:\/\/api.w.org\/{rel}","templated":true}]}}