{"id":504,"date":"2020-12-08T00:06:59","date_gmt":"2020-12-07T23:06:59","guid":{"rendered":"https:\/\/cgh.com.pl\/en\/?page_id=504"},"modified":"2024-09-13T22:29:15","modified_gmt":"2024-09-13T20:29:15","slug":"anchor-bands","status":"publish","type":"page","link":"https:\/\/cgh.com.pl\/en\/accesories\/anchoring-systems\/anchor-bands","title":{"rendered":"Anchor bands"},"content":{"rendered":"\n<div class=\"wp-block-columns has-2-columns is-layout-flex wp-container-core-columns-is-layout-9d6595d7 wp-block-columns-is-layout-flex\">\n<div class=\"wp-block-column is-layout-flow wp-block-column-is-layout-flow\"><div class=\"wp-block-image is-resized\">\n<figure class=\"aligncenter\"><img decoding=\"async\" width=\"350\" height=\"621\" data-src=\"https:\/\/cgh.com.pl\/en\/wp-content\/uploads\/2021\/06\/Anchor-bands.png\" alt=\"Anchor bands\" class=\"wp-image-1823 img-fluid lazyload\" data-srcset=\"https:\/\/cgh.com.pl\/en\/wp-content\/uploads\/2021\/06\/Anchor-bands.png 350w, https:\/\/cgh.com.pl\/en\/wp-content\/uploads\/2021\/06\/Anchor-bands-169x300.png 169w\" data-sizes=\"(max-width: 350px) 100vw, 350px\" src=\"data:image\/svg+xml;base64,PHN2ZyB3aWR0aD0iMSIgaGVpZ2h0PSIxIiB4bWxucz0iaHR0cDovL3d3dy53My5vcmcvMjAwMC9zdmciPjwvc3ZnPg==\" style=\"--smush-placeholder-width: 350px; --smush-placeholder-aspect-ratio: 350\/621;\" \/><\/figure><\/div>\n\n\n<div class=\"photos\">\n<div class=\"first-zoom-photo\"><img decoding=\"async\" data-src=\"https:\/\/cgh.com.pl\/en\/wp-content\/uploads\/2021\/06\/Anchor_bands.jpg\" alt=\"Ankerbander\" src=\"data:image\/svg+xml;base64,PHN2ZyB3aWR0aD0iMSIgaGVpZ2h0PSIxIiB4bWxucz0iaHR0cDovL3d3dy53My5vcmcvMjAwMC9zdmciPjwvc3ZnPg==\" class=\"lazyload\" style=\"--smush-placeholder-width: 800px; --smush-placeholder-aspect-ratio: 800\/600;\"><div><\/div>\n<\/div>\n<div class=\"pair\"><img decoding=\"async\" data-src=\"https:\/\/cgh.com.pl\/en\/wp-content\/uploads\/2021\/06\/Anchor.png\" alt=\"Ankerbstangen\" src=\"data:image\/svg+xml;base64,PHN2ZyB3aWR0aD0iMSIgaGVpZ2h0PSIxIiB4bWxucz0iaHR0cDovL3d3dy53My5vcmcvMjAwMC9zdmciPjwvc3ZnPg==\" class=\"lazyload\" style=\"--smush-placeholder-width: 454px; --smush-placeholder-aspect-ratio: 454\/422;\"><div><\/div>\n<div><\/div>\n<\/div>\n<\/div>\n<\/div>\n\n\n\n<div class=\"wp-block-column is-layout-flow wp-block-column-is-layout-flow\">\n<p><strong><strong><strong>Product information<\/strong><\/strong><\/strong><\/p>\n\n\n\n<p>Anchoring bands provide protection to a tank against buoyancy by ground water and thus serve to fix the tank in the ground.<br>Anchors should be embedded in concrete in a foundation reinforced concrete slab already before installing the tank. After the setting process, steel clamps should be mounted and screwed to the anchors.<br>The insulation surface of the tank is protected by rubber bases inserted between the bands and the tank. All steel components are corrosion protected through hot-dip galvanisation.<br>The spacing of the bands depends on the size and design of the tank (number of manholes, size of chambers). The number of the bands depends on the tank size.<\/p>\n\n\n\n<div class=\"wp-block-image\"><figure class=\"alignleft\"><img decoding=\"async\" data-src=\"https:\/\/cgh.com.pl\/wp-content\/uploads\/2020\/04\/good.png\" alt=\"good\" class=\"wp-image-2828 img-fluid lazyload\" src=\"data:image\/svg+xml;base64,PHN2ZyB3aWR0aD0iMSIgaGVpZ2h0PSIxIiB4bWxucz0iaHR0cDovL3d3dy53My5vcmcvMjAwMC9zdmciPjwvc3ZnPg==\"><\/figure><\/div><p>&nbsp; <strong>\nAdvantages<\/strong><\/p>\n\n\n\n<ul class=\"wp-block-list\">\n<li>Steel clamps utilized to prevent tank from buoyancy from groundwater<\/li>\n\n\n\n<li>Quick and effective fixing of a tank to foundations<\/li>\n\n\n\n<li>The entire system is corrosion protected through galvanisation<\/li>\n<\/ul>\n\n\n\n<div class=\"wp-block-image\"><figure class=\"alignleft\"><img decoding=\"async\" data-src=\"https:\/\/cgh.com.pl\/wp-content\/uploads\/2020\/04\/advantage.png\" alt=\"advantage\" class=\"wp-image-2827 img-fluid lazyload\" src=\"data:image\/svg+xml;base64,PHN2ZyB3aWR0aD0iMSIgaGVpZ2h0PSIxIiB4bWxucz0iaHR0cDovL3d3dy53My5vcmcvMjAwMC9zdmciPjwvc3ZnPg==\"><\/figure><\/div><p><strong>Technical information<\/strong><\/p>\n\n\n\n<p><\/p>\n\n\n\n<p>The anchoring system consists of:<\/p>\n\n\n\n<ul class=\"wp-block-list\">\n<li>A steel clamp of the anchoring system<\/li>\n\n\n\n<li>A rubber divider<\/li>\n\n\n\n<li>A threaded rod M24<\/li>\n\n\n\n<li>An anchor metal sheet with a hole for the threaded pin<\/li>\n\n\n\n<li>Nuts, washers<\/li>\n\n\n\n<li>Min 10 mm thick insulation of bituminous or other material should be applied between the tank and the foundation.<\/li>\n\n\n\n<li>A rubber divider supplied with the band should be inserted between the band and the tank.<\/li>\n\n\n\n<li>Static and strength calculations for tank anchoring have been made with the following assumptions in mind:\n<ul class=\"wp-block-list\">\n<li>water level equal to ground level<\/li>\n\n\n\n<li>water buoyancy safety factor of 1.3.<\/li>\n\n\n\n<li>ground volumetric weight \u2013 18 kN\/m<sup>3<\/sup><\/li>\n\n\n\n<li>concrete volumetric weight B20 \u2013 22 kN\/m<sup>3<\/sup><\/li>\n\n\n\n<li>minimum clamping \u2013 800 mm<\/li>\n<\/ul>\n<\/li>\n<\/ul>\n\n\n\n<p><strong>Note:<\/strong> The assumptions presented do not relieve you of the obligation to calculate the foundation and a buoyant force for local ground conditions.<\/p>\n<\/div>\n<\/div>\n","protected":false},"excerpt":{"rendered":"<p>Product information Anchoring bands provide protection to a tank against buoyancy by ground water and thus serve to fix the tank in the ground.Anchors should be embedded in concrete in a foundation reinforced concrete slab already before installing the tank. After the setting process, steel clamps should be mounted and screwed to the anchors.The insulation [&hellip;]?<\/p>\n","protected":false},"author":1,"featured_media":0,"parent":498,"menu_order":0,"comment_status":"closed","ping_status":"closed","template":"page-products-with-second-menu.php","meta":{"_acf_changed":false,"ngg_post_thumbnail":0,"footnotes":""},"class_list":["post-504","page","type-page","status-publish","hentry"],"acf":[],"yoast_head":"<!-- This site is optimized with the Yoast SEO plugin v26.1.1 - https:\/\/yoast.com\/wordpress\/plugins\/seo\/ -->\n<title>Anchor bands - CGH Group Sp. z o.o.<\/title>\n<meta name=\"description\" content=\"Opaski kotwi\u0105ce zabezpieczaj\u0105 zbiornik przed jego wyporem przez wody gruntowe, a tym samym s\u0142u\u017c\u0105 do umocowania zbiornika w pod\u0142o\u017cu.\" \/>\n<meta name=\"robots\" content=\"index, follow, max-snippet:-1, max-image-preview:large, max-video-preview:-1\" \/>\n<link rel=\"canonical\" href=\"https:\/\/cgh.com.pl\/en\/accesories\/anchoring-systems\/anchor-bands\" \/>\n<meta property=\"og:locale\" content=\"en_GB\" \/>\n<meta property=\"og:type\" content=\"article\" \/>\n<meta property=\"og:title\" content=\"Anchor bands - CGH Group Sp. z o.o.\" \/>\n<meta property=\"og:description\" content=\"Opaski kotwi\u0105ce zabezpieczaj\u0105 zbiornik przed jego wyporem przez wody gruntowe, a tym samym s\u0142u\u017c\u0105 do umocowania zbiornika w pod\u0142o\u017cu.\" \/>\n<meta property=\"og:url\" content=\"https:\/\/cgh.com.pl\/en\/accesories\/anchoring-systems\/anchor-bands\" \/>\n<meta property=\"og:site_name\" content=\"CGH Group Sp. z o.o.\" \/>\n<meta property=\"article:publisher\" content=\"https:\/\/www.facebook.com\/cghpolska\" \/>\n<meta property=\"article:modified_time\" content=\"2024-09-13T20:29:15+00:00\" \/>\n<meta property=\"og:image\" content=\"https:\/\/cgh.com.pl\/en\/wp-content\/uploads\/2021\/06\/Anchor-bands.png\" \/>\n<meta name=\"twitter:card\" content=\"summary_large_image\" \/>\n<meta name=\"twitter:label1\" content=\"Estimated reading time\" \/>\n\t<meta name=\"twitter:data1\" content=\"3 minutes\" \/>\n<script type=\"application\/ld+json\" class=\"yoast-schema-graph\">{\"@context\":\"https:\/\/schema.org\",\"@graph\":[{\"@type\":\"WebPage\",\"@id\":\"https:\/\/cgh.com.pl\/en\/accesories\/anchoring-systems\/anchor-bands\",\"url\":\"https:\/\/cgh.com.pl\/en\/accesories\/anchoring-systems\/anchor-bands\",\"name\":\"Anchor bands - CGH Group Sp. z o.o.\",\"isPartOf\":{\"@id\":\"https:\/\/cgh.com.pl\/en\/#website\"},\"primaryImageOfPage\":{\"@id\":\"https:\/\/cgh.com.pl\/en\/accesories\/anchoring-systems\/anchor-bands#primaryimage\"},\"image\":{\"@id\":\"https:\/\/cgh.com.pl\/en\/accesories\/anchoring-systems\/anchor-bands#primaryimage\"},\"thumbnailUrl\":\"https:\/\/cgh.com.pl\/en\/wp-content\/uploads\/2021\/06\/Anchor-bands.png\",\"datePublished\":\"2020-12-07T23:06:59+00:00\",\"dateModified\":\"2024-09-13T20:29:15+00:00\",\"description\":\"Opaski kotwi\u0105ce zabezpieczaj\u0105 zbiornik przed jego wyporem przez wody gruntowe, a tym samym s\u0142u\u017c\u0105 do umocowania zbiornika w pod\u0142o\u017cu.\",\"breadcrumb\":{\"@id\":\"https:\/\/cgh.com.pl\/en\/accesories\/anchoring-systems\/anchor-bands#breadcrumb\"},\"inLanguage\":\"en-GB\",\"potentialAction\":[{\"@type\":\"ReadAction\",\"target\":[\"https:\/\/cgh.com.pl\/en\/accesories\/anchoring-systems\/anchor-bands\"]}]},{\"@type\":\"ImageObject\",\"inLanguage\":\"en-GB\",\"@id\":\"https:\/\/cgh.com.pl\/en\/accesories\/anchoring-systems\/anchor-bands#primaryimage\",\"url\":\"https:\/\/cgh.com.pl\/en\/wp-content\/uploads\/2021\/06\/Anchor-bands.png\",\"contentUrl\":\"https:\/\/cgh.com.pl\/en\/wp-content\/uploads\/2021\/06\/Anchor-bands.png\",\"width\":350,\"height\":621,\"caption\":\"Anchor bands\"},{\"@type\":\"BreadcrumbList\",\"@id\":\"https:\/\/cgh.com.pl\/en\/accesories\/anchoring-systems\/anchor-bands#breadcrumb\",\"itemListElement\":[{\"@type\":\"ListItem\",\"position\":1,\"name\":\"Strona g\u0142\u00f3wna\",\"item\":\"https:\/\/cgh.com.pl\/en\/\"},{\"@type\":\"ListItem\",\"position\":2,\"name\":\"Accessories\",\"item\":\"https:\/\/cgh.com.pl\/en\/accesories\"},{\"@type\":\"ListItem\",\"position\":3,\"name\":\"Anchoring systems\",\"item\":\"https:\/\/cgh.com.pl\/en\/accesories\/anchoring-systems\"},{\"@type\":\"ListItem\",\"position\":4,\"name\":\"Anchor bands\"}]},{\"@type\":\"WebSite\",\"@id\":\"https:\/\/cgh.com.pl\/en\/#website\",\"url\":\"https:\/\/cgh.com.pl\/en\/\",\"name\":\"Manufacturer of LPG, industrial, fuel, water, pressure and stainless steel tanks - CGH Group\",\"description\":\"\",\"publisher\":{\"@id\":\"https:\/\/cgh.com.pl\/en\/#organization\"},\"potentialAction\":[{\"@type\":\"SearchAction\",\"target\":{\"@type\":\"EntryPoint\",\"urlTemplate\":\"https:\/\/cgh.com.pl\/en\/?s={search_term_string}\"},\"query-input\":{\"@type\":\"PropertyValueSpecification\",\"valueRequired\":true,\"valueName\":\"search_term_string\"}}],\"inLanguage\":\"en-GB\"},{\"@type\":\"Organization\",\"@id\":\"https:\/\/cgh.com.pl\/en\/#organization\",\"name\":\"CGH Group\",\"url\":\"https:\/\/cgh.com.pl\/en\/\",\"logo\":{\"@type\":\"ImageObject\",\"inLanguage\":\"en-GB\",\"@id\":\"https:\/\/cgh.com.pl\/en\/#\/schema\/logo\/image\/\",\"url\":\"https:\/\/cgh.com.pl\/en\/wp-content\/uploads\/2020\/11\/logoCGH.png\",\"contentUrl\":\"https:\/\/cgh.com.pl\/en\/wp-content\/uploads\/2020\/11\/logoCGH.png\",\"width\":192,\"height\":98,\"caption\":\"CGH Group\"},\"image\":{\"@id\":\"https:\/\/cgh.com.pl\/en\/#\/schema\/logo\/image\/\"},\"sameAs\":[\"https:\/\/www.facebook.com\/cghpolska\"]}]}<\/script>\n<!-- \/ Yoast SEO plugin. -->","yoast_head_json":{"title":"Anchor bands - CGH Group Sp. z o.o.","description":"Opaski kotwi\u0105ce zabezpieczaj\u0105 zbiornik przed jego wyporem przez wody gruntowe, a tym samym s\u0142u\u017c\u0105 do umocowania zbiornika w pod\u0142o\u017cu.","robots":{"index":"index","follow":"follow","max-snippet":"max-snippet:-1","max-image-preview":"max-image-preview:large","max-video-preview":"max-video-preview:-1"},"canonical":"https:\/\/cgh.com.pl\/en\/accesories\/anchoring-systems\/anchor-bands","og_locale":"en_GB","og_type":"article","og_title":"Anchor bands - CGH Group Sp. z o.o.","og_description":"Opaski kotwi\u0105ce zabezpieczaj\u0105 zbiornik przed jego wyporem przez wody gruntowe, a tym samym s\u0142u\u017c\u0105 do umocowania zbiornika w pod\u0142o\u017cu.","og_url":"https:\/\/cgh.com.pl\/en\/accesories\/anchoring-systems\/anchor-bands","og_site_name":"CGH Group Sp. z o.o.","article_publisher":"https:\/\/www.facebook.com\/cghpolska","article_modified_time":"2024-09-13T20:29:15+00:00","og_image":[{"url":"https:\/\/cgh.com.pl\/en\/wp-content\/uploads\/2021\/06\/Anchor-bands.png","type":"","width":"","height":""}],"twitter_card":"summary_large_image","twitter_misc":{"Estimated reading time":"3 minutes"},"schema":{"@context":"https:\/\/schema.org","@graph":[{"@type":"WebPage","@id":"https:\/\/cgh.com.pl\/en\/accesories\/anchoring-systems\/anchor-bands","url":"https:\/\/cgh.com.pl\/en\/accesories\/anchoring-systems\/anchor-bands","name":"Anchor bands - CGH Group Sp. z o.o.","isPartOf":{"@id":"https:\/\/cgh.com.pl\/en\/#website"},"primaryImageOfPage":{"@id":"https:\/\/cgh.com.pl\/en\/accesories\/anchoring-systems\/anchor-bands#primaryimage"},"image":{"@id":"https:\/\/cgh.com.pl\/en\/accesories\/anchoring-systems\/anchor-bands#primaryimage"},"thumbnailUrl":"https:\/\/cgh.com.pl\/en\/wp-content\/uploads\/2021\/06\/Anchor-bands.png","datePublished":"2020-12-07T23:06:59+00:00","dateModified":"2024-09-13T20:29:15+00:00","description":"Opaski kotwi\u0105ce zabezpieczaj\u0105 zbiornik przed jego wyporem przez wody gruntowe, a tym samym s\u0142u\u017c\u0105 do umocowania zbiornika w pod\u0142o\u017cu.","breadcrumb":{"@id":"https:\/\/cgh.com.pl\/en\/accesories\/anchoring-systems\/anchor-bands#breadcrumb"},"inLanguage":"en-GB","potentialAction":[{"@type":"ReadAction","target":["https:\/\/cgh.com.pl\/en\/accesories\/anchoring-systems\/anchor-bands"]}]},{"@type":"ImageObject","inLanguage":"en-GB","@id":"https:\/\/cgh.com.pl\/en\/accesories\/anchoring-systems\/anchor-bands#primaryimage","url":"https:\/\/cgh.com.pl\/en\/wp-content\/uploads\/2021\/06\/Anchor-bands.png","contentUrl":"https:\/\/cgh.com.pl\/en\/wp-content\/uploads\/2021\/06\/Anchor-bands.png","width":350,"height":621,"caption":"Anchor bands"},{"@type":"BreadcrumbList","@id":"https:\/\/cgh.com.pl\/en\/accesories\/anchoring-systems\/anchor-bands#breadcrumb","itemListElement":[{"@type":"ListItem","position":1,"name":"Strona g\u0142\u00f3wna","item":"https:\/\/cgh.com.pl\/en\/"},{"@type":"ListItem","position":2,"name":"Accessories","item":"https:\/\/cgh.com.pl\/en\/accesories"},{"@type":"ListItem","position":3,"name":"Anchoring systems","item":"https:\/\/cgh.com.pl\/en\/accesories\/anchoring-systems"},{"@type":"ListItem","position":4,"name":"Anchor bands"}]},{"@type":"WebSite","@id":"https:\/\/cgh.com.pl\/en\/#website","url":"https:\/\/cgh.com.pl\/en\/","name":"Manufacturer of LPG, industrial, fuel, water, pressure and stainless steel tanks - CGH Group","description":"","publisher":{"@id":"https:\/\/cgh.com.pl\/en\/#organization"},"potentialAction":[{"@type":"SearchAction","target":{"@type":"EntryPoint","urlTemplate":"https:\/\/cgh.com.pl\/en\/?s={search_term_string}"},"query-input":{"@type":"PropertyValueSpecification","valueRequired":true,"valueName":"search_term_string"}}],"inLanguage":"en-GB"},{"@type":"Organization","@id":"https:\/\/cgh.com.pl\/en\/#organization","name":"CGH Group","url":"https:\/\/cgh.com.pl\/en\/","logo":{"@type":"ImageObject","inLanguage":"en-GB","@id":"https:\/\/cgh.com.pl\/en\/#\/schema\/logo\/image\/","url":"https:\/\/cgh.com.pl\/en\/wp-content\/uploads\/2020\/11\/logoCGH.png","contentUrl":"https:\/\/cgh.com.pl\/en\/wp-content\/uploads\/2020\/11\/logoCGH.png","width":192,"height":98,"caption":"CGH Group"},"image":{"@id":"https:\/\/cgh.com.pl\/en\/#\/schema\/logo\/image\/"},"sameAs":["https:\/\/www.facebook.com\/cghpolska"]}]}},"_links":{"self":[{"href":"https:\/\/cgh.com.pl\/en\/wp-json\/wp\/v2\/pages\/504","targetHints":{"allow":["GET"]}}],"collection":[{"href":"https:\/\/cgh.com.pl\/en\/wp-json\/wp\/v2\/pages"}],"about":[{"href":"https:\/\/cgh.com.pl\/en\/wp-json\/wp\/v2\/types\/page"}],"author":[{"embeddable":true,"href":"https:\/\/cgh.com.pl\/en\/wp-json\/wp\/v2\/users\/1"}],"replies":[{"embeddable":true,"href":"https:\/\/cgh.com.pl\/en\/wp-json\/wp\/v2\/comments?post=504"}],"version-history":[{"count":8,"href":"https:\/\/cgh.com.pl\/en\/wp-json\/wp\/v2\/pages\/504\/revisions"}],"predecessor-version":[{"id":4911,"href":"https:\/\/cgh.com.pl\/en\/wp-json\/wp\/v2\/pages\/504\/revisions\/4911"}],"up":[{"embeddable":true,"href":"https:\/\/cgh.com.pl\/en\/wp-json\/wp\/v2\/pages\/498"}],"wp:attachment":[{"href":"https:\/\/cgh.com.pl\/en\/wp-json\/wp\/v2\/media?parent=504"}],"curies":[{"name":"wp","href":"https:\/\/api.w.org\/{rel}","templated":true}]}}