{"id":953,"date":"2020-12-29T08:38:43","date_gmt":"2020-12-29T07:38:43","guid":{"rendered":"https:\/\/cgh.com.pl\/en\/?page_id=953"},"modified":"2022-03-14T09:14:09","modified_gmt":"2022-03-14T08:14:09","slug":"series-of-tanks-for-producer-of-lubricant-oils","status":"publish","type":"page","link":"https:\/\/cgh.com.pl\/en\/news\/series-of-tanks-for-producer-of-lubricant-oils","title":{"rendered":"Series of tanks for producer of lubricant oils"},"content":{"rendered":"\n<p>04.2019<\/p>\n\n\n\n<p>CGH Nordic A\/S dostarczy\u0142a pierwsz\u0105 parti\u0119 zbiornik\u00f3w (z puli 49 sztuk) firmie buduj\u0105cej nowy zak\u0142ad do miesCGH Nordic A\/S delivered the first batch of 49 tanks in total to a company building a new plant for mixing of different lubricant oils.<br>The tanks are in different volumes \u2013 from 15 m3 up to 60 m3 \u2013 and are all vertical. Scope of delivery also includes the complete steel-works with railings, ladders, platforms and stairways for the tanks.<br>Complete documentation \u2013 drawings of tanks and platforms \u2013 is done in 3D.<br>Our customer is a global group with German roots that has been developing, manufacturing and selling lubricants and related prod-ucts for more than 85 years. With 58 companies and more than 5,000 employees worldwide, they are the leading independent sup-plier of lubricants.<br>The company is now building a new, modern blending plant. They will move production from the old one as soon as the facility is ready.<br>The new plant will be far more efficient and advanced than the existing one and will produce lubricants for the Swedish, Norwegian, Danish and Finnish markets. This new facility also houses finished goods and premises for quality control and research &amp; development.<br>We are proud to have been appointed as the supplier for this project. Cooperation with such a tycoon brings a lot of satisfaction.<\/p>\n\n\n\n<div class=\"photos large\">\n<div class=\"first-zoom-photo\">\n<p style=\"text-align: center; font-size: 10px; margin-bottom:0;\"><img decoding=\"async\" data-src=\"https:\/\/cgh.com.pl\/en\/wp-content\/uploads\/2021\/06\/Series-of-tanks-for_producer_of_lubricant-oils.jpg\" alt=\"Series of tanks for producer of lubricant oils\" src=\"data:image\/svg+xml;base64,PHN2ZyB3aWR0aD0iMSIgaGVpZ2h0PSIxIiB4bWxucz0iaHR0cDovL3d3dy53My5vcmcvMjAwMC9zdmciPjwvc3ZnPg==\" class=\"lazyload\" style=\"--smush-placeholder-width: 600px; --smush-placeholder-aspect-ratio: 600\/400;\"><\/p>\n\n<div><\/div>\n<\/div>\n<div>\n\n\n<div><\/div>\n<\/div>\n\n<div class=\"pair\">\n\n\n<div><\/div>\n<div><\/div>\n<\/div>\n<\/div>\n","protected":false},"excerpt":{"rendered":"<p>04.2019 CGH Nordic A\/S dostarczy\u0142a pierwsz\u0105 parti\u0119 zbiornik\u00f3w (z puli 49 sztuk) firmie buduj\u0105cej nowy zak\u0142ad do miesCGH Nordic A\/S delivered the first batch of 49 tanks in total to a company building a new plant for mixing of different lubricant oils.The tanks are in different volumes \u2013 from 15 m3 up to 60 m3 [&hellip;]?<\/p>\n","protected":false},"author":1,"featured_media":0,"parent":329,"menu_order":0,"comment_status":"closed","ping_status":"closed","template":"page-products.php","meta":{"_acf_changed":false,"ngg_post_thumbnail":0,"footnotes":""},"class_list":["post-953","page","type-page","status-publish","hentry"],"acf":[],"yoast_head":"<!-- This site is optimized with the Yoast SEO plugin v26.1.1 - https:\/\/yoast.com\/wordpress\/plugins\/seo\/ -->\n<title>Series of tanks for producer of lubricant oils - CGH Group Sp. z o.o.<\/title>\n<meta name=\"robots\" content=\"index, follow, max-snippet:-1, max-image-preview:large, max-video-preview:-1\" \/>\n<link rel=\"canonical\" href=\"https:\/\/cgh.com.pl\/en\/news\/series-of-tanks-for-producer-of-lubricant-oils\" \/>\n<meta property=\"og:locale\" content=\"en_GB\" \/>\n<meta property=\"og:type\" content=\"article\" \/>\n<meta property=\"og:title\" content=\"Series of tanks for producer of lubricant oils - CGH Group Sp. z o.o.\" \/>\n<meta property=\"og:description\" content=\"04.2019 CGH Nordic A\/S dostarczy\u0142a pierwsz\u0105 parti\u0119 zbiornik\u00f3w (z puli 49 sztuk) firmie buduj\u0105cej nowy zak\u0142ad do miesCGH Nordic A\/S delivered the first batch of 49 tanks in total to a company building a new plant for mixing of different lubricant oils.The tanks are in different volumes \u2013 from 15 m3 up to 60 m3 [&hellip;]?\" \/>\n<meta property=\"og:url\" content=\"https:\/\/cgh.com.pl\/en\/news\/series-of-tanks-for-producer-of-lubricant-oils\" \/>\n<meta property=\"og:site_name\" content=\"CGH Group Sp. z o.o.\" \/>\n<meta property=\"article:publisher\" content=\"https:\/\/www.facebook.com\/cghpolska\" \/>\n<meta property=\"article:modified_time\" content=\"2022-03-14T08:14:09+00:00\" \/>\n<meta property=\"og:image\" content=\"https:\/\/cgh.com.pl\/en\/wp-content\/uploads\/2021\/06\/Series-of-tanks-for_producer_of_lubricant-oils.jpg\" \/>\n<meta name=\"twitter:card\" content=\"summary_large_image\" \/>\n<meta name=\"twitter:label1\" content=\"Estimated reading time\" \/>\n\t<meta name=\"twitter:data1\" content=\"1 minute\" \/>\n<script type=\"application\/ld+json\" class=\"yoast-schema-graph\">{\"@context\":\"https:\/\/schema.org\",\"@graph\":[{\"@type\":\"WebPage\",\"@id\":\"https:\/\/cgh.com.pl\/en\/news\/series-of-tanks-for-producer-of-lubricant-oils\",\"url\":\"https:\/\/cgh.com.pl\/en\/news\/series-of-tanks-for-producer-of-lubricant-oils\",\"name\":\"Series of tanks for producer of lubricant oils - CGH Group Sp. z o.o.\",\"isPartOf\":{\"@id\":\"https:\/\/cgh.com.pl\/en\/#website\"},\"primaryImageOfPage\":{\"@id\":\"https:\/\/cgh.com.pl\/en\/news\/series-of-tanks-for-producer-of-lubricant-oils#primaryimage\"},\"image\":{\"@id\":\"https:\/\/cgh.com.pl\/en\/news\/series-of-tanks-for-producer-of-lubricant-oils#primaryimage\"},\"thumbnailUrl\":\"https:\/\/cgh.com.pl\/en\/wp-content\/uploads\/2021\/06\/Series-of-tanks-for_producer_of_lubricant-oils.jpg\",\"datePublished\":\"2020-12-29T07:38:43+00:00\",\"dateModified\":\"2022-03-14T08:14:09+00:00\",\"breadcrumb\":{\"@id\":\"https:\/\/cgh.com.pl\/en\/news\/series-of-tanks-for-producer-of-lubricant-oils#breadcrumb\"},\"inLanguage\":\"en-GB\",\"potentialAction\":[{\"@type\":\"ReadAction\",\"target\":[\"https:\/\/cgh.com.pl\/en\/news\/series-of-tanks-for-producer-of-lubricant-oils\"]}]},{\"@type\":\"ImageObject\",\"inLanguage\":\"en-GB\",\"@id\":\"https:\/\/cgh.com.pl\/en\/news\/series-of-tanks-for-producer-of-lubricant-oils#primaryimage\",\"url\":\"https:\/\/cgh.com.pl\/en\/wp-content\/uploads\/2021\/06\/Series-of-tanks-for_producer_of_lubricant-oils.jpg\",\"contentUrl\":\"https:\/\/cgh.com.pl\/en\/wp-content\/uploads\/2021\/06\/Series-of-tanks-for_producer_of_lubricant-oils.jpg\",\"width\":600,\"height\":400,\"caption\":\"Series of tanks for producer of lubricant oils\"},{\"@type\":\"BreadcrumbList\",\"@id\":\"https:\/\/cgh.com.pl\/en\/news\/series-of-tanks-for-producer-of-lubricant-oils#breadcrumb\",\"itemListElement\":[{\"@type\":\"ListItem\",\"position\":1,\"name\":\"Strona g\u0142\u00f3wna\",\"item\":\"https:\/\/cgh.com.pl\/en\/\"},{\"@type\":\"ListItem\",\"position\":2,\"name\":\"News\",\"item\":\"https:\/\/cgh.com.pl\/en\/news\"},{\"@type\":\"ListItem\",\"position\":3,\"name\":\"Series of tanks for producer of lubricant oils\"}]},{\"@type\":\"WebSite\",\"@id\":\"https:\/\/cgh.com.pl\/en\/#website\",\"url\":\"https:\/\/cgh.com.pl\/en\/\",\"name\":\"Manufacturer of LPG, industrial, fuel, water, pressure and stainless steel tanks - CGH Group\",\"description\":\"\",\"publisher\":{\"@id\":\"https:\/\/cgh.com.pl\/en\/#organization\"},\"potentialAction\":[{\"@type\":\"SearchAction\",\"target\":{\"@type\":\"EntryPoint\",\"urlTemplate\":\"https:\/\/cgh.com.pl\/en\/?s={search_term_string}\"},\"query-input\":{\"@type\":\"PropertyValueSpecification\",\"valueRequired\":true,\"valueName\":\"search_term_string\"}}],\"inLanguage\":\"en-GB\"},{\"@type\":\"Organization\",\"@id\":\"https:\/\/cgh.com.pl\/en\/#organization\",\"name\":\"CGH Group\",\"url\":\"https:\/\/cgh.com.pl\/en\/\",\"logo\":{\"@type\":\"ImageObject\",\"inLanguage\":\"en-GB\",\"@id\":\"https:\/\/cgh.com.pl\/en\/#\/schema\/logo\/image\/\",\"url\":\"https:\/\/cgh.com.pl\/en\/wp-content\/uploads\/2020\/11\/logoCGH.png\",\"contentUrl\":\"https:\/\/cgh.com.pl\/en\/wp-content\/uploads\/2020\/11\/logoCGH.png\",\"width\":192,\"height\":98,\"caption\":\"CGH Group\"},\"image\":{\"@id\":\"https:\/\/cgh.com.pl\/en\/#\/schema\/logo\/image\/\"},\"sameAs\":[\"https:\/\/www.facebook.com\/cghpolska\"]}]}<\/script>\n<!-- \/ Yoast SEO plugin. -->","yoast_head_json":{"title":"Series of tanks for producer of lubricant oils - CGH Group Sp. z o.o.","robots":{"index":"index","follow":"follow","max-snippet":"max-snippet:-1","max-image-preview":"max-image-preview:large","max-video-preview":"max-video-preview:-1"},"canonical":"https:\/\/cgh.com.pl\/en\/news\/series-of-tanks-for-producer-of-lubricant-oils","og_locale":"en_GB","og_type":"article","og_title":"Series of tanks for producer of lubricant oils - CGH Group Sp. z o.o.","og_description":"04.2019 CGH Nordic A\/S dostarczy\u0142a pierwsz\u0105 parti\u0119 zbiornik\u00f3w (z puli 49 sztuk) firmie buduj\u0105cej nowy zak\u0142ad do miesCGH Nordic A\/S delivered the first batch of 49 tanks in total to a company building a new plant for mixing of different lubricant oils.The tanks are in different volumes \u2013 from 15 m3 up to 60 m3 [&hellip;]?","og_url":"https:\/\/cgh.com.pl\/en\/news\/series-of-tanks-for-producer-of-lubricant-oils","og_site_name":"CGH Group Sp. z o.o.","article_publisher":"https:\/\/www.facebook.com\/cghpolska","article_modified_time":"2022-03-14T08:14:09+00:00","og_image":[{"url":"https:\/\/cgh.com.pl\/en\/wp-content\/uploads\/2021\/06\/Series-of-tanks-for_producer_of_lubricant-oils.jpg","type":"","width":"","height":""}],"twitter_card":"summary_large_image","twitter_misc":{"Estimated reading time":"1 minute"},"schema":{"@context":"https:\/\/schema.org","@graph":[{"@type":"WebPage","@id":"https:\/\/cgh.com.pl\/en\/news\/series-of-tanks-for-producer-of-lubricant-oils","url":"https:\/\/cgh.com.pl\/en\/news\/series-of-tanks-for-producer-of-lubricant-oils","name":"Series of tanks for producer of lubricant oils - CGH Group Sp. z o.o.","isPartOf":{"@id":"https:\/\/cgh.com.pl\/en\/#website"},"primaryImageOfPage":{"@id":"https:\/\/cgh.com.pl\/en\/news\/series-of-tanks-for-producer-of-lubricant-oils#primaryimage"},"image":{"@id":"https:\/\/cgh.com.pl\/en\/news\/series-of-tanks-for-producer-of-lubricant-oils#primaryimage"},"thumbnailUrl":"https:\/\/cgh.com.pl\/en\/wp-content\/uploads\/2021\/06\/Series-of-tanks-for_producer_of_lubricant-oils.jpg","datePublished":"2020-12-29T07:38:43+00:00","dateModified":"2022-03-14T08:14:09+00:00","breadcrumb":{"@id":"https:\/\/cgh.com.pl\/en\/news\/series-of-tanks-for-producer-of-lubricant-oils#breadcrumb"},"inLanguage":"en-GB","potentialAction":[{"@type":"ReadAction","target":["https:\/\/cgh.com.pl\/en\/news\/series-of-tanks-for-producer-of-lubricant-oils"]}]},{"@type":"ImageObject","inLanguage":"en-GB","@id":"https:\/\/cgh.com.pl\/en\/news\/series-of-tanks-for-producer-of-lubricant-oils#primaryimage","url":"https:\/\/cgh.com.pl\/en\/wp-content\/uploads\/2021\/06\/Series-of-tanks-for_producer_of_lubricant-oils.jpg","contentUrl":"https:\/\/cgh.com.pl\/en\/wp-content\/uploads\/2021\/06\/Series-of-tanks-for_producer_of_lubricant-oils.jpg","width":600,"height":400,"caption":"Series of tanks for producer of lubricant oils"},{"@type":"BreadcrumbList","@id":"https:\/\/cgh.com.pl\/en\/news\/series-of-tanks-for-producer-of-lubricant-oils#breadcrumb","itemListElement":[{"@type":"ListItem","position":1,"name":"Strona g\u0142\u00f3wna","item":"https:\/\/cgh.com.pl\/en\/"},{"@type":"ListItem","position":2,"name":"News","item":"https:\/\/cgh.com.pl\/en\/news"},{"@type":"ListItem","position":3,"name":"Series of tanks for producer of lubricant oils"}]},{"@type":"WebSite","@id":"https:\/\/cgh.com.pl\/en\/#website","url":"https:\/\/cgh.com.pl\/en\/","name":"Manufacturer of LPG, industrial, fuel, water, pressure and stainless steel tanks - CGH Group","description":"","publisher":{"@id":"https:\/\/cgh.com.pl\/en\/#organization"},"potentialAction":[{"@type":"SearchAction","target":{"@type":"EntryPoint","urlTemplate":"https:\/\/cgh.com.pl\/en\/?s={search_term_string}"},"query-input":{"@type":"PropertyValueSpecification","valueRequired":true,"valueName":"search_term_string"}}],"inLanguage":"en-GB"},{"@type":"Organization","@id":"https:\/\/cgh.com.pl\/en\/#organization","name":"CGH Group","url":"https:\/\/cgh.com.pl\/en\/","logo":{"@type":"ImageObject","inLanguage":"en-GB","@id":"https:\/\/cgh.com.pl\/en\/#\/schema\/logo\/image\/","url":"https:\/\/cgh.com.pl\/en\/wp-content\/uploads\/2020\/11\/logoCGH.png","contentUrl":"https:\/\/cgh.com.pl\/en\/wp-content\/uploads\/2020\/11\/logoCGH.png","width":192,"height":98,"caption":"CGH Group"},"image":{"@id":"https:\/\/cgh.com.pl\/en\/#\/schema\/logo\/image\/"},"sameAs":["https:\/\/www.facebook.com\/cghpolska"]}]}},"_links":{"self":[{"href":"https:\/\/cgh.com.pl\/en\/wp-json\/wp\/v2\/pages\/953","targetHints":{"allow":["GET"]}}],"collection":[{"href":"https:\/\/cgh.com.pl\/en\/wp-json\/wp\/v2\/pages"}],"about":[{"href":"https:\/\/cgh.com.pl\/en\/wp-json\/wp\/v2\/types\/page"}],"author":[{"embeddable":true,"href":"https:\/\/cgh.com.pl\/en\/wp-json\/wp\/v2\/users\/1"}],"replies":[{"embeddable":true,"href":"https:\/\/cgh.com.pl\/en\/wp-json\/wp\/v2\/comments?post=953"}],"version-history":[{"count":2,"href":"https:\/\/cgh.com.pl\/en\/wp-json\/wp\/v2\/pages\/953\/revisions"}],"predecessor-version":[{"id":3839,"href":"https:\/\/cgh.com.pl\/en\/wp-json\/wp\/v2\/pages\/953\/revisions\/3839"}],"up":[{"embeddable":true,"href":"https:\/\/cgh.com.pl\/en\/wp-json\/wp\/v2\/pages\/329"}],"wp:attachment":[{"href":"https:\/\/cgh.com.pl\/en\/wp-json\/wp\/v2\/media?parent=953"}],"curies":[{"name":"wp","href":"https:\/\/api.w.org\/{rel}","templated":true}]}}