{"id":13,"date":"2020-11-24T22:57:09","date_gmt":"2020-11-24T21:57:09","guid":{"rendered":"https:\/\/cgh.com.pl\/es\/?page_id=13"},"modified":"2023-05-23T22:40:17","modified_gmt":"2023-05-23T20:40:17","slug":"depositos-de-combustible","status":"publish","type":"page","link":"https:\/\/cgh.com.pl\/es\/depositos-de-combustible","title":{"rendered":"Dep\u00f3sitos de combustible, dep\u00f3sitos para liquidos inflamables"},"content":{"rendered":"\n<div class=\"wp-block-columns has-2-columns is-layout-flex wp-container-core-columns-is-layout-9d6595d7 wp-block-columns-is-layout-flex\">\n<div class=\"wp-block-column is-layout-flow wp-block-column-is-layout-flow\">\n<p>Dep\u00f3sitos de una pared y doble pared de acero seg\u00fan EN 12285 con homologaci\u00f3n UDT, GUM y, seg\u00fan la versi\u00f3n, homologadas por TUV NORD, TDT, WDT, SVTI<\/p>\n\n\n\n<p>Cgh polska es un fabricante l\u00edder de dep\u00f3sitos de acero en europa de hace a\u00f1os. Nuestros clientes son las mayores empresas petroleras y las empresas grandes y medianas, tanto en polonia como en el extranjero. Los inicios de la empresa tuvieron lugar en la d\u00e9cada de los 90 del siglo XX y desde entonces producimos dep\u00f3sitos seguros y ecol\u00f3gicos para el almacenamiento de l\u00edquidos inflamables en un proceso automatizado. Los dep\u00f3sitos est\u00e1n opcionalmente equipados con accesorios antidesbordamiento, de control y medici\u00f3n y seguimiento de fugas. El est\u00e1ndar es que los dep\u00f3sitos tienen aislamiento anticorrosi\u00f3n de poliuretano. Son posibles el uso de distintos sistemas anticorrosivos para la protecci\u00f3n interna dependiendo del medio.<\/p>\n\n\n\n<div class=\"wp-block-columns has-2-columns is-layout-flex wp-container-core-columns-is-layout-9d6595d7 wp-block-columns-is-layout-flex\">\n<div class=\"wp-block-column is-layout-flow wp-block-column-is-layout-flow\">\n<p>Ofrecemos los siguientes tipos de dep\u00f3sitos de combustible:<\/p>\n\n\n\n<ul class=\"wp-block-list\">\n<li>Dep\u00f3sitos subterr\u00e1neos de doble pared<\/li>\n\n\n\n<li>Dep\u00f3sitos de una y doble pared para almacenamiento de adblue<\/li>\n\n\n\n<li>Estaciones de contenedores<\/li>\n\n\n\n<li>Dep\u00f3sitos para biocombustibles<\/li>\n\n\n\n<li>Dep\u00f3sitos de combustibles para aviaci\u00f3n<\/li>\n<\/ul>\n<\/div>\n\n\n\n<div class=\"wp-block-column is-layout-flow wp-block-column-is-layout-flow\">\n<p>Dep\u00f3sitos de doble pared est\u00e1n dise\u00f1ados para el almacenamiento de productos:<\/p>\n\n\n\n<ul class=\"wp-block-list\">\n<li>En estaciones de combustibles<\/li>\n\n\n\n<li>En bases de combustibles<\/li>\n\n\n\n<li>En aeropuertos<\/li>\n\n\n\n<li>Para fines de calefacci\u00f3n<\/li>\n\n\n\n<li>Para almacenamiento de productos qu\u00edmicos<\/li>\n\n\n\n<li>Para almacenamiento de materiales de producci\u00f3n<\/li>\n<\/ul>\n<\/div>\n<\/div>\n<\/div>\n\n\n\n<div class=\"wp-block-column is-layout-flow wp-block-column-is-layout-flow\">\n<figure class=\"wp-block-image size-full\"><img decoding=\"async\" width=\"600\" height=\"400\" data-src=\"https:\/\/cgh.com.pl\/es\/wp-content\/uploads\/2020\/11\/zbiorniki-paliwowe-podziemne-3.jpg\" alt=\"Dep\u00f3sitos de combustible\" class=\"wp-image-90 img-fluid lazyload\" title=\"Fuel Tank\" data-srcset=\"https:\/\/cgh.com.pl\/es\/wp-content\/uploads\/2020\/11\/zbiorniki-paliwowe-podziemne-3.jpg 600w, https:\/\/cgh.com.pl\/es\/wp-content\/uploads\/2020\/11\/zbiorniki-paliwowe-podziemne-3-300x200.jpg 300w\" data-sizes=\"(max-width: 600px) 100vw, 600px\" src=\"data:image\/svg+xml;base64,PHN2ZyB3aWR0aD0iMSIgaGVpZ2h0PSIxIiB4bWxucz0iaHR0cDovL3d3dy53My5vcmcvMjAwMC9zdmciPjwvc3ZnPg==\" style=\"--smush-placeholder-width: 600px; --smush-placeholder-aspect-ratio: 600\/400;\" \/><\/figure>\n<\/div>\n<\/div>\n\n\n\n<div class=\"wp-block-columns has-4-columns is-layout-flex wp-container-core-columns-is-layout-9d6595d7 wp-block-columns-is-layout-flex\">\n<div class=\"wp-block-column is-layout-flow wp-block-column-is-layout-flow\">\n<figure class=\"wp-block-image\"><a href=\"https:\/\/cgh.com.pl\/es\/depositos-de-combustible\/depositos-subterraneos\"><img decoding=\"async\" width=\"360\" height=\"240\" data-src=\"https:\/\/cgh.com.pl\/es\/wp-content\/uploads\/2020\/11\/Zbiorniki-paliwowe-podziemne.jpg\" alt=\"Underground tanks\" class=\"wp-image-93 img-fluid lazyload\" title=\"Underground tanks\" data-srcset=\"https:\/\/cgh.com.pl\/es\/wp-content\/uploads\/2020\/11\/Zbiorniki-paliwowe-podziemne.jpg 360w, https:\/\/cgh.com.pl\/es\/wp-content\/uploads\/2020\/11\/Zbiorniki-paliwowe-podziemne-300x200.jpg 300w\" data-sizes=\"(max-width: 360px) 100vw, 360px\" src=\"data:image\/svg+xml;base64,PHN2ZyB3aWR0aD0iMSIgaGVpZ2h0PSIxIiB4bWxucz0iaHR0cDovL3d3dy53My5vcmcvMjAwMC9zdmciPjwvc3ZnPg==\" style=\"--smush-placeholder-width: 360px; --smush-placeholder-aspect-ratio: 360\/240;\" \/><\/a><figcaption class=\"wp-element-caption\"><a href=\"https:\/\/cgh.com.pl\/es\/depositos-de-combustible\/depositos-subterraneos\">Dep\u00f3sitos subterr\u00e1neos<\/a><\/figcaption><\/figure>\n<\/div>\n\n\n\n<div class=\"wp-block-column is-layout-flow wp-block-column-is-layout-flow\">\n<figure class=\"wp-block-image\"><a href=\"https:\/\/cgh.com.pl\/es\/depositos-de-combustible\/estaciones-de-contenedores\"><img decoding=\"async\" width=\"360\" height=\"240\" data-src=\"https:\/\/cgh.com.pl\/es\/wp-content\/uploads\/2020\/11\/Stacje-kontenerowe.jpg\" alt=\"Mobile stations\" class=\"wp-image-92 img-fluid lazyload\" title=\"Mobile stations\" data-srcset=\"https:\/\/cgh.com.pl\/es\/wp-content\/uploads\/2020\/11\/Stacje-kontenerowe.jpg 360w, https:\/\/cgh.com.pl\/es\/wp-content\/uploads\/2020\/11\/Stacje-kontenerowe-300x200.jpg 300w\" data-sizes=\"(max-width: 360px) 100vw, 360px\" src=\"data:image\/svg+xml;base64,PHN2ZyB3aWR0aD0iMSIgaGVpZ2h0PSIxIiB4bWxucz0iaHR0cDovL3d3dy53My5vcmcvMjAwMC9zdmciPjwvc3ZnPg==\" style=\"--smush-placeholder-width: 360px; --smush-placeholder-aspect-ratio: 360\/240;\" \/><\/a><figcaption class=\"wp-element-caption\"><a href=\"https:\/\/cgh.com.pl\/es\/depositos-de-combustible\/estaciones-de-contenedores\">Estaciones de contenedores<\/a><\/figcaption><\/figure>\n<\/div>\n\n\n\n<div class=\"wp-block-column is-layout-flow wp-block-column-is-layout-flow\">\n<figure class=\"wp-block-image\"><a href=\"https:\/\/cgh.com.pl\/es\/depositos-de-combustible\/despositos-adblue\"><img decoding=\"async\" width=\"600\" height=\"400\" data-src=\"https:\/\/cgh.com.pl\/es\/wp-content\/uploads\/2020\/11\/zbiorniki-podziemne-do-adblue.jpg\" alt=\"AdBlue Tanks and fittings\" class=\"wp-image-94 img-fluid lazyload\" title=\"AdBlue Tanks and fittings\" data-srcset=\"https:\/\/cgh.com.pl\/es\/wp-content\/uploads\/2020\/11\/zbiorniki-podziemne-do-adblue.jpg 600w, https:\/\/cgh.com.pl\/es\/wp-content\/uploads\/2020\/11\/zbiorniki-podziemne-do-adblue-300x200.jpg 300w\" data-sizes=\"(max-width: 600px) 100vw, 600px\" src=\"data:image\/svg+xml;base64,PHN2ZyB3aWR0aD0iMSIgaGVpZ2h0PSIxIiB4bWxucz0iaHR0cDovL3d3dy53My5vcmcvMjAwMC9zdmciPjwvc3ZnPg==\" style=\"--smush-placeholder-width: 600px; --smush-placeholder-aspect-ratio: 600\/400;\" \/><\/a><figcaption class=\"wp-element-caption\"><a href=\"https:\/\/cgh.com.pl\/es\/depositos-de-combustible\/despositos-adblue\">Desp\u00f3sitos AdBlue<\/a><\/figcaption><\/figure>\n<\/div>\n\n\n\n<div class=\"wp-block-column is-layout-flow wp-block-column-is-layout-flow\">\n<figure class=\"wp-block-image\"><a href=\"https:\/\/cgh.com.pl\/es\/depositos-de-combustible\/estaciones-de-combustible-compactas\"><img decoding=\"async\" width=\"600\" height=\"400\" data-src=\"https:\/\/cgh.com.pl\/es\/wp-content\/uploads\/2020\/11\/kompaktowe-stacje-paliw-2.jpg\" alt=\"Compact stations\" class=\"wp-image-95 img-fluid lazyload\" title=\"Compact stations\" data-srcset=\"https:\/\/cgh.com.pl\/es\/wp-content\/uploads\/2020\/11\/kompaktowe-stacje-paliw-2.jpg 600w, https:\/\/cgh.com.pl\/es\/wp-content\/uploads\/2020\/11\/kompaktowe-stacje-paliw-2-300x200.jpg 300w\" data-sizes=\"(max-width: 600px) 100vw, 600px\" src=\"data:image\/svg+xml;base64,PHN2ZyB3aWR0aD0iMSIgaGVpZ2h0PSIxIiB4bWxucz0iaHR0cDovL3d3dy53My5vcmcvMjAwMC9zdmciPjwvc3ZnPg==\" style=\"--smush-placeholder-width: 600px; --smush-placeholder-aspect-ratio: 600\/400;\" \/><\/a><figcaption class=\"wp-element-caption\"><a href=\"https:\/\/cgh.com.pl\/es\/depositos-de-combustible\/estaciones-de-combustible-compactas\">Estaciones de combustible compactas<\/a><\/figcaption><\/figure>\n<\/div>\n<\/div>\n\n\n\n<div class=\"wp-block-columns has-4-columns is-layout-flex wp-container-core-columns-is-layout-9d6595d7 wp-block-columns-is-layout-flex\">\n<div class=\"wp-block-column is-layout-flow wp-block-column-is-layout-flow\">\n<figure class=\"wp-block-image\"><a href=\"https:\/\/cgh.com.pl\/es\/depositos-de-combustible\/depositos-para-combustible-de-aviacion\"><img decoding=\"async\" width=\"600\" height=\"400\" data-src=\"https:\/\/cgh.com.pl\/es\/wp-content\/uploads\/2021\/04\/aviation-fuel-tanks-2.jpg\" alt=\"Aviation fuel tanks\" class=\"wp-image-1407 img-fluid lazyload\" title=\"Aviation fuel tanks\" data-srcset=\"https:\/\/cgh.com.pl\/es\/wp-content\/uploads\/2021\/04\/aviation-fuel-tanks-2.jpg 600w, https:\/\/cgh.com.pl\/es\/wp-content\/uploads\/2021\/04\/aviation-fuel-tanks-2-300x200.jpg 300w\" data-sizes=\"(max-width: 600px) 100vw, 600px\" src=\"data:image\/svg+xml;base64,PHN2ZyB3aWR0aD0iMSIgaGVpZ2h0PSIxIiB4bWxucz0iaHR0cDovL3d3dy53My5vcmcvMjAwMC9zdmciPjwvc3ZnPg==\" style=\"--smush-placeholder-width: 600px; --smush-placeholder-aspect-ratio: 600\/400;\" \/><\/a><figcaption class=\"wp-element-caption\"><a href=\"https:\/\/cgh.com.pl\/es\/depositos-de-combustible\/depositos-para-combustible-de-aviacion\">Dep\u00f3sitos para combustible de aviaci\u00f3n<\/a><\/figcaption><\/figure>\n<\/div>\n\n\n\n<div class=\"wp-block-column is-layout-flow wp-block-column-is-layout-flow\">\n<figure class=\"wp-block-image\"><a href=\"https:\/\/cgh.com.pl\/es\/depositos-de-combustible\/deposito-de-combustible-diesel\"><img decoding=\"async\" width=\"360\" height=\"240\" data-src=\"https:\/\/cgh.com.pl\/es\/wp-content\/uploads\/2021\/04\/Diesel-tank.jpg\" alt=\"Diesel tank\" class=\"wp-image-1409 img-fluid lazyload\" title=\"Diesel tank\" data-srcset=\"https:\/\/cgh.com.pl\/es\/wp-content\/uploads\/2021\/04\/Diesel-tank.jpg 360w, https:\/\/cgh.com.pl\/es\/wp-content\/uploads\/2021\/04\/Diesel-tank-300x200.jpg 300w\" data-sizes=\"(max-width: 360px) 100vw, 360px\" src=\"data:image\/svg+xml;base64,PHN2ZyB3aWR0aD0iMSIgaGVpZ2h0PSIxIiB4bWxucz0iaHR0cDovL3d3dy53My5vcmcvMjAwMC9zdmciPjwvc3ZnPg==\" style=\"--smush-placeholder-width: 360px; --smush-placeholder-aspect-ratio: 360\/240;\" \/><\/a><figcaption class=\"wp-element-caption\"><a href=\"https:\/\/cgh.com.pl\/es\/depositos-de-combustible\/deposito-de-combustible-diesel\">Dep\u00f3sito de combustible di\u00e9sel<\/a><\/figcaption><\/figure>\n<\/div>\n\n\n\n<div class=\"wp-block-column is-layout-flow wp-block-column-is-layout-flow\">\n<figure class=\"wp-block-image\"><a href=\"https:\/\/cgh.com.pl\/es\/depositos-de-combustible\/deposito-para-aditivos-de-combustible\"><img decoding=\"async\" width=\"800\" height=\"527\" data-src=\"https:\/\/cgh.com.pl\/es\/wp-content\/uploads\/2021\/04\/tanks-for-fuel-additives.jpg\" alt=\"Dep\u00f3sito para aditivos de combustible\" class=\"wp-image-1410 img-fluid lazyload\" title=\"Tank for fuel additives\" data-srcset=\"https:\/\/cgh.com.pl\/es\/wp-content\/uploads\/2021\/04\/tanks-for-fuel-additives.jpg 800w, https:\/\/cgh.com.pl\/es\/wp-content\/uploads\/2021\/04\/tanks-for-fuel-additives-300x198.jpg 300w, https:\/\/cgh.com.pl\/es\/wp-content\/uploads\/2021\/04\/tanks-for-fuel-additives-768x506.jpg 768w\" data-sizes=\"(max-width: 800px) 100vw, 800px\" src=\"data:image\/svg+xml;base64,PHN2ZyB3aWR0aD0iMSIgaGVpZ2h0PSIxIiB4bWxucz0iaHR0cDovL3d3dy53My5vcmcvMjAwMC9zdmciPjwvc3ZnPg==\" style=\"--smush-placeholder-width: 800px; --smush-placeholder-aspect-ratio: 800\/527;\" \/><\/a><figcaption class=\"wp-element-caption\"><a href=\"https:\/\/cgh.com.pl\/es\/depositos-de-combustible\/deposito-para-aditivos-de-combustible\">Dep\u00f3sito para aditivos de combustible<\/a><\/figcaption><\/figure>\n<\/div>\n\n\n\n<div class=\"wp-block-column is-layout-flow wp-block-column-is-layout-flow\">\n<figure class=\"wp-block-image\"><a href=\"https:\/\/cgh.com.pl\/es\/depositos-de-combustible\/deposito-para-biocombustibles\"><img decoding=\"async\" width=\"600\" height=\"400\" data-src=\"https:\/\/cgh.com.pl\/es\/wp-content\/uploads\/2021\/04\/Biofuel-Tanks.jpg\" alt=\"Dep\u00f3sito para biocombustibles\" class=\"wp-image-1411 img-fluid lazyload\" title=\"Biofuel Tanks\" data-srcset=\"https:\/\/cgh.com.pl\/es\/wp-content\/uploads\/2021\/04\/Biofuel-Tanks.jpg 600w, https:\/\/cgh.com.pl\/es\/wp-content\/uploads\/2021\/04\/Biofuel-Tanks-300x200.jpg 300w\" data-sizes=\"(max-width: 600px) 100vw, 600px\" src=\"data:image\/svg+xml;base64,PHN2ZyB3aWR0aD0iMSIgaGVpZ2h0PSIxIiB4bWxucz0iaHR0cDovL3d3dy53My5vcmcvMjAwMC9zdmciPjwvc3ZnPg==\" style=\"--smush-placeholder-width: 600px; --smush-placeholder-aspect-ratio: 600\/400;\" \/><\/a><figcaption class=\"wp-element-caption\"><a href=\"https:\/\/cgh.com.pl\/es\/depositos-de-combustible\/deposito-para-biocombustibles\">Dep\u00f3sito para biocombustibles<\/a><\/figcaption><\/figure>\n<\/div>\n<\/div>\n\n\n\n<div class=\"wp-block-columns has-4-columns is-layout-flex wp-container-core-columns-is-layout-9d6595d7 wp-block-columns-is-layout-flex\">\n<div class=\"wp-block-column is-layout-flow wp-block-column-is-layout-flow\">\n<figure class=\"wp-block-image\"><a href=\"https:\/\/cgh.com.pl\/es\/depositos-de-combustible\/depositos-200-300m3-para-bases-de-combustible\"><img decoding=\"async\" width=\"600\" height=\"400\" data-src=\"https:\/\/cgh.com.pl\/es\/wp-content\/uploads\/2021\/04\/Tanks-200-300-m3-2.jpg\" alt=\"200-300 m3 tanks for fuel bases\" class=\"wp-image-1412 img-fluid lazyload\" title=\"200-300 m3 tanks for fuel bases\" data-srcset=\"https:\/\/cgh.com.pl\/es\/wp-content\/uploads\/2021\/04\/Tanks-200-300-m3-2.jpg 600w, https:\/\/cgh.com.pl\/es\/wp-content\/uploads\/2021\/04\/Tanks-200-300-m3-2-300x200.jpg 300w\" data-sizes=\"(max-width: 600px) 100vw, 600px\" src=\"data:image\/svg+xml;base64,PHN2ZyB3aWR0aD0iMSIgaGVpZ2h0PSIxIiB4bWxucz0iaHR0cDovL3d3dy53My5vcmcvMjAwMC9zdmciPjwvc3ZnPg==\" style=\"--smush-placeholder-width: 600px; --smush-placeholder-aspect-ratio: 600\/400;\" \/><\/a><figcaption class=\"wp-element-caption\"><a href=\"https:\/\/cgh.com.pl\/es\/depositos-de-combustible\/depositos-200-300m3-para-bases-de-combustible\">Dep\u00f3sitos 200-300m3 para bases de combustible<\/a><\/figcaption><\/figure>\n<\/div>\n\n\n\n<div class=\"wp-block-column is-layout-flow wp-block-column-is-layout-flow\">\n<figure class=\"wp-block-image\"><a href=\"https:\/\/cgh.com.pl\/es\/depositos-de-combustible\/tanques-300-m3-para-esteres\"><img decoding=\"async\" width=\"600\" height=\"400\" data-src=\"https:\/\/cgh.com.pl\/es\/wp-content\/uploads\/2021\/03\/300-m3-tanks-for-esters-2.jpg\" alt=\"300 m3 Tanks for esters\" class=\"wp-image-1354 img-fluid lazyload\" title=\"300 m3 Tanks for esters\" data-srcset=\"https:\/\/cgh.com.pl\/es\/wp-content\/uploads\/2021\/03\/300-m3-tanks-for-esters-2.jpg 600w, https:\/\/cgh.com.pl\/es\/wp-content\/uploads\/2021\/03\/300-m3-tanks-for-esters-2-300x200.jpg 300w\" data-sizes=\"(max-width: 600px) 100vw, 600px\" src=\"data:image\/svg+xml;base64,PHN2ZyB3aWR0aD0iMSIgaGVpZ2h0PSIxIiB4bWxucz0iaHR0cDovL3d3dy53My5vcmcvMjAwMC9zdmciPjwvc3ZnPg==\" style=\"--smush-placeholder-width: 600px; --smush-placeholder-aspect-ratio: 600\/400;\" \/><\/a><figcaption class=\"wp-element-caption\"><a href=\"https:\/\/cgh.com.pl\/es\/depositos-de-combustible\/tanques-300-m3-para-esteres\">Tanques 300 m3 para esteres<\/a><\/figcaption><\/figure>\n<\/div>\n\n\n\n<div class=\"wp-block-column is-layout-flow wp-block-column-is-layout-flow\"><\/div>\n\n\n\n<div class=\"wp-block-column is-layout-flow wp-block-column-is-layout-flow\"><\/div>\n<\/div>\n","protected":false},"excerpt":{"rendered":"<p>Dep\u00f3sitos de una pared y doble pared de acero seg\u00fan EN 12285 con homologaci\u00f3n UDT, GUM y, seg\u00fan la versi\u00f3n, homologadas por TUV NORD, TDT, WDT, SVTI Cgh polska es un fabricante l\u00edder de dep\u00f3sitos de acero en europa de hace a\u00f1os. Nuestros clientes son las mayores empresas petroleras y las empresas grandes y medianas, [&hellip;]?<\/p>\n","protected":false},"author":1,"featured_media":0,"parent":0,"menu_order":0,"comment_status":"closed","ping_status":"closed","template":"page-products.php","meta":{"_acf_changed":false,"footnotes":""},"class_list":["post-13","page","type-page","status-publish","hentry"],"acf":[],"yoast_head":"<!-- This site is optimized with the Yoast SEO plugin v26.1.1 - https:\/\/yoast.com\/wordpress\/plugins\/seo\/ -->\n<title>Dep\u00f3sitos de combustible, dep\u00f3sitos para liquidos inflamables - CGH Group Sp. z o.o.<\/title>\n<meta name=\"robots\" content=\"index, follow, max-snippet:-1, max-image-preview:large, max-video-preview:-1\" \/>\n<link rel=\"canonical\" href=\"https:\/\/cgh.com.pl\/es\/depositos-de-combustible\" \/>\n<meta property=\"og:locale\" content=\"es_ES\" \/>\n<meta property=\"og:type\" content=\"article\" \/>\n<meta property=\"og:title\" content=\"Dep\u00f3sitos de combustible, dep\u00f3sitos para liquidos inflamables - CGH Group Sp. z o.o.\" \/>\n<meta property=\"og:description\" content=\"Dep\u00f3sitos de una pared y doble pared de acero seg\u00fan EN 12285 con homologaci\u00f3n UDT, GUM y, seg\u00fan la versi\u00f3n, homologadas por TUV NORD, TDT, WDT, SVTI Cgh polska es un fabricante l\u00edder de dep\u00f3sitos de acero en europa de hace a\u00f1os. Nuestros clientes son las mayores empresas petroleras y las empresas grandes y medianas, [&hellip;]?\" \/>\n<meta property=\"og:url\" content=\"https:\/\/cgh.com.pl\/es\/depositos-de-combustible\" \/>\n<meta property=\"og:site_name\" content=\"CGH Group Sp. z o.o.\" \/>\n<meta property=\"article:publisher\" content=\"https:\/\/www.facebook.com\/cghpolska\" \/>\n<meta property=\"article:modified_time\" content=\"2023-05-23T20:40:17+00:00\" \/>\n<meta property=\"og:image\" content=\"https:\/\/cgh.com.pl\/es\/wp-content\/uploads\/2020\/11\/zbiorniki-paliwowe-podziemne-3.jpg\" \/>\n<meta name=\"twitter:card\" content=\"summary_large_image\" \/>\n<meta name=\"twitter:label1\" content=\"Tiempo de lectura\" \/>\n\t<meta name=\"twitter:data1\" content=\"1 minuto\" \/>\n<script type=\"application\/ld+json\" class=\"yoast-schema-graph\">{\"@context\":\"https:\/\/schema.org\",\"@graph\":[{\"@type\":\"WebPage\",\"@id\":\"https:\/\/cgh.com.pl\/es\/depositos-de-combustible\",\"url\":\"https:\/\/cgh.com.pl\/es\/depositos-de-combustible\",\"name\":\"Dep\u00f3sitos de combustible, dep\u00f3sitos para liquidos inflamables - CGH Group Sp. z o.o.\",\"isPartOf\":{\"@id\":\"https:\/\/cgh.com.pl\/es\/#website\"},\"primaryImageOfPage\":{\"@id\":\"https:\/\/cgh.com.pl\/es\/depositos-de-combustible#primaryimage\"},\"image\":{\"@id\":\"https:\/\/cgh.com.pl\/es\/depositos-de-combustible#primaryimage\"},\"thumbnailUrl\":\"https:\/\/cgh.com.pl\/es\/wp-content\/uploads\/2020\/11\/zbiorniki-paliwowe-podziemne-3.jpg\",\"datePublished\":\"2020-11-24T21:57:09+00:00\",\"dateModified\":\"2023-05-23T20:40:17+00:00\",\"breadcrumb\":{\"@id\":\"https:\/\/cgh.com.pl\/es\/depositos-de-combustible#breadcrumb\"},\"inLanguage\":\"es\",\"potentialAction\":[{\"@type\":\"ReadAction\",\"target\":[\"https:\/\/cgh.com.pl\/es\/depositos-de-combustible\"]}]},{\"@type\":\"ImageObject\",\"inLanguage\":\"es\",\"@id\":\"https:\/\/cgh.com.pl\/es\/depositos-de-combustible#primaryimage\",\"url\":\"https:\/\/cgh.com.pl\/es\/wp-content\/uploads\/2020\/11\/zbiorniki-paliwowe-podziemne-3.jpg\",\"contentUrl\":\"https:\/\/cgh.com.pl\/es\/wp-content\/uploads\/2020\/11\/zbiorniki-paliwowe-podziemne-3.jpg\",\"width\":600,\"height\":400,\"caption\":\"Zbiorniki paliwowe podziemne\"},{\"@type\":\"BreadcrumbList\",\"@id\":\"https:\/\/cgh.com.pl\/es\/depositos-de-combustible#breadcrumb\",\"itemListElement\":[{\"@type\":\"ListItem\",\"position\":1,\"name\":\"Strona g\u0142\u00f3wna\",\"item\":\"https:\/\/cgh.com.pl\/es\/\"},{\"@type\":\"ListItem\",\"position\":2,\"name\":\"Dep\u00f3sitos de combustible, dep\u00f3sitos para liquidos inflamables\"}]},{\"@type\":\"WebSite\",\"@id\":\"https:\/\/cgh.com.pl\/es\/#website\",\"url\":\"https:\/\/cgh.com.pl\/es\/\",\"name\":\"CGH Group Sp. z o.o.\",\"description\":\"\",\"publisher\":{\"@id\":\"https:\/\/cgh.com.pl\/es\/#organization\"},\"alternateName\":\"Ingenier\u00eda, desarrollo y fabricaci\u00f3n de dep\u00f3sitos de GLP, industriales, combustibles, agua, a presi\u00f3n y acero inoxidable - CGH Group\",\"potentialAction\":[{\"@type\":\"SearchAction\",\"target\":{\"@type\":\"EntryPoint\",\"urlTemplate\":\"https:\/\/cgh.com.pl\/es\/?s={search_term_string}\"},\"query-input\":{\"@type\":\"PropertyValueSpecification\",\"valueRequired\":true,\"valueName\":\"search_term_string\"}}],\"inLanguage\":\"es\"},{\"@type\":\"Organization\",\"@id\":\"https:\/\/cgh.com.pl\/es\/#organization\",\"name\":\"CGH Group Sp. z o.o.\",\"url\":\"https:\/\/cgh.com.pl\/es\/\",\"logo\":{\"@type\":\"ImageObject\",\"inLanguage\":\"es\",\"@id\":\"https:\/\/cgh.com.pl\/es\/#\/schema\/logo\/image\/\",\"url\":\"https:\/\/cgh.com.pl\/es\/wp-content\/uploads\/2023\/05\/logoCGH.png\",\"contentUrl\":\"https:\/\/cgh.com.pl\/es\/wp-content\/uploads\/2023\/05\/logoCGH.png\",\"width\":449,\"height\":162,\"caption\":\"CGH Group Sp. z o.o.\"},\"image\":{\"@id\":\"https:\/\/cgh.com.pl\/es\/#\/schema\/logo\/image\/\"},\"sameAs\":[\"https:\/\/www.facebook.com\/cghpolska\",\"https:\/\/www.youtube.com\/channel\/UCe9uW1n0tEj_ZJOEtHIHGQw\"]}]}<\/script>\n<!-- \/ Yoast SEO plugin. -->","yoast_head_json":{"title":"Dep\u00f3sitos de combustible, dep\u00f3sitos para liquidos inflamables - CGH Group Sp. z o.o.","robots":{"index":"index","follow":"follow","max-snippet":"max-snippet:-1","max-image-preview":"max-image-preview:large","max-video-preview":"max-video-preview:-1"},"canonical":"https:\/\/cgh.com.pl\/es\/depositos-de-combustible","og_locale":"es_ES","og_type":"article","og_title":"Dep\u00f3sitos de combustible, dep\u00f3sitos para liquidos inflamables - CGH Group Sp. z o.o.","og_description":"Dep\u00f3sitos de una pared y doble pared de acero seg\u00fan EN 12285 con homologaci\u00f3n UDT, GUM y, seg\u00fan la versi\u00f3n, homologadas por TUV NORD, TDT, WDT, SVTI Cgh polska es un fabricante l\u00edder de dep\u00f3sitos de acero en europa de hace a\u00f1os. Nuestros clientes son las mayores empresas petroleras y las empresas grandes y medianas, [&hellip;]?","og_url":"https:\/\/cgh.com.pl\/es\/depositos-de-combustible","og_site_name":"CGH Group Sp. z o.o.","article_publisher":"https:\/\/www.facebook.com\/cghpolska","article_modified_time":"2023-05-23T20:40:17+00:00","og_image":[{"url":"https:\/\/cgh.com.pl\/es\/wp-content\/uploads\/2020\/11\/zbiorniki-paliwowe-podziemne-3.jpg","type":"","width":"","height":""}],"twitter_card":"summary_large_image","twitter_misc":{"Tiempo de lectura":"1 minuto"},"schema":{"@context":"https:\/\/schema.org","@graph":[{"@type":"WebPage","@id":"https:\/\/cgh.com.pl\/es\/depositos-de-combustible","url":"https:\/\/cgh.com.pl\/es\/depositos-de-combustible","name":"Dep\u00f3sitos de combustible, dep\u00f3sitos para liquidos inflamables - CGH Group Sp. z o.o.","isPartOf":{"@id":"https:\/\/cgh.com.pl\/es\/#website"},"primaryImageOfPage":{"@id":"https:\/\/cgh.com.pl\/es\/depositos-de-combustible#primaryimage"},"image":{"@id":"https:\/\/cgh.com.pl\/es\/depositos-de-combustible#primaryimage"},"thumbnailUrl":"https:\/\/cgh.com.pl\/es\/wp-content\/uploads\/2020\/11\/zbiorniki-paliwowe-podziemne-3.jpg","datePublished":"2020-11-24T21:57:09+00:00","dateModified":"2023-05-23T20:40:17+00:00","breadcrumb":{"@id":"https:\/\/cgh.com.pl\/es\/depositos-de-combustible#breadcrumb"},"inLanguage":"es","potentialAction":[{"@type":"ReadAction","target":["https:\/\/cgh.com.pl\/es\/depositos-de-combustible"]}]},{"@type":"ImageObject","inLanguage":"es","@id":"https:\/\/cgh.com.pl\/es\/depositos-de-combustible#primaryimage","url":"https:\/\/cgh.com.pl\/es\/wp-content\/uploads\/2020\/11\/zbiorniki-paliwowe-podziemne-3.jpg","contentUrl":"https:\/\/cgh.com.pl\/es\/wp-content\/uploads\/2020\/11\/zbiorniki-paliwowe-podziemne-3.jpg","width":600,"height":400,"caption":"Zbiorniki paliwowe podziemne"},{"@type":"BreadcrumbList","@id":"https:\/\/cgh.com.pl\/es\/depositos-de-combustible#breadcrumb","itemListElement":[{"@type":"ListItem","position":1,"name":"Strona g\u0142\u00f3wna","item":"https:\/\/cgh.com.pl\/es\/"},{"@type":"ListItem","position":2,"name":"Dep\u00f3sitos de combustible, dep\u00f3sitos para liquidos inflamables"}]},{"@type":"WebSite","@id":"https:\/\/cgh.com.pl\/es\/#website","url":"https:\/\/cgh.com.pl\/es\/","name":"CGH Group Sp. z o.o.","description":"","publisher":{"@id":"https:\/\/cgh.com.pl\/es\/#organization"},"alternateName":"Ingenier\u00eda, desarrollo y fabricaci\u00f3n de dep\u00f3sitos de GLP, industriales, combustibles, agua, a presi\u00f3n y acero inoxidable - CGH Group","potentialAction":[{"@type":"SearchAction","target":{"@type":"EntryPoint","urlTemplate":"https:\/\/cgh.com.pl\/es\/?s={search_term_string}"},"query-input":{"@type":"PropertyValueSpecification","valueRequired":true,"valueName":"search_term_string"}}],"inLanguage":"es"},{"@type":"Organization","@id":"https:\/\/cgh.com.pl\/es\/#organization","name":"CGH Group Sp. z o.o.","url":"https:\/\/cgh.com.pl\/es\/","logo":{"@type":"ImageObject","inLanguage":"es","@id":"https:\/\/cgh.com.pl\/es\/#\/schema\/logo\/image\/","url":"https:\/\/cgh.com.pl\/es\/wp-content\/uploads\/2023\/05\/logoCGH.png","contentUrl":"https:\/\/cgh.com.pl\/es\/wp-content\/uploads\/2023\/05\/logoCGH.png","width":449,"height":162,"caption":"CGH Group Sp. z o.o."},"image":{"@id":"https:\/\/cgh.com.pl\/es\/#\/schema\/logo\/image\/"},"sameAs":["https:\/\/www.facebook.com\/cghpolska","https:\/\/www.youtube.com\/channel\/UCe9uW1n0tEj_ZJOEtHIHGQw"]}]}},"_links":{"self":[{"href":"https:\/\/cgh.com.pl\/es\/wp-json\/wp\/v2\/pages\/13","targetHints":{"allow":["GET"]}}],"collection":[{"href":"https:\/\/cgh.com.pl\/es\/wp-json\/wp\/v2\/pages"}],"about":[{"href":"https:\/\/cgh.com.pl\/es\/wp-json\/wp\/v2\/types\/page"}],"author":[{"embeddable":true,"href":"https:\/\/cgh.com.pl\/es\/wp-json\/wp\/v2\/users\/1"}],"replies":[{"embeddable":true,"href":"https:\/\/cgh.com.pl\/es\/wp-json\/wp\/v2\/comments?post=13"}],"version-history":[{"count":41,"href":"https:\/\/cgh.com.pl\/es\/wp-json\/wp\/v2\/pages\/13\/revisions"}],"predecessor-version":[{"id":5081,"href":"https:\/\/cgh.com.pl\/es\/wp-json\/wp\/v2\/pages\/13\/revisions\/5081"}],"wp:attachment":[{"href":"https:\/\/cgh.com.pl\/es\/wp-json\/wp\/v2\/media?parent=13"}],"curies":[{"name":"wp","href":"https:\/\/api.w.org\/{rel}","templated":true}]}}