{"id":146,"date":"2020-12-02T17:15:53","date_gmt":"2020-12-02T16:15:53","guid":{"rendered":"https:\/\/cgh.com.pl\/es\/?page_id=146"},"modified":"2023-02-11T22:39:24","modified_gmt":"2023-02-11T21:39:24","slug":"despositos-adblue","status":"publish","type":"page","link":"https:\/\/cgh.com.pl\/es\/depositos-de-combustible\/despositos-adblue","title":{"rendered":"Desp\u00f3sitos AdBlue"},"content":{"rendered":"\n<div class=\"wp-block-columns has-2-columns is-layout-flex wp-container-core-columns-is-layout-9d6595d7 wp-block-columns-is-layout-flex\">\n<div class=\"wp-block-column is-layout-flow wp-block-column-is-layout-flow\">\n<h4 class=\"wp-block-heading\"><strong>Seguridad:<\/strong><\/h4>\n\n\n\n<p>AdBlue 32,5% la soluci\u00f3n acuosa de urea permite cumplir las normas de emisi\u00f3n de gases Euro 4, Euro 5 y Euro 6 en camiones de nueva generaci\u00f3n. Agente reductor de part\u00edculas nocivas de escape en modernos motores diesel en tecnolog\u00eda SCR.<\/p>\n\n\n\n<p>Los dep\u00f3sitos de AdBlue producidos por nosotros se caracterizan por una construcci\u00f3n de doble pared que permite controlar posibles fugas, lo que los hace seguros para el medio ambiente. Gracias al innovador revestimiento interno de AdBlue, ofrecemos la garant\u00eda de 3 a\u00f1os en los dep\u00f3sitos de AdBlue. Tambi\u00e9n ofrecemos accesorios completos para dep\u00f3sitos y la posibilidad de pedidos individuales para estaciones de contenedores.<\/p>\n\n\n\n<p> <\/p>\n<\/div>\n\n\n\n<div class=\"wp-block-column is-layout-flow wp-block-column-is-layout-flow\">\n<h4 class=\"wp-block-heading\">Datos t\u00e9cnicos:<\/h4>\n\n\n\n<ul class=\"wp-block-list\">\n<li>Fabricados seg\u00fan la norma EN 12285<\/li>\n\n\n\n<li>Material base &#8211; acero al carbono, opcionalmente la pared interna de acero 304<\/li>\n\n\n\n<li>Tubo acero inoxidable<\/li>\n\n\n\n<li>Revestimiento externo \u2013 dep\u00f3sitos terrestres &#8211; 3 a\u00f1os de garant\u00eda &#8211; dep\u00f3sitos subterr\u00e1neos &#8211; 10 a\u00f1os de garant\u00eda<\/li>\n\n\n\n<li>Revestimiento interno &#8211; revestimiento resistente AdBlue &#8211; 3 a\u00f1os de garant\u00eda<\/li>\n\n\n\n<li>Dep\u00f3sitos terrestres equipados opcionalmente con calentador el\u00e9ctrico y protector solar<\/li>\n\n\n\n<li>Capacidades del dep\u00f3sito 1 m<sup>3<\/sup> &#8211; 100 m<sup>3<\/sup><\/li>\n<\/ul>\n\n\n\n<p>      <\/p>\n<\/div>\n<\/div>\n\n\n\n<div class=\"photos large\">\n<div class=\"first-zoom-photo\">\n<p style=\"text-align: center; font-size: 10px; margin-bottom:0;\"><img decoding=\"async\" data-src=\"https:\/\/cgh.com.pl\/es\/wp-content\/uploads\/2021\/05\/AdBlue-Tanks-and-fittings.jpg\" alt=\"Zbiorniki do AdBlue\" src=\"data:image\/svg+xml;base64,PHN2ZyB3aWR0aD0iMSIgaGVpZ2h0PSIxIiB4bWxucz0iaHR0cDovL3d3dy53My5vcmcvMjAwMC9zdmciPjwvc3ZnPg==\" class=\"lazyload\" style=\"--smush-placeholder-width: 600px; --smush-placeholder-aspect-ratio: 600\/400;\"><\/p>\n\n<div><\/div>\n<\/div>\n<div>\n<p style=\"text-align: center; font-size: 10px; margin-bottom:0;\"><img decoding=\"async\" data-src=\"https:\/\/cgh.com.pl\/es\/wp-content\/uploads\/2021\/05\/AdBlue-Tanks-01.jpg\" alt=\"Zbiorniki do AdBlue\" src=\"data:image\/svg+xml;base64,PHN2ZyB3aWR0aD0iMSIgaGVpZ2h0PSIxIiB4bWxucz0iaHR0cDovL3d3dy53My5vcmcvMjAwMC9zdmciPjwvc3ZnPg==\" class=\"lazyload\" style=\"--smush-placeholder-width: 600px; --smush-placeholder-aspect-ratio: 600\/400;\"><\/p>\n\n<div><\/div>\n<\/div>\n\n<div class=\"pair\">\n<p style=\"text-align: center; font-size: 10px; margin-bottom:0;\"><img decoding=\"async\" data-src=\"https:\/\/cgh.com.pl\/es\/wp-content\/uploads\/2021\/04\/Underground_Tanks_for_AdBlue.jpg\" alt=\"Zbiorniki podziemne do AdBlue\" src=\"data:image\/svg+xml;base64,PHN2ZyB3aWR0aD0iMSIgaGVpZ2h0PSIxIiB4bWxucz0iaHR0cDovL3d3dy53My5vcmcvMjAwMC9zdmciPjwvc3ZnPg==\" class=\"lazyload\" style=\"--smush-placeholder-width: 600px; --smush-placeholder-aspect-ratio: 600\/400;\"><\/p>\n\n<div><\/div>\n<div><\/div>\n<\/div>\n<\/div>\n\n\n\n<div class=\"photos large\">\n<div class=\"first-zoom-photo\">\n<p style=\"text-align: center; font-size: 10px; margin-bottom:0;\"><img decoding=\"async\" data-src=\"https:\/\/cgh.com.pl\/es\/wp-content\/uploads\/2021\/05\/Aboveground-Tanks-for-AdBlue.jpg\" alt=\"Zbiorniki naziemne do AdBlue\" src=\"data:image\/svg+xml;base64,PHN2ZyB3aWR0aD0iMSIgaGVpZ2h0PSIxIiB4bWxucz0iaHR0cDovL3d3dy53My5vcmcvMjAwMC9zdmciPjwvc3ZnPg==\" class=\"lazyload\" style=\"--smush-placeholder-width: 600px; --smush-placeholder-aspect-ratio: 600\/400;\"><\/p>\n\n<div><\/div>\n<\/div>\n<div>\n\n\n<div><\/div>\n<\/div>\n\n<div class=\"pair\">\n\n\n<div><\/div>\n<div><\/div>\n<\/div>\n<\/div>\n","protected":false},"excerpt":{"rendered":"<p>Seguridad: AdBlue 32,5% la soluci\u00f3n acuosa de urea permite cumplir las normas de emisi\u00f3n de gases Euro 4, Euro 5 y Euro 6 en camiones de nueva generaci\u00f3n. Agente reductor de part\u00edculas nocivas de escape en modernos motores diesel en tecnolog\u00eda SCR. Los dep\u00f3sitos de AdBlue producidos por nosotros se caracterizan por una construcci\u00f3n de [&hellip;]?<\/p>\n","protected":false},"author":1,"featured_media":0,"parent":13,"menu_order":0,"comment_status":"closed","ping_status":"closed","template":"page-products.php","meta":{"_acf_changed":false,"footnotes":""},"class_list":["post-146","page","type-page","status-publish","hentry"],"acf":[],"yoast_head":"<!-- This site is optimized with the Yoast SEO plugin v26.1.1 - https:\/\/yoast.com\/wordpress\/plugins\/seo\/ -->\n<title>Desp\u00f3sitos AdBlue - CGH Group Sp. z o.o.<\/title>\n<meta name=\"robots\" content=\"index, follow, max-snippet:-1, max-image-preview:large, max-video-preview:-1\" \/>\n<link rel=\"canonical\" href=\"https:\/\/cgh.com.pl\/es\/depositos-de-combustible\/despositos-adblue\" \/>\n<meta property=\"og:locale\" content=\"es_ES\" \/>\n<meta property=\"og:type\" content=\"article\" \/>\n<meta property=\"og:title\" content=\"Desp\u00f3sitos AdBlue - CGH Group Sp. z o.o.\" \/>\n<meta property=\"og:description\" content=\"Seguridad: AdBlue 32,5% la soluci\u00f3n acuosa de urea permite cumplir las normas de emisi\u00f3n de gases Euro 4, Euro 5 y Euro 6 en camiones de nueva generaci\u00f3n. Agente reductor de part\u00edculas nocivas de escape en modernos motores diesel en tecnolog\u00eda SCR. Los dep\u00f3sitos de AdBlue producidos por nosotros se caracterizan por una construcci\u00f3n de [&hellip;]?\" \/>\n<meta property=\"og:url\" content=\"https:\/\/cgh.com.pl\/es\/depositos-de-combustible\/despositos-adblue\" \/>\n<meta property=\"og:site_name\" content=\"CGH Group Sp. z o.o.\" \/>\n<meta property=\"article:publisher\" content=\"https:\/\/www.facebook.com\/cghpolska\" \/>\n<meta property=\"article:modified_time\" content=\"2023-02-11T21:39:24+00:00\" \/>\n<meta property=\"og:image\" content=\"https:\/\/cgh.com.pl\/es\/wp-content\/uploads\/2021\/05\/AdBlue-Tanks-and-fittings.jpg\" \/>\n<meta name=\"twitter:card\" content=\"summary_large_image\" \/>\n<meta name=\"twitter:label1\" content=\"Tiempo de lectura\" \/>\n\t<meta name=\"twitter:data1\" content=\"1 minuto\" \/>\n<script type=\"application\/ld+json\" class=\"yoast-schema-graph\">{\"@context\":\"https:\/\/schema.org\",\"@graph\":[{\"@type\":\"WebPage\",\"@id\":\"https:\/\/cgh.com.pl\/es\/depositos-de-combustible\/despositos-adblue\",\"url\":\"https:\/\/cgh.com.pl\/es\/depositos-de-combustible\/despositos-adblue\",\"name\":\"Desp\u00f3sitos AdBlue - CGH Group Sp. z o.o.\",\"isPartOf\":{\"@id\":\"https:\/\/cgh.com.pl\/es\/#website\"},\"primaryImageOfPage\":{\"@id\":\"https:\/\/cgh.com.pl\/es\/depositos-de-combustible\/despositos-adblue#primaryimage\"},\"image\":{\"@id\":\"https:\/\/cgh.com.pl\/es\/depositos-de-combustible\/despositos-adblue#primaryimage\"},\"thumbnailUrl\":\"https:\/\/cgh.com.pl\/es\/wp-content\/uploads\/2021\/05\/AdBlue-Tanks-and-fittings.jpg\",\"datePublished\":\"2020-12-02T16:15:53+00:00\",\"dateModified\":\"2023-02-11T21:39:24+00:00\",\"breadcrumb\":{\"@id\":\"https:\/\/cgh.com.pl\/es\/depositos-de-combustible\/despositos-adblue#breadcrumb\"},\"inLanguage\":\"es\",\"potentialAction\":[{\"@type\":\"ReadAction\",\"target\":[\"https:\/\/cgh.com.pl\/es\/depositos-de-combustible\/despositos-adblue\"]}]},{\"@type\":\"ImageObject\",\"inLanguage\":\"es\",\"@id\":\"https:\/\/cgh.com.pl\/es\/depositos-de-combustible\/despositos-adblue#primaryimage\",\"url\":\"https:\/\/cgh.com.pl\/es\/wp-content\/uploads\/2021\/05\/AdBlue-Tanks-and-fittings.jpg\",\"contentUrl\":\"https:\/\/cgh.com.pl\/es\/wp-content\/uploads\/2021\/05\/AdBlue-Tanks-and-fittings.jpg\",\"width\":600,\"height\":400,\"caption\":\"AdBlue Tanks and fittings\"},{\"@type\":\"BreadcrumbList\",\"@id\":\"https:\/\/cgh.com.pl\/es\/depositos-de-combustible\/despositos-adblue#breadcrumb\",\"itemListElement\":[{\"@type\":\"ListItem\",\"position\":1,\"name\":\"Strona g\u0142\u00f3wna\",\"item\":\"https:\/\/cgh.com.pl\/es\/\"},{\"@type\":\"ListItem\",\"position\":2,\"name\":\"Dep\u00f3sitos de combustible, dep\u00f3sitos para liquidos inflamables\",\"item\":\"https:\/\/cgh.com.pl\/es\/depositos-de-combustible\"},{\"@type\":\"ListItem\",\"position\":3,\"name\":\"Desp\u00f3sitos AdBlue\"}]},{\"@type\":\"WebSite\",\"@id\":\"https:\/\/cgh.com.pl\/es\/#website\",\"url\":\"https:\/\/cgh.com.pl\/es\/\",\"name\":\"CGH Group Sp. z o.o.\",\"description\":\"\",\"publisher\":{\"@id\":\"https:\/\/cgh.com.pl\/es\/#organization\"},\"alternateName\":\"Ingenier\u00eda, desarrollo y fabricaci\u00f3n de dep\u00f3sitos de GLP, industriales, combustibles, agua, a presi\u00f3n y acero inoxidable - CGH Group\",\"potentialAction\":[{\"@type\":\"SearchAction\",\"target\":{\"@type\":\"EntryPoint\",\"urlTemplate\":\"https:\/\/cgh.com.pl\/es\/?s={search_term_string}\"},\"query-input\":{\"@type\":\"PropertyValueSpecification\",\"valueRequired\":true,\"valueName\":\"search_term_string\"}}],\"inLanguage\":\"es\"},{\"@type\":\"Organization\",\"@id\":\"https:\/\/cgh.com.pl\/es\/#organization\",\"name\":\"CGH Group Sp. z o.o.\",\"url\":\"https:\/\/cgh.com.pl\/es\/\",\"logo\":{\"@type\":\"ImageObject\",\"inLanguage\":\"es\",\"@id\":\"https:\/\/cgh.com.pl\/es\/#\/schema\/logo\/image\/\",\"url\":\"https:\/\/cgh.com.pl\/es\/wp-content\/uploads\/2023\/05\/logoCGH.png\",\"contentUrl\":\"https:\/\/cgh.com.pl\/es\/wp-content\/uploads\/2023\/05\/logoCGH.png\",\"width\":449,\"height\":162,\"caption\":\"CGH Group Sp. z o.o.\"},\"image\":{\"@id\":\"https:\/\/cgh.com.pl\/es\/#\/schema\/logo\/image\/\"},\"sameAs\":[\"https:\/\/www.facebook.com\/cghpolska\",\"https:\/\/www.youtube.com\/channel\/UCe9uW1n0tEj_ZJOEtHIHGQw\"]}]}<\/script>\n<!-- \/ Yoast SEO plugin. -->","yoast_head_json":{"title":"Desp\u00f3sitos AdBlue - CGH Group Sp. z o.o.","robots":{"index":"index","follow":"follow","max-snippet":"max-snippet:-1","max-image-preview":"max-image-preview:large","max-video-preview":"max-video-preview:-1"},"canonical":"https:\/\/cgh.com.pl\/es\/depositos-de-combustible\/despositos-adblue","og_locale":"es_ES","og_type":"article","og_title":"Desp\u00f3sitos AdBlue - CGH Group Sp. z o.o.","og_description":"Seguridad: AdBlue 32,5% la soluci\u00f3n acuosa de urea permite cumplir las normas de emisi\u00f3n de gases Euro 4, Euro 5 y Euro 6 en camiones de nueva generaci\u00f3n. Agente reductor de part\u00edculas nocivas de escape en modernos motores diesel en tecnolog\u00eda SCR. Los dep\u00f3sitos de AdBlue producidos por nosotros se caracterizan por una construcci\u00f3n de [&hellip;]?","og_url":"https:\/\/cgh.com.pl\/es\/depositos-de-combustible\/despositos-adblue","og_site_name":"CGH Group Sp. z o.o.","article_publisher":"https:\/\/www.facebook.com\/cghpolska","article_modified_time":"2023-02-11T21:39:24+00:00","og_image":[{"url":"https:\/\/cgh.com.pl\/es\/wp-content\/uploads\/2021\/05\/AdBlue-Tanks-and-fittings.jpg","type":"","width":"","height":""}],"twitter_card":"summary_large_image","twitter_misc":{"Tiempo de lectura":"1 minuto"},"schema":{"@context":"https:\/\/schema.org","@graph":[{"@type":"WebPage","@id":"https:\/\/cgh.com.pl\/es\/depositos-de-combustible\/despositos-adblue","url":"https:\/\/cgh.com.pl\/es\/depositos-de-combustible\/despositos-adblue","name":"Desp\u00f3sitos AdBlue - CGH Group Sp. z o.o.","isPartOf":{"@id":"https:\/\/cgh.com.pl\/es\/#website"},"primaryImageOfPage":{"@id":"https:\/\/cgh.com.pl\/es\/depositos-de-combustible\/despositos-adblue#primaryimage"},"image":{"@id":"https:\/\/cgh.com.pl\/es\/depositos-de-combustible\/despositos-adblue#primaryimage"},"thumbnailUrl":"https:\/\/cgh.com.pl\/es\/wp-content\/uploads\/2021\/05\/AdBlue-Tanks-and-fittings.jpg","datePublished":"2020-12-02T16:15:53+00:00","dateModified":"2023-02-11T21:39:24+00:00","breadcrumb":{"@id":"https:\/\/cgh.com.pl\/es\/depositos-de-combustible\/despositos-adblue#breadcrumb"},"inLanguage":"es","potentialAction":[{"@type":"ReadAction","target":["https:\/\/cgh.com.pl\/es\/depositos-de-combustible\/despositos-adblue"]}]},{"@type":"ImageObject","inLanguage":"es","@id":"https:\/\/cgh.com.pl\/es\/depositos-de-combustible\/despositos-adblue#primaryimage","url":"https:\/\/cgh.com.pl\/es\/wp-content\/uploads\/2021\/05\/AdBlue-Tanks-and-fittings.jpg","contentUrl":"https:\/\/cgh.com.pl\/es\/wp-content\/uploads\/2021\/05\/AdBlue-Tanks-and-fittings.jpg","width":600,"height":400,"caption":"AdBlue Tanks and fittings"},{"@type":"BreadcrumbList","@id":"https:\/\/cgh.com.pl\/es\/depositos-de-combustible\/despositos-adblue#breadcrumb","itemListElement":[{"@type":"ListItem","position":1,"name":"Strona g\u0142\u00f3wna","item":"https:\/\/cgh.com.pl\/es\/"},{"@type":"ListItem","position":2,"name":"Dep\u00f3sitos de combustible, dep\u00f3sitos para liquidos inflamables","item":"https:\/\/cgh.com.pl\/es\/depositos-de-combustible"},{"@type":"ListItem","position":3,"name":"Desp\u00f3sitos AdBlue"}]},{"@type":"WebSite","@id":"https:\/\/cgh.com.pl\/es\/#website","url":"https:\/\/cgh.com.pl\/es\/","name":"CGH Group Sp. z o.o.","description":"","publisher":{"@id":"https:\/\/cgh.com.pl\/es\/#organization"},"alternateName":"Ingenier\u00eda, desarrollo y fabricaci\u00f3n de dep\u00f3sitos de GLP, industriales, combustibles, agua, a presi\u00f3n y acero inoxidable - CGH Group","potentialAction":[{"@type":"SearchAction","target":{"@type":"EntryPoint","urlTemplate":"https:\/\/cgh.com.pl\/es\/?s={search_term_string}"},"query-input":{"@type":"PropertyValueSpecification","valueRequired":true,"valueName":"search_term_string"}}],"inLanguage":"es"},{"@type":"Organization","@id":"https:\/\/cgh.com.pl\/es\/#organization","name":"CGH Group Sp. z o.o.","url":"https:\/\/cgh.com.pl\/es\/","logo":{"@type":"ImageObject","inLanguage":"es","@id":"https:\/\/cgh.com.pl\/es\/#\/schema\/logo\/image\/","url":"https:\/\/cgh.com.pl\/es\/wp-content\/uploads\/2023\/05\/logoCGH.png","contentUrl":"https:\/\/cgh.com.pl\/es\/wp-content\/uploads\/2023\/05\/logoCGH.png","width":449,"height":162,"caption":"CGH Group Sp. z o.o."},"image":{"@id":"https:\/\/cgh.com.pl\/es\/#\/schema\/logo\/image\/"},"sameAs":["https:\/\/www.facebook.com\/cghpolska","https:\/\/www.youtube.com\/channel\/UCe9uW1n0tEj_ZJOEtHIHGQw"]}]}},"_links":{"self":[{"href":"https:\/\/cgh.com.pl\/es\/wp-json\/wp\/v2\/pages\/146","targetHints":{"allow":["GET"]}}],"collection":[{"href":"https:\/\/cgh.com.pl\/es\/wp-json\/wp\/v2\/pages"}],"about":[{"href":"https:\/\/cgh.com.pl\/es\/wp-json\/wp\/v2\/types\/page"}],"author":[{"embeddable":true,"href":"https:\/\/cgh.com.pl\/es\/wp-json\/wp\/v2\/users\/1"}],"replies":[{"embeddable":true,"href":"https:\/\/cgh.com.pl\/es\/wp-json\/wp\/v2\/comments?post=146"}],"version-history":[{"count":7,"href":"https:\/\/cgh.com.pl\/es\/wp-json\/wp\/v2\/pages\/146\/revisions"}],"predecessor-version":[{"id":4610,"href":"https:\/\/cgh.com.pl\/es\/wp-json\/wp\/v2\/pages\/146\/revisions\/4610"}],"up":[{"embeddable":true,"href":"https:\/\/cgh.com.pl\/es\/wp-json\/wp\/v2\/pages\/13"}],"wp:attachment":[{"href":"https:\/\/cgh.com.pl\/es\/wp-json\/wp\/v2\/media?parent=146"}],"curies":[{"name":"wp","href":"https:\/\/api.w.org\/{rel}","templated":true}]}}