{"id":151,"date":"2020-12-02T17:22:48","date_gmt":"2020-12-02T16:22:48","guid":{"rendered":"https:\/\/cgh.com.pl\/es\/?page_id=151"},"modified":"2023-02-11T22:45:21","modified_gmt":"2023-02-11T21:45:21","slug":"estaciones-de-combustible-compactas","status":"publish","type":"page","link":"https:\/\/cgh.com.pl\/es\/depositos-de-combustible\/estaciones-de-combustible-compactas","title":{"rendered":"Estaciones de combustible compactas"},"content":{"rendered":"\n<h4 class=\"wp-block-heading\" id=\"wstepnie-zmontowane-i-konfigurowalne\" style=\"font-size:15px\">Premontado y configurable<\/h4>\n\n\n\n<div class=\"wp-block-columns has-2-columns is-layout-flex wp-container-core-columns-is-layout-9d6595d7 wp-block-columns-is-layout-flex\">\n<div class=\"wp-block-column is-layout-flow wp-block-column-is-layout-flow\">\n<p>Las gasolineras compactas son la respuesta de CGH a la necesidad de gasolineras de f\u00e1cil construcci\u00f3n, que garanticen una puesta en marcha r\u00e1pida. Se utilizan en todo el mundo. Sirven tanto de carreteras como de urbanizaciones, porque se adaptan a las necesidades de peque\u00f1as parcelas urbanas.<\/p>\n\n\n\n<ul class=\"wp-block-list\">\n<li>Las posibilidades de almacenamiento de combustible de 30 a 120 m\u00b3 se consiguen a partir de uno o dos dep\u00f3sitos instalados al lado en la excavaci\u00f3n. Los dep\u00f3sitos son siempre de doble pared y multic\u00e1maras para conservar de 3 a 4 tipos diferentes de combustible. Los dep\u00f3sitos cumplen la norma EN 12285-1.<\/li>\n<\/ul>\n\n\n<div class=\"wp-block-image\">\n<figure class=\"aligncenter\"><img decoding=\"async\" width=\"344\" height=\"172\" data-src=\"https:\/\/cgh.com.pl\/es\/wp-content\/uploads\/2021\/05\/Compact-stations-drawing.jpg\" alt=\"Estaciones de combustible compactas.\" class=\"wp-image-1455 img-fluid lazyload\" data-srcset=\"https:\/\/cgh.com.pl\/es\/wp-content\/uploads\/2021\/05\/Compact-stations-drawing.jpg 344w, https:\/\/cgh.com.pl\/es\/wp-content\/uploads\/2021\/05\/Compact-stations-drawing-300x150.jpg 300w\" data-sizes=\"(max-width: 344px) 100vw, 344px\" src=\"data:image\/svg+xml;base64,PHN2ZyB3aWR0aD0iMSIgaGVpZ2h0PSIxIiB4bWxucz0iaHR0cDovL3d3dy53My5vcmcvMjAwMC9zdmciPjwvc3ZnPg==\" style=\"--smush-placeholder-width: 344px; --smush-placeholder-aspect-ratio: 344\/172;\" \/><\/figure><\/div><\/div>\n\n\n\n<div class=\"wp-block-column is-layout-flow wp-block-column-is-layout-flow\">\n<ul class=\"wp-block-list\">\n<li>Canal de montaje central est\u00e1 soldado al tanque y protegido externamente con una capa de Endopreno, contiene las tuber\u00edas y todos los componentes de la estaci\u00f3n, incluidas las tapas de registro, los marcos de montaje para los distribuidores y el pozo central del sumidero de combustible<\/li>\n\n\n\n<li>Existe la posibilidad de integrar un colector que permite cambiar el tipo de combustible para cada distribuidor en el futuro.<\/li>\n\n\n\n<li>El dep\u00f3sito se apoya sobre el fundamento rapid speed chassis integrado con el marco sobre el que se apoya el estante de la estaci\u00f3n.<\/li>\n\n\n\n<li>El marco est\u00e1 dise\u00f1ado para considerar la reacci\u00f3n de los postes del estante sin transferir fuerza al deposito.<\/li>\n\n\n\n<li>En la versi\u00f3n con dos dep\u00f3sitos compact station, se dise\u00f1\u00f3 un marco para facilitar la correcta y r\u00e1pida colocaci\u00f3n del deposito principal y secundario en la excavaci\u00f3n.<\/li>\n\n\n\n<li>Todas las tuber\u00edas necesarias para el montaje en obra y tubos de respiraci\u00f3n, tapas de registros y otros accesorios est\u00e1n debidamente preparados y suministrados por el fabricante.<\/li>\n<\/ul>\n<\/div>\n<\/div>\n\n\n\n<div class=\"photos large\">\n<div class=\"first-zoom-photo\">\n<p style=\"text-align: center; font-size: 10px; margin-bottom:0;\"><img decoding=\"async\" data-src=\"https:\/\/cgh.com.pl\/es\/wp-content\/uploads\/2021\/05\/Compact-stations.jpg\" alt=\"Estaciones de combustible compactas.\" src=\"data:image\/svg+xml;base64,PHN2ZyB3aWR0aD0iMSIgaGVpZ2h0PSIxIiB4bWxucz0iaHR0cDovL3d3dy53My5vcmcvMjAwMC9zdmciPjwvc3ZnPg==\" class=\"lazyload\" style=\"--smush-placeholder-width: 600px; --smush-placeholder-aspect-ratio: 600\/400;\"><\/p>\n\n<div><\/div>\n<\/div>\n<div>\n<p style=\"text-align: center; font-size: 10px; margin-bottom:0;\"><img decoding=\"async\" data-src=\"https:\/\/cgh.com.pl\/es\/wp-content\/uploads\/2021\/05\/Compact-stations-1.jpg\" src=\"data:image\/svg+xml;base64,PHN2ZyB3aWR0aD0iMSIgaGVpZ2h0PSIxIiB4bWxucz0iaHR0cDovL3d3dy53My5vcmcvMjAwMC9zdmciPjwvc3ZnPg==\" class=\"lazyload\" style=\"--smush-placeholder-width: 600px; --smush-placeholder-aspect-ratio: 600\/400;\"><\/p>\n\n<div><\/div>\n<\/div>\n\n<div class=\"pair\">\n<p style=\"text-align: center; font-size: 10px; margin-bottom:0;\"><img decoding=\"async\" data-src=\"https:\/\/cgh.com.pl\/es\/wp-content\/uploads\/2021\/05\/Compact-stations-2.jpg\" src=\"data:image\/svg+xml;base64,PHN2ZyB3aWR0aD0iMSIgaGVpZ2h0PSIxIiB4bWxucz0iaHR0cDovL3d3dy53My5vcmcvMjAwMC9zdmciPjwvc3ZnPg==\" class=\"lazyload\" style=\"--smush-placeholder-width: 600px; --smush-placeholder-aspect-ratio: 600\/400;\"><\/p>\n\n<div><\/div>\n<div><\/div>\n<\/div>\n<\/div>\n\n\n\n<div class=\"photos large\">\n<div class=\"first-zoom-photo\">\n<p style=\"text-align: center; font-size: 10px; margin-bottom:0;\"><img decoding=\"async\" data-src=\"https:\/\/cgh.com.pl\/es\/wp-content\/uploads\/2021\/05\/Compact-stations-3.jpg\" src=\"data:image\/svg+xml;base64,PHN2ZyB3aWR0aD0iMSIgaGVpZ2h0PSIxIiB4bWxucz0iaHR0cDovL3d3dy53My5vcmcvMjAwMC9zdmciPjwvc3ZnPg==\" class=\"lazyload\" style=\"--smush-placeholder-width: 600px; --smush-placeholder-aspect-ratio: 600\/400;\"><\/p>\n\n<div><\/div>\n<\/div>\n<div>\n\n\n<div><\/div>\n<\/div>\n\n<div class=\"pair\">\n\n\n<div><\/div>\n<div><\/div>\n<\/div>\n<\/div>\n","protected":false},"excerpt":{"rendered":"<p>Premontado y configurable Las gasolineras compactas son la respuesta de CGH a la necesidad de gasolineras de f\u00e1cil construcci\u00f3n, que garanticen una puesta en marcha r\u00e1pida. Se utilizan en todo el mundo. Sirven tanto de carreteras como de urbanizaciones, porque se adaptan a las necesidades de peque\u00f1as parcelas urbanas.<\/p>\n","protected":false},"author":1,"featured_media":0,"parent":13,"menu_order":0,"comment_status":"closed","ping_status":"closed","template":"page-products-with-second-menu.php","meta":{"_acf_changed":false,"footnotes":""},"class_list":["post-151","page","type-page","status-publish","hentry"],"acf":[],"yoast_head":"<!-- This site is optimized with the Yoast SEO plugin v26.1.1 - https:\/\/yoast.com\/wordpress\/plugins\/seo\/ -->\n<title>Estaciones de combustible compactas - CGH Group Sp. z o.o.<\/title>\n<meta name=\"robots\" content=\"index, follow, max-snippet:-1, max-image-preview:large, max-video-preview:-1\" \/>\n<link rel=\"canonical\" href=\"https:\/\/cgh.com.pl\/es\/depositos-de-combustible\/estaciones-de-combustible-compactas\" \/>\n<meta property=\"og:locale\" content=\"es_ES\" \/>\n<meta property=\"og:type\" content=\"article\" \/>\n<meta property=\"og:title\" content=\"Estaciones de combustible compactas - CGH Group Sp. z o.o.\" \/>\n<meta property=\"og:description\" content=\"Premontado y configurable Las gasolineras compactas son la respuesta de CGH a la necesidad de gasolineras de f\u00e1cil construcci\u00f3n, que garanticen una puesta en marcha r\u00e1pida. Se utilizan en todo el mundo. Sirven tanto de carreteras como de urbanizaciones, porque se adaptan a las necesidades de peque\u00f1as parcelas urbanas.\" \/>\n<meta property=\"og:url\" content=\"https:\/\/cgh.com.pl\/es\/depositos-de-combustible\/estaciones-de-combustible-compactas\" \/>\n<meta property=\"og:site_name\" content=\"CGH Group Sp. z o.o.\" \/>\n<meta property=\"article:publisher\" content=\"https:\/\/www.facebook.com\/cghpolska\" \/>\n<meta property=\"article:modified_time\" content=\"2023-02-11T21:45:21+00:00\" \/>\n<meta property=\"og:image\" content=\"https:\/\/cgh.com.pl\/es\/wp-content\/uploads\/2021\/05\/Compact-stations-drawing.jpg\" \/>\n<meta name=\"twitter:card\" content=\"summary_large_image\" \/>\n<meta name=\"twitter:label1\" content=\"Tiempo de lectura\" \/>\n\t<meta name=\"twitter:data1\" content=\"1 minuto\" \/>\n<script type=\"application\/ld+json\" class=\"yoast-schema-graph\">{\"@context\":\"https:\/\/schema.org\",\"@graph\":[{\"@type\":\"WebPage\",\"@id\":\"https:\/\/cgh.com.pl\/es\/depositos-de-combustible\/estaciones-de-combustible-compactas\",\"url\":\"https:\/\/cgh.com.pl\/es\/depositos-de-combustible\/estaciones-de-combustible-compactas\",\"name\":\"Estaciones de combustible compactas - CGH Group Sp. z o.o.\",\"isPartOf\":{\"@id\":\"https:\/\/cgh.com.pl\/es\/#website\"},\"primaryImageOfPage\":{\"@id\":\"https:\/\/cgh.com.pl\/es\/depositos-de-combustible\/estaciones-de-combustible-compactas#primaryimage\"},\"image\":{\"@id\":\"https:\/\/cgh.com.pl\/es\/depositos-de-combustible\/estaciones-de-combustible-compactas#primaryimage\"},\"thumbnailUrl\":\"https:\/\/cgh.com.pl\/es\/wp-content\/uploads\/2021\/05\/Compact-stations-drawing.jpg\",\"datePublished\":\"2020-12-02T16:22:48+00:00\",\"dateModified\":\"2023-02-11T21:45:21+00:00\",\"breadcrumb\":{\"@id\":\"https:\/\/cgh.com.pl\/es\/depositos-de-combustible\/estaciones-de-combustible-compactas#breadcrumb\"},\"inLanguage\":\"es\",\"potentialAction\":[{\"@type\":\"ReadAction\",\"target\":[\"https:\/\/cgh.com.pl\/es\/depositos-de-combustible\/estaciones-de-combustible-compactas\"]}]},{\"@type\":\"ImageObject\",\"inLanguage\":\"es\",\"@id\":\"https:\/\/cgh.com.pl\/es\/depositos-de-combustible\/estaciones-de-combustible-compactas#primaryimage\",\"url\":\"https:\/\/cgh.com.pl\/es\/wp-content\/uploads\/2021\/05\/Compact-stations-drawing.jpg\",\"contentUrl\":\"https:\/\/cgh.com.pl\/es\/wp-content\/uploads\/2021\/05\/Compact-stations-drawing.jpg\",\"width\":344,\"height\":172,\"caption\":\"Compact stations - drawing\"},{\"@type\":\"BreadcrumbList\",\"@id\":\"https:\/\/cgh.com.pl\/es\/depositos-de-combustible\/estaciones-de-combustible-compactas#breadcrumb\",\"itemListElement\":[{\"@type\":\"ListItem\",\"position\":1,\"name\":\"Strona g\u0142\u00f3wna\",\"item\":\"https:\/\/cgh.com.pl\/es\/\"},{\"@type\":\"ListItem\",\"position\":2,\"name\":\"Dep\u00f3sitos de combustible, dep\u00f3sitos para liquidos inflamables\",\"item\":\"https:\/\/cgh.com.pl\/es\/depositos-de-combustible\"},{\"@type\":\"ListItem\",\"position\":3,\"name\":\"Estaciones de combustible compactas\"}]},{\"@type\":\"WebSite\",\"@id\":\"https:\/\/cgh.com.pl\/es\/#website\",\"url\":\"https:\/\/cgh.com.pl\/es\/\",\"name\":\"CGH Group Sp. z o.o.\",\"description\":\"\",\"publisher\":{\"@id\":\"https:\/\/cgh.com.pl\/es\/#organization\"},\"alternateName\":\"Ingenier\u00eda, desarrollo y fabricaci\u00f3n de dep\u00f3sitos de GLP, industriales, combustibles, agua, a presi\u00f3n y acero inoxidable - CGH Group\",\"potentialAction\":[{\"@type\":\"SearchAction\",\"target\":{\"@type\":\"EntryPoint\",\"urlTemplate\":\"https:\/\/cgh.com.pl\/es\/?s={search_term_string}\"},\"query-input\":{\"@type\":\"PropertyValueSpecification\",\"valueRequired\":true,\"valueName\":\"search_term_string\"}}],\"inLanguage\":\"es\"},{\"@type\":\"Organization\",\"@id\":\"https:\/\/cgh.com.pl\/es\/#organization\",\"name\":\"CGH Group Sp. z o.o.\",\"url\":\"https:\/\/cgh.com.pl\/es\/\",\"logo\":{\"@type\":\"ImageObject\",\"inLanguage\":\"es\",\"@id\":\"https:\/\/cgh.com.pl\/es\/#\/schema\/logo\/image\/\",\"url\":\"https:\/\/cgh.com.pl\/es\/wp-content\/uploads\/2023\/05\/logoCGH.png\",\"contentUrl\":\"https:\/\/cgh.com.pl\/es\/wp-content\/uploads\/2023\/05\/logoCGH.png\",\"width\":449,\"height\":162,\"caption\":\"CGH Group Sp. z o.o.\"},\"image\":{\"@id\":\"https:\/\/cgh.com.pl\/es\/#\/schema\/logo\/image\/\"},\"sameAs\":[\"https:\/\/www.facebook.com\/cghpolska\",\"https:\/\/www.youtube.com\/channel\/UCe9uW1n0tEj_ZJOEtHIHGQw\"]}]}<\/script>\n<!-- \/ Yoast SEO plugin. -->","yoast_head_json":{"title":"Estaciones de combustible compactas - CGH Group Sp. z o.o.","robots":{"index":"index","follow":"follow","max-snippet":"max-snippet:-1","max-image-preview":"max-image-preview:large","max-video-preview":"max-video-preview:-1"},"canonical":"https:\/\/cgh.com.pl\/es\/depositos-de-combustible\/estaciones-de-combustible-compactas","og_locale":"es_ES","og_type":"article","og_title":"Estaciones de combustible compactas - CGH Group Sp. z o.o.","og_description":"Premontado y configurable Las gasolineras compactas son la respuesta de CGH a la necesidad de gasolineras de f\u00e1cil construcci\u00f3n, que garanticen una puesta en marcha r\u00e1pida. Se utilizan en todo el mundo. Sirven tanto de carreteras como de urbanizaciones, porque se adaptan a las necesidades de peque\u00f1as parcelas urbanas.","og_url":"https:\/\/cgh.com.pl\/es\/depositos-de-combustible\/estaciones-de-combustible-compactas","og_site_name":"CGH Group Sp. z o.o.","article_publisher":"https:\/\/www.facebook.com\/cghpolska","article_modified_time":"2023-02-11T21:45:21+00:00","og_image":[{"url":"https:\/\/cgh.com.pl\/es\/wp-content\/uploads\/2021\/05\/Compact-stations-drawing.jpg","type":"","width":"","height":""}],"twitter_card":"summary_large_image","twitter_misc":{"Tiempo de lectura":"1 minuto"},"schema":{"@context":"https:\/\/schema.org","@graph":[{"@type":"WebPage","@id":"https:\/\/cgh.com.pl\/es\/depositos-de-combustible\/estaciones-de-combustible-compactas","url":"https:\/\/cgh.com.pl\/es\/depositos-de-combustible\/estaciones-de-combustible-compactas","name":"Estaciones de combustible compactas - CGH Group Sp. z o.o.","isPartOf":{"@id":"https:\/\/cgh.com.pl\/es\/#website"},"primaryImageOfPage":{"@id":"https:\/\/cgh.com.pl\/es\/depositos-de-combustible\/estaciones-de-combustible-compactas#primaryimage"},"image":{"@id":"https:\/\/cgh.com.pl\/es\/depositos-de-combustible\/estaciones-de-combustible-compactas#primaryimage"},"thumbnailUrl":"https:\/\/cgh.com.pl\/es\/wp-content\/uploads\/2021\/05\/Compact-stations-drawing.jpg","datePublished":"2020-12-02T16:22:48+00:00","dateModified":"2023-02-11T21:45:21+00:00","breadcrumb":{"@id":"https:\/\/cgh.com.pl\/es\/depositos-de-combustible\/estaciones-de-combustible-compactas#breadcrumb"},"inLanguage":"es","potentialAction":[{"@type":"ReadAction","target":["https:\/\/cgh.com.pl\/es\/depositos-de-combustible\/estaciones-de-combustible-compactas"]}]},{"@type":"ImageObject","inLanguage":"es","@id":"https:\/\/cgh.com.pl\/es\/depositos-de-combustible\/estaciones-de-combustible-compactas#primaryimage","url":"https:\/\/cgh.com.pl\/es\/wp-content\/uploads\/2021\/05\/Compact-stations-drawing.jpg","contentUrl":"https:\/\/cgh.com.pl\/es\/wp-content\/uploads\/2021\/05\/Compact-stations-drawing.jpg","width":344,"height":172,"caption":"Compact stations - drawing"},{"@type":"BreadcrumbList","@id":"https:\/\/cgh.com.pl\/es\/depositos-de-combustible\/estaciones-de-combustible-compactas#breadcrumb","itemListElement":[{"@type":"ListItem","position":1,"name":"Strona g\u0142\u00f3wna","item":"https:\/\/cgh.com.pl\/es\/"},{"@type":"ListItem","position":2,"name":"Dep\u00f3sitos de combustible, dep\u00f3sitos para liquidos inflamables","item":"https:\/\/cgh.com.pl\/es\/depositos-de-combustible"},{"@type":"ListItem","position":3,"name":"Estaciones de combustible compactas"}]},{"@type":"WebSite","@id":"https:\/\/cgh.com.pl\/es\/#website","url":"https:\/\/cgh.com.pl\/es\/","name":"CGH Group Sp. z o.o.","description":"","publisher":{"@id":"https:\/\/cgh.com.pl\/es\/#organization"},"alternateName":"Ingenier\u00eda, desarrollo y fabricaci\u00f3n de dep\u00f3sitos de GLP, industriales, combustibles, agua, a presi\u00f3n y acero inoxidable - CGH Group","potentialAction":[{"@type":"SearchAction","target":{"@type":"EntryPoint","urlTemplate":"https:\/\/cgh.com.pl\/es\/?s={search_term_string}"},"query-input":{"@type":"PropertyValueSpecification","valueRequired":true,"valueName":"search_term_string"}}],"inLanguage":"es"},{"@type":"Organization","@id":"https:\/\/cgh.com.pl\/es\/#organization","name":"CGH Group Sp. z o.o.","url":"https:\/\/cgh.com.pl\/es\/","logo":{"@type":"ImageObject","inLanguage":"es","@id":"https:\/\/cgh.com.pl\/es\/#\/schema\/logo\/image\/","url":"https:\/\/cgh.com.pl\/es\/wp-content\/uploads\/2023\/05\/logoCGH.png","contentUrl":"https:\/\/cgh.com.pl\/es\/wp-content\/uploads\/2023\/05\/logoCGH.png","width":449,"height":162,"caption":"CGH Group Sp. z o.o."},"image":{"@id":"https:\/\/cgh.com.pl\/es\/#\/schema\/logo\/image\/"},"sameAs":["https:\/\/www.facebook.com\/cghpolska","https:\/\/www.youtube.com\/channel\/UCe9uW1n0tEj_ZJOEtHIHGQw"]}]}},"_links":{"self":[{"href":"https:\/\/cgh.com.pl\/es\/wp-json\/wp\/v2\/pages\/151","targetHints":{"allow":["GET"]}}],"collection":[{"href":"https:\/\/cgh.com.pl\/es\/wp-json\/wp\/v2\/pages"}],"about":[{"href":"https:\/\/cgh.com.pl\/es\/wp-json\/wp\/v2\/types\/page"}],"author":[{"embeddable":true,"href":"https:\/\/cgh.com.pl\/es\/wp-json\/wp\/v2\/users\/1"}],"replies":[{"embeddable":true,"href":"https:\/\/cgh.com.pl\/es\/wp-json\/wp\/v2\/comments?post=151"}],"version-history":[{"count":14,"href":"https:\/\/cgh.com.pl\/es\/wp-json\/wp\/v2\/pages\/151\/revisions"}],"predecessor-version":[{"id":4622,"href":"https:\/\/cgh.com.pl\/es\/wp-json\/wp\/v2\/pages\/151\/revisions\/4622"}],"up":[{"embeddable":true,"href":"https:\/\/cgh.com.pl\/es\/wp-json\/wp\/v2\/pages\/13"}],"wp:attachment":[{"href":"https:\/\/cgh.com.pl\/es\/wp-json\/wp\/v2\/media?parent=151"}],"curies":[{"name":"wp","href":"https:\/\/api.w.org\/{rel}","templated":true}]}}