{"id":159,"date":"2020-12-02T21:44:43","date_gmt":"2020-12-02T20:44:43","guid":{"rendered":"https:\/\/cgh.com.pl\/es\/?page_id=159"},"modified":"2023-09-15T08:59:13","modified_gmt":"2023-09-15T06:59:13","slug":"depositos-para-combustible-de-aviacion","status":"publish","type":"page","link":"https:\/\/cgh.com.pl\/es\/depositos-de-combustible\/depositos-para-combustible-de-aviacion","title":{"rendered":"Dep\u00f3sitos para combustible de aviaci\u00f3n"},"content":{"rendered":"\n<p>Ejemplos de nuestra producci\u00f3n<\/p>\n\n\n\n<ul class=\"wp-block-list\">\n<li>Deposito terrestre, horizontal, de doble pared fabricado en acero S235<\/li>\n\n\n\n<li>Capacidad: 100 m\u00b3, di\u00e1metro: 2900 mm<\/li>\n\n\n\n<li>Medio: combustible de aviaci\u00f3n JET A1<\/li>\n\n\n\n<li>Norma de ejecuci\u00f3n: EN12285-2<\/li>\n\n\n\n<li>Presi\u00f3n de trabajo: baja presi\u00f3n (hasta 0,5 bar)<\/li>\n\n\n\n<li>Temperatura de trabajo: -20 grados C \/ +50 grados C.<\/li>\n\n\n\n<li>dep\u00f3sito aislado &#8211; espesor de aislamiento 100 mm.<br>Tuber\u00eda del dep\u00f3sito de acero inoxidable 304.<br>Dep\u00f3sito equipado con una plataforma a lo largo de toda la pared y la escalera. Plataformas pintadas en clase de corrosividad C4M.<\/li>\n<\/ul>\n\n\n\n<div class=\"photos large\">\n<div class=\"first-zoom-photo\">\n<p style=\"text-align: center; font-size: 10px; margin-bottom: 0;\"><img decoding=\"async\" data-src=\"https:\/\/cgh.com.pl\/es\/wp-content\/uploads\/2021\/05\/Aviation-fuel-tanks-1.jpg\" alt=\"Dep\u00f3sitos para combustible de aviaci\u00f3n\" src=\"data:image\/svg+xml;base64,PHN2ZyB3aWR0aD0iMSIgaGVpZ2h0PSIxIiB4bWxucz0iaHR0cDovL3d3dy53My5vcmcvMjAwMC9zdmciPjwvc3ZnPg==\" class=\"lazyload\" style=\"--smush-placeholder-width: 600px; --smush-placeholder-aspect-ratio: 600\/400;\"><\/p>\n\n<div><\/div>\n<\/div>\n<div>\n<p style=\"text-align: center; font-size: 10px; margin-bottom: 0;\"><img decoding=\"async\" data-src=\"https:\/\/cgh.com.pl\/es\/wp-content\/uploads\/2021\/05\/Aviation-fuel-tanks-2.jpg\" alt=\"Dep\u00f3sitos para combustible de aviaci\u00f3n\" src=\"data:image\/svg+xml;base64,PHN2ZyB3aWR0aD0iMSIgaGVpZ2h0PSIxIiB4bWxucz0iaHR0cDovL3d3dy53My5vcmcvMjAwMC9zdmciPjwvc3ZnPg==\" class=\"lazyload\" style=\"--smush-placeholder-width: 600px; --smush-placeholder-aspect-ratio: 600\/400;\"><\/p>\n\n<div><\/div>\n<\/div>\n<div class=\"pair\">\n<p style=\"text-align: center; font-size: 10px; margin-bottom: 0;\"><img decoding=\"async\" data-src=\"https:\/\/cgh.com.pl\/es\/wp-content\/uploads\/2021\/05\/Aviation-fuel-tanks-01.jpg\" src=\"data:image\/svg+xml;base64,PHN2ZyB3aWR0aD0iMSIgaGVpZ2h0PSIxIiB4bWxucz0iaHR0cDovL3d3dy53My5vcmcvMjAwMC9zdmciPjwvc3ZnPg==\" class=\"lazyload\" style=\"--smush-placeholder-width: 600px; --smush-placeholder-aspect-ratio: 600\/400;\"><\/p>\n\n<div><\/div>\n<div><\/div>\n<\/div>\n<\/div>\n\n\n\n<div style=\"height:100px\" aria-hidden=\"true\" class=\"wp-block-spacer\"><\/div>\n\n\n\n<h3 class=\"wp-block-heading has-text-color\" id=\"zbiornik-na-jet-a1\" style=\"color:#2d4191;font-size:15px\">Dep\u00f3sito JET A1<\/h3>\n\n\n\n<p>Ejemplos de nuestra producci\u00f3n<\/p>\n\n\n\n<ul class=\"wp-block-list\">\n<li>Deposito terrestre, horizontal, de doble pared, fabricado en acero S235JR.<\/li>\n\n\n\n<li>Capacidad: 30 m, di\u00e1metro: 2.500 mm, longitud: <br>6.800 mm, m\u00e1s armario para equipos y bombas.<\/li>\n\n\n\n<li>Medio: Combustible de aviaci\u00f3n JET A-1<\/li>\n\n\n\n<li>Norma de ejecuci\u00f3n: EN12285-2 clase A<\/li>\n\n\n\n<li>Presi\u00f3n de trabajo: atmosf\u00e9rica<\/li>\n\n\n\n<li>Temperatura de trabajo: -20 grados C \/ +50 grados C.<\/li>\n\n\n\n<li>Dep\u00f3sito est\u00e1 realizado con una inclinaci\u00f3n del 3% para conducir el agua hasta el punto m\u00e1s bajo del dep\u00f3sito.<\/li>\n\n\n\n<li>Tubo de aspiraci\u00f3n flotante instalado en el interior del dep\u00f3sito.<\/li>\n\n\n\n<li>Amplio armario para equipos de bombeo, incluyendo solapas de apertura en los laterales y frontal. El dep\u00f3sito est\u00e1 en el interior recubierto al 100% con pintura epoxi para combustible de aviaci\u00f3n.<\/li>\n<\/ul>\n\n\n\n<div class=\"photos large\">\n<div class=\"first-zoom-photo\">\n<p style=\"text-align: center; font-size: 10px; margin-bottom: 0;\"><img decoding=\"async\" data-src=\"https:\/\/cgh.com.pl\/es\/wp-content\/uploads\/2021\/05\/JET-A1-tank.jpg\" alt=\"Dep\u00f3sito JET A1\" src=\"data:image\/svg+xml;base64,PHN2ZyB3aWR0aD0iMSIgaGVpZ2h0PSIxIiB4bWxucz0iaHR0cDovL3d3dy53My5vcmcvMjAwMC9zdmciPjwvc3ZnPg==\" class=\"lazyload\" style=\"--smush-placeholder-width: 600px; --smush-placeholder-aspect-ratio: 600\/400;\"><\/p>\n\n<div><\/div>\n<\/div>\n<div>\n<p style=\"text-align: center; font-size: 10px; margin-bottom: 0;\"><img decoding=\"async\" data-src=\"https:\/\/cgh.com.pl\/es\/wp-content\/uploads\/2021\/05\/JET-A1-tank-1.jpg\" src=\"data:image\/svg+xml;base64,PHN2ZyB3aWR0aD0iMSIgaGVpZ2h0PSIxIiB4bWxucz0iaHR0cDovL3d3dy53My5vcmcvMjAwMC9zdmciPjwvc3ZnPg==\" class=\"lazyload\" style=\"--smush-placeholder-width: 600px; --smush-placeholder-aspect-ratio: 600\/400;\"><\/p>\n\n<div><\/div>\n<\/div>\n<div class=\"pair\">\n<p style=\"text-align: center; font-size: 10px; margin-bottom: 0;\"><img decoding=\"async\" data-src=\"https:\/\/cgh.com.pl\/es\/wp-content\/uploads\/2021\/05\/JET-A1-tank-2.jpg\" src=\"data:image\/svg+xml;base64,PHN2ZyB3aWR0aD0iMSIgaGVpZ2h0PSIxIiB4bWxucz0iaHR0cDovL3d3dy53My5vcmcvMjAwMC9zdmciPjwvc3ZnPg==\" class=\"lazyload\" style=\"--smush-placeholder-width: 600px; --smush-placeholder-aspect-ratio: 600\/400;\"><\/p>\n\n<div><\/div>\n<div><\/div>\n<\/div>\n<\/div>\n\n\n\n<div style=\"height:100px\" aria-hidden=\"true\" class=\"wp-block-spacer\"><\/div>\n\n\n\n<h3 class=\"wp-block-heading has-text-color\" id=\"zbiorniki-na-paliwo-lotnicze\" style=\"color:#2d4191;font-size:15px\">Dep\u00f3sitos para combustible de aviaci\u00f3n<\/h3>\n\n\n\n<p>Ejemplos de nuestra producci\u00f3n<\/p>\n\n\n\n<ul class=\"wp-block-list\">\n<li>Dep\u00f3sitos terrestres de doble pared fabricados en acero S235JR.<\/li>\n\n\n\n<li>Capacidad: 2&#215;100 m., Di\u00e1metro 2900 mm, longitud aproximada 16.000 mm.<\/li>\n\n\n\n<li>Medio: Combustibles de aviaci\u00f3n<\/li>\n\n\n\n<li>Norma de ejecuci\u00f3n: EN12285-2 clase A<\/li>\n\n\n\n<li>Presi\u00f3n de trabajo: atmosf\u00e9rica<\/li>\n\n\n\n<li>Temperatura de trabajo: -20 grados C \/ + 50 grados C.<\/li>\n\n\n\n<li>Dep\u00f3sitos realizados con pendiente del 1%.<\/li>\n\n\n\n<li>Plataforma de trabajo combinada para ambos dep\u00f3sitos con escalera de acceso.<\/li>\n\n\n\n<li>Construcci\u00f3n especial de doble capa de bocas de hombre DN600 \/ DN800.<\/li>\n\n\n\n<li>Interno 100% recubierto de epoxi MIL-PRF-4556 F aprobado para combustible de aviaci\u00f3n<\/li>\n<\/ul>\n\n\n\n<div class=\"photos large\">\n<div class=\"first-zoom-photo\">\n<p style=\"text-align: center; font-size: 10px; margin-bottom: 0;\"><img decoding=\"async\" data-src=\"https:\/\/cgh.com.pl\/es\/wp-content\/uploads\/2021\/05\/Aviation-fuel-tanks-3.jpg\" src=\"data:image\/svg+xml;base64,PHN2ZyB3aWR0aD0iMSIgaGVpZ2h0PSIxIiB4bWxucz0iaHR0cDovL3d3dy53My5vcmcvMjAwMC9zdmciPjwvc3ZnPg==\" class=\"lazyload\" style=\"--smush-placeholder-width: 600px; --smush-placeholder-aspect-ratio: 600\/400;\"><\/p>\n\n<div><\/div>\n<\/div>\n<div>\n\n\n<div><\/div>\n<\/div>\n<div class=\"pair\">\n\n\n<div><\/div>\n<div><\/div>\n<\/div>\n<\/div>\n\n\n\n<div style=\"height:100px\" aria-hidden=\"true\" class=\"wp-block-spacer\"><\/div>\n\n\n\n<h3 class=\"wp-block-heading has-text-color\" id=\"zbiornik-na-paliwo-lotnicze-ul-91-i-avgas-100ll\" style=\"color:#2d4191;font-size:15px\"><strong>UL-91 and Avgas 100LL aviation fuel tank<\/strong><\/h3>\n\n\n\n<p>Ejemplos de nuestra producci\u00f3n<\/p>\n\n\n\n<ul class=\"wp-block-list\">\n<li>Aboveground, horizontal, double-walled, two-chamber tank made of S235JR steel<\/li>\n\n\n\n<li>Volume: 25 m3 (chamber \u201cA\u00bb 17 m3, chamber \u201cB\u00bb 8 m3), diameter: 2500 mm, total length: 7215 mm<\/li>\n\n\n\n<li>Medium: UL-91 and Avgas 100LL aviation fuel<\/li>\n\n\n\n<li>Norm: EN12285-2 class A<\/li>\n\n\n\n<li>Operating pressure: low pressure<\/li>\n\n\n\n<li>Working temperature: -20 \u00b0 C \/ + 50 \u00b0 C<\/li>\n\n\n\n<li>Tank made with a 1% slope, large ventilated compartment for distributor and accessories. The inside of the tank is 100% covered with epoxy paint resistant for aviation fuel. Internal and external piping made of 304L steel with one-way ball valves. Edges of the dispenser chamber designed to minimize damage to the hose reel during use. A drip tray under the distribution part and under the valves. The distribution chamber has adjustable feet for precise placement on the plate. Design referring to hangars and aviation architecture.<\/li>\n<\/ul>\n\n\n\n<div class=\"photos large\">\n<div class=\"first-zoom-photo\">\n<p style=\"text-align: center; font-size: 10px; margin-bottom: 0;\"><img decoding=\"async\" data-src=\"https:\/\/cgh.com.pl\/es\/wp-content\/uploads\/2021\/10\/UL-91-and-Avgas-100LL-aviation-fuel-tank-1.jpg\" src=\"data:image\/svg+xml;base64,PHN2ZyB3aWR0aD0iMSIgaGVpZ2h0PSIxIiB4bWxucz0iaHR0cDovL3d3dy53My5vcmcvMjAwMC9zdmciPjwvc3ZnPg==\" class=\"lazyload\" style=\"--smush-placeholder-width: 800px; --smush-placeholder-aspect-ratio: 800\/533;\"><\/p>\n\n<div><\/div>\n<\/div>\n<div>\n<p style=\"text-align: center; font-size: 10px; margin-bottom: 0;\"><img decoding=\"async\" data-src=\"https:\/\/cgh.com.pl\/es\/wp-content\/uploads\/2021\/10\/UL-91-and-Avgas-100LL-aviation-fuel-tank.jpg\" src=\"data:image\/svg+xml;base64,PHN2ZyB3aWR0aD0iMSIgaGVpZ2h0PSIxIiB4bWxucz0iaHR0cDovL3d3dy53My5vcmcvMjAwMC9zdmciPjwvc3ZnPg==\" class=\"lazyload\" style=\"--smush-placeholder-width: 800px; --smush-placeholder-aspect-ratio: 800\/533;\"><\/p>\n\n<div><\/div>\n<\/div>\n<div class=\"pair\">\n<p style=\"text-align: center; font-size: 10px; margin-bottom: 0;\"><img decoding=\"async\" data-src=\"https:\/\/cgh.com.pl\/es\/wp-content\/uploads\/2021\/10\/UL-91-and-Avgas-100LL-aviation-fuel-tank-3.jpg\" src=\"data:image\/svg+xml;base64,PHN2ZyB3aWR0aD0iMSIgaGVpZ2h0PSIxIiB4bWxucz0iaHR0cDovL3d3dy53My5vcmcvMjAwMC9zdmciPjwvc3ZnPg==\" class=\"lazyload\" style=\"--smush-placeholder-width: 800px; --smush-placeholder-aspect-ratio: 800\/533;\"><\/p>\n\n<div><\/div>\n<div><\/div>\n<\/div>\n<\/div>\n\n\n\n<p>El 17 de enero de 2008, un Boeing 777-200ER de British Airways se estrell\u00f3 en el aeropuerto de Heathrow en Londres despu\u00e9s de que ambos motores se apagaron durante la aproximaci\u00f3n y aterrizaje. La investigaci\u00f3n revel\u00f3 una falla del motor causada por la acumulaci\u00f3n de hielo en las sistema de combustible, lo que provoc\u00f3 un bloqueo del flujo de combustible.<\/p>\n\n\n\n<p>Prevenir la contaminaci\u00f3n del combustible para aviones con agua es fundamental debido a que las bajas temperaturas durante el vuelo causan que el agua se precipite en los tanques. Minimizar la contaminaci\u00f3n del agua es esencial tanto para los tanques de combustible de los aviones como de los aeropuertos.<\/p>\n\n\n\n<p>En CGH Group, nuestro equipo tiene una amplia experiencia en la producci\u00f3n de varios tipos de dep\u00f3sitos&nbsp; JET-A1 y Avgas. El &nbsp;dep\u00f3sito&nbsp; JET A1 fabricado contiene equipos de bombeo. Para eliminar la presencia de agua, nuestro tanque est\u00e1 dise\u00f1ado con una pendiente del 3%, facilitando el flujo de agua hasta el punto m\u00e1s bajo. Para mayor seguridad, el dep\u00f3sito &nbsp;est\u00e1 equipado con un tubo de succi\u00f3n flotante, lo que reduce en gran medida la probabilidad de que se aspire agua. La temperatura de trabajo oscila entre -20 \u00b0C y +50 \u00b0C.<\/p>\n\n\n\n<p><br>El dep\u00f3sito es de doble pared, tiene una capacidad de 30 m3, un di\u00e1metro de 2,5 m y una longitud de 6,8 m, incluyendo equipo para accesorios y bombas. Est\u00e1 fabricado en acero S235JR, que cumple con la norma EN12285-2 clase A, para garantizar los m\u00e1s altos est\u00e1ndares de calidad. Adem\u00e1s, el interior del dep\u00f3sito&nbsp; est\u00e1 recubierto de epoxi para evitar la corrosi\u00f3n.<\/p>\n\n\n\n<p>Como se puede observar, la contaminaci\u00f3n del combustible para aviones con agua puede ser extremadamente peligrosa. En CGH Group, nuestro equipo de profesionales pone el m\u00e1ximo esfuerzo en todos los aspectos de la producci\u00f3n de dep\u00f3sitos&nbsp; de aviaci\u00f3n, garantizando los m\u00e1s altos est\u00e1ndares de calidad y seguridad.<\/p>\n\n\n\n<p>Si deseas obtener m\u00e1s informaci\u00f3n sobre nuestro JET A1, Avgas u otros dep\u00f3sitos , cont\u00e1ctanos en info@cgh.com.pl<\/p>\n","protected":false},"excerpt":{"rendered":"<p>Ejemplos de nuestra producci\u00f3n Dep\u00f3sito JET A1 Ejemplos de nuestra producci\u00f3n Dep\u00f3sitos para combustible de aviaci\u00f3n Ejemplos de nuestra producci\u00f3n UL-91 and Avgas 100LL aviation fuel tank Ejemplos de nuestra producci\u00f3n El 17 de enero de 2008, un Boeing 777-200ER de British Airways se estrell\u00f3 en el aeropuerto de Heathrow en Londres despu\u00e9s de que [&hellip;]?<\/p>\n","protected":false},"author":1,"featured_media":0,"parent":13,"menu_order":0,"comment_status":"closed","ping_status":"closed","template":"page-products.php","meta":{"_acf_changed":false,"footnotes":""},"class_list":["post-159","page","type-page","status-publish","hentry"],"acf":[],"yoast_head":"<!-- This site is optimized with the Yoast SEO plugin v26.1.1 - https:\/\/yoast.com\/wordpress\/plugins\/seo\/ -->\n<title>Dep\u00f3sitos para combustible de aviaci\u00f3n - CGH Group Sp. z o.o.<\/title>\n<meta name=\"description\" content=\"Dep\u00f3sitos para combustible de aviaci\u00f3n - Deposito terrestre, horizontal, de doble pared fabricado en acero S235\" \/>\n<meta name=\"robots\" content=\"index, follow, max-snippet:-1, max-image-preview:large, max-video-preview:-1\" \/>\n<link rel=\"canonical\" href=\"https:\/\/cgh.com.pl\/es\/depositos-de-combustible\/depositos-para-combustible-de-aviacion\" \/>\n<meta property=\"og:locale\" content=\"es_ES\" \/>\n<meta property=\"og:type\" content=\"article\" \/>\n<meta property=\"og:title\" content=\"Dep\u00f3sitos para combustible de aviaci\u00f3n - CGH Group Sp. z o.o.\" \/>\n<meta property=\"og:description\" content=\"Dep\u00f3sitos para combustible de aviaci\u00f3n - Deposito terrestre, horizontal, de doble pared fabricado en acero S235\" \/>\n<meta property=\"og:url\" content=\"https:\/\/cgh.com.pl\/es\/depositos-de-combustible\/depositos-para-combustible-de-aviacion\" \/>\n<meta property=\"og:site_name\" content=\"CGH Group Sp. z o.o.\" \/>\n<meta property=\"article:publisher\" content=\"https:\/\/www.facebook.com\/cghpolska\" \/>\n<meta property=\"article:modified_time\" content=\"2023-09-15T06:59:13+00:00\" \/>\n<meta property=\"og:image\" content=\"https:\/\/cgh.com.pl\/es\/wp-content\/uploads\/2021\/05\/Aviation-fuel-tanks-1.jpg\" \/>\n<meta name=\"twitter:card\" content=\"summary_large_image\" \/>\n<meta name=\"twitter:label1\" content=\"Tiempo de lectura\" \/>\n\t<meta name=\"twitter:data1\" content=\"7 minutos\" \/>\n<script type=\"application\/ld+json\" class=\"yoast-schema-graph\">{\"@context\":\"https:\/\/schema.org\",\"@graph\":[{\"@type\":\"WebPage\",\"@id\":\"https:\/\/cgh.com.pl\/es\/depositos-de-combustible\/depositos-para-combustible-de-aviacion\",\"url\":\"https:\/\/cgh.com.pl\/es\/depositos-de-combustible\/depositos-para-combustible-de-aviacion\",\"name\":\"Dep\u00f3sitos para combustible de aviaci\u00f3n - CGH Group Sp. z o.o.\",\"isPartOf\":{\"@id\":\"https:\/\/cgh.com.pl\/es\/#website\"},\"primaryImageOfPage\":{\"@id\":\"https:\/\/cgh.com.pl\/es\/depositos-de-combustible\/depositos-para-combustible-de-aviacion#primaryimage\"},\"image\":{\"@id\":\"https:\/\/cgh.com.pl\/es\/depositos-de-combustible\/depositos-para-combustible-de-aviacion#primaryimage\"},\"thumbnailUrl\":\"https:\/\/cgh.com.pl\/es\/wp-content\/uploads\/2021\/05\/Aviation-fuel-tanks-1.jpg\",\"datePublished\":\"2020-12-02T20:44:43+00:00\",\"dateModified\":\"2023-09-15T06:59:13+00:00\",\"description\":\"Dep\u00f3sitos para combustible de aviaci\u00f3n - Deposito terrestre, horizontal, de doble pared fabricado en acero S235\",\"breadcrumb\":{\"@id\":\"https:\/\/cgh.com.pl\/es\/depositos-de-combustible\/depositos-para-combustible-de-aviacion#breadcrumb\"},\"inLanguage\":\"es\",\"potentialAction\":[{\"@type\":\"ReadAction\",\"target\":[\"https:\/\/cgh.com.pl\/es\/depositos-de-combustible\/depositos-para-combustible-de-aviacion\"]}]},{\"@type\":\"ImageObject\",\"inLanguage\":\"es\",\"@id\":\"https:\/\/cgh.com.pl\/es\/depositos-de-combustible\/depositos-para-combustible-de-aviacion#primaryimage\",\"url\":\"https:\/\/cgh.com.pl\/es\/wp-content\/uploads\/2021\/05\/Aviation-fuel-tanks-1.jpg\",\"contentUrl\":\"https:\/\/cgh.com.pl\/es\/wp-content\/uploads\/2021\/05\/Aviation-fuel-tanks-1.jpg\",\"width\":600,\"height\":400,\"caption\":\"Aviation fuel tanks\"},{\"@type\":\"BreadcrumbList\",\"@id\":\"https:\/\/cgh.com.pl\/es\/depositos-de-combustible\/depositos-para-combustible-de-aviacion#breadcrumb\",\"itemListElement\":[{\"@type\":\"ListItem\",\"position\":1,\"name\":\"Strona g\u0142\u00f3wna\",\"item\":\"https:\/\/cgh.com.pl\/es\/\"},{\"@type\":\"ListItem\",\"position\":2,\"name\":\"Dep\u00f3sitos de combustible, dep\u00f3sitos para liquidos inflamables\",\"item\":\"https:\/\/cgh.com.pl\/es\/depositos-de-combustible\"},{\"@type\":\"ListItem\",\"position\":3,\"name\":\"Dep\u00f3sitos para combustible de aviaci\u00f3n\"}]},{\"@type\":\"WebSite\",\"@id\":\"https:\/\/cgh.com.pl\/es\/#website\",\"url\":\"https:\/\/cgh.com.pl\/es\/\",\"name\":\"CGH Group Sp. z o.o.\",\"description\":\"\",\"publisher\":{\"@id\":\"https:\/\/cgh.com.pl\/es\/#organization\"},\"alternateName\":\"Ingenier\u00eda, desarrollo y fabricaci\u00f3n de dep\u00f3sitos de GLP, industriales, combustibles, agua, a presi\u00f3n y acero inoxidable - CGH Group\",\"potentialAction\":[{\"@type\":\"SearchAction\",\"target\":{\"@type\":\"EntryPoint\",\"urlTemplate\":\"https:\/\/cgh.com.pl\/es\/?s={search_term_string}\"},\"query-input\":{\"@type\":\"PropertyValueSpecification\",\"valueRequired\":true,\"valueName\":\"search_term_string\"}}],\"inLanguage\":\"es\"},{\"@type\":\"Organization\",\"@id\":\"https:\/\/cgh.com.pl\/es\/#organization\",\"name\":\"CGH Group Sp. z o.o.\",\"url\":\"https:\/\/cgh.com.pl\/es\/\",\"logo\":{\"@type\":\"ImageObject\",\"inLanguage\":\"es\",\"@id\":\"https:\/\/cgh.com.pl\/es\/#\/schema\/logo\/image\/\",\"url\":\"https:\/\/cgh.com.pl\/es\/wp-content\/uploads\/2023\/05\/logoCGH.png\",\"contentUrl\":\"https:\/\/cgh.com.pl\/es\/wp-content\/uploads\/2023\/05\/logoCGH.png\",\"width\":449,\"height\":162,\"caption\":\"CGH Group Sp. z o.o.\"},\"image\":{\"@id\":\"https:\/\/cgh.com.pl\/es\/#\/schema\/logo\/image\/\"},\"sameAs\":[\"https:\/\/www.facebook.com\/cghpolska\",\"https:\/\/www.youtube.com\/channel\/UCe9uW1n0tEj_ZJOEtHIHGQw\"]}]}<\/script>\n<!-- \/ Yoast SEO plugin. -->","yoast_head_json":{"title":"Dep\u00f3sitos para combustible de aviaci\u00f3n - CGH Group Sp. z o.o.","description":"Dep\u00f3sitos para combustible de aviaci\u00f3n - Deposito terrestre, horizontal, de doble pared fabricado en acero S235","robots":{"index":"index","follow":"follow","max-snippet":"max-snippet:-1","max-image-preview":"max-image-preview:large","max-video-preview":"max-video-preview:-1"},"canonical":"https:\/\/cgh.com.pl\/es\/depositos-de-combustible\/depositos-para-combustible-de-aviacion","og_locale":"es_ES","og_type":"article","og_title":"Dep\u00f3sitos para combustible de aviaci\u00f3n - CGH Group Sp. z o.o.","og_description":"Dep\u00f3sitos para combustible de aviaci\u00f3n - Deposito terrestre, horizontal, de doble pared fabricado en acero S235","og_url":"https:\/\/cgh.com.pl\/es\/depositos-de-combustible\/depositos-para-combustible-de-aviacion","og_site_name":"CGH Group Sp. z o.o.","article_publisher":"https:\/\/www.facebook.com\/cghpolska","article_modified_time":"2023-09-15T06:59:13+00:00","og_image":[{"url":"https:\/\/cgh.com.pl\/es\/wp-content\/uploads\/2021\/05\/Aviation-fuel-tanks-1.jpg","type":"","width":"","height":""}],"twitter_card":"summary_large_image","twitter_misc":{"Tiempo de lectura":"7 minutos"},"schema":{"@context":"https:\/\/schema.org","@graph":[{"@type":"WebPage","@id":"https:\/\/cgh.com.pl\/es\/depositos-de-combustible\/depositos-para-combustible-de-aviacion","url":"https:\/\/cgh.com.pl\/es\/depositos-de-combustible\/depositos-para-combustible-de-aviacion","name":"Dep\u00f3sitos para combustible de aviaci\u00f3n - CGH Group Sp. z o.o.","isPartOf":{"@id":"https:\/\/cgh.com.pl\/es\/#website"},"primaryImageOfPage":{"@id":"https:\/\/cgh.com.pl\/es\/depositos-de-combustible\/depositos-para-combustible-de-aviacion#primaryimage"},"image":{"@id":"https:\/\/cgh.com.pl\/es\/depositos-de-combustible\/depositos-para-combustible-de-aviacion#primaryimage"},"thumbnailUrl":"https:\/\/cgh.com.pl\/es\/wp-content\/uploads\/2021\/05\/Aviation-fuel-tanks-1.jpg","datePublished":"2020-12-02T20:44:43+00:00","dateModified":"2023-09-15T06:59:13+00:00","description":"Dep\u00f3sitos para combustible de aviaci\u00f3n - Deposito terrestre, horizontal, de doble pared fabricado en acero S235","breadcrumb":{"@id":"https:\/\/cgh.com.pl\/es\/depositos-de-combustible\/depositos-para-combustible-de-aviacion#breadcrumb"},"inLanguage":"es","potentialAction":[{"@type":"ReadAction","target":["https:\/\/cgh.com.pl\/es\/depositos-de-combustible\/depositos-para-combustible-de-aviacion"]}]},{"@type":"ImageObject","inLanguage":"es","@id":"https:\/\/cgh.com.pl\/es\/depositos-de-combustible\/depositos-para-combustible-de-aviacion#primaryimage","url":"https:\/\/cgh.com.pl\/es\/wp-content\/uploads\/2021\/05\/Aviation-fuel-tanks-1.jpg","contentUrl":"https:\/\/cgh.com.pl\/es\/wp-content\/uploads\/2021\/05\/Aviation-fuel-tanks-1.jpg","width":600,"height":400,"caption":"Aviation fuel tanks"},{"@type":"BreadcrumbList","@id":"https:\/\/cgh.com.pl\/es\/depositos-de-combustible\/depositos-para-combustible-de-aviacion#breadcrumb","itemListElement":[{"@type":"ListItem","position":1,"name":"Strona g\u0142\u00f3wna","item":"https:\/\/cgh.com.pl\/es\/"},{"@type":"ListItem","position":2,"name":"Dep\u00f3sitos de combustible, dep\u00f3sitos para liquidos inflamables","item":"https:\/\/cgh.com.pl\/es\/depositos-de-combustible"},{"@type":"ListItem","position":3,"name":"Dep\u00f3sitos para combustible de aviaci\u00f3n"}]},{"@type":"WebSite","@id":"https:\/\/cgh.com.pl\/es\/#website","url":"https:\/\/cgh.com.pl\/es\/","name":"CGH Group Sp. z o.o.","description":"","publisher":{"@id":"https:\/\/cgh.com.pl\/es\/#organization"},"alternateName":"Ingenier\u00eda, desarrollo y fabricaci\u00f3n de dep\u00f3sitos de GLP, industriales, combustibles, agua, a presi\u00f3n y acero inoxidable - CGH Group","potentialAction":[{"@type":"SearchAction","target":{"@type":"EntryPoint","urlTemplate":"https:\/\/cgh.com.pl\/es\/?s={search_term_string}"},"query-input":{"@type":"PropertyValueSpecification","valueRequired":true,"valueName":"search_term_string"}}],"inLanguage":"es"},{"@type":"Organization","@id":"https:\/\/cgh.com.pl\/es\/#organization","name":"CGH Group Sp. z o.o.","url":"https:\/\/cgh.com.pl\/es\/","logo":{"@type":"ImageObject","inLanguage":"es","@id":"https:\/\/cgh.com.pl\/es\/#\/schema\/logo\/image\/","url":"https:\/\/cgh.com.pl\/es\/wp-content\/uploads\/2023\/05\/logoCGH.png","contentUrl":"https:\/\/cgh.com.pl\/es\/wp-content\/uploads\/2023\/05\/logoCGH.png","width":449,"height":162,"caption":"CGH Group Sp. z o.o."},"image":{"@id":"https:\/\/cgh.com.pl\/es\/#\/schema\/logo\/image\/"},"sameAs":["https:\/\/www.facebook.com\/cghpolska","https:\/\/www.youtube.com\/channel\/UCe9uW1n0tEj_ZJOEtHIHGQw"]}]}},"_links":{"self":[{"href":"https:\/\/cgh.com.pl\/es\/wp-json\/wp\/v2\/pages\/159","targetHints":{"allow":["GET"]}}],"collection":[{"href":"https:\/\/cgh.com.pl\/es\/wp-json\/wp\/v2\/pages"}],"about":[{"href":"https:\/\/cgh.com.pl\/es\/wp-json\/wp\/v2\/types\/page"}],"author":[{"embeddable":true,"href":"https:\/\/cgh.com.pl\/es\/wp-json\/wp\/v2\/users\/1"}],"replies":[{"embeddable":true,"href":"https:\/\/cgh.com.pl\/es\/wp-json\/wp\/v2\/comments?post=159"}],"version-history":[{"count":8,"href":"https:\/\/cgh.com.pl\/es\/wp-json\/wp\/v2\/pages\/159\/revisions"}],"predecessor-version":[{"id":5116,"href":"https:\/\/cgh.com.pl\/es\/wp-json\/wp\/v2\/pages\/159\/revisions\/5116"}],"up":[{"embeddable":true,"href":"https:\/\/cgh.com.pl\/es\/wp-json\/wp\/v2\/pages\/13"}],"wp:attachment":[{"href":"https:\/\/cgh.com.pl\/es\/wp-json\/wp\/v2\/media?parent=159"}],"curies":[{"name":"wp","href":"https:\/\/api.w.org\/{rel}","templated":true}]}}