{"id":165,"date":"2020-12-02T22:01:21","date_gmt":"2020-12-02T21:01:21","guid":{"rendered":"https:\/\/cgh.com.pl\/es\/?page_id=165"},"modified":"2023-02-11T23:51:30","modified_gmt":"2023-02-11T22:51:30","slug":"depositos-terrestres-verticales","status":"publish","type":"page","link":"https:\/\/cgh.com.pl\/es\/depositos-para-la-industria\/depositos-terrestres-verticales","title":{"rendered":"Dep\u00f3sitos terrestres verticales"},"content":{"rendered":"\n<div class=\"wp-block-columns has-2-columns is-layout-flex wp-container-core-columns-is-layout-9d6595d7 wp-block-columns-is-layout-flex\">\n<div class=\"wp-block-column is-layout-flow wp-block-column-is-layout-flow\">\n<h4 class=\"wp-block-heading\" id=\"specyfikacja-techniczna\">Especificaciones t\u00e9cnicas:<\/h4>\n\n\n\n<p>Los dep\u00f3sitos verticales de CGH de acero de doble pared se fabrican seg\u00fan normativa Europea con capacidades de 5 a 100 m3. A solicitud del cliente se pueden ofrecer tama\u00f1os no est\u00e1ndar. El doble foro del dep\u00f3sito est\u00e1 hecho de dos capas de acero. El espacio interno est\u00e1 supervisado mediante un sistema de detecci\u00f3n de fugas. Los depositos est\u00e1n dise\u00f1ados para l\u00edquidos inflamables y peligrosos, t\u00edpicos para productos de petr\u00f3leo y combustibles. Para el almacenamiento de productos qu\u00edmicos los dep\u00f3sitos son pintados por el interior o pueden ser de acero inoxidable. La pintura externa tiene clase de resistencia C3M, la clase C5 tambi\u00e9n est\u00e1 disponible en la opci\u00f3n.<\/p>\n<\/div>\n\n\n\n<div class=\"wp-block-column is-layout-flow wp-block-column-is-layout-flow\">\n<p><strong>Opciones adicionales:<\/strong><\/p>\n\n\n\n<ul class=\"wp-block-list\">\n<li>Escaleras y plataformas con pasamanos<\/li>\n\n\n\n<li>Tuber\u00edas externas e internas<\/li>\n\n\n\n<li>Sistema de calefacci\u00f3n<\/li>\n\n\n\n<li>Aislamiento<\/li>\n<\/ul>\n<\/div>\n<\/div>\n\n\n\n<div class=\"photos large\">\n<div class=\"first-zoom-photo\">\n<p style=\"text-align: center; font-size: 10px; margin-bottom:0;\"><img decoding=\"async\" data-src=\"https:\/\/cgh.com.pl\/es\/wp-content\/uploads\/2021\/05\/Vertical-aboveground-tanks-1.jpg\" alt=\"Dep\u00f3sitos terrestres verticales\" src=\"data:image\/svg+xml;base64,PHN2ZyB3aWR0aD0iMSIgaGVpZ2h0PSIxIiB4bWxucz0iaHR0cDovL3d3dy53My5vcmcvMjAwMC9zdmciPjwvc3ZnPg==\" class=\"lazyload\" style=\"--smush-placeholder-width: 600px; --smush-placeholder-aspect-ratio: 600\/400;\"><\/p>\n\n<div><\/div>\n<\/div>\n<div>\n<p style=\"text-align: center; font-size: 10px; margin-bottom:0;\"><img decoding=\"async\" data-src=\"https:\/\/cgh.com.pl\/es\/wp-content\/uploads\/2021\/05\/vertical-aboveground-tanks-2.jpg\" alt=\"Dep\u00f3sitos terrestres verticales\" src=\"data:image\/svg+xml;base64,PHN2ZyB3aWR0aD0iMSIgaGVpZ2h0PSIxIiB4bWxucz0iaHR0cDovL3d3dy53My5vcmcvMjAwMC9zdmciPjwvc3ZnPg==\" class=\"lazyload\" style=\"--smush-placeholder-width: 600px; --smush-placeholder-aspect-ratio: 600\/400;\"><\/p>\n\n<div><\/div>\n<\/div>\n\n<div class=\"pair\">\n\n\n<div><\/div>\n<div><\/div>\n<\/div>\n<\/div>\n\n\n\n<div style=\"height:50px\" aria-hidden=\"true\" class=\"wp-block-spacer\"><\/div>\n\n\n\n<p><strong>Datos t\u00e9cnicos b\u00e1sicos<\/strong>:<\/p>\n\n\n\n<table>\n<tbody>\n<tr>\n<td class=\"gray\" style=\"text-align: center;\" colspan=\"2\">Capacidad<\/td>\n<td class=\"gray\" style=\"text-align: center;\" colspan=\"2\">Di\u00e1metro<\/td>\n<td class=\"gray\" style=\"text-align: center;\" colspan=\"2\">Longitud<br\/>\npared<\/td>\n<td class=\"gray\" style=\"text-align: center;\" colspan=\"2\">Total<br>\nALTURA<\/td>\n<td class=\"gray\" style=\"text-align: center;\" colspan=\"2\">pared<br>\nINTERIOR<\/td>\n<td class=\"gray\" style=\"text-align: center;\" colspan=\"2\">pared<br>\nEXTERIOR<\/td>\n<td class=\"gray\" style=\"text-align: center;\" colspan=\"2\">ALTURA<br>\nden<\/td>\n<td class=\"gray\" style=\"text-align: center;\">PESO<br>\ndep\u00f3sito<br>\nUNA pared<\/td>\n<td class=\"gray\" style=\"text-align: center;\">PESO<br>\ndep\u00f3sito<br>\nDOBLE PARED<\/td>\n<td class=\"gray\" style=\"text-align: center;\">Registro<\/td>\n<\/tr>\n<tr>\n<td class=\"gray\" style=\"text-align: center;\">V<\/td>\n<td class=\"gray\" style=\"text-align: center;\">[m<sup>3<\/sup>]<\/td>\n<td class=\"gray\" style=\"text-align: center;\">Dz<\/td>\n<td class=\"gray\" style=\"text-align: center;\">[mm]<\/td>\n<td class=\"gray\" style=\"text-align: center;\">Lp<\/td>\n<td class=\"gray\" style=\"text-align: center;\">[mm]<\/td>\n<td class=\"gray\" style=\"text-align: center;\">H<\/td>\n<td class=\"gray\" style=\"text-align: center;\">[mm]<\/td>\n<td class=\"gray\" style=\"text-align: center;\">S1<\/td>\n<td class=\"gray\" style=\"text-align: center;\">[mm]<\/td>\n<td class=\"gray\" style=\"text-align: center;\">S2<\/td>\n<td class=\"gray\" style=\"text-align: center;\">[mm]<\/td>\n<td class=\"gray\" style=\"text-align: center;\">h<\/td>\n<td class=\"gray\" style=\"text-align: center;\">[mm]<\/td>\n<td class=\"gray\" style=\"text-align: center;\">kg<\/td>\n<td class=\"gray\" style=\"text-align: center;\">kg<\/td>\n<td class=\"gray\" style=\"text-align: center;\">[mm]<\/td>\n<\/tr>\n<tr>\n<td class=\"white\" style=\"text-align: right;\" colspan=\"2\">5<br>\n7<br>\n10<br>\n13<\/td>\n<td class=\"white\" style=\"text-align: right;\" colspan=\"2\">1600<br>\n1600<br>\n1600<br>\n1600<\/td>\n<td class=\"white\" style=\"text-align: right;\" colspan=\"2\">2500<br>\n3300<br>\n5000<br>\n6500<\/td>\n<td class=\"white\" style=\"text-align: right;\" colspan=\"2\">3540<br>\n4340<br>\n6040<br>\n7540<\/td>\n<td class=\"white\" style=\"text-align: right;\" colspan=\"2\">5<br>\n5<br>\n5<br>\n5<\/td>\n<td class=\"white\" style=\"text-align: right;\" colspan=\"2\">3<br>\n3<br>\n3<br>\n3<\/td>\n<td class=\"white\" style=\"text-align: right;\" colspan=\"2\">270<br>\n270<br>\n270<br>\n270<\/td>\n<td class=\"white\" style=\"text-align: right;\">973<br>\n1137<br>\n1487<br>\n1793<\/td>\n<td class=\"white\" style=\"text-align: right;\">1305<br>\n1555<br>\n2089<br>\n2555<\/td>\n<td class=\"white\" style=\"text-align: right;\">600<br>\n600<br>\n600<br>\n600<\/td>\n<\/tr>\n<tr>\n<td class=\"white\" style=\"text-align: right;\" colspan=\"2\">16<br>\n20<br>\n25<\/td>\n<td class=\"white\" style=\"text-align: right;\" colspan=\"2\">2000<br>\n2000<br>\n2000<\/td>\n<td class=\"white\" style=\"text-align: right;\" colspan=\"2\">5000<br>\n6150<br>\n8000<\/td>\n<td class=\"white\" style=\"text-align: right;\" colspan=\"2\">6160<br>\n7310<br>\n9160<\/td>\n<td class=\"white\" style=\"text-align: right;\" colspan=\"2\">6<br>\n6<br>\n6<\/td>\n<td class=\"white\" style=\"text-align: right;\" colspan=\"2\">3<br>\n3<br>\n3<\/td>\n<td class=\"white\" style=\"text-align: right;\" colspan=\"2\">330<br>\n330<br>\n330<\/td>\n<td class=\"white\" style=\"text-align: right;\">2316<br>\n2744<br>\n3310<\/td>\n<td class=\"white\" style=\"text-align: right;\">3119<br>\n3712<br>\n4539<\/td>\n<td class=\"white\" style=\"text-align: right;\">600<br>\n600<br>\n600<\/td>\n<\/tr>\n<tr>\n<td class=\"white\" style=\"text-align: right;\" colspan=\"2\">30<br>\n40<\/td>\n<td class=\"white\" style=\"text-align: right;\" colspan=\"2\">2500<br>\n2500<\/td>\n<td class=\"white\" style=\"text-align: right;\" colspan=\"2\">6000<br>\n8000<\/td>\n<td class=\"white\" style=\"text-align: right;\" colspan=\"2\">7300<br>\n9300<\/td>\n<td class=\"white\" style=\"text-align: right;\" colspan=\"2\">7<br>\n7<\/td>\n<td class=\"white\" style=\"text-align: right;\" colspan=\"2\">4<br>\n4<\/td>\n<td class=\"white\" style=\"text-align: right;\" colspan=\"2\">400<br>\n400<\/td>\n<td class=\"white\" style=\"text-align: right;\">4008<br>\n4905<\/td>\n<td class=\"white\" style=\"text-align: right;\">5601<br>\n6952<\/td>\n<td class=\"white\" style=\"text-align: right;\">600<br>\n600<\/td>\n<\/tr>\n<tr>\n<td class=\"white\" style=\"text-align: right;\" colspan=\"2\">50<br>\n60<br>\n80<br>\n100<\/td>\n<td class=\"white\" style=\"text-align: right;\" colspan=\"2\">2900<br>\n2900<br>\n2900<br>\n2900<\/td>\n<td class=\"white\" style=\"text-align: right;\" colspan=\"2\">7500<br>\n9000<br>\n12000<br>\n15000<\/td>\n<td class=\"white\" style=\"text-align: right;\" colspan=\"2\">8900<br>\n10400<br>\n13400<br>\n16400<\/td>\n<td class=\"white\" style=\"text-align: right;\" colspan=\"2\">9<br>\n9<br>\n9<br>\n9<\/td>\n<td class=\"white\" style=\"text-align: right;\" colspan=\"2\">4<br>\n4<br>\n4<br>\n4<\/td>\n<td class=\"white\" style=\"text-align: right;\" colspan=\"2\">450<br>\n450<br>\n450<br>\n450<\/td>\n<td class=\"white\" style=\"text-align: right;\">6946<br>\n7947<br>\n10354<br>\n12351<\/td>\n<td class=\"white\" style=\"text-align: right;\">9226<br>\n10623<br>\n13818<br>\n16618<\/td>\n<td class=\"white\" style=\"text-align: right;\">600<br>\n600<br>\n600<br>\n600<\/td>\n<\/tr>\n<\/tbody>\n<\/table>\n<p>OTROS TAMA\u00d1OS DE DEP\u00d3SITOs DISPONIBLES mediante la  pregunta.<\/p>\n\n\n\n<p><\/p>\n","protected":false},"excerpt":{"rendered":"<p>Especificaciones t\u00e9cnicas: Los dep\u00f3sitos verticales de CGH de acero de doble pared se fabrican seg\u00fan normativa Europea con capacidades de 5 a 100 m3. A solicitud del cliente se pueden ofrecer tama\u00f1os no est\u00e1ndar. El doble foro del dep\u00f3sito est\u00e1 hecho de dos capas de acero. El espacio interno est\u00e1 supervisado mediante un sistema de [&hellip;]?<\/p>\n","protected":false},"author":1,"featured_media":0,"parent":17,"menu_order":0,"comment_status":"closed","ping_status":"closed","template":"page-products-with-second-menu.php","meta":{"_acf_changed":false,"footnotes":""},"class_list":["post-165","page","type-page","status-publish","hentry"],"acf":[],"yoast_head":"<!-- This site is optimized with the Yoast SEO plugin v26.1.1 - https:\/\/yoast.com\/wordpress\/plugins\/seo\/ -->\n<title>Dep\u00f3sitos terrestres verticales - CGH Group Sp. z o.o.<\/title>\n<meta name=\"description\" content=\"Aboveground vertical tanks - Double skinned vertical steel tanks from CGH are manufactured under the EN norms with a volume...\" \/>\n<meta name=\"robots\" content=\"index, follow, max-snippet:-1, max-image-preview:large, max-video-preview:-1\" \/>\n<link rel=\"canonical\" href=\"https:\/\/cgh.com.pl\/es\/depositos-para-la-industria\/depositos-terrestres-verticales\" \/>\n<meta property=\"og:locale\" content=\"es_ES\" \/>\n<meta property=\"og:type\" content=\"article\" \/>\n<meta property=\"og:title\" content=\"Dep\u00f3sitos terrestres verticales - CGH Group Sp. z o.o.\" \/>\n<meta property=\"og:description\" content=\"Aboveground vertical tanks - Double skinned vertical steel tanks from CGH are manufactured under the EN norms with a volume...\" \/>\n<meta property=\"og:url\" content=\"https:\/\/cgh.com.pl\/es\/depositos-para-la-industria\/depositos-terrestres-verticales\" \/>\n<meta property=\"og:site_name\" content=\"CGH Group Sp. z o.o.\" \/>\n<meta property=\"article:publisher\" content=\"https:\/\/www.facebook.com\/cghpolska\" \/>\n<meta property=\"article:modified_time\" content=\"2023-02-11T22:51:30+00:00\" \/>\n<meta property=\"og:image\" content=\"https:\/\/cgh.com.pl\/es\/wp-content\/uploads\/2021\/05\/Vertical-aboveground-tanks-1.jpg\" \/>\n<meta name=\"twitter:card\" content=\"summary_large_image\" \/>\n<meta name=\"twitter:label1\" content=\"Tiempo de lectura\" \/>\n\t<meta name=\"twitter:data1\" content=\"1 minuto\" \/>\n<script type=\"application\/ld+json\" class=\"yoast-schema-graph\">{\"@context\":\"https:\/\/schema.org\",\"@graph\":[{\"@type\":\"WebPage\",\"@id\":\"https:\/\/cgh.com.pl\/es\/depositos-para-la-industria\/depositos-terrestres-verticales\",\"url\":\"https:\/\/cgh.com.pl\/es\/depositos-para-la-industria\/depositos-terrestres-verticales\",\"name\":\"Dep\u00f3sitos terrestres verticales - CGH Group Sp. z o.o.\",\"isPartOf\":{\"@id\":\"https:\/\/cgh.com.pl\/es\/#website\"},\"primaryImageOfPage\":{\"@id\":\"https:\/\/cgh.com.pl\/es\/depositos-para-la-industria\/depositos-terrestres-verticales#primaryimage\"},\"image\":{\"@id\":\"https:\/\/cgh.com.pl\/es\/depositos-para-la-industria\/depositos-terrestres-verticales#primaryimage\"},\"thumbnailUrl\":\"https:\/\/cgh.com.pl\/es\/wp-content\/uploads\/2021\/05\/Vertical-aboveground-tanks-1.jpg\",\"datePublished\":\"2020-12-02T21:01:21+00:00\",\"dateModified\":\"2023-02-11T22:51:30+00:00\",\"description\":\"Aboveground vertical tanks - Double skinned vertical steel tanks from CGH are manufactured under the EN norms with a volume...\",\"breadcrumb\":{\"@id\":\"https:\/\/cgh.com.pl\/es\/depositos-para-la-industria\/depositos-terrestres-verticales#breadcrumb\"},\"inLanguage\":\"es\",\"potentialAction\":[{\"@type\":\"ReadAction\",\"target\":[\"https:\/\/cgh.com.pl\/es\/depositos-para-la-industria\/depositos-terrestres-verticales\"]}]},{\"@type\":\"ImageObject\",\"inLanguage\":\"es\",\"@id\":\"https:\/\/cgh.com.pl\/es\/depositos-para-la-industria\/depositos-terrestres-verticales#primaryimage\",\"url\":\"https:\/\/cgh.com.pl\/es\/wp-content\/uploads\/2021\/05\/Vertical-aboveground-tanks-1.jpg\",\"contentUrl\":\"https:\/\/cgh.com.pl\/es\/wp-content\/uploads\/2021\/05\/Vertical-aboveground-tanks-1.jpg\",\"width\":600,\"height\":400,\"caption\":\"Aboveground vertical tanks\"},{\"@type\":\"BreadcrumbList\",\"@id\":\"https:\/\/cgh.com.pl\/es\/depositos-para-la-industria\/depositos-terrestres-verticales#breadcrumb\",\"itemListElement\":[{\"@type\":\"ListItem\",\"position\":1,\"name\":\"Strona g\u0142\u00f3wna\",\"item\":\"https:\/\/cgh.com.pl\/es\/\"},{\"@type\":\"ListItem\",\"position\":2,\"name\":\"Dep\u00f3sitos para la industria\",\"item\":\"https:\/\/cgh.com.pl\/es\/depositos-para-la-industria\"},{\"@type\":\"ListItem\",\"position\":3,\"name\":\"Dep\u00f3sitos terrestres verticales\"}]},{\"@type\":\"WebSite\",\"@id\":\"https:\/\/cgh.com.pl\/es\/#website\",\"url\":\"https:\/\/cgh.com.pl\/es\/\",\"name\":\"CGH Group Sp. z o.o.\",\"description\":\"\",\"publisher\":{\"@id\":\"https:\/\/cgh.com.pl\/es\/#organization\"},\"alternateName\":\"Ingenier\u00eda, desarrollo y fabricaci\u00f3n de dep\u00f3sitos de GLP, industriales, combustibles, agua, a presi\u00f3n y acero inoxidable - CGH Group\",\"potentialAction\":[{\"@type\":\"SearchAction\",\"target\":{\"@type\":\"EntryPoint\",\"urlTemplate\":\"https:\/\/cgh.com.pl\/es\/?s={search_term_string}\"},\"query-input\":{\"@type\":\"PropertyValueSpecification\",\"valueRequired\":true,\"valueName\":\"search_term_string\"}}],\"inLanguage\":\"es\"},{\"@type\":\"Organization\",\"@id\":\"https:\/\/cgh.com.pl\/es\/#organization\",\"name\":\"CGH Group Sp. z o.o.\",\"url\":\"https:\/\/cgh.com.pl\/es\/\",\"logo\":{\"@type\":\"ImageObject\",\"inLanguage\":\"es\",\"@id\":\"https:\/\/cgh.com.pl\/es\/#\/schema\/logo\/image\/\",\"url\":\"https:\/\/cgh.com.pl\/es\/wp-content\/uploads\/2023\/05\/logoCGH.png\",\"contentUrl\":\"https:\/\/cgh.com.pl\/es\/wp-content\/uploads\/2023\/05\/logoCGH.png\",\"width\":449,\"height\":162,\"caption\":\"CGH Group Sp. z o.o.\"},\"image\":{\"@id\":\"https:\/\/cgh.com.pl\/es\/#\/schema\/logo\/image\/\"},\"sameAs\":[\"https:\/\/www.facebook.com\/cghpolska\",\"https:\/\/www.youtube.com\/channel\/UCe9uW1n0tEj_ZJOEtHIHGQw\"]}]}<\/script>\n<!-- \/ Yoast SEO plugin. -->","yoast_head_json":{"title":"Dep\u00f3sitos terrestres verticales - CGH Group Sp. z o.o.","description":"Aboveground vertical tanks - Double skinned vertical steel tanks from CGH are manufactured under the EN norms with a volume...","robots":{"index":"index","follow":"follow","max-snippet":"max-snippet:-1","max-image-preview":"max-image-preview:large","max-video-preview":"max-video-preview:-1"},"canonical":"https:\/\/cgh.com.pl\/es\/depositos-para-la-industria\/depositos-terrestres-verticales","og_locale":"es_ES","og_type":"article","og_title":"Dep\u00f3sitos terrestres verticales - CGH Group Sp. z o.o.","og_description":"Aboveground vertical tanks - Double skinned vertical steel tanks from CGH are manufactured under the EN norms with a volume...","og_url":"https:\/\/cgh.com.pl\/es\/depositos-para-la-industria\/depositos-terrestres-verticales","og_site_name":"CGH Group Sp. z o.o.","article_publisher":"https:\/\/www.facebook.com\/cghpolska","article_modified_time":"2023-02-11T22:51:30+00:00","og_image":[{"url":"https:\/\/cgh.com.pl\/es\/wp-content\/uploads\/2021\/05\/Vertical-aboveground-tanks-1.jpg","type":"","width":"","height":""}],"twitter_card":"summary_large_image","twitter_misc":{"Tiempo de lectura":"1 minuto"},"schema":{"@context":"https:\/\/schema.org","@graph":[{"@type":"WebPage","@id":"https:\/\/cgh.com.pl\/es\/depositos-para-la-industria\/depositos-terrestres-verticales","url":"https:\/\/cgh.com.pl\/es\/depositos-para-la-industria\/depositos-terrestres-verticales","name":"Dep\u00f3sitos terrestres verticales - CGH Group Sp. z o.o.","isPartOf":{"@id":"https:\/\/cgh.com.pl\/es\/#website"},"primaryImageOfPage":{"@id":"https:\/\/cgh.com.pl\/es\/depositos-para-la-industria\/depositos-terrestres-verticales#primaryimage"},"image":{"@id":"https:\/\/cgh.com.pl\/es\/depositos-para-la-industria\/depositos-terrestres-verticales#primaryimage"},"thumbnailUrl":"https:\/\/cgh.com.pl\/es\/wp-content\/uploads\/2021\/05\/Vertical-aboveground-tanks-1.jpg","datePublished":"2020-12-02T21:01:21+00:00","dateModified":"2023-02-11T22:51:30+00:00","description":"Aboveground vertical tanks - Double skinned vertical steel tanks from CGH are manufactured under the EN norms with a volume...","breadcrumb":{"@id":"https:\/\/cgh.com.pl\/es\/depositos-para-la-industria\/depositos-terrestres-verticales#breadcrumb"},"inLanguage":"es","potentialAction":[{"@type":"ReadAction","target":["https:\/\/cgh.com.pl\/es\/depositos-para-la-industria\/depositos-terrestres-verticales"]}]},{"@type":"ImageObject","inLanguage":"es","@id":"https:\/\/cgh.com.pl\/es\/depositos-para-la-industria\/depositos-terrestres-verticales#primaryimage","url":"https:\/\/cgh.com.pl\/es\/wp-content\/uploads\/2021\/05\/Vertical-aboveground-tanks-1.jpg","contentUrl":"https:\/\/cgh.com.pl\/es\/wp-content\/uploads\/2021\/05\/Vertical-aboveground-tanks-1.jpg","width":600,"height":400,"caption":"Aboveground vertical tanks"},{"@type":"BreadcrumbList","@id":"https:\/\/cgh.com.pl\/es\/depositos-para-la-industria\/depositos-terrestres-verticales#breadcrumb","itemListElement":[{"@type":"ListItem","position":1,"name":"Strona g\u0142\u00f3wna","item":"https:\/\/cgh.com.pl\/es\/"},{"@type":"ListItem","position":2,"name":"Dep\u00f3sitos para la industria","item":"https:\/\/cgh.com.pl\/es\/depositos-para-la-industria"},{"@type":"ListItem","position":3,"name":"Dep\u00f3sitos terrestres verticales"}]},{"@type":"WebSite","@id":"https:\/\/cgh.com.pl\/es\/#website","url":"https:\/\/cgh.com.pl\/es\/","name":"CGH Group Sp. z o.o.","description":"","publisher":{"@id":"https:\/\/cgh.com.pl\/es\/#organization"},"alternateName":"Ingenier\u00eda, desarrollo y fabricaci\u00f3n de dep\u00f3sitos de GLP, industriales, combustibles, agua, a presi\u00f3n y acero inoxidable - CGH Group","potentialAction":[{"@type":"SearchAction","target":{"@type":"EntryPoint","urlTemplate":"https:\/\/cgh.com.pl\/es\/?s={search_term_string}"},"query-input":{"@type":"PropertyValueSpecification","valueRequired":true,"valueName":"search_term_string"}}],"inLanguage":"es"},{"@type":"Organization","@id":"https:\/\/cgh.com.pl\/es\/#organization","name":"CGH Group Sp. z o.o.","url":"https:\/\/cgh.com.pl\/es\/","logo":{"@type":"ImageObject","inLanguage":"es","@id":"https:\/\/cgh.com.pl\/es\/#\/schema\/logo\/image\/","url":"https:\/\/cgh.com.pl\/es\/wp-content\/uploads\/2023\/05\/logoCGH.png","contentUrl":"https:\/\/cgh.com.pl\/es\/wp-content\/uploads\/2023\/05\/logoCGH.png","width":449,"height":162,"caption":"CGH Group Sp. z o.o."},"image":{"@id":"https:\/\/cgh.com.pl\/es\/#\/schema\/logo\/image\/"},"sameAs":["https:\/\/www.facebook.com\/cghpolska","https:\/\/www.youtube.com\/channel\/UCe9uW1n0tEj_ZJOEtHIHGQw"]}]}},"_links":{"self":[{"href":"https:\/\/cgh.com.pl\/es\/wp-json\/wp\/v2\/pages\/165","targetHints":{"allow":["GET"]}}],"collection":[{"href":"https:\/\/cgh.com.pl\/es\/wp-json\/wp\/v2\/pages"}],"about":[{"href":"https:\/\/cgh.com.pl\/es\/wp-json\/wp\/v2\/types\/page"}],"author":[{"embeddable":true,"href":"https:\/\/cgh.com.pl\/es\/wp-json\/wp\/v2\/users\/1"}],"replies":[{"embeddable":true,"href":"https:\/\/cgh.com.pl\/es\/wp-json\/wp\/v2\/comments?post=165"}],"version-history":[{"count":20,"href":"https:\/\/cgh.com.pl\/es\/wp-json\/wp\/v2\/pages\/165\/revisions"}],"predecessor-version":[{"id":4676,"href":"https:\/\/cgh.com.pl\/es\/wp-json\/wp\/v2\/pages\/165\/revisions\/4676"}],"up":[{"embeddable":true,"href":"https:\/\/cgh.com.pl\/es\/wp-json\/wp\/v2\/pages\/17"}],"wp:attachment":[{"href":"https:\/\/cgh.com.pl\/es\/wp-json\/wp\/v2\/media?parent=165"}],"curies":[{"name":"wp","href":"https:\/\/api.w.org\/{rel}","templated":true}]}}