{"id":2253,"date":"2022-02-08T10:43:59","date_gmt":"2022-02-08T09:43:59","guid":{"rendered":"https:\/\/cgh.com.pl\/es\/?page_id=2253"},"modified":"2023-05-23T00:05:38","modified_gmt":"2023-05-22T22:05:38","slug":"diseno","status":"publish","type":"page","link":"https:\/\/cgh.com.pl\/es\/cgh-rtp-pipe\/diseno","title":{"rendered":"Dise\u00f1o de CGH RTP PIPE"},"content":{"rendered":"\n<div class=\"wp-block-columns is-layout-flex wp-container-core-columns-is-layout-9d6595d7 wp-block-columns-is-layout-flex\">\n<div class=\"wp-block-column is-layout-flow wp-block-column-is-layout-flow\">\n<h4 class=\"wp-block-heading\" id=\"rura-cgh-rtp-pipe-sklada-sie-z-3-warstw\">Tubo CGH RTP PIPE consta de 3 capas:<\/h4>\n\n\n\n<p><strong>Revestimiento interior<\/strong><\/p>\n\n\n\n<ul class=\"wp-block-list\">\n<li>NYLON (material de nailon qu\u00edmicamente resistente)<\/li>\n\n\n\n<li>FORTON (PPS=polisulfuro de fenilo)<\/li>\n<\/ul>\n\n\n\n<p><strong>Trenzado de fibra de aramida<\/strong><\/p>\n\n\n\n<ul class=\"wp-block-list\">\n<li>Tejido radial (cruz) para mayor resistencia a la presi\u00f3n<\/li>\n\n\n\n<li>Tejido longitudinal para minimizar el alargamiento.<\/li>\n<\/ul>\n\n\n\n<p><strong>Recubrimiento exterior<\/strong><\/p>\n\n\n\n<ul class=\"wp-block-list\">\n<li>Recubrimiento protector para el trenzado fabricado en PP o Nylon.<\/li>\n<\/ul>\n\n\n\n<h4 class=\"wp-block-heading\">Par\u00e1metros de la aplicaci\u00f3n<\/h4>\n\n\n\n<ul class=\"wp-block-list\">\n<li>presi\u00f3n de funcionamiento: hasta 206 bar (dependiendo del di\u00e1metro de la tuber\u00eda)<\/li>\n\n\n\n<li>temperatura de funcionamiento: hasta 121\u00b0C<\/li>\n\n\n\n<li>fuerza de tracci\u00f3n m\u00e1xima: hasta 3.400 kg<\/li>\n\n\n\n<li>compatibilidad qu\u00edmica: \u00e1cidos, bases, queroseno, gas, H<sup>2<\/sup>S, CO<sup>2<\/sup>, salmueras, condensados, sustancias, arom\u00e1ticos, gas licuado<\/li>\n\n\n\n<li>di\u00e1metro exterior del tubo: hasta 152 mm<\/li>\n\n\n\n<li>longitud de la bobina: entre 300 m y 3500 m<\/li>\n<\/ul>\n<\/div>\n\n\n\n<div class=\"wp-block-column is-layout-flow wp-block-column-is-layout-flow\">\n<figure class=\"wp-block-image size-full\"><img decoding=\"async\" width=\"800\" height=\"418\" data-src=\"https:\/\/cgh.com.pl\/es\/wp-content\/uploads\/2022\/03\/construction-thermoflex.jpg\" alt=\"Dise\u00f1o de CGH RTP PIPE\" class=\"wp-image-3318 img-fluid lazyload\" title=\"Construction CGH RTP PIPE\" data-srcset=\"https:\/\/cgh.com.pl\/es\/wp-content\/uploads\/2022\/03\/construction-thermoflex.jpg 800w, https:\/\/cgh.com.pl\/es\/wp-content\/uploads\/2022\/03\/construction-thermoflex-300x157.jpg 300w, https:\/\/cgh.com.pl\/es\/wp-content\/uploads\/2022\/03\/construction-thermoflex-768x401.jpg 768w\" data-sizes=\"(max-width: 800px) 100vw, 800px\" src=\"data:image\/svg+xml;base64,PHN2ZyB3aWR0aD0iMSIgaGVpZ2h0PSIxIiB4bWxucz0iaHR0cDovL3d3dy53My5vcmcvMjAwMC9zdmciPjwvc3ZnPg==\" style=\"--smush-placeholder-width: 800px; --smush-placeholder-aspect-ratio: 800\/418;\" \/><\/figure>\n<\/div>\n<\/div>\n","protected":false},"excerpt":{"rendered":"<p>Tubo CGH RTP PIPE consta de 3 capas: Revestimiento interior Trenzado de fibra de aramida Recubrimiento exterior Par\u00e1metros de la aplicaci\u00f3n<\/p>\n","protected":false},"author":1,"featured_media":0,"parent":40,"menu_order":0,"comment_status":"closed","ping_status":"closed","template":"page-products-with-second-menu.php","meta":{"_acf_changed":false,"footnotes":""},"class_list":["post-2253","page","type-page","status-publish","hentry"],"acf":[],"yoast_head":"<!-- This site is optimized with the Yoast SEO plugin v26.1.1 - https:\/\/yoast.com\/wordpress\/plugins\/seo\/ -->\n<title>Dise\u00f1o de CGH RTP PIPE - CGH Group Sp. z o.o.<\/title>\n<meta name=\"robots\" content=\"index, follow, max-snippet:-1, max-image-preview:large, max-video-preview:-1\" \/>\n<link rel=\"canonical\" href=\"https:\/\/cgh.com.pl\/es\/cgh-rtp-pipe\/diseno\" \/>\n<meta property=\"og:locale\" content=\"es_ES\" \/>\n<meta property=\"og:type\" content=\"article\" \/>\n<meta property=\"og:title\" content=\"Dise\u00f1o de CGH RTP PIPE - CGH Group Sp. z o.o.\" \/>\n<meta property=\"og:description\" content=\"Tubo CGH RTP PIPE consta de 3 capas: Revestimiento interior Trenzado de fibra de aramida Recubrimiento exterior Par\u00e1metros de la aplicaci\u00f3n\" \/>\n<meta property=\"og:url\" content=\"https:\/\/cgh.com.pl\/es\/cgh-rtp-pipe\/diseno\" \/>\n<meta property=\"og:site_name\" content=\"CGH Group Sp. z o.o.\" \/>\n<meta property=\"article:publisher\" content=\"https:\/\/www.facebook.com\/cghpolska\" \/>\n<meta property=\"article:modified_time\" content=\"2023-05-22T22:05:38+00:00\" \/>\n<meta property=\"og:image\" content=\"https:\/\/cgh.com.pl\/es\/wp-content\/uploads\/2022\/03\/construction-thermoflex.jpg\" \/>\n<meta name=\"twitter:card\" content=\"summary_large_image\" \/>\n<meta name=\"twitter:label1\" content=\"Tiempo de lectura\" \/>\n\t<meta name=\"twitter:data1\" content=\"1 minuto\" \/>\n<script type=\"application\/ld+json\" class=\"yoast-schema-graph\">{\"@context\":\"https:\/\/schema.org\",\"@graph\":[{\"@type\":\"WebPage\",\"@id\":\"https:\/\/cgh.com.pl\/es\/cgh-rtp-pipe\/diseno\",\"url\":\"https:\/\/cgh.com.pl\/es\/cgh-rtp-pipe\/diseno\",\"name\":\"Dise\u00f1o de CGH RTP PIPE - CGH Group Sp. z o.o.\",\"isPartOf\":{\"@id\":\"https:\/\/cgh.com.pl\/es\/#website\"},\"primaryImageOfPage\":{\"@id\":\"https:\/\/cgh.com.pl\/es\/cgh-rtp-pipe\/diseno#primaryimage\"},\"image\":{\"@id\":\"https:\/\/cgh.com.pl\/es\/cgh-rtp-pipe\/diseno#primaryimage\"},\"thumbnailUrl\":\"https:\/\/cgh.com.pl\/es\/wp-content\/uploads\/2022\/03\/construction-thermoflex.jpg\",\"datePublished\":\"2022-02-08T09:43:59+00:00\",\"dateModified\":\"2023-05-22T22:05:38+00:00\",\"breadcrumb\":{\"@id\":\"https:\/\/cgh.com.pl\/es\/cgh-rtp-pipe\/diseno#breadcrumb\"},\"inLanguage\":\"es\",\"potentialAction\":[{\"@type\":\"ReadAction\",\"target\":[\"https:\/\/cgh.com.pl\/es\/cgh-rtp-pipe\/diseno\"]}]},{\"@type\":\"ImageObject\",\"inLanguage\":\"es\",\"@id\":\"https:\/\/cgh.com.pl\/es\/cgh-rtp-pipe\/diseno#primaryimage\",\"url\":\"https:\/\/cgh.com.pl\/es\/wp-content\/uploads\/2022\/03\/construction-thermoflex.jpg\",\"contentUrl\":\"https:\/\/cgh.com.pl\/es\/wp-content\/uploads\/2022\/03\/construction-thermoflex.jpg\",\"width\":800,\"height\":418},{\"@type\":\"BreadcrumbList\",\"@id\":\"https:\/\/cgh.com.pl\/es\/cgh-rtp-pipe\/diseno#breadcrumb\",\"itemListElement\":[{\"@type\":\"ListItem\",\"position\":1,\"name\":\"Strona g\u0142\u00f3wna\",\"item\":\"https:\/\/cgh.com.pl\/es\/\"},{\"@type\":\"ListItem\",\"position\":2,\"name\":\"CGH RTP pipe\",\"item\":\"https:\/\/cgh.com.pl\/es\/cgh-rtp-pipe\"},{\"@type\":\"ListItem\",\"position\":3,\"name\":\"Dise\u00f1o de CGH RTP PIPE\"}]},{\"@type\":\"WebSite\",\"@id\":\"https:\/\/cgh.com.pl\/es\/#website\",\"url\":\"https:\/\/cgh.com.pl\/es\/\",\"name\":\"CGH Group Sp. z o.o.\",\"description\":\"\",\"publisher\":{\"@id\":\"https:\/\/cgh.com.pl\/es\/#organization\"},\"alternateName\":\"Ingenier\u00eda, desarrollo y fabricaci\u00f3n de dep\u00f3sitos de GLP, industriales, combustibles, agua, a presi\u00f3n y acero inoxidable - CGH Group\",\"potentialAction\":[{\"@type\":\"SearchAction\",\"target\":{\"@type\":\"EntryPoint\",\"urlTemplate\":\"https:\/\/cgh.com.pl\/es\/?s={search_term_string}\"},\"query-input\":{\"@type\":\"PropertyValueSpecification\",\"valueRequired\":true,\"valueName\":\"search_term_string\"}}],\"inLanguage\":\"es\"},{\"@type\":\"Organization\",\"@id\":\"https:\/\/cgh.com.pl\/es\/#organization\",\"name\":\"CGH Group Sp. z o.o.\",\"url\":\"https:\/\/cgh.com.pl\/es\/\",\"logo\":{\"@type\":\"ImageObject\",\"inLanguage\":\"es\",\"@id\":\"https:\/\/cgh.com.pl\/es\/#\/schema\/logo\/image\/\",\"url\":\"https:\/\/cgh.com.pl\/es\/wp-content\/uploads\/2023\/05\/logoCGH.png\",\"contentUrl\":\"https:\/\/cgh.com.pl\/es\/wp-content\/uploads\/2023\/05\/logoCGH.png\",\"width\":449,\"height\":162,\"caption\":\"CGH Group Sp. z o.o.\"},\"image\":{\"@id\":\"https:\/\/cgh.com.pl\/es\/#\/schema\/logo\/image\/\"},\"sameAs\":[\"https:\/\/www.facebook.com\/cghpolska\",\"https:\/\/www.youtube.com\/channel\/UCe9uW1n0tEj_ZJOEtHIHGQw\"]}]}<\/script>\n<!-- \/ Yoast SEO plugin. -->","yoast_head_json":{"title":"Dise\u00f1o de CGH RTP PIPE - CGH Group Sp. z o.o.","robots":{"index":"index","follow":"follow","max-snippet":"max-snippet:-1","max-image-preview":"max-image-preview:large","max-video-preview":"max-video-preview:-1"},"canonical":"https:\/\/cgh.com.pl\/es\/cgh-rtp-pipe\/diseno","og_locale":"es_ES","og_type":"article","og_title":"Dise\u00f1o de CGH RTP PIPE - CGH Group Sp. z o.o.","og_description":"Tubo CGH RTP PIPE consta de 3 capas: Revestimiento interior Trenzado de fibra de aramida Recubrimiento exterior Par\u00e1metros de la aplicaci\u00f3n","og_url":"https:\/\/cgh.com.pl\/es\/cgh-rtp-pipe\/diseno","og_site_name":"CGH Group Sp. z o.o.","article_publisher":"https:\/\/www.facebook.com\/cghpolska","article_modified_time":"2023-05-22T22:05:38+00:00","og_image":[{"url":"https:\/\/cgh.com.pl\/es\/wp-content\/uploads\/2022\/03\/construction-thermoflex.jpg","type":"","width":"","height":""}],"twitter_card":"summary_large_image","twitter_misc":{"Tiempo de lectura":"1 minuto"},"schema":{"@context":"https:\/\/schema.org","@graph":[{"@type":"WebPage","@id":"https:\/\/cgh.com.pl\/es\/cgh-rtp-pipe\/diseno","url":"https:\/\/cgh.com.pl\/es\/cgh-rtp-pipe\/diseno","name":"Dise\u00f1o de CGH RTP PIPE - CGH Group Sp. z o.o.","isPartOf":{"@id":"https:\/\/cgh.com.pl\/es\/#website"},"primaryImageOfPage":{"@id":"https:\/\/cgh.com.pl\/es\/cgh-rtp-pipe\/diseno#primaryimage"},"image":{"@id":"https:\/\/cgh.com.pl\/es\/cgh-rtp-pipe\/diseno#primaryimage"},"thumbnailUrl":"https:\/\/cgh.com.pl\/es\/wp-content\/uploads\/2022\/03\/construction-thermoflex.jpg","datePublished":"2022-02-08T09:43:59+00:00","dateModified":"2023-05-22T22:05:38+00:00","breadcrumb":{"@id":"https:\/\/cgh.com.pl\/es\/cgh-rtp-pipe\/diseno#breadcrumb"},"inLanguage":"es","potentialAction":[{"@type":"ReadAction","target":["https:\/\/cgh.com.pl\/es\/cgh-rtp-pipe\/diseno"]}]},{"@type":"ImageObject","inLanguage":"es","@id":"https:\/\/cgh.com.pl\/es\/cgh-rtp-pipe\/diseno#primaryimage","url":"https:\/\/cgh.com.pl\/es\/wp-content\/uploads\/2022\/03\/construction-thermoflex.jpg","contentUrl":"https:\/\/cgh.com.pl\/es\/wp-content\/uploads\/2022\/03\/construction-thermoflex.jpg","width":800,"height":418},{"@type":"BreadcrumbList","@id":"https:\/\/cgh.com.pl\/es\/cgh-rtp-pipe\/diseno#breadcrumb","itemListElement":[{"@type":"ListItem","position":1,"name":"Strona g\u0142\u00f3wna","item":"https:\/\/cgh.com.pl\/es\/"},{"@type":"ListItem","position":2,"name":"CGH RTP pipe","item":"https:\/\/cgh.com.pl\/es\/cgh-rtp-pipe"},{"@type":"ListItem","position":3,"name":"Dise\u00f1o de CGH RTP PIPE"}]},{"@type":"WebSite","@id":"https:\/\/cgh.com.pl\/es\/#website","url":"https:\/\/cgh.com.pl\/es\/","name":"CGH Group Sp. z o.o.","description":"","publisher":{"@id":"https:\/\/cgh.com.pl\/es\/#organization"},"alternateName":"Ingenier\u00eda, desarrollo y fabricaci\u00f3n de dep\u00f3sitos de GLP, industriales, combustibles, agua, a presi\u00f3n y acero inoxidable - CGH Group","potentialAction":[{"@type":"SearchAction","target":{"@type":"EntryPoint","urlTemplate":"https:\/\/cgh.com.pl\/es\/?s={search_term_string}"},"query-input":{"@type":"PropertyValueSpecification","valueRequired":true,"valueName":"search_term_string"}}],"inLanguage":"es"},{"@type":"Organization","@id":"https:\/\/cgh.com.pl\/es\/#organization","name":"CGH Group Sp. z o.o.","url":"https:\/\/cgh.com.pl\/es\/","logo":{"@type":"ImageObject","inLanguage":"es","@id":"https:\/\/cgh.com.pl\/es\/#\/schema\/logo\/image\/","url":"https:\/\/cgh.com.pl\/es\/wp-content\/uploads\/2023\/05\/logoCGH.png","contentUrl":"https:\/\/cgh.com.pl\/es\/wp-content\/uploads\/2023\/05\/logoCGH.png","width":449,"height":162,"caption":"CGH Group Sp. z o.o."},"image":{"@id":"https:\/\/cgh.com.pl\/es\/#\/schema\/logo\/image\/"},"sameAs":["https:\/\/www.facebook.com\/cghpolska","https:\/\/www.youtube.com\/channel\/UCe9uW1n0tEj_ZJOEtHIHGQw"]}]}},"_links":{"self":[{"href":"https:\/\/cgh.com.pl\/es\/wp-json\/wp\/v2\/pages\/2253","targetHints":{"allow":["GET"]}}],"collection":[{"href":"https:\/\/cgh.com.pl\/es\/wp-json\/wp\/v2\/pages"}],"about":[{"href":"https:\/\/cgh.com.pl\/es\/wp-json\/wp\/v2\/types\/page"}],"author":[{"embeddable":true,"href":"https:\/\/cgh.com.pl\/es\/wp-json\/wp\/v2\/users\/1"}],"replies":[{"embeddable":true,"href":"https:\/\/cgh.com.pl\/es\/wp-json\/wp\/v2\/comments?post=2253"}],"version-history":[{"count":18,"href":"https:\/\/cgh.com.pl\/es\/wp-json\/wp\/v2\/pages\/2253\/revisions"}],"predecessor-version":[{"id":5075,"href":"https:\/\/cgh.com.pl\/es\/wp-json\/wp\/v2\/pages\/2253\/revisions\/5075"}],"up":[{"embeddable":true,"href":"https:\/\/cgh.com.pl\/es\/wp-json\/wp\/v2\/pages\/40"}],"wp:attachment":[{"href":"https:\/\/cgh.com.pl\/es\/wp-json\/wp\/v2\/media?parent=2253"}],"curies":[{"name":"wp","href":"https:\/\/api.w.org\/{rel}","templated":true}]}}