{"id":2269,"date":"2022-02-08T14:04:35","date_gmt":"2022-02-08T13:04:35","guid":{"rendered":"https:\/\/cgh.com.pl\/es\/?page_id=2269"},"modified":"2023-05-23T00:06:16","modified_gmt":"2023-05-22T22:06:16","slug":"instalacion","status":"publish","type":"page","link":"https:\/\/cgh.com.pl\/es\/cgh-rtp-pipe\/instalacion","title":{"rendered":"Instalaci\u00f3n CGH RTP PIPE"},"content":{"rendered":"\n<h4 class=\"wp-block-heading\" id=\"maszyna-dociskowatechnologia-cgh-rtp-pipe-pozwala-na-laczenie-rur-wysokiego-cisnienia-bez-spawania-lub-gwintowania\">M\u00e1quina de prensado<\/h4>\n\n\n\n<p id=\"maszyna-dociskowatechnologia-cgh-rtp-pipe-pozwala-na-laczenie-rur-wysokiego-cisnienia-bez-spawania-lub-gwintowania\">La tecnolog\u00eda CGH RTP PIPE permite conectar tuber\u00edas de alta presi\u00f3n sin necesidad de soldar ni roscar.<\/p>\n\n\n\n<figure class=\"wp-block-image size-full\"><img decoding=\"async\" width=\"800\" height=\"176\" data-src=\"https:\/\/cgh.com.pl\/es\/wp-content\/uploads\/2022\/02\/thermoflex.jpg\" alt=\"Instalaci\u00f3n de CGH RTP PIPE - M\u00e1quina de prensado\" class=\"wp-image-2274 img-fluid lazyload\" title=\"Installation CGH RTP PIPE - Clamping machine\" data-srcset=\"https:\/\/cgh.com.pl\/es\/wp-content\/uploads\/2022\/02\/thermoflex.jpg 800w, https:\/\/cgh.com.pl\/es\/wp-content\/uploads\/2022\/02\/thermoflex-300x66.jpg 300w, https:\/\/cgh.com.pl\/es\/wp-content\/uploads\/2022\/02\/thermoflex-768x169.jpg 768w\" data-sizes=\"(max-width: 800px) 100vw, 800px\" src=\"data:image\/svg+xml;base64,PHN2ZyB3aWR0aD0iMSIgaGVpZ2h0PSIxIiB4bWxucz0iaHR0cDovL3d3dy53My5vcmcvMjAwMC9zdmciPjwvc3ZnPg==\" style=\"--smush-placeholder-width: 800px; --smush-placeholder-aspect-ratio: 800\/176;\" \/><\/figure>\n\n\n\n<h4 class=\"wp-block-heading\" id=\"system-laczenia-cgh-rtp-pipe\">Sistema de conexi\u00f3n CGH RTP PIPE<\/h4>\n\n\n\n<p>El sistema de conexi\u00f3n CGH RTP PIPE se adapta a cualquier tipo de instalaci\u00f3n de transporte. El montaje se realiza in situ mediante un dispositivo manual o una m\u00e1quina neum\u00e1tica.<\/p>\n\n\n\n<div class=\"wp-block-columns is-layout-flex wp-container-core-columns-is-layout-9d6595d7 wp-block-columns-is-layout-flex\">\n<div class=\"wp-block-column is-layout-flow wp-block-column-is-layout-flow\">\n<h4 class=\"wp-block-heading\" id=\"laczenie-spawane\">Conexi\u00f3n soldada<\/h4>\n\n\n\n<p>permite soldar la tuber\u00eda CGH RTP PIPE a otros componentes est\u00e1ndar.<\/p>\n\n\n\n<figure class=\"wp-block-image size-full\"><img decoding=\"async\" width=\"300\" height=\"210\" data-src=\"https:\/\/cgh.com.pl\/es\/wp-content\/uploads\/2022\/02\/cgh-rtp-pipe-installation-welded-connection.jpg\" alt=\"Instalaciones CGH RTP PIPE - conexi\u00f3n por soldadura\" class=\"wp-image-2278 img-fluid lazyload\" title=\"Installation CGH RTP PIPE - Welded connection\" src=\"data:image\/svg+xml;base64,PHN2ZyB3aWR0aD0iMSIgaGVpZ2h0PSIxIiB4bWxucz0iaHR0cDovL3d3dy53My5vcmcvMjAwMC9zdmciPjwvc3ZnPg==\" style=\"--smush-placeholder-width: 300px; --smush-placeholder-aspect-ratio: 300\/210;\" \/><\/figure>\n<\/div>\n\n\n\n<div class=\"wp-block-column is-layout-flow wp-block-column-is-layout-flow\">\n<h4 class=\"wp-block-heading\" id=\"laczenie-kolnierzowe\">Embrindado<\/h4>\n\n\n\n<p>se usa con mayor frecuencia para conectarse a otros componentes de tuber\u00eda est\u00e1ndar.<\/p>\n\n\n\n<figure class=\"wp-block-image size-full\"><img decoding=\"async\" width=\"300\" height=\"229\" data-src=\"https:\/\/cgh.com.pl\/es\/wp-content\/uploads\/2022\/02\/cgh-rtp-pipe-installation-flange-connection.jpg\" alt=\"Instalaciones CGH RTP PIPE - embrindado\" class=\"wp-image-2279 img-fluid lazyload\" title=\"Installation CGH RTP PIPE - Flange connection\" src=\"data:image\/svg+xml;base64,PHN2ZyB3aWR0aD0iMSIgaGVpZ2h0PSIxIiB4bWxucz0iaHR0cDovL3d3dy53My5vcmcvMjAwMC9zdmciPjwvc3ZnPg==\" style=\"--smush-placeholder-width: 300px; --smush-placeholder-aspect-ratio: 300\/229;\" \/><\/figure>\n<\/div>\n\n\n\n<div class=\"wp-block-column is-layout-flow wp-block-column-is-layout-flow\">\n<h4 class=\"wp-block-heading\" id=\"laczenie-rura-z-rura\">Conexi\u00f3n tubo a tubo<\/h4>\n\n\n\n<p>la conexi\u00f3n m\u00e1s popular para dos tuber\u00edas CGH RTP PIPE.<\/p>\n\n\n\n<figure class=\"wp-block-image\"><img decoding=\"async\" data-src=\"https:\/\/cgh.com.pl\/es\/wp-content\/uploads\/2016\/04\/thermoflex5.jpg\" alt=\"Instalaci\u00f3n Thermoflex - Conexi\u00f3n tubo a tubo\" title=\"Installation CGH RTP PIPE - Connecting pipe with the pipe\" src=\"data:image\/svg+xml;base64,PHN2ZyB3aWR0aD0iMSIgaGVpZ2h0PSIxIiB4bWxucz0iaHR0cDovL3d3dy53My5vcmcvMjAwMC9zdmciPjwvc3ZnPg==\" class=\"lazyload\" \/><\/figure>\n<\/div>\n<\/div>\n\n\n\n<div class=\"wp-block-columns is-layout-flex wp-container-core-columns-is-layout-9d6595d7 wp-block-columns-is-layout-flex\">\n<div class=\"wp-block-column is-layout-flow wp-block-column-is-layout-flow\"><div class=\"wp-block-image\">\n<figure class=\"aligncenter size-full\"><img decoding=\"async\" width=\"312\" height=\"337\" data-src=\"https:\/\/cgh.com.pl\/es\/wp-content\/uploads\/2022\/02\/cgh-rtp-pipe_photo-4.jpg\" alt=\"\" class=\"wp-image-2289 img-fluid lazyload\" data-srcset=\"https:\/\/cgh.com.pl\/es\/wp-content\/uploads\/2022\/02\/cgh-rtp-pipe_photo-4.jpg 312w, https:\/\/cgh.com.pl\/es\/wp-content\/uploads\/2022\/02\/cgh-rtp-pipe_photo-4-278x300.jpg 278w\" data-sizes=\"(max-width: 312px) 100vw, 312px\" src=\"data:image\/svg+xml;base64,PHN2ZyB3aWR0aD0iMSIgaGVpZ2h0PSIxIiB4bWxucz0iaHR0cDovL3d3dy53My5vcmcvMjAwMC9zdmciPjwvc3ZnPg==\" style=\"--smush-placeholder-width: 312px; --smush-placeholder-aspect-ratio: 312\/337;\" \/><\/figure><\/div><\/div>\n\n\n\n<div class=\"wp-block-column is-layout-flow wp-block-column-is-layout-flow\"><div class=\"wp-block-image\">\n<figure class=\"aligncenter size-full\"><img decoding=\"async\" width=\"316\" height=\"337\" data-src=\"https:\/\/cgh.com.pl\/es\/wp-content\/uploads\/2022\/02\/cgh-rtp-pipe_photo4.jpg\" alt=\"\" class=\"wp-image-2290 img-fluid lazyload\" data-srcset=\"https:\/\/cgh.com.pl\/es\/wp-content\/uploads\/2022\/02\/cgh-rtp-pipe_photo4.jpg 316w, https:\/\/cgh.com.pl\/es\/wp-content\/uploads\/2022\/02\/cgh-rtp-pipe_photo4-281x300.jpg 281w\" data-sizes=\"(max-width: 316px) 100vw, 316px\" src=\"data:image\/svg+xml;base64,PHN2ZyB3aWR0aD0iMSIgaGVpZ2h0PSIxIiB4bWxucz0iaHR0cDovL3d3dy53My5vcmcvMjAwMC9zdmciPjwvc3ZnPg==\" style=\"--smush-placeholder-width: 316px; --smush-placeholder-aspect-ratio: 316\/337;\" \/><\/figure><\/div><\/div>\n<\/div>\n\n\n\n<div class=\"wp-block-columns is-layout-flex wp-container-core-columns-is-layout-9d6595d7 wp-block-columns-is-layout-flex\">\n<div class=\"wp-block-column is-layout-flow wp-block-column-is-layout-flow\">\n<figure class=\"wp-block-image size-full\"><img decoding=\"async\" width=\"267\" height=\"214\" data-src=\"https:\/\/cgh.com.pl\/es\/wp-content\/uploads\/2022\/02\/Open-trench.jpg\" alt=\"excavaci\u00f3n abierta\" class=\"wp-image-2294 img-fluid lazyload\" title=\"Open trench\" src=\"data:image\/svg+xml;base64,PHN2ZyB3aWR0aD0iMSIgaGVpZ2h0PSIxIiB4bWxucz0iaHR0cDovL3d3dy53My5vcmcvMjAwMC9zdmciPjwvc3ZnPg==\" style=\"--smush-placeholder-width: 267px; --smush-placeholder-aspect-ratio: 267\/214;\" \/><\/figure>\n\n\n\n<p><strong>Excavaci\u00f3n abierta<\/strong><\/p>\n\n\n\n<p>reduce significativamente el costo de instalaci\u00f3n en comparaci\u00f3n con las tuber\u00edas de acero.<\/p>\n<\/div>\n\n\n\n<div class=\"wp-block-column is-layout-flow wp-block-column-is-layout-flow\">\n<figure class=\"wp-block-image size-full\"><img decoding=\"async\" width=\"267\" height=\"214\" data-src=\"https:\/\/cgh.com.pl\/es\/wp-content\/uploads\/2022\/02\/Trenchless-technology.jpg\" alt=\"Tecnolog\u00eda sin excavaciones\" class=\"wp-image-2295 img-fluid lazyload\" title=\"Trenchless technology\" src=\"data:image\/svg+xml;base64,PHN2ZyB3aWR0aD0iMSIgaGVpZ2h0PSIxIiB4bWxucz0iaHR0cDovL3d3dy53My5vcmcvMjAwMC9zdmciPjwvc3ZnPg==\" style=\"--smush-placeholder-width: 267px; --smush-placeholder-aspect-ratio: 267\/214;\" \/><\/figure>\n\n\n\n<p><strong>Tecnolog\u00eda sin excavaciones<\/strong><\/p>\n\n\n\n<p>la capacidad de atravesar la instalaci\u00f3n existente, sin necesidad de reemplazar la instalaci\u00f3n anterior<\/p>\n<\/div>\n\n\n\n<div class=\"wp-block-column is-layout-flow wp-block-column-is-layout-flow\">\n<figure class=\"wp-block-image size-full\"><img decoding=\"async\" width=\"267\" height=\"214\" data-src=\"https:\/\/cgh.com.pl\/es\/wp-content\/uploads\/2022\/02\/trench-line.jpg\" alt=\"Instalaci\u00f3n Thermoflex \u2013 perforaci\u00f3n horizontal direcional \" class=\"wp-image-2296 img-fluid lazyload\" title=\"Trench line\" src=\"data:image\/svg+xml;base64,PHN2ZyB3aWR0aD0iMSIgaGVpZ2h0PSIxIiB4bWxucz0iaHR0cDovL3d3dy53My5vcmcvMjAwMC9zdmciPjwvc3ZnPg==\" style=\"--smush-placeholder-width: 267px; --smush-placeholder-aspect-ratio: 267\/214;\" \/><\/figure>\n\n\n\n<p><strong>Perforaci\u00f3n horizontal direccional<\/strong><\/p>\n\n\n\n<p>la excavaci\u00f3n y el montaje se realizan simult\u00e1neamente, lo que permite la instalaci\u00f3n de kil\u00f3metros de secciones en un d\u00eda<\/p>\n<\/div>\n\n\n\n<div class=\"wp-block-column is-layout-flow wp-block-column-is-layout-flow\">\n<figure class=\"wp-block-image size-full\"><img decoding=\"async\" width=\"267\" height=\"214\" data-src=\"https:\/\/cgh.com.pl\/es\/wp-content\/uploads\/2022\/02\/horizontal-directional-drilling.jpg\" alt=\"Instalaciones Thermoflex - Perforaci\u00f3n direccional horizontal\" class=\"wp-image-2299 img-fluid lazyload\" title=\"Horizontal directional drilling\" src=\"data:image\/svg+xml;base64,PHN2ZyB3aWR0aD0iMSIgaGVpZ2h0PSIxIiB4bWxucz0iaHR0cDovL3d3dy53My5vcmcvMjAwMC9zdmciPjwvc3ZnPg==\" style=\"--smush-placeholder-width: 267px; --smush-placeholder-aspect-ratio: 267\/214;\" \/><\/figure>\n\n\n\n<p><strong>Perforaci\u00f3n direccional horizontal<\/strong><\/p>\n\n\n\n<p>la flexibilidad de la tuber\u00eda permite una perforaci\u00f3n vertical m\u00e1s corta al cruzar caminos o r\u00edos<\/p>\n<\/div>\n<\/div>\n","protected":false},"excerpt":{"rendered":"<p>M\u00e1quina de prensado La tecnolog\u00eda CGH RTP PIPE permite conectar tuber\u00edas de alta presi\u00f3n sin necesidad de soldar ni roscar. Sistema de conexi\u00f3n CGH RTP PIPE El sistema de conexi\u00f3n CGH RTP PIPE se adapta a cualquier tipo de instalaci\u00f3n de transporte. El montaje se realiza in situ mediante un dispositivo manual o una m\u00e1quina [&hellip;]?<\/p>\n","protected":false},"author":1,"featured_media":0,"parent":40,"menu_order":0,"comment_status":"closed","ping_status":"closed","template":"page-products-with-second-menu.php","meta":{"_acf_changed":false,"footnotes":""},"class_list":["post-2269","page","type-page","status-publish","hentry"],"acf":[],"yoast_head":"<!-- This site is optimized with the Yoast SEO plugin v26.1.1 - https:\/\/yoast.com\/wordpress\/plugins\/seo\/ -->\n<title>Installation - CGH Polska Sp. z o.o.<\/title>\n<meta name=\"description\" content=\"Installation CGH RTP PIPE: Clamping machine - technology allows you to connect high pressure tubes without welding or threading.\" \/>\n<meta name=\"robots\" content=\"index, follow, max-snippet:-1, max-image-preview:large, max-video-preview:-1\" \/>\n<link rel=\"canonical\" href=\"https:\/\/cgh.com.pl\/es\/cgh-rtp-pipe\/instalacion\" \/>\n<meta property=\"og:locale\" content=\"es_ES\" \/>\n<meta property=\"og:type\" content=\"article\" \/>\n<meta property=\"og:title\" content=\"Installation - CGH Polska Sp. z o.o.\" \/>\n<meta property=\"og:description\" content=\"Installation CGH RTP PIPE: Clamping machine - technology allows you to connect high pressure tubes without welding or threading.\" \/>\n<meta property=\"og:url\" content=\"https:\/\/cgh.com.pl\/es\/cgh-rtp-pipe\/instalacion\" \/>\n<meta property=\"og:site_name\" content=\"CGH Group Sp. z o.o.\" \/>\n<meta property=\"article:publisher\" content=\"https:\/\/www.facebook.com\/cghpolska\" \/>\n<meta property=\"article:modified_time\" content=\"2023-05-22T22:06:16+00:00\" \/>\n<meta property=\"og:image\" content=\"https:\/\/cgh.com.pl\/es\/wp-content\/uploads\/2022\/02\/thermoflex.jpg\" \/>\n<meta name=\"twitter:card\" content=\"summary_large_image\" \/>\n<meta name=\"twitter:label1\" content=\"Tiempo de lectura\" \/>\n\t<meta name=\"twitter:data1\" content=\"1 minuto\" \/>\n<script type=\"application\/ld+json\" class=\"yoast-schema-graph\">{\"@context\":\"https:\/\/schema.org\",\"@graph\":[{\"@type\":\"WebPage\",\"@id\":\"https:\/\/cgh.com.pl\/es\/cgh-rtp-pipe\/instalacion\",\"url\":\"https:\/\/cgh.com.pl\/es\/cgh-rtp-pipe\/instalacion\",\"name\":\"Installation - CGH Polska Sp. z o.o.\",\"isPartOf\":{\"@id\":\"https:\/\/cgh.com.pl\/es\/#website\"},\"primaryImageOfPage\":{\"@id\":\"https:\/\/cgh.com.pl\/es\/cgh-rtp-pipe\/instalacion#primaryimage\"},\"image\":{\"@id\":\"https:\/\/cgh.com.pl\/es\/cgh-rtp-pipe\/instalacion#primaryimage\"},\"thumbnailUrl\":\"https:\/\/cgh.com.pl\/es\/wp-content\/uploads\/2022\/02\/thermoflex.jpg\",\"datePublished\":\"2022-02-08T13:04:35+00:00\",\"dateModified\":\"2023-05-22T22:06:16+00:00\",\"description\":\"Installation CGH RTP PIPE: Clamping machine - technology allows you to connect high pressure tubes without welding or threading.\",\"breadcrumb\":{\"@id\":\"https:\/\/cgh.com.pl\/es\/cgh-rtp-pipe\/instalacion#breadcrumb\"},\"inLanguage\":\"es\",\"potentialAction\":[{\"@type\":\"ReadAction\",\"target\":[\"https:\/\/cgh.com.pl\/es\/cgh-rtp-pipe\/instalacion\"]}]},{\"@type\":\"ImageObject\",\"inLanguage\":\"es\",\"@id\":\"https:\/\/cgh.com.pl\/es\/cgh-rtp-pipe\/instalacion#primaryimage\",\"url\":\"https:\/\/cgh.com.pl\/es\/wp-content\/uploads\/2022\/02\/thermoflex.jpg\",\"contentUrl\":\"https:\/\/cgh.com.pl\/es\/wp-content\/uploads\/2022\/02\/thermoflex.jpg\",\"width\":800,\"height\":176,\"caption\":\"thermoflex\"},{\"@type\":\"BreadcrumbList\",\"@id\":\"https:\/\/cgh.com.pl\/es\/cgh-rtp-pipe\/instalacion#breadcrumb\",\"itemListElement\":[{\"@type\":\"ListItem\",\"position\":1,\"name\":\"Strona g\u0142\u00f3wna\",\"item\":\"https:\/\/cgh.com.pl\/es\/\"},{\"@type\":\"ListItem\",\"position\":2,\"name\":\"CGH RTP pipe\",\"item\":\"https:\/\/cgh.com.pl\/es\/cgh-rtp-pipe\"},{\"@type\":\"ListItem\",\"position\":3,\"name\":\"Instalaci\u00f3n CGH RTP PIPE\"}]},{\"@type\":\"WebSite\",\"@id\":\"https:\/\/cgh.com.pl\/es\/#website\",\"url\":\"https:\/\/cgh.com.pl\/es\/\",\"name\":\"CGH Group Sp. z o.o.\",\"description\":\"\",\"publisher\":{\"@id\":\"https:\/\/cgh.com.pl\/es\/#organization\"},\"alternateName\":\"Ingenier\u00eda, desarrollo y fabricaci\u00f3n de dep\u00f3sitos de GLP, industriales, combustibles, agua, a presi\u00f3n y acero inoxidable - CGH Group\",\"potentialAction\":[{\"@type\":\"SearchAction\",\"target\":{\"@type\":\"EntryPoint\",\"urlTemplate\":\"https:\/\/cgh.com.pl\/es\/?s={search_term_string}\"},\"query-input\":{\"@type\":\"PropertyValueSpecification\",\"valueRequired\":true,\"valueName\":\"search_term_string\"}}],\"inLanguage\":\"es\"},{\"@type\":\"Organization\",\"@id\":\"https:\/\/cgh.com.pl\/es\/#organization\",\"name\":\"CGH Group Sp. z o.o.\",\"url\":\"https:\/\/cgh.com.pl\/es\/\",\"logo\":{\"@type\":\"ImageObject\",\"inLanguage\":\"es\",\"@id\":\"https:\/\/cgh.com.pl\/es\/#\/schema\/logo\/image\/\",\"url\":\"https:\/\/cgh.com.pl\/es\/wp-content\/uploads\/2023\/05\/logoCGH.png\",\"contentUrl\":\"https:\/\/cgh.com.pl\/es\/wp-content\/uploads\/2023\/05\/logoCGH.png\",\"width\":449,\"height\":162,\"caption\":\"CGH Group Sp. z o.o.\"},\"image\":{\"@id\":\"https:\/\/cgh.com.pl\/es\/#\/schema\/logo\/image\/\"},\"sameAs\":[\"https:\/\/www.facebook.com\/cghpolska\",\"https:\/\/www.youtube.com\/channel\/UCe9uW1n0tEj_ZJOEtHIHGQw\"]}]}<\/script>\n<!-- \/ Yoast SEO plugin. -->","yoast_head_json":{"title":"Installation - CGH Polska Sp. z o.o.","description":"Installation CGH RTP PIPE: Clamping machine - technology allows you to connect high pressure tubes without welding or threading.","robots":{"index":"index","follow":"follow","max-snippet":"max-snippet:-1","max-image-preview":"max-image-preview:large","max-video-preview":"max-video-preview:-1"},"canonical":"https:\/\/cgh.com.pl\/es\/cgh-rtp-pipe\/instalacion","og_locale":"es_ES","og_type":"article","og_title":"Installation - CGH Polska Sp. z o.o.","og_description":"Installation CGH RTP PIPE: Clamping machine - technology allows you to connect high pressure tubes without welding or threading.","og_url":"https:\/\/cgh.com.pl\/es\/cgh-rtp-pipe\/instalacion","og_site_name":"CGH Group Sp. z o.o.","article_publisher":"https:\/\/www.facebook.com\/cghpolska","article_modified_time":"2023-05-22T22:06:16+00:00","og_image":[{"url":"https:\/\/cgh.com.pl\/es\/wp-content\/uploads\/2022\/02\/thermoflex.jpg","type":"","width":"","height":""}],"twitter_card":"summary_large_image","twitter_misc":{"Tiempo de lectura":"1 minuto"},"schema":{"@context":"https:\/\/schema.org","@graph":[{"@type":"WebPage","@id":"https:\/\/cgh.com.pl\/es\/cgh-rtp-pipe\/instalacion","url":"https:\/\/cgh.com.pl\/es\/cgh-rtp-pipe\/instalacion","name":"Installation - CGH Polska Sp. z o.o.","isPartOf":{"@id":"https:\/\/cgh.com.pl\/es\/#website"},"primaryImageOfPage":{"@id":"https:\/\/cgh.com.pl\/es\/cgh-rtp-pipe\/instalacion#primaryimage"},"image":{"@id":"https:\/\/cgh.com.pl\/es\/cgh-rtp-pipe\/instalacion#primaryimage"},"thumbnailUrl":"https:\/\/cgh.com.pl\/es\/wp-content\/uploads\/2022\/02\/thermoflex.jpg","datePublished":"2022-02-08T13:04:35+00:00","dateModified":"2023-05-22T22:06:16+00:00","description":"Installation CGH RTP PIPE: Clamping machine - technology allows you to connect high pressure tubes without welding or threading.","breadcrumb":{"@id":"https:\/\/cgh.com.pl\/es\/cgh-rtp-pipe\/instalacion#breadcrumb"},"inLanguage":"es","potentialAction":[{"@type":"ReadAction","target":["https:\/\/cgh.com.pl\/es\/cgh-rtp-pipe\/instalacion"]}]},{"@type":"ImageObject","inLanguage":"es","@id":"https:\/\/cgh.com.pl\/es\/cgh-rtp-pipe\/instalacion#primaryimage","url":"https:\/\/cgh.com.pl\/es\/wp-content\/uploads\/2022\/02\/thermoflex.jpg","contentUrl":"https:\/\/cgh.com.pl\/es\/wp-content\/uploads\/2022\/02\/thermoflex.jpg","width":800,"height":176,"caption":"thermoflex"},{"@type":"BreadcrumbList","@id":"https:\/\/cgh.com.pl\/es\/cgh-rtp-pipe\/instalacion#breadcrumb","itemListElement":[{"@type":"ListItem","position":1,"name":"Strona g\u0142\u00f3wna","item":"https:\/\/cgh.com.pl\/es\/"},{"@type":"ListItem","position":2,"name":"CGH RTP pipe","item":"https:\/\/cgh.com.pl\/es\/cgh-rtp-pipe"},{"@type":"ListItem","position":3,"name":"Instalaci\u00f3n CGH RTP PIPE"}]},{"@type":"WebSite","@id":"https:\/\/cgh.com.pl\/es\/#website","url":"https:\/\/cgh.com.pl\/es\/","name":"CGH Group Sp. z o.o.","description":"","publisher":{"@id":"https:\/\/cgh.com.pl\/es\/#organization"},"alternateName":"Ingenier\u00eda, desarrollo y fabricaci\u00f3n de dep\u00f3sitos de GLP, industriales, combustibles, agua, a presi\u00f3n y acero inoxidable - CGH Group","potentialAction":[{"@type":"SearchAction","target":{"@type":"EntryPoint","urlTemplate":"https:\/\/cgh.com.pl\/es\/?s={search_term_string}"},"query-input":{"@type":"PropertyValueSpecification","valueRequired":true,"valueName":"search_term_string"}}],"inLanguage":"es"},{"@type":"Organization","@id":"https:\/\/cgh.com.pl\/es\/#organization","name":"CGH Group Sp. z o.o.","url":"https:\/\/cgh.com.pl\/es\/","logo":{"@type":"ImageObject","inLanguage":"es","@id":"https:\/\/cgh.com.pl\/es\/#\/schema\/logo\/image\/","url":"https:\/\/cgh.com.pl\/es\/wp-content\/uploads\/2023\/05\/logoCGH.png","contentUrl":"https:\/\/cgh.com.pl\/es\/wp-content\/uploads\/2023\/05\/logoCGH.png","width":449,"height":162,"caption":"CGH Group Sp. z o.o."},"image":{"@id":"https:\/\/cgh.com.pl\/es\/#\/schema\/logo\/image\/"},"sameAs":["https:\/\/www.facebook.com\/cghpolska","https:\/\/www.youtube.com\/channel\/UCe9uW1n0tEj_ZJOEtHIHGQw"]}]}},"_links":{"self":[{"href":"https:\/\/cgh.com.pl\/es\/wp-json\/wp\/v2\/pages\/2269","targetHints":{"allow":["GET"]}}],"collection":[{"href":"https:\/\/cgh.com.pl\/es\/wp-json\/wp\/v2\/pages"}],"about":[{"href":"https:\/\/cgh.com.pl\/es\/wp-json\/wp\/v2\/types\/page"}],"author":[{"embeddable":true,"href":"https:\/\/cgh.com.pl\/es\/wp-json\/wp\/v2\/users\/1"}],"replies":[{"embeddable":true,"href":"https:\/\/cgh.com.pl\/es\/wp-json\/wp\/v2\/comments?post=2269"}],"version-history":[{"count":16,"href":"https:\/\/cgh.com.pl\/es\/wp-json\/wp\/v2\/pages\/2269\/revisions"}],"predecessor-version":[{"id":5077,"href":"https:\/\/cgh.com.pl\/es\/wp-json\/wp\/v2\/pages\/2269\/revisions\/5077"}],"up":[{"embeddable":true,"href":"https:\/\/cgh.com.pl\/es\/wp-json\/wp\/v2\/pages\/40"}],"wp:attachment":[{"href":"https:\/\/cgh.com.pl\/es\/wp-json\/wp\/v2\/media?parent=2269"}],"curies":[{"name":"wp","href":"https:\/\/api.w.org\/{rel}","templated":true}]}}