{"id":2302,"date":"2022-02-08T14:58:31","date_gmt":"2022-02-08T13:58:31","guid":{"rendered":"https:\/\/cgh.com.pl\/es\/?page_id=2302"},"modified":"2023-05-23T00:05:55","modified_gmt":"2023-05-22T22:05:55","slug":"especificacion","status":"publish","type":"page","link":"https:\/\/cgh.com.pl\/es\/cgh-rtp-pipe\/especificacion","title":{"rendered":"Especificaci\u00f3n CGH RTP PIPE"},"content":{"rendered":"\nA continuaci\u00f3n se muestran los tama\u00f1os est\u00e1ndar, los radios de curvatura m\u00ednimos y las dimensiones f\u00edsicas que podemos ofrecer.\n<table>\n<tbody>\n<tr>\n<td class=\"gray-top\" style=\"text-align: center;\">Tama\u00f1o tubo<\/td>\n<td class=\"gray-top\" style=\"text-align: center;\">OD (in)<\/td>\n<td class=\"gray-top\" style=\"text-align: center;\">ID (in)<\/td>\n<td class=\"gray-top\" style=\"text-align: center;\">Peso (kg)\/m)<\/td>\n<td class=\"gray-top\" style=\"text-align: center;\">Tama\u00f1o bobina (OD ft)<\/td>\n<td class=\"gray-top\" style=\"text-align: center;\">Longitud bobina (en m)<\/td>\n<td class=\"gray-top\" style=\"text-align: center;\">Radio de curvatura m\u00ednimo (en m)<\/td>\n<\/tr>\n<tr>\n<td class=\"white\">1&#8243;<\/td>\n<td class=\"white\">1.00<\/td>\n<td class=\"white\">0.63<\/td>\n<td class=\"white\">0.30<\/td>\n<td class=\"white\">96&#8243;<\/td>\n<td class=\"white\">3 658<\/td>\n<td class=\"white\">0.51<\/td>\n<\/tr>\n<tr>\n<td class=\"gray\">1.25&#8243;<\/td>\n<td class=\"gray\">1.25<\/td>\n<td class=\"gray\">0.88<\/td>\n<td class=\"gray\">0.42<\/td>\n<td class=\"gray\">96&#8243;<\/td>\n<td class=\"gray\">3 353<\/td>\n<td class=\"gray\">0.64<\/td>\n<\/tr>\n<tr>\n<td class=\"white\">1.5&#8243;<\/td>\n<td class=\"white\">1.50<\/td>\n<td class=\"white\">1.08<\/td>\n<td class=\"white\">0.59<\/td>\n<td class=\"white\">122&#8243;<\/td>\n<td class=\"white\">2 927<\/td>\n<td class=\"white\">0.76<\/td>\n<\/tr>\n<tr>\n<td class=\"gray\">1.75&#8243;<\/td>\n<td class=\"gray\">1.75<\/td>\n<td class=\"gray\">1.33<\/td>\n<td class=\"gray\">0.65<\/td>\n<td class=\"gray\">122&#8243;<\/td>\n<td class=\"gray\">1 982<\/td>\n<td class=\"gray\">0.89<\/td>\n<\/tr>\n<tr>\n<td class=\"white\">2.375&#8243;<\/td>\n<td class=\"white\">2.38<\/td>\n<td class=\"white\">1.88<\/td>\n<td class=\"white\">1.19<\/td>\n<td class=\"white\">122&#8243;<\/td>\n<td class=\"white\">1 890<\/td>\n<td class=\"white\">1.19<\/td>\n<\/tr>\n<tr>\n<td class=\"gray\">3&#8243;<\/td>\n<td class=\"gray\">3.00<\/td>\n<td class=\"gray\">2.52<\/td>\n<td class=\"gray\">1.53<\/td>\n<td class=\"gray\">144&#8243;<\/td>\n<td class=\"gray\">1 646<\/td>\n<td class=\"gray\">1.55<\/td>\n<\/tr>\n<tr>\n<td class=\"white\">3.5&#8243;<\/td>\n<td class=\"white\">3.50<\/td>\n<td class=\"white\">2.95<\/td>\n<td class=\"white\">1.96<\/td>\n<td class=\"white\">144&#8243;<\/td>\n<td class=\"white\">1 189<\/td>\n<td class=\"white\">1.78<\/td>\n<\/tr>\n<tr>\n<td class=\"gray\">4&#8243;<\/td>\n<td class=\"gray\">4.00<\/td>\n<td class=\"gray\">3.45<\/td>\n<td class=\"gray\">2.78<\/td>\n<td class=\"gray\">144&#8243;<\/td>\n<td class=\"gray\">884<\/td>\n<td class=\"gray\">2.03<\/td>\n<\/tr>\n<tr>\n<td class=\"white\">4.5&#8243;<\/td>\n<td class=\"white\">4.50<\/td>\n<td class=\"white\">3.83<\/td>\n<td class=\"white\">3.15<\/td>\n<td class=\"white\">144&#8243;<\/td>\n<td class=\"white\">640<\/td>\n<td class=\"white\">2.29<\/td>\n<\/tr>\n<tr>\n<td class=\"gray\">6&#8243;<\/td>\n<td class=\"gray\">6.00<\/td>\n<td class=\"gray\">5.05<\/td>\n<td class=\"gray\">6.72<\/td>\n<td class=\"gray\">174&#8243;<\/td>\n<td class=\"gray\">305<\/td>\n<td class=\"gray\">3.05<\/td>\n<\/tr>\n<\/tbody>\n<\/table>\nThe maximum pressure rating is a function of pipe size and temperature. CGH can deliver any design pipe configurations according to the below listed maximums\n\n\n\n<div style=\"height:2rem\" aria-hidden=\"true\" class=\"wp-block-spacer\"><\/div>\n\n\n\n<p><strong><strong>Presi\u00f3n nominal m\u00e1xima<\/strong><\/strong><\/p>\n\n\n\n<table>\n<tbody>\n<tr>\n<td class=\"gray-top\" style=\"text-align: center;\">Tama\u00f1o tubo<\/td>\n<td class=\"gray-top\" style=\"text-align: center;\">140F(60<sup>o<\/sup>C)\nPSI\/BAR<\/td>\n<td class=\"gray-top\" style=\"text-align: center;\">180F(85<sup>o<\/sup>C)\nPSI\/BAR<\/td>\n<td class=\"gray-top\" style=\"text-align: center;\">212F(100<sup>o<\/sup>C)\nPSI\/BAR<\/td>\n<\/tr>\n<tr>\n<td class=\"white\">1&#8243;<\/td>\n<td class=\"white\">3000\/207<\/td>\n<td class=\"white\">3000\/207<\/td>\n<td class=\"white\">3000\/207<\/td>\n<\/tr>\n<tr>\n<td class=\"gray\">1.25&#8243;<\/td>\n<td class=\"gray\">3000\/207<\/td>\n<td class=\"gray\">3000\/207<\/td>\n<td class=\"gray\">3000\/207<\/td>\n<\/tr>\n<tr>\n<td class=\"white\">1.5&#8243;<\/td>\n<td class=\"white\">3000\/207<\/td>\n<td class=\"white\">3000\/207<\/td>\n<td class=\"white\">3000\/207<\/td>\n<\/tr>\n<tr>\n<td class=\"gray\">1.75&#8243;<\/td>\n<td class=\"gray\">3000\/207<\/td>\n<td class=\"gray\">3000\/207<\/td>\n<td class=\"gray\">3000\/207<\/td>\n<\/tr>\n<tr>\n<td class=\"white\">2.375&#8243;<\/td>\n<td class=\"white\">3000\/207<\/td>\n<td class=\"white\">3000\/207<\/td>\n<td class=\"white\">3000\/207<\/td>\n<\/tr>\n<tr>\n<td class=\"gray\">3&#8243;<\/td>\n<td class=\"gray\">2500\/172<\/td>\n<td class=\"gray\">2500\/172<\/td>\n<td class=\"gray\">2500\/172<\/td>\n<\/tr>\n<tr>\n<td class=\"white\">3.5&#8243;<\/td>\n<td class=\"white\">2400\/166<\/td>\n<td class=\"white\">2400\/166<\/td>\n<td class=\"white\">2400\/166<\/td>\n<\/tr>\n<tr>\n<td class=\"gray\">4&#8243;<\/td>\n<td class=\"gray\">1600\/110<\/td>\n<td class=\"gray\">1600\/110<\/td>\n<td class=\"gray\">1600\/110<\/td>\n<\/tr>\n<tr>\n<td class=\"white\">4.5&#8243;<\/td>\n<td class=\"white\">1440\/99<\/td>\n<td class=\"white\">1440\/99<\/td>\n<td class=\"white\">1440\/99<\/td>\n<\/tr>\n<tr>\n<td class=\"gray\">6&#8243;<\/td>\n<td class=\"gray\">1440\/99<\/td>\n<td class=\"gray\">1350\/93<\/td>\n<td class=\"gray\">1100\/76<\/td>\n<\/tr>\n<\/tbody>\n<\/table>\n\n\n\n<div style=\"height:2rem\" aria-hidden=\"true\" class=\"wp-block-spacer\"><\/div>\n\n\n\n<p>Elecci\u00f3n del revestimiento:<br>Ofrecemos 3 configuraciones de tuber\u00eda diferentes:<\/p>\n\n\n\n<ol class=\"wp-block-list\">\n<li><strong>CGH RTP LIGHT PIPE<\/strong> (= tubo RTP con revestimiento de polipropileno)<\/li>\n\n\n\n<li><strong>CGH RTP PIPE<\/strong> (= tubo RTP con revestimiento de poliamida = tubo RTP con revestimiento de nailon)<\/li>\n\n\n\n<li><strong>CGH RTP PLUS PIPE<\/strong> (= tubo RTP con revestimiento de polisulfuro = tubo RTP con revestimiento Fortron)<\/li>\n<\/ol>\n","protected":false},"excerpt":{"rendered":"<p>A continuaci\u00f3n se muestran los tama\u00f1os est\u00e1ndar, los radios de curvatura m\u00ednimos y las dimensiones f\u00edsicas que podemos ofrecer. Tama\u00f1o tubo OD (in) ID (in) Peso (kg)\/m) Tama\u00f1o bobina (OD ft) Longitud bobina (en m) Radio de curvatura m\u00ednimo (en m) 1&#8243; 1.00 0.63 0.30 96&#8243; 3 658 0.51 1.25&#8243; 1.25 0.88 0.42 96&#8243; 3 [&hellip;]?<\/p>\n","protected":false},"author":1,"featured_media":0,"parent":40,"menu_order":0,"comment_status":"closed","ping_status":"closed","template":"page-products-with-second-menu.php","meta":{"_acf_changed":false,"footnotes":""},"class_list":["post-2302","page","type-page","status-publish","hentry"],"acf":[],"yoast_head":"<!-- This site is optimized with the Yoast SEO plugin v26.1.1 - https:\/\/yoast.com\/wordpress\/plugins\/seo\/ -->\n<title>Specification - CGH Polska Sp. z o.o.<\/title>\n<meta name=\"description\" content=\"Specification\" \/>\n<meta name=\"robots\" content=\"index, follow, max-snippet:-1, max-image-preview:large, max-video-preview:-1\" \/>\n<link rel=\"canonical\" href=\"https:\/\/cgh.com.pl\/es\/cgh-rtp-pipe\/especificacion\" \/>\n<meta property=\"og:locale\" content=\"es_ES\" \/>\n<meta property=\"og:type\" content=\"article\" \/>\n<meta property=\"og:title\" content=\"Specification - CGH Polska Sp. z o.o.\" \/>\n<meta property=\"og:description\" content=\"Specification\" \/>\n<meta property=\"og:url\" content=\"https:\/\/cgh.com.pl\/es\/cgh-rtp-pipe\/especificacion\" \/>\n<meta property=\"og:site_name\" content=\"CGH Group Sp. z o.o.\" \/>\n<meta property=\"article:publisher\" content=\"https:\/\/www.facebook.com\/cghpolska\" \/>\n<meta property=\"article:modified_time\" content=\"2023-05-22T22:05:55+00:00\" \/>\n<meta name=\"twitter:card\" content=\"summary_large_image\" \/>\n<meta name=\"twitter:label1\" content=\"Tiempo de lectura\" \/>\n\t<meta name=\"twitter:data1\" content=\"1 minuto\" \/>\n<script type=\"application\/ld+json\" class=\"yoast-schema-graph\">{\"@context\":\"https:\/\/schema.org\",\"@graph\":[{\"@type\":\"WebPage\",\"@id\":\"https:\/\/cgh.com.pl\/es\/cgh-rtp-pipe\/especificacion\",\"url\":\"https:\/\/cgh.com.pl\/es\/cgh-rtp-pipe\/especificacion\",\"name\":\"Specification - CGH Polska Sp. z o.o.\",\"isPartOf\":{\"@id\":\"https:\/\/cgh.com.pl\/es\/#website\"},\"datePublished\":\"2022-02-08T13:58:31+00:00\",\"dateModified\":\"2023-05-22T22:05:55+00:00\",\"description\":\"Specification\",\"breadcrumb\":{\"@id\":\"https:\/\/cgh.com.pl\/es\/cgh-rtp-pipe\/especificacion#breadcrumb\"},\"inLanguage\":\"es\",\"potentialAction\":[{\"@type\":\"ReadAction\",\"target\":[\"https:\/\/cgh.com.pl\/es\/cgh-rtp-pipe\/especificacion\"]}]},{\"@type\":\"BreadcrumbList\",\"@id\":\"https:\/\/cgh.com.pl\/es\/cgh-rtp-pipe\/especificacion#breadcrumb\",\"itemListElement\":[{\"@type\":\"ListItem\",\"position\":1,\"name\":\"Strona g\u0142\u00f3wna\",\"item\":\"https:\/\/cgh.com.pl\/es\/\"},{\"@type\":\"ListItem\",\"position\":2,\"name\":\"CGH RTP pipe\",\"item\":\"https:\/\/cgh.com.pl\/es\/cgh-rtp-pipe\"},{\"@type\":\"ListItem\",\"position\":3,\"name\":\"Especificaci\u00f3n CGH RTP PIPE\"}]},{\"@type\":\"WebSite\",\"@id\":\"https:\/\/cgh.com.pl\/es\/#website\",\"url\":\"https:\/\/cgh.com.pl\/es\/\",\"name\":\"CGH Group Sp. z o.o.\",\"description\":\"\",\"publisher\":{\"@id\":\"https:\/\/cgh.com.pl\/es\/#organization\"},\"alternateName\":\"Ingenier\u00eda, desarrollo y fabricaci\u00f3n de dep\u00f3sitos de GLP, industriales, combustibles, agua, a presi\u00f3n y acero inoxidable - CGH Group\",\"potentialAction\":[{\"@type\":\"SearchAction\",\"target\":{\"@type\":\"EntryPoint\",\"urlTemplate\":\"https:\/\/cgh.com.pl\/es\/?s={search_term_string}\"},\"query-input\":{\"@type\":\"PropertyValueSpecification\",\"valueRequired\":true,\"valueName\":\"search_term_string\"}}],\"inLanguage\":\"es\"},{\"@type\":\"Organization\",\"@id\":\"https:\/\/cgh.com.pl\/es\/#organization\",\"name\":\"CGH Group Sp. z o.o.\",\"url\":\"https:\/\/cgh.com.pl\/es\/\",\"logo\":{\"@type\":\"ImageObject\",\"inLanguage\":\"es\",\"@id\":\"https:\/\/cgh.com.pl\/es\/#\/schema\/logo\/image\/\",\"url\":\"https:\/\/cgh.com.pl\/es\/wp-content\/uploads\/2023\/05\/logoCGH.png\",\"contentUrl\":\"https:\/\/cgh.com.pl\/es\/wp-content\/uploads\/2023\/05\/logoCGH.png\",\"width\":449,\"height\":162,\"caption\":\"CGH Group Sp. z o.o.\"},\"image\":{\"@id\":\"https:\/\/cgh.com.pl\/es\/#\/schema\/logo\/image\/\"},\"sameAs\":[\"https:\/\/www.facebook.com\/cghpolska\",\"https:\/\/www.youtube.com\/channel\/UCe9uW1n0tEj_ZJOEtHIHGQw\"]}]}<\/script>\n<!-- \/ Yoast SEO plugin. -->","yoast_head_json":{"title":"Specification - CGH Polska Sp. z o.o.","description":"Specification","robots":{"index":"index","follow":"follow","max-snippet":"max-snippet:-1","max-image-preview":"max-image-preview:large","max-video-preview":"max-video-preview:-1"},"canonical":"https:\/\/cgh.com.pl\/es\/cgh-rtp-pipe\/especificacion","og_locale":"es_ES","og_type":"article","og_title":"Specification - CGH Polska Sp. z o.o.","og_description":"Specification","og_url":"https:\/\/cgh.com.pl\/es\/cgh-rtp-pipe\/especificacion","og_site_name":"CGH Group Sp. z o.o.","article_publisher":"https:\/\/www.facebook.com\/cghpolska","article_modified_time":"2023-05-22T22:05:55+00:00","twitter_card":"summary_large_image","twitter_misc":{"Tiempo de lectura":"1 minuto"},"schema":{"@context":"https:\/\/schema.org","@graph":[{"@type":"WebPage","@id":"https:\/\/cgh.com.pl\/es\/cgh-rtp-pipe\/especificacion","url":"https:\/\/cgh.com.pl\/es\/cgh-rtp-pipe\/especificacion","name":"Specification - CGH Polska Sp. z o.o.","isPartOf":{"@id":"https:\/\/cgh.com.pl\/es\/#website"},"datePublished":"2022-02-08T13:58:31+00:00","dateModified":"2023-05-22T22:05:55+00:00","description":"Specification","breadcrumb":{"@id":"https:\/\/cgh.com.pl\/es\/cgh-rtp-pipe\/especificacion#breadcrumb"},"inLanguage":"es","potentialAction":[{"@type":"ReadAction","target":["https:\/\/cgh.com.pl\/es\/cgh-rtp-pipe\/especificacion"]}]},{"@type":"BreadcrumbList","@id":"https:\/\/cgh.com.pl\/es\/cgh-rtp-pipe\/especificacion#breadcrumb","itemListElement":[{"@type":"ListItem","position":1,"name":"Strona g\u0142\u00f3wna","item":"https:\/\/cgh.com.pl\/es\/"},{"@type":"ListItem","position":2,"name":"CGH RTP pipe","item":"https:\/\/cgh.com.pl\/es\/cgh-rtp-pipe"},{"@type":"ListItem","position":3,"name":"Especificaci\u00f3n CGH RTP PIPE"}]},{"@type":"WebSite","@id":"https:\/\/cgh.com.pl\/es\/#website","url":"https:\/\/cgh.com.pl\/es\/","name":"CGH Group Sp. z o.o.","description":"","publisher":{"@id":"https:\/\/cgh.com.pl\/es\/#organization"},"alternateName":"Ingenier\u00eda, desarrollo y fabricaci\u00f3n de dep\u00f3sitos de GLP, industriales, combustibles, agua, a presi\u00f3n y acero inoxidable - CGH Group","potentialAction":[{"@type":"SearchAction","target":{"@type":"EntryPoint","urlTemplate":"https:\/\/cgh.com.pl\/es\/?s={search_term_string}"},"query-input":{"@type":"PropertyValueSpecification","valueRequired":true,"valueName":"search_term_string"}}],"inLanguage":"es"},{"@type":"Organization","@id":"https:\/\/cgh.com.pl\/es\/#organization","name":"CGH Group Sp. z o.o.","url":"https:\/\/cgh.com.pl\/es\/","logo":{"@type":"ImageObject","inLanguage":"es","@id":"https:\/\/cgh.com.pl\/es\/#\/schema\/logo\/image\/","url":"https:\/\/cgh.com.pl\/es\/wp-content\/uploads\/2023\/05\/logoCGH.png","contentUrl":"https:\/\/cgh.com.pl\/es\/wp-content\/uploads\/2023\/05\/logoCGH.png","width":449,"height":162,"caption":"CGH Group Sp. z o.o."},"image":{"@id":"https:\/\/cgh.com.pl\/es\/#\/schema\/logo\/image\/"},"sameAs":["https:\/\/www.facebook.com\/cghpolska","https:\/\/www.youtube.com\/channel\/UCe9uW1n0tEj_ZJOEtHIHGQw"]}]}},"_links":{"self":[{"href":"https:\/\/cgh.com.pl\/es\/wp-json\/wp\/v2\/pages\/2302","targetHints":{"allow":["GET"]}}],"collection":[{"href":"https:\/\/cgh.com.pl\/es\/wp-json\/wp\/v2\/pages"}],"about":[{"href":"https:\/\/cgh.com.pl\/es\/wp-json\/wp\/v2\/types\/page"}],"author":[{"embeddable":true,"href":"https:\/\/cgh.com.pl\/es\/wp-json\/wp\/v2\/users\/1"}],"replies":[{"embeddable":true,"href":"https:\/\/cgh.com.pl\/es\/wp-json\/wp\/v2\/comments?post=2302"}],"version-history":[{"count":16,"href":"https:\/\/cgh.com.pl\/es\/wp-json\/wp\/v2\/pages\/2302\/revisions"}],"predecessor-version":[{"id":5076,"href":"https:\/\/cgh.com.pl\/es\/wp-json\/wp\/v2\/pages\/2302\/revisions\/5076"}],"up":[{"embeddable":true,"href":"https:\/\/cgh.com.pl\/es\/wp-json\/wp\/v2\/pages\/40"}],"wp:attachment":[{"href":"https:\/\/cgh.com.pl\/es\/wp-json\/wp\/v2\/media?parent=2302"}],"curies":[{"name":"wp","href":"https:\/\/api.w.org\/{rel}","templated":true}]}}