{"id":237,"date":"2020-12-03T01:36:41","date_gmt":"2020-12-03T00:36:41","guid":{"rendered":"https:\/\/cgh.com.pl\/es\/?page_id=237"},"modified":"2022-10-20T14:30:05","modified_gmt":"2022-10-20T12:30:05","slug":"depositos-para-etanol","status":"publish","type":"page","link":"https:\/\/cgh.com.pl\/es\/depositos-para-la-industria\/depositos-para-etanol","title":{"rendered":"Dep\u00f3sitos para etanol"},"content":{"rendered":"\n<p>Ejemplos de nuestra producci\u00f3n<\/p>\n\n\n\n<ul class=\"wp-block-list\"><li>Dep\u00f3sito subterr\u00e1neo, horizontal, de doble pared, fabricado en acero S235<\/li><li>Capacidad 200 m<sup>3<\/sup>, di\u00e1metro 3400 mm<\/li><li>Medio: etanol<\/li><li>Norma de ejecuci\u00f3n: AD200<\/li><li>Presi\u00f3n de trabajo: atmosf\u00e9rica<\/li><li>Temperatura de trabajo: -29 grados C \/ +50 grados.<\/li><li>dep\u00f3sito equipados con dos conectores DN300 para el montaje de agitadores. El tanque est\u00e1 equipado con sondas de medici\u00f3n. Con homologaci\u00f3n GUM para trabajar en almac\u00e9n aduanero.<\/li><\/ul>\n\n\n\n<div class=\"photos large\">\n<div class=\"first-zoom-photo\">\n<p style=\"text-align: center; font-size: 10px; margin-bottom:0;\"><img decoding=\"async\" data-src=\"https:\/\/cgh.com.pl\/es\/wp-content\/uploads\/2021\/05\/Ethanol-tanks-0.jpg\" alt=\"Dep\u00f3sitos para etanol\" src=\"data:image\/svg+xml;base64,PHN2ZyB3aWR0aD0iMSIgaGVpZ2h0PSIxIiB4bWxucz0iaHR0cDovL3d3dy53My5vcmcvMjAwMC9zdmciPjwvc3ZnPg==\" class=\"lazyload\" style=\"--smush-placeholder-width: 799px; --smush-placeholder-aspect-ratio: 799\/533;\"><\/p>\n\n<div><\/div>\n<\/div>\n<div>\n<p style=\"text-align: center; font-size: 10px; margin-bottom:0;\"><img decoding=\"async\" data-src=\"https:\/\/cgh.com.pl\/es\/wp-content\/uploads\/2021\/05\/Ethanol-tanks-1.jpg\" alt=\"Dep\u00f3sitos para etanol\" src=\"data:image\/svg+xml;base64,PHN2ZyB3aWR0aD0iMSIgaGVpZ2h0PSIxIiB4bWxucz0iaHR0cDovL3d3dy53My5vcmcvMjAwMC9zdmciPjwvc3ZnPg==\" class=\"lazyload\" style=\"--smush-placeholder-width: 800px; --smush-placeholder-aspect-ratio: 800\/533;\"><\/p>\n\n<div><\/div>\n<\/div>\n\n<div class=\"pair\">\n<p style=\"text-align: center; font-size: 10px; margin-bottom:0;\"><img decoding=\"async\" data-src=\"https:\/\/cgh.com.pl\/es\/wp-content\/uploads\/2021\/05\/tanks-for-ethanol-2.jpg\" alt=\"Dep\u00f3sitos para etanol\" src=\"data:image\/svg+xml;base64,PHN2ZyB3aWR0aD0iMSIgaGVpZ2h0PSIxIiB4bWxucz0iaHR0cDovL3d3dy53My5vcmcvMjAwMC9zdmciPjwvc3ZnPg==\" class=\"lazyload\" style=\"--smush-placeholder-width: 800px; --smush-placeholder-aspect-ratio: 800\/533;\"><\/p>\n\n<div><\/div>\n<div><\/div>\n<\/div>\n<\/div>\n","protected":false},"excerpt":{"rendered":"<p>Ejemplos de nuestra producci\u00f3n Dep\u00f3sito subterr\u00e1neo, horizontal, de doble pared, fabricado en acero S235 Capacidad 200 m3, di\u00e1metro 3400 mm Medio: etanol Norma de ejecuci\u00f3n: AD200 Presi\u00f3n de trabajo: atmosf\u00e9rica Temperatura de trabajo: -29 grados C \/ +50 grados. dep\u00f3sito equipados con dos conectores DN300 para el montaje de agitadores. El tanque est\u00e1 equipado con [&hellip;]?<\/p>\n","protected":false},"author":1,"featured_media":0,"parent":17,"menu_order":0,"comment_status":"closed","ping_status":"closed","template":"page-products.php","meta":{"_acf_changed":false,"footnotes":""},"class_list":["post-237","page","type-page","status-publish","hentry"],"acf":[],"yoast_head":"<!-- This site is optimized with the Yoast SEO plugin v26.1.1 - https:\/\/yoast.com\/wordpress\/plugins\/seo\/ -->\n<title>Dep\u00f3sitos para etanol - CGH Group Sp. z o.o.<\/title>\n<meta name=\"description\" content=\"Dep\u00f3sitos para etanol - Dep\u00f3sito subterr\u00e1neo, horizontal, de doble pared, fabricado en acero S235\" \/>\n<meta name=\"robots\" content=\"index, follow, max-snippet:-1, max-image-preview:large, max-video-preview:-1\" \/>\n<link rel=\"canonical\" href=\"https:\/\/cgh.com.pl\/es\/depositos-para-la-industria\/depositos-para-etanol\" \/>\n<meta property=\"og:locale\" content=\"es_ES\" \/>\n<meta property=\"og:type\" content=\"article\" \/>\n<meta property=\"og:title\" content=\"Dep\u00f3sitos para etanol - CGH Group Sp. z o.o.\" \/>\n<meta property=\"og:description\" content=\"Dep\u00f3sitos para etanol - Dep\u00f3sito subterr\u00e1neo, horizontal, de doble pared, fabricado en acero S235\" \/>\n<meta property=\"og:url\" content=\"https:\/\/cgh.com.pl\/es\/depositos-para-la-industria\/depositos-para-etanol\" \/>\n<meta property=\"og:site_name\" content=\"CGH Group Sp. z o.o.\" \/>\n<meta property=\"article:publisher\" content=\"https:\/\/www.facebook.com\/cghpolska\" \/>\n<meta property=\"article:modified_time\" content=\"2022-10-20T12:30:05+00:00\" \/>\n<meta property=\"og:image\" content=\"https:\/\/cgh.com.pl\/es\/wp-content\/uploads\/2021\/05\/Ethanol-tanks-0.jpg\" \/>\n<meta name=\"twitter:card\" content=\"summary_large_image\" \/>\n<script type=\"application\/ld+json\" class=\"yoast-schema-graph\">{\"@context\":\"https:\/\/schema.org\",\"@graph\":[{\"@type\":\"WebPage\",\"@id\":\"https:\/\/cgh.com.pl\/es\/depositos-para-la-industria\/depositos-para-etanol\",\"url\":\"https:\/\/cgh.com.pl\/es\/depositos-para-la-industria\/depositos-para-etanol\",\"name\":\"Dep\u00f3sitos para etanol - CGH Group Sp. z o.o.\",\"isPartOf\":{\"@id\":\"https:\/\/cgh.com.pl\/es\/#website\"},\"primaryImageOfPage\":{\"@id\":\"https:\/\/cgh.com.pl\/es\/depositos-para-la-industria\/depositos-para-etanol#primaryimage\"},\"image\":{\"@id\":\"https:\/\/cgh.com.pl\/es\/depositos-para-la-industria\/depositos-para-etanol#primaryimage\"},\"thumbnailUrl\":\"https:\/\/cgh.com.pl\/es\/wp-content\/uploads\/2021\/05\/Ethanol-tanks-0.jpg\",\"datePublished\":\"2020-12-03T00:36:41+00:00\",\"dateModified\":\"2022-10-20T12:30:05+00:00\",\"description\":\"Dep\u00f3sitos para etanol - Dep\u00f3sito subterr\u00e1neo, horizontal, de doble pared, fabricado en acero S235\",\"breadcrumb\":{\"@id\":\"https:\/\/cgh.com.pl\/es\/depositos-para-la-industria\/depositos-para-etanol#breadcrumb\"},\"inLanguage\":\"es\",\"potentialAction\":[{\"@type\":\"ReadAction\",\"target\":[\"https:\/\/cgh.com.pl\/es\/depositos-para-la-industria\/depositos-para-etanol\"]}]},{\"@type\":\"ImageObject\",\"inLanguage\":\"es\",\"@id\":\"https:\/\/cgh.com.pl\/es\/depositos-para-la-industria\/depositos-para-etanol#primaryimage\",\"url\":\"https:\/\/cgh.com.pl\/es\/wp-content\/uploads\/2021\/05\/Ethanol-tanks-0.jpg\",\"contentUrl\":\"https:\/\/cgh.com.pl\/es\/wp-content\/uploads\/2021\/05\/Ethanol-tanks-0.jpg\",\"width\":799,\"height\":533,\"caption\":\"Tanks for ethanol\"},{\"@type\":\"BreadcrumbList\",\"@id\":\"https:\/\/cgh.com.pl\/es\/depositos-para-la-industria\/depositos-para-etanol#breadcrumb\",\"itemListElement\":[{\"@type\":\"ListItem\",\"position\":1,\"name\":\"Strona g\u0142\u00f3wna\",\"item\":\"https:\/\/cgh.com.pl\/es\/\"},{\"@type\":\"ListItem\",\"position\":2,\"name\":\"Dep\u00f3sitos para la industria\",\"item\":\"https:\/\/cgh.com.pl\/es\/depositos-para-la-industria\"},{\"@type\":\"ListItem\",\"position\":3,\"name\":\"Dep\u00f3sitos para etanol\"}]},{\"@type\":\"WebSite\",\"@id\":\"https:\/\/cgh.com.pl\/es\/#website\",\"url\":\"https:\/\/cgh.com.pl\/es\/\",\"name\":\"CGH Group Sp. z o.o.\",\"description\":\"\",\"publisher\":{\"@id\":\"https:\/\/cgh.com.pl\/es\/#organization\"},\"alternateName\":\"Ingenier\u00eda, desarrollo y fabricaci\u00f3n de dep\u00f3sitos de GLP, industriales, combustibles, agua, a presi\u00f3n y acero inoxidable - CGH Group\",\"potentialAction\":[{\"@type\":\"SearchAction\",\"target\":{\"@type\":\"EntryPoint\",\"urlTemplate\":\"https:\/\/cgh.com.pl\/es\/?s={search_term_string}\"},\"query-input\":{\"@type\":\"PropertyValueSpecification\",\"valueRequired\":true,\"valueName\":\"search_term_string\"}}],\"inLanguage\":\"es\"},{\"@type\":\"Organization\",\"@id\":\"https:\/\/cgh.com.pl\/es\/#organization\",\"name\":\"CGH Group Sp. z o.o.\",\"url\":\"https:\/\/cgh.com.pl\/es\/\",\"logo\":{\"@type\":\"ImageObject\",\"inLanguage\":\"es\",\"@id\":\"https:\/\/cgh.com.pl\/es\/#\/schema\/logo\/image\/\",\"url\":\"https:\/\/cgh.com.pl\/es\/wp-content\/uploads\/2023\/05\/logoCGH.png\",\"contentUrl\":\"https:\/\/cgh.com.pl\/es\/wp-content\/uploads\/2023\/05\/logoCGH.png\",\"width\":449,\"height\":162,\"caption\":\"CGH Group Sp. z o.o.\"},\"image\":{\"@id\":\"https:\/\/cgh.com.pl\/es\/#\/schema\/logo\/image\/\"},\"sameAs\":[\"https:\/\/www.facebook.com\/cghpolska\",\"https:\/\/www.youtube.com\/channel\/UCe9uW1n0tEj_ZJOEtHIHGQw\"]}]}<\/script>\n<!-- \/ Yoast SEO plugin. -->","yoast_head_json":{"title":"Dep\u00f3sitos para etanol - CGH Group Sp. z o.o.","description":"Dep\u00f3sitos para etanol - Dep\u00f3sito subterr\u00e1neo, horizontal, de doble pared, fabricado en acero S235","robots":{"index":"index","follow":"follow","max-snippet":"max-snippet:-1","max-image-preview":"max-image-preview:large","max-video-preview":"max-video-preview:-1"},"canonical":"https:\/\/cgh.com.pl\/es\/depositos-para-la-industria\/depositos-para-etanol","og_locale":"es_ES","og_type":"article","og_title":"Dep\u00f3sitos para etanol - CGH Group Sp. z o.o.","og_description":"Dep\u00f3sitos para etanol - Dep\u00f3sito subterr\u00e1neo, horizontal, de doble pared, fabricado en acero S235","og_url":"https:\/\/cgh.com.pl\/es\/depositos-para-la-industria\/depositos-para-etanol","og_site_name":"CGH Group Sp. z o.o.","article_publisher":"https:\/\/www.facebook.com\/cghpolska","article_modified_time":"2022-10-20T12:30:05+00:00","og_image":[{"url":"https:\/\/cgh.com.pl\/es\/wp-content\/uploads\/2021\/05\/Ethanol-tanks-0.jpg","type":"","width":"","height":""}],"twitter_card":"summary_large_image","schema":{"@context":"https:\/\/schema.org","@graph":[{"@type":"WebPage","@id":"https:\/\/cgh.com.pl\/es\/depositos-para-la-industria\/depositos-para-etanol","url":"https:\/\/cgh.com.pl\/es\/depositos-para-la-industria\/depositos-para-etanol","name":"Dep\u00f3sitos para etanol - CGH Group Sp. z o.o.","isPartOf":{"@id":"https:\/\/cgh.com.pl\/es\/#website"},"primaryImageOfPage":{"@id":"https:\/\/cgh.com.pl\/es\/depositos-para-la-industria\/depositos-para-etanol#primaryimage"},"image":{"@id":"https:\/\/cgh.com.pl\/es\/depositos-para-la-industria\/depositos-para-etanol#primaryimage"},"thumbnailUrl":"https:\/\/cgh.com.pl\/es\/wp-content\/uploads\/2021\/05\/Ethanol-tanks-0.jpg","datePublished":"2020-12-03T00:36:41+00:00","dateModified":"2022-10-20T12:30:05+00:00","description":"Dep\u00f3sitos para etanol - Dep\u00f3sito subterr\u00e1neo, horizontal, de doble pared, fabricado en acero S235","breadcrumb":{"@id":"https:\/\/cgh.com.pl\/es\/depositos-para-la-industria\/depositos-para-etanol#breadcrumb"},"inLanguage":"es","potentialAction":[{"@type":"ReadAction","target":["https:\/\/cgh.com.pl\/es\/depositos-para-la-industria\/depositos-para-etanol"]}]},{"@type":"ImageObject","inLanguage":"es","@id":"https:\/\/cgh.com.pl\/es\/depositos-para-la-industria\/depositos-para-etanol#primaryimage","url":"https:\/\/cgh.com.pl\/es\/wp-content\/uploads\/2021\/05\/Ethanol-tanks-0.jpg","contentUrl":"https:\/\/cgh.com.pl\/es\/wp-content\/uploads\/2021\/05\/Ethanol-tanks-0.jpg","width":799,"height":533,"caption":"Tanks for ethanol"},{"@type":"BreadcrumbList","@id":"https:\/\/cgh.com.pl\/es\/depositos-para-la-industria\/depositos-para-etanol#breadcrumb","itemListElement":[{"@type":"ListItem","position":1,"name":"Strona g\u0142\u00f3wna","item":"https:\/\/cgh.com.pl\/es\/"},{"@type":"ListItem","position":2,"name":"Dep\u00f3sitos para la industria","item":"https:\/\/cgh.com.pl\/es\/depositos-para-la-industria"},{"@type":"ListItem","position":3,"name":"Dep\u00f3sitos para etanol"}]},{"@type":"WebSite","@id":"https:\/\/cgh.com.pl\/es\/#website","url":"https:\/\/cgh.com.pl\/es\/","name":"CGH Group Sp. z o.o.","description":"","publisher":{"@id":"https:\/\/cgh.com.pl\/es\/#organization"},"alternateName":"Ingenier\u00eda, desarrollo y fabricaci\u00f3n de dep\u00f3sitos de GLP, industriales, combustibles, agua, a presi\u00f3n y acero inoxidable - CGH Group","potentialAction":[{"@type":"SearchAction","target":{"@type":"EntryPoint","urlTemplate":"https:\/\/cgh.com.pl\/es\/?s={search_term_string}"},"query-input":{"@type":"PropertyValueSpecification","valueRequired":true,"valueName":"search_term_string"}}],"inLanguage":"es"},{"@type":"Organization","@id":"https:\/\/cgh.com.pl\/es\/#organization","name":"CGH Group Sp. z o.o.","url":"https:\/\/cgh.com.pl\/es\/","logo":{"@type":"ImageObject","inLanguage":"es","@id":"https:\/\/cgh.com.pl\/es\/#\/schema\/logo\/image\/","url":"https:\/\/cgh.com.pl\/es\/wp-content\/uploads\/2023\/05\/logoCGH.png","contentUrl":"https:\/\/cgh.com.pl\/es\/wp-content\/uploads\/2023\/05\/logoCGH.png","width":449,"height":162,"caption":"CGH Group Sp. z o.o."},"image":{"@id":"https:\/\/cgh.com.pl\/es\/#\/schema\/logo\/image\/"},"sameAs":["https:\/\/www.facebook.com\/cghpolska","https:\/\/www.youtube.com\/channel\/UCe9uW1n0tEj_ZJOEtHIHGQw"]}]}},"_links":{"self":[{"href":"https:\/\/cgh.com.pl\/es\/wp-json\/wp\/v2\/pages\/237","targetHints":{"allow":["GET"]}}],"collection":[{"href":"https:\/\/cgh.com.pl\/es\/wp-json\/wp\/v2\/pages"}],"about":[{"href":"https:\/\/cgh.com.pl\/es\/wp-json\/wp\/v2\/types\/page"}],"author":[{"embeddable":true,"href":"https:\/\/cgh.com.pl\/es\/wp-json\/wp\/v2\/users\/1"}],"replies":[{"embeddable":true,"href":"https:\/\/cgh.com.pl\/es\/wp-json\/wp\/v2\/comments?post=237"}],"version-history":[{"count":3,"href":"https:\/\/cgh.com.pl\/es\/wp-json\/wp\/v2\/pages\/237\/revisions"}],"predecessor-version":[{"id":4210,"href":"https:\/\/cgh.com.pl\/es\/wp-json\/wp\/v2\/pages\/237\/revisions\/4210"}],"up":[{"embeddable":true,"href":"https:\/\/cgh.com.pl\/es\/wp-json\/wp\/v2\/pages\/17"}],"wp:attachment":[{"href":"https:\/\/cgh.com.pl\/es\/wp-json\/wp\/v2\/media?parent=237"}],"curies":[{"name":"wp","href":"https:\/\/api.w.org\/{rel}","templated":true}]}}