{"id":275,"date":"2020-12-04T00:05:59","date_gmt":"2020-12-03T23:05:59","guid":{"rendered":"https:\/\/cgh.com.pl\/es\/?page_id=275"},"modified":"2023-02-11T23:07:56","modified_gmt":"2023-02-11T22:07:56","slug":"modulo-de-glp-subterraneo","status":"publish","type":"page","link":"https:\/\/cgh.com.pl\/es\/depositos-glp\/modulo-de-glp-subterraneo","title":{"rendered":"M\u00f3dulo de GLP subterr\u00e1neo"},"content":{"rendered":"\n<div class=\"wp-block-columns has-2-columns is-layout-flex wp-container-core-columns-is-layout-9d6595d7 wp-block-columns-is-layout-flex\">\n<div class=\"wp-block-column is-layout-flow wp-block-column-is-layout-flow\">\n<p>M\u00f3dulo de GLP subterr\u00e1neo \u2013 sistema de alimentaci\u00f3n del distribuidor de GLP integrado con el dep\u00f3sito, realizado de acuerdo con las normas PED\/2014\/68\/EU y atex. La bomba corken y un juego de v\u00e1lvulas est\u00e1n en un pozo de acero montado directamente sobre un dep\u00f3sito de GLP subterr\u00e1neo con capacidades de 9 a 20 m<sup>3<\/sup>.<\/p>\n\n\n\n<p>La documentaci\u00f3n post- ejecuci\u00f3n completa del m\u00f3dulo de GLP con la marca CE incluye el dep\u00f3sito, la bomba y las v\u00e1lvulas: permite una recogida f\u00e1cil del conjunto por las unidades receptoras locales.<\/p>\n<\/div>\n\n\n\n<div class=\"wp-block-column is-layout-flow wp-block-column-is-layout-flow\">\n<p><strong>Datos t\u00e9cnicos b\u00e1sicos<\/strong>:<\/p>\n\n\n\n<table>\n<tbody>\n<tr>\n<td class=\"gray\" style=\"text-align: center;\">CAPACIDAD DEL deposito<\/td>\n<td class=\"gray\" style=\"text-align: center;\">DI\u00c1METRO DEL deposito<\/td>\n<td class=\"gray\" style=\"text-align: center;\">LONGITUD DEL deposito *<\/td>\n<td class=\"gray\" style=\"text-align: center;\">ALTURA  DEL deposito<\/td>\n<td class=\"gray\" style=\"text-align: center;\">PESO DEL deposito<\/td>\n<\/tr>\n<tr>\n<td class=\"gray\" style=\"text-align: center;\">[m<sup>3<\/sup>]<\/td>\n<td class=\"gray\" style=\"text-align: center;\">[\u00f8]<\/td>\n<td class=\"gray\" style=\"text-align: center;\">[mm]<\/td>\n<td class=\"gray\" style=\"text-align: center;\">[mm]<\/td>\n<td class=\"gray\" style=\"text-align: center;\">[kg]<\/td>\n<\/tr>\n<tr>\n<td class=\"white\" style=\"text-align: right;\">9<\/td>\n<td class=\"white\" style=\"text-align: right;\">1250<\/td>\n<td class=\"white\" style=\"text-align: right;\">7830<\/td>\n<td class=\"white\" style=\"text-align: right;\">1920<\/td>\n<td class=\"white\" style=\"text-align: right;\">1666<\/td>\n<\/tr>\n<tr>\n<td class=\"white\" style=\"text-align: right;\">9,9<\/td>\n<td class=\"white\" style=\"text-align: right;\" rowspan=\"2\">1600<\/td>\n<td class=\"white\" style=\"text-align: right;\">5510<\/td>\n<td class=\"white\" style=\"text-align: right;\">2270<\/td>\n<td class=\"white\" style=\"text-align: right;\">2231<\/td>\n<\/tr>\n<tr>\n<td class=\"white\" style=\"text-align: right;\">15<\/td>\n<td class=\"white\" style=\"text-align: right;\">8010<\/td>\n<td class=\"white\" style=\"text-align: right;\">2270<\/td>\n<td class=\"white\" style=\"text-align: right;\">3015<\/td>\n<\/tr>\n<tr>\n<td class=\"white\" style=\"text-align: right;\">9,9<\/td>\n<td class=\"white\" style=\"text-align: right;\" rowspan=\"3\">2000<\/td>\n<td class=\"white\" style=\"text-align: right;\">3720<\/td>\n<td class=\"white\" style=\"text-align: right;\">2670<\/td>\n<td class=\"white\" style=\"text-align: right;\">2214<\/td>\n<\/tr>\n\n<tr>\n<td class=\"white\" style=\"text-align: right;\">15<\/td>\n<td class=\"white\" style=\"text-align: right;\">5220<\/td>\n<td class=\"white\" style=\"text-align: right;\">2670<\/td>\n<td class=\"white\" style=\"text-align: right;\">2903<\/td>\n<\/tr>\n<tr>\n<td class=\"white\" style=\"text-align: right;\">20<\/td>\n<td class=\"white\" style=\"text-align: right;\">7220<\/td>\n<td class=\"white\" style=\"text-align: right;\">2670<\/td>\n<td class=\"white\" style=\"text-align: right;\">3820<\/td>\n<\/tr>\n<\/tbody>\n<\/table>\n<\/div>\n<\/div>\n\n\n\n<div class=\"photos large\">\n<div class=\"first-zoom-photo\">\n<p style=\"text-align: center; font-size: 10px; margin-bottom:0;\"><img decoding=\"async\" data-src=\"https:\/\/cgh.com.pl\/es\/wp-content\/uploads\/2021\/05\/lpg-tanks-2.jpg\" alt=\"M\u00f3dulo de GLP subterr\u00e1neo\" src=\"data:image\/svg+xml;base64,PHN2ZyB3aWR0aD0iMSIgaGVpZ2h0PSIxIiB4bWxucz0iaHR0cDovL3d3dy53My5vcmcvMjAwMC9zdmciPjwvc3ZnPg==\" class=\"lazyload\" style=\"--smush-placeholder-width: 600px; --smush-placeholder-aspect-ratio: 600\/400;\"><\/p>\n\n<div><\/div>\n<\/div>\n<div>\n<p style=\"text-align: center; font-size: 10px; margin-bottom:0;\"><img decoding=\"async\" data-src=\"https:\/\/cgh.com.pl\/es\/wp-content\/uploads\/2021\/05\/LPG-modules.jpg\" alt=\"M\u00f3dulo de GLP subterr\u00e1neo\" src=\"data:image\/svg+xml;base64,PHN2ZyB3aWR0aD0iMSIgaGVpZ2h0PSIxIiB4bWxucz0iaHR0cDovL3d3dy53My5vcmcvMjAwMC9zdmciPjwvc3ZnPg==\" class=\"lazyload\" style=\"--smush-placeholder-width: 600px; --smush-placeholder-aspect-ratio: 600\/400;\"><\/p>\n\n<div><\/div>\n<\/div>\n\n<div class=\"pair\">\n\n\n<div><\/div>\n<div><\/div>\n<\/div>\n<\/div>\n","protected":false},"excerpt":{"rendered":"<p>M\u00f3dulo de GLP subterr\u00e1neo \u2013 sistema de alimentaci\u00f3n del distribuidor de GLP integrado con el dep\u00f3sito, realizado de acuerdo con las normas PED\/2014\/68\/EU y atex. La bomba corken y un juego de v\u00e1lvulas est\u00e1n en un pozo de acero montado directamente sobre un dep\u00f3sito de GLP subterr\u00e1neo con capacidades de 9 a 20 m3. La [&hellip;]?<\/p>\n","protected":false},"author":1,"featured_media":0,"parent":15,"menu_order":0,"comment_status":"closed","ping_status":"closed","template":"page-products-with-second-menu.php","meta":{"_acf_changed":false,"footnotes":""},"class_list":["post-275","page","type-page","status-publish","hentry"],"acf":[],"yoast_head":"<!-- This site is optimized with the Yoast SEO plugin v26.1.1 - https:\/\/yoast.com\/wordpress\/plugins\/seo\/ -->\n<title>M\u00f3dulo de GLP subterr\u00e1neo - CGH Group Sp. z o.o.<\/title>\n<meta name=\"robots\" content=\"index, follow, max-snippet:-1, max-image-preview:large, max-video-preview:-1\" \/>\n<link rel=\"canonical\" href=\"https:\/\/cgh.com.pl\/es\/depositos-glp\/modulo-de-glp-subterraneo\" \/>\n<meta property=\"og:locale\" content=\"es_ES\" \/>\n<meta property=\"og:type\" content=\"article\" \/>\n<meta property=\"og:title\" content=\"M\u00f3dulo de GLP subterr\u00e1neo - CGH Group Sp. z o.o.\" \/>\n<meta property=\"og:description\" content=\"M\u00f3dulo de GLP subterr\u00e1neo \u2013 sistema de alimentaci\u00f3n del distribuidor de GLP integrado con el dep\u00f3sito, realizado de acuerdo con las normas PED\/2014\/68\/EU y atex. La bomba corken y un juego de v\u00e1lvulas est\u00e1n en un pozo de acero montado directamente sobre un dep\u00f3sito de GLP subterr\u00e1neo con capacidades de 9 a 20 m3. La [&hellip;]?\" \/>\n<meta property=\"og:url\" content=\"https:\/\/cgh.com.pl\/es\/depositos-glp\/modulo-de-glp-subterraneo\" \/>\n<meta property=\"og:site_name\" content=\"CGH Group Sp. z o.o.\" \/>\n<meta property=\"article:publisher\" content=\"https:\/\/www.facebook.com\/cghpolska\" \/>\n<meta property=\"article:modified_time\" content=\"2023-02-11T22:07:56+00:00\" \/>\n<meta property=\"og:image\" content=\"https:\/\/cgh.com.pl\/es\/wp-content\/uploads\/2021\/05\/lpg-tanks-2.jpg\" \/>\n<meta name=\"twitter:card\" content=\"summary_large_image\" \/>\n<meta name=\"twitter:label1\" content=\"Tiempo de lectura\" \/>\n\t<meta name=\"twitter:data1\" content=\"1 minuto\" \/>\n<script type=\"application\/ld+json\" class=\"yoast-schema-graph\">{\"@context\":\"https:\/\/schema.org\",\"@graph\":[{\"@type\":\"WebPage\",\"@id\":\"https:\/\/cgh.com.pl\/es\/depositos-glp\/modulo-de-glp-subterraneo\",\"url\":\"https:\/\/cgh.com.pl\/es\/depositos-glp\/modulo-de-glp-subterraneo\",\"name\":\"M\u00f3dulo de GLP subterr\u00e1neo - CGH Group Sp. z o.o.\",\"isPartOf\":{\"@id\":\"https:\/\/cgh.com.pl\/es\/#website\"},\"primaryImageOfPage\":{\"@id\":\"https:\/\/cgh.com.pl\/es\/depositos-glp\/modulo-de-glp-subterraneo#primaryimage\"},\"image\":{\"@id\":\"https:\/\/cgh.com.pl\/es\/depositos-glp\/modulo-de-glp-subterraneo#primaryimage\"},\"thumbnailUrl\":\"https:\/\/cgh.com.pl\/es\/wp-content\/uploads\/2021\/05\/lpg-tanks-2.jpg\",\"datePublished\":\"2020-12-03T23:05:59+00:00\",\"dateModified\":\"2023-02-11T22:07:56+00:00\",\"breadcrumb\":{\"@id\":\"https:\/\/cgh.com.pl\/es\/depositos-glp\/modulo-de-glp-subterraneo#breadcrumb\"},\"inLanguage\":\"es\",\"potentialAction\":[{\"@type\":\"ReadAction\",\"target\":[\"https:\/\/cgh.com.pl\/es\/depositos-glp\/modulo-de-glp-subterraneo\"]}]},{\"@type\":\"ImageObject\",\"inLanguage\":\"es\",\"@id\":\"https:\/\/cgh.com.pl\/es\/depositos-glp\/modulo-de-glp-subterraneo#primaryimage\",\"url\":\"https:\/\/cgh.com.pl\/es\/wp-content\/uploads\/2021\/05\/lpg-tanks-2.jpg\",\"contentUrl\":\"https:\/\/cgh.com.pl\/es\/wp-content\/uploads\/2021\/05\/lpg-tanks-2.jpg\",\"width\":600,\"height\":400,\"caption\":\"LPG tanks\"},{\"@type\":\"BreadcrumbList\",\"@id\":\"https:\/\/cgh.com.pl\/es\/depositos-glp\/modulo-de-glp-subterraneo#breadcrumb\",\"itemListElement\":[{\"@type\":\"ListItem\",\"position\":1,\"name\":\"Strona g\u0142\u00f3wna\",\"item\":\"https:\/\/cgh.com.pl\/es\/\"},{\"@type\":\"ListItem\",\"position\":2,\"name\":\"Dep\u00f3sitos GLP\",\"item\":\"https:\/\/cgh.com.pl\/es\/depositos-glp\"},{\"@type\":\"ListItem\",\"position\":3,\"name\":\"M\u00f3dulo de GLP subterr\u00e1neo\"}]},{\"@type\":\"WebSite\",\"@id\":\"https:\/\/cgh.com.pl\/es\/#website\",\"url\":\"https:\/\/cgh.com.pl\/es\/\",\"name\":\"CGH Group Sp. z o.o.\",\"description\":\"\",\"publisher\":{\"@id\":\"https:\/\/cgh.com.pl\/es\/#organization\"},\"alternateName\":\"Ingenier\u00eda, desarrollo y fabricaci\u00f3n de dep\u00f3sitos de GLP, industriales, combustibles, agua, a presi\u00f3n y acero inoxidable - CGH Group\",\"potentialAction\":[{\"@type\":\"SearchAction\",\"target\":{\"@type\":\"EntryPoint\",\"urlTemplate\":\"https:\/\/cgh.com.pl\/es\/?s={search_term_string}\"},\"query-input\":{\"@type\":\"PropertyValueSpecification\",\"valueRequired\":true,\"valueName\":\"search_term_string\"}}],\"inLanguage\":\"es\"},{\"@type\":\"Organization\",\"@id\":\"https:\/\/cgh.com.pl\/es\/#organization\",\"name\":\"CGH Group Sp. z o.o.\",\"url\":\"https:\/\/cgh.com.pl\/es\/\",\"logo\":{\"@type\":\"ImageObject\",\"inLanguage\":\"es\",\"@id\":\"https:\/\/cgh.com.pl\/es\/#\/schema\/logo\/image\/\",\"url\":\"https:\/\/cgh.com.pl\/es\/wp-content\/uploads\/2023\/05\/logoCGH.png\",\"contentUrl\":\"https:\/\/cgh.com.pl\/es\/wp-content\/uploads\/2023\/05\/logoCGH.png\",\"width\":449,\"height\":162,\"caption\":\"CGH Group Sp. z o.o.\"},\"image\":{\"@id\":\"https:\/\/cgh.com.pl\/es\/#\/schema\/logo\/image\/\"},\"sameAs\":[\"https:\/\/www.facebook.com\/cghpolska\",\"https:\/\/www.youtube.com\/channel\/UCe9uW1n0tEj_ZJOEtHIHGQw\"]}]}<\/script>\n<!-- \/ Yoast SEO plugin. -->","yoast_head_json":{"title":"M\u00f3dulo de GLP subterr\u00e1neo - CGH Group Sp. z o.o.","robots":{"index":"index","follow":"follow","max-snippet":"max-snippet:-1","max-image-preview":"max-image-preview:large","max-video-preview":"max-video-preview:-1"},"canonical":"https:\/\/cgh.com.pl\/es\/depositos-glp\/modulo-de-glp-subterraneo","og_locale":"es_ES","og_type":"article","og_title":"M\u00f3dulo de GLP subterr\u00e1neo - CGH Group Sp. z o.o.","og_description":"M\u00f3dulo de GLP subterr\u00e1neo \u2013 sistema de alimentaci\u00f3n del distribuidor de GLP integrado con el dep\u00f3sito, realizado de acuerdo con las normas PED\/2014\/68\/EU y atex. La bomba corken y un juego de v\u00e1lvulas est\u00e1n en un pozo de acero montado directamente sobre un dep\u00f3sito de GLP subterr\u00e1neo con capacidades de 9 a 20 m3. La [&hellip;]?","og_url":"https:\/\/cgh.com.pl\/es\/depositos-glp\/modulo-de-glp-subterraneo","og_site_name":"CGH Group Sp. z o.o.","article_publisher":"https:\/\/www.facebook.com\/cghpolska","article_modified_time":"2023-02-11T22:07:56+00:00","og_image":[{"url":"https:\/\/cgh.com.pl\/es\/wp-content\/uploads\/2021\/05\/lpg-tanks-2.jpg","type":"","width":"","height":""}],"twitter_card":"summary_large_image","twitter_misc":{"Tiempo de lectura":"1 minuto"},"schema":{"@context":"https:\/\/schema.org","@graph":[{"@type":"WebPage","@id":"https:\/\/cgh.com.pl\/es\/depositos-glp\/modulo-de-glp-subterraneo","url":"https:\/\/cgh.com.pl\/es\/depositos-glp\/modulo-de-glp-subterraneo","name":"M\u00f3dulo de GLP subterr\u00e1neo - CGH Group Sp. z o.o.","isPartOf":{"@id":"https:\/\/cgh.com.pl\/es\/#website"},"primaryImageOfPage":{"@id":"https:\/\/cgh.com.pl\/es\/depositos-glp\/modulo-de-glp-subterraneo#primaryimage"},"image":{"@id":"https:\/\/cgh.com.pl\/es\/depositos-glp\/modulo-de-glp-subterraneo#primaryimage"},"thumbnailUrl":"https:\/\/cgh.com.pl\/es\/wp-content\/uploads\/2021\/05\/lpg-tanks-2.jpg","datePublished":"2020-12-03T23:05:59+00:00","dateModified":"2023-02-11T22:07:56+00:00","breadcrumb":{"@id":"https:\/\/cgh.com.pl\/es\/depositos-glp\/modulo-de-glp-subterraneo#breadcrumb"},"inLanguage":"es","potentialAction":[{"@type":"ReadAction","target":["https:\/\/cgh.com.pl\/es\/depositos-glp\/modulo-de-glp-subterraneo"]}]},{"@type":"ImageObject","inLanguage":"es","@id":"https:\/\/cgh.com.pl\/es\/depositos-glp\/modulo-de-glp-subterraneo#primaryimage","url":"https:\/\/cgh.com.pl\/es\/wp-content\/uploads\/2021\/05\/lpg-tanks-2.jpg","contentUrl":"https:\/\/cgh.com.pl\/es\/wp-content\/uploads\/2021\/05\/lpg-tanks-2.jpg","width":600,"height":400,"caption":"LPG tanks"},{"@type":"BreadcrumbList","@id":"https:\/\/cgh.com.pl\/es\/depositos-glp\/modulo-de-glp-subterraneo#breadcrumb","itemListElement":[{"@type":"ListItem","position":1,"name":"Strona g\u0142\u00f3wna","item":"https:\/\/cgh.com.pl\/es\/"},{"@type":"ListItem","position":2,"name":"Dep\u00f3sitos GLP","item":"https:\/\/cgh.com.pl\/es\/depositos-glp"},{"@type":"ListItem","position":3,"name":"M\u00f3dulo de GLP subterr\u00e1neo"}]},{"@type":"WebSite","@id":"https:\/\/cgh.com.pl\/es\/#website","url":"https:\/\/cgh.com.pl\/es\/","name":"CGH Group Sp. z o.o.","description":"","publisher":{"@id":"https:\/\/cgh.com.pl\/es\/#organization"},"alternateName":"Ingenier\u00eda, desarrollo y fabricaci\u00f3n de dep\u00f3sitos de GLP, industriales, combustibles, agua, a presi\u00f3n y acero inoxidable - CGH Group","potentialAction":[{"@type":"SearchAction","target":{"@type":"EntryPoint","urlTemplate":"https:\/\/cgh.com.pl\/es\/?s={search_term_string}"},"query-input":{"@type":"PropertyValueSpecification","valueRequired":true,"valueName":"search_term_string"}}],"inLanguage":"es"},{"@type":"Organization","@id":"https:\/\/cgh.com.pl\/es\/#organization","name":"CGH Group Sp. z o.o.","url":"https:\/\/cgh.com.pl\/es\/","logo":{"@type":"ImageObject","inLanguage":"es","@id":"https:\/\/cgh.com.pl\/es\/#\/schema\/logo\/image\/","url":"https:\/\/cgh.com.pl\/es\/wp-content\/uploads\/2023\/05\/logoCGH.png","contentUrl":"https:\/\/cgh.com.pl\/es\/wp-content\/uploads\/2023\/05\/logoCGH.png","width":449,"height":162,"caption":"CGH Group Sp. z o.o."},"image":{"@id":"https:\/\/cgh.com.pl\/es\/#\/schema\/logo\/image\/"},"sameAs":["https:\/\/www.facebook.com\/cghpolska","https:\/\/www.youtube.com\/channel\/UCe9uW1n0tEj_ZJOEtHIHGQw"]}]}},"_links":{"self":[{"href":"https:\/\/cgh.com.pl\/es\/wp-json\/wp\/v2\/pages\/275","targetHints":{"allow":["GET"]}}],"collection":[{"href":"https:\/\/cgh.com.pl\/es\/wp-json\/wp\/v2\/pages"}],"about":[{"href":"https:\/\/cgh.com.pl\/es\/wp-json\/wp\/v2\/types\/page"}],"author":[{"embeddable":true,"href":"https:\/\/cgh.com.pl\/es\/wp-json\/wp\/v2\/users\/1"}],"replies":[{"embeddable":true,"href":"https:\/\/cgh.com.pl\/es\/wp-json\/wp\/v2\/comments?post=275"}],"version-history":[{"count":18,"href":"https:\/\/cgh.com.pl\/es\/wp-json\/wp\/v2\/pages\/275\/revisions"}],"predecessor-version":[{"id":4638,"href":"https:\/\/cgh.com.pl\/es\/wp-json\/wp\/v2\/pages\/275\/revisions\/4638"}],"up":[{"embeddable":true,"href":"https:\/\/cgh.com.pl\/es\/wp-json\/wp\/v2\/pages\/15"}],"wp:attachment":[{"href":"https:\/\/cgh.com.pl\/es\/wp-json\/wp\/v2\/media?parent=275"}],"curies":[{"name":"wp","href":"https:\/\/api.w.org\/{rel}","templated":true}]}}