{"id":298,"date":"2020-12-04T23:54:47","date_gmt":"2020-12-04T22:54:47","guid":{"rendered":"https:\/\/cgh.com.pl\/es\/?page_id=298"},"modified":"2023-05-23T23:31:23","modified_gmt":"2023-05-23T21:31:23","slug":"deposito-de-hidroforo","status":"publish","type":"page","link":"https:\/\/cgh.com.pl\/es\/depositos-de-agua\/deposito-de-hidroforo","title":{"rendered":"Dep\u00f3sito de hidr\u00f3foro"},"content":{"rendered":"\n<div class=\"wp-block-columns has-2-columns is-layout-flex wp-container-core-columns-is-layout-9d6595d7 wp-block-columns-is-layout-flex\">\n<div class=\"wp-block-column is-layout-flow wp-block-column-is-layout-flow\">\n<h4 class=\"wp-block-heading\" id=\"przeznaczenie\">Destino:<\/h4>\n\n\n\n<p>Los dep\u00f3sitos de hidr\u00f3foro se utilizan para almacenar agua en los sistemas de protecci\u00f3n contra incendios y mantener (estabilizar) la presi\u00f3n de agua requerida en la red de suministro de agua y asegurar un suministro de agua adecuado (almacenamiento de agua) en caso de un retiro repentino.<\/p>\n\n\n\n<h4 class=\"wp-block-heading\">Datos t\u00e9cnicos:<\/h4>\n\n\n\n<ul class=\"wp-block-list\">\n<li>Fabricado de acuerdo con la directiva PED\/97\/23\/EC y las normas AD 2000 y EN13945<\/li>\n\n\n\n<li>Superficie exterior granallada a Sa 2,5 seg\u00fan PN-ISO 8501-1<\/li>\n\n\n\n<li>Protecci\u00f3n contra la corrosi\u00f3n con un revestimiento de clase C3 M o superior<\/li>\n\n\n\n<li>10 bares de presi\u00f3n<\/li>\n\n\n\n<li>Temperatura de funcionamiento 0\u00b0\/+40\u00b0<\/li>\n\n\n\n<li>Superficie interna pintada con pinturas epoxi, para agua potable con aprobaci\u00f3n PZH<\/li>\n<\/ul>\n<\/div>\n\n\n\n<div class=\"wp-block-column is-layout-flow wp-block-column-is-layout-flow\">\n<figure class=\"wp-block-image\"><img decoding=\"async\" width=\"1000\" height=\"556\" data-src=\"https:\/\/cgh.com.pl\/es\/wp-content\/uploads\/2021\/06\/Hydrophore-tanks-drawing.jpg\" alt=\"Hydrophore tanks - drawing\" class=\"wp-image-1690 img-fluid lazyload\" title=\"Hydrophore tanks - drawing\" data-srcset=\"https:\/\/cgh.com.pl\/es\/wp-content\/uploads\/2021\/06\/Hydrophore-tanks-drawing.jpg 1000w, https:\/\/cgh.com.pl\/es\/wp-content\/uploads\/2021\/06\/Hydrophore-tanks-drawing-300x167.jpg 300w, https:\/\/cgh.com.pl\/es\/wp-content\/uploads\/2021\/06\/Hydrophore-tanks-drawing-768x427.jpg 768w\" data-sizes=\"(max-width: 1000px) 100vw, 1000px\" src=\"data:image\/svg+xml;base64,PHN2ZyB3aWR0aD0iMSIgaGVpZ2h0PSIxIiB4bWxucz0iaHR0cDovL3d3dy53My5vcmcvMjAwMC9zdmciPjwvc3ZnPg==\" style=\"--smush-placeholder-width: 1000px; --smush-placeholder-aspect-ratio: 1000\/556;\" \/><\/figure>\n<\/div>\n<\/div>\n\n\n\n<div class=\"wp-block-columns has-2-columns is-layout-flex wp-container-core-columns-is-layout-9d6595d7 wp-block-columns-is-layout-flex\">\n<div class=\"wp-block-column is-layout-flow wp-block-column-is-layout-flow\">\n<figure class=\"wp-block-image\"><img decoding=\"async\" width=\"700\" height=\"416\" data-src=\"https:\/\/cgh.com.pl\/es\/wp-content\/uploads\/2021\/06\/hydrophore-tanks-2.jpg\" alt=\"Hydrophore tank\" class=\"wp-image-1691 img-fluid lazyload\" title=\"Hydrophore tank\" data-srcset=\"https:\/\/cgh.com.pl\/es\/wp-content\/uploads\/2021\/06\/hydrophore-tanks-2.jpg 700w, https:\/\/cgh.com.pl\/es\/wp-content\/uploads\/2021\/06\/hydrophore-tanks-2-300x178.jpg 300w\" data-sizes=\"(max-width: 700px) 100vw, 700px\" src=\"data:image\/svg+xml;base64,PHN2ZyB3aWR0aD0iMSIgaGVpZ2h0PSIxIiB4bWxucz0iaHR0cDovL3d3dy53My5vcmcvMjAwMC9zdmciPjwvc3ZnPg==\" style=\"--smush-placeholder-width: 700px; --smush-placeholder-aspect-ratio: 700\/416;\" \/><\/figure>\n<\/div>\n\n\n\n<div class=\"wp-block-column is-layout-flow wp-block-column-is-layout-flow\">\n<h4 class=\"wp-block-heading\" id=\"zbiorniki-hydroforowe-parametry-przykladowego-zbiornika\">Example specifications of hydrophore tank:<\/h4>\n\n\n\n<table>\n<tbody>\n<tr>\n<td class=\"gray\" style=\"text-align: center;\">N\u00b0<\/td>\n<td class=\"gray\" style=\"text-align: center;\">Par\u00e1metro<\/td>\n<td class=\"gray\" style=\"text-align: center;\">valor<\/td>\n<td class=\"gray\" style=\"text-align: center;\">Ud.<\/td>\n<\/tr>\n<tr>\n<td class=\"white\" style=\"text-align: right;\">1<\/td>\n<td class=\"white\">Di\u00e1metro nominal<\/td>\n<td class=\"white\" style=\"text-align: right;\">2300<\/td>\n<td class=\"white\">mm<\/td>\n<\/tr>\n<tr>\n<td class=\"white\" style=\"text-align: right;\">2<\/td>\n<td class=\"white\">Capacidad<\/td>\n<td class=\"white\" style=\"text-align: right;\">23640<\/td>\n<td class=\"white\">Litro<\/td>\n<\/tr>\n<tr>\n<td class=\"white\" style=\"text-align: right;\">3<\/td>\n<td class=\"white\">Presi\u00f3n m\u00e1xima admisible PS<\/td>\n<td class=\"white\" style=\"text-align: right;\">10,00<\/td>\n<td class=\"white\">bar<\/td>\n<\/tr>\n<tr>\n<td class=\"white\" style=\"text-align: right;\">4<\/td>\n<td class=\"white\">m\u00ednima-m\u00e1xima temperatura TS permitida<\/td>\n<td class=\"white\" style=\"text-align: right;\">6 \/ 50<\/td>\n<td class=\"white\"><sup>o<\/sup>C<\/td>\n<\/tr>\n<tr>\n<td class=\"white\" style=\"text-align: right;\">5<\/td>\n<td class=\"white\">Presi\u00f3n de prueba TP<\/td>\n<td class=\"white\" style=\"text-align: right;\">14,30<\/td>\n<td class=\"white\">bar<\/td>\n<\/tr>\n<tr>\n<td class=\"white\" style=\"text-align: right;\">6<\/td>\n<td class=\"white\">Medio de trabajo<\/td>\n<td class=\"white\">agua\/aire<\/td>\n<td class=\"white\"><\/td>\n<\/tr>\n<tr>\n<td class=\"white\" style=\"text-align: right;\">7<\/td>\n<td class=\"white\">Peso del dep\u00f3sito vac\u00edo<\/td>\n<td class=\"white\" style=\"text-align: right;\">4902<\/td>\n<td class=\"white\">kg<\/td>\n<\/tr>\n<tr>\n<td class=\"white\" style=\"text-align: right;\">8<\/td>\n<td class=\"white\">Peso del dep\u00f3sito durante la prueba de presi\u00f3n<\/td>\n<td class=\"white\" style=\"text-align: right;\">30113<\/td>\n<td class=\"white\">kg<\/td>\n<\/tr>\n<tr>\n<td class=\"white\" style=\"text-align: right;\">9<\/td>\n<td class=\"white\">Peso del dep\u00f3sito durante la prueba de presi\u00f3n<\/td>\n<td class=\"white\" style=\"text-align: right;\">~21000<\/td>\n<td class=\"white\">kg<\/td>\n<\/tr>\n<tr>\n<td class=\"white\" style=\"text-align: right;\">10<\/td>\n<td class=\"white\">Vida \u00fatil estimada del dispositivo <sup>1)<\/sup><\/td>\n<td class=\"white\" style=\"text-align: right;\">20<\/td>\n<td class=\"white\">a\u00f1os<\/td>\n<\/tr>\n<tr>\n<td class=\"gray\" colspan=\"4\"><sup>1)<\/sup> Para obtener la vida \u00fatil estimada del dispositivo, es necesario seguir las recomendaciones descritas en este manual<\/td>\n<\/tr>\n<\/tbody>\n<\/table>\nOtras capacidades disponibles en el rango de 5-100 m<sup>3<\/sup>\n<\/div>\n<\/div>\n\n\n\n<table>\n<tbody>\n<tr>\n<td class=\"gray\" style=\"text-align: center;\">Symbol<\/td>\n<td class=\"gray\" style=\"text-align: center;\">Descripci\u00f3n<\/td>\n<td class=\"gray\" style=\"text-align: center;\">Tama\u00f1o\/DN<\/td>\n<td class=\"gray\" style=\"text-align: center;\">PN<\/td>\n<td class=\"gray\" style=\"text-align: center;\">Tipo de superficie de contacto de embindado<\/td>\n<td class=\"gray\" style=\"text-align: center;\">Material de perno\/tuerca<\/td>\n<td class=\"gray\" style=\"text-align: center;\">Material de la junta<\/td>\n<td class=\"gray\" style=\"text-align: center;\">Tensi\u00f3n de montaje<\/td>\n<td class=\"gray\" style=\"text-align: center;\">Norma<\/td>\n<\/tr>\n<tr>\n<td class=\"white\">N1<\/td>\n<td class=\"white\">abastecimiento \/ evacuaci\u00f3n\nde agua<\/td>\n<td class=\"white\">DN150<\/td>\n<td class=\"white\" style=\"text-align: right;\">16<\/td>\n<td class=\"white\">01B<\/td>\n<td class=\"white\">5.6 \/ 5<\/td>\n<td class=\"white\">Caucho con una dureza superior a 75 en la escala Shore<\/td>\n<td class=\"white\" style=\"text-align: right;\">59,89<\/td>\n<td class=\"white\">PN-ISO 7005-1<\/td>\n<\/tr>\n<tr>\n<td class=\"white\">N2<\/td>\n<td class=\"white\">abastecimiento \nde agua<\/td>\n<td class=\"white\">DN40<\/td>\n<td class=\"white\" style=\"text-align: right;\">16<\/td>\n<td class=\"white\">01B<\/td>\n<td class=\"white\">5.6 \/ 5<\/td>\n<td class=\"white\">Caucho con una dureza superior a 75 en la escala Shore<\/td>\n<td class=\"white\" style=\"text-align: right;\">12,47<\/td>\n<td class=\"white\">PN-ISO 7005-1<\/td>\n<\/tr>\n<tr>\n<td class=\"white\">N3<\/td>\n<td class=\"white\">Suministro de aire comprimido<\/td>\n<td class=\"white\">DN20<\/td>\n<td class=\"white\" style=\"text-align: right;\">16<\/td>\n<td class=\"white\">01B<\/td>\n<td class=\"white\">5.6 \/ 5<\/td>\n<td class=\"white\">Caucho con una dureza superior a 75 en la escala Shore<\/td>\n<td class=\"white\" style=\"text-align: right;\">6,34<\/td>\n<td class=\"white\">PN-ISO 7005-1<\/td>\n<\/tr>\n<tr>\n<td class=\"white\">N4<\/td>\n<td class=\"white\">Bajo el indicador de agua<\/td>\n<td class=\"white\">DN20<\/td>\n<td class=\"white\" style=\"text-align: right;\">16<\/td>\n<td class=\"white\">01B<\/td>\n<td class=\"white\">5.6 \/ 5<\/td>\n<td class=\"white\">Caucho con una dureza superior a 75 en la escala Shore<\/td>\n<td class=\"white\" style=\"text-align: right;\">6,34<\/td>\n<td class=\"white\">PN-ISO 7005-1<\/td>\n<\/tr>\n<tr>\n<td class=\"white\">N5<\/td>\n<td class=\"white\">Tubo tecnol\u00f3gico<\/td>\n<td class=\"white\">G-1 int.<\/td>\n<td class=\"white\" style=\"text-align: right;\">10<\/td>\n<td class=\"white\">&#8211;<\/td>\n<td class=\"white\">&#8211;<\/td>\n<td class=\"white\">&#8211;<\/td>\n<td class=\"white\">&#8211;<\/td>\n<td class=\"white\">&#8211;<\/td>\n<\/tr>\n<tr>\n<td class=\"white\">N6<\/td>\n<td class=\"white\">Vaciado<\/td>\n<td class=\"white\">G-2 int.<\/td>\n<td class=\"white\" style=\"text-align: right;\">10<\/td>\n<td class=\"white\">&#8211;<\/td>\n<td class=\"white\">&#8211;<\/td>\n<td class=\"white\">&#8211;<\/td>\n<td class=\"white\">&#8211;<\/td>\n<td class=\"white\">&#8211;<\/td>\n<\/tr>\n<tr>\n<td class=\"white\">M1<\/td>\n<td class=\"white\">Registro<\/td>\n<td class=\"white\">320\/420<\/td>\n<td class=\"white\" style=\"text-align: right;\">10<\/td>\n<td class=\"white\">&#8211;<\/td>\n<td class=\"white\">St3S\/5<\/td>\n<td class=\"white\">Caucho con una dureza superior a 75 en la escala Shore<\/td>\n<td class=\"white\" style=\"text-align: right;\">24,77<\/td>\n<td class=\"white\">Seg\u00fan fabricante<\/td>\n<\/tr>\n<\/tbody>\n<\/table>\n\n\n\n<p>Los dep\u00f3sitos de hidroforo sirven, entre otros para el almacenamiento de agua en instalaciones de protecci\u00f3n contra incendios, por lo tanto tambi\u00e9n se denominan dep\u00f3sitos contra incendios.<\/p>\n\n\n\n<p>.<\/p>\n","protected":false},"excerpt":{"rendered":"<p>Destino: Los dep\u00f3sitos de hidr\u00f3foro se utilizan para almacenar agua en los sistemas de protecci\u00f3n contra incendios y mantener (estabilizar) la presi\u00f3n de agua requerida en la red de suministro de agua y asegurar un suministro de agua adecuado (almacenamiento de agua) en caso de un retiro repentino. Datos t\u00e9cnicos: Example specifications of hydrophore tank: [&hellip;]?<\/p>\n","protected":false},"author":1,"featured_media":0,"parent":30,"menu_order":0,"comment_status":"closed","ping_status":"closed","template":"page-products-with-second-menu.php","meta":{"_acf_changed":false,"footnotes":""},"class_list":["post-298","page","type-page","status-publish","hentry"],"acf":[],"yoast_head":"<!-- This site is optimized with the Yoast SEO plugin v26.1.1 - https:\/\/yoast.com\/wordpress\/plugins\/seo\/ -->\n<title>Dep\u00f3sito de hidr\u00f3foro - CGH Group Sp. z o.o.<\/title>\n<meta name=\"description\" content=\"Hydrophore tanks\" \/>\n<meta name=\"robots\" content=\"index, follow, max-snippet:-1, max-image-preview:large, max-video-preview:-1\" \/>\n<link rel=\"canonical\" href=\"https:\/\/cgh.com.pl\/es\/depositos-de-agua\/deposito-de-hidroforo\" \/>\n<meta property=\"og:locale\" content=\"es_ES\" \/>\n<meta property=\"og:type\" content=\"article\" \/>\n<meta property=\"og:title\" content=\"Dep\u00f3sito de hidr\u00f3foro - CGH Group Sp. z o.o.\" \/>\n<meta property=\"og:description\" content=\"Hydrophore tanks\" \/>\n<meta property=\"og:url\" content=\"https:\/\/cgh.com.pl\/es\/depositos-de-agua\/deposito-de-hidroforo\" \/>\n<meta property=\"og:site_name\" content=\"CGH Group Sp. z o.o.\" \/>\n<meta property=\"article:publisher\" content=\"https:\/\/www.facebook.com\/cghpolska\" \/>\n<meta property=\"article:modified_time\" content=\"2023-05-23T21:31:23+00:00\" \/>\n<meta property=\"og:image\" content=\"https:\/\/cgh.com.pl\/es\/wp-content\/uploads\/2021\/06\/Hydrophore-tanks-drawing.jpg\" \/>\n<meta name=\"twitter:card\" content=\"summary_large_image\" \/>\n<meta name=\"twitter:label1\" content=\"Tiempo de lectura\" \/>\n\t<meta name=\"twitter:data1\" content=\"2 minutos\" \/>\n<script type=\"application\/ld+json\" class=\"yoast-schema-graph\">{\"@context\":\"https:\/\/schema.org\",\"@graph\":[{\"@type\":\"WebPage\",\"@id\":\"https:\/\/cgh.com.pl\/es\/depositos-de-agua\/deposito-de-hidroforo\",\"url\":\"https:\/\/cgh.com.pl\/es\/depositos-de-agua\/deposito-de-hidroforo\",\"name\":\"Dep\u00f3sito de hidr\u00f3foro - CGH Group Sp. z o.o.\",\"isPartOf\":{\"@id\":\"https:\/\/cgh.com.pl\/es\/#website\"},\"primaryImageOfPage\":{\"@id\":\"https:\/\/cgh.com.pl\/es\/depositos-de-agua\/deposito-de-hidroforo#primaryimage\"},\"image\":{\"@id\":\"https:\/\/cgh.com.pl\/es\/depositos-de-agua\/deposito-de-hidroforo#primaryimage\"},\"thumbnailUrl\":\"https:\/\/cgh.com.pl\/es\/wp-content\/uploads\/2021\/06\/Hydrophore-tanks-drawing.jpg\",\"datePublished\":\"2020-12-04T22:54:47+00:00\",\"dateModified\":\"2023-05-23T21:31:23+00:00\",\"description\":\"Hydrophore tanks\",\"breadcrumb\":{\"@id\":\"https:\/\/cgh.com.pl\/es\/depositos-de-agua\/deposito-de-hidroforo#breadcrumb\"},\"inLanguage\":\"es\",\"potentialAction\":[{\"@type\":\"ReadAction\",\"target\":[\"https:\/\/cgh.com.pl\/es\/depositos-de-agua\/deposito-de-hidroforo\"]}]},{\"@type\":\"ImageObject\",\"inLanguage\":\"es\",\"@id\":\"https:\/\/cgh.com.pl\/es\/depositos-de-agua\/deposito-de-hidroforo#primaryimage\",\"url\":\"https:\/\/cgh.com.pl\/es\/wp-content\/uploads\/2021\/06\/Hydrophore-tanks-drawing.jpg\",\"contentUrl\":\"https:\/\/cgh.com.pl\/es\/wp-content\/uploads\/2021\/06\/Hydrophore-tanks-drawing.jpg\",\"width\":1000,\"height\":556,\"caption\":\"Hydrophore tanks - drawing\"},{\"@type\":\"BreadcrumbList\",\"@id\":\"https:\/\/cgh.com.pl\/es\/depositos-de-agua\/deposito-de-hidroforo#breadcrumb\",\"itemListElement\":[{\"@type\":\"ListItem\",\"position\":1,\"name\":\"Strona g\u0142\u00f3wna\",\"item\":\"https:\/\/cgh.com.pl\/es\/\"},{\"@type\":\"ListItem\",\"position\":2,\"name\":\"Dep\u00f3sitos de agua\",\"item\":\"https:\/\/cgh.com.pl\/es\/depositos-de-agua\"},{\"@type\":\"ListItem\",\"position\":3,\"name\":\"Dep\u00f3sito de hidr\u00f3foro\"}]},{\"@type\":\"WebSite\",\"@id\":\"https:\/\/cgh.com.pl\/es\/#website\",\"url\":\"https:\/\/cgh.com.pl\/es\/\",\"name\":\"CGH Group Sp. z o.o.\",\"description\":\"\",\"publisher\":{\"@id\":\"https:\/\/cgh.com.pl\/es\/#organization\"},\"alternateName\":\"Ingenier\u00eda, desarrollo y fabricaci\u00f3n de dep\u00f3sitos de GLP, industriales, combustibles, agua, a presi\u00f3n y acero inoxidable - CGH Group\",\"potentialAction\":[{\"@type\":\"SearchAction\",\"target\":{\"@type\":\"EntryPoint\",\"urlTemplate\":\"https:\/\/cgh.com.pl\/es\/?s={search_term_string}\"},\"query-input\":{\"@type\":\"PropertyValueSpecification\",\"valueRequired\":true,\"valueName\":\"search_term_string\"}}],\"inLanguage\":\"es\"},{\"@type\":\"Organization\",\"@id\":\"https:\/\/cgh.com.pl\/es\/#organization\",\"name\":\"CGH Group Sp. z o.o.\",\"url\":\"https:\/\/cgh.com.pl\/es\/\",\"logo\":{\"@type\":\"ImageObject\",\"inLanguage\":\"es\",\"@id\":\"https:\/\/cgh.com.pl\/es\/#\/schema\/logo\/image\/\",\"url\":\"https:\/\/cgh.com.pl\/es\/wp-content\/uploads\/2023\/05\/logoCGH.png\",\"contentUrl\":\"https:\/\/cgh.com.pl\/es\/wp-content\/uploads\/2023\/05\/logoCGH.png\",\"width\":449,\"height\":162,\"caption\":\"CGH Group Sp. z o.o.\"},\"image\":{\"@id\":\"https:\/\/cgh.com.pl\/es\/#\/schema\/logo\/image\/\"},\"sameAs\":[\"https:\/\/www.facebook.com\/cghpolska\",\"https:\/\/www.youtube.com\/channel\/UCe9uW1n0tEj_ZJOEtHIHGQw\"]}]}<\/script>\n<!-- \/ Yoast SEO plugin. -->","yoast_head_json":{"title":"Dep\u00f3sito de hidr\u00f3foro - CGH Group Sp. z o.o.","description":"Hydrophore tanks","robots":{"index":"index","follow":"follow","max-snippet":"max-snippet:-1","max-image-preview":"max-image-preview:large","max-video-preview":"max-video-preview:-1"},"canonical":"https:\/\/cgh.com.pl\/es\/depositos-de-agua\/deposito-de-hidroforo","og_locale":"es_ES","og_type":"article","og_title":"Dep\u00f3sito de hidr\u00f3foro - CGH Group Sp. z o.o.","og_description":"Hydrophore tanks","og_url":"https:\/\/cgh.com.pl\/es\/depositos-de-agua\/deposito-de-hidroforo","og_site_name":"CGH Group Sp. z o.o.","article_publisher":"https:\/\/www.facebook.com\/cghpolska","article_modified_time":"2023-05-23T21:31:23+00:00","og_image":[{"url":"https:\/\/cgh.com.pl\/es\/wp-content\/uploads\/2021\/06\/Hydrophore-tanks-drawing.jpg","type":"","width":"","height":""}],"twitter_card":"summary_large_image","twitter_misc":{"Tiempo de lectura":"2 minutos"},"schema":{"@context":"https:\/\/schema.org","@graph":[{"@type":"WebPage","@id":"https:\/\/cgh.com.pl\/es\/depositos-de-agua\/deposito-de-hidroforo","url":"https:\/\/cgh.com.pl\/es\/depositos-de-agua\/deposito-de-hidroforo","name":"Dep\u00f3sito de hidr\u00f3foro - CGH Group Sp. z o.o.","isPartOf":{"@id":"https:\/\/cgh.com.pl\/es\/#website"},"primaryImageOfPage":{"@id":"https:\/\/cgh.com.pl\/es\/depositos-de-agua\/deposito-de-hidroforo#primaryimage"},"image":{"@id":"https:\/\/cgh.com.pl\/es\/depositos-de-agua\/deposito-de-hidroforo#primaryimage"},"thumbnailUrl":"https:\/\/cgh.com.pl\/es\/wp-content\/uploads\/2021\/06\/Hydrophore-tanks-drawing.jpg","datePublished":"2020-12-04T22:54:47+00:00","dateModified":"2023-05-23T21:31:23+00:00","description":"Hydrophore tanks","breadcrumb":{"@id":"https:\/\/cgh.com.pl\/es\/depositos-de-agua\/deposito-de-hidroforo#breadcrumb"},"inLanguage":"es","potentialAction":[{"@type":"ReadAction","target":["https:\/\/cgh.com.pl\/es\/depositos-de-agua\/deposito-de-hidroforo"]}]},{"@type":"ImageObject","inLanguage":"es","@id":"https:\/\/cgh.com.pl\/es\/depositos-de-agua\/deposito-de-hidroforo#primaryimage","url":"https:\/\/cgh.com.pl\/es\/wp-content\/uploads\/2021\/06\/Hydrophore-tanks-drawing.jpg","contentUrl":"https:\/\/cgh.com.pl\/es\/wp-content\/uploads\/2021\/06\/Hydrophore-tanks-drawing.jpg","width":1000,"height":556,"caption":"Hydrophore tanks - drawing"},{"@type":"BreadcrumbList","@id":"https:\/\/cgh.com.pl\/es\/depositos-de-agua\/deposito-de-hidroforo#breadcrumb","itemListElement":[{"@type":"ListItem","position":1,"name":"Strona g\u0142\u00f3wna","item":"https:\/\/cgh.com.pl\/es\/"},{"@type":"ListItem","position":2,"name":"Dep\u00f3sitos de agua","item":"https:\/\/cgh.com.pl\/es\/depositos-de-agua"},{"@type":"ListItem","position":3,"name":"Dep\u00f3sito de hidr\u00f3foro"}]},{"@type":"WebSite","@id":"https:\/\/cgh.com.pl\/es\/#website","url":"https:\/\/cgh.com.pl\/es\/","name":"CGH Group Sp. z o.o.","description":"","publisher":{"@id":"https:\/\/cgh.com.pl\/es\/#organization"},"alternateName":"Ingenier\u00eda, desarrollo y fabricaci\u00f3n de dep\u00f3sitos de GLP, industriales, combustibles, agua, a presi\u00f3n y acero inoxidable - CGH Group","potentialAction":[{"@type":"SearchAction","target":{"@type":"EntryPoint","urlTemplate":"https:\/\/cgh.com.pl\/es\/?s={search_term_string}"},"query-input":{"@type":"PropertyValueSpecification","valueRequired":true,"valueName":"search_term_string"}}],"inLanguage":"es"},{"@type":"Organization","@id":"https:\/\/cgh.com.pl\/es\/#organization","name":"CGH Group Sp. z o.o.","url":"https:\/\/cgh.com.pl\/es\/","logo":{"@type":"ImageObject","inLanguage":"es","@id":"https:\/\/cgh.com.pl\/es\/#\/schema\/logo\/image\/","url":"https:\/\/cgh.com.pl\/es\/wp-content\/uploads\/2023\/05\/logoCGH.png","contentUrl":"https:\/\/cgh.com.pl\/es\/wp-content\/uploads\/2023\/05\/logoCGH.png","width":449,"height":162,"caption":"CGH Group Sp. z o.o."},"image":{"@id":"https:\/\/cgh.com.pl\/es\/#\/schema\/logo\/image\/"},"sameAs":["https:\/\/www.facebook.com\/cghpolska","https:\/\/www.youtube.com\/channel\/UCe9uW1n0tEj_ZJOEtHIHGQw"]}]}},"_links":{"self":[{"href":"https:\/\/cgh.com.pl\/es\/wp-json\/wp\/v2\/pages\/298","targetHints":{"allow":["GET"]}}],"collection":[{"href":"https:\/\/cgh.com.pl\/es\/wp-json\/wp\/v2\/pages"}],"about":[{"href":"https:\/\/cgh.com.pl\/es\/wp-json\/wp\/v2\/types\/page"}],"author":[{"embeddable":true,"href":"https:\/\/cgh.com.pl\/es\/wp-json\/wp\/v2\/users\/1"}],"replies":[{"embeddable":true,"href":"https:\/\/cgh.com.pl\/es\/wp-json\/wp\/v2\/comments?post=298"}],"version-history":[{"count":12,"href":"https:\/\/cgh.com.pl\/es\/wp-json\/wp\/v2\/pages\/298\/revisions"}],"predecessor-version":[{"id":4736,"href":"https:\/\/cgh.com.pl\/es\/wp-json\/wp\/v2\/pages\/298\/revisions\/4736"}],"up":[{"embeddable":true,"href":"https:\/\/cgh.com.pl\/es\/wp-json\/wp\/v2\/pages\/30"}],"wp:attachment":[{"href":"https:\/\/cgh.com.pl\/es\/wp-json\/wp\/v2\/media?parent=298"}],"curies":[{"name":"wp","href":"https:\/\/api.w.org\/{rel}","templated":true}]}}