{"id":30,"date":"2020-11-24T23:19:38","date_gmt":"2020-11-24T22:19:38","guid":{"rendered":"https:\/\/cgh.com.pl\/es\/?page_id=30"},"modified":"2023-05-23T23:31:43","modified_gmt":"2023-05-23T21:31:43","slug":"depositos-de-agua","status":"publish","type":"page","link":"https:\/\/cgh.com.pl\/es\/depositos-de-agua","title":{"rendered":"Dep\u00f3sitos de agua"},"content":{"rendered":"\n<div class=\"wp-block-columns has-2-columns is-layout-flex wp-container-core-columns-is-layout-9d6595d7 wp-block-columns-is-layout-flex\">\n<div class=\"wp-block-column is-layout-flow wp-block-column-is-layout-flow\">\n<p>Dise\u00f1amos y fabricamos dep\u00f3sitos de acero de almacenamiento para agua a presi\u00f3n y sin presi\u00f3n.<\/p>\n\n\n\n<p>Los dep\u00f3sitos se someten a pruebas de hermeticidad y resistencia. Los dep\u00f3sitos para agua potable tienen el atestado del PZH [Instituto Nacional de Higiene de Polonia].<\/p>\n\n\n\n<p>Fabricamos dep\u00f3sitos de varios tipos de acero al carbono, inoxidable y resistente a los \u00e1cidos.<\/p>\n\n\n\n<p>Ofrecemos dep\u00f3sitos de agua:<\/p>\n\n\n\n<div class=\"wp-block-columns has-2-columns is-layout-flex wp-container-core-columns-is-layout-9d6595d7 wp-block-columns-is-layout-flex\">\n<div class=\"wp-block-column is-layout-flow wp-block-column-is-layout-flow\">\n<p><strong>Dep\u00f3sitos a presi\u00f3n: aireadores, filtros y tanques hidr\u00f3foros con un di\u00e1metro de 1600 mm a 3200 mm.<\/strong><\/p>\n\n\n\n<ul class=\"wp-block-list\">\n<li>Dep\u00f3sitos fabricados de acuerdo con la directiva europea PED 2014\/68\/UE.<\/li>\n<\/ul>\n<\/div>\n\n\n\n<div class=\"wp-block-column is-layout-flow wp-block-column-is-layout-flow\">\n<ul class=\"wp-block-list\">\n<li><strong><strong>Dep\u00f3sitos de almacenamiento de agua &#8211; subterr\u00e1neos y terrestres con capacidades desde 5 m<sup>3<\/sup> hasta 300 m<sup>3<\/sup><\/strong><\/strong>\n<ul class=\"wp-block-list\">\n<li>dep\u00f3sitos contra fuego con conexiones de extinci\u00f3n de incendios especificadas<\/li>\n\n\n\n<li>dep\u00f3sitos para agua pluvial seg\u00fan las necesidades de dise\u00f1o individuales del cliente<\/li>\n\n\n\n<li>dep\u00f3sitos para agua potable con homologaci\u00f3n PZH<\/li>\n\n\n\n<li>dep\u00f3sitos de aguas negras, en el caso de sustancias peligrosas, aprobados por la UDT<\/li>\n\n\n\n<li>dep\u00f3sitos para agua industrial de acuerdo con las necesidades de dise\u00f1o individuales del cliente<\/li>\n\n\n\n<li>dep\u00f3sitos para agua amoniacal seg\u00fan norma para agua amoniacal EN 12952-14<br><\/li>\n<\/ul>\n<\/li>\n<\/ul>\n<\/div>\n<\/div>\n\n\n\n<p><\/p>\n<\/div>\n\n\n\n<div class=\"wp-block-column is-layout-flow wp-block-column-is-layout-flow\">\n<figure class=\"wp-block-image\"><img decoding=\"async\" width=\"800\" height=\"538\" data-src=\"https:\/\/cgh.com.pl\/es\/wp-content\/uploads\/2021\/05\/Water-tanks.jpg\" alt=\"Dep\u00f3sitos de agua\" class=\"wp-image-1668 img-fluid lazyload\" data-srcset=\"https:\/\/cgh.com.pl\/es\/wp-content\/uploads\/2021\/05\/Water-tanks.jpg 800w, https:\/\/cgh.com.pl\/es\/wp-content\/uploads\/2021\/05\/Water-tanks-300x202.jpg 300w, https:\/\/cgh.com.pl\/es\/wp-content\/uploads\/2021\/05\/Water-tanks-768x516.jpg 768w\" data-sizes=\"(max-width: 800px) 100vw, 800px\" src=\"data:image\/svg+xml;base64,PHN2ZyB3aWR0aD0iMSIgaGVpZ2h0PSIxIiB4bWxucz0iaHR0cDovL3d3dy53My5vcmcvMjAwMC9zdmciPjwvc3ZnPg==\" style=\"--smush-placeholder-width: 800px; --smush-placeholder-aspect-ratio: 800\/538;\" \/><\/figure>\n\n\n\n<div class=\"wp-block-columns has-2-columns is-layout-flex wp-container-core-columns-is-layout-9d6595d7 wp-block-columns-is-layout-flex\">\n<div class=\"wp-block-column is-layout-flow wp-block-column-is-layout-flow\">\n<p><\/p>\n<\/div>\n\n\n\n<div class=\"wp-block-column is-layout-flow wp-block-column-is-layout-flow\"><\/div>\n<\/div>\n<\/div>\n<\/div>\n\n\n\n<div class=\"wp-block-columns has-4-columns is-layout-flex wp-container-core-columns-is-layout-9d6595d7 wp-block-columns-is-layout-flex\">\n<div class=\"wp-block-column is-layout-flow wp-block-column-is-layout-flow\">\n<figure class=\"wp-block-image\"><a href=\"https:\/\/cgh.com.pl\/es\/depositos-de-agua\/depositos-de-almacenamiento-de-agua\"><img decoding=\"async\" width=\"360\" height=\"240\" data-src=\"https:\/\/cgh.com.pl\/es\/wp-content\/uploads\/2021\/05\/Water-storage-tanks.jpg\" alt=\"Water tanks - Storage tanks for water\" class=\"wp-image-1671 img-fluid lazyload\" data-srcset=\"https:\/\/cgh.com.pl\/es\/wp-content\/uploads\/2021\/05\/Water-storage-tanks.jpg 360w, https:\/\/cgh.com.pl\/es\/wp-content\/uploads\/2021\/05\/Water-storage-tanks-300x200.jpg 300w\" data-sizes=\"(max-width: 360px) 100vw, 360px\" src=\"data:image\/svg+xml;base64,PHN2ZyB3aWR0aD0iMSIgaGVpZ2h0PSIxIiB4bWxucz0iaHR0cDovL3d3dy53My5vcmcvMjAwMC9zdmciPjwvc3ZnPg==\" style=\"--smush-placeholder-width: 360px; --smush-placeholder-aspect-ratio: 360\/240;\" \/><\/a><figcaption class=\"wp-element-caption\"><a href=\"https:\/\/cgh.com.pl\/es\/depositos-de-agua\/depositos-de-almacenamiento-de-agua\">Dep\u00f3sitos de almacenamiento de agua<\/a><\/figcaption><\/figure>\n<\/div>\n\n\n\n<div class=\"wp-block-column is-layout-flow wp-block-column-is-layout-flow\">\n<figure class=\"wp-block-image\"><a href=\"https:\/\/cgh.com.pl\/es\/depositos-de-agua\/aireadores-y-filtros\"><img decoding=\"async\" width=\"360\" height=\"240\" data-src=\"https:\/\/cgh.com.pl\/es\/wp-content\/uploads\/2021\/05\/aerators-and-filters-2.jpg\" alt=\"Water tanks - Aerators and filters\" class=\"wp-image-1673 img-fluid lazyload\" data-srcset=\"https:\/\/cgh.com.pl\/es\/wp-content\/uploads\/2021\/05\/aerators-and-filters-2.jpg 360w, https:\/\/cgh.com.pl\/es\/wp-content\/uploads\/2021\/05\/aerators-and-filters-2-300x200.jpg 300w\" data-sizes=\"(max-width: 360px) 100vw, 360px\" src=\"data:image\/svg+xml;base64,PHN2ZyB3aWR0aD0iMSIgaGVpZ2h0PSIxIiB4bWxucz0iaHR0cDovL3d3dy53My5vcmcvMjAwMC9zdmciPjwvc3ZnPg==\" style=\"--smush-placeholder-width: 360px; --smush-placeholder-aspect-ratio: 360\/240;\" \/><\/a><figcaption class=\"wp-element-caption\"><a href=\"https:\/\/cgh.com.pl\/es\/depositos-de-agua\/aireadores-y-filtros\">Aireadores y filtros<\/a><\/figcaption><\/figure>\n<\/div>\n\n\n\n<div class=\"wp-block-column is-layout-flow wp-block-column-is-layout-flow\">\n<figure class=\"wp-block-image\"><a href=\"https:\/\/cgh.com.pl\/es\/depositos-de-agua\/deposito-de-hidroforo\"><img decoding=\"async\" width=\"360\" height=\"240\" data-src=\"https:\/\/cgh.com.pl\/es\/wp-content\/uploads\/2021\/05\/Hydrophore-tanks1.jpg\" alt=\"Water tanks - Hydrophore tanks\" class=\"wp-image-1675 img-fluid lazyload\" data-srcset=\"https:\/\/cgh.com.pl\/es\/wp-content\/uploads\/2021\/05\/Hydrophore-tanks1.jpg 360w, https:\/\/cgh.com.pl\/es\/wp-content\/uploads\/2021\/05\/Hydrophore-tanks1-300x200.jpg 300w\" data-sizes=\"(max-width: 360px) 100vw, 360px\" src=\"data:image\/svg+xml;base64,PHN2ZyB3aWR0aD0iMSIgaGVpZ2h0PSIxIiB4bWxucz0iaHR0cDovL3d3dy53My5vcmcvMjAwMC9zdmciPjwvc3ZnPg==\" style=\"--smush-placeholder-width: 360px; --smush-placeholder-aspect-ratio: 360\/240;\" \/><\/a><figcaption class=\"wp-element-caption\"><a href=\"https:\/\/cgh.com.pl\/es\/depositos-de-agua\/deposito-de-hidroforo\">Dep\u00f3sito de hidr\u00f3foro<\/a><\/figcaption><\/figure>\n<\/div>\n\n\n\n<div class=\"wp-block-column is-layout-flow wp-block-column-is-layout-flow\">\n<figure class=\"wp-block-image\"><a href=\"https:\/\/cgh.com.pl\/es\/depositos-de-agua\/deposito-de-almacenamiento-de-agua-caliente\"><img decoding=\"async\" width=\"360\" height=\"240\" data-src=\"https:\/\/cgh.com.pl\/es\/wp-content\/uploads\/2021\/05\/Hot_water-storage_tank.jpg\" alt=\"Water tanks - Hot water storage tank\" class=\"wp-image-1676 img-fluid lazyload\" data-srcset=\"https:\/\/cgh.com.pl\/es\/wp-content\/uploads\/2021\/05\/Hot_water-storage_tank.jpg 360w, https:\/\/cgh.com.pl\/es\/wp-content\/uploads\/2021\/05\/Hot_water-storage_tank-300x200.jpg 300w\" data-sizes=\"(max-width: 360px) 100vw, 360px\" src=\"data:image\/svg+xml;base64,PHN2ZyB3aWR0aD0iMSIgaGVpZ2h0PSIxIiB4bWxucz0iaHR0cDovL3d3dy53My5vcmcvMjAwMC9zdmciPjwvc3ZnPg==\" style=\"--smush-placeholder-width: 360px; --smush-placeholder-aspect-ratio: 360\/240;\" \/><\/a><figcaption class=\"wp-element-caption\"><a href=\"https:\/\/cgh.com.pl\/es\/depositos-de-agua\/deposito-de-almacenamiento-de-agua-caliente\">Deposito de almacenamiento de agua caliente<\/a><\/figcaption><\/figure>\n<\/div>\n<\/div>\n\n\n\n<div class=\"wp-block-columns has-4-columns is-layout-flex wp-container-core-columns-is-layout-9d6595d7 wp-block-columns-is-layout-flex\">\n<div class=\"wp-block-column is-layout-flow wp-block-column-is-layout-flow\">\n<figure class=\"wp-block-image size-full\"><a href=\"https:\/\/cgh.com.pl\/es\/depositos-de-agua\/deposito-de-agua-de-formacion\"><img decoding=\"async\" width=\"600\" height=\"400\" data-src=\"https:\/\/cgh.com.pl\/es\/wp-content\/uploads\/2021\/06\/Water_tank-in-the-oil-and-gas_field.jpg\" alt=\"Water tanks - Dep\u00f3sito de agua de formaci\u00f3n\" class=\"wp-image-1700 img-fluid lazyload\" data-srcset=\"https:\/\/cgh.com.pl\/es\/wp-content\/uploads\/2021\/06\/Water_tank-in-the-oil-and-gas_field.jpg 600w, https:\/\/cgh.com.pl\/es\/wp-content\/uploads\/2021\/06\/Water_tank-in-the-oil-and-gas_field-300x200.jpg 300w\" data-sizes=\"(max-width: 600px) 100vw, 600px\" src=\"data:image\/svg+xml;base64,PHN2ZyB3aWR0aD0iMSIgaGVpZ2h0PSIxIiB4bWxucz0iaHR0cDovL3d3dy53My5vcmcvMjAwMC9zdmciPjwvc3ZnPg==\" style=\"--smush-placeholder-width: 600px; --smush-placeholder-aspect-ratio: 600\/400;\" \/><\/a><figcaption class=\"wp-element-caption\"><a href=\"https:\/\/cgh.com.pl\/es\/depositos-de-agua\/deposito-de-agua-de-formacion\">Dep\u00f3sito de agua de formaci\u00f3n<\/a><\/figcaption><\/figure>\n<\/div>\n\n\n\n<div class=\"wp-block-column is-layout-flow wp-block-column-is-layout-flow\">\n<figure class=\"wp-block-image\"><a href=\"https:\/\/cgh.com.pl\/es\/depositos-de-agua\/deposito-de-drenaje-de-agua-de-proceso\"><img decoding=\"async\" width=\"600\" height=\"400\" data-src=\"https:\/\/cgh.com.pl\/es\/wp-content\/uploads\/2021\/05\/Process-water-drain-tank.jpg\" alt=\"Water tanks - Dep\u00f3sito de drenaje de agua de proceso\" class=\"wp-image-1680 img-fluid lazyload\" data-srcset=\"https:\/\/cgh.com.pl\/es\/wp-content\/uploads\/2021\/05\/Process-water-drain-tank.jpg 600w, https:\/\/cgh.com.pl\/es\/wp-content\/uploads\/2021\/05\/Process-water-drain-tank-300x200.jpg 300w\" data-sizes=\"(max-width: 600px) 100vw, 600px\" src=\"data:image\/svg+xml;base64,PHN2ZyB3aWR0aD0iMSIgaGVpZ2h0PSIxIiB4bWxucz0iaHR0cDovL3d3dy53My5vcmcvMjAwMC9zdmciPjwvc3ZnPg==\" style=\"--smush-placeholder-width: 600px; --smush-placeholder-aspect-ratio: 600\/400;\" \/><\/a><figcaption class=\"wp-element-caption\"><a href=\"https:\/\/cgh.com.pl\/es\/depositos-de-agua\/deposito-de-drenaje-de-agua-de-proceso\">Dep\u00f3sito de drenaje de agua de proceso<\/a><\/figcaption><\/figure>\n<\/div>\n\n\n\n<div class=\"wp-block-column is-layout-flow wp-block-column-is-layout-flow\"><\/div>\n\n\n\n<div class=\"wp-block-column is-layout-flow wp-block-column-is-layout-flow\"><\/div>\n<\/div>\n","protected":false},"excerpt":{"rendered":"<p>Dise\u00f1amos y fabricamos dep\u00f3sitos de acero de almacenamiento para agua a presi\u00f3n y sin presi\u00f3n. Los dep\u00f3sitos se someten a pruebas de hermeticidad y resistencia. Los dep\u00f3sitos para agua potable tienen el atestado del PZH [Instituto Nacional de Higiene de Polonia]. Fabricamos dep\u00f3sitos de varios tipos de acero al carbono, inoxidable y resistente a los [&hellip;]?<\/p>\n","protected":false},"author":1,"featured_media":0,"parent":0,"menu_order":0,"comment_status":"closed","ping_status":"closed","template":"page-products.php","meta":{"_acf_changed":false,"footnotes":""},"class_list":["post-30","page","type-page","status-publish","hentry"],"acf":[],"yoast_head":"<!-- This site is optimized with the Yoast SEO plugin v26.1.1 - https:\/\/yoast.com\/wordpress\/plugins\/seo\/ -->\n<title>Dep\u00f3sitos de agua - CGH Group Sp. z o.o.<\/title>\n<meta name=\"description\" content=\"Zbiorniki do wody - Projektujemy i wykonujemy stalowe zbiorniki magazynowe wody ci\u015bnieniowe i bezci\u015bnieniowe.\" \/>\n<meta name=\"robots\" content=\"index, follow, max-snippet:-1, max-image-preview:large, max-video-preview:-1\" \/>\n<link rel=\"canonical\" href=\"https:\/\/cgh.com.pl\/es\/depositos-de-agua\" \/>\n<meta property=\"og:locale\" content=\"es_ES\" \/>\n<meta property=\"og:type\" content=\"article\" \/>\n<meta property=\"og:title\" content=\"Dep\u00f3sitos de agua - CGH Group Sp. z o.o.\" \/>\n<meta property=\"og:description\" content=\"Zbiorniki do wody - Projektujemy i wykonujemy stalowe zbiorniki magazynowe wody ci\u015bnieniowe i bezci\u015bnieniowe.\" \/>\n<meta property=\"og:url\" content=\"https:\/\/cgh.com.pl\/es\/depositos-de-agua\" \/>\n<meta property=\"og:site_name\" content=\"CGH Group Sp. z o.o.\" \/>\n<meta property=\"article:publisher\" content=\"https:\/\/www.facebook.com\/cghpolska\" \/>\n<meta property=\"article:modified_time\" content=\"2023-05-23T21:31:43+00:00\" \/>\n<meta property=\"og:image\" content=\"https:\/\/cgh.com.pl\/es\/wp-content\/uploads\/2021\/05\/Water-tanks.jpg\" \/>\n<meta name=\"twitter:card\" content=\"summary_large_image\" \/>\n<meta name=\"twitter:label1\" content=\"Tiempo de lectura\" \/>\n\t<meta name=\"twitter:data1\" content=\"1 minuto\" \/>\n<script type=\"application\/ld+json\" class=\"yoast-schema-graph\">{\"@context\":\"https:\/\/schema.org\",\"@graph\":[{\"@type\":\"WebPage\",\"@id\":\"https:\/\/cgh.com.pl\/es\/depositos-de-agua\",\"url\":\"https:\/\/cgh.com.pl\/es\/depositos-de-agua\",\"name\":\"Dep\u00f3sitos de agua - CGH Group Sp. z o.o.\",\"isPartOf\":{\"@id\":\"https:\/\/cgh.com.pl\/es\/#website\"},\"primaryImageOfPage\":{\"@id\":\"https:\/\/cgh.com.pl\/es\/depositos-de-agua#primaryimage\"},\"image\":{\"@id\":\"https:\/\/cgh.com.pl\/es\/depositos-de-agua#primaryimage\"},\"thumbnailUrl\":\"https:\/\/cgh.com.pl\/es\/wp-content\/uploads\/2021\/05\/Water-tanks.jpg\",\"datePublished\":\"2020-11-24T22:19:38+00:00\",\"dateModified\":\"2023-05-23T21:31:43+00:00\",\"description\":\"Zbiorniki do wody - Projektujemy i wykonujemy stalowe zbiorniki magazynowe wody ci\u015bnieniowe i bezci\u015bnieniowe.\",\"breadcrumb\":{\"@id\":\"https:\/\/cgh.com.pl\/es\/depositos-de-agua#breadcrumb\"},\"inLanguage\":\"es\",\"potentialAction\":[{\"@type\":\"ReadAction\",\"target\":[\"https:\/\/cgh.com.pl\/es\/depositos-de-agua\"]}]},{\"@type\":\"ImageObject\",\"inLanguage\":\"es\",\"@id\":\"https:\/\/cgh.com.pl\/es\/depositos-de-agua#primaryimage\",\"url\":\"https:\/\/cgh.com.pl\/es\/wp-content\/uploads\/2021\/05\/Water-tanks.jpg\",\"contentUrl\":\"https:\/\/cgh.com.pl\/es\/wp-content\/uploads\/2021\/05\/Water-tanks.jpg\",\"width\":800,\"height\":538,\"caption\":\"Water tanks\"},{\"@type\":\"BreadcrumbList\",\"@id\":\"https:\/\/cgh.com.pl\/es\/depositos-de-agua#breadcrumb\",\"itemListElement\":[{\"@type\":\"ListItem\",\"position\":1,\"name\":\"Strona g\u0142\u00f3wna\",\"item\":\"https:\/\/cgh.com.pl\/es\/\"},{\"@type\":\"ListItem\",\"position\":2,\"name\":\"Dep\u00f3sitos de agua\"}]},{\"@type\":\"WebSite\",\"@id\":\"https:\/\/cgh.com.pl\/es\/#website\",\"url\":\"https:\/\/cgh.com.pl\/es\/\",\"name\":\"CGH Group Sp. z o.o.\",\"description\":\"\",\"publisher\":{\"@id\":\"https:\/\/cgh.com.pl\/es\/#organization\"},\"alternateName\":\"Ingenier\u00eda, desarrollo y fabricaci\u00f3n de dep\u00f3sitos de GLP, industriales, combustibles, agua, a presi\u00f3n y acero inoxidable - CGH Group\",\"potentialAction\":[{\"@type\":\"SearchAction\",\"target\":{\"@type\":\"EntryPoint\",\"urlTemplate\":\"https:\/\/cgh.com.pl\/es\/?s={search_term_string}\"},\"query-input\":{\"@type\":\"PropertyValueSpecification\",\"valueRequired\":true,\"valueName\":\"search_term_string\"}}],\"inLanguage\":\"es\"},{\"@type\":\"Organization\",\"@id\":\"https:\/\/cgh.com.pl\/es\/#organization\",\"name\":\"CGH Group Sp. z o.o.\",\"url\":\"https:\/\/cgh.com.pl\/es\/\",\"logo\":{\"@type\":\"ImageObject\",\"inLanguage\":\"es\",\"@id\":\"https:\/\/cgh.com.pl\/es\/#\/schema\/logo\/image\/\",\"url\":\"https:\/\/cgh.com.pl\/es\/wp-content\/uploads\/2023\/05\/logoCGH.png\",\"contentUrl\":\"https:\/\/cgh.com.pl\/es\/wp-content\/uploads\/2023\/05\/logoCGH.png\",\"width\":449,\"height\":162,\"caption\":\"CGH Group Sp. z o.o.\"},\"image\":{\"@id\":\"https:\/\/cgh.com.pl\/es\/#\/schema\/logo\/image\/\"},\"sameAs\":[\"https:\/\/www.facebook.com\/cghpolska\",\"https:\/\/www.youtube.com\/channel\/UCe9uW1n0tEj_ZJOEtHIHGQw\"]}]}<\/script>\n<!-- \/ Yoast SEO plugin. -->","yoast_head_json":{"title":"Dep\u00f3sitos de agua - CGH Group Sp. z o.o.","description":"Zbiorniki do wody - Projektujemy i wykonujemy stalowe zbiorniki magazynowe wody ci\u015bnieniowe i bezci\u015bnieniowe.","robots":{"index":"index","follow":"follow","max-snippet":"max-snippet:-1","max-image-preview":"max-image-preview:large","max-video-preview":"max-video-preview:-1"},"canonical":"https:\/\/cgh.com.pl\/es\/depositos-de-agua","og_locale":"es_ES","og_type":"article","og_title":"Dep\u00f3sitos de agua - CGH Group Sp. z o.o.","og_description":"Zbiorniki do wody - Projektujemy i wykonujemy stalowe zbiorniki magazynowe wody ci\u015bnieniowe i bezci\u015bnieniowe.","og_url":"https:\/\/cgh.com.pl\/es\/depositos-de-agua","og_site_name":"CGH Group Sp. z o.o.","article_publisher":"https:\/\/www.facebook.com\/cghpolska","article_modified_time":"2023-05-23T21:31:43+00:00","og_image":[{"url":"https:\/\/cgh.com.pl\/es\/wp-content\/uploads\/2021\/05\/Water-tanks.jpg","type":"","width":"","height":""}],"twitter_card":"summary_large_image","twitter_misc":{"Tiempo de lectura":"1 minuto"},"schema":{"@context":"https:\/\/schema.org","@graph":[{"@type":"WebPage","@id":"https:\/\/cgh.com.pl\/es\/depositos-de-agua","url":"https:\/\/cgh.com.pl\/es\/depositos-de-agua","name":"Dep\u00f3sitos de agua - CGH Group Sp. z o.o.","isPartOf":{"@id":"https:\/\/cgh.com.pl\/es\/#website"},"primaryImageOfPage":{"@id":"https:\/\/cgh.com.pl\/es\/depositos-de-agua#primaryimage"},"image":{"@id":"https:\/\/cgh.com.pl\/es\/depositos-de-agua#primaryimage"},"thumbnailUrl":"https:\/\/cgh.com.pl\/es\/wp-content\/uploads\/2021\/05\/Water-tanks.jpg","datePublished":"2020-11-24T22:19:38+00:00","dateModified":"2023-05-23T21:31:43+00:00","description":"Zbiorniki do wody - Projektujemy i wykonujemy stalowe zbiorniki magazynowe wody ci\u015bnieniowe i bezci\u015bnieniowe.","breadcrumb":{"@id":"https:\/\/cgh.com.pl\/es\/depositos-de-agua#breadcrumb"},"inLanguage":"es","potentialAction":[{"@type":"ReadAction","target":["https:\/\/cgh.com.pl\/es\/depositos-de-agua"]}]},{"@type":"ImageObject","inLanguage":"es","@id":"https:\/\/cgh.com.pl\/es\/depositos-de-agua#primaryimage","url":"https:\/\/cgh.com.pl\/es\/wp-content\/uploads\/2021\/05\/Water-tanks.jpg","contentUrl":"https:\/\/cgh.com.pl\/es\/wp-content\/uploads\/2021\/05\/Water-tanks.jpg","width":800,"height":538,"caption":"Water tanks"},{"@type":"BreadcrumbList","@id":"https:\/\/cgh.com.pl\/es\/depositos-de-agua#breadcrumb","itemListElement":[{"@type":"ListItem","position":1,"name":"Strona g\u0142\u00f3wna","item":"https:\/\/cgh.com.pl\/es\/"},{"@type":"ListItem","position":2,"name":"Dep\u00f3sitos de agua"}]},{"@type":"WebSite","@id":"https:\/\/cgh.com.pl\/es\/#website","url":"https:\/\/cgh.com.pl\/es\/","name":"CGH Group Sp. z o.o.","description":"","publisher":{"@id":"https:\/\/cgh.com.pl\/es\/#organization"},"alternateName":"Ingenier\u00eda, desarrollo y fabricaci\u00f3n de dep\u00f3sitos de GLP, industriales, combustibles, agua, a presi\u00f3n y acero inoxidable - CGH Group","potentialAction":[{"@type":"SearchAction","target":{"@type":"EntryPoint","urlTemplate":"https:\/\/cgh.com.pl\/es\/?s={search_term_string}"},"query-input":{"@type":"PropertyValueSpecification","valueRequired":true,"valueName":"search_term_string"}}],"inLanguage":"es"},{"@type":"Organization","@id":"https:\/\/cgh.com.pl\/es\/#organization","name":"CGH Group Sp. z o.o.","url":"https:\/\/cgh.com.pl\/es\/","logo":{"@type":"ImageObject","inLanguage":"es","@id":"https:\/\/cgh.com.pl\/es\/#\/schema\/logo\/image\/","url":"https:\/\/cgh.com.pl\/es\/wp-content\/uploads\/2023\/05\/logoCGH.png","contentUrl":"https:\/\/cgh.com.pl\/es\/wp-content\/uploads\/2023\/05\/logoCGH.png","width":449,"height":162,"caption":"CGH Group Sp. z o.o."},"image":{"@id":"https:\/\/cgh.com.pl\/es\/#\/schema\/logo\/image\/"},"sameAs":["https:\/\/www.facebook.com\/cghpolska","https:\/\/www.youtube.com\/channel\/UCe9uW1n0tEj_ZJOEtHIHGQw"]}]}},"_links":{"self":[{"href":"https:\/\/cgh.com.pl\/es\/wp-json\/wp\/v2\/pages\/30","targetHints":{"allow":["GET"]}}],"collection":[{"href":"https:\/\/cgh.com.pl\/es\/wp-json\/wp\/v2\/pages"}],"about":[{"href":"https:\/\/cgh.com.pl\/es\/wp-json\/wp\/v2\/types\/page"}],"author":[{"embeddable":true,"href":"https:\/\/cgh.com.pl\/es\/wp-json\/wp\/v2\/users\/1"}],"replies":[{"embeddable":true,"href":"https:\/\/cgh.com.pl\/es\/wp-json\/wp\/v2\/comments?post=30"}],"version-history":[{"count":21,"href":"https:\/\/cgh.com.pl\/es\/wp-json\/wp\/v2\/pages\/30\/revisions"}],"predecessor-version":[{"id":5100,"href":"https:\/\/cgh.com.pl\/es\/wp-json\/wp\/v2\/pages\/30\/revisions\/5100"}],"wp:attachment":[{"href":"https:\/\/cgh.com.pl\/es\/wp-json\/wp\/v2\/media?parent=30"}],"curies":[{"name":"wp","href":"https:\/\/api.w.org\/{rel}","templated":true}]}}