{"id":32,"date":"2020-11-24T23:20:10","date_gmt":"2020-11-24T22:20:10","guid":{"rendered":"https:\/\/cgh.com.pl\/es\/?page_id=32"},"modified":"2024-07-24T17:05:40","modified_gmt":"2024-07-24T15:05:40","slug":"depositos-resistentes-al-acido","status":"publish","type":"page","link":"https:\/\/cgh.com.pl\/es\/depositos-resistentes-al-acido","title":{"rendered":"Dep\u00f3sitos resistentes al \u00e1cido"},"content":{"rendered":"\n<p>CGH Polska ofrece dep\u00f3sitos fabricados en acero inoxidable y resistente a los \u00e1cidos con capacidades desde 3 m<sup>3<\/sup> hasta 300 m<sup>3<\/sup>.<\/p>\n\n\n\n<p>Ofrecemos dep\u00f3sitos de acero inoxidable de una pared y doble pared, horizontales y verticales, subterr\u00e1neos y terrestres, presurizados y no presurizados.<\/p>\n\n\n\n<p>Los dep\u00f3sitos de acero inoxidable de doble pared pueden tener opcionalmente la segunda pared de acero al carbono.<\/p>\n\n\n\n<p>CGH Polska implement\u00f3 procedimientos para soldar aceros inoxidables de las clases 1.4301 a 1.4571 para los m\u00e9todos de soldadura SAW, MIG\/MAG y TIG.<\/p>\n\n\n\n<p>Normas de ejecuci\u00f3n : AD 2000, EN 13445,EN 12285, EN 1090, ASME VIII Div.1<\/p>\n\n\n\n<p>Ejemplo de medios: combustibles, sustancias corrosivas y venenosas, productos qu\u00edmicos, sustancias inflamables, agua.<\/p>\n\n\n\n<p>Ejemplo de ejecuci\u00f3n:<\/p>\n\n\n\n<ul class=\"wp-block-list\">\n<li>Dep\u00f3sito terrestre , vertical, de una pared, fabricado en acero 304L (1.4307)<\/li>\n\n\n\n<li>Capacidad: 50 m<sup>3<\/sup>, di\u00e1metro: 2900 mm<\/li>\n\n\n\n<li>Medio: medio desinfectante<\/li>\n\n\n\n<li>Temperatura de funcionamiento: +25 \/ +50<\/li>\n\n\n\n<li>Norma de ejecuci\u00f3n : AD 2000<\/li>\n\n\n\n<li>Presi\u00f3n de funcionamiento : baja presi\u00f3n (hasta 0,5 bar)<\/li>\n<\/ul>\n\n\n\n<div class=\"photos large\">\n<div class=\"first-zoom-photo\">\n<p style=\"text-align: center; font-size: 10px; margin-bottom:0;\"><img decoding=\"async\" data-src=\"https:\/\/cgh.com.pl\/wp-content\/uploads\/2024\/07\/zbiornik-naziemny-pionowy-jednoplaszczowy-foto1.jpg\" alt=\"Dep\u00f3sitos resistentes al \u00e1cido, Dep\u00f3sito terrestre , vertical, de una pared, fabricado en acero 304L (1.4307)\" src=\"data:image\/svg+xml;base64,PHN2ZyB3aWR0aD0iMSIgaGVpZ2h0PSIxIiB4bWxucz0iaHR0cDovL3d3dy53My5vcmcvMjAwMC9zdmciPjwvc3ZnPg==\" class=\"lazyload\"><\/p>\n\n<div><\/div>\n<\/div>\n<div>\n<p style=\"text-align: center; font-size: 10px; margin-bottom:0;\"><img decoding=\"async\" data-src=\"https:\/\/cgh.com.pl\/wp-content\/uploads\/2024\/07\/zbiornik-naziemny-pionowy-jednoplaszczowy-foto2.jpg\" alt=\"Zbiorniki kwasoodporne Zbiornik naziemny, pionowy, jednop\u0142aszczowy wykonany ze stali 304L (1.4307)\" src=\"data:image\/svg+xml;base64,PHN2ZyB3aWR0aD0iMSIgaGVpZ2h0PSIxIiB4bWxucz0iaHR0cDovL3d3dy53My5vcmcvMjAwMC9zdmciPjwvc3ZnPg==\" class=\"lazyload\"><\/p>\n\n<div><\/div>\n<\/div>\n\n<div class=\"pair\">\n<!--<p style=\"text-align: center; font-size: 10px; margin-bottom:0;\"><img decoding=\"async\" data-src=\"https:\/\/cgh.com.pl\/wp-content\/uploads\/2021\/06\/Zbiorniki-kwasoodporne-2.jpg\" alt=\"Dep\u00f3sitos resistentes al \u00e1cido, Dep\u00f3sito terrestre , vertical, de una pared, fabricado en acero 304L (1.4307)\" src=\"data:image\/svg+xml;base64,PHN2ZyB3aWR0aD0iMSIgaGVpZ2h0PSIxIiB4bWxucz0iaHR0cDovL3d3dy53My5vcmcvMjAwMC9zdmciPjwvc3ZnPg==\" class=\"lazyload\"><\/p>-->\n\n<div><\/div>\n<div><\/div>\n<\/div>\n<\/div>\n\n\n\n<div style=\"height:50px\" aria-hidden=\"true\" class=\"wp-block-spacer\"><\/div>\n\n\n\n<p>Dodatkowo posiadamy mo\u017cliwo\u015b\u0107 \u0142\u0105czenia stali nierdzewnej (p\u0142aszcz wewn\u0119trzny) ze stal\u0105 czarn\u0105 (p\u0142aszcz zewn\u0119trzny)<\/p>\n\n\n\n<ul class=\"wp-block-list\">\n<li>Zbiornik podziemny, poziomy, dwup\u0142aszczowy, wykonany ze stali 316Ti (1.4571)<\/li>\n\n\n\n<li>Pojemno\u015b\u0107: 20 m<sup>3<\/sup>, \u015brednica: 2900 mm<\/li>\n\n\n\n<li>Medium: \u015brodek dezynfekuj\u0105cy<\/li>\n\n\n\n<li>Temp pracy: -10 \/ +30<\/li>\n\n\n\n<li>Norma wykonania: AD 2000<\/li>\n\n\n\n<li>Ci\u015bnienie pracy: niskoci\u015bnieniowy (do 0.5 bar)<\/li>\n<\/ul>\n\n\n\n<div class=\"photos large\">\n<div class=\"first-zoom-photo\">\n<p style=\"text-align: center; font-size: 10px; margin-bottom:0;\"><img decoding=\"async\" data-src=\"https:\/\/cgh.com.pl\/wp-content\/uploads\/2024\/07\/zbiornik-podziemny-poziomy-dwuplaszczowy-foto2.jpg\" alt=\"Zbiorniki kwasoodporne Zbiornik podziemny, poziomy, dwup\u0142aszczowy, wykonany ze stali 316Ti (1.4571)\" src=\"data:image\/svg+xml;base64,PHN2ZyB3aWR0aD0iMSIgaGVpZ2h0PSIxIiB4bWxucz0iaHR0cDovL3d3dy53My5vcmcvMjAwMC9zdmciPjwvc3ZnPg==\" class=\"lazyload\"><\/p>\n\n<div><\/div>\n<\/div>\n<div>\n<p style=\"text-align: center; font-size: 10px; margin-bottom:0;\"><img decoding=\"async\" data-src=\"https:\/\/cgh.com.pl\/wp-content\/uploads\/2024\/07\/zbiornik-podziemny-poziomy-dwuplaszczowy-foto1.jpg\" alt=\"Zbiorniki kwasoodporne Zbiornik podziemny, poziomy, dwup\u0142aszczowy, wykonany ze stali 316Ti (1.4571)\" src=\"data:image\/svg+xml;base64,PHN2ZyB3aWR0aD0iMSIgaGVpZ2h0PSIxIiB4bWxucz0iaHR0cDovL3d3dy53My5vcmcvMjAwMC9zdmciPjwvc3ZnPg==\" class=\"lazyload\"><\/p>\n\n<div><\/div>\n<\/div>\n\n<div class=\"pair\">\n\n\n<div><\/div>\n<div><\/div>\n<\/div>\n<\/div>\n","protected":false},"excerpt":{"rendered":"<p>CGH Polska ofrece dep\u00f3sitos fabricados en acero inoxidable y resistente a los \u00e1cidos con capacidades desde 3 m3 hasta 300 m3. Ofrecemos dep\u00f3sitos de acero inoxidable de una pared y doble pared, horizontales y verticales, subterr\u00e1neos y terrestres, presurizados y no presurizados. Los dep\u00f3sitos de acero inoxidable de doble pared pueden tener opcionalmente la segunda [&hellip;]?<\/p>\n","protected":false},"author":1,"featured_media":0,"parent":0,"menu_order":0,"comment_status":"closed","ping_status":"closed","template":"page-products-with-second-menu.php","meta":{"_acf_changed":false,"footnotes":""},"class_list":["post-32","page","type-page","status-publish","hentry"],"acf":[],"yoast_head":"<!-- This site is optimized with the Yoast SEO plugin v26.1.1 - https:\/\/yoast.com\/wordpress\/plugins\/seo\/ -->\n<title>Dep\u00f3sitos resistentes al \u00e1cido - CGH Group Sp. z o.o.<\/title>\n<meta name=\"description\" content=\"Stainless steel tanks - CGH Polska offers tanks made of stainless and acid resistant steel with capacities from 3 m3 to 120 m3...\" \/>\n<meta name=\"robots\" content=\"index, follow, max-snippet:-1, max-image-preview:large, max-video-preview:-1\" \/>\n<link rel=\"canonical\" href=\"https:\/\/cgh.com.pl\/es\/depositos-resistentes-al-acido\" \/>\n<meta property=\"og:locale\" content=\"es_ES\" \/>\n<meta property=\"og:type\" content=\"article\" \/>\n<meta property=\"og:title\" content=\"Dep\u00f3sitos resistentes al \u00e1cido - CGH Group Sp. z o.o.\" \/>\n<meta property=\"og:description\" content=\"Stainless steel tanks - CGH Polska offers tanks made of stainless and acid resistant steel with capacities from 3 m3 to 120 m3...\" \/>\n<meta property=\"og:url\" content=\"https:\/\/cgh.com.pl\/es\/depositos-resistentes-al-acido\" \/>\n<meta property=\"og:site_name\" content=\"CGH Group Sp. z o.o.\" \/>\n<meta property=\"article:publisher\" content=\"https:\/\/www.facebook.com\/cghpolska\" \/>\n<meta property=\"article:modified_time\" content=\"2024-07-24T15:05:40+00:00\" \/>\n<meta property=\"og:image\" content=\"https:\/\/cgh.com.pl\/wp-content\/uploads\/2024\/07\/zbiornik-naziemny-pionowy-jednoplaszczowy-foto1.jpg\" \/>\n<meta name=\"twitter:card\" content=\"summary_large_image\" \/>\n<meta name=\"twitter:label1\" content=\"Tiempo de lectura\" \/>\n\t<meta name=\"twitter:data1\" content=\"2 minutos\" \/>\n<script type=\"application\/ld+json\" class=\"yoast-schema-graph\">{\"@context\":\"https:\/\/schema.org\",\"@graph\":[{\"@type\":\"WebPage\",\"@id\":\"https:\/\/cgh.com.pl\/es\/depositos-resistentes-al-acido\",\"url\":\"https:\/\/cgh.com.pl\/es\/depositos-resistentes-al-acido\",\"name\":\"Dep\u00f3sitos resistentes al \u00e1cido - CGH Group Sp. z o.o.\",\"isPartOf\":{\"@id\":\"https:\/\/cgh.com.pl\/es\/#website\"},\"primaryImageOfPage\":{\"@id\":\"https:\/\/cgh.com.pl\/es\/depositos-resistentes-al-acido#primaryimage\"},\"image\":{\"@id\":\"https:\/\/cgh.com.pl\/es\/depositos-resistentes-al-acido#primaryimage\"},\"thumbnailUrl\":\"https:\/\/cgh.com.pl\/wp-content\/uploads\/2024\/07\/zbiornik-naziemny-pionowy-jednoplaszczowy-foto1.jpg\",\"datePublished\":\"2020-11-24T22:20:10+00:00\",\"dateModified\":\"2024-07-24T15:05:40+00:00\",\"description\":\"Stainless steel tanks - CGH Polska offers tanks made of stainless and acid resistant steel with capacities from 3 m3 to 120 m3...\",\"breadcrumb\":{\"@id\":\"https:\/\/cgh.com.pl\/es\/depositos-resistentes-al-acido#breadcrumb\"},\"inLanguage\":\"es\",\"potentialAction\":[{\"@type\":\"ReadAction\",\"target\":[\"https:\/\/cgh.com.pl\/es\/depositos-resistentes-al-acido\"]}]},{\"@type\":\"ImageObject\",\"inLanguage\":\"es\",\"@id\":\"https:\/\/cgh.com.pl\/es\/depositos-resistentes-al-acido#primaryimage\",\"url\":\"https:\/\/cgh.com.pl\/wp-content\/uploads\/2024\/07\/zbiornik-naziemny-pionowy-jednoplaszczowy-foto1.jpg\",\"contentUrl\":\"https:\/\/cgh.com.pl\/wp-content\/uploads\/2024\/07\/zbiornik-naziemny-pionowy-jednoplaszczowy-foto1.jpg\"},{\"@type\":\"BreadcrumbList\",\"@id\":\"https:\/\/cgh.com.pl\/es\/depositos-resistentes-al-acido#breadcrumb\",\"itemListElement\":[{\"@type\":\"ListItem\",\"position\":1,\"name\":\"Strona g\u0142\u00f3wna\",\"item\":\"https:\/\/cgh.com.pl\/es\/\"},{\"@type\":\"ListItem\",\"position\":2,\"name\":\"Dep\u00f3sitos resistentes al \u00e1cido\"}]},{\"@type\":\"WebSite\",\"@id\":\"https:\/\/cgh.com.pl\/es\/#website\",\"url\":\"https:\/\/cgh.com.pl\/es\/\",\"name\":\"CGH Group Sp. z o.o.\",\"description\":\"\",\"publisher\":{\"@id\":\"https:\/\/cgh.com.pl\/es\/#organization\"},\"alternateName\":\"Ingenier\u00eda, desarrollo y fabricaci\u00f3n de dep\u00f3sitos de GLP, industriales, combustibles, agua, a presi\u00f3n y acero inoxidable - CGH Group\",\"potentialAction\":[{\"@type\":\"SearchAction\",\"target\":{\"@type\":\"EntryPoint\",\"urlTemplate\":\"https:\/\/cgh.com.pl\/es\/?s={search_term_string}\"},\"query-input\":{\"@type\":\"PropertyValueSpecification\",\"valueRequired\":true,\"valueName\":\"search_term_string\"}}],\"inLanguage\":\"es\"},{\"@type\":\"Organization\",\"@id\":\"https:\/\/cgh.com.pl\/es\/#organization\",\"name\":\"CGH Group Sp. z o.o.\",\"url\":\"https:\/\/cgh.com.pl\/es\/\",\"logo\":{\"@type\":\"ImageObject\",\"inLanguage\":\"es\",\"@id\":\"https:\/\/cgh.com.pl\/es\/#\/schema\/logo\/image\/\",\"url\":\"https:\/\/cgh.com.pl\/es\/wp-content\/uploads\/2023\/05\/logoCGH.png\",\"contentUrl\":\"https:\/\/cgh.com.pl\/es\/wp-content\/uploads\/2023\/05\/logoCGH.png\",\"width\":449,\"height\":162,\"caption\":\"CGH Group Sp. z o.o.\"},\"image\":{\"@id\":\"https:\/\/cgh.com.pl\/es\/#\/schema\/logo\/image\/\"},\"sameAs\":[\"https:\/\/www.facebook.com\/cghpolska\",\"https:\/\/www.youtube.com\/channel\/UCe9uW1n0tEj_ZJOEtHIHGQw\"]}]}<\/script>\n<!-- \/ Yoast SEO plugin. -->","yoast_head_json":{"title":"Dep\u00f3sitos resistentes al \u00e1cido - CGH Group Sp. z o.o.","description":"Stainless steel tanks - CGH Polska offers tanks made of stainless and acid resistant steel with capacities from 3 m3 to 120 m3...","robots":{"index":"index","follow":"follow","max-snippet":"max-snippet:-1","max-image-preview":"max-image-preview:large","max-video-preview":"max-video-preview:-1"},"canonical":"https:\/\/cgh.com.pl\/es\/depositos-resistentes-al-acido","og_locale":"es_ES","og_type":"article","og_title":"Dep\u00f3sitos resistentes al \u00e1cido - CGH Group Sp. z o.o.","og_description":"Stainless steel tanks - CGH Polska offers tanks made of stainless and acid resistant steel with capacities from 3 m3 to 120 m3...","og_url":"https:\/\/cgh.com.pl\/es\/depositos-resistentes-al-acido","og_site_name":"CGH Group Sp. z o.o.","article_publisher":"https:\/\/www.facebook.com\/cghpolska","article_modified_time":"2024-07-24T15:05:40+00:00","og_image":[{"url":"https:\/\/cgh.com.pl\/wp-content\/uploads\/2024\/07\/zbiornik-naziemny-pionowy-jednoplaszczowy-foto1.jpg","type":"","width":"","height":""}],"twitter_card":"summary_large_image","twitter_misc":{"Tiempo de lectura":"2 minutos"},"schema":{"@context":"https:\/\/schema.org","@graph":[{"@type":"WebPage","@id":"https:\/\/cgh.com.pl\/es\/depositos-resistentes-al-acido","url":"https:\/\/cgh.com.pl\/es\/depositos-resistentes-al-acido","name":"Dep\u00f3sitos resistentes al \u00e1cido - CGH Group Sp. z o.o.","isPartOf":{"@id":"https:\/\/cgh.com.pl\/es\/#website"},"primaryImageOfPage":{"@id":"https:\/\/cgh.com.pl\/es\/depositos-resistentes-al-acido#primaryimage"},"image":{"@id":"https:\/\/cgh.com.pl\/es\/depositos-resistentes-al-acido#primaryimage"},"thumbnailUrl":"https:\/\/cgh.com.pl\/wp-content\/uploads\/2024\/07\/zbiornik-naziemny-pionowy-jednoplaszczowy-foto1.jpg","datePublished":"2020-11-24T22:20:10+00:00","dateModified":"2024-07-24T15:05:40+00:00","description":"Stainless steel tanks - CGH Polska offers tanks made of stainless and acid resistant steel with capacities from 3 m3 to 120 m3...","breadcrumb":{"@id":"https:\/\/cgh.com.pl\/es\/depositos-resistentes-al-acido#breadcrumb"},"inLanguage":"es","potentialAction":[{"@type":"ReadAction","target":["https:\/\/cgh.com.pl\/es\/depositos-resistentes-al-acido"]}]},{"@type":"ImageObject","inLanguage":"es","@id":"https:\/\/cgh.com.pl\/es\/depositos-resistentes-al-acido#primaryimage","url":"https:\/\/cgh.com.pl\/wp-content\/uploads\/2024\/07\/zbiornik-naziemny-pionowy-jednoplaszczowy-foto1.jpg","contentUrl":"https:\/\/cgh.com.pl\/wp-content\/uploads\/2024\/07\/zbiornik-naziemny-pionowy-jednoplaszczowy-foto1.jpg"},{"@type":"BreadcrumbList","@id":"https:\/\/cgh.com.pl\/es\/depositos-resistentes-al-acido#breadcrumb","itemListElement":[{"@type":"ListItem","position":1,"name":"Strona g\u0142\u00f3wna","item":"https:\/\/cgh.com.pl\/es\/"},{"@type":"ListItem","position":2,"name":"Dep\u00f3sitos resistentes al \u00e1cido"}]},{"@type":"WebSite","@id":"https:\/\/cgh.com.pl\/es\/#website","url":"https:\/\/cgh.com.pl\/es\/","name":"CGH Group Sp. z o.o.","description":"","publisher":{"@id":"https:\/\/cgh.com.pl\/es\/#organization"},"alternateName":"Ingenier\u00eda, desarrollo y fabricaci\u00f3n de dep\u00f3sitos de GLP, industriales, combustibles, agua, a presi\u00f3n y acero inoxidable - CGH Group","potentialAction":[{"@type":"SearchAction","target":{"@type":"EntryPoint","urlTemplate":"https:\/\/cgh.com.pl\/es\/?s={search_term_string}"},"query-input":{"@type":"PropertyValueSpecification","valueRequired":true,"valueName":"search_term_string"}}],"inLanguage":"es"},{"@type":"Organization","@id":"https:\/\/cgh.com.pl\/es\/#organization","name":"CGH Group Sp. z o.o.","url":"https:\/\/cgh.com.pl\/es\/","logo":{"@type":"ImageObject","inLanguage":"es","@id":"https:\/\/cgh.com.pl\/es\/#\/schema\/logo\/image\/","url":"https:\/\/cgh.com.pl\/es\/wp-content\/uploads\/2023\/05\/logoCGH.png","contentUrl":"https:\/\/cgh.com.pl\/es\/wp-content\/uploads\/2023\/05\/logoCGH.png","width":449,"height":162,"caption":"CGH Group Sp. z o.o."},"image":{"@id":"https:\/\/cgh.com.pl\/es\/#\/schema\/logo\/image\/"},"sameAs":["https:\/\/www.facebook.com\/cghpolska","https:\/\/www.youtube.com\/channel\/UCe9uW1n0tEj_ZJOEtHIHGQw"]}]}},"_links":{"self":[{"href":"https:\/\/cgh.com.pl\/es\/wp-json\/wp\/v2\/pages\/32","targetHints":{"allow":["GET"]}}],"collection":[{"href":"https:\/\/cgh.com.pl\/es\/wp-json\/wp\/v2\/pages"}],"about":[{"href":"https:\/\/cgh.com.pl\/es\/wp-json\/wp\/v2\/types\/page"}],"author":[{"embeddable":true,"href":"https:\/\/cgh.com.pl\/es\/wp-json\/wp\/v2\/users\/1"}],"replies":[{"embeddable":true,"href":"https:\/\/cgh.com.pl\/es\/wp-json\/wp\/v2\/comments?post=32"}],"version-history":[{"count":11,"href":"https:\/\/cgh.com.pl\/es\/wp-json\/wp\/v2\/pages\/32\/revisions"}],"predecessor-version":[{"id":5176,"href":"https:\/\/cgh.com.pl\/es\/wp-json\/wp\/v2\/pages\/32\/revisions\/5176"}],"wp:attachment":[{"href":"https:\/\/cgh.com.pl\/es\/wp-json\/wp\/v2\/media?parent=32"}],"curies":[{"name":"wp","href":"https:\/\/api.w.org\/{rel}","templated":true}]}}