{"id":329,"date":"2020-12-06T22:29:43","date_gmt":"2020-12-06T21:29:43","guid":{"rendered":"https:\/\/cgh.com.pl\/es\/?page_id=329"},"modified":"2023-05-22T23:14:55","modified_gmt":"2023-05-22T21:14:55","slug":"actualidades","status":"publish","type":"page","link":"https:\/\/cgh.com.pl\/es\/actualidades","title":{"rendered":"Actualidades"},"content":{"rendered":"\n<div class=\"col-sm-12\" style=\"margin-bottom:20px;\"><div class=\"col-sm-12 col-md-3\"><a href=\"https:\/\/cgh.com.pl\/es\/nueva-inversion-de-cgh-polska-es-la-instalacion-mas-moderna-de-este-tipo-en-polonia\"><img decoding=\"async\" data-src=\"https:\/\/cgh.com.pl\/es\/wp-content\/uploads\/2023\/05\/CGH-Polska-siedziba.jpg\" alt=\"Actualidades - Nueva inversi\u00f3n de CGH Polska. Es la instalaci\u00f3n m\u00e1s moderna de este tipo en Polonia.\" style=\"--smush-placeholder-width: 600px; --smush-placeholder-aspect-ratio: 600\/400;width:100%\" src=\"data:image\/svg+xml;base64,PHN2ZyB3aWR0aD0iMSIgaGVpZ2h0PSIxIiB4bWxucz0iaHR0cDovL3d3dy53My5vcmcvMjAwMC9zdmciPjwvc3ZnPg==\" class=\"lazyload\"><\/a><\/div>\n<div class=\"col-sm-12 col-md-9\"><h3 class=\"news-tit\"><a href=\"https:\/\/cgh.com.pl\/es\/nueva-inversion-de-cgh-polska-es-la-instalacion-mas-moderna-de-este-tipo-en-polonia\">Nueva inversi\u00f3n de CGH Polska. Es la instalaci\u00f3n m\u00e1s moderna de este tipo en Polonia.<\/a><\/h3>\n<p>06.2020<\/p>\n<p>Desde hace unos meses estamos construyendo nueva nave en Osowa G\u00f3ra. La inversi\u00f3n es el resultado del desarrollo din\u00e1mico de CGH Polska.\n<\/p>\n<p><a href=\"https:\/\/cgh.com.pl\/es\/nueva-inversion-de-cgh-polska-es-la-instalacion-mas-moderna-de-este-tipo-en-polonia\">enlace al art\u00edculo completo<\/a><\/p><\/div><\/div>\n\n\n\n<div class=\"col-sm-12\" style=\"margin-bottom:20px;\"><div class=\"col-sm-12 col-md-3\"><a href=\"https:\/\/cgh.com.pl\/es\/actualidades\/entrega-a-un-fabricante-de-lubricantes-de-renombre\"><img decoding=\"async\" data-src=\"https:\/\/cgh.com.pl\/es\/wp-content\/uploads\/2021\/06\/Delivery_to_a_reputable_manufacturer_of_lubricants.jpg\" alt=\"News - Delivery to a reputable manufacturer of lubricants\" style=\"--smush-placeholder-width: 600px; --smush-placeholder-aspect-ratio: 600\/400;width:100%\" src=\"data:image\/svg+xml;base64,PHN2ZyB3aWR0aD0iMSIgaGVpZ2h0PSIxIiB4bWxucz0iaHR0cDovL3d3dy53My5vcmcvMjAwMC9zdmciPjwvc3ZnPg==\" class=\"lazyload\"><\/a><\/div>\n<div class=\"col-sm-12 col-md-9\"><h3 class=\"news-tit\"><a href=\"https:\/\/cgh.com.pl\/es\/actualidades\/entrega-a-un-fabricante-de-lubricantes-de-renombre\">Entrega a un fabricante de lubricantes de renombre<\/a><\/h3>\n<p>04.2020<\/p>\n<p>Para ampliar su instalaci\u00f3n existente, el cliente nos encarg\u00f3 de 7 dep\u00f3sitos verticales (2 x 40 m\u00b3, 1 x 60 m\u00b3, 3 x 100 m\u00b3 y 1 x 200 m\u00b3). Todos ellos fueron  adaptados al sistema de calefacci\u00f3n mediante camisas de calefacci\u00f3n y refrigeraci\u00f3n tipo Pillow Plate y Clamp On. Este tipo de soluci\u00f3n no se ha utilizado en nuestra empresa hasta ese  momento, por lo que result\u00f3 ser un reto interesante para los departamentos t\u00e9cnico y de producci\u00f3n. Afortunadamente, hicimos frente a esta tarea sin ning\u00fan problema y todo el trabajo se desarroll\u00f3 sin problemas.<\/p>\n<p><a href=\"https:\/\/cgh.com.pl\/es\/actualidades\/entrega-a-un-fabricante-de-lubricantes-de-renombre\">enlace al art\u00edculo completo<\/a><\/p><\/div><\/div>\n\n\n\n<div class=\"col-sm-12\" style=\"margin-bottom:20px;\"><div class=\"col-sm-12 col-md-3\"><a href=\"https:\/\/cgh.com.pl\/es\/actualidades\/depositos-de-almacenamiento-de-etanol\"><img decoding=\"async\" data-src=\"https:\/\/cgh.com.pl\/es\/wp-content\/uploads\/2021\/06\/Tanks_for_ethanol_storage.jpg\" alt=\"News - Dep\u00f3sitos  de almacenamiento de etanol\" style=\"--smush-placeholder-width: 600px; --smush-placeholder-aspect-ratio: 600\/400;width:100%\" src=\"data:image\/svg+xml;base64,PHN2ZyB3aWR0aD0iMSIgaGVpZ2h0PSIxIiB4bWxucz0iaHR0cDovL3d3dy53My5vcmcvMjAwMC9zdmciPjwvc3ZnPg==\" class=\"lazyload\"><\/a><\/div>\n<div class=\"col-sm-12 col-md-9\"><h3 class=\"news-tit\"><a href=\"https:\/\/cgh.com.pl\/es\/actualidades\/depositos-de-almacenamiento-de-etanol\">Dep\u00f3sitos  de almacenamiento de etanol<\/a><\/h3>\n<p>04.2020<\/p>\n<p>Para una empresa  l\u00edder en producci\u00f3n de etanol, entregamos 5 dep\u00f3sitos  subterr\u00e1neos de doble pared, cada uno con una capacidad de 200 m3, un di\u00e1metro de 3.400 mm y una longitud de 23 m, los cuales fueron equipados con un sistema de control y medici\u00f3n conforme a la Directiva ATEX y cumpliendo con los requisitos aduaneros pertinentes (en t\u00e9rminos de impuestos e impuestos especiales). Esos fueron  los primeros dep\u00f3sitos  de doble pared de tal capacidad producidos por CGH Polska\u2026<\/p>\n<p><a href=\"https:\/\/cgh.com.pl\/es\/actualidades\/depositos-de-almacenamiento-de-etanol\">enlace al art\u00edculo completo<\/a><\/p><\/div><\/div>\n\n\n\n<div class=\"col-sm-12\" style=\"margin-bottom:20px;\"><div class=\"col-sm-12 col-md-3\"><a href=\"https:\/\/cgh.com.pl\/es\/actualidades\/puente-para-un-cliente-aleman\"><img decoding=\"async\" data-src=\"https:\/\/cgh.com.pl\/es\/wp-content\/uploads\/2021\/06\/Bridge_for_German_customer.jpg\" alt=\"News - Puente para un cliente alem\u00e1n\" style=\"--smush-placeholder-width: 600px; --smush-placeholder-aspect-ratio: 600\/400;width:100%\" src=\"data:image\/svg+xml;base64,PHN2ZyB3aWR0aD0iMSIgaGVpZ2h0PSIxIiB4bWxucz0iaHR0cDovL3d3dy53My5vcmcvMjAwMC9zdmciPjwvc3ZnPg==\" class=\"lazyload\"><\/a><\/div>\n<div class=\"col-sm-12 col-md-9\"><h3 class=\"news-tit\"><a href=\"https:\/\/cgh.com.pl\/es\/actualidades\/puente-para-un-cliente-aleman\">Puente para un cliente alem\u00e1n<\/a><\/h3>\n<p>04.2020<\/p>\n<p>Por tercera vez en la historia de nuestra actividad, hemos creado y entregado un dise\u00f1o de puente.\nNuestro cliente alem\u00e1n tiene una planta ubicada en un peque\u00f1o r\u00edo y el \u00fanico estacionamiento disponible para sus empleados est\u00e1 al otro lado. Para comodidad de los empleados, la empresa decidi\u00f3 conectar las dos orillas del r\u00edo\u2026<\/p>\n<p><a href=\"https:\/\/cgh.com.pl\/es\/actualidades\/puente-para-un-cliente-aleman\">enlace al art\u00edculo completo<\/a><\/p><\/div><\/div>\n\n\n\n<div class=\"col-sm-12\" style=\"margin-bottom:20px;\"><div class=\"col-sm-12 col-md-3\"><a href=\"https:\/\/cgh.com.pl\/es\/actualidades\/cgh-polska-lider-de-seguridad\"><img decoding=\"async\" data-src=\"https:\/\/cgh.com.pl\/es\/wp-content\/uploads\/2022\/02\/Leader-of-Technical_Security.jpg\" alt=\"News - CGH Polska - L\u00edder de seguridad\" style=\"--smush-placeholder-width: 600px; --smush-placeholder-aspect-ratio: 600\/400;width:100%\" src=\"data:image\/svg+xml;base64,PHN2ZyB3aWR0aD0iMSIgaGVpZ2h0PSIxIiB4bWxucz0iaHR0cDovL3d3dy53My5vcmcvMjAwMC9zdmciPjwvc3ZnPg==\" class=\"lazyload\"><\/a><\/div>\n<div class=\"col-sm-12 col-md-9\"><h3 class=\"news-tit\"><a href=\"https:\/\/cgh.com.pl\/es\/actualidades\/cgh-polska-lider-de-seguridad\">CGH Polska &#8211; L\u00edder de seguridad<\/a><\/h3>\n<p>10.2019<\/p>\n<p>Nos complace anunciar que CGH Polska fue galardonada con el ranking UDT L\u00edder en Seguridad T\u00e9cnica.\nEl objetivo principal del ranking bajo el nombre de \u00abL\u00edder en Seguridad T\u00e9cnica\u00bb es promover el uso seguro de los dispositivos t\u00e9cnicos\u2026<\/p>\n<p><a href=\"https:\/\/cgh.com.pl\/es\/actualidades\/cgh-polska-lider-de-seguridad\">enlace al art\u00edculo completo<\/a><\/p><\/div>\n<\/div>\n\n\n\n<div class=\"col-sm-12\" style=\"margin-bottom:20px;\"><div class=\"col-sm-12 col-md-3\"><a href=\"https:\/\/cgh.com.pl\/es\/actualidades\/depositos-para-instalaciones-de-calefaccion-bioenergetica\"><img decoding=\"async\" data-src=\"https:\/\/cgh.com.pl\/es\/wp-content\/uploads\/2021\/06\/Tanks_for_bioenergy_heating_systems.jpg\" alt=\"News - Dep\u00f3sitos para instalaciones de calefacci\u00f3n bioenerg\u00e9tica\" style=\"--smush-placeholder-width: 600px; --smush-placeholder-aspect-ratio: 600\/400;width:100%\" src=\"data:image\/svg+xml;base64,PHN2ZyB3aWR0aD0iMSIgaGVpZ2h0PSIxIiB4bWxucz0iaHR0cDovL3d3dy53My5vcmcvMjAwMC9zdmciPjwvc3ZnPg==\" class=\"lazyload\"><\/a><\/div>\n<div class=\"col-sm-12 col-md-9\"><h3 class=\"news-tit\"><a href=\"https:\/\/cgh.com.pl\/es\/actualidades\/depositos-para-instalaciones-de-calefaccion-bioenergetica\">Dep\u00f3sitos para instalaciones de calefacci\u00f3n bioenerg\u00e9tica<\/a><\/h3>\n<p>10.2019<\/p>\n<p>CGH Nordic vendi\u00f3 y entreg\u00f3 2 dep\u00f3sitos verticales presurizados de 100 m\u00b3 de capacidad para almacenamiento de agua caliente (temperatura 110\u00b0C y presi\u00f3n 3 bar). Los dep\u00f3sitos  est\u00e1n aislados con aislamiento de 250 mm de espesor\u2026<\/p>\n<p><a href=\"https:\/\/cgh.com.pl\/es\/actualidades\/depositos-para-instalaciones-de-calefaccion-bioenergetica\">enlace al art\u00edculo completo<\/a><\/p><\/div>\n<\/div>\n\n\n\n<div class=\"col-sm-12\" style=\"margin-bottom:20px;\"><div class=\"col-sm-12 col-md-3\"><a href=\"https:\/\/cgh.com.pl\/es\/actualidades\/el-grupo-cgh-apuesta-por-estaciones-terrestres-para-camiones\"><img decoding=\"async\" data-src=\"https:\/\/cgh.com.pl\/es\/wp-content\/uploads\/2021\/06\/CGH-Group_focused_on_aboveground_truck_stations.jpg\" alt=\"News - CGH Group focused on aboveground truck stations\" style=\"--smush-placeholder-width: 600px; --smush-placeholder-aspect-ratio: 600\/400;width:100%\" src=\"data:image\/svg+xml;base64,PHN2ZyB3aWR0aD0iMSIgaGVpZ2h0PSIxIiB4bWxucz0iaHR0cDovL3d3dy53My5vcmcvMjAwMC9zdmciPjwvc3ZnPg==\" class=\"lazyload\"><\/a><\/div>\n<div class=\"col-sm-12 col-md-9\"><h3 class=\"news-tit\">\n<a href=\"https:\/\/cgh.com.pl\/es\/actualidades\/el-grupo-cgh-apuesta-por-estaciones-terrestres-para-camiones\">El Grupo CGH apuesta por estaciones terrestres para camiones<\/a><\/h3>\n<p>04.2019<\/p>\n<p>En la industria de los combustibles, se pone cada vez m\u00e1s \u00e9nfasis en la flexibilidad y la movilidad. Debido a esto CGH est\u00e1 suministrando cada vez m\u00e1s dep\u00f3sitos de superficie y soluciones llave en mano para estaciones de servicio de camiones\u2026<\/p>\n<p><a href=\"https:\/\/cgh.com.pl\/es\/actualidades\/el-grupo-cgh-apuesta-por-estaciones-terrestres-para-camiones\">enlace al art\u00edculo completo<\/a><\/p><\/div><\/div>\n\n\n\n<div class=\"col-sm-12\" style=\"margin-bottom:20px;\"><div class=\"col-sm-12 col-md-3\"><a href=\"https:\/\/cgh.com.pl\/es\/actualidades\/depositos-para-un-fabricante-de-aceites-lubricantes\"><img decoding=\"async\" data-src=\"https:\/\/cgh.com.pl\/es\/wp-content\/uploads\/2021\/06\/Series-of-tanks-for_producer_of_lubricant-oils.jpg\" alt=\"News - Dep\u00f3sitos para un fabricante de aceites lubricantes\" style=\"--smush-placeholder-width: 600px; --smush-placeholder-aspect-ratio: 600\/400;width:100%\" src=\"data:image\/svg+xml;base64,PHN2ZyB3aWR0aD0iMSIgaGVpZ2h0PSIxIiB4bWxucz0iaHR0cDovL3d3dy53My5vcmcvMjAwMC9zdmciPjwvc3ZnPg==\" class=\"lazyload\"><\/a><\/div>\n<div class=\"col-sm-12 col-md-9\"><h3 class=\"news-tit\"><a href=\"https:\/\/cgh.com.pl\/es\/actualidades\/depositos-para-un-fabricante-de-aceites-lubricantes\">Dep\u00f3sitos para un fabricante de aceites lubricantes<\/a><\/h3>\n<p>04.2019<\/p>\n<p>CGH Nordic A\/S entreg\u00f3 el primer lote de tanques (de 49 unidades) a una empresa que est\u00e1 construyendo una nueva planta de mezcla de aceite lubricante. Son dep\u00f3sitos de estructura vertical y de diferentes vol\u00famenes (desde 15 m3 hasta 60 m3). El alcance de la entrega tambi\u00e9n incluye estructuras de acero completas con pasamanos, escaleras, plataformas y escaleras a los tanques. La documentaci\u00f3n completa (dibujos de dep\u00f3sitos y plataformas) se prepar\u00f3 en tecnolog\u00eda 3D\u2026<\/p>\n<p><a href=\"https:\/\/cgh.com.pl\/es\/actualidades\/depositos-para-un-fabricante-de-aceites-lubricantes\">enlace al art\u00edculo completo<\/a><\/p><\/div><\/div>\n","protected":false},"excerpt":{"rendered":"<p>Nueva inversi\u00f3n de CGH Polska. Es la instalaci\u00f3n m\u00e1s moderna de este tipo en Polonia. 06.2020 Desde hace unos meses estamos construyendo nueva nave en Osowa G\u00f3ra. La inversi\u00f3n es el resultado del desarrollo din\u00e1mico de CGH Polska. enlace al art\u00edculo completo Entrega a un fabricante de lubricantes de renombre 04.2020 Para ampliar su instalaci\u00f3n [&hellip;]?<\/p>\n","protected":false},"author":1,"featured_media":0,"parent":0,"menu_order":0,"comment_status":"closed","ping_status":"closed","template":"page-products.php","meta":{"_acf_changed":false,"footnotes":""},"class_list":["post-329","page","type-page","status-publish","hentry"],"acf":[],"yoast_head":"<!-- This site is optimized with the Yoast SEO plugin v26.1.1 - https:\/\/yoast.com\/wordpress\/plugins\/seo\/ -->\n<title>Actualidades - CGH Group Sp. z o.o.<\/title>\n<meta name=\"robots\" content=\"index, follow, max-snippet:-1, max-image-preview:large, max-video-preview:-1\" \/>\n<link rel=\"canonical\" href=\"https:\/\/cgh.com.pl\/es\/actualidades\" \/>\n<meta property=\"og:locale\" content=\"es_ES\" \/>\n<meta property=\"og:type\" content=\"article\" \/>\n<meta property=\"og:title\" content=\"Actualidades - CGH Group Sp. z o.o.\" \/>\n<meta property=\"og:description\" content=\"Nueva inversi\u00f3n de CGH Polska. Es la instalaci\u00f3n m\u00e1s moderna de este tipo en Polonia. 06.2020 Desde hace unos meses estamos construyendo nueva nave en Osowa G\u00f3ra. La inversi\u00f3n es el resultado del desarrollo din\u00e1mico de CGH Polska. enlace al art\u00edculo completo Entrega a un fabricante de lubricantes de renombre 04.2020 Para ampliar su instalaci\u00f3n [&hellip;]?\" \/>\n<meta property=\"og:url\" content=\"https:\/\/cgh.com.pl\/es\/actualidades\" \/>\n<meta property=\"og:site_name\" content=\"CGH Group Sp. z o.o.\" \/>\n<meta property=\"article:publisher\" content=\"https:\/\/www.facebook.com\/cghpolska\" \/>\n<meta property=\"article:modified_time\" content=\"2023-05-22T21:14:55+00:00\" \/>\n<meta property=\"og:image\" content=\"https:\/\/cgh.com.pl\/es\/wp-content\/uploads\/2023\/05\/CGH-Polska-siedziba.jpg\" \/>\n<meta name=\"twitter:card\" content=\"summary_large_image\" \/>\n<meta name=\"twitter:label1\" content=\"Tiempo de lectura\" \/>\n\t<meta name=\"twitter:data1\" content=\"3 minutos\" \/>\n<script type=\"application\/ld+json\" class=\"yoast-schema-graph\">{\"@context\":\"https:\/\/schema.org\",\"@graph\":[{\"@type\":\"WebPage\",\"@id\":\"https:\/\/cgh.com.pl\/es\/actualidades\",\"url\":\"https:\/\/cgh.com.pl\/es\/actualidades\",\"name\":\"Actualidades - CGH Group Sp. z o.o.\",\"isPartOf\":{\"@id\":\"https:\/\/cgh.com.pl\/es\/#website\"},\"primaryImageOfPage\":{\"@id\":\"https:\/\/cgh.com.pl\/es\/actualidades#primaryimage\"},\"image\":{\"@id\":\"https:\/\/cgh.com.pl\/es\/actualidades#primaryimage\"},\"thumbnailUrl\":\"https:\/\/cgh.com.pl\/es\/wp-content\/uploads\/2023\/05\/CGH-Polska-siedziba.jpg\",\"datePublished\":\"2020-12-06T21:29:43+00:00\",\"dateModified\":\"2023-05-22T21:14:55+00:00\",\"breadcrumb\":{\"@id\":\"https:\/\/cgh.com.pl\/es\/actualidades#breadcrumb\"},\"inLanguage\":\"es\",\"potentialAction\":[{\"@type\":\"ReadAction\",\"target\":[\"https:\/\/cgh.com.pl\/es\/actualidades\"]}]},{\"@type\":\"ImageObject\",\"inLanguage\":\"es\",\"@id\":\"https:\/\/cgh.com.pl\/es\/actualidades#primaryimage\",\"url\":\"https:\/\/cgh.com.pl\/es\/wp-content\/uploads\/2023\/05\/CGH-Polska-siedziba.jpg\",\"contentUrl\":\"https:\/\/cgh.com.pl\/es\/wp-content\/uploads\/2023\/05\/CGH-Polska-siedziba.jpg\",\"width\":600,\"height\":400,\"caption\":\"DCIM100MEDIADJI_0271.JPG\"},{\"@type\":\"BreadcrumbList\",\"@id\":\"https:\/\/cgh.com.pl\/es\/actualidades#breadcrumb\",\"itemListElement\":[{\"@type\":\"ListItem\",\"position\":1,\"name\":\"Strona g\u0142\u00f3wna\",\"item\":\"https:\/\/cgh.com.pl\/es\/\"},{\"@type\":\"ListItem\",\"position\":2,\"name\":\"Actualidades\"}]},{\"@type\":\"WebSite\",\"@id\":\"https:\/\/cgh.com.pl\/es\/#website\",\"url\":\"https:\/\/cgh.com.pl\/es\/\",\"name\":\"CGH Group Sp. z o.o.\",\"description\":\"\",\"publisher\":{\"@id\":\"https:\/\/cgh.com.pl\/es\/#organization\"},\"alternateName\":\"Ingenier\u00eda, desarrollo y fabricaci\u00f3n de dep\u00f3sitos de GLP, industriales, combustibles, agua, a presi\u00f3n y acero inoxidable - CGH Group\",\"potentialAction\":[{\"@type\":\"SearchAction\",\"target\":{\"@type\":\"EntryPoint\",\"urlTemplate\":\"https:\/\/cgh.com.pl\/es\/?s={search_term_string}\"},\"query-input\":{\"@type\":\"PropertyValueSpecification\",\"valueRequired\":true,\"valueName\":\"search_term_string\"}}],\"inLanguage\":\"es\"},{\"@type\":\"Organization\",\"@id\":\"https:\/\/cgh.com.pl\/es\/#organization\",\"name\":\"CGH Group Sp. z o.o.\",\"url\":\"https:\/\/cgh.com.pl\/es\/\",\"logo\":{\"@type\":\"ImageObject\",\"inLanguage\":\"es\",\"@id\":\"https:\/\/cgh.com.pl\/es\/#\/schema\/logo\/image\/\",\"url\":\"https:\/\/cgh.com.pl\/es\/wp-content\/uploads\/2023\/05\/logoCGH.png\",\"contentUrl\":\"https:\/\/cgh.com.pl\/es\/wp-content\/uploads\/2023\/05\/logoCGH.png\",\"width\":449,\"height\":162,\"caption\":\"CGH Group Sp. z o.o.\"},\"image\":{\"@id\":\"https:\/\/cgh.com.pl\/es\/#\/schema\/logo\/image\/\"},\"sameAs\":[\"https:\/\/www.facebook.com\/cghpolska\",\"https:\/\/www.youtube.com\/channel\/UCe9uW1n0tEj_ZJOEtHIHGQw\"]}]}<\/script>\n<!-- \/ Yoast SEO plugin. -->","yoast_head_json":{"title":"Actualidades - CGH Group Sp. z o.o.","robots":{"index":"index","follow":"follow","max-snippet":"max-snippet:-1","max-image-preview":"max-image-preview:large","max-video-preview":"max-video-preview:-1"},"canonical":"https:\/\/cgh.com.pl\/es\/actualidades","og_locale":"es_ES","og_type":"article","og_title":"Actualidades - CGH Group Sp. z o.o.","og_description":"Nueva inversi\u00f3n de CGH Polska. Es la instalaci\u00f3n m\u00e1s moderna de este tipo en Polonia. 06.2020 Desde hace unos meses estamos construyendo nueva nave en Osowa G\u00f3ra. La inversi\u00f3n es el resultado del desarrollo din\u00e1mico de CGH Polska. enlace al art\u00edculo completo Entrega a un fabricante de lubricantes de renombre 04.2020 Para ampliar su instalaci\u00f3n [&hellip;]?","og_url":"https:\/\/cgh.com.pl\/es\/actualidades","og_site_name":"CGH Group Sp. z o.o.","article_publisher":"https:\/\/www.facebook.com\/cghpolska","article_modified_time":"2023-05-22T21:14:55+00:00","og_image":[{"url":"https:\/\/cgh.com.pl\/es\/wp-content\/uploads\/2023\/05\/CGH-Polska-siedziba.jpg","type":"","width":"","height":""}],"twitter_card":"summary_large_image","twitter_misc":{"Tiempo de lectura":"3 minutos"},"schema":{"@context":"https:\/\/schema.org","@graph":[{"@type":"WebPage","@id":"https:\/\/cgh.com.pl\/es\/actualidades","url":"https:\/\/cgh.com.pl\/es\/actualidades","name":"Actualidades - CGH Group Sp. z o.o.","isPartOf":{"@id":"https:\/\/cgh.com.pl\/es\/#website"},"primaryImageOfPage":{"@id":"https:\/\/cgh.com.pl\/es\/actualidades#primaryimage"},"image":{"@id":"https:\/\/cgh.com.pl\/es\/actualidades#primaryimage"},"thumbnailUrl":"https:\/\/cgh.com.pl\/es\/wp-content\/uploads\/2023\/05\/CGH-Polska-siedziba.jpg","datePublished":"2020-12-06T21:29:43+00:00","dateModified":"2023-05-22T21:14:55+00:00","breadcrumb":{"@id":"https:\/\/cgh.com.pl\/es\/actualidades#breadcrumb"},"inLanguage":"es","potentialAction":[{"@type":"ReadAction","target":["https:\/\/cgh.com.pl\/es\/actualidades"]}]},{"@type":"ImageObject","inLanguage":"es","@id":"https:\/\/cgh.com.pl\/es\/actualidades#primaryimage","url":"https:\/\/cgh.com.pl\/es\/wp-content\/uploads\/2023\/05\/CGH-Polska-siedziba.jpg","contentUrl":"https:\/\/cgh.com.pl\/es\/wp-content\/uploads\/2023\/05\/CGH-Polska-siedziba.jpg","width":600,"height":400,"caption":"DCIM100MEDIADJI_0271.JPG"},{"@type":"BreadcrumbList","@id":"https:\/\/cgh.com.pl\/es\/actualidades#breadcrumb","itemListElement":[{"@type":"ListItem","position":1,"name":"Strona g\u0142\u00f3wna","item":"https:\/\/cgh.com.pl\/es\/"},{"@type":"ListItem","position":2,"name":"Actualidades"}]},{"@type":"WebSite","@id":"https:\/\/cgh.com.pl\/es\/#website","url":"https:\/\/cgh.com.pl\/es\/","name":"CGH Group Sp. z o.o.","description":"","publisher":{"@id":"https:\/\/cgh.com.pl\/es\/#organization"},"alternateName":"Ingenier\u00eda, desarrollo y fabricaci\u00f3n de dep\u00f3sitos de GLP, industriales, combustibles, agua, a presi\u00f3n y acero inoxidable - CGH Group","potentialAction":[{"@type":"SearchAction","target":{"@type":"EntryPoint","urlTemplate":"https:\/\/cgh.com.pl\/es\/?s={search_term_string}"},"query-input":{"@type":"PropertyValueSpecification","valueRequired":true,"valueName":"search_term_string"}}],"inLanguage":"es"},{"@type":"Organization","@id":"https:\/\/cgh.com.pl\/es\/#organization","name":"CGH Group Sp. z o.o.","url":"https:\/\/cgh.com.pl\/es\/","logo":{"@type":"ImageObject","inLanguage":"es","@id":"https:\/\/cgh.com.pl\/es\/#\/schema\/logo\/image\/","url":"https:\/\/cgh.com.pl\/es\/wp-content\/uploads\/2023\/05\/logoCGH.png","contentUrl":"https:\/\/cgh.com.pl\/es\/wp-content\/uploads\/2023\/05\/logoCGH.png","width":449,"height":162,"caption":"CGH Group Sp. z o.o."},"image":{"@id":"https:\/\/cgh.com.pl\/es\/#\/schema\/logo\/image\/"},"sameAs":["https:\/\/www.facebook.com\/cghpolska","https:\/\/www.youtube.com\/channel\/UCe9uW1n0tEj_ZJOEtHIHGQw"]}]}},"_links":{"self":[{"href":"https:\/\/cgh.com.pl\/es\/wp-json\/wp\/v2\/pages\/329","targetHints":{"allow":["GET"]}}],"collection":[{"href":"https:\/\/cgh.com.pl\/es\/wp-json\/wp\/v2\/pages"}],"about":[{"href":"https:\/\/cgh.com.pl\/es\/wp-json\/wp\/v2\/types\/page"}],"author":[{"embeddable":true,"href":"https:\/\/cgh.com.pl\/es\/wp-json\/wp\/v2\/users\/1"}],"replies":[{"embeddable":true,"href":"https:\/\/cgh.com.pl\/es\/wp-json\/wp\/v2\/comments?post=329"}],"version-history":[{"count":41,"href":"https:\/\/cgh.com.pl\/es\/wp-json\/wp\/v2\/pages\/329\/revisions"}],"predecessor-version":[{"id":5042,"href":"https:\/\/cgh.com.pl\/es\/wp-json\/wp\/v2\/pages\/329\/revisions\/5042"}],"wp:attachment":[{"href":"https:\/\/cgh.com.pl\/es\/wp-json\/wp\/v2\/media?parent=329"}],"curies":[{"name":"wp","href":"https:\/\/api.w.org\/{rel}","templated":true}]}}