{"id":34,"date":"2020-11-24T23:20:39","date_gmt":"2020-11-24T22:20:39","guid":{"rendered":"https:\/\/cgh.com.pl\/es\/?page_id=34"},"modified":"2023-05-19T02:14:15","modified_gmt":"2023-05-19T00:14:15","slug":"depositos-de-fertilizantes","status":"publish","type":"page","link":"https:\/\/cgh.com.pl\/es\/depositos-de-fertilizantes","title":{"rendered":"Dep\u00f3sitos de fertilizantes"},"content":{"rendered":"<div class=\"wp-block-image\">\n<figure class=\"aligncenter\"><img decoding=\"async\" width=\"1024\" height=\"368\" data-src=\"https:\/\/cgh.com.pl\/es\/wp-content\/uploads\/2021\/06\/Tanks-for-liquid-fertilizers-1024x368.jpg\" alt=\"Tanks for liquid fertilizers\" class=\"wp-image-1715 img-fluid lazyload\" title=\"Tanks for liquid fertilizers\" data-srcset=\"https:\/\/cgh.com.pl\/es\/wp-content\/uploads\/2021\/06\/Tanks-for-liquid-fertilizers-1024x368.jpg 1024w, https:\/\/cgh.com.pl\/es\/wp-content\/uploads\/2021\/06\/Tanks-for-liquid-fertilizers-300x108.jpg 300w, https:\/\/cgh.com.pl\/es\/wp-content\/uploads\/2021\/06\/Tanks-for-liquid-fertilizers-768x276.jpg 768w, https:\/\/cgh.com.pl\/es\/wp-content\/uploads\/2021\/06\/Tanks-for-liquid-fertilizers.jpg 1280w\" data-sizes=\"(max-width: 1024px) 100vw, 1024px\" src=\"data:image\/svg+xml;base64,PHN2ZyB3aWR0aD0iMSIgaGVpZ2h0PSIxIiB4bWxucz0iaHR0cDovL3d3dy53My5vcmcvMjAwMC9zdmciPjwvc3ZnPg==\" style=\"--smush-placeholder-width: 1024px; --smush-placeholder-aspect-ratio: 1024\/368;\" \/><\/figure><\/div>\n\n\n<div style=\"height:3rem\" aria-hidden=\"true\" class=\"wp-block-spacer\"><\/div>\n\n\n\n<p>La oferta presentada incluye dep\u00f3sitos para fertilizantes l\u00edquidos disponibles en capacidades desde 25 m<sup>3<\/sup> hasta 100 m<sup>3<\/sup>. Est\u00e1n fabricados con pl\u00e1sticos resistentes a compuestos qu\u00edmicos. La construcci\u00f3n ha sido dise\u00f1ada de forma que facilita tanto el vac\u00edo completo del interior como la prevenci\u00f3n contra la formaci\u00f3n de sedimentos.<\/p>\n\n\n\n<p>Nuestro dep\u00f3sito de fertilizante l\u00edquido es f\u00e1cil de utilizar gracias a la presencia de una tapa de registro, una escalera desmontable con plataforma y barandilla. La protecci\u00f3n contra la contaminaci\u00f3n ambiental est\u00e1 proporcionada por una bandeja de desag\u00fce especial debajo del tubo DN80, con v\u00e1lvula de bola de protecci\u00f3n contra la apertura descontrolada.<\/p>\n\n\n\n<p>Los elementos de construcci\u00f3n seleccionados se han galvanizado adicionalmente. La construcci\u00f3n est\u00e1 disponible en cuatro colores a elegir: blanco, gris, azul y verde.<\/p>\n\n\n\n<div class=\"wp-block-columns is-layout-flex wp-container-core-columns-is-layout-9d6595d7 wp-block-columns-is-layout-flex\">\n<div class=\"wp-block-column is-layout-flow wp-block-column-is-layout-flow\">\n<p><strong>Dep\u00f3sitos de fertilizante &#8211; ventajas y beneficios para el usuario:<\/strong><\/p>\n\n\n\n<ul class=\"wp-block-list\">\n<li>La inclinaci\u00f3n del dep\u00f3sito permite el vaciado completo y sin sedimentos<\/li>\n\n\n\n<li>La bandeja de desag\u00fce debajo del tubo que protege el medio ambiente contra la contaminaci\u00f3n<\/li>\n\n\n\n<li>El dise\u00f1o de la tapa de registro permite un manejo f\u00e1cil durante la revisi\u00f3n o la carga<\/li>\n\n\n\n<li>La plataforma de trabajo con superficie aumentada junto con barreras garantizan mayor confort y seguridad en el trabajo<\/li>\n\n\n\n<li>Escalera desmontable junto a la plataforma permite colocar el dep\u00f3sito junto a la pared del edificio<\/li>\n<\/ul>\n<\/div>\n\n\n\n<div class=\"wp-block-column is-layout-flow wp-block-column-is-layout-flow\">\n<p><strong>Datos t\u00e9cnicos:<\/strong><\/p>\n\n\n\n<ul class=\"wp-block-list\">\n<li>Capacidad: 25 m<sup>3<\/sup> y 50 m<sup>3<\/sup> &#8211; capacidades disponibles hasta 100 m<sup>3<\/sup><\/li>\n\n\n\n<li>Di\u00e1metro del dep\u00f3sito: 2500 mm &#8211; di\u00e1metro disponible de 2000 mm a 2900 mm<\/li>\n\n\n\n<li>Revestimiento interno resistente a fertilizantes l\u00edquidos<\/li>\n\n\n\n<li>Inclinaci\u00f3n del dep\u00f3sito hacia el tubo de desag\u00fce<\/li>\n\n\n\n<li>Tubo de desag\u00fce DN80 con v\u00e1lvula de bola protegida contra apertura descontrolada<\/li>\n\n\n\n<li>Tapa de registro DN600 con bisagra de apertura r\u00e1pida<\/li>\n\n\n\n<li>Bandeja de desag\u00fce debajo del tubo de desag\u00fce<\/li>\n\n\n\n<li>Punta de respiraci\u00f3n DN40<\/li>\n\n\n\n<li>Escalera, barandilla y plataforma galvanizada<\/li>\n\n\n\n<li>Color de tanque a elegir del conjunto:<\/li>\n\n\n\n<li>RAL9010 &#8211; blanco, RAL7035 &#8211; gris, RAL5010 &#8211; azul, RAL6029 &#8211; verde<\/li>\n<\/ul>\n<\/div>\n<\/div>\n","protected":false},"excerpt":{"rendered":"<p>La oferta presentada incluye dep\u00f3sitos para fertilizantes l\u00edquidos disponibles en capacidades desde 25 m3 hasta 100 m3. Est\u00e1n fabricados con pl\u00e1sticos resistentes a compuestos qu\u00edmicos. La construcci\u00f3n ha sido dise\u00f1ada de forma que facilita tanto el vac\u00edo completo del interior como la prevenci\u00f3n contra la formaci\u00f3n de sedimentos. Nuestro dep\u00f3sito de fertilizante l\u00edquido es f\u00e1cil [&hellip;]?<\/p>\n","protected":false},"author":1,"featured_media":0,"parent":0,"menu_order":0,"comment_status":"closed","ping_status":"closed","template":"page-products-with-second-menu.php","meta":{"_acf_changed":false,"footnotes":""},"class_list":["post-34","page","type-page","status-publish","hentry"],"acf":[],"yoast_head":"<!-- This site is optimized with the Yoast SEO plugin v26.1.1 - https:\/\/yoast.com\/wordpress\/plugins\/seo\/ -->\n<title>Dep\u00f3sitos de fertilizantes - CGH Group Sp. z o.o.<\/title>\n<meta name=\"robots\" content=\"index, follow, max-snippet:-1, max-image-preview:large, max-video-preview:-1\" \/>\n<link rel=\"canonical\" href=\"https:\/\/cgh.com.pl\/es\/depositos-de-fertilizantes\" \/>\n<meta property=\"og:locale\" content=\"es_ES\" \/>\n<meta property=\"og:type\" content=\"article\" \/>\n<meta property=\"og:title\" content=\"Dep\u00f3sitos de fertilizantes - CGH Group Sp. z o.o.\" \/>\n<meta property=\"og:description\" content=\"La oferta presentada incluye dep\u00f3sitos para fertilizantes l\u00edquidos disponibles en capacidades desde 25 m3 hasta 100 m3. Est\u00e1n fabricados con pl\u00e1sticos resistentes a compuestos qu\u00edmicos. La construcci\u00f3n ha sido dise\u00f1ada de forma que facilita tanto el vac\u00edo completo del interior como la prevenci\u00f3n contra la formaci\u00f3n de sedimentos. Nuestro dep\u00f3sito de fertilizante l\u00edquido es f\u00e1cil [&hellip;]?\" \/>\n<meta property=\"og:url\" content=\"https:\/\/cgh.com.pl\/es\/depositos-de-fertilizantes\" \/>\n<meta property=\"og:site_name\" content=\"CGH Group Sp. z o.o.\" \/>\n<meta property=\"article:publisher\" content=\"https:\/\/www.facebook.com\/cghpolska\" \/>\n<meta property=\"article:modified_time\" content=\"2023-05-19T00:14:15+00:00\" \/>\n<meta property=\"og:image\" content=\"https:\/\/cgh.com.pl\/es\/wp-content\/uploads\/2021\/06\/Tanks-for-liquid-fertilizers-1024x368.jpg\" \/>\n<meta name=\"twitter:card\" content=\"summary_large_image\" \/>\n<meta name=\"twitter:label1\" content=\"Tiempo de lectura\" \/>\n\t<meta name=\"twitter:data1\" content=\"2 minutos\" \/>\n<script type=\"application\/ld+json\" class=\"yoast-schema-graph\">{\"@context\":\"https:\/\/schema.org\",\"@graph\":[{\"@type\":\"WebPage\",\"@id\":\"https:\/\/cgh.com.pl\/es\/depositos-de-fertilizantes\",\"url\":\"https:\/\/cgh.com.pl\/es\/depositos-de-fertilizantes\",\"name\":\"Dep\u00f3sitos de fertilizantes - CGH Group Sp. z o.o.\",\"isPartOf\":{\"@id\":\"https:\/\/cgh.com.pl\/es\/#website\"},\"primaryImageOfPage\":{\"@id\":\"https:\/\/cgh.com.pl\/es\/depositos-de-fertilizantes#primaryimage\"},\"image\":{\"@id\":\"https:\/\/cgh.com.pl\/es\/depositos-de-fertilizantes#primaryimage\"},\"thumbnailUrl\":\"https:\/\/cgh.com.pl\/es\/wp-content\/uploads\/2021\/06\/Tanks-for-liquid-fertilizers-1024x368.jpg\",\"datePublished\":\"2020-11-24T22:20:39+00:00\",\"dateModified\":\"2023-05-19T00:14:15+00:00\",\"breadcrumb\":{\"@id\":\"https:\/\/cgh.com.pl\/es\/depositos-de-fertilizantes#breadcrumb\"},\"inLanguage\":\"es\",\"potentialAction\":[{\"@type\":\"ReadAction\",\"target\":[\"https:\/\/cgh.com.pl\/es\/depositos-de-fertilizantes\"]}]},{\"@type\":\"ImageObject\",\"inLanguage\":\"es\",\"@id\":\"https:\/\/cgh.com.pl\/es\/depositos-de-fertilizantes#primaryimage\",\"url\":\"https:\/\/cgh.com.pl\/es\/wp-content\/uploads\/2021\/06\/Tanks-for-liquid-fertilizers.jpg\",\"contentUrl\":\"https:\/\/cgh.com.pl\/es\/wp-content\/uploads\/2021\/06\/Tanks-for-liquid-fertilizers.jpg\",\"width\":1280,\"height\":460,\"caption\":\"Tanks for liquid fertilizers\"},{\"@type\":\"BreadcrumbList\",\"@id\":\"https:\/\/cgh.com.pl\/es\/depositos-de-fertilizantes#breadcrumb\",\"itemListElement\":[{\"@type\":\"ListItem\",\"position\":1,\"name\":\"Strona g\u0142\u00f3wna\",\"item\":\"https:\/\/cgh.com.pl\/es\/\"},{\"@type\":\"ListItem\",\"position\":2,\"name\":\"Dep\u00f3sitos de fertilizantes\"}]},{\"@type\":\"WebSite\",\"@id\":\"https:\/\/cgh.com.pl\/es\/#website\",\"url\":\"https:\/\/cgh.com.pl\/es\/\",\"name\":\"CGH Group Sp. z o.o.\",\"description\":\"\",\"publisher\":{\"@id\":\"https:\/\/cgh.com.pl\/es\/#organization\"},\"alternateName\":\"Ingenier\u00eda, desarrollo y fabricaci\u00f3n de dep\u00f3sitos de GLP, industriales, combustibles, agua, a presi\u00f3n y acero inoxidable - CGH Group\",\"potentialAction\":[{\"@type\":\"SearchAction\",\"target\":{\"@type\":\"EntryPoint\",\"urlTemplate\":\"https:\/\/cgh.com.pl\/es\/?s={search_term_string}\"},\"query-input\":{\"@type\":\"PropertyValueSpecification\",\"valueRequired\":true,\"valueName\":\"search_term_string\"}}],\"inLanguage\":\"es\"},{\"@type\":\"Organization\",\"@id\":\"https:\/\/cgh.com.pl\/es\/#organization\",\"name\":\"CGH Group Sp. z o.o.\",\"url\":\"https:\/\/cgh.com.pl\/es\/\",\"logo\":{\"@type\":\"ImageObject\",\"inLanguage\":\"es\",\"@id\":\"https:\/\/cgh.com.pl\/es\/#\/schema\/logo\/image\/\",\"url\":\"https:\/\/cgh.com.pl\/es\/wp-content\/uploads\/2023\/05\/logoCGH.png\",\"contentUrl\":\"https:\/\/cgh.com.pl\/es\/wp-content\/uploads\/2023\/05\/logoCGH.png\",\"width\":449,\"height\":162,\"caption\":\"CGH Group Sp. z o.o.\"},\"image\":{\"@id\":\"https:\/\/cgh.com.pl\/es\/#\/schema\/logo\/image\/\"},\"sameAs\":[\"https:\/\/www.facebook.com\/cghpolska\",\"https:\/\/www.youtube.com\/channel\/UCe9uW1n0tEj_ZJOEtHIHGQw\"]}]}<\/script>\n<!-- \/ Yoast SEO plugin. -->","yoast_head_json":{"title":"Dep\u00f3sitos de fertilizantes - CGH Group Sp. z o.o.","robots":{"index":"index","follow":"follow","max-snippet":"max-snippet:-1","max-image-preview":"max-image-preview:large","max-video-preview":"max-video-preview:-1"},"canonical":"https:\/\/cgh.com.pl\/es\/depositos-de-fertilizantes","og_locale":"es_ES","og_type":"article","og_title":"Dep\u00f3sitos de fertilizantes - CGH Group Sp. z o.o.","og_description":"La oferta presentada incluye dep\u00f3sitos para fertilizantes l\u00edquidos disponibles en capacidades desde 25 m3 hasta 100 m3. Est\u00e1n fabricados con pl\u00e1sticos resistentes a compuestos qu\u00edmicos. La construcci\u00f3n ha sido dise\u00f1ada de forma que facilita tanto el vac\u00edo completo del interior como la prevenci\u00f3n contra la formaci\u00f3n de sedimentos. Nuestro dep\u00f3sito de fertilizante l\u00edquido es f\u00e1cil [&hellip;]?","og_url":"https:\/\/cgh.com.pl\/es\/depositos-de-fertilizantes","og_site_name":"CGH Group Sp. z o.o.","article_publisher":"https:\/\/www.facebook.com\/cghpolska","article_modified_time":"2023-05-19T00:14:15+00:00","og_image":[{"url":"https:\/\/cgh.com.pl\/es\/wp-content\/uploads\/2021\/06\/Tanks-for-liquid-fertilizers-1024x368.jpg","type":"","width":"","height":""}],"twitter_card":"summary_large_image","twitter_misc":{"Tiempo de lectura":"2 minutos"},"schema":{"@context":"https:\/\/schema.org","@graph":[{"@type":"WebPage","@id":"https:\/\/cgh.com.pl\/es\/depositos-de-fertilizantes","url":"https:\/\/cgh.com.pl\/es\/depositos-de-fertilizantes","name":"Dep\u00f3sitos de fertilizantes - CGH Group Sp. z o.o.","isPartOf":{"@id":"https:\/\/cgh.com.pl\/es\/#website"},"primaryImageOfPage":{"@id":"https:\/\/cgh.com.pl\/es\/depositos-de-fertilizantes#primaryimage"},"image":{"@id":"https:\/\/cgh.com.pl\/es\/depositos-de-fertilizantes#primaryimage"},"thumbnailUrl":"https:\/\/cgh.com.pl\/es\/wp-content\/uploads\/2021\/06\/Tanks-for-liquid-fertilizers-1024x368.jpg","datePublished":"2020-11-24T22:20:39+00:00","dateModified":"2023-05-19T00:14:15+00:00","breadcrumb":{"@id":"https:\/\/cgh.com.pl\/es\/depositos-de-fertilizantes#breadcrumb"},"inLanguage":"es","potentialAction":[{"@type":"ReadAction","target":["https:\/\/cgh.com.pl\/es\/depositos-de-fertilizantes"]}]},{"@type":"ImageObject","inLanguage":"es","@id":"https:\/\/cgh.com.pl\/es\/depositos-de-fertilizantes#primaryimage","url":"https:\/\/cgh.com.pl\/es\/wp-content\/uploads\/2021\/06\/Tanks-for-liquid-fertilizers.jpg","contentUrl":"https:\/\/cgh.com.pl\/es\/wp-content\/uploads\/2021\/06\/Tanks-for-liquid-fertilizers.jpg","width":1280,"height":460,"caption":"Tanks for liquid fertilizers"},{"@type":"BreadcrumbList","@id":"https:\/\/cgh.com.pl\/es\/depositos-de-fertilizantes#breadcrumb","itemListElement":[{"@type":"ListItem","position":1,"name":"Strona g\u0142\u00f3wna","item":"https:\/\/cgh.com.pl\/es\/"},{"@type":"ListItem","position":2,"name":"Dep\u00f3sitos de fertilizantes"}]},{"@type":"WebSite","@id":"https:\/\/cgh.com.pl\/es\/#website","url":"https:\/\/cgh.com.pl\/es\/","name":"CGH Group Sp. z o.o.","description":"","publisher":{"@id":"https:\/\/cgh.com.pl\/es\/#organization"},"alternateName":"Ingenier\u00eda, desarrollo y fabricaci\u00f3n de dep\u00f3sitos de GLP, industriales, combustibles, agua, a presi\u00f3n y acero inoxidable - CGH Group","potentialAction":[{"@type":"SearchAction","target":{"@type":"EntryPoint","urlTemplate":"https:\/\/cgh.com.pl\/es\/?s={search_term_string}"},"query-input":{"@type":"PropertyValueSpecification","valueRequired":true,"valueName":"search_term_string"}}],"inLanguage":"es"},{"@type":"Organization","@id":"https:\/\/cgh.com.pl\/es\/#organization","name":"CGH Group Sp. z o.o.","url":"https:\/\/cgh.com.pl\/es\/","logo":{"@type":"ImageObject","inLanguage":"es","@id":"https:\/\/cgh.com.pl\/es\/#\/schema\/logo\/image\/","url":"https:\/\/cgh.com.pl\/es\/wp-content\/uploads\/2023\/05\/logoCGH.png","contentUrl":"https:\/\/cgh.com.pl\/es\/wp-content\/uploads\/2023\/05\/logoCGH.png","width":449,"height":162,"caption":"CGH Group Sp. z o.o."},"image":{"@id":"https:\/\/cgh.com.pl\/es\/#\/schema\/logo\/image\/"},"sameAs":["https:\/\/www.facebook.com\/cghpolska","https:\/\/www.youtube.com\/channel\/UCe9uW1n0tEj_ZJOEtHIHGQw"]}]}},"_links":{"self":[{"href":"https:\/\/cgh.com.pl\/es\/wp-json\/wp\/v2\/pages\/34","targetHints":{"allow":["GET"]}}],"collection":[{"href":"https:\/\/cgh.com.pl\/es\/wp-json\/wp\/v2\/pages"}],"about":[{"href":"https:\/\/cgh.com.pl\/es\/wp-json\/wp\/v2\/types\/page"}],"author":[{"embeddable":true,"href":"https:\/\/cgh.com.pl\/es\/wp-json\/wp\/v2\/users\/1"}],"replies":[{"embeddable":true,"href":"https:\/\/cgh.com.pl\/es\/wp-json\/wp\/v2\/comments?post=34"}],"version-history":[{"count":12,"href":"https:\/\/cgh.com.pl\/es\/wp-json\/wp\/v2\/pages\/34\/revisions"}],"predecessor-version":[{"id":4850,"href":"https:\/\/cgh.com.pl\/es\/wp-json\/wp\/v2\/pages\/34\/revisions\/4850"}],"wp:attachment":[{"href":"https:\/\/cgh.com.pl\/es\/wp-json\/wp\/v2\/media?parent=34"}],"curies":[{"name":"wp","href":"https:\/\/api.w.org\/{rel}","templated":true}]}}