{"id":342,"date":"2020-12-06T23:07:12","date_gmt":"2020-12-06T22:07:12","guid":{"rendered":"https:\/\/cgh.com.pl\/es\/?page_id=342"},"modified":"2026-03-10T14:40:31","modified_gmt":"2026-03-10T13:40:31","slug":"tecnologia","status":"publish","type":"page","link":"https:\/\/cgh.com.pl\/es\/tecnologia","title":{"rendered":"Tecnolog\u00eda"},"content":{"rendered":"<div class=\"wp-block-image\">\n<figure class=\"aligncenter size-full\"><img decoding=\"async\" width=\"1896\" height=\"578\" data-src=\"https:\/\/cgh.com.pl\/es\/wp-content\/uploads\/2021\/06\/Welding-under-the-flux-the-ARC-welding-method.jpg\" alt=\"Tecnolog\u00eda - soldadura bajo fundente - m\u00e9todo de soldadura ARC\" class=\"wp-image-1863 img-fluid lazyload\" title=\"Technology - welding with fuse agent - ARC welding method\" data-srcset=\"https:\/\/cgh.com.pl\/es\/wp-content\/uploads\/2021\/06\/Welding-under-the-flux-the-ARC-welding-method.jpg 1896w, https:\/\/cgh.com.pl\/es\/wp-content\/uploads\/2021\/06\/Welding-under-the-flux-the-ARC-welding-method-300x91.jpg 300w, https:\/\/cgh.com.pl\/es\/wp-content\/uploads\/2021\/06\/Welding-under-the-flux-the-ARC-welding-method-1024x312.jpg 1024w, https:\/\/cgh.com.pl\/es\/wp-content\/uploads\/2021\/06\/Welding-under-the-flux-the-ARC-welding-method-768x234.jpg 768w, https:\/\/cgh.com.pl\/es\/wp-content\/uploads\/2021\/06\/Welding-under-the-flux-the-ARC-welding-method-1536x468.jpg 1536w\" data-sizes=\"(max-width: 1896px) 100vw, 1896px\" src=\"data:image\/svg+xml;base64,PHN2ZyB3aWR0aD0iMSIgaGVpZ2h0PSIxIiB4bWxucz0iaHR0cDovL3d3dy53My5vcmcvMjAwMC9zdmciPjwvc3ZnPg==\" style=\"--smush-placeholder-width: 1896px; --smush-placeholder-aspect-ratio: 1896\/578;\" \/><figcaption class=\"wp-element-caption\">Soldadura bajo flujo &#8211; M\u00e9todo de ARC Welding<\/figcaption><\/figure><\/div>\n\n\n<h4 class=\"wp-block-heading\" id=\"technologie-spawania\">Tecnolog\u00edas de soldadura:<\/h4>\n\n\n\n<p>CGH Polska, como uno de pocos fabricantes de dep\u00f3sitos en Europa, tiene y utiliza tecnolog\u00edas aprobadas para soldar aceros austen\u00edticos (inoxidables) bajo fundente &#8211; m\u00e9todo 121. Adem\u00e1s, contamos con tecnolog\u00edas aprobadas para soldar aceros con bajo contenido de carbono para operaci\u00f3n a -50 <sup>o<\/sup>C, utilizando los siguientes m\u00e9todos: bajo fundente &#8211; m\u00e9todo 121, MIG-MAG &#8211; m\u00e9todo 135, TIG &#8211; m\u00e9todo 141.<\/p>\n\n\n\n<p><\/p>\n\n\n<div class=\"wp-block-image\">\n<figure class=\"aligncenter size-full\"><img decoding=\"async\" width=\"1280\" height=\"276\" data-src=\"https:\/\/cgh.com.pl\/es\/wp-content\/uploads\/2021\/06\/Technology-CGH-Polska-production-hall.jpg\" alt=\"Tecnolog\u00eda - CGH Polonia\" class=\"wp-image-1874 img-fluid lazyload\" title=\"Technology\" data-srcset=\"https:\/\/cgh.com.pl\/es\/wp-content\/uploads\/2021\/06\/Technology-CGH-Polska-production-hall.jpg 1280w, https:\/\/cgh.com.pl\/es\/wp-content\/uploads\/2021\/06\/Technology-CGH-Polska-production-hall-300x65.jpg 300w, https:\/\/cgh.com.pl\/es\/wp-content\/uploads\/2021\/06\/Technology-CGH-Polska-production-hall-1024x221.jpg 1024w, https:\/\/cgh.com.pl\/es\/wp-content\/uploads\/2021\/06\/Technology-CGH-Polska-production-hall-768x166.jpg 768w\" data-sizes=\"(max-width: 1280px) 100vw, 1280px\" src=\"data:image\/svg+xml;base64,PHN2ZyB3aWR0aD0iMSIgaGVpZ2h0PSIxIiB4bWxucz0iaHR0cDovL3d3dy53My5vcmcvMjAwMC9zdmciPjwvc3ZnPg==\" style=\"--smush-placeholder-width: 1280px; --smush-placeholder-aspect-ratio: 1280\/276;\" \/><figcaption class=\"wp-element-caption\">Tecnolog\u00eda &#8211; CGH Polonia<\/figcaption><\/figure><\/div>\n\n\n<div style=\"height:10px\" aria-hidden=\"true\" class=\"wp-block-spacer\"><\/div>\n\n\n\n<p><strong><strong>Nuestra ventaja es un producto de la m\u00e1s alta calidad, logrado gracias a la tecnolog\u00eda moderna:<\/strong><\/strong><\/p>\n\n\n\n<ul class=\"wp-block-list\">\n<li>L\u00ednea de producci\u00f3n autom\u00e1tica de la empresa Heinrichgl\u00fcck, garantiza un perfecto montaje.<\/li>\n\n\n\n<li>Ejecuci\u00f3n de soldaduras internas y externas mediante soldadura por arco sumergido utilizando materiales de soldadura de la m\u00e1s alta calidad.<\/li>\n\n\n\n<li>Limpieza de superficies a Sa 2,5 seg\u00fan ISO 8501-1<\/li>\n\n\n\n<li>Aplicaci\u00f3n autom\u00e1tica de aislamiento externo de PUR<\/li>\n\n\n\n<li>Pruebas no destructivas de uniones soldadas y estanqueidad del revestimiento exterior con una tensi\u00f3n de 10 kV<\/li>\n<\/ul>\n\n\n\n<div style=\"height:10px\" aria-hidden=\"true\" class=\"wp-block-spacer\"><\/div>\n\n\n\n<h4 class=\"wp-block-heading\" id=\"hala-malarni\"><strong>Sala de pintura<\/strong><\/h4>\n\n\n\n<p>El taller de pintura m\u00e1s grande de la regi\u00f3n m\u00e1s moderna de Polonia con una superficie de 2.600 m<sup>2<\/sup>, equipado con dos cabinas de granallado autom\u00e1tico (7,5 x 6 x 25 m), una cabina de taller de pintura PUR (8,5 x 6 x 25 m), tres cabinas de taller de pintura h\u00fameda (7, 5 x 6 x 25 m), un puesto de montaje final, un almac\u00e9n de pintura multivolumen e instalaciones sociales para el personal.<\/p>\n\n\n\n<div class=\"photos\">\n<div class=\"first-zoom-photo\">\n<p style=\"text-align: center;font-size:10px;margin:0;padding:0;\"><img decoding=\"async\" data-src=\"https:\/\/cgh.com.pl\/es\/wp-content\/uploads\/2021\/06\/Painting-hall.jpg\" alt=\"Tecnolog\u00eda - taller de barnizado\" src=\"data:image\/svg+xml;base64,PHN2ZyB3aWR0aD0iMSIgaGVpZ2h0PSIxIiB4bWxucz0iaHR0cDovL3d3dy53My5vcmcvMjAwMC9zdmciPjwvc3ZnPg==\" class=\"lazyload\" style=\"--smush-placeholder-width: 800px; --smush-placeholder-aspect-ratio: 800\/450;\"><\/p>\n\n<div><\/div>\n<\/div>\n<div>\n\n\n<div><\/div>\n<\/div>\n<div>\n\n\n<div><\/div>\n<\/div>\n<div class=\"pair\">\n\n\n<div><\/div>\n<div><\/div>\n<\/div>\n<\/div>\n\n\n\n<div style=\"height:20px\" aria-hidden=\"true\" class=\"wp-block-spacer\"><\/div>\n\n\n\n<h4 class=\"wp-block-heading\" id=\"komory-srutownicze\">C\u00e1maras de granallado<\/h4>\n\n\n\n<p>Dos c\u00e1maras de granallado de 7,5 x 6 x 25 m cada una, dotadas de cuatro boquillas de granallado de funcionamiento continuo, suelo rascador con sistema de recirculaci\u00f3n de granalla y ventilaci\u00f3n de alto rendimiento que asegura la extracci\u00f3n de polvo durante el granallado proceso.<\/p>\n\n\n\n<div class=\"photos\">\n<div class=\"first-zoom-photo\">\n<p style=\"text-align: center;font-size:10px;margin:0;padding:0;\"><img decoding=\"async\" data-src=\"https:\/\/cgh.com.pl\/es\/wp-content\/uploads\/2021\/06\/Grit-blasting-chamber.jpg\" alt=\"C\u00e1maras de granallado\" src=\"data:image\/svg+xml;base64,PHN2ZyB3aWR0aD0iMSIgaGVpZ2h0PSIxIiB4bWxucz0iaHR0cDovL3d3dy53My5vcmcvMjAwMC9zdmciPjwvc3ZnPg==\" class=\"lazyload\" style=\"--smush-placeholder-width: 800px; --smush-placeholder-aspect-ratio: 800\/448;\"><\/p>\n\n<div><\/div>\n<\/div>\n<div>\n\n<p style=\"text-align: center;font-size:10px;margin:0;padding:0;\"><img decoding=\"async\" data-src=\"https:\/\/cgh.com.pl\/es\/wp-content\/uploads\/2021\/06\/Grit-blasting-chamber-1.jpg\" alt=\"C\u00e1maras de granallado\" src=\"data:image\/svg+xml;base64,PHN2ZyB3aWR0aD0iMSIgaGVpZ2h0PSIxIiB4bWxucz0iaHR0cDovL3d3dy53My5vcmcvMjAwMC9zdmciPjwvc3ZnPg==\" class=\"lazyload\" style=\"--smush-placeholder-width: 800px; --smush-placeholder-aspect-ratio: 800\/448;\"><\/p>\n<div><\/div>\n<\/div>\n<div>\n\n\n<div><\/div>\n<\/div>\n<div class=\"pair\">\n\n\n<div><\/div>\n<div><\/div>\n<\/div>\n<\/div>\n\n\n\n<div style=\"height:20px\" aria-hidden=\"true\" class=\"wp-block-spacer\"><\/div>\n\n\n\n<h4 class=\"wp-block-heading\" id=\"komory-do-nakladania-powloki-pur\">C\u00e1maras de recubrimiento PUR<\/h4>\n\n\n\n<p>C\u00e1mara de dimensiones 8,5 x 6 x 25 m para la aplicaci\u00f3n del revestimiento PUR, equipada con un sistema de rodillos integrado con la boquilla de pintura, asegurando la aplicaci\u00f3n autom\u00e1tica de la pintura. La c\u00e1mara contiene un sistema de ventilaci\u00f3n mec\u00e1nica con recuperaci\u00f3n, gracias al cual se garantiza la seguridad de los pintores y las condiciones clim\u00e1ticas garantizadas durante el pintado.<\/p>\n\n\n\n<div class=\"photos\">\n<div class=\"first-zoom-photo\">\n<p style=\"text-align: center;font-size:10px;margin:0;padding:0;\"><img decoding=\"async\" data-src=\"https:\/\/cgh.com.pl\/es\/wp-content\/uploads\/2021\/06\/PUR-coating-chamber.jpg\" alt=\"C\u00e1maras de recubrimiento PUR\" src=\"data:image\/svg+xml;base64,PHN2ZyB3aWR0aD0iMSIgaGVpZ2h0PSIxIiB4bWxucz0iaHR0cDovL3d3dy53My5vcmcvMjAwMC9zdmciPjwvc3ZnPg==\" class=\"lazyload\" style=\"--smush-placeholder-width: 800px; --smush-placeholder-aspect-ratio: 800\/450;\"><\/p>\n\n<div><\/div>\n<\/div>\n<div>\n\n<p style=\"text-align: center;font-size:10px;margin:0;padding:0;\"><img decoding=\"async\" data-src=\"https:\/\/cgh.com.pl\/es\/wp-content\/uploads\/2021\/06\/PUR-coating-chamber-1.jpg\" alt=\"C\u00e1maras de recubrimiento PUR\" src=\"data:image\/svg+xml;base64,PHN2ZyB3aWR0aD0iMSIgaGVpZ2h0PSIxIiB4bWxucz0iaHR0cDovL3d3dy53My5vcmcvMjAwMC9zdmciPjwvc3ZnPg==\" class=\"lazyload\" style=\"--smush-placeholder-width: 800px; --smush-placeholder-aspect-ratio: 800\/450;\"><\/p>\n<div><\/div>\n<\/div>\n<div>\n\n\n<div><\/div>\n<\/div>\n<div class=\"pair\">\n\n\n<div><\/div>\n<div><\/div>\n<\/div>\n<\/div>\n\n\n\n<div style=\"height:20px\" aria-hidden=\"true\" class=\"wp-block-spacer\"><\/div>\n\n\n\n<h4 class=\"wp-block-heading\" id=\"komory-malarskie\">C\u00e1maras de pintura<\/h4>\n\n\n\n<p>Tres c\u00e1maras de pintura de 7,5 x 6 x 25 m cada una, equipadas con un sistema de ventilaci\u00f3n con recuperaci\u00f3n que controla las condiciones clim\u00e1ticas durante el proceso de pintura y secado.<\/p>\n\n\n\n<div class=\"photos\">\n<div class=\"first-zoom-photo\">\n<p style=\"text-align: center;font-size:10px;margin:0;padding:0;\"><img decoding=\"async\" data-src=\"https:\/\/cgh.com.pl\/es\/wp-content\/uploads\/2021\/06\/Painting-chambers.jpg\" alt=\"C\u00e1maras de pintura\" src=\"data:image\/svg+xml;base64,PHN2ZyB3aWR0aD0iMSIgaGVpZ2h0PSIxIiB4bWxucz0iaHR0cDovL3d3dy53My5vcmcvMjAwMC9zdmciPjwvc3ZnPg==\" class=\"lazyload\" style=\"--smush-placeholder-width: 800px; --smush-placeholder-aspect-ratio: 800\/452;\"><\/p>\n\n<div><\/div>\n<\/div>\n<div>\n\n<p style=\"text-align: center;font-size:10px;margin:0;padding:0;\"><img decoding=\"async\" data-src=\"https:\/\/cgh.com.pl\/es\/wp-content\/uploads\/2021\/06\/Painting-chambers-1.jpg\" alt=\"C\u00e1maras de pintura\" src=\"data:image\/svg+xml;base64,PHN2ZyB3aWR0aD0iMSIgaGVpZ2h0PSIxIiB4bWxucz0iaHR0cDovL3d3dy53My5vcmcvMjAwMC9zdmciPjwvc3ZnPg==\" class=\"lazyload\" style=\"--smush-placeholder-width: 800px; --smush-placeholder-aspect-ratio: 800\/452;\"><\/p>\n<div><\/div>\n<\/div>\n<div>\n<p style=\"text-align: center;font-size:10px;margin:0;padding:0;\"><img decoding=\"async\" data-src=\"https:\/\/cgh.com.pl\/es\/wp-content\/uploads\/2021\/06\/Painting-chambers-2.jpg\" alt=\"C\u00e1maras de pintura\" src=\"data:image\/svg+xml;base64,PHN2ZyB3aWR0aD0iMSIgaGVpZ2h0PSIxIiB4bWxucz0iaHR0cDovL3d3dy53My5vcmcvMjAwMC9zdmciPjwvc3ZnPg==\" class=\"lazyload\" style=\"--smush-placeholder-width: 800px; --smush-placeholder-aspect-ratio: 800\/452;\"><\/p>\n\n<div><\/div>\n<\/div>\n<div class=\"pair\">\n\n\n<div><\/div>\n<div><\/div>\n<\/div>\n<\/div>\n\n\n\n<div style=\"height:20px\" aria-hidden=\"true\" class=\"wp-block-spacer\"><\/div>\n\n\n\n<h4 class=\"wp-block-heading\" id=\"stanowisko-do-montazu-koncowego\">Puesto de montaje final<\/h4>\n\n\n\n<p>Puesto de montaje final de tapas, tuber\u00edas y plataformas y de inspecci\u00f3n final y pruebas de estanqueidad de accesorios.<\/p>\n\n\n\n<div class=\"photos\">\n<div class=\"first-zoom-photo\">\n<p style=\"text-align: center;font-size:10px;margin:0;padding:0;\"><img decoding=\"async\" data-src=\"https:\/\/cgh.com.pl\/es\/wp-content\/uploads\/2021\/06\/Assembly-area.jpg\" alt=\"Puesto de montaje final\" src=\"data:image\/svg+xml;base64,PHN2ZyB3aWR0aD0iMSIgaGVpZ2h0PSIxIiB4bWxucz0iaHR0cDovL3d3dy53My5vcmcvMjAwMC9zdmciPjwvc3ZnPg==\" class=\"lazyload\" style=\"--smush-placeholder-width: 800px; --smush-placeholder-aspect-ratio: 800\/452;\"><\/p>\n\n<div><\/div>\n<\/div>\n<div>\n\n<p style=\"text-align: center;font-size:10px;margin:0;padding:0;\"><img decoding=\"async\" data-src=\"https:\/\/cgh.com.pl\/es\/wp-content\/uploads\/2021\/06\/Assembly-area-1.jpg\" alt=\"Puesto de montaje final\" src=\"data:image\/svg+xml;base64,PHN2ZyB3aWR0aD0iMSIgaGVpZ2h0PSIxIiB4bWxucz0iaHR0cDovL3d3dy53My5vcmcvMjAwMC9zdmciPjwvc3ZnPg==\" class=\"lazyload\" style=\"--smush-placeholder-width: 800px; --smush-placeholder-aspect-ratio: 800\/452;\"><\/p>\n<div><\/div>\n<\/div>\n<div>\n\n\n<div><\/div>\n<\/div>\n<div class=\"pair\">\n\n\n<div><\/div>\n<div><\/div>\n<\/div>\n<\/div>\n\n\n\n<div style=\"height:20px\" aria-hidden=\"true\" class=\"wp-block-spacer\"><\/div>\n\n\n\n<h4 class=\"wp-block-heading\" id=\"robot-spawalniczy\"><strong>Robot de soldadura<\/strong><\/h4>\n\n\n\n<div class=\"photos\">\n<div class=\"first-zoom-photo\">\n<p style=\"text-align: center;font-size:10px;margin:0;padding:0;\"><img decoding=\"async\" data-src=\"https:\/\/cgh.com.pl\/es\/wp-content\/uploads\/2021\/06\/Robots.jpg\" alt=\"Robot de soldadura\" src=\"data:image\/svg+xml;base64,PHN2ZyB3aWR0aD0iMSIgaGVpZ2h0PSIxIiB4bWxucz0iaHR0cDovL3d3dy53My5vcmcvMjAwMC9zdmciPjwvc3ZnPg==\" class=\"lazyload\" style=\"--smush-placeholder-width: 640px; --smush-placeholder-aspect-ratio: 640\/336;\"><\/p>\n\n<div><\/div>\n<\/div>\n<div>\n\n<div><\/div>\n<\/div>\n<div>\n\n\n<div><\/div>\n<\/div>\n<div class=\"pair\">\n\n\n<div><\/div>\n<div><\/div>\n<\/div>\n<\/div>\n","protected":false},"excerpt":{"rendered":"<p>Tecnolog\u00edas de soldadura: CGH Polska, como uno de pocos fabricantes de dep\u00f3sitos en Europa, tiene y utiliza tecnolog\u00edas aprobadas para soldar aceros austen\u00edticos (inoxidables) bajo fundente &#8211; m\u00e9todo 121. Adem\u00e1s, contamos con tecnolog\u00edas aprobadas para soldar aceros con bajo contenido de carbono para operaci\u00f3n a -50 oC, utilizando los siguientes m\u00e9todos: bajo fundente &#8211; m\u00e9todo [&hellip;]?<\/p>\n","protected":false},"author":1,"featured_media":0,"parent":0,"menu_order":0,"comment_status":"closed","ping_status":"closed","template":"page-products.php","meta":{"_acf_changed":false,"footnotes":""},"class_list":["post-342","page","type-page","status-publish","hentry"],"acf":[],"yoast_head":"<!-- This site is optimized with the Yoast SEO plugin v26.1.1 - https:\/\/yoast.com\/wordpress\/plugins\/seo\/ -->\n<title>Tecnolog\u00eda - CGH Group Sp. z o.o.<\/title>\n<meta name=\"robots\" content=\"index, follow, max-snippet:-1, max-image-preview:large, max-video-preview:-1\" \/>\n<link rel=\"canonical\" href=\"https:\/\/cgh.com.pl\/es\/tecnologia\" \/>\n<meta property=\"og:locale\" content=\"es_ES\" \/>\n<meta property=\"og:type\" content=\"article\" \/>\n<meta property=\"og:title\" content=\"Tecnolog\u00eda - CGH Group Sp. z o.o.\" \/>\n<meta property=\"og:description\" content=\"Tecnolog\u00edas de soldadura: CGH Polska, como uno de pocos fabricantes de dep\u00f3sitos en Europa, tiene y utiliza tecnolog\u00edas aprobadas para soldar aceros austen\u00edticos (inoxidables) bajo fundente &#8211; m\u00e9todo 121. Adem\u00e1s, contamos con tecnolog\u00edas aprobadas para soldar aceros con bajo contenido de carbono para operaci\u00f3n a -50 oC, utilizando los siguientes m\u00e9todos: bajo fundente &#8211; m\u00e9todo [&hellip;]?\" \/>\n<meta property=\"og:url\" content=\"https:\/\/cgh.com.pl\/es\/tecnologia\" \/>\n<meta property=\"og:site_name\" content=\"CGH Group Sp. z o.o.\" \/>\n<meta property=\"article:publisher\" content=\"https:\/\/www.facebook.com\/cghpolska\" \/>\n<meta property=\"article:modified_time\" content=\"2026-03-10T13:40:31+00:00\" \/>\n<meta property=\"og:image\" content=\"https:\/\/cgh.com.pl\/es\/wp-content\/uploads\/2021\/06\/Welding-under-the-flux-the-ARC-welding-method.jpg\" \/>\n\t<meta property=\"og:image:width\" content=\"1896\" \/>\n\t<meta property=\"og:image:height\" content=\"578\" \/>\n\t<meta property=\"og:image:type\" content=\"image\/jpeg\" \/>\n<meta name=\"twitter:card\" content=\"summary_large_image\" \/>\n<meta name=\"twitter:label1\" content=\"Tiempo de lectura\" \/>\n\t<meta name=\"twitter:data1\" content=\"5 minutos\" \/>\n<script type=\"application\/ld+json\" class=\"yoast-schema-graph\">{\"@context\":\"https:\/\/schema.org\",\"@graph\":[{\"@type\":\"WebPage\",\"@id\":\"https:\/\/cgh.com.pl\/es\/tecnologia\",\"url\":\"https:\/\/cgh.com.pl\/es\/tecnologia\",\"name\":\"Tecnolog\u00eda - CGH Group Sp. z o.o.\",\"isPartOf\":{\"@id\":\"https:\/\/cgh.com.pl\/es\/#website\"},\"primaryImageOfPage\":{\"@id\":\"https:\/\/cgh.com.pl\/es\/tecnologia#primaryimage\"},\"image\":{\"@id\":\"https:\/\/cgh.com.pl\/es\/tecnologia#primaryimage\"},\"thumbnailUrl\":\"https:\/\/cgh.com.pl\/es\/wp-content\/uploads\/2021\/06\/Welding-under-the-flux-the-ARC-welding-method.jpg\",\"datePublished\":\"2020-12-06T22:07:12+00:00\",\"dateModified\":\"2026-03-10T13:40:31+00:00\",\"breadcrumb\":{\"@id\":\"https:\/\/cgh.com.pl\/es\/tecnologia#breadcrumb\"},\"inLanguage\":\"es\",\"potentialAction\":[{\"@type\":\"ReadAction\",\"target\":[\"https:\/\/cgh.com.pl\/es\/tecnologia\"]}]},{\"@type\":\"ImageObject\",\"inLanguage\":\"es\",\"@id\":\"https:\/\/cgh.com.pl\/es\/tecnologia#primaryimage\",\"url\":\"https:\/\/cgh.com.pl\/es\/wp-content\/uploads\/2021\/06\/Welding-under-the-flux-the-ARC-welding-method.jpg\",\"contentUrl\":\"https:\/\/cgh.com.pl\/es\/wp-content\/uploads\/2021\/06\/Welding-under-the-flux-the-ARC-welding-method.jpg\",\"width\":1896,\"height\":578,\"caption\":\"Welding under the flux the ARC welding method\"},{\"@type\":\"BreadcrumbList\",\"@id\":\"https:\/\/cgh.com.pl\/es\/tecnologia#breadcrumb\",\"itemListElement\":[{\"@type\":\"ListItem\",\"position\":1,\"name\":\"Strona g\u0142\u00f3wna\",\"item\":\"https:\/\/cgh.com.pl\/es\/\"},{\"@type\":\"ListItem\",\"position\":2,\"name\":\"Tecnolog\u00eda\"}]},{\"@type\":\"WebSite\",\"@id\":\"https:\/\/cgh.com.pl\/es\/#website\",\"url\":\"https:\/\/cgh.com.pl\/es\/\",\"name\":\"CGH Group Sp. z o.o.\",\"description\":\"\",\"publisher\":{\"@id\":\"https:\/\/cgh.com.pl\/es\/#organization\"},\"alternateName\":\"Ingenier\u00eda, desarrollo y fabricaci\u00f3n de dep\u00f3sitos de GLP, industriales, combustibles, agua, a presi\u00f3n y acero inoxidable - CGH Group\",\"potentialAction\":[{\"@type\":\"SearchAction\",\"target\":{\"@type\":\"EntryPoint\",\"urlTemplate\":\"https:\/\/cgh.com.pl\/es\/?s={search_term_string}\"},\"query-input\":{\"@type\":\"PropertyValueSpecification\",\"valueRequired\":true,\"valueName\":\"search_term_string\"}}],\"inLanguage\":\"es\"},{\"@type\":\"Organization\",\"@id\":\"https:\/\/cgh.com.pl\/es\/#organization\",\"name\":\"CGH Group Sp. z o.o.\",\"url\":\"https:\/\/cgh.com.pl\/es\/\",\"logo\":{\"@type\":\"ImageObject\",\"inLanguage\":\"es\",\"@id\":\"https:\/\/cgh.com.pl\/es\/#\/schema\/logo\/image\/\",\"url\":\"https:\/\/cgh.com.pl\/es\/wp-content\/uploads\/2023\/05\/logoCGH.png\",\"contentUrl\":\"https:\/\/cgh.com.pl\/es\/wp-content\/uploads\/2023\/05\/logoCGH.png\",\"width\":449,\"height\":162,\"caption\":\"CGH Group Sp. z o.o.\"},\"image\":{\"@id\":\"https:\/\/cgh.com.pl\/es\/#\/schema\/logo\/image\/\"},\"sameAs\":[\"https:\/\/www.facebook.com\/cghpolska\",\"https:\/\/www.youtube.com\/channel\/UCe9uW1n0tEj_ZJOEtHIHGQw\"]}]}<\/script>\n<!-- \/ Yoast SEO plugin. -->","yoast_head_json":{"title":"Tecnolog\u00eda - CGH Group Sp. z o.o.","robots":{"index":"index","follow":"follow","max-snippet":"max-snippet:-1","max-image-preview":"max-image-preview:large","max-video-preview":"max-video-preview:-1"},"canonical":"https:\/\/cgh.com.pl\/es\/tecnologia","og_locale":"es_ES","og_type":"article","og_title":"Tecnolog\u00eda - CGH Group Sp. z o.o.","og_description":"Tecnolog\u00edas de soldadura: CGH Polska, como uno de pocos fabricantes de dep\u00f3sitos en Europa, tiene y utiliza tecnolog\u00edas aprobadas para soldar aceros austen\u00edticos (inoxidables) bajo fundente &#8211; m\u00e9todo 121. Adem\u00e1s, contamos con tecnolog\u00edas aprobadas para soldar aceros con bajo contenido de carbono para operaci\u00f3n a -50 oC, utilizando los siguientes m\u00e9todos: bajo fundente &#8211; m\u00e9todo [&hellip;]?","og_url":"https:\/\/cgh.com.pl\/es\/tecnologia","og_site_name":"CGH Group Sp. z o.o.","article_publisher":"https:\/\/www.facebook.com\/cghpolska","article_modified_time":"2026-03-10T13:40:31+00:00","og_image":[{"width":1896,"height":578,"url":"https:\/\/cgh.com.pl\/es\/wp-content\/uploads\/2021\/06\/Welding-under-the-flux-the-ARC-welding-method.jpg","type":"image\/jpeg"}],"twitter_card":"summary_large_image","twitter_misc":{"Tiempo de lectura":"5 minutos"},"schema":{"@context":"https:\/\/schema.org","@graph":[{"@type":"WebPage","@id":"https:\/\/cgh.com.pl\/es\/tecnologia","url":"https:\/\/cgh.com.pl\/es\/tecnologia","name":"Tecnolog\u00eda - CGH Group Sp. z o.o.","isPartOf":{"@id":"https:\/\/cgh.com.pl\/es\/#website"},"primaryImageOfPage":{"@id":"https:\/\/cgh.com.pl\/es\/tecnologia#primaryimage"},"image":{"@id":"https:\/\/cgh.com.pl\/es\/tecnologia#primaryimage"},"thumbnailUrl":"https:\/\/cgh.com.pl\/es\/wp-content\/uploads\/2021\/06\/Welding-under-the-flux-the-ARC-welding-method.jpg","datePublished":"2020-12-06T22:07:12+00:00","dateModified":"2026-03-10T13:40:31+00:00","breadcrumb":{"@id":"https:\/\/cgh.com.pl\/es\/tecnologia#breadcrumb"},"inLanguage":"es","potentialAction":[{"@type":"ReadAction","target":["https:\/\/cgh.com.pl\/es\/tecnologia"]}]},{"@type":"ImageObject","inLanguage":"es","@id":"https:\/\/cgh.com.pl\/es\/tecnologia#primaryimage","url":"https:\/\/cgh.com.pl\/es\/wp-content\/uploads\/2021\/06\/Welding-under-the-flux-the-ARC-welding-method.jpg","contentUrl":"https:\/\/cgh.com.pl\/es\/wp-content\/uploads\/2021\/06\/Welding-under-the-flux-the-ARC-welding-method.jpg","width":1896,"height":578,"caption":"Welding under the flux the ARC welding method"},{"@type":"BreadcrumbList","@id":"https:\/\/cgh.com.pl\/es\/tecnologia#breadcrumb","itemListElement":[{"@type":"ListItem","position":1,"name":"Strona g\u0142\u00f3wna","item":"https:\/\/cgh.com.pl\/es\/"},{"@type":"ListItem","position":2,"name":"Tecnolog\u00eda"}]},{"@type":"WebSite","@id":"https:\/\/cgh.com.pl\/es\/#website","url":"https:\/\/cgh.com.pl\/es\/","name":"CGH Group Sp. z o.o.","description":"","publisher":{"@id":"https:\/\/cgh.com.pl\/es\/#organization"},"alternateName":"Ingenier\u00eda, desarrollo y fabricaci\u00f3n de dep\u00f3sitos de GLP, industriales, combustibles, agua, a presi\u00f3n y acero inoxidable - CGH Group","potentialAction":[{"@type":"SearchAction","target":{"@type":"EntryPoint","urlTemplate":"https:\/\/cgh.com.pl\/es\/?s={search_term_string}"},"query-input":{"@type":"PropertyValueSpecification","valueRequired":true,"valueName":"search_term_string"}}],"inLanguage":"es"},{"@type":"Organization","@id":"https:\/\/cgh.com.pl\/es\/#organization","name":"CGH Group Sp. z o.o.","url":"https:\/\/cgh.com.pl\/es\/","logo":{"@type":"ImageObject","inLanguage":"es","@id":"https:\/\/cgh.com.pl\/es\/#\/schema\/logo\/image\/","url":"https:\/\/cgh.com.pl\/es\/wp-content\/uploads\/2023\/05\/logoCGH.png","contentUrl":"https:\/\/cgh.com.pl\/es\/wp-content\/uploads\/2023\/05\/logoCGH.png","width":449,"height":162,"caption":"CGH Group Sp. z o.o."},"image":{"@id":"https:\/\/cgh.com.pl\/es\/#\/schema\/logo\/image\/"},"sameAs":["https:\/\/www.facebook.com\/cghpolska","https:\/\/www.youtube.com\/channel\/UCe9uW1n0tEj_ZJOEtHIHGQw"]}]}},"_links":{"self":[{"href":"https:\/\/cgh.com.pl\/es\/wp-json\/wp\/v2\/pages\/342","targetHints":{"allow":["GET"]}}],"collection":[{"href":"https:\/\/cgh.com.pl\/es\/wp-json\/wp\/v2\/pages"}],"about":[{"href":"https:\/\/cgh.com.pl\/es\/wp-json\/wp\/v2\/types\/page"}],"author":[{"embeddable":true,"href":"https:\/\/cgh.com.pl\/es\/wp-json\/wp\/v2\/users\/1"}],"replies":[{"embeddable":true,"href":"https:\/\/cgh.com.pl\/es\/wp-json\/wp\/v2\/comments?post=342"}],"version-history":[{"count":15,"href":"https:\/\/cgh.com.pl\/es\/wp-json\/wp\/v2\/pages\/342\/revisions"}],"predecessor-version":[{"id":5213,"href":"https:\/\/cgh.com.pl\/es\/wp-json\/wp\/v2\/pages\/342\/revisions\/5213"}],"wp:attachment":[{"href":"https:\/\/cgh.com.pl\/es\/wp-json\/wp\/v2\/media?parent=342"}],"curies":[{"name":"wp","href":"https:\/\/api.w.org\/{rel}","templated":true}]}}