{"id":347,"date":"2020-12-06T23:16:43","date_gmt":"2020-12-06T22:16:43","guid":{"rendered":"https:\/\/cgh.com.pl\/es\/?page_id=347"},"modified":"2025-04-22T13:33:08","modified_gmt":"2025-04-22T11:33:08","slug":"certificaciones","status":"publish","type":"page","link":"https:\/\/cgh.com.pl\/es\/certificaciones","title":{"rendered":"Certificaciones"},"content":{"rendered":"\n<p>CGH certificaciones:<\/p>\n\n\n\n<div class=\"wp-block-columns has-2-columns is-layout-flex wp-container-core-columns-is-layout-9d6595d7 wp-block-columns-is-layout-flex\">\n<div class=\"wp-block-column is-layout-flow wp-block-column-is-layout-flow\">\n<ul class=\"wp-block-list\">\n<li><a href=\"https:\/\/cgh.com.pl\/es\/wp-content\/uploads\/2024\/05\/Certyficate_ISO9001_14001_45001_Management_system.pdf\">Certyficate_ISO9001_14001_45001_Management_system<\/a><a href=\"https:\/\/cgh.com.pl\/es\/wp-content\/uploads\/2022\/04\/Certyfikat-WDT.pdf\"><\/a><\/li>\n\n\n\n<li><a href=\"https:\/\/cgh.com.pl\/es\/wp-content\/uploads\/2016\/03\/Certyfikat-UDT_PL.pdf\" target=\"_blank\" rel=\"noreferrer noopener\">UDT_PL certificate<\/a><\/li>\n\n\n\n<li><a href=\"https:\/\/cgh.com.pl\/es\/wp-content\/uploads\/2022\/04\/Certyfikat-WDT.pdf\"><\/a><a rel=\"noreferrer noopener\" href=\"https:\/\/cgh.com.pl\/es\/wp-content\/uploads\/2016\/03\/Certyfikat-WDT.pdf\" target=\"_blank\">WDT certificate<\/a><\/li>\n\n\n\n<li><a href=\"https:\/\/cgh.com.pl\/es\/wp-content\/uploads\/2022\/04\/Certyfikat-WDT.pdf\"><\/a><a rel=\"noreferrer noopener\" href=\"https:\/\/zet-studio.pl\/zetstudio_dlaciebie\/en\/wp-content\/uploads\/2021\/09\/ISO-90012015_07.06.2024_EN.pdf\" target=\"_blank\">ISO 9001 : 2015 certificate<\/a><\/li>\n\n\n\n<li><a href=\"https:\/\/cgh.com.pl\/es\/wp-content\/uploads\/2022\/04\/Certyfikat-WDT.pdf\"><\/a><a href=\"https:\/\/cgh.com.pl\/es\/wp-content\/uploads\/2022\/04\/20210312_Certyfikat-AD-2000-Merkblatt-HP0_EN.pdf\">TUV NORD AD2000 HP0_PL certificate<\/a><\/li>\n\n\n\n<li><a href=\"https:\/\/cgh.com.pl\/es\/wp-content\/uploads\/2022\/04\/Certyfikat-WDT.pdf\"><\/a><a href=\"https:\/\/cgh.com.pl\/es\/wp-content\/uploads\/2022\/04\/20210401_Cetyfikat-EN-ISO-3834_EN.pdf\">TUV NORD DIN EN ISO 3834-2 certificate for load-bearing steel structures<\/a><\/li>\n\n\n\n<li><a href=\"https:\/\/cgh.com.pl\/es\/wp-content\/uploads\/2022\/04\/Certyfikat-WDT.pdf\"><\/a><a href=\"https:\/\/cgh.com.pl\/es\/wp-content\/uploads\/2022\/04\/CGH_certyfikat_PED-modul-H1_PCA-gotowe.pdf\">TUV NORD Module H1 certificate<\/a><\/li>\n\n\n\n<li><a href=\"https:\/\/cgh.com.pl\/es\/wp-content\/uploads\/2022\/04\/Certyfikat-WDT.pdf\"><\/a><a href=\"https:\/\/cgh.com.pl\/es\/wp-content\/uploads\/2022\/04\/Certyficate-CGH-ISO-90012015.pdf\">TUV NORD certificate for EN ISO 9001 Management System<\/a><\/li>\n\n\n\n<li><a href=\"https:\/\/cgh.com.pl\/es\/wp-content\/uploads\/2022\/04\/Certyfikat-WDT.pdf\"><\/a><a href=\"https:\/\/cgh.com.pl\/es\/wp-content\/uploads\/2022\/04\/20210401_Cetyfikat-EN1090_ZKP_EN.pdf\">Certificate EN1090_ZKP_EN<\/a><\/li>\n\n\n\n<li><a href=\"https:\/\/cgh.com.pl\/es\/wp-content\/uploads\/2022\/04\/Certyfikat-WDT.pdf\"><\/a><a href=\"https:\/\/cgh.com.pl\/es\/wp-content\/uploads\/2022\/04\/Atest-PZH.pdf\">PZH certificate<\/a><\/li>\n\n\n\n<li><a href=\"https:\/\/cgh.com.pl\/es\/wp-content\/uploads\/2022\/04\/Certyfikat-WDT.pdf\"><\/a><a href=\"https:\/\/cgh.com.pl\/es\/wp-content\/uploads\/2022\/04\/Certyfikat-CAA-Rumunia.pdf\">CAA certificate \u2013 Romania<\/a><\/li>\n\n\n\n<li><a href=\"https:\/\/cgh.com.pl\/es\/wp-content\/uploads\/2025\/04\/20250325_CGH-Polska_ASME_certificate.pdf\" target=\"_blank\" rel=\"noreferrer noopener\">ASME Certificate<\/a><\/li>\n<\/ul>\n<\/div>\n\n\n\n<div class=\"wp-block-column is-layout-flow wp-block-column-is-layout-flow\">\n<ul class=\"wp-block-list\">\n<li><a href=\"https:\/\/cgh.com.pl\/es\/wp-content\/uploads\/2022\/04\/Zatwierdzenie-typu-m-zbiorniki-4m3-70m3-podziemne-ZT-48_2010-z-pozniejszymi-zmianami.pdf\"><\/a><a href=\"https:\/\/cgh.com.pl\/es\/wp-content\/uploads\/2016\/03\/Zatwierdzenie-typu-zbiorniki-1m3-30m3-jednokomorowe-5m3-30m3-dwukomorowe_ZT-6_2008-z-p%C3%83%C2%B3%C3%85%C2%BAniejszymi-zmianami.pdf\" target=\"_blank\" rel=\"noreferrer noopener\">Type approval \u2013 tanks 1m3-30m3, single chamber, 5m3-30m3 dual chamber_ZT 6_2008 as amended<\/a><\/li>\n\n\n\n<li><a href=\"https:\/\/cgh.com.pl\/es\/wp-content\/uploads\/2022\/04\/Zatwierdzenie-typu-m-zbiorniki-4m3-70m3-podziemne-ZT-48_2010-z-pozniejszymi-zmianami.pdf\"><\/a><a href=\"https:\/\/cgh.com.pl\/es\/wp-content\/uploads\/2016\/03\/Zatwierdzenie-typu-zbiorniki-1m3-50m3-naziemne-ZT-10_2010-z-p%C3%83%C2%B3%C3%85%C2%BAniejszymi-zmianami.pdf\" target=\"_blank\" rel=\"noreferrer noopener\">Type approval \u2013 tanks 1m3-50m3, aboveground, ZT 10_2010 as amended<\/a><\/li>\n\n\n\n<li><a href=\"https:\/\/cgh.com.pl\/es\/wp-content\/uploads\/2022\/04\/Zatwierdzenie-typu-m-zbiorniki-4m3-70m3-podziemne-ZT-48_2010-z-pozniejszymi-zmianami.pdf\"><\/a><a href=\"https:\/\/cgh.com.pl\/es\/wp-content\/uploads\/2016\/03\/Zatwierdzenie-typu-zbiorniki-1m3-120m3-podziemne-i-naziemne-ZT_2015_PLT-1557.pdf\" target=\"_blank\" rel=\"noreferrer noopener\">Type approval \u2013 tanks 1m3-120m3, underground and aboveground, ZT 57_2015_PLT 1557<\/a><\/li>\n\n\n\n<li><a href=\"https:\/\/cgh.com.pl\/es\/wp-content\/uploads\/2022\/04\/Zatwierdzenie-typu-m-zbiorniki-4m3-70m3-podziemne-ZT-48_2010-z-pozniejszymi-zmianami.pdf\"><\/a><a href=\"https:\/\/cgh.com.pl\/es\/wp-content\/uploads\/2016\/03\/Zatwierdzenie-typu-m-zbiorniki-4m3-70m3-podziemne-ZT-48_2010-z-p%C3%83%C2%B3%C3%85%C2%BAniejszymi-zmianami.pdf\" target=\"_blank\" rel=\"noreferrer noopener\">Type approval \u2013 tanks 4m3-70m3, underground, ZT 48_2010 as amended<\/a><\/li>\n<\/ul>\n<\/div>\n<\/div>\n","protected":false},"excerpt":{"rendered":"<p>CGH certificaciones:<\/p>\n","protected":false},"author":1,"featured_media":0,"parent":0,"menu_order":0,"comment_status":"closed","ping_status":"closed","template":"page-products.php","meta":{"_acf_changed":false,"footnotes":""},"class_list":["post-347","page","type-page","status-publish","hentry"],"acf":[],"yoast_head":"<!-- This site is optimized with the Yoast SEO plugin v26.1.1 - https:\/\/yoast.com\/wordpress\/plugins\/seo\/ -->\n<title>Certificaciones - CGH Group Sp. z o.o.<\/title>\n<meta name=\"robots\" content=\"index, follow, max-snippet:-1, max-image-preview:large, max-video-preview:-1\" \/>\n<link rel=\"canonical\" href=\"https:\/\/cgh.com.pl\/es\/certificaciones\" \/>\n<meta property=\"og:locale\" content=\"es_ES\" \/>\n<meta property=\"og:type\" content=\"article\" \/>\n<meta property=\"og:title\" content=\"Certificaciones - CGH Group Sp. z o.o.\" \/>\n<meta property=\"og:description\" content=\"CGH certificaciones:\" \/>\n<meta property=\"og:url\" content=\"https:\/\/cgh.com.pl\/es\/certificaciones\" \/>\n<meta property=\"og:site_name\" content=\"CGH Group Sp. z o.o.\" \/>\n<meta property=\"article:publisher\" content=\"https:\/\/www.facebook.com\/cghpolska\" \/>\n<meta property=\"article:modified_time\" content=\"2025-04-22T11:33:08+00:00\" \/>\n<meta name=\"twitter:card\" content=\"summary_large_image\" \/>\n<meta name=\"twitter:label1\" content=\"Tiempo de lectura\" \/>\n\t<meta name=\"twitter:data1\" content=\"1 minuto\" \/>\n<script type=\"application\/ld+json\" class=\"yoast-schema-graph\">{\"@context\":\"https:\/\/schema.org\",\"@graph\":[{\"@type\":\"WebPage\",\"@id\":\"https:\/\/cgh.com.pl\/es\/certificaciones\",\"url\":\"https:\/\/cgh.com.pl\/es\/certificaciones\",\"name\":\"Certificaciones - CGH Group Sp. z o.o.\",\"isPartOf\":{\"@id\":\"https:\/\/cgh.com.pl\/es\/#website\"},\"datePublished\":\"2020-12-06T22:16:43+00:00\",\"dateModified\":\"2025-04-22T11:33:08+00:00\",\"breadcrumb\":{\"@id\":\"https:\/\/cgh.com.pl\/es\/certificaciones#breadcrumb\"},\"inLanguage\":\"es\",\"potentialAction\":[{\"@type\":\"ReadAction\",\"target\":[\"https:\/\/cgh.com.pl\/es\/certificaciones\"]}]},{\"@type\":\"BreadcrumbList\",\"@id\":\"https:\/\/cgh.com.pl\/es\/certificaciones#breadcrumb\",\"itemListElement\":[{\"@type\":\"ListItem\",\"position\":1,\"name\":\"Strona g\u0142\u00f3wna\",\"item\":\"https:\/\/cgh.com.pl\/es\/\"},{\"@type\":\"ListItem\",\"position\":2,\"name\":\"Certificaciones\"}]},{\"@type\":\"WebSite\",\"@id\":\"https:\/\/cgh.com.pl\/es\/#website\",\"url\":\"https:\/\/cgh.com.pl\/es\/\",\"name\":\"CGH Group Sp. z o.o.\",\"description\":\"\",\"publisher\":{\"@id\":\"https:\/\/cgh.com.pl\/es\/#organization\"},\"alternateName\":\"Ingenier\u00eda, desarrollo y fabricaci\u00f3n de dep\u00f3sitos de GLP, industriales, combustibles, agua, a presi\u00f3n y acero inoxidable - CGH Group\",\"potentialAction\":[{\"@type\":\"SearchAction\",\"target\":{\"@type\":\"EntryPoint\",\"urlTemplate\":\"https:\/\/cgh.com.pl\/es\/?s={search_term_string}\"},\"query-input\":{\"@type\":\"PropertyValueSpecification\",\"valueRequired\":true,\"valueName\":\"search_term_string\"}}],\"inLanguage\":\"es\"},{\"@type\":\"Organization\",\"@id\":\"https:\/\/cgh.com.pl\/es\/#organization\",\"name\":\"CGH Group Sp. z o.o.\",\"url\":\"https:\/\/cgh.com.pl\/es\/\",\"logo\":{\"@type\":\"ImageObject\",\"inLanguage\":\"es\",\"@id\":\"https:\/\/cgh.com.pl\/es\/#\/schema\/logo\/image\/\",\"url\":\"https:\/\/cgh.com.pl\/es\/wp-content\/uploads\/2023\/05\/logoCGH.png\",\"contentUrl\":\"https:\/\/cgh.com.pl\/es\/wp-content\/uploads\/2023\/05\/logoCGH.png\",\"width\":449,\"height\":162,\"caption\":\"CGH Group Sp. z o.o.\"},\"image\":{\"@id\":\"https:\/\/cgh.com.pl\/es\/#\/schema\/logo\/image\/\"},\"sameAs\":[\"https:\/\/www.facebook.com\/cghpolska\",\"https:\/\/www.youtube.com\/channel\/UCe9uW1n0tEj_ZJOEtHIHGQw\"]}]}<\/script>\n<!-- \/ Yoast SEO plugin. -->","yoast_head_json":{"title":"Certificaciones - CGH Group Sp. z o.o.","robots":{"index":"index","follow":"follow","max-snippet":"max-snippet:-1","max-image-preview":"max-image-preview:large","max-video-preview":"max-video-preview:-1"},"canonical":"https:\/\/cgh.com.pl\/es\/certificaciones","og_locale":"es_ES","og_type":"article","og_title":"Certificaciones - CGH Group Sp. z o.o.","og_description":"CGH certificaciones:","og_url":"https:\/\/cgh.com.pl\/es\/certificaciones","og_site_name":"CGH Group Sp. z o.o.","article_publisher":"https:\/\/www.facebook.com\/cghpolska","article_modified_time":"2025-04-22T11:33:08+00:00","twitter_card":"summary_large_image","twitter_misc":{"Tiempo de lectura":"1 minuto"},"schema":{"@context":"https:\/\/schema.org","@graph":[{"@type":"WebPage","@id":"https:\/\/cgh.com.pl\/es\/certificaciones","url":"https:\/\/cgh.com.pl\/es\/certificaciones","name":"Certificaciones - CGH Group Sp. z o.o.","isPartOf":{"@id":"https:\/\/cgh.com.pl\/es\/#website"},"datePublished":"2020-12-06T22:16:43+00:00","dateModified":"2025-04-22T11:33:08+00:00","breadcrumb":{"@id":"https:\/\/cgh.com.pl\/es\/certificaciones#breadcrumb"},"inLanguage":"es","potentialAction":[{"@type":"ReadAction","target":["https:\/\/cgh.com.pl\/es\/certificaciones"]}]},{"@type":"BreadcrumbList","@id":"https:\/\/cgh.com.pl\/es\/certificaciones#breadcrumb","itemListElement":[{"@type":"ListItem","position":1,"name":"Strona g\u0142\u00f3wna","item":"https:\/\/cgh.com.pl\/es\/"},{"@type":"ListItem","position":2,"name":"Certificaciones"}]},{"@type":"WebSite","@id":"https:\/\/cgh.com.pl\/es\/#website","url":"https:\/\/cgh.com.pl\/es\/","name":"CGH Group Sp. z o.o.","description":"","publisher":{"@id":"https:\/\/cgh.com.pl\/es\/#organization"},"alternateName":"Ingenier\u00eda, desarrollo y fabricaci\u00f3n de dep\u00f3sitos de GLP, industriales, combustibles, agua, a presi\u00f3n y acero inoxidable - CGH Group","potentialAction":[{"@type":"SearchAction","target":{"@type":"EntryPoint","urlTemplate":"https:\/\/cgh.com.pl\/es\/?s={search_term_string}"},"query-input":{"@type":"PropertyValueSpecification","valueRequired":true,"valueName":"search_term_string"}}],"inLanguage":"es"},{"@type":"Organization","@id":"https:\/\/cgh.com.pl\/es\/#organization","name":"CGH Group Sp. z o.o.","url":"https:\/\/cgh.com.pl\/es\/","logo":{"@type":"ImageObject","inLanguage":"es","@id":"https:\/\/cgh.com.pl\/es\/#\/schema\/logo\/image\/","url":"https:\/\/cgh.com.pl\/es\/wp-content\/uploads\/2023\/05\/logoCGH.png","contentUrl":"https:\/\/cgh.com.pl\/es\/wp-content\/uploads\/2023\/05\/logoCGH.png","width":449,"height":162,"caption":"CGH Group Sp. z o.o."},"image":{"@id":"https:\/\/cgh.com.pl\/es\/#\/schema\/logo\/image\/"},"sameAs":["https:\/\/www.facebook.com\/cghpolska","https:\/\/www.youtube.com\/channel\/UCe9uW1n0tEj_ZJOEtHIHGQw"]}]}},"_links":{"self":[{"href":"https:\/\/cgh.com.pl\/es\/wp-json\/wp\/v2\/pages\/347","targetHints":{"allow":["GET"]}}],"collection":[{"href":"https:\/\/cgh.com.pl\/es\/wp-json\/wp\/v2\/pages"}],"about":[{"href":"https:\/\/cgh.com.pl\/es\/wp-json\/wp\/v2\/types\/page"}],"author":[{"embeddable":true,"href":"https:\/\/cgh.com.pl\/es\/wp-json\/wp\/v2\/users\/1"}],"replies":[{"embeddable":true,"href":"https:\/\/cgh.com.pl\/es\/wp-json\/wp\/v2\/comments?post=347"}],"version-history":[{"count":10,"href":"https:\/\/cgh.com.pl\/es\/wp-json\/wp\/v2\/pages\/347\/revisions"}],"predecessor-version":[{"id":5202,"href":"https:\/\/cgh.com.pl\/es\/wp-json\/wp\/v2\/pages\/347\/revisions\/5202"}],"wp:attachment":[{"href":"https:\/\/cgh.com.pl\/es\/wp-json\/wp\/v2\/media?parent=347"}],"curies":[{"name":"wp","href":"https:\/\/api.w.org\/{rel}","templated":true}]}}