{"id":40,"date":"2020-11-24T23:21:50","date_gmt":"2020-11-24T22:21:50","guid":{"rendered":"https:\/\/cgh.com.pl\/es\/?page_id=40"},"modified":"2023-05-19T02:20:03","modified_gmt":"2023-05-19T00:20:03","slug":"cgh-rtp-pipe","status":"publish","type":"page","link":"https:\/\/cgh.com.pl\/es\/cgh-rtp-pipe","title":{"rendered":"CGH RTP pipe"},"content":{"rendered":"\n<p>CGH RTP SON tuber\u00edas flexibles de pl\u00e1stico de alta presi\u00f3n fabricadas con la tecnolog\u00eda RTP Reinforced Thermoplastic Pipes. Gracias a su fuerza y eficiencia est\u00e1n dise\u00f1adas para el transporte de petr\u00f3leo, gas natural, agua, CO<sup>2<\/sup> y GLP.<\/p>\n\n\n\n<p>CGH RTP PIPE de alta presi\u00f3n se diferencian frente a otras tecnolog\u00edas de este tipo por su resistencia a altas temperaturas. La construcci\u00f3n de 3 capas garantiza el aislamiento t\u00e9rmico y la transferencia de queroseno, el trenzado de fibra de aramida aumenta la resistencia a la presi\u00f3n y el recubrimiento Fortron\u00ae PPS proporciona resistencia qu\u00edmica a \u00e1cidos, alcalinos, petr\u00f3leo, gas, H<sup>2<\/sup>S, CO<sup>2<\/sup> y salmueras.<\/p>\n\n\n\n<p>Se utilizar\u00e1n tuber\u00edas de pl\u00e1stico en tuber\u00eda de inyecci\u00f3n de agua, transporte de l\u00edquidos qu\u00edmicos o en conexiones de pozos de petr\u00f3leo y gas.<\/p>\n\n\n\n<div class=\"wp-block-columns has-2-columns is-layout-flex wp-container-core-columns-is-layout-9d6595d7 wp-block-columns-is-layout-flex\">\n<div class=\"wp-block-column is-layout-flow wp-block-column-is-layout-flow\">\n<h4 class=\"wp-block-heading\"><strong>Tecnolog\u00eda cgh rtp pipe<\/strong><\/h4>\n\n\n\n<p>Tuber\u00eda CGH RTP PIPE se utilizan tanto para la construcci\u00f3n de nuevas redes en excavaciones abiertas como en tecnolog\u00edas sin excavaciones para al modernizaci\u00f3n de instalaciones existente.<\/p>\n\n\n\n<p>Nuevos materiales de pol\u00edmero<\/p>\n\n\n\n<ul class=\"wp-block-list\">\n<li>M\u00e1s durabilidad<\/li>\n\n\n\n<li>M\u00e1s rendimiento a temperaturas m\u00e1s altas<\/li>\n\n\n\n<li>Resistencia a la corrosi\u00f3n mejorada<\/li>\n\n\n\n<li>Menos fugas<\/li>\n\n\n\n<li>Tecnolog\u00eda CGH RTP PIPE<\/li>\n<\/ul>\n\n\n\n<h4 class=\"wp-block-heading\"><strong>Uso<\/strong><\/h4>\n\n\n\n<ul class=\"wp-block-list\">\n<li>Cables de conexi\u00f3n para pozos de petr\u00f3leo y gas<\/li>\n\n\n\n<li>Tubos de inyecci\u00f3n de agua<\/li>\n\n\n\n<li>Tubos de inyecci\u00f3n de CO<sup>2<\/sup><\/li>\n\n\n\n<li>Transporte de hidrocarburos y l\u00edquidos qu\u00edmicos<\/li>\n<\/ul>\n\n\n\n<h4 class=\"wp-block-heading\"><strong>Ventajas de las instalaciones de transmisi\u00f3n CGH RTP PIPE<\/strong><\/h4>\n\n\n\n<ul class=\"wp-block-list\">\n<li>Ca\u00edda de presi\u00f3n reducida en comparaci\u00f3n con el acero<\/li>\n\n\n\n<li>Mejor aislamiento t\u00e9rmico en comparaci\u00f3n con el acero<\/li>\n\n\n\n<li>Sistemas de alta presi\u00f3n en combinaci\u00f3n con pe<\/li>\n\n\n\n<li>Excelentes propiedades de resistencia qu\u00edmica<\/li>\n\n\n\n<li>No hay problemas con adherencia de queroseno o incrustaci\u00f3n<\/li>\n\n\n\n<li>Tiempo y costo de instalaci\u00f3n reducidos<\/li>\n\n\n\n<li>Resistencia a altas temperaturas<\/li>\n<\/ul>\n<\/div>\n\n\n\n<div class=\"wp-block-column is-layout-flow wp-block-column-is-layout-flow\">\n<figure class=\"wp-block-image size-full\"><img decoding=\"async\" width=\"442\" height=\"369\" data-src=\"https:\/\/cgh.com.pl\/es\/wp-content\/uploads\/2022\/02\/CGH-RTP_PIPE-500m.jpg\" alt=\"CGH RTP pipe\" class=\"wp-image-2791 img-fluid lazyload\" title=\"CGH RTP pipe\" data-srcset=\"https:\/\/cgh.com.pl\/es\/wp-content\/uploads\/2022\/02\/CGH-RTP_PIPE-500m.jpg 442w, https:\/\/cgh.com.pl\/es\/wp-content\/uploads\/2022\/02\/CGH-RTP_PIPE-500m-300x250.jpg 300w\" data-sizes=\"(max-width: 442px) 100vw, 442px\" src=\"data:image\/svg+xml;base64,PHN2ZyB3aWR0aD0iMSIgaGVpZ2h0PSIxIiB4bWxucz0iaHR0cDovL3d3dy53My5vcmcvMjAwMC9zdmciPjwvc3ZnPg==\" style=\"--smush-placeholder-width: 442px; --smush-placeholder-aspect-ratio: 442\/369;\" \/><\/figure>\n<\/div>\n<\/div>\n","protected":false},"excerpt":{"rendered":"<p>CGH RTP SON tuber\u00edas flexibles de pl\u00e1stico de alta presi\u00f3n fabricadas con la tecnolog\u00eda RTP Reinforced Thermoplastic Pipes. Gracias a su fuerza y eficiencia est\u00e1n dise\u00f1adas para el transporte de petr\u00f3leo, gas natural, agua, CO2 y GLP. CGH RTP PIPE de alta presi\u00f3n se diferencian frente a otras tecnolog\u00edas de este tipo por su resistencia [&hellip;]?<\/p>\n","protected":false},"author":1,"featured_media":0,"parent":0,"menu_order":0,"comment_status":"closed","ping_status":"closed","template":"page-products-with-second-menu.php","meta":{"_acf_changed":false,"footnotes":""},"class_list":["post-40","page","type-page","status-publish","hentry"],"acf":[],"yoast_head":"<!-- This site is optimized with the Yoast SEO plugin v26.1.1 - https:\/\/yoast.com\/wordpress\/plugins\/seo\/ -->\n<title>CGH RTP pipe - CGH Group Sp. z o.o.<\/title>\n<meta name=\"robots\" content=\"index, follow, max-snippet:-1, max-image-preview:large, max-video-preview:-1\" \/>\n<link rel=\"canonical\" href=\"https:\/\/cgh.com.pl\/es\/cgh-rtp-pipe\" \/>\n<meta property=\"og:locale\" content=\"es_ES\" \/>\n<meta property=\"og:type\" content=\"article\" \/>\n<meta property=\"og:title\" content=\"CGH RTP pipe - CGH Group Sp. z o.o.\" \/>\n<meta property=\"og:description\" content=\"CGH RTP SON tuber\u00edas flexibles de pl\u00e1stico de alta presi\u00f3n fabricadas con la tecnolog\u00eda RTP Reinforced Thermoplastic Pipes. Gracias a su fuerza y eficiencia est\u00e1n dise\u00f1adas para el transporte de petr\u00f3leo, gas natural, agua, CO2 y GLP. CGH RTP PIPE de alta presi\u00f3n se diferencian frente a otras tecnolog\u00edas de este tipo por su resistencia [&hellip;]?\" \/>\n<meta property=\"og:url\" content=\"https:\/\/cgh.com.pl\/es\/cgh-rtp-pipe\" \/>\n<meta property=\"og:site_name\" content=\"CGH Group Sp. z o.o.\" \/>\n<meta property=\"article:publisher\" content=\"https:\/\/www.facebook.com\/cghpolska\" \/>\n<meta property=\"article:modified_time\" content=\"2023-05-19T00:20:03+00:00\" \/>\n<meta property=\"og:image\" content=\"https:\/\/cgh.com.pl\/es\/wp-content\/uploads\/2022\/02\/CGH-RTP_PIPE-500m.jpg\" \/>\n<meta name=\"twitter:card\" content=\"summary_large_image\" \/>\n<meta name=\"twitter:label1\" content=\"Tiempo de lectura\" \/>\n\t<meta name=\"twitter:data1\" content=\"2 minutos\" \/>\n<script type=\"application\/ld+json\" class=\"yoast-schema-graph\">{\"@context\":\"https:\/\/schema.org\",\"@graph\":[{\"@type\":\"WebPage\",\"@id\":\"https:\/\/cgh.com.pl\/es\/cgh-rtp-pipe\",\"url\":\"https:\/\/cgh.com.pl\/es\/cgh-rtp-pipe\",\"name\":\"CGH RTP pipe - CGH Group Sp. z o.o.\",\"isPartOf\":{\"@id\":\"https:\/\/cgh.com.pl\/es\/#website\"},\"primaryImageOfPage\":{\"@id\":\"https:\/\/cgh.com.pl\/es\/cgh-rtp-pipe#primaryimage\"},\"image\":{\"@id\":\"https:\/\/cgh.com.pl\/es\/cgh-rtp-pipe#primaryimage\"},\"thumbnailUrl\":\"https:\/\/cgh.com.pl\/es\/wp-content\/uploads\/2022\/02\/CGH-RTP_PIPE-500m.jpg\",\"datePublished\":\"2020-11-24T22:21:50+00:00\",\"dateModified\":\"2023-05-19T00:20:03+00:00\",\"breadcrumb\":{\"@id\":\"https:\/\/cgh.com.pl\/es\/cgh-rtp-pipe#breadcrumb\"},\"inLanguage\":\"es\",\"potentialAction\":[{\"@type\":\"ReadAction\",\"target\":[\"https:\/\/cgh.com.pl\/es\/cgh-rtp-pipe\"]}]},{\"@type\":\"ImageObject\",\"inLanguage\":\"es\",\"@id\":\"https:\/\/cgh.com.pl\/es\/cgh-rtp-pipe#primaryimage\",\"url\":\"https:\/\/cgh.com.pl\/es\/wp-content\/uploads\/2022\/02\/CGH-RTP_PIPE-500m.jpg\",\"contentUrl\":\"https:\/\/cgh.com.pl\/es\/wp-content\/uploads\/2022\/02\/CGH-RTP_PIPE-500m.jpg\",\"width\":442,\"height\":369,\"caption\":\"CGH RTP PIPE 500m\"},{\"@type\":\"BreadcrumbList\",\"@id\":\"https:\/\/cgh.com.pl\/es\/cgh-rtp-pipe#breadcrumb\",\"itemListElement\":[{\"@type\":\"ListItem\",\"position\":1,\"name\":\"Strona g\u0142\u00f3wna\",\"item\":\"https:\/\/cgh.com.pl\/es\/\"},{\"@type\":\"ListItem\",\"position\":2,\"name\":\"CGH RTP pipe\"}]},{\"@type\":\"WebSite\",\"@id\":\"https:\/\/cgh.com.pl\/es\/#website\",\"url\":\"https:\/\/cgh.com.pl\/es\/\",\"name\":\"CGH Group Sp. z o.o.\",\"description\":\"\",\"publisher\":{\"@id\":\"https:\/\/cgh.com.pl\/es\/#organization\"},\"alternateName\":\"Ingenier\u00eda, desarrollo y fabricaci\u00f3n de dep\u00f3sitos de GLP, industriales, combustibles, agua, a presi\u00f3n y acero inoxidable - CGH Group\",\"potentialAction\":[{\"@type\":\"SearchAction\",\"target\":{\"@type\":\"EntryPoint\",\"urlTemplate\":\"https:\/\/cgh.com.pl\/es\/?s={search_term_string}\"},\"query-input\":{\"@type\":\"PropertyValueSpecification\",\"valueRequired\":true,\"valueName\":\"search_term_string\"}}],\"inLanguage\":\"es\"},{\"@type\":\"Organization\",\"@id\":\"https:\/\/cgh.com.pl\/es\/#organization\",\"name\":\"CGH Group Sp. z o.o.\",\"url\":\"https:\/\/cgh.com.pl\/es\/\",\"logo\":{\"@type\":\"ImageObject\",\"inLanguage\":\"es\",\"@id\":\"https:\/\/cgh.com.pl\/es\/#\/schema\/logo\/image\/\",\"url\":\"https:\/\/cgh.com.pl\/es\/wp-content\/uploads\/2023\/05\/logoCGH.png\",\"contentUrl\":\"https:\/\/cgh.com.pl\/es\/wp-content\/uploads\/2023\/05\/logoCGH.png\",\"width\":449,\"height\":162,\"caption\":\"CGH Group Sp. z o.o.\"},\"image\":{\"@id\":\"https:\/\/cgh.com.pl\/es\/#\/schema\/logo\/image\/\"},\"sameAs\":[\"https:\/\/www.facebook.com\/cghpolska\",\"https:\/\/www.youtube.com\/channel\/UCe9uW1n0tEj_ZJOEtHIHGQw\"]}]}<\/script>\n<!-- \/ Yoast SEO plugin. -->","yoast_head_json":{"title":"CGH RTP pipe - CGH Group Sp. z o.o.","robots":{"index":"index","follow":"follow","max-snippet":"max-snippet:-1","max-image-preview":"max-image-preview:large","max-video-preview":"max-video-preview:-1"},"canonical":"https:\/\/cgh.com.pl\/es\/cgh-rtp-pipe","og_locale":"es_ES","og_type":"article","og_title":"CGH RTP pipe - CGH Group Sp. z o.o.","og_description":"CGH RTP SON tuber\u00edas flexibles de pl\u00e1stico de alta presi\u00f3n fabricadas con la tecnolog\u00eda RTP Reinforced Thermoplastic Pipes. Gracias a su fuerza y eficiencia est\u00e1n dise\u00f1adas para el transporte de petr\u00f3leo, gas natural, agua, CO2 y GLP. CGH RTP PIPE de alta presi\u00f3n se diferencian frente a otras tecnolog\u00edas de este tipo por su resistencia [&hellip;]?","og_url":"https:\/\/cgh.com.pl\/es\/cgh-rtp-pipe","og_site_name":"CGH Group Sp. z o.o.","article_publisher":"https:\/\/www.facebook.com\/cghpolska","article_modified_time":"2023-05-19T00:20:03+00:00","og_image":[{"url":"https:\/\/cgh.com.pl\/es\/wp-content\/uploads\/2022\/02\/CGH-RTP_PIPE-500m.jpg","type":"","width":"","height":""}],"twitter_card":"summary_large_image","twitter_misc":{"Tiempo de lectura":"2 minutos"},"schema":{"@context":"https:\/\/schema.org","@graph":[{"@type":"WebPage","@id":"https:\/\/cgh.com.pl\/es\/cgh-rtp-pipe","url":"https:\/\/cgh.com.pl\/es\/cgh-rtp-pipe","name":"CGH RTP pipe - CGH Group Sp. z o.o.","isPartOf":{"@id":"https:\/\/cgh.com.pl\/es\/#website"},"primaryImageOfPage":{"@id":"https:\/\/cgh.com.pl\/es\/cgh-rtp-pipe#primaryimage"},"image":{"@id":"https:\/\/cgh.com.pl\/es\/cgh-rtp-pipe#primaryimage"},"thumbnailUrl":"https:\/\/cgh.com.pl\/es\/wp-content\/uploads\/2022\/02\/CGH-RTP_PIPE-500m.jpg","datePublished":"2020-11-24T22:21:50+00:00","dateModified":"2023-05-19T00:20:03+00:00","breadcrumb":{"@id":"https:\/\/cgh.com.pl\/es\/cgh-rtp-pipe#breadcrumb"},"inLanguage":"es","potentialAction":[{"@type":"ReadAction","target":["https:\/\/cgh.com.pl\/es\/cgh-rtp-pipe"]}]},{"@type":"ImageObject","inLanguage":"es","@id":"https:\/\/cgh.com.pl\/es\/cgh-rtp-pipe#primaryimage","url":"https:\/\/cgh.com.pl\/es\/wp-content\/uploads\/2022\/02\/CGH-RTP_PIPE-500m.jpg","contentUrl":"https:\/\/cgh.com.pl\/es\/wp-content\/uploads\/2022\/02\/CGH-RTP_PIPE-500m.jpg","width":442,"height":369,"caption":"CGH RTP PIPE 500m"},{"@type":"BreadcrumbList","@id":"https:\/\/cgh.com.pl\/es\/cgh-rtp-pipe#breadcrumb","itemListElement":[{"@type":"ListItem","position":1,"name":"Strona g\u0142\u00f3wna","item":"https:\/\/cgh.com.pl\/es\/"},{"@type":"ListItem","position":2,"name":"CGH RTP pipe"}]},{"@type":"WebSite","@id":"https:\/\/cgh.com.pl\/es\/#website","url":"https:\/\/cgh.com.pl\/es\/","name":"CGH Group Sp. z o.o.","description":"","publisher":{"@id":"https:\/\/cgh.com.pl\/es\/#organization"},"alternateName":"Ingenier\u00eda, desarrollo y fabricaci\u00f3n de dep\u00f3sitos de GLP, industriales, combustibles, agua, a presi\u00f3n y acero inoxidable - CGH Group","potentialAction":[{"@type":"SearchAction","target":{"@type":"EntryPoint","urlTemplate":"https:\/\/cgh.com.pl\/es\/?s={search_term_string}"},"query-input":{"@type":"PropertyValueSpecification","valueRequired":true,"valueName":"search_term_string"}}],"inLanguage":"es"},{"@type":"Organization","@id":"https:\/\/cgh.com.pl\/es\/#organization","name":"CGH Group Sp. z o.o.","url":"https:\/\/cgh.com.pl\/es\/","logo":{"@type":"ImageObject","inLanguage":"es","@id":"https:\/\/cgh.com.pl\/es\/#\/schema\/logo\/image\/","url":"https:\/\/cgh.com.pl\/es\/wp-content\/uploads\/2023\/05\/logoCGH.png","contentUrl":"https:\/\/cgh.com.pl\/es\/wp-content\/uploads\/2023\/05\/logoCGH.png","width":449,"height":162,"caption":"CGH Group Sp. z o.o."},"image":{"@id":"https:\/\/cgh.com.pl\/es\/#\/schema\/logo\/image\/"},"sameAs":["https:\/\/www.facebook.com\/cghpolska","https:\/\/www.youtube.com\/channel\/UCe9uW1n0tEj_ZJOEtHIHGQw"]}]}},"_links":{"self":[{"href":"https:\/\/cgh.com.pl\/es\/wp-json\/wp\/v2\/pages\/40","targetHints":{"allow":["GET"]}}],"collection":[{"href":"https:\/\/cgh.com.pl\/es\/wp-json\/wp\/v2\/pages"}],"about":[{"href":"https:\/\/cgh.com.pl\/es\/wp-json\/wp\/v2\/types\/page"}],"author":[{"embeddable":true,"href":"https:\/\/cgh.com.pl\/es\/wp-json\/wp\/v2\/users\/1"}],"replies":[{"embeddable":true,"href":"https:\/\/cgh.com.pl\/es\/wp-json\/wp\/v2\/comments?post=40"}],"version-history":[{"count":19,"href":"https:\/\/cgh.com.pl\/es\/wp-json\/wp\/v2\/pages\/40\/revisions"}],"predecessor-version":[{"id":4853,"href":"https:\/\/cgh.com.pl\/es\/wp-json\/wp\/v2\/pages\/40\/revisions\/4853"}],"wp:attachment":[{"href":"https:\/\/cgh.com.pl\/es\/wp-json\/wp\/v2\/media?parent=40"}],"curies":[{"name":"wp","href":"https:\/\/api.w.org\/{rel}","templated":true}]}}