{"id":428,"date":"2020-12-07T21:27:11","date_gmt":"2020-12-07T20:27:11","guid":{"rendered":"https:\/\/cgh.com.pl\/es\/?page_id=428"},"modified":"2023-03-01T22:02:44","modified_gmt":"2023-03-01T21:02:44","slug":"pozos-compuestos-sm5533-sm5542","status":"publish","type":"page","link":"https:\/\/cgh.com.pl\/es\/accesories\/kits-de-rampa-pozo-y-tapa\/pozos-compuestos-sm5533-sm5542","title":{"rendered":"Pozos compuestos SM5533, SM5542"},"content":{"rendered":"\n<div class=\"wp-block-columns has-2-columns is-layout-flex wp-container-core-columns-is-layout-9d6595d7 wp-block-columns-is-layout-flex\">\n<div class=\"wp-block-column is-layout-flow wp-block-column-is-layout-flow\"><div class=\"wp-block-image\">\n<figure class=\"aligncenter\"><img decoding=\"async\" width=\"360\" height=\"240\" data-src=\"https:\/\/cgh.com.pl\/es\/wp-content\/uploads\/2021\/06\/composite-tank-sumps-sm5533-sm5542-2.jpg\" alt=\"Pozos  compuestos SM5533, SM5542\" class=\"wp-image-1745 img-fluid lazyload\" title=\"SM5533, SM5542 composite sumps\" data-srcset=\"https:\/\/cgh.com.pl\/es\/wp-content\/uploads\/2021\/06\/composite-tank-sumps-sm5533-sm5542-2.jpg 360w, https:\/\/cgh.com.pl\/es\/wp-content\/uploads\/2021\/06\/composite-tank-sumps-sm5533-sm5542-2-300x200.jpg 300w\" data-sizes=\"(max-width: 360px) 100vw, 360px\" src=\"data:image\/svg+xml;base64,PHN2ZyB3aWR0aD0iMSIgaGVpZ2h0PSIxIiB4bWxucz0iaHR0cDovL3d3dy53My5vcmcvMjAwMC9zdmciPjwvc3ZnPg==\" style=\"--smush-placeholder-width: 360px; --smush-placeholder-aspect-ratio: 360\/240;\" \/><\/figure><\/div>\n\n\n<div class=\"wp-block-columns has-3-columns is-layout-flex wp-container-core-columns-is-layout-9d6595d7 wp-block-columns-is-layout-flex\">\n<div class=\"wp-block-column is-layout-flow wp-block-column-is-layout-flow\">\n<div class=\"first-zoom-photo-alone\"><img src=https:\/\/cgh.com.pl\/es\/wp-content\/uploads\/2022\/03\/Composite-tank-sumps-SM5533_SM5542.png\" alt=\"SM5533, SM5542 composite sumps\">\n<\/div>\n<\/div>\n\n\n\n<div class=\"wp-block-column is-layout-flow wp-block-column-is-layout-flow\">\n<iframe data-src=\"https:\/\/www.youtube.com\/embed\/NSzCLZq-XAc\" allowfullscreen=\"allowfullscreen\" frameborder=\"0\" src=\"data:image\/svg+xml;base64,PHN2ZyB3aWR0aD0iMSIgaGVpZ2h0PSIxIiB4bWxucz0iaHR0cDovL3d3dy53My5vcmcvMjAwMC9zdmciPjwvc3ZnPg==\" class=\"lazyload\" data-load-mode=\"1\"><\/iframe>\n<\/div>\n\n\n\n<div class=\"wp-block-column is-layout-flow wp-block-column-is-layout-flow\">\n<iframe data-src=\"https:\/\/www.youtube.com\/embed\/-6Enfumqxcs\" allow=\"accelerometer; autoplay; clipboard-write; encrypted-media; gyroscope; picture-in-picture\" allowfullscreen=\"\" frameborder=\"0\" src=\"data:image\/svg+xml;base64,PHN2ZyB3aWR0aD0iMSIgaGVpZ2h0PSIxIiB4bWxucz0iaHR0cDovL3d3dy53My5vcmcvMjAwMC9zdmciPjwvc3ZnPg==\" class=\"lazyload\" data-load-mode=\"1\"><\/iframe>\n<\/div>\n<\/div>\n<\/div>\n\n\n\n<div class=\"wp-block-column is-layout-flow wp-block-column-is-layout-flow\">\n<p><strong><strong><strong>Informaci\u00f3n del producto<\/strong><\/strong><\/strong><\/p>\n\n\n\n<p><strong><strong><strong>Pozos de dep\u00f3sitos compuestos de la serie SM<\/strong><\/strong><\/strong><\/p>\n\n\n\n<p>Los pozos de dep\u00f3sitos CGH hechos de HDPE brindan una protecci\u00f3n confiable y herm\u00e9tica para la c\u00e1mara y la cubierta del dep\u00f3sito. La forma est\u00e1 optimizada para accesibilidad, rigidez y facilidad de instalaci\u00f3n y entrada de conexi\u00f3n de tuber\u00eda.<\/p>\n\n\n<div class=\"wp-block-image\">\n<figure class=\"alignleft size-full\"><img decoding=\"async\" width=\"22\" height=\"21\" data-src=\"https:\/\/cgh.com.pl\/es\/wp-content\/uploads\/2022\/11\/good.png\" alt=\"\" class=\"wp-image-4384 img-fluid lazyload\" src=\"data:image\/svg+xml;base64,PHN2ZyB3aWR0aD0iMSIgaGVpZ2h0PSIxIiB4bWxucz0iaHR0cDovL3d3dy53My5vcmcvMjAwMC9zdmciPjwvc3ZnPg==\" style=\"--smush-placeholder-width: 22px; --smush-placeholder-aspect-ratio: 22\/21;\" \/><\/figure><\/div>\n\n\n<p><strong><strong><strong>Ventajas del dispositivo<\/strong><\/strong><\/strong><\/p>\n\n\n\n<ul class=\"wp-block-list\">\n<li>Cuello regulable en altura seg\u00fan la profundidad del dep\u00f3sito<\/li>\n\n\n\n<li>No se necesitan herramientas o equipos especiales para la instalaci\u00f3n.<\/li>\n\n\n\n<li>Gran \u00e1rea para todas las entradas de conexi\u00f3n de tuber\u00edas requeridas<\/li>\n<\/ul>\n\n\n\n<p>No se corroen y no requieren protecci\u00f3n contra la corrosi\u00f3n despu\u00e9s del trabajo de montaje.<\/p>\n\n\n<div class=\"wp-block-image\">\n<figure class=\"alignleft size-full\"><img decoding=\"async\" width=\"22\" height=\"22\" data-src=\"https:\/\/cgh.com.pl\/es\/wp-content\/uploads\/2022\/11\/advantage.png\" alt=\"\" class=\"wp-image-4385 img-fluid lazyload\" src=\"data:image\/svg+xml;base64,PHN2ZyB3aWR0aD0iMSIgaGVpZ2h0PSIxIiB4bWxucz0iaHR0cDovL3d3dy53My5vcmcvMjAwMC9zdmciPjwvc3ZnPg==\" style=\"--smush-placeholder-width: 22px; --smush-placeholder-aspect-ratio: 22\/22;\" \/><\/figure><\/div>\n\n\n<p><strong><strong><strong>Informaci\u00f3n t\u00e9cnica<\/strong><\/strong><\/strong><\/p>\n\n\n\n<ul class=\"wp-block-list\">\n<li>Pozo de pared gruesa hecha de HDPE<\/li>\n\n\n\n<li>Forma octogonal y grandes paredes planas para conectar tuber\u00edas desde 8 direcciones<\/li>\n\n\n\n<li>Dos tama\u00f1os de pozo, SM5533 m\u00e1s peque\u00f1a con cuello de di\u00e1metro exterior de 820 mm, h=1295 mm y SM5542 m\u00e1s grande con cuello de di\u00e1metro exterior de 1005 mm, h=1272 mm<\/li>\n\n\n\n<li>Recorte cuadrado o redondo para brazolas con orificios para pernos o fondo s\u00f3lido<\/li>\n<\/ul>\n<\/div>\n<\/div>\n","protected":false},"excerpt":{"rendered":"","protected":false},"author":1,"featured_media":0,"parent":432,"menu_order":0,"comment_status":"closed","ping_status":"closed","template":"page-products-with-second-menu.php","meta":{"_acf_changed":false,"footnotes":""},"class_list":["post-428","page","type-page","status-publish","hentry"],"acf":[],"yoast_head":"<!-- This site is optimized with the Yoast SEO plugin v26.1.1 - https:\/\/yoast.com\/wordpress\/plugins\/seo\/ -->\n<title>Pozos compuestos SM5533, SM5542 - CGH Group Sp. z o.o.<\/title>\n<meta name=\"robots\" content=\"index, follow, max-snippet:-1, max-image-preview:large, max-video-preview:-1\" \/>\n<link rel=\"canonical\" href=\"https:\/\/cgh.com.pl\/es\/accesories\/kits-de-rampa-pozo-y-tapa\/pozos-compuestos-sm5533-sm5542\" \/>\n<meta property=\"og:locale\" content=\"es_ES\" \/>\n<meta property=\"og:type\" content=\"article\" \/>\n<meta property=\"og:title\" content=\"Pozos compuestos SM5533, SM5542 - CGH Group Sp. z o.o.\" \/>\n<meta property=\"og:url\" content=\"https:\/\/cgh.com.pl\/es\/accesories\/kits-de-rampa-pozo-y-tapa\/pozos-compuestos-sm5533-sm5542\" \/>\n<meta property=\"og:site_name\" content=\"CGH Group Sp. z o.o.\" \/>\n<meta property=\"article:publisher\" content=\"https:\/\/www.facebook.com\/cghpolska\" \/>\n<meta property=\"article:modified_time\" content=\"2023-03-01T21:02:44+00:00\" \/>\n<meta property=\"og:image\" content=\"https:\/\/cgh.com.pl\/es\/wp-content\/uploads\/2021\/06\/composite-tank-sumps-sm5533-sm5542-2.jpg\" \/>\n<meta name=\"twitter:card\" content=\"summary_large_image\" \/>\n<script type=\"application\/ld+json\" class=\"yoast-schema-graph\">{\"@context\":\"https:\/\/schema.org\",\"@graph\":[{\"@type\":\"WebPage\",\"@id\":\"https:\/\/cgh.com.pl\/es\/accesories\/kits-de-rampa-pozo-y-tapa\/pozos-compuestos-sm5533-sm5542\",\"url\":\"https:\/\/cgh.com.pl\/es\/accesories\/kits-de-rampa-pozo-y-tapa\/pozos-compuestos-sm5533-sm5542\",\"name\":\"Pozos compuestos SM5533, SM5542 - CGH Group Sp. z o.o.\",\"isPartOf\":{\"@id\":\"https:\/\/cgh.com.pl\/es\/#website\"},\"primaryImageOfPage\":{\"@id\":\"https:\/\/cgh.com.pl\/es\/accesories\/kits-de-rampa-pozo-y-tapa\/pozos-compuestos-sm5533-sm5542#primaryimage\"},\"image\":{\"@id\":\"https:\/\/cgh.com.pl\/es\/accesories\/kits-de-rampa-pozo-y-tapa\/pozos-compuestos-sm5533-sm5542#primaryimage\"},\"thumbnailUrl\":\"https:\/\/cgh.com.pl\/es\/wp-content\/uploads\/2021\/06\/composite-tank-sumps-sm5533-sm5542-2.jpg\",\"datePublished\":\"2020-12-07T20:27:11+00:00\",\"dateModified\":\"2023-03-01T21:02:44+00:00\",\"breadcrumb\":{\"@id\":\"https:\/\/cgh.com.pl\/es\/accesories\/kits-de-rampa-pozo-y-tapa\/pozos-compuestos-sm5533-sm5542#breadcrumb\"},\"inLanguage\":\"es\",\"potentialAction\":[{\"@type\":\"ReadAction\",\"target\":[\"https:\/\/cgh.com.pl\/es\/accesories\/kits-de-rampa-pozo-y-tapa\/pozos-compuestos-sm5533-sm5542\"]}]},{\"@type\":\"ImageObject\",\"inLanguage\":\"es\",\"@id\":\"https:\/\/cgh.com.pl\/es\/accesories\/kits-de-rampa-pozo-y-tapa\/pozos-compuestos-sm5533-sm5542#primaryimage\",\"url\":\"https:\/\/cgh.com.pl\/es\/wp-content\/uploads\/2021\/06\/composite-tank-sumps-sm5533-sm5542-2.jpg\",\"contentUrl\":\"https:\/\/cgh.com.pl\/es\/wp-content\/uploads\/2021\/06\/composite-tank-sumps-sm5533-sm5542-2.jpg\",\"width\":360,\"height\":240,\"caption\":\"Composite tank sumps SM5533 SM5542\"},{\"@type\":\"BreadcrumbList\",\"@id\":\"https:\/\/cgh.com.pl\/es\/accesories\/kits-de-rampa-pozo-y-tapa\/pozos-compuestos-sm5533-sm5542#breadcrumb\",\"itemListElement\":[{\"@type\":\"ListItem\",\"position\":1,\"name\":\"Strona g\u0142\u00f3wna\",\"item\":\"https:\/\/cgh.com.pl\/es\/\"},{\"@type\":\"ListItem\",\"position\":2,\"name\":\"Accesorios\",\"item\":\"https:\/\/cgh.com.pl\/es\/accesories\"},{\"@type\":\"ListItem\",\"position\":3,\"name\":\"Kits de rampa, pozo y tapa\",\"item\":\"https:\/\/cgh.com.pl\/es\/accesories\/kits-de-rampa-pozo-y-tapa\"},{\"@type\":\"ListItem\",\"position\":4,\"name\":\"Pozos compuestos SM5533, SM5542\"}]},{\"@type\":\"WebSite\",\"@id\":\"https:\/\/cgh.com.pl\/es\/#website\",\"url\":\"https:\/\/cgh.com.pl\/es\/\",\"name\":\"CGH Group Sp. z o.o.\",\"description\":\"\",\"publisher\":{\"@id\":\"https:\/\/cgh.com.pl\/es\/#organization\"},\"alternateName\":\"Ingenier\u00eda, desarrollo y fabricaci\u00f3n de dep\u00f3sitos de GLP, industriales, combustibles, agua, a presi\u00f3n y acero inoxidable - CGH Group\",\"potentialAction\":[{\"@type\":\"SearchAction\",\"target\":{\"@type\":\"EntryPoint\",\"urlTemplate\":\"https:\/\/cgh.com.pl\/es\/?s={search_term_string}\"},\"query-input\":{\"@type\":\"PropertyValueSpecification\",\"valueRequired\":true,\"valueName\":\"search_term_string\"}}],\"inLanguage\":\"es\"},{\"@type\":\"Organization\",\"@id\":\"https:\/\/cgh.com.pl\/es\/#organization\",\"name\":\"CGH Group Sp. z o.o.\",\"url\":\"https:\/\/cgh.com.pl\/es\/\",\"logo\":{\"@type\":\"ImageObject\",\"inLanguage\":\"es\",\"@id\":\"https:\/\/cgh.com.pl\/es\/#\/schema\/logo\/image\/\",\"url\":\"https:\/\/cgh.com.pl\/es\/wp-content\/uploads\/2023\/05\/logoCGH.png\",\"contentUrl\":\"https:\/\/cgh.com.pl\/es\/wp-content\/uploads\/2023\/05\/logoCGH.png\",\"width\":449,\"height\":162,\"caption\":\"CGH Group Sp. z o.o.\"},\"image\":{\"@id\":\"https:\/\/cgh.com.pl\/es\/#\/schema\/logo\/image\/\"},\"sameAs\":[\"https:\/\/www.facebook.com\/cghpolska\",\"https:\/\/www.youtube.com\/channel\/UCe9uW1n0tEj_ZJOEtHIHGQw\"]}]}<\/script>\n<!-- \/ Yoast SEO plugin. -->","yoast_head_json":{"title":"Pozos compuestos SM5533, SM5542 - CGH Group Sp. z o.o.","robots":{"index":"index","follow":"follow","max-snippet":"max-snippet:-1","max-image-preview":"max-image-preview:large","max-video-preview":"max-video-preview:-1"},"canonical":"https:\/\/cgh.com.pl\/es\/accesories\/kits-de-rampa-pozo-y-tapa\/pozos-compuestos-sm5533-sm5542","og_locale":"es_ES","og_type":"article","og_title":"Pozos compuestos SM5533, SM5542 - CGH Group Sp. z o.o.","og_url":"https:\/\/cgh.com.pl\/es\/accesories\/kits-de-rampa-pozo-y-tapa\/pozos-compuestos-sm5533-sm5542","og_site_name":"CGH Group Sp. z o.o.","article_publisher":"https:\/\/www.facebook.com\/cghpolska","article_modified_time":"2023-03-01T21:02:44+00:00","og_image":[{"url":"https:\/\/cgh.com.pl\/es\/wp-content\/uploads\/2021\/06\/composite-tank-sumps-sm5533-sm5542-2.jpg","type":"","width":"","height":""}],"twitter_card":"summary_large_image","schema":{"@context":"https:\/\/schema.org","@graph":[{"@type":"WebPage","@id":"https:\/\/cgh.com.pl\/es\/accesories\/kits-de-rampa-pozo-y-tapa\/pozos-compuestos-sm5533-sm5542","url":"https:\/\/cgh.com.pl\/es\/accesories\/kits-de-rampa-pozo-y-tapa\/pozos-compuestos-sm5533-sm5542","name":"Pozos compuestos SM5533, SM5542 - CGH Group Sp. z o.o.","isPartOf":{"@id":"https:\/\/cgh.com.pl\/es\/#website"},"primaryImageOfPage":{"@id":"https:\/\/cgh.com.pl\/es\/accesories\/kits-de-rampa-pozo-y-tapa\/pozos-compuestos-sm5533-sm5542#primaryimage"},"image":{"@id":"https:\/\/cgh.com.pl\/es\/accesories\/kits-de-rampa-pozo-y-tapa\/pozos-compuestos-sm5533-sm5542#primaryimage"},"thumbnailUrl":"https:\/\/cgh.com.pl\/es\/wp-content\/uploads\/2021\/06\/composite-tank-sumps-sm5533-sm5542-2.jpg","datePublished":"2020-12-07T20:27:11+00:00","dateModified":"2023-03-01T21:02:44+00:00","breadcrumb":{"@id":"https:\/\/cgh.com.pl\/es\/accesories\/kits-de-rampa-pozo-y-tapa\/pozos-compuestos-sm5533-sm5542#breadcrumb"},"inLanguage":"es","potentialAction":[{"@type":"ReadAction","target":["https:\/\/cgh.com.pl\/es\/accesories\/kits-de-rampa-pozo-y-tapa\/pozos-compuestos-sm5533-sm5542"]}]},{"@type":"ImageObject","inLanguage":"es","@id":"https:\/\/cgh.com.pl\/es\/accesories\/kits-de-rampa-pozo-y-tapa\/pozos-compuestos-sm5533-sm5542#primaryimage","url":"https:\/\/cgh.com.pl\/es\/wp-content\/uploads\/2021\/06\/composite-tank-sumps-sm5533-sm5542-2.jpg","contentUrl":"https:\/\/cgh.com.pl\/es\/wp-content\/uploads\/2021\/06\/composite-tank-sumps-sm5533-sm5542-2.jpg","width":360,"height":240,"caption":"Composite tank sumps SM5533 SM5542"},{"@type":"BreadcrumbList","@id":"https:\/\/cgh.com.pl\/es\/accesories\/kits-de-rampa-pozo-y-tapa\/pozos-compuestos-sm5533-sm5542#breadcrumb","itemListElement":[{"@type":"ListItem","position":1,"name":"Strona g\u0142\u00f3wna","item":"https:\/\/cgh.com.pl\/es\/"},{"@type":"ListItem","position":2,"name":"Accesorios","item":"https:\/\/cgh.com.pl\/es\/accesories"},{"@type":"ListItem","position":3,"name":"Kits de rampa, pozo y tapa","item":"https:\/\/cgh.com.pl\/es\/accesories\/kits-de-rampa-pozo-y-tapa"},{"@type":"ListItem","position":4,"name":"Pozos compuestos SM5533, SM5542"}]},{"@type":"WebSite","@id":"https:\/\/cgh.com.pl\/es\/#website","url":"https:\/\/cgh.com.pl\/es\/","name":"CGH Group Sp. z o.o.","description":"","publisher":{"@id":"https:\/\/cgh.com.pl\/es\/#organization"},"alternateName":"Ingenier\u00eda, desarrollo y fabricaci\u00f3n de dep\u00f3sitos de GLP, industriales, combustibles, agua, a presi\u00f3n y acero inoxidable - CGH Group","potentialAction":[{"@type":"SearchAction","target":{"@type":"EntryPoint","urlTemplate":"https:\/\/cgh.com.pl\/es\/?s={search_term_string}"},"query-input":{"@type":"PropertyValueSpecification","valueRequired":true,"valueName":"search_term_string"}}],"inLanguage":"es"},{"@type":"Organization","@id":"https:\/\/cgh.com.pl\/es\/#organization","name":"CGH Group Sp. z o.o.","url":"https:\/\/cgh.com.pl\/es\/","logo":{"@type":"ImageObject","inLanguage":"es","@id":"https:\/\/cgh.com.pl\/es\/#\/schema\/logo\/image\/","url":"https:\/\/cgh.com.pl\/es\/wp-content\/uploads\/2023\/05\/logoCGH.png","contentUrl":"https:\/\/cgh.com.pl\/es\/wp-content\/uploads\/2023\/05\/logoCGH.png","width":449,"height":162,"caption":"CGH Group Sp. z o.o."},"image":{"@id":"https:\/\/cgh.com.pl\/es\/#\/schema\/logo\/image\/"},"sameAs":["https:\/\/www.facebook.com\/cghpolska","https:\/\/www.youtube.com\/channel\/UCe9uW1n0tEj_ZJOEtHIHGQw"]}]}},"_links":{"self":[{"href":"https:\/\/cgh.com.pl\/es\/wp-json\/wp\/v2\/pages\/428","targetHints":{"allow":["GET"]}}],"collection":[{"href":"https:\/\/cgh.com.pl\/es\/wp-json\/wp\/v2\/pages"}],"about":[{"href":"https:\/\/cgh.com.pl\/es\/wp-json\/wp\/v2\/types\/page"}],"author":[{"embeddable":true,"href":"https:\/\/cgh.com.pl\/es\/wp-json\/wp\/v2\/users\/1"}],"replies":[{"embeddable":true,"href":"https:\/\/cgh.com.pl\/es\/wp-json\/wp\/v2\/comments?post=428"}],"version-history":[{"count":13,"href":"https:\/\/cgh.com.pl\/es\/wp-json\/wp\/v2\/pages\/428\/revisions"}],"predecessor-version":[{"id":4786,"href":"https:\/\/cgh.com.pl\/es\/wp-json\/wp\/v2\/pages\/428\/revisions\/4786"}],"up":[{"embeddable":true,"href":"https:\/\/cgh.com.pl\/es\/wp-json\/wp\/v2\/pages\/432"}],"wp:attachment":[{"href":"https:\/\/cgh.com.pl\/es\/wp-json\/wp\/v2\/media?parent=428"}],"curies":[{"name":"wp","href":"https:\/\/api.w.org\/{rel}","templated":true}]}}