{"id":430,"date":"2020-12-07T21:42:29","date_gmt":"2020-12-07T20:42:29","guid":{"rendered":"https:\/\/cgh.com.pl\/es\/?page_id=430"},"modified":"2023-05-23T00:02:19","modified_gmt":"2023-05-22T22:02:19","slug":"cubiertas-compuestas-mwaypro","status":"publish","type":"page","link":"https:\/\/cgh.com.pl\/es\/accesories\/kits-de-rampa-pozo-y-tapa\/cubiertas-compuestas-mwaypro","title":{"rendered":"Cubiertas compuestas MwayPro"},"content":{"rendered":"\n<div class=\"wp-block-columns has-2-columns is-layout-flex wp-container-core-columns-is-layout-9d6595d7 wp-block-columns-is-layout-flex\">\n<div class=\"wp-block-column is-layout-flow wp-block-column-is-layout-flow\"><div class=\"wp-block-image\">\n<figure class=\"aligncenter\"><img decoding=\"async\" width=\"350\" height=\"321\" data-src=\"https:\/\/cgh.com.pl\/es\/wp-content\/uploads\/2021\/06\/street-cover-sld-3600.jpg\" alt=\"MwayPro composite covers SLD 3600 \" class=\"wp-image-1749 img-fluid lazyload\" title=\"MwayPro composite covers SLD 3600 \" data-srcset=\"https:\/\/cgh.com.pl\/es\/wp-content\/uploads\/2021\/06\/street-cover-sld-3600.jpg 350w, https:\/\/cgh.com.pl\/es\/wp-content\/uploads\/2021\/06\/street-cover-sld-3600-300x275.jpg 300w\" data-sizes=\"(max-width: 350px) 100vw, 350px\" src=\"data:image\/svg+xml;base64,PHN2ZyB3aWR0aD0iMSIgaGVpZ2h0PSIxIiB4bWxucz0iaHR0cDovL3d3dy53My5vcmcvMjAwMC9zdmciPjwvc3ZnPg==\" style=\"--smush-placeholder-width: 350px; --smush-placeholder-aspect-ratio: 350\/321;\" \/><figcaption class=\"wp-element-caption\"> SLD 3600 <\/figcaption><\/figure><\/div>\n\n\n<div class=\"wp-block-columns has-3-columns is-layout-flex wp-container-core-columns-is-layout-9d6595d7 wp-block-columns-is-layout-flex\">\n<div class=\"wp-block-column is-layout-flow wp-block-column-is-layout-flow\">\n<div class=\"first-zoom-photo-alone\"><img decoding=\"async\" data-src=\"https:\/\/cgh.com.pl\/es\/wp-content\/uploads\/2021\/06\/street-cover-SLC4200DC.jpg\" src=\"data:image\/svg+xml;base64,PHN2ZyB3aWR0aD0iMSIgaGVpZ2h0PSIxIiB4bWxucz0iaHR0cDovL3d3dy53My5vcmcvMjAwMC9zdmciPjwvc3ZnPg==\" class=\"lazyload\" style=\"--smush-placeholder-width: 360px; --smush-placeholder-aspect-ratio: 360\/240;\">SLC4200DC\n<\/div>\n<\/div>\n\n\n\n<div class=\"wp-block-column is-layout-flow wp-block-column-is-layout-flow\">\n<div class=\"first-zoom-photo-alone\"><img decoding=\"async\" data-src=\"https:\/\/cgh.com.pl\/es\/wp-content\/uploads\/2021\/06\/MwayPro.jpg\" src=\"data:image\/svg+xml;base64,PHN2ZyB3aWR0aD0iMSIgaGVpZ2h0PSIxIiB4bWxucz0iaHR0cDovL3d3dy53My5vcmcvMjAwMC9zdmciPjwvc3ZnPg==\" class=\"lazyload\" style=\"--smush-placeholder-width: 694px; --smush-placeholder-aspect-ratio: 694\/620;\">\n<\/div>\n<\/div>\n\n\n\n<div class=\"wp-block-column is-layout-flow wp-block-column-is-layout-flow\">\n<iframe data-src=\"https:\/\/www.youtube.com\/embed\/FfPjPlUMPlI\" allowfullscreen=\"allowfullscreen\" frameborder=\"0\" src=\"data:image\/svg+xml;base64,PHN2ZyB3aWR0aD0iMSIgaGVpZ2h0PSIxIiB4bWxucz0iaHR0cDovL3d3dy53My5vcmcvMjAwMC9zdmciPjwvc3ZnPg==\" class=\"lazyload\" data-load-mode=\"1\"><\/iframe>\n<\/div>\n<\/div>\n<\/div>\n\n\n\n<div class=\"wp-block-column is-layout-flow wp-block-column-is-layout-flow\">\n<p><strong><strong><strong>Informaci\u00f3n del Producto<\/strong><\/strong><\/strong><\/p>\n\n\n\n<p>El Grupo CGH dispone de una cartera de cubiertas de calle compuestas de Clase B (12,5T), C (25T) y D (40T) que se pueden utilizar para tr\u00e1fico ligero y pesado en diversos sectores y aplicaciones, por ejemplo para la instalaci\u00f3n en carreteras, aparcamientos y gasolineras a los pozos de los dep\u00f3sitos subterr\u00e1neos.<\/p>\n\n\n<div class=\"wp-block-image\">\n<figure class=\"alignleft size-full\"><img decoding=\"async\" width=\"22\" height=\"21\" data-src=\"https:\/\/cgh.com.pl\/es\/wp-content\/uploads\/2022\/11\/good.png\" alt=\"\" class=\"wp-image-4384 img-fluid lazyload\" src=\"data:image\/svg+xml;base64,PHN2ZyB3aWR0aD0iMSIgaGVpZ2h0PSIxIiB4bWxucz0iaHR0cDovL3d3dy53My5vcmcvMjAwMC9zdmciPjwvc3ZnPg==\" style=\"--smush-placeholder-width: 22px; --smush-placeholder-aspect-ratio: 22\/21;\" \/><\/figure><\/div>\n\n\n<p><strong><strong><strong><strong>Ventajas del dispositivo<\/strong><\/strong><\/strong><\/strong><\/p>\n\n\n\n<ul class=\"wp-block-list\">\n<li>superficie antideslizante<\/li>\n\n\n\n<li>Seguro<\/li>\n\n\n\n<li>bloqueable<\/li>\n\n\n\n<li>Materiales compuestos ligeros<\/li>\n\n\n\n<li>Resistente a la corrosi\u00f3n<\/li>\n\n\n\n<li>Silencioso en el tr\u00e1fico<\/li>\n\n\n\n<li>Apto para su instalaci\u00f3n en la v\u00eda p\u00fablica<\/li>\n<\/ul>\n\n\n<div class=\"wp-block-image\">\n<figure class=\"alignleft size-full\"><img decoding=\"async\" width=\"22\" height=\"22\" data-src=\"https:\/\/cgh.com.pl\/es\/wp-content\/uploads\/2022\/11\/advantage.png\" alt=\"\" class=\"wp-image-4385 img-fluid lazyload\" src=\"data:image\/svg+xml;base64,PHN2ZyB3aWR0aD0iMSIgaGVpZ2h0PSIxIiB4bWxucz0iaHR0cDovL3d3dy53My5vcmcvMjAwMC9zdmciPjwvc3ZnPg==\" style=\"--smush-placeholder-width: 22px; --smush-placeholder-aspect-ratio: 22\/22;\" \/><\/figure><\/div>\n\n\n<p><strong><strong><strong>Informaci\u00f3n t\u00e9cnica<\/strong><\/strong><\/strong><\/p>\n\n\n\n<p>Se ha desarrollado una gama completamente nueva de tapas de registro compuestas MwayPro utilizando la tecnolog\u00eda patentada Thrubeam\u00ae.<\/p>\n\n\n\n<p>Nuestras cubiertas y marcos MwayPro son ligeros, fuertes y duraderos para cumplir con los requisitos de instalaci\u00f3n en \u00e1reas viales, peatonales e industriales. Gracias al bajo peso, es posible el manejo por una sola persona. Gracias a las propiedades de los materiales compuestos, los productos MwayPro pueden instalarse en lugares exigentes y utilizarse en empresas de servicios p\u00fablicos, gasolineras, f\u00e1bricas y obras de construcci\u00f3n con contratistas y desarrolladores principales.<\/p>\n\n\n\n<p>Todas las cubiertas compuestas se prueban de acuerdo con EN124: 1994, tenemos resultados de pruebas para todas las propiedades f\u00edsicas para las que est\u00e1n dise\u00f1adas las cubiertas.<\/p>\n<\/div>\n<\/div>\n","protected":false},"excerpt":{"rendered":"<p>SLC4200DC Informaci\u00f3n del Producto El Grupo CGH dispone de una cartera de cubiertas de calle compuestas de Clase B (12,5T), C (25T) y D (40T) que se pueden utilizar para tr\u00e1fico ligero y pesado en diversos sectores y aplicaciones, por ejemplo para la instalaci\u00f3n en carreteras, aparcamientos y gasolineras a los pozos de los dep\u00f3sitos [&hellip;]?<\/p>\n","protected":false},"author":1,"featured_media":0,"parent":432,"menu_order":0,"comment_status":"closed","ping_status":"closed","template":"page-products-with-second-menu.php","meta":{"_acf_changed":false,"footnotes":""},"class_list":["post-430","page","type-page","status-publish","hentry"],"acf":[],"yoast_head":"<!-- This site is optimized with the Yoast SEO plugin v26.1.1 - https:\/\/yoast.com\/wordpress\/plugins\/seo\/ -->\n<title>Cubiertas compuestas MwayPro - CGH Group Sp. z o.o.<\/title>\n<meta name=\"description\" content=\"MwayPro composite covers - The CGH Group has a portfolio of composite street covers of class B (12.5T), C (25T) and D (40T)...\" \/>\n<meta name=\"robots\" content=\"index, follow, max-snippet:-1, max-image-preview:large, max-video-preview:-1\" \/>\n<link rel=\"canonical\" href=\"https:\/\/cgh.com.pl\/es\/accesories\/kits-de-rampa-pozo-y-tapa\/cubiertas-compuestas-mwaypro\" \/>\n<meta property=\"og:locale\" content=\"es_ES\" \/>\n<meta property=\"og:type\" content=\"article\" \/>\n<meta property=\"og:title\" content=\"Cubiertas compuestas MwayPro - CGH Group Sp. z o.o.\" \/>\n<meta property=\"og:description\" content=\"MwayPro composite covers - The CGH Group has a portfolio of composite street covers of class B (12.5T), C (25T) and D (40T)...\" \/>\n<meta property=\"og:url\" content=\"https:\/\/cgh.com.pl\/es\/accesories\/kits-de-rampa-pozo-y-tapa\/cubiertas-compuestas-mwaypro\" \/>\n<meta property=\"og:site_name\" content=\"CGH Group Sp. z o.o.\" \/>\n<meta property=\"article:publisher\" content=\"https:\/\/www.facebook.com\/cghpolska\" \/>\n<meta property=\"article:modified_time\" content=\"2023-05-22T22:02:19+00:00\" \/>\n<meta property=\"og:image\" content=\"https:\/\/cgh.com.pl\/es\/wp-content\/uploads\/2021\/06\/street-cover-sld-3600.jpg\" \/>\n<meta name=\"twitter:card\" content=\"summary_large_image\" \/>\n<meta name=\"twitter:label1\" content=\"Tiempo de lectura\" \/>\n\t<meta name=\"twitter:data1\" content=\"1 minuto\" \/>\n<script type=\"application\/ld+json\" class=\"yoast-schema-graph\">{\"@context\":\"https:\/\/schema.org\",\"@graph\":[{\"@type\":\"WebPage\",\"@id\":\"https:\/\/cgh.com.pl\/es\/accesories\/kits-de-rampa-pozo-y-tapa\/cubiertas-compuestas-mwaypro\",\"url\":\"https:\/\/cgh.com.pl\/es\/accesories\/kits-de-rampa-pozo-y-tapa\/cubiertas-compuestas-mwaypro\",\"name\":\"Cubiertas compuestas MwayPro - CGH Group Sp. z o.o.\",\"isPartOf\":{\"@id\":\"https:\/\/cgh.com.pl\/es\/#website\"},\"primaryImageOfPage\":{\"@id\":\"https:\/\/cgh.com.pl\/es\/accesories\/kits-de-rampa-pozo-y-tapa\/cubiertas-compuestas-mwaypro#primaryimage\"},\"image\":{\"@id\":\"https:\/\/cgh.com.pl\/es\/accesories\/kits-de-rampa-pozo-y-tapa\/cubiertas-compuestas-mwaypro#primaryimage\"},\"thumbnailUrl\":\"https:\/\/cgh.com.pl\/es\/wp-content\/uploads\/2021\/06\/street-cover-sld-3600.jpg\",\"datePublished\":\"2020-12-07T20:42:29+00:00\",\"dateModified\":\"2023-05-22T22:02:19+00:00\",\"description\":\"MwayPro composite covers - The CGH Group has a portfolio of composite street covers of class B (12.5T), C (25T) and D (40T)...\",\"breadcrumb\":{\"@id\":\"https:\/\/cgh.com.pl\/es\/accesories\/kits-de-rampa-pozo-y-tapa\/cubiertas-compuestas-mwaypro#breadcrumb\"},\"inLanguage\":\"es\",\"potentialAction\":[{\"@type\":\"ReadAction\",\"target\":[\"https:\/\/cgh.com.pl\/es\/accesories\/kits-de-rampa-pozo-y-tapa\/cubiertas-compuestas-mwaypro\"]}]},{\"@type\":\"ImageObject\",\"inLanguage\":\"es\",\"@id\":\"https:\/\/cgh.com.pl\/es\/accesories\/kits-de-rampa-pozo-y-tapa\/cubiertas-compuestas-mwaypro#primaryimage\",\"url\":\"https:\/\/cgh.com.pl\/es\/wp-content\/uploads\/2021\/06\/street-cover-sld-3600.jpg\",\"contentUrl\":\"https:\/\/cgh.com.pl\/es\/wp-content\/uploads\/2021\/06\/street-cover-sld-3600.jpg\",\"width\":350,\"height\":321,\"caption\":\"Street cover SLD 3600\"},{\"@type\":\"BreadcrumbList\",\"@id\":\"https:\/\/cgh.com.pl\/es\/accesories\/kits-de-rampa-pozo-y-tapa\/cubiertas-compuestas-mwaypro#breadcrumb\",\"itemListElement\":[{\"@type\":\"ListItem\",\"position\":1,\"name\":\"Strona g\u0142\u00f3wna\",\"item\":\"https:\/\/cgh.com.pl\/es\/\"},{\"@type\":\"ListItem\",\"position\":2,\"name\":\"Accesorios\",\"item\":\"https:\/\/cgh.com.pl\/es\/accesories\"},{\"@type\":\"ListItem\",\"position\":3,\"name\":\"Kits de rampa, pozo y tapa\",\"item\":\"https:\/\/cgh.com.pl\/es\/accesories\/kits-de-rampa-pozo-y-tapa\"},{\"@type\":\"ListItem\",\"position\":4,\"name\":\"Cubiertas compuestas MwayPro\"}]},{\"@type\":\"WebSite\",\"@id\":\"https:\/\/cgh.com.pl\/es\/#website\",\"url\":\"https:\/\/cgh.com.pl\/es\/\",\"name\":\"CGH Group Sp. z o.o.\",\"description\":\"\",\"publisher\":{\"@id\":\"https:\/\/cgh.com.pl\/es\/#organization\"},\"alternateName\":\"Ingenier\u00eda, desarrollo y fabricaci\u00f3n de dep\u00f3sitos de GLP, industriales, combustibles, agua, a presi\u00f3n y acero inoxidable - CGH Group\",\"potentialAction\":[{\"@type\":\"SearchAction\",\"target\":{\"@type\":\"EntryPoint\",\"urlTemplate\":\"https:\/\/cgh.com.pl\/es\/?s={search_term_string}\"},\"query-input\":{\"@type\":\"PropertyValueSpecification\",\"valueRequired\":true,\"valueName\":\"search_term_string\"}}],\"inLanguage\":\"es\"},{\"@type\":\"Organization\",\"@id\":\"https:\/\/cgh.com.pl\/es\/#organization\",\"name\":\"CGH Group Sp. z o.o.\",\"url\":\"https:\/\/cgh.com.pl\/es\/\",\"logo\":{\"@type\":\"ImageObject\",\"inLanguage\":\"es\",\"@id\":\"https:\/\/cgh.com.pl\/es\/#\/schema\/logo\/image\/\",\"url\":\"https:\/\/cgh.com.pl\/es\/wp-content\/uploads\/2023\/05\/logoCGH.png\",\"contentUrl\":\"https:\/\/cgh.com.pl\/es\/wp-content\/uploads\/2023\/05\/logoCGH.png\",\"width\":449,\"height\":162,\"caption\":\"CGH Group Sp. z o.o.\"},\"image\":{\"@id\":\"https:\/\/cgh.com.pl\/es\/#\/schema\/logo\/image\/\"},\"sameAs\":[\"https:\/\/www.facebook.com\/cghpolska\",\"https:\/\/www.youtube.com\/channel\/UCe9uW1n0tEj_ZJOEtHIHGQw\"]}]}<\/script>\n<!-- \/ Yoast SEO plugin. -->","yoast_head_json":{"title":"Cubiertas compuestas MwayPro - CGH Group Sp. z o.o.","description":"MwayPro composite covers - The CGH Group has a portfolio of composite street covers of class B (12.5T), C (25T) and D (40T)...","robots":{"index":"index","follow":"follow","max-snippet":"max-snippet:-1","max-image-preview":"max-image-preview:large","max-video-preview":"max-video-preview:-1"},"canonical":"https:\/\/cgh.com.pl\/es\/accesories\/kits-de-rampa-pozo-y-tapa\/cubiertas-compuestas-mwaypro","og_locale":"es_ES","og_type":"article","og_title":"Cubiertas compuestas MwayPro - CGH Group Sp. z o.o.","og_description":"MwayPro composite covers - The CGH Group has a portfolio of composite street covers of class B (12.5T), C (25T) and D (40T)...","og_url":"https:\/\/cgh.com.pl\/es\/accesories\/kits-de-rampa-pozo-y-tapa\/cubiertas-compuestas-mwaypro","og_site_name":"CGH Group Sp. z o.o.","article_publisher":"https:\/\/www.facebook.com\/cghpolska","article_modified_time":"2023-05-22T22:02:19+00:00","og_image":[{"url":"https:\/\/cgh.com.pl\/es\/wp-content\/uploads\/2021\/06\/street-cover-sld-3600.jpg","type":"","width":"","height":""}],"twitter_card":"summary_large_image","twitter_misc":{"Tiempo de lectura":"1 minuto"},"schema":{"@context":"https:\/\/schema.org","@graph":[{"@type":"WebPage","@id":"https:\/\/cgh.com.pl\/es\/accesories\/kits-de-rampa-pozo-y-tapa\/cubiertas-compuestas-mwaypro","url":"https:\/\/cgh.com.pl\/es\/accesories\/kits-de-rampa-pozo-y-tapa\/cubiertas-compuestas-mwaypro","name":"Cubiertas compuestas MwayPro - CGH Group Sp. z o.o.","isPartOf":{"@id":"https:\/\/cgh.com.pl\/es\/#website"},"primaryImageOfPage":{"@id":"https:\/\/cgh.com.pl\/es\/accesories\/kits-de-rampa-pozo-y-tapa\/cubiertas-compuestas-mwaypro#primaryimage"},"image":{"@id":"https:\/\/cgh.com.pl\/es\/accesories\/kits-de-rampa-pozo-y-tapa\/cubiertas-compuestas-mwaypro#primaryimage"},"thumbnailUrl":"https:\/\/cgh.com.pl\/es\/wp-content\/uploads\/2021\/06\/street-cover-sld-3600.jpg","datePublished":"2020-12-07T20:42:29+00:00","dateModified":"2023-05-22T22:02:19+00:00","description":"MwayPro composite covers - The CGH Group has a portfolio of composite street covers of class B (12.5T), C (25T) and D (40T)...","breadcrumb":{"@id":"https:\/\/cgh.com.pl\/es\/accesories\/kits-de-rampa-pozo-y-tapa\/cubiertas-compuestas-mwaypro#breadcrumb"},"inLanguage":"es","potentialAction":[{"@type":"ReadAction","target":["https:\/\/cgh.com.pl\/es\/accesories\/kits-de-rampa-pozo-y-tapa\/cubiertas-compuestas-mwaypro"]}]},{"@type":"ImageObject","inLanguage":"es","@id":"https:\/\/cgh.com.pl\/es\/accesories\/kits-de-rampa-pozo-y-tapa\/cubiertas-compuestas-mwaypro#primaryimage","url":"https:\/\/cgh.com.pl\/es\/wp-content\/uploads\/2021\/06\/street-cover-sld-3600.jpg","contentUrl":"https:\/\/cgh.com.pl\/es\/wp-content\/uploads\/2021\/06\/street-cover-sld-3600.jpg","width":350,"height":321,"caption":"Street cover SLD 3600"},{"@type":"BreadcrumbList","@id":"https:\/\/cgh.com.pl\/es\/accesories\/kits-de-rampa-pozo-y-tapa\/cubiertas-compuestas-mwaypro#breadcrumb","itemListElement":[{"@type":"ListItem","position":1,"name":"Strona g\u0142\u00f3wna","item":"https:\/\/cgh.com.pl\/es\/"},{"@type":"ListItem","position":2,"name":"Accesorios","item":"https:\/\/cgh.com.pl\/es\/accesories"},{"@type":"ListItem","position":3,"name":"Kits de rampa, pozo y tapa","item":"https:\/\/cgh.com.pl\/es\/accesories\/kits-de-rampa-pozo-y-tapa"},{"@type":"ListItem","position":4,"name":"Cubiertas compuestas MwayPro"}]},{"@type":"WebSite","@id":"https:\/\/cgh.com.pl\/es\/#website","url":"https:\/\/cgh.com.pl\/es\/","name":"CGH Group Sp. z o.o.","description":"","publisher":{"@id":"https:\/\/cgh.com.pl\/es\/#organization"},"alternateName":"Ingenier\u00eda, desarrollo y fabricaci\u00f3n de dep\u00f3sitos de GLP, industriales, combustibles, agua, a presi\u00f3n y acero inoxidable - CGH Group","potentialAction":[{"@type":"SearchAction","target":{"@type":"EntryPoint","urlTemplate":"https:\/\/cgh.com.pl\/es\/?s={search_term_string}"},"query-input":{"@type":"PropertyValueSpecification","valueRequired":true,"valueName":"search_term_string"}}],"inLanguage":"es"},{"@type":"Organization","@id":"https:\/\/cgh.com.pl\/es\/#organization","name":"CGH Group Sp. z o.o.","url":"https:\/\/cgh.com.pl\/es\/","logo":{"@type":"ImageObject","inLanguage":"es","@id":"https:\/\/cgh.com.pl\/es\/#\/schema\/logo\/image\/","url":"https:\/\/cgh.com.pl\/es\/wp-content\/uploads\/2023\/05\/logoCGH.png","contentUrl":"https:\/\/cgh.com.pl\/es\/wp-content\/uploads\/2023\/05\/logoCGH.png","width":449,"height":162,"caption":"CGH Group Sp. z o.o."},"image":{"@id":"https:\/\/cgh.com.pl\/es\/#\/schema\/logo\/image\/"},"sameAs":["https:\/\/www.facebook.com\/cghpolska","https:\/\/www.youtube.com\/channel\/UCe9uW1n0tEj_ZJOEtHIHGQw"]}]}},"_links":{"self":[{"href":"https:\/\/cgh.com.pl\/es\/wp-json\/wp\/v2\/pages\/430","targetHints":{"allow":["GET"]}}],"collection":[{"href":"https:\/\/cgh.com.pl\/es\/wp-json\/wp\/v2\/pages"}],"about":[{"href":"https:\/\/cgh.com.pl\/es\/wp-json\/wp\/v2\/types\/page"}],"author":[{"embeddable":true,"href":"https:\/\/cgh.com.pl\/es\/wp-json\/wp\/v2\/users\/1"}],"replies":[{"embeddable":true,"href":"https:\/\/cgh.com.pl\/es\/wp-json\/wp\/v2\/comments?post=430"}],"version-history":[{"count":11,"href":"https:\/\/cgh.com.pl\/es\/wp-json\/wp\/v2\/pages\/430\/revisions"}],"predecessor-version":[{"id":5067,"href":"https:\/\/cgh.com.pl\/es\/wp-json\/wp\/v2\/pages\/430\/revisions\/5067"}],"up":[{"embeddable":true,"href":"https:\/\/cgh.com.pl\/es\/wp-json\/wp\/v2\/pages\/432"}],"wp:attachment":[{"href":"https:\/\/cgh.com.pl\/es\/wp-json\/wp\/v2\/media?parent=430"}],"curies":[{"name":"wp","href":"https:\/\/api.w.org\/{rel}","templated":true}]}}