{"id":432,"date":"2020-12-07T21:46:06","date_gmt":"2020-12-07T20:46:06","guid":{"rendered":"https:\/\/cgh.com.pl\/es\/?page_id=432"},"modified":"2023-05-29T10:21:07","modified_gmt":"2023-05-29T08:21:07","slug":"kits-de-rampa-pozo-y-tapa","status":"publish","type":"page","link":"https:\/\/cgh.com.pl\/es\/accesories\/kits-de-rampa-pozo-y-tapa","title":{"rendered":"Kits de rampa, pozo y tapa"},"content":{"rendered":"\n<p>La empresa CGH ofrece las siguientes soluciones para conjuntos de rampas.<\/p>\n\n\n\n<div class=\"wp-block-columns has-6-columns is-layout-flex wp-container-core-columns-is-layout-9d6595d7 wp-block-columns-is-layout-flex\">\n<div class=\"wp-block-column is-layout-flow wp-block-column-is-layout-flow\">\n<figure class=\"wp-block-image\"><a href=\"https:\/\/cgh.com.pl\/es\/accesories\/kits-de-rampa-pozo-y-tapa\/pozos-compuestos-sm5533-sm5542\"><img decoding=\"async\" width=\"360\" height=\"240\" data-src=\"https:\/\/cgh.com.pl\/es\/wp-content\/uploads\/2021\/06\/composite-tank-sumps-sm5533-sm5542-2.jpg\" alt=\"Studzienki kompozytowe SM5533, SM5542\" class=\"wp-image-1745 img-fluid lazyload\" data-srcset=\"https:\/\/cgh.com.pl\/es\/wp-content\/uploads\/2021\/06\/composite-tank-sumps-sm5533-sm5542-2.jpg 360w, https:\/\/cgh.com.pl\/es\/wp-content\/uploads\/2021\/06\/composite-tank-sumps-sm5533-sm5542-2-300x200.jpg 300w\" data-sizes=\"(max-width: 360px) 100vw, 360px\" src=\"data:image\/svg+xml;base64,PHN2ZyB3aWR0aD0iMSIgaGVpZ2h0PSIxIiB4bWxucz0iaHR0cDovL3d3dy53My5vcmcvMjAwMC9zdmciPjwvc3ZnPg==\" style=\"--smush-placeholder-width: 360px; --smush-placeholder-aspect-ratio: 360\/240;\" \/><\/a><figcaption class=\"wp-element-caption\"><a href=\"https:\/\/cgh.com.pl\/es\/accesories\/kits-de-rampa-pozo-y-tapa\/pozos-compuestos-sm5533-sm5542\">pozos compuestos SM5533, SM5542<\/a><\/figcaption><\/figure>\n<\/div>\n\n\n\n<div class=\"wp-block-column is-layout-flow wp-block-column-is-layout-flow\">\n<figure class=\"wp-block-image\"><a href=\"https:\/\/cgh.com.pl\/es\/accesories\/kits-de-rampa-pozo-y-tapa\/cubiertas-compuestas-mwaypro\"><img decoding=\"async\" width=\"360\" height=\"240\" data-src=\"https:\/\/cgh.com.pl\/es\/wp-content\/uploads\/2021\/06\/mwaypro-composite-overrun-street-covers-2.jpg\" alt=\"MWayPro Verbund-Stra\u00dfenabdeckungen\" class=\"wp-image-1728 img-fluid lazyload\" data-srcset=\"https:\/\/cgh.com.pl\/es\/wp-content\/uploads\/2021\/06\/mwaypro-composite-overrun-street-covers-2.jpg 360w, https:\/\/cgh.com.pl\/es\/wp-content\/uploads\/2021\/06\/mwaypro-composite-overrun-street-covers-2-300x200.jpg 300w\" data-sizes=\"(max-width: 360px) 100vw, 360px\" src=\"data:image\/svg+xml;base64,PHN2ZyB3aWR0aD0iMSIgaGVpZ2h0PSIxIiB4bWxucz0iaHR0cDovL3d3dy53My5vcmcvMjAwMC9zdmciPjwvc3ZnPg==\" style=\"--smush-placeholder-width: 360px; --smush-placeholder-aspect-ratio: 360\/240;\" \/><\/a><figcaption class=\"wp-element-caption\"><a href=\"https:\/\/cgh.com.pl\/es\/accesories\/kits-de-rampa-pozo-y-tapa\/cubiertas-compuestas-mwaypro\">Cubiertas compuestas MwayPro<\/a><\/figcaption><\/figure>\n<\/div>\n\n\n\n<div class=\"wp-block-column is-layout-flow wp-block-column-is-layout-flow\">\n<figure class=\"wp-block-image size-full\"><a href=\"https:\/\/cgh.com.pl\/es\/accesories\/kits-de-rampa-pozo-y-tapa\/pozos-de-rampa-tipo-na2-na3-qna4\"><img decoding=\"async\" width=\"360\" height=\"240\" data-src=\"https:\/\/cgh.com.pl\/es\/wp-content\/uploads\/2022\/02\/Steel-Tank-Sumps-NA3.jpg\" alt=\"\" class=\"wp-image-2458 img-fluid lazyload\" data-srcset=\"https:\/\/cgh.com.pl\/es\/wp-content\/uploads\/2022\/02\/Steel-Tank-Sumps-NA3.jpg 360w, https:\/\/cgh.com.pl\/es\/wp-content\/uploads\/2022\/02\/Steel-Tank-Sumps-NA3-300x200.jpg 300w\" data-sizes=\"(max-width: 360px) 100vw, 360px\" src=\"data:image\/svg+xml;base64,PHN2ZyB3aWR0aD0iMSIgaGVpZ2h0PSIxIiB4bWxucz0iaHR0cDovL3d3dy53My5vcmcvMjAwMC9zdmciPjwvc3ZnPg==\" style=\"--smush-placeholder-width: 360px; --smush-placeholder-aspect-ratio: 360\/240;\" \/><\/a><figcaption class=\"wp-element-caption\"><a href=\"https:\/\/cgh.com.pl\/es\/accesories\/kits-de-rampa-pozo-y-tapa\/pozos-de-rampa-tipo-na2-na3-qna4\" data-type=\"page\" data-id=\"436\">Pozos de rampa  tipo NA2, NA3, QNA4<\/a><\/figcaption><\/figure>\n<\/div>\n\n\n\n<div class=\"wp-block-column is-layout-flow wp-block-column-is-layout-flow\">\n<figure class=\"wp-block-image\"><a href=\"https:\/\/cgh.com.pl\/es\/accesories\/kits-de-rampa-pozo-y-tapa\/cubiertas-de-rampa-de-hormigon\"><img decoding=\"async\" width=\"360\" height=\"240\" data-src=\"https:\/\/cgh.com.pl\/es\/wp-content\/uploads\/2021\/06\/concrete-shaft-covers-typ-250-kn-920x920x250-mm.jpg\" alt=\"\" class=\"wp-image-1730 img-fluid lazyload\" data-srcset=\"https:\/\/cgh.com.pl\/es\/wp-content\/uploads\/2021\/06\/concrete-shaft-covers-typ-250-kn-920x920x250-mm.jpg 360w, https:\/\/cgh.com.pl\/es\/wp-content\/uploads\/2021\/06\/concrete-shaft-covers-typ-250-kn-920x920x250-mm-300x200.jpg 300w\" data-sizes=\"(max-width: 360px) 100vw, 360px\" src=\"data:image\/svg+xml;base64,PHN2ZyB3aWR0aD0iMSIgaGVpZ2h0PSIxIiB4bWxucz0iaHR0cDovL3d3dy53My5vcmcvMjAwMC9zdmciPjwvc3ZnPg==\" style=\"--smush-placeholder-width: 360px; --smush-placeholder-aspect-ratio: 360\/240;\" \/><\/a><figcaption class=\"wp-element-caption\"><a href=\"https:\/\/cgh.com.pl\/es\/accesories\/kits-de-rampa-pozo-y-tapa\/cubiertas-de-rampa-de-hormigon\" data-type=\"page\" data-id=\"438\">Cubiertas de rampa de hormig\u00f3n<\/a><\/figcaption><\/figure>\n<\/div>\n\n\n\n<div class=\"wp-block-column is-layout-flow wp-block-column-is-layout-flow\">\n<figure class=\"wp-block-image size-full\"><a href=\"https:\/\/cgh.com.pl\/es\/accesories\/kits-de-rampa-pozo-y-tapa\/junta-de-aislante-easy-fit\"><img decoding=\"async\" width=\"360\" height=\"240\" data-src=\"https:\/\/cgh.com.pl\/es\/wp-content\/uploads\/2020\/12\/easy-fit.jpg\" alt=\"\" class=\"wp-image-536 img-fluid lazyload\" data-srcset=\"https:\/\/cgh.com.pl\/es\/wp-content\/uploads\/2020\/12\/easy-fit.jpg 360w, https:\/\/cgh.com.pl\/es\/wp-content\/uploads\/2020\/12\/easy-fit-300x200.jpg 300w\" data-sizes=\"(max-width: 360px) 100vw, 360px\" src=\"data:image\/svg+xml;base64,PHN2ZyB3aWR0aD0iMSIgaGVpZ2h0PSIxIiB4bWxucz0iaHR0cDovL3d3dy53My5vcmcvMjAwMC9zdmciPjwvc3ZnPg==\" style=\"--smush-placeholder-width: 360px; --smush-placeholder-aspect-ratio: 360\/240;\" \/><\/a><figcaption class=\"wp-element-caption\"><a href=\"https:\/\/cgh.com.pl\/es\/accesories\/kits-de-rampa-pozo-y-tapa\/junta-de-aislante-easy-fit\" data-type=\"page\" data-id=\"440\">Junta de aislante Easy Fit<\/a><\/figcaption><\/figure>\n<\/div>\n\n\n\n<div class=\"wp-block-column is-layout-flow wp-block-column-is-layout-flow\"><\/div>\n<\/div>\n","protected":false},"excerpt":{"rendered":"<p>La empresa CGH ofrece las siguientes soluciones para conjuntos de rampas.<\/p>\n","protected":false},"author":1,"featured_media":0,"parent":38,"menu_order":0,"comment_status":"closed","ping_status":"closed","template":"page-products.php","meta":{"_acf_changed":false,"footnotes":""},"class_list":["post-432","page","type-page","status-publish","hentry"],"acf":[],"yoast_head":"<!-- This site is optimized with the Yoast SEO plugin v26.1.1 - https:\/\/yoast.com\/wordpress\/plugins\/seo\/ -->\n<title>Kits de rampa, pozo y tapa - CGH Group Sp. z o.o.<\/title>\n<meta name=\"robots\" content=\"index, follow, max-snippet:-1, max-image-preview:large, max-video-preview:-1\" \/>\n<link rel=\"canonical\" href=\"https:\/\/cgh.com.pl\/es\/accesories\/kits-de-rampa-pozo-y-tapa\" \/>\n<meta property=\"og:locale\" content=\"es_ES\" \/>\n<meta property=\"og:type\" content=\"article\" \/>\n<meta property=\"og:title\" content=\"Kits de rampa, pozo y tapa - CGH Group Sp. z o.o.\" \/>\n<meta property=\"og:description\" content=\"La empresa CGH ofrece las siguientes soluciones para conjuntos de rampas.\" \/>\n<meta property=\"og:url\" content=\"https:\/\/cgh.com.pl\/es\/accesories\/kits-de-rampa-pozo-y-tapa\" \/>\n<meta property=\"og:site_name\" content=\"CGH Group Sp. z o.o.\" \/>\n<meta property=\"article:publisher\" content=\"https:\/\/www.facebook.com\/cghpolska\" \/>\n<meta property=\"article:modified_time\" content=\"2023-05-29T08:21:07+00:00\" \/>\n<meta property=\"og:image\" content=\"https:\/\/cgh.com.pl\/es\/wp-content\/uploads\/2021\/06\/composite-tank-sumps-sm5533-sm5542-2.jpg\" \/>\n<meta name=\"twitter:card\" content=\"summary_large_image\" \/>\n<script type=\"application\/ld+json\" class=\"yoast-schema-graph\">{\"@context\":\"https:\/\/schema.org\",\"@graph\":[{\"@type\":\"WebPage\",\"@id\":\"https:\/\/cgh.com.pl\/es\/accesories\/kits-de-rampa-pozo-y-tapa\",\"url\":\"https:\/\/cgh.com.pl\/es\/accesories\/kits-de-rampa-pozo-y-tapa\",\"name\":\"Kits de rampa, pozo y tapa - CGH Group Sp. z o.o.\",\"isPartOf\":{\"@id\":\"https:\/\/cgh.com.pl\/es\/#website\"},\"primaryImageOfPage\":{\"@id\":\"https:\/\/cgh.com.pl\/es\/accesories\/kits-de-rampa-pozo-y-tapa#primaryimage\"},\"image\":{\"@id\":\"https:\/\/cgh.com.pl\/es\/accesories\/kits-de-rampa-pozo-y-tapa#primaryimage\"},\"thumbnailUrl\":\"https:\/\/cgh.com.pl\/es\/wp-content\/uploads\/2021\/06\/composite-tank-sumps-sm5533-sm5542-2.jpg\",\"datePublished\":\"2020-12-07T20:46:06+00:00\",\"dateModified\":\"2023-05-29T08:21:07+00:00\",\"breadcrumb\":{\"@id\":\"https:\/\/cgh.com.pl\/es\/accesories\/kits-de-rampa-pozo-y-tapa#breadcrumb\"},\"inLanguage\":\"es\",\"potentialAction\":[{\"@type\":\"ReadAction\",\"target\":[\"https:\/\/cgh.com.pl\/es\/accesories\/kits-de-rampa-pozo-y-tapa\"]}]},{\"@type\":\"ImageObject\",\"inLanguage\":\"es\",\"@id\":\"https:\/\/cgh.com.pl\/es\/accesories\/kits-de-rampa-pozo-y-tapa#primaryimage\",\"url\":\"https:\/\/cgh.com.pl\/es\/wp-content\/uploads\/2021\/06\/composite-tank-sumps-sm5533-sm5542-2.jpg\",\"contentUrl\":\"https:\/\/cgh.com.pl\/es\/wp-content\/uploads\/2021\/06\/composite-tank-sumps-sm5533-sm5542-2.jpg\",\"width\":360,\"height\":240,\"caption\":\"Composite tank sumps SM5533 SM5542\"},{\"@type\":\"BreadcrumbList\",\"@id\":\"https:\/\/cgh.com.pl\/es\/accesories\/kits-de-rampa-pozo-y-tapa#breadcrumb\",\"itemListElement\":[{\"@type\":\"ListItem\",\"position\":1,\"name\":\"Strona g\u0142\u00f3wna\",\"item\":\"https:\/\/cgh.com.pl\/es\/\"},{\"@type\":\"ListItem\",\"position\":2,\"name\":\"Accesorios\",\"item\":\"https:\/\/cgh.com.pl\/es\/accesories\"},{\"@type\":\"ListItem\",\"position\":3,\"name\":\"Kits de rampa, pozo y tapa\"}]},{\"@type\":\"WebSite\",\"@id\":\"https:\/\/cgh.com.pl\/es\/#website\",\"url\":\"https:\/\/cgh.com.pl\/es\/\",\"name\":\"CGH Group Sp. z o.o.\",\"description\":\"\",\"publisher\":{\"@id\":\"https:\/\/cgh.com.pl\/es\/#organization\"},\"alternateName\":\"Ingenier\u00eda, desarrollo y fabricaci\u00f3n de dep\u00f3sitos de GLP, industriales, combustibles, agua, a presi\u00f3n y acero inoxidable - CGH Group\",\"potentialAction\":[{\"@type\":\"SearchAction\",\"target\":{\"@type\":\"EntryPoint\",\"urlTemplate\":\"https:\/\/cgh.com.pl\/es\/?s={search_term_string}\"},\"query-input\":{\"@type\":\"PropertyValueSpecification\",\"valueRequired\":true,\"valueName\":\"search_term_string\"}}],\"inLanguage\":\"es\"},{\"@type\":\"Organization\",\"@id\":\"https:\/\/cgh.com.pl\/es\/#organization\",\"name\":\"CGH Group Sp. z o.o.\",\"url\":\"https:\/\/cgh.com.pl\/es\/\",\"logo\":{\"@type\":\"ImageObject\",\"inLanguage\":\"es\",\"@id\":\"https:\/\/cgh.com.pl\/es\/#\/schema\/logo\/image\/\",\"url\":\"https:\/\/cgh.com.pl\/es\/wp-content\/uploads\/2023\/05\/logoCGH.png\",\"contentUrl\":\"https:\/\/cgh.com.pl\/es\/wp-content\/uploads\/2023\/05\/logoCGH.png\",\"width\":449,\"height\":162,\"caption\":\"CGH Group Sp. z o.o.\"},\"image\":{\"@id\":\"https:\/\/cgh.com.pl\/es\/#\/schema\/logo\/image\/\"},\"sameAs\":[\"https:\/\/www.facebook.com\/cghpolska\",\"https:\/\/www.youtube.com\/channel\/UCe9uW1n0tEj_ZJOEtHIHGQw\"]}]}<\/script>\n<!-- \/ Yoast SEO plugin. -->","yoast_head_json":{"title":"Kits de rampa, pozo y tapa - CGH Group Sp. z o.o.","robots":{"index":"index","follow":"follow","max-snippet":"max-snippet:-1","max-image-preview":"max-image-preview:large","max-video-preview":"max-video-preview:-1"},"canonical":"https:\/\/cgh.com.pl\/es\/accesories\/kits-de-rampa-pozo-y-tapa","og_locale":"es_ES","og_type":"article","og_title":"Kits de rampa, pozo y tapa - CGH Group Sp. z o.o.","og_description":"La empresa CGH ofrece las siguientes soluciones para conjuntos de rampas.","og_url":"https:\/\/cgh.com.pl\/es\/accesories\/kits-de-rampa-pozo-y-tapa","og_site_name":"CGH Group Sp. z o.o.","article_publisher":"https:\/\/www.facebook.com\/cghpolska","article_modified_time":"2023-05-29T08:21:07+00:00","og_image":[{"url":"https:\/\/cgh.com.pl\/es\/wp-content\/uploads\/2021\/06\/composite-tank-sumps-sm5533-sm5542-2.jpg","type":"","width":"","height":""}],"twitter_card":"summary_large_image","schema":{"@context":"https:\/\/schema.org","@graph":[{"@type":"WebPage","@id":"https:\/\/cgh.com.pl\/es\/accesories\/kits-de-rampa-pozo-y-tapa","url":"https:\/\/cgh.com.pl\/es\/accesories\/kits-de-rampa-pozo-y-tapa","name":"Kits de rampa, pozo y tapa - CGH Group Sp. z o.o.","isPartOf":{"@id":"https:\/\/cgh.com.pl\/es\/#website"},"primaryImageOfPage":{"@id":"https:\/\/cgh.com.pl\/es\/accesories\/kits-de-rampa-pozo-y-tapa#primaryimage"},"image":{"@id":"https:\/\/cgh.com.pl\/es\/accesories\/kits-de-rampa-pozo-y-tapa#primaryimage"},"thumbnailUrl":"https:\/\/cgh.com.pl\/es\/wp-content\/uploads\/2021\/06\/composite-tank-sumps-sm5533-sm5542-2.jpg","datePublished":"2020-12-07T20:46:06+00:00","dateModified":"2023-05-29T08:21:07+00:00","breadcrumb":{"@id":"https:\/\/cgh.com.pl\/es\/accesories\/kits-de-rampa-pozo-y-tapa#breadcrumb"},"inLanguage":"es","potentialAction":[{"@type":"ReadAction","target":["https:\/\/cgh.com.pl\/es\/accesories\/kits-de-rampa-pozo-y-tapa"]}]},{"@type":"ImageObject","inLanguage":"es","@id":"https:\/\/cgh.com.pl\/es\/accesories\/kits-de-rampa-pozo-y-tapa#primaryimage","url":"https:\/\/cgh.com.pl\/es\/wp-content\/uploads\/2021\/06\/composite-tank-sumps-sm5533-sm5542-2.jpg","contentUrl":"https:\/\/cgh.com.pl\/es\/wp-content\/uploads\/2021\/06\/composite-tank-sumps-sm5533-sm5542-2.jpg","width":360,"height":240,"caption":"Composite tank sumps SM5533 SM5542"},{"@type":"BreadcrumbList","@id":"https:\/\/cgh.com.pl\/es\/accesories\/kits-de-rampa-pozo-y-tapa#breadcrumb","itemListElement":[{"@type":"ListItem","position":1,"name":"Strona g\u0142\u00f3wna","item":"https:\/\/cgh.com.pl\/es\/"},{"@type":"ListItem","position":2,"name":"Accesorios","item":"https:\/\/cgh.com.pl\/es\/accesories"},{"@type":"ListItem","position":3,"name":"Kits de rampa, pozo y tapa"}]},{"@type":"WebSite","@id":"https:\/\/cgh.com.pl\/es\/#website","url":"https:\/\/cgh.com.pl\/es\/","name":"CGH Group Sp. z o.o.","description":"","publisher":{"@id":"https:\/\/cgh.com.pl\/es\/#organization"},"alternateName":"Ingenier\u00eda, desarrollo y fabricaci\u00f3n de dep\u00f3sitos de GLP, industriales, combustibles, agua, a presi\u00f3n y acero inoxidable - CGH Group","potentialAction":[{"@type":"SearchAction","target":{"@type":"EntryPoint","urlTemplate":"https:\/\/cgh.com.pl\/es\/?s={search_term_string}"},"query-input":{"@type":"PropertyValueSpecification","valueRequired":true,"valueName":"search_term_string"}}],"inLanguage":"es"},{"@type":"Organization","@id":"https:\/\/cgh.com.pl\/es\/#organization","name":"CGH Group Sp. z o.o.","url":"https:\/\/cgh.com.pl\/es\/","logo":{"@type":"ImageObject","inLanguage":"es","@id":"https:\/\/cgh.com.pl\/es\/#\/schema\/logo\/image\/","url":"https:\/\/cgh.com.pl\/es\/wp-content\/uploads\/2023\/05\/logoCGH.png","contentUrl":"https:\/\/cgh.com.pl\/es\/wp-content\/uploads\/2023\/05\/logoCGH.png","width":449,"height":162,"caption":"CGH Group Sp. z o.o."},"image":{"@id":"https:\/\/cgh.com.pl\/es\/#\/schema\/logo\/image\/"},"sameAs":["https:\/\/www.facebook.com\/cghpolska","https:\/\/www.youtube.com\/channel\/UCe9uW1n0tEj_ZJOEtHIHGQw"]}]}},"_links":{"self":[{"href":"https:\/\/cgh.com.pl\/es\/wp-json\/wp\/v2\/pages\/432","targetHints":{"allow":["GET"]}}],"collection":[{"href":"https:\/\/cgh.com.pl\/es\/wp-json\/wp\/v2\/pages"}],"about":[{"href":"https:\/\/cgh.com.pl\/es\/wp-json\/wp\/v2\/types\/page"}],"author":[{"embeddable":true,"href":"https:\/\/cgh.com.pl\/es\/wp-json\/wp\/v2\/users\/1"}],"replies":[{"embeddable":true,"href":"https:\/\/cgh.com.pl\/es\/wp-json\/wp\/v2\/comments?post=432"}],"version-history":[{"count":19,"href":"https:\/\/cgh.com.pl\/es\/wp-json\/wp\/v2\/pages\/432\/revisions"}],"predecessor-version":[{"id":4859,"href":"https:\/\/cgh.com.pl\/es\/wp-json\/wp\/v2\/pages\/432\/revisions\/4859"}],"up":[{"embeddable":true,"href":"https:\/\/cgh.com.pl\/es\/wp-json\/wp\/v2\/pages\/38"}],"wp:attachment":[{"href":"https:\/\/cgh.com.pl\/es\/wp-json\/wp\/v2\/media?parent=432"}],"curies":[{"name":"wp","href":"https:\/\/api.w.org\/{rel}","templated":true}]}}