{"id":436,"date":"2020-12-07T21:54:00","date_gmt":"2020-12-07T20:54:00","guid":{"rendered":"https:\/\/cgh.com.pl\/es\/?page_id=436"},"modified":"2023-05-23T00:01:56","modified_gmt":"2023-05-22T22:01:56","slug":"pozos-de-rampa-tipo-na2-na3-qna4","status":"publish","type":"page","link":"https:\/\/cgh.com.pl\/es\/accesories\/kits-de-rampa-pozo-y-tapa\/pozos-de-rampa-tipo-na2-na3-qna4","title":{"rendered":"Pozos de rampa tipo NA2, NA3, QNA4"},"content":{"rendered":"\n<div class=\"wp-block-columns has-2-columns is-layout-flex wp-container-core-columns-is-layout-9d6595d7 wp-block-columns-is-layout-flex\">\n<div class=\"wp-block-column is-layout-flow wp-block-column-is-layout-flow\"><div class=\"wp-block-image\">\n<figure class=\"aligncenter size-medium\"><img decoding=\"async\" width=\"300\" height=\"300\" data-src=\"https:\/\/cgh.com.pl\/es\/wp-content\/uploads\/2022\/02\/steel-tank-sumps-na2-300x300.jpg\" alt=\"Studzienki stalowe najazdowe NA2\" class=\"wp-image-2455 img-fluid lazyload\" data-srcset=\"https:\/\/cgh.com.pl\/es\/wp-content\/uploads\/2022\/02\/steel-tank-sumps-na2-300x300.jpg 300w, https:\/\/cgh.com.pl\/es\/wp-content\/uploads\/2022\/02\/steel-tank-sumps-na2-150x150.jpg 150w, https:\/\/cgh.com.pl\/es\/wp-content\/uploads\/2022\/02\/steel-tank-sumps-na2-500x500.jpg 500w, https:\/\/cgh.com.pl\/es\/wp-content\/uploads\/2022\/02\/steel-tank-sumps-na2-400x400.jpg 400w, https:\/\/cgh.com.pl\/es\/wp-content\/uploads\/2022\/02\/steel-tank-sumps-na2.jpg 600w\" data-sizes=\"(max-width: 300px) 100vw, 300px\" src=\"data:image\/svg+xml;base64,PHN2ZyB3aWR0aD0iMSIgaGVpZ2h0PSIxIiB4bWxucz0iaHR0cDovL3d3dy53My5vcmcvMjAwMC9zdmciPjwvc3ZnPg==\" style=\"--smush-placeholder-width: 300px; --smush-placeholder-aspect-ratio: 300\/300;\" \/><figcaption class=\"wp-element-caption\">NA2 drive-over sump<\/figcaption><\/figure><\/div>\n\n\n<div class=\"photos\">\n<div class=\"first-zoom-photo\" style=\"text-align: center;\"><img decoding=\"async\" data-src=\"https:\/\/cgh.com.pl\/es\/wp-content\/uploads\/2022\/02\/Steel-Tank-Sumps-NA3.jpg\" alt=\"NA3 drive-over sumps\" src=\"data:image\/svg+xml;base64,PHN2ZyB3aWR0aD0iMSIgaGVpZ2h0PSIxIiB4bWxucz0iaHR0cDovL3d3dy53My5vcmcvMjAwMC9zdmciPjwvc3ZnPg==\" class=\"lazyload\" style=\"--smush-placeholder-width: 360px; --smush-placeholder-aspect-ratio: 360\/240;\"> Pozos de rampa tipo NA3<div><\/div>\n<\/div>\n<div style=\"text-align: center;\"><img decoding=\"async\" data-src=\"https:\/\/cgh.com.pl\/es\/wp-content\/uploads\/2022\/02\/Steel-Tank-Sumps-QNA4.jpg\" alt=\"QNA4 drive-over sumps\" src=\"data:image\/svg+xml;base64,PHN2ZyB3aWR0aD0iMSIgaGVpZ2h0PSIxIiB4bWxucz0iaHR0cDovL3d3dy53My5vcmcvMjAwMC9zdmciPjwvc3ZnPg==\" class=\"lazyload\" style=\"--smush-placeholder-width: 360px; --smush-placeholder-aspect-ratio: 360\/240;\">Pozos de rampa tipo QNA4\n<div><\/div>\n<div><\/div>\n<\/div>\n<\/div>\n<\/div>\n\n\n\n<div class=\"wp-block-column is-layout-flow wp-block-column-is-layout-flow\">\n<p><strong><strong><strong>Informaci\u00f3n del producto<\/strong><\/strong><\/strong><\/p>\n\n\n\n<p>Los pozos tipo NA dan acceso a los pozos de rampa de un dep\u00f3sito subterr\u00e1neo colocado en la calzada o debajo del aparcamiento.<\/p>\n\n\n\n<p>Ofrecen la posibilidad de un montaje sencillo y r\u00e1pido sobre el dep\u00f3sito atornill\u00e1ndolos a la brazola con tornillos.<\/p>\n\n\n\n<p>Est\u00e1n disponibles con varios sistemas anticorrosi\u00f3n: pintados con PUR, pintura de imprimaci\u00f3n o galvanizados en caliente.<\/p>\n\n\n\n<p>Dise\u00f1ado y fabricado de tal manera que es posible instalar muchos tipos de cubiertas de rampa disponibles en el mercado.<\/p>\n\n\n\n<p>Para uso en dep\u00f3sitos con brazolas de 1400 x 1200 mm y 1200 \u00d7 1200 mm.<\/p>\n\n\n<div class=\"wp-block-image\">\n<figure class=\"alignleft size-full\"><img decoding=\"async\" width=\"22\" height=\"21\" data-src=\"https:\/\/cgh.com.pl\/es\/wp-content\/uploads\/2022\/11\/good.png\" alt=\"\" class=\"wp-image-4384 img-fluid lazyload\" src=\"data:image\/svg+xml;base64,PHN2ZyB3aWR0aD0iMSIgaGVpZ2h0PSIxIiB4bWxucz0iaHR0cDovL3d3dy53My5vcmcvMjAwMC9zdmciPjwvc3ZnPg==\" style=\"--smush-placeholder-width: 22px; --smush-placeholder-aspect-ratio: 22\/21;\" \/><\/figure><\/div>\n\n\n<p><strong><strong><strong>Ventajas del dispositivo<\/strong><\/strong><\/strong><\/p>\n\n\n\n<ul class=\"wp-block-list\">\n<li>Tres versiones de tama\u00f1o<strong>:<\/strong>\n<ul class=\"wp-block-list\">\n<li>NA2 \u2013 1400 \u00d7 1200 mm, h = 950 mm con orificio interno 920 \u00d7 920 mm<\/li>\n\n\n\n<li>NA3 \u2013 1400 \u00d7 1200 mm, h = 950 mm con orificio interno 1400 \u00d7 740 mm<\/li>\n\n\n\n<li>1200 \u00d7 1200 mm, h = 950 mm con orificio interno 920 \u00d7 920 mm<\/li>\n<\/ul>\n<\/li>\n\n\n\n<li>varias formas de acabado del revestimiento:\n<ul class=\"wp-block-list\">\n<li>galvanizado en caliente (NA2, QNA4)<\/li>\n\n\n\n<li>pintado PUR (NA2, QNA4)<\/li>\n\n\n\n<li>pintado con pintura de imprimaci\u00f3n (NA2, QNA4 y NA3)<\/li>\n<\/ul>\n<\/li>\n\n\n\n<li>Puede ajustar las cubiertas de la rampa:\n<ul class=\"wp-block-list\">\n<li>Tapa de registro de rampa estanca con reborde de hormig\u00f3n:\n<ul class=\"wp-block-list\">\n<li>\u00d8 250 kN (clase C) 920 x 920 x 250 mm<\/li>\n\n\n\n<li>\u00d8 250 kN (clase C) 1400 x 740 x 250 mm<\/li>\n\n\n\n<li>\u00d8 400kN (WAD III) 920 x 920 x 250 mm<\/li>\n<\/ul>\n<\/li>\n\n\n\n<li>Tapa de rampa estanca con reborde de hormig\u00f3n\n<ul class=\"wp-block-list\">\n<li>\u00d8 400 kN (WAD III) 920 x 920 x 250 mm<\/li>\n<\/ul>\n<\/li>\n<\/ul>\n<\/li>\n<\/ul>\n\n\n<div class=\"wp-block-image\">\n<figure class=\"alignleft size-full\"><img decoding=\"async\" width=\"22\" height=\"22\" data-src=\"https:\/\/cgh.com.pl\/es\/wp-content\/uploads\/2022\/11\/advantage.png\" alt=\"\" class=\"wp-image-4385 img-fluid lazyload\" src=\"data:image\/svg+xml;base64,PHN2ZyB3aWR0aD0iMSIgaGVpZ2h0PSIxIiB4bWxucz0iaHR0cDovL3d3dy53My5vcmcvMjAwMC9zdmciPjwvc3ZnPg==\" style=\"--smush-placeholder-width: 22px; --smush-placeholder-aspect-ratio: 22\/22;\" \/><\/figure><\/div>\n\n\n<p><strong><strong>Informaci\u00f3n t\u00e9cnica<\/strong><\/strong><\/p>\n\n\n\n<ul class=\"wp-block-list\">\n<li>Pozo de rampa NA2\n<ul class=\"wp-block-list\">\n<li>1400 \u00d7 1200 mm, h = 950 mm con orificio interno 920 \u00d7 920 mm<\/li>\n<\/ul>\n<\/li>\n\n\n\n<li>Pozo de rampa NA3\n<ul class=\"wp-block-list\">\n<li>1400 \u00d7 1200 mm, h = 950 mm con orificio interno 1400 \u00d7 740 mm<\/li>\n<\/ul>\n<\/li>\n\n\n\n<li>Pozo de rampa QNA4\n<ul class=\"wp-block-list\">\n<li>1200 \u00d7 1200 mm, h = 950 mm con orificio interno 920 \u00d7 920 mm<\/li>\n<\/ul>\n<\/li>\n<\/ul>\n<\/div>\n<\/div>\n","protected":false},"excerpt":{"rendered":"<p>Pozos de rampa tipo NA3 Pozos de rampa tipo QNA4 Informaci\u00f3n del producto Los pozos tipo NA dan acceso a los pozos de rampa de un dep\u00f3sito subterr\u00e1neo colocado en la calzada o debajo del aparcamiento. Ofrecen la posibilidad de un montaje sencillo y r\u00e1pido sobre el dep\u00f3sito atornill\u00e1ndolos a la brazola con tornillos. Est\u00e1n [&hellip;]?<\/p>\n","protected":false},"author":1,"featured_media":0,"parent":432,"menu_order":0,"comment_status":"closed","ping_status":"closed","template":"page-products-with-second-menu.php","meta":{"_acf_changed":false,"footnotes":""},"class_list":["post-436","page","type-page","status-publish","hentry"],"acf":[],"yoast_head":"<!-- This site is optimized with the Yoast SEO plugin v26.1.1 - https:\/\/yoast.com\/wordpress\/plugins\/seo\/ -->\n<title>Pozos de rampa tipo NA2, NA3, QNA4 - CGH Group Sp. z o.o.<\/title>\n<meta name=\"description\" content=\"Studzienki najazdowe typ NA2, NA3, QNA4 zapewniaj\u0105 dost\u0119p do w\u0142az\u00f3w zbiornika podziemnego posadowionego w jezdni b\u0105d\u017a pod parkingiem.\" \/>\n<meta name=\"robots\" content=\"index, follow, max-snippet:-1, max-image-preview:large, max-video-preview:-1\" \/>\n<link rel=\"canonical\" href=\"https:\/\/cgh.com.pl\/es\/accesories\/kits-de-rampa-pozo-y-tapa\/pozos-de-rampa-tipo-na2-na3-qna4\" \/>\n<meta property=\"og:locale\" content=\"es_ES\" \/>\n<meta property=\"og:type\" content=\"article\" \/>\n<meta property=\"og:title\" content=\"Pozos de rampa tipo NA2, NA3, QNA4 - CGH Group Sp. z o.o.\" \/>\n<meta property=\"og:description\" content=\"Studzienki najazdowe typ NA2, NA3, QNA4 zapewniaj\u0105 dost\u0119p do w\u0142az\u00f3w zbiornika podziemnego posadowionego w jezdni b\u0105d\u017a pod parkingiem.\" \/>\n<meta property=\"og:url\" content=\"https:\/\/cgh.com.pl\/es\/accesories\/kits-de-rampa-pozo-y-tapa\/pozos-de-rampa-tipo-na2-na3-qna4\" \/>\n<meta property=\"og:site_name\" content=\"CGH Group Sp. z o.o.\" \/>\n<meta property=\"article:publisher\" content=\"https:\/\/www.facebook.com\/cghpolska\" \/>\n<meta property=\"article:modified_time\" content=\"2023-05-22T22:01:56+00:00\" \/>\n<meta property=\"og:image\" content=\"https:\/\/cgh.com.pl\/es\/wp-content\/uploads\/2022\/02\/steel-tank-sumps-na2-300x300.jpg\" \/>\n<meta name=\"twitter:card\" content=\"summary_large_image\" \/>\n<meta name=\"twitter:label1\" content=\"Tiempo de lectura\" \/>\n\t<meta name=\"twitter:data1\" content=\"1 minuto\" \/>\n<script type=\"application\/ld+json\" class=\"yoast-schema-graph\">{\"@context\":\"https:\/\/schema.org\",\"@graph\":[{\"@type\":\"WebPage\",\"@id\":\"https:\/\/cgh.com.pl\/es\/accesories\/kits-de-rampa-pozo-y-tapa\/pozos-de-rampa-tipo-na2-na3-qna4\",\"url\":\"https:\/\/cgh.com.pl\/es\/accesories\/kits-de-rampa-pozo-y-tapa\/pozos-de-rampa-tipo-na2-na3-qna4\",\"name\":\"Pozos de rampa tipo NA2, NA3, QNA4 - CGH Group Sp. z o.o.\",\"isPartOf\":{\"@id\":\"https:\/\/cgh.com.pl\/es\/#website\"},\"primaryImageOfPage\":{\"@id\":\"https:\/\/cgh.com.pl\/es\/accesories\/kits-de-rampa-pozo-y-tapa\/pozos-de-rampa-tipo-na2-na3-qna4#primaryimage\"},\"image\":{\"@id\":\"https:\/\/cgh.com.pl\/es\/accesories\/kits-de-rampa-pozo-y-tapa\/pozos-de-rampa-tipo-na2-na3-qna4#primaryimage\"},\"thumbnailUrl\":\"https:\/\/cgh.com.pl\/es\/wp-content\/uploads\/2022\/02\/steel-tank-sumps-na2-300x300.jpg\",\"datePublished\":\"2020-12-07T20:54:00+00:00\",\"dateModified\":\"2023-05-22T22:01:56+00:00\",\"description\":\"Studzienki najazdowe typ NA2, NA3, QNA4 zapewniaj\u0105 dost\u0119p do w\u0142az\u00f3w zbiornika podziemnego posadowionego w jezdni b\u0105d\u017a pod parkingiem.\",\"breadcrumb\":{\"@id\":\"https:\/\/cgh.com.pl\/es\/accesories\/kits-de-rampa-pozo-y-tapa\/pozos-de-rampa-tipo-na2-na3-qna4#breadcrumb\"},\"inLanguage\":\"es\",\"potentialAction\":[{\"@type\":\"ReadAction\",\"target\":[\"https:\/\/cgh.com.pl\/es\/accesories\/kits-de-rampa-pozo-y-tapa\/pozos-de-rampa-tipo-na2-na3-qna4\"]}]},{\"@type\":\"ImageObject\",\"inLanguage\":\"es\",\"@id\":\"https:\/\/cgh.com.pl\/es\/accesories\/kits-de-rampa-pozo-y-tapa\/pozos-de-rampa-tipo-na2-na3-qna4#primaryimage\",\"url\":\"https:\/\/cgh.com.pl\/es\/wp-content\/uploads\/2022\/02\/steel-tank-sumps-na2.jpg\",\"contentUrl\":\"https:\/\/cgh.com.pl\/es\/wp-content\/uploads\/2022\/02\/steel-tank-sumps-na2.jpg\",\"width\":600,\"height\":600,\"caption\":\"Steel Tank Sumps NA2\"},{\"@type\":\"BreadcrumbList\",\"@id\":\"https:\/\/cgh.com.pl\/es\/accesories\/kits-de-rampa-pozo-y-tapa\/pozos-de-rampa-tipo-na2-na3-qna4#breadcrumb\",\"itemListElement\":[{\"@type\":\"ListItem\",\"position\":1,\"name\":\"Strona g\u0142\u00f3wna\",\"item\":\"https:\/\/cgh.com.pl\/es\/\"},{\"@type\":\"ListItem\",\"position\":2,\"name\":\"Accesorios\",\"item\":\"https:\/\/cgh.com.pl\/es\/accesories\"},{\"@type\":\"ListItem\",\"position\":3,\"name\":\"Kits de rampa, pozo y tapa\",\"item\":\"https:\/\/cgh.com.pl\/es\/accesories\/kits-de-rampa-pozo-y-tapa\"},{\"@type\":\"ListItem\",\"position\":4,\"name\":\"Pozos de rampa tipo NA2, NA3, QNA4\"}]},{\"@type\":\"WebSite\",\"@id\":\"https:\/\/cgh.com.pl\/es\/#website\",\"url\":\"https:\/\/cgh.com.pl\/es\/\",\"name\":\"CGH Group Sp. z o.o.\",\"description\":\"\",\"publisher\":{\"@id\":\"https:\/\/cgh.com.pl\/es\/#organization\"},\"alternateName\":\"Ingenier\u00eda, desarrollo y fabricaci\u00f3n de dep\u00f3sitos de GLP, industriales, combustibles, agua, a presi\u00f3n y acero inoxidable - CGH Group\",\"potentialAction\":[{\"@type\":\"SearchAction\",\"target\":{\"@type\":\"EntryPoint\",\"urlTemplate\":\"https:\/\/cgh.com.pl\/es\/?s={search_term_string}\"},\"query-input\":{\"@type\":\"PropertyValueSpecification\",\"valueRequired\":true,\"valueName\":\"search_term_string\"}}],\"inLanguage\":\"es\"},{\"@type\":\"Organization\",\"@id\":\"https:\/\/cgh.com.pl\/es\/#organization\",\"name\":\"CGH Group Sp. z o.o.\",\"url\":\"https:\/\/cgh.com.pl\/es\/\",\"logo\":{\"@type\":\"ImageObject\",\"inLanguage\":\"es\",\"@id\":\"https:\/\/cgh.com.pl\/es\/#\/schema\/logo\/image\/\",\"url\":\"https:\/\/cgh.com.pl\/es\/wp-content\/uploads\/2023\/05\/logoCGH.png\",\"contentUrl\":\"https:\/\/cgh.com.pl\/es\/wp-content\/uploads\/2023\/05\/logoCGH.png\",\"width\":449,\"height\":162,\"caption\":\"CGH Group Sp. z o.o.\"},\"image\":{\"@id\":\"https:\/\/cgh.com.pl\/es\/#\/schema\/logo\/image\/\"},\"sameAs\":[\"https:\/\/www.facebook.com\/cghpolska\",\"https:\/\/www.youtube.com\/channel\/UCe9uW1n0tEj_ZJOEtHIHGQw\"]}]}<\/script>\n<!-- \/ Yoast SEO plugin. -->","yoast_head_json":{"title":"Pozos de rampa tipo NA2, NA3, QNA4 - CGH Group Sp. z o.o.","description":"Studzienki najazdowe typ NA2, NA3, QNA4 zapewniaj\u0105 dost\u0119p do w\u0142az\u00f3w zbiornika podziemnego posadowionego w jezdni b\u0105d\u017a pod parkingiem.","robots":{"index":"index","follow":"follow","max-snippet":"max-snippet:-1","max-image-preview":"max-image-preview:large","max-video-preview":"max-video-preview:-1"},"canonical":"https:\/\/cgh.com.pl\/es\/accesories\/kits-de-rampa-pozo-y-tapa\/pozos-de-rampa-tipo-na2-na3-qna4","og_locale":"es_ES","og_type":"article","og_title":"Pozos de rampa tipo NA2, NA3, QNA4 - CGH Group Sp. z o.o.","og_description":"Studzienki najazdowe typ NA2, NA3, QNA4 zapewniaj\u0105 dost\u0119p do w\u0142az\u00f3w zbiornika podziemnego posadowionego w jezdni b\u0105d\u017a pod parkingiem.","og_url":"https:\/\/cgh.com.pl\/es\/accesories\/kits-de-rampa-pozo-y-tapa\/pozos-de-rampa-tipo-na2-na3-qna4","og_site_name":"CGH Group Sp. z o.o.","article_publisher":"https:\/\/www.facebook.com\/cghpolska","article_modified_time":"2023-05-22T22:01:56+00:00","og_image":[{"url":"https:\/\/cgh.com.pl\/es\/wp-content\/uploads\/2022\/02\/steel-tank-sumps-na2-300x300.jpg","type":"","width":"","height":""}],"twitter_card":"summary_large_image","twitter_misc":{"Tiempo de lectura":"1 minuto"},"schema":{"@context":"https:\/\/schema.org","@graph":[{"@type":"WebPage","@id":"https:\/\/cgh.com.pl\/es\/accesories\/kits-de-rampa-pozo-y-tapa\/pozos-de-rampa-tipo-na2-na3-qna4","url":"https:\/\/cgh.com.pl\/es\/accesories\/kits-de-rampa-pozo-y-tapa\/pozos-de-rampa-tipo-na2-na3-qna4","name":"Pozos de rampa tipo NA2, NA3, QNA4 - CGH Group Sp. z o.o.","isPartOf":{"@id":"https:\/\/cgh.com.pl\/es\/#website"},"primaryImageOfPage":{"@id":"https:\/\/cgh.com.pl\/es\/accesories\/kits-de-rampa-pozo-y-tapa\/pozos-de-rampa-tipo-na2-na3-qna4#primaryimage"},"image":{"@id":"https:\/\/cgh.com.pl\/es\/accesories\/kits-de-rampa-pozo-y-tapa\/pozos-de-rampa-tipo-na2-na3-qna4#primaryimage"},"thumbnailUrl":"https:\/\/cgh.com.pl\/es\/wp-content\/uploads\/2022\/02\/steel-tank-sumps-na2-300x300.jpg","datePublished":"2020-12-07T20:54:00+00:00","dateModified":"2023-05-22T22:01:56+00:00","description":"Studzienki najazdowe typ NA2, NA3, QNA4 zapewniaj\u0105 dost\u0119p do w\u0142az\u00f3w zbiornika podziemnego posadowionego w jezdni b\u0105d\u017a pod parkingiem.","breadcrumb":{"@id":"https:\/\/cgh.com.pl\/es\/accesories\/kits-de-rampa-pozo-y-tapa\/pozos-de-rampa-tipo-na2-na3-qna4#breadcrumb"},"inLanguage":"es","potentialAction":[{"@type":"ReadAction","target":["https:\/\/cgh.com.pl\/es\/accesories\/kits-de-rampa-pozo-y-tapa\/pozos-de-rampa-tipo-na2-na3-qna4"]}]},{"@type":"ImageObject","inLanguage":"es","@id":"https:\/\/cgh.com.pl\/es\/accesories\/kits-de-rampa-pozo-y-tapa\/pozos-de-rampa-tipo-na2-na3-qna4#primaryimage","url":"https:\/\/cgh.com.pl\/es\/wp-content\/uploads\/2022\/02\/steel-tank-sumps-na2.jpg","contentUrl":"https:\/\/cgh.com.pl\/es\/wp-content\/uploads\/2022\/02\/steel-tank-sumps-na2.jpg","width":600,"height":600,"caption":"Steel Tank Sumps NA2"},{"@type":"BreadcrumbList","@id":"https:\/\/cgh.com.pl\/es\/accesories\/kits-de-rampa-pozo-y-tapa\/pozos-de-rampa-tipo-na2-na3-qna4#breadcrumb","itemListElement":[{"@type":"ListItem","position":1,"name":"Strona g\u0142\u00f3wna","item":"https:\/\/cgh.com.pl\/es\/"},{"@type":"ListItem","position":2,"name":"Accesorios","item":"https:\/\/cgh.com.pl\/es\/accesories"},{"@type":"ListItem","position":3,"name":"Kits de rampa, pozo y tapa","item":"https:\/\/cgh.com.pl\/es\/accesories\/kits-de-rampa-pozo-y-tapa"},{"@type":"ListItem","position":4,"name":"Pozos de rampa tipo NA2, NA3, QNA4"}]},{"@type":"WebSite","@id":"https:\/\/cgh.com.pl\/es\/#website","url":"https:\/\/cgh.com.pl\/es\/","name":"CGH Group Sp. z o.o.","description":"","publisher":{"@id":"https:\/\/cgh.com.pl\/es\/#organization"},"alternateName":"Ingenier\u00eda, desarrollo y fabricaci\u00f3n de dep\u00f3sitos de GLP, industriales, combustibles, agua, a presi\u00f3n y acero inoxidable - CGH Group","potentialAction":[{"@type":"SearchAction","target":{"@type":"EntryPoint","urlTemplate":"https:\/\/cgh.com.pl\/es\/?s={search_term_string}"},"query-input":{"@type":"PropertyValueSpecification","valueRequired":true,"valueName":"search_term_string"}}],"inLanguage":"es"},{"@type":"Organization","@id":"https:\/\/cgh.com.pl\/es\/#organization","name":"CGH Group Sp. z o.o.","url":"https:\/\/cgh.com.pl\/es\/","logo":{"@type":"ImageObject","inLanguage":"es","@id":"https:\/\/cgh.com.pl\/es\/#\/schema\/logo\/image\/","url":"https:\/\/cgh.com.pl\/es\/wp-content\/uploads\/2023\/05\/logoCGH.png","contentUrl":"https:\/\/cgh.com.pl\/es\/wp-content\/uploads\/2023\/05\/logoCGH.png","width":449,"height":162,"caption":"CGH Group Sp. z o.o."},"image":{"@id":"https:\/\/cgh.com.pl\/es\/#\/schema\/logo\/image\/"},"sameAs":["https:\/\/www.facebook.com\/cghpolska","https:\/\/www.youtube.com\/channel\/UCe9uW1n0tEj_ZJOEtHIHGQw"]}]}},"_links":{"self":[{"href":"https:\/\/cgh.com.pl\/es\/wp-json\/wp\/v2\/pages\/436","targetHints":{"allow":["GET"]}}],"collection":[{"href":"https:\/\/cgh.com.pl\/es\/wp-json\/wp\/v2\/pages"}],"about":[{"href":"https:\/\/cgh.com.pl\/es\/wp-json\/wp\/v2\/types\/page"}],"author":[{"embeddable":true,"href":"https:\/\/cgh.com.pl\/es\/wp-json\/wp\/v2\/users\/1"}],"replies":[{"embeddable":true,"href":"https:\/\/cgh.com.pl\/es\/wp-json\/wp\/v2\/comments?post=436"}],"version-history":[{"count":12,"href":"https:\/\/cgh.com.pl\/es\/wp-json\/wp\/v2\/pages\/436\/revisions"}],"predecessor-version":[{"id":5066,"href":"https:\/\/cgh.com.pl\/es\/wp-json\/wp\/v2\/pages\/436\/revisions\/5066"}],"up":[{"embeddable":true,"href":"https:\/\/cgh.com.pl\/es\/wp-json\/wp\/v2\/pages\/432"}],"wp:attachment":[{"href":"https:\/\/cgh.com.pl\/es\/wp-json\/wp\/v2\/media?parent=436"}],"curies":[{"name":"wp","href":"https:\/\/api.w.org\/{rel}","templated":true}]}}