{"id":438,"date":"2020-12-07T21:56:38","date_gmt":"2020-12-07T20:56:38","guid":{"rendered":"https:\/\/cgh.com.pl\/es\/?page_id=438"},"modified":"2023-05-23T00:03:13","modified_gmt":"2023-05-22T22:03:13","slug":"cubiertas-de-rampa-de-hormigon","status":"publish","type":"page","link":"https:\/\/cgh.com.pl\/es\/accesories\/kits-de-rampa-pozo-y-tapa\/cubiertas-de-rampa-de-hormigon","title":{"rendered":"Cubiertas de rampa de hormig\u00f3n"},"content":{"rendered":"\n<div class=\"wp-block-columns has-2-columns is-layout-flex wp-container-core-columns-is-layout-9d6595d7 wp-block-columns-is-layout-flex\">\n<div class=\"wp-block-column is-layout-flow wp-block-column-is-layout-flow\"><div class=\"wp-block-image\">\n<figure class=\"aligncenter size-full\"><img decoding=\"async\" width=\"360\" height=\"240\" data-src=\"https:\/\/cgh.com.pl\/es\/wp-content\/uploads\/2022\/02\/street-cover-250-kn-920x920x250-mm.jpeg\" alt=\"Cubiertas de rampa de hormig\u00f3n\" class=\"wp-image-3201 img-fluid lazyload\" title=\"Concrete shaft covers\" data-srcset=\"https:\/\/cgh.com.pl\/es\/wp-content\/uploads\/2022\/02\/street-cover-250-kn-920x920x250-mm.jpeg 360w, https:\/\/cgh.com.pl\/es\/wp-content\/uploads\/2022\/02\/street-cover-250-kn-920x920x250-mm-300x200.jpeg 300w\" data-sizes=\"(max-width: 360px) 100vw, 360px\" src=\"data:image\/svg+xml;base64,PHN2ZyB3aWR0aD0iMSIgaGVpZ2h0PSIxIiB4bWxucz0iaHR0cDovL3d3dy53My5vcmcvMjAwMC9zdmciPjwvc3ZnPg==\" style=\"--smush-placeholder-width: 360px; --smush-placeholder-aspect-ratio: 360\/240;\" \/><figcaption class=\"wp-element-caption\">Cubierta de acero, tipo 250 kN 920x920x250 mm<\/figcaption><\/figure><\/div>\n\n\n<div class=\"photos\">\n<div class=\"first-zoom-photo\">\n<p style=\"text-align: center;font-size:10px\"><img decoding=\"async\" data-src=\"https:\/\/cgh.com.pl\/es\/wp-content\/uploads\/2021\/06\/Concrete-shaft-covers-250kN-740x1400x250mm.jpg\" src=\"data:image\/svg+xml;base64,PHN2ZyB3aWR0aD0iMSIgaGVpZ2h0PSIxIiB4bWxucz0iaHR0cDovL3d3dy53My5vcmcvMjAwMC9zdmciPjwvc3ZnPg==\" class=\"lazyload\" style=\"--smush-placeholder-width: 500px; --smush-placeholder-aspect-ratio: 500\/379;\"><\/p>\n\n<div><\/div>\n<\/div>\n<div>\n\n<p style=\"text-align: center;font-size:10px\"><img decoding=\"async\" data-src=\"https:\/\/cgh.com.pl\/es\/wp-content\/uploads\/2021\/06\/Double-cover-2x740x740mm-400kN.jpg\" src=\"data:image\/svg+xml;base64,PHN2ZyB3aWR0aD0iMSIgaGVpZ2h0PSIxIiB4bWxucz0iaHR0cDovL3d3dy53My5vcmcvMjAwMC9zdmciPjwvc3ZnPg==\" class=\"lazyload\" style=\"--smush-placeholder-width: 500px; --smush-placeholder-aspect-ratio: 500\/379;\"><\/p>\n<div><\/div>\n<\/div>\n\n<div class=\"pair\">\n\n<p style=\"text-align: center;font-size:10px\"><img decoding=\"async\" data-src=\"https:\/\/cgh.com.pl\/es\/wp-content\/uploads\/2021\/06\/Steel-cover-920x920x250-mm-400-kn.jpg\" src=\"data:image\/svg+xml;base64,PHN2ZyB3aWR0aD0iMSIgaGVpZ2h0PSIxIiB4bWxucz0iaHR0cDovL3d3dy53My5vcmcvMjAwMC9zdmciPjwvc3ZnPg==\" class=\"lazyload\" style=\"--smush-placeholder-width: 500px; --smush-placeholder-aspect-ratio: 500\/379;\"><\/p>\n<div><\/div>\n<div><\/div>\n<\/div>\n<\/div>\n<\/div>\n\n\n\n<div class=\"wp-block-column is-layout-flow wp-block-column-is-layout-flow\">\n<p><strong><strong><strong><strong>Informaci\u00f3n del Producto<\/strong><\/strong><\/strong><\/strong><\/p>\n\n\n\n<p>Tapa de registro de rampa estanca con borde de hormig\u00f3n<\/p>\n\n\n\n<p>Protegen firmemente contra el agua de lluvia<\/p>\n\n\n\n<p>Construcci\u00f3n adaptada para transferir cargas provocadas por el acceso de veh\u00edculos a motor<\/p>\n\n\n\n<p>La cubierta y los marcos de acero est\u00e1n protegidos por un recubrimiento de zinc por inmersi\u00f3n en caliente<\/p>\n\n\n\n<p>Equipado con un mecanismo de bloqueo en la posici\u00f3n cerrada<\/p>\n\n\n\n<p>La superficie exterior de la cubierta hecha de placa estriada elimina efectivamente la posibilidad de deslizamiento<\/p>\n\n\n\n<p>Anillo de hormig\u00f3n con estructura antideslizante<\/p>\n\n\n\n<p><strong><strong>\u00c1mbito de aplicaci\u00f3n:<\/strong><\/strong><\/p>\n\n\n\n<p>Las bocas de acceso deben utilizarse en rampa para proteger las aberturas de los pozos de acceso en los patios de maniobras de las estaciones de combustible l\u00edquido y otras instalaciones relacionadas con el almacenamiento y la distribuci\u00f3n de productos derivados del petr\u00f3leo.<\/p>\n\n\n\n<p>El dise\u00f1ador de la instalaci\u00f3n es responsable de seleccionar la clase de cubierta apropiada.<\/p>\n\n\n\n<p>El \u00e1rea de maniobra con las cubiertas utilizadas puede ser utilizada por veh\u00edculos cuya presi\u00f3n de las ruedas del veh\u00edculo sea \u2264 400 kN<\/p>\n\n\n\n<p><strong><strong>Condiciones de Uso:<\/strong><\/strong><\/p>\n\n\n\n<p>El borde de hormig\u00f3n de la tapa de rampa debe apoyarse en todo el per\u00edmetro a no menos de 150 mm a cada lado sobre una base especial. La superficie de la calzada colocada en el patio de maniobras, donde se ha construido la tapa de rampa, debe quedar colocada en l\u00ednea recta de rampa con el borde de la viga de hormig\u00f3n y asegurar el libre drenaje del agua. La tapa de rampa para veh\u00edculos debe colocarse horizontalmente y sus elementos individuales deben ser estables. La tapa despu\u00e9s de la construcci\u00f3n debe ser el punto m\u00e1s alto de la calzada. El m\u00e9todo de cimentaci\u00f3n y fijaci\u00f3n del borde de hormig\u00f3n al suelo debe ser especificado en el dise\u00f1o t\u00e9cnico desarrollado para una instalaci\u00f3n espec\u00edfica<\/p>\n<\/div>\n<\/div>\n","protected":false},"excerpt":{"rendered":"<p>Informaci\u00f3n del Producto Tapa de registro de rampa estanca con borde de hormig\u00f3n Protegen firmemente contra el agua de lluvia Construcci\u00f3n adaptada para transferir cargas provocadas por el acceso de veh\u00edculos a motor La cubierta y los marcos de acero est\u00e1n protegidos por un recubrimiento de zinc por inmersi\u00f3n en caliente Equipado con un mecanismo [&hellip;]?<\/p>\n","protected":false},"author":1,"featured_media":0,"parent":432,"menu_order":0,"comment_status":"closed","ping_status":"closed","template":"page-products-with-second-menu.php","meta":{"_acf_changed":false,"footnotes":""},"class_list":["post-438","page","type-page","status-publish","hentry"],"acf":[],"yoast_head":"<!-- This site is optimized with the Yoast SEO plugin v26.1.1 - https:\/\/yoast.com\/wordpress\/plugins\/seo\/ -->\n<title>Cubiertas de rampa de hormig\u00f3n - CGH Group Sp. z o.o.<\/title>\n<meta name=\"description\" content=\"Pokrywy najazdowe betonowe - Wodoszczelna najazdowa pokrywa w\u0142azowa z wie\u0144cem betonowym. szczelnie zabezpieczaj\u0105 przed wodami...\" \/>\n<meta name=\"robots\" content=\"index, follow, max-snippet:-1, max-image-preview:large, max-video-preview:-1\" \/>\n<link rel=\"canonical\" href=\"https:\/\/cgh.com.pl\/es\/accesories\/kits-de-rampa-pozo-y-tapa\/cubiertas-de-rampa-de-hormigon\" \/>\n<meta property=\"og:locale\" content=\"es_ES\" \/>\n<meta property=\"og:type\" content=\"article\" \/>\n<meta property=\"og:title\" content=\"Cubiertas de rampa de hormig\u00f3n - CGH Group Sp. z o.o.\" \/>\n<meta property=\"og:description\" content=\"Pokrywy najazdowe betonowe - Wodoszczelna najazdowa pokrywa w\u0142azowa z wie\u0144cem betonowym. szczelnie zabezpieczaj\u0105 przed wodami...\" \/>\n<meta property=\"og:url\" content=\"https:\/\/cgh.com.pl\/es\/accesories\/kits-de-rampa-pozo-y-tapa\/cubiertas-de-rampa-de-hormigon\" \/>\n<meta property=\"og:site_name\" content=\"CGH Group Sp. z o.o.\" \/>\n<meta property=\"article:publisher\" content=\"https:\/\/www.facebook.com\/cghpolska\" \/>\n<meta property=\"article:modified_time\" content=\"2023-05-22T22:03:13+00:00\" \/>\n<meta property=\"og:image\" content=\"https:\/\/cgh.com.pl\/es\/wp-content\/uploads\/2022\/02\/street-cover-250-kn-920x920x250-mm.jpeg\" \/>\n<meta name=\"twitter:card\" content=\"summary_large_image\" \/>\n<meta name=\"twitter:label1\" content=\"Tiempo de lectura\" \/>\n\t<meta name=\"twitter:data1\" content=\"2 minutos\" \/>\n<script type=\"application\/ld+json\" class=\"yoast-schema-graph\">{\"@context\":\"https:\/\/schema.org\",\"@graph\":[{\"@type\":\"WebPage\",\"@id\":\"https:\/\/cgh.com.pl\/es\/accesories\/kits-de-rampa-pozo-y-tapa\/cubiertas-de-rampa-de-hormigon\",\"url\":\"https:\/\/cgh.com.pl\/es\/accesories\/kits-de-rampa-pozo-y-tapa\/cubiertas-de-rampa-de-hormigon\",\"name\":\"Cubiertas de rampa de hormig\u00f3n - CGH Group Sp. z o.o.\",\"isPartOf\":{\"@id\":\"https:\/\/cgh.com.pl\/es\/#website\"},\"primaryImageOfPage\":{\"@id\":\"https:\/\/cgh.com.pl\/es\/accesories\/kits-de-rampa-pozo-y-tapa\/cubiertas-de-rampa-de-hormigon#primaryimage\"},\"image\":{\"@id\":\"https:\/\/cgh.com.pl\/es\/accesories\/kits-de-rampa-pozo-y-tapa\/cubiertas-de-rampa-de-hormigon#primaryimage\"},\"thumbnailUrl\":\"https:\/\/cgh.com.pl\/es\/wp-content\/uploads\/2022\/02\/street-cover-250-kn-920x920x250-mm.jpeg\",\"datePublished\":\"2020-12-07T20:56:38+00:00\",\"dateModified\":\"2023-05-22T22:03:13+00:00\",\"description\":\"Pokrywy najazdowe betonowe - Wodoszczelna najazdowa pokrywa w\u0142azowa z wie\u0144cem betonowym. szczelnie zabezpieczaj\u0105 przed wodami...\",\"breadcrumb\":{\"@id\":\"https:\/\/cgh.com.pl\/es\/accesories\/kits-de-rampa-pozo-y-tapa\/cubiertas-de-rampa-de-hormigon#breadcrumb\"},\"inLanguage\":\"es\",\"potentialAction\":[{\"@type\":\"ReadAction\",\"target\":[\"https:\/\/cgh.com.pl\/es\/accesories\/kits-de-rampa-pozo-y-tapa\/cubiertas-de-rampa-de-hormigon\"]}]},{\"@type\":\"ImageObject\",\"inLanguage\":\"es\",\"@id\":\"https:\/\/cgh.com.pl\/es\/accesories\/kits-de-rampa-pozo-y-tapa\/cubiertas-de-rampa-de-hormigon#primaryimage\",\"url\":\"https:\/\/cgh.com.pl\/es\/wp-content\/uploads\/2022\/02\/street-cover-250-kn-920x920x250-mm.jpeg\",\"contentUrl\":\"https:\/\/cgh.com.pl\/es\/wp-content\/uploads\/2022\/02\/street-cover-250-kn-920x920x250-mm.jpeg\",\"width\":360,\"height\":240},{\"@type\":\"BreadcrumbList\",\"@id\":\"https:\/\/cgh.com.pl\/es\/accesories\/kits-de-rampa-pozo-y-tapa\/cubiertas-de-rampa-de-hormigon#breadcrumb\",\"itemListElement\":[{\"@type\":\"ListItem\",\"position\":1,\"name\":\"Strona g\u0142\u00f3wna\",\"item\":\"https:\/\/cgh.com.pl\/es\/\"},{\"@type\":\"ListItem\",\"position\":2,\"name\":\"Accesorios\",\"item\":\"https:\/\/cgh.com.pl\/es\/accesories\"},{\"@type\":\"ListItem\",\"position\":3,\"name\":\"Kits de rampa, pozo y tapa\",\"item\":\"https:\/\/cgh.com.pl\/es\/accesories\/kits-de-rampa-pozo-y-tapa\"},{\"@type\":\"ListItem\",\"position\":4,\"name\":\"Cubiertas de rampa de hormig\u00f3n\"}]},{\"@type\":\"WebSite\",\"@id\":\"https:\/\/cgh.com.pl\/es\/#website\",\"url\":\"https:\/\/cgh.com.pl\/es\/\",\"name\":\"CGH Group Sp. z o.o.\",\"description\":\"\",\"publisher\":{\"@id\":\"https:\/\/cgh.com.pl\/es\/#organization\"},\"alternateName\":\"Ingenier\u00eda, desarrollo y fabricaci\u00f3n de dep\u00f3sitos de GLP, industriales, combustibles, agua, a presi\u00f3n y acero inoxidable - CGH Group\",\"potentialAction\":[{\"@type\":\"SearchAction\",\"target\":{\"@type\":\"EntryPoint\",\"urlTemplate\":\"https:\/\/cgh.com.pl\/es\/?s={search_term_string}\"},\"query-input\":{\"@type\":\"PropertyValueSpecification\",\"valueRequired\":true,\"valueName\":\"search_term_string\"}}],\"inLanguage\":\"es\"},{\"@type\":\"Organization\",\"@id\":\"https:\/\/cgh.com.pl\/es\/#organization\",\"name\":\"CGH Group Sp. z o.o.\",\"url\":\"https:\/\/cgh.com.pl\/es\/\",\"logo\":{\"@type\":\"ImageObject\",\"inLanguage\":\"es\",\"@id\":\"https:\/\/cgh.com.pl\/es\/#\/schema\/logo\/image\/\",\"url\":\"https:\/\/cgh.com.pl\/es\/wp-content\/uploads\/2023\/05\/logoCGH.png\",\"contentUrl\":\"https:\/\/cgh.com.pl\/es\/wp-content\/uploads\/2023\/05\/logoCGH.png\",\"width\":449,\"height\":162,\"caption\":\"CGH Group Sp. z o.o.\"},\"image\":{\"@id\":\"https:\/\/cgh.com.pl\/es\/#\/schema\/logo\/image\/\"},\"sameAs\":[\"https:\/\/www.facebook.com\/cghpolska\",\"https:\/\/www.youtube.com\/channel\/UCe9uW1n0tEj_ZJOEtHIHGQw\"]}]}<\/script>\n<!-- \/ Yoast SEO plugin. -->","yoast_head_json":{"title":"Cubiertas de rampa de hormig\u00f3n - CGH Group Sp. z o.o.","description":"Pokrywy najazdowe betonowe - Wodoszczelna najazdowa pokrywa w\u0142azowa z wie\u0144cem betonowym. szczelnie zabezpieczaj\u0105 przed wodami...","robots":{"index":"index","follow":"follow","max-snippet":"max-snippet:-1","max-image-preview":"max-image-preview:large","max-video-preview":"max-video-preview:-1"},"canonical":"https:\/\/cgh.com.pl\/es\/accesories\/kits-de-rampa-pozo-y-tapa\/cubiertas-de-rampa-de-hormigon","og_locale":"es_ES","og_type":"article","og_title":"Cubiertas de rampa de hormig\u00f3n - CGH Group Sp. z o.o.","og_description":"Pokrywy najazdowe betonowe - Wodoszczelna najazdowa pokrywa w\u0142azowa z wie\u0144cem betonowym. szczelnie zabezpieczaj\u0105 przed wodami...","og_url":"https:\/\/cgh.com.pl\/es\/accesories\/kits-de-rampa-pozo-y-tapa\/cubiertas-de-rampa-de-hormigon","og_site_name":"CGH Group Sp. z o.o.","article_publisher":"https:\/\/www.facebook.com\/cghpolska","article_modified_time":"2023-05-22T22:03:13+00:00","og_image":[{"url":"https:\/\/cgh.com.pl\/es\/wp-content\/uploads\/2022\/02\/street-cover-250-kn-920x920x250-mm.jpeg","type":"","width":"","height":""}],"twitter_card":"summary_large_image","twitter_misc":{"Tiempo de lectura":"2 minutos"},"schema":{"@context":"https:\/\/schema.org","@graph":[{"@type":"WebPage","@id":"https:\/\/cgh.com.pl\/es\/accesories\/kits-de-rampa-pozo-y-tapa\/cubiertas-de-rampa-de-hormigon","url":"https:\/\/cgh.com.pl\/es\/accesories\/kits-de-rampa-pozo-y-tapa\/cubiertas-de-rampa-de-hormigon","name":"Cubiertas de rampa de hormig\u00f3n - CGH Group Sp. z o.o.","isPartOf":{"@id":"https:\/\/cgh.com.pl\/es\/#website"},"primaryImageOfPage":{"@id":"https:\/\/cgh.com.pl\/es\/accesories\/kits-de-rampa-pozo-y-tapa\/cubiertas-de-rampa-de-hormigon#primaryimage"},"image":{"@id":"https:\/\/cgh.com.pl\/es\/accesories\/kits-de-rampa-pozo-y-tapa\/cubiertas-de-rampa-de-hormigon#primaryimage"},"thumbnailUrl":"https:\/\/cgh.com.pl\/es\/wp-content\/uploads\/2022\/02\/street-cover-250-kn-920x920x250-mm.jpeg","datePublished":"2020-12-07T20:56:38+00:00","dateModified":"2023-05-22T22:03:13+00:00","description":"Pokrywy najazdowe betonowe - Wodoszczelna najazdowa pokrywa w\u0142azowa z wie\u0144cem betonowym. szczelnie zabezpieczaj\u0105 przed wodami...","breadcrumb":{"@id":"https:\/\/cgh.com.pl\/es\/accesories\/kits-de-rampa-pozo-y-tapa\/cubiertas-de-rampa-de-hormigon#breadcrumb"},"inLanguage":"es","potentialAction":[{"@type":"ReadAction","target":["https:\/\/cgh.com.pl\/es\/accesories\/kits-de-rampa-pozo-y-tapa\/cubiertas-de-rampa-de-hormigon"]}]},{"@type":"ImageObject","inLanguage":"es","@id":"https:\/\/cgh.com.pl\/es\/accesories\/kits-de-rampa-pozo-y-tapa\/cubiertas-de-rampa-de-hormigon#primaryimage","url":"https:\/\/cgh.com.pl\/es\/wp-content\/uploads\/2022\/02\/street-cover-250-kn-920x920x250-mm.jpeg","contentUrl":"https:\/\/cgh.com.pl\/es\/wp-content\/uploads\/2022\/02\/street-cover-250-kn-920x920x250-mm.jpeg","width":360,"height":240},{"@type":"BreadcrumbList","@id":"https:\/\/cgh.com.pl\/es\/accesories\/kits-de-rampa-pozo-y-tapa\/cubiertas-de-rampa-de-hormigon#breadcrumb","itemListElement":[{"@type":"ListItem","position":1,"name":"Strona g\u0142\u00f3wna","item":"https:\/\/cgh.com.pl\/es\/"},{"@type":"ListItem","position":2,"name":"Accesorios","item":"https:\/\/cgh.com.pl\/es\/accesories"},{"@type":"ListItem","position":3,"name":"Kits de rampa, pozo y tapa","item":"https:\/\/cgh.com.pl\/es\/accesories\/kits-de-rampa-pozo-y-tapa"},{"@type":"ListItem","position":4,"name":"Cubiertas de rampa de hormig\u00f3n"}]},{"@type":"WebSite","@id":"https:\/\/cgh.com.pl\/es\/#website","url":"https:\/\/cgh.com.pl\/es\/","name":"CGH Group Sp. z o.o.","description":"","publisher":{"@id":"https:\/\/cgh.com.pl\/es\/#organization"},"alternateName":"Ingenier\u00eda, desarrollo y fabricaci\u00f3n de dep\u00f3sitos de GLP, industriales, combustibles, agua, a presi\u00f3n y acero inoxidable - CGH Group","potentialAction":[{"@type":"SearchAction","target":{"@type":"EntryPoint","urlTemplate":"https:\/\/cgh.com.pl\/es\/?s={search_term_string}"},"query-input":{"@type":"PropertyValueSpecification","valueRequired":true,"valueName":"search_term_string"}}],"inLanguage":"es"},{"@type":"Organization","@id":"https:\/\/cgh.com.pl\/es\/#organization","name":"CGH Group Sp. z o.o.","url":"https:\/\/cgh.com.pl\/es\/","logo":{"@type":"ImageObject","inLanguage":"es","@id":"https:\/\/cgh.com.pl\/es\/#\/schema\/logo\/image\/","url":"https:\/\/cgh.com.pl\/es\/wp-content\/uploads\/2023\/05\/logoCGH.png","contentUrl":"https:\/\/cgh.com.pl\/es\/wp-content\/uploads\/2023\/05\/logoCGH.png","width":449,"height":162,"caption":"CGH Group Sp. z o.o."},"image":{"@id":"https:\/\/cgh.com.pl\/es\/#\/schema\/logo\/image\/"},"sameAs":["https:\/\/www.facebook.com\/cghpolska","https:\/\/www.youtube.com\/channel\/UCe9uW1n0tEj_ZJOEtHIHGQw"]}]}},"_links":{"self":[{"href":"https:\/\/cgh.com.pl\/es\/wp-json\/wp\/v2\/pages\/438","targetHints":{"allow":["GET"]}}],"collection":[{"href":"https:\/\/cgh.com.pl\/es\/wp-json\/wp\/v2\/pages"}],"about":[{"href":"https:\/\/cgh.com.pl\/es\/wp-json\/wp\/v2\/types\/page"}],"author":[{"embeddable":true,"href":"https:\/\/cgh.com.pl\/es\/wp-json\/wp\/v2\/users\/1"}],"replies":[{"embeddable":true,"href":"https:\/\/cgh.com.pl\/es\/wp-json\/wp\/v2\/comments?post=438"}],"version-history":[{"count":9,"href":"https:\/\/cgh.com.pl\/es\/wp-json\/wp\/v2\/pages\/438\/revisions"}],"predecessor-version":[{"id":5069,"href":"https:\/\/cgh.com.pl\/es\/wp-json\/wp\/v2\/pages\/438\/revisions\/5069"}],"up":[{"embeddable":true,"href":"https:\/\/cgh.com.pl\/es\/wp-json\/wp\/v2\/pages\/432"}],"wp:attachment":[{"href":"https:\/\/cgh.com.pl\/es\/wp-json\/wp\/v2\/media?parent=438"}],"curies":[{"name":"wp","href":"https:\/\/api.w.org\/{rel}","templated":true}]}}