{"id":444,"date":"2020-12-07T22:02:44","date_gmt":"2020-12-07T21:02:44","guid":{"rendered":"https:\/\/cgh.com.pl\/es\/?page_id=444"},"modified":"2023-05-23T00:04:48","modified_gmt":"2023-05-22T22:04:48","slug":"pozos-sobre-deposito-qta1-ta1","status":"publish","type":"page","link":"https:\/\/cgh.com.pl\/es\/accesories\/pozos-sobre-deposito-y-cesped\/pozos-sobre-deposito-qta1-ta1","title":{"rendered":"Pozos sobre dep\u00f3sito QTA1, TA1"},"content":{"rendered":"\n<div class=\"wp-block-columns has-2-columns is-layout-flex wp-container-core-columns-is-layout-9d6595d7 wp-block-columns-is-layout-flex\">\n<div class=\"wp-block-column is-layout-flow wp-block-column-is-layout-flow\"><div class=\"wp-block-image\">\n<figure class=\"aligncenter size-full\"><img decoding=\"async\" width=\"360\" height=\"240\" data-src=\"https:\/\/cgh.com.pl\/es\/wp-content\/uploads\/2021\/06\/tank-sumps-qta1-ta1-1a.jpg\" alt=\"Steel Tank Sumps QTA1, TA1\" class=\"wp-image-1733 img-fluid lazyload\" data-srcset=\"https:\/\/cgh.com.pl\/es\/wp-content\/uploads\/2021\/06\/tank-sumps-qta1-ta1-1a.jpg 360w, https:\/\/cgh.com.pl\/es\/wp-content\/uploads\/2021\/06\/tank-sumps-qta1-ta1-1a-300x200.jpg 300w\" data-sizes=\"(max-width: 360px) 100vw, 360px\" src=\"data:image\/svg+xml;base64,PHN2ZyB3aWR0aD0iMSIgaGVpZ2h0PSIxIiB4bWxucz0iaHR0cDovL3d3dy53My5vcmcvMjAwMC9zdmciPjwvc3ZnPg==\" style=\"--smush-placeholder-width: 360px; --smush-placeholder-aspect-ratio: 360\/240;\" \/><figcaption class=\"wp-element-caption\">Pozos sobre dep\u00f3sito QTA1<\/figcaption><\/figure><\/div>\n\n\n<div class=\"photos\">\n<div class=\"first-zoom-photo\"><img decoding=\"async\" data-src=\"https:\/\/cgh.com.pl\/es\/wp-content\/uploads\/2022\/02\/Steel-Tank-Sumps-TA-1.jpg\" alt=\"Studzienki natrawnikowe QTA1, TA1\" src=\"data:image\/svg+xml;base64,PHN2ZyB3aWR0aD0iMSIgaGVpZ2h0PSIxIiB4bWxucz0iaHR0cDovL3d3dy53My5vcmcvMjAwMC9zdmciPjwvc3ZnPg==\" class=\"lazyload\" style=\"--smush-placeholder-width: 591px; --smush-placeholder-aspect-ratio: 591\/490;\">Pozos sobre dep\u00f3sito TA1<div><\/div>\n<\/div>\n<div class=\"pair\"><img decoding=\"async\" data-src=\"https:\/\/cgh.com.pl\/es\/wp-content\/uploads\/2022\/02\/Steel-Tank-Sumps-TA1-1.jpg\" src=\"data:image\/svg+xml;base64,PHN2ZyB3aWR0aD0iMSIgaGVpZ2h0PSIxIiB4bWxucz0iaHR0cDovL3d3dy53My5vcmcvMjAwMC9zdmciPjwvc3ZnPg==\" class=\"lazyload\" style=\"--smush-placeholder-width: 886px; --smush-placeholder-aspect-ratio: 886\/832;\">Pozos sobre dep\u00f3sito TA1<div><\/div>\n<div><\/div>\n<\/div>\n<\/div>\n<\/div>\n\n\n\n<div class=\"wp-block-column is-layout-flow wp-block-column-is-layout-flow\">\n<p><strong><strong>Informaci\u00f3n del Producto<\/strong><\/strong><\/p>\n\n\n\n<p>Los pozos de dep\u00f3sito TA1, QTA1 est\u00e1n dise\u00f1ados para instalarse en un c\u00e9sped.<\/p>\n\n\n\n<p>Los pozos de los dep\u00f3sitos tienen como finalidad proteger y permitir el acceso a los accesorios instalados en el dep\u00f3sito ubicado en la zona verde.<\/p>\n\n\n\n<p>Ofrecen la posibilidad de un montaje r\u00e1pido y sencillo sobre el dep\u00f3sito atornill\u00e1ndolos a la brazola del dep\u00f3sito instalada de f\u00e1brica.<\/p>\n\n\n\n<p>Permiten el libre acceso a los accesorios del dep\u00f3sito durante los trabajos de reabastecimiento, inspecci\u00f3n y servicio.<\/p>\n\n\n\n<p>Hay dos tipos de pozos:<\/p>\n\n\n\n<p>Menor &#8211; QTA1 &#8211; 1200\u00d71200, h=1100, con doble tapa<\/p>\n\n\n\n<p>Mayor &#8211; TA1 &#8211; 1400\u00d71200, h=1100, con doble tapa<\/p>\n\n\n\n<p>Los pozos est\u00e1n disponibles en las siguientes versiones:<\/p>\n\n\n\n<ul class=\"wp-block-list\">\n<li>pozo pintado con imprimaci\u00f3n<\/li>\n\n\n\n<li>pozo galvanizado en caliente<\/li>\n\n\n\n<li>pozo pintado por fuera con imprimaci\u00f3n y por dentro con AdBlue<\/li>\n<\/ul>\n\n\n<div class=\"wp-block-image\">\n<figure class=\"alignleft size-full\"><img decoding=\"async\" width=\"22\" height=\"22\" data-src=\"https:\/\/cgh.com.pl\/es\/wp-content\/uploads\/2020\/12\/advantage.png\" alt=\"\" class=\"wp-image-559 img-fluid lazyload\" src=\"data:image\/svg+xml;base64,PHN2ZyB3aWR0aD0iMSIgaGVpZ2h0PSIxIiB4bWxucz0iaHR0cDovL3d3dy53My5vcmcvMjAwMC9zdmciPjwvc3ZnPg==\" style=\"--smush-placeholder-width: 22px; --smush-placeholder-aspect-ratio: 22\/22;\" \/><\/figure><\/div>\n\n\n<p><strong>Informaci\u00f3n t\u00e9cnica<\/strong><\/p>\n\n\n\n<p>1. Pozo de acero para c\u00e9sped QTA1 <br>1200\u00d71200, h=1100, con doble tapa<\/p>\n\n\n\n<p>Los pozos est\u00e1n disponibles en las siguientes versiones:<\/p>\n\n\n\n<ol class=\"wp-block-list\">\n<li>pozo pintado con una imprimaci\u00f3n<\/li>\n\n\n\n<li>pozo galvanizado en caliente<\/li>\n\n\n\n<li>pozo pintado por fuera con imprimaci\u00f3n y por dentro con AdBlue<\/li>\n<\/ol>\n\n\n\n<p>2. Pozo de acero para c\u00e9sped TA1<br>1400\u00d71200, h=1100, con doble tapa<\/p>\n\n\n\n<p>Los pozos est\u00e1n disponibles en las siguientes versiones:<\/p>\n\n\n\n<ol class=\"wp-block-list\">\n<li>pozo pintado con una imprimaci\u00f3n<\/li>\n\n\n\n<li>pozo galvanizado en caliente<\/li>\n\n\n\n<li>pozo pintado por fuera con imprimaci\u00f3n y por dentro con AdBlue<\/li>\n<\/ol>\n\n\n<div class=\"wp-block-image\">\n<figure class=\"alignleft size-full\"><img decoding=\"async\" width=\"22\" height=\"21\" data-src=\"https:\/\/cgh.com.pl\/es\/wp-content\/uploads\/2020\/12\/good.png\" alt=\"\" class=\"wp-image-558 img-fluid lazyload\" src=\"data:image\/svg+xml;base64,PHN2ZyB3aWR0aD0iMSIgaGVpZ2h0PSIxIiB4bWxucz0iaHR0cDovL3d3dy53My5vcmcvMjAwMC9zdmciPjwvc3ZnPg==\" style=\"--smush-placeholder-width: 22px; --smush-placeholder-aspect-ratio: 22\/21;\" \/><\/figure><\/div>\n\n\n<p><strong>Ventajas del dispositivo<\/strong><\/p>\n\n\n\n<p>M\u00e9todo de montaje en el dep\u00f3sito.<\/p>\n\n\n<div class=\"wp-block-image\">\n<figure class=\"aligncenter size-full\"><img decoding=\"async\" width=\"341\" height=\"247\" data-src=\"https:\/\/cgh.com.pl\/es\/wp-content\/uploads\/2022\/02\/sposob-montazu-ta1.jpg\" alt=\"\" class=\"wp-image-2474 img-fluid lazyload\" data-srcset=\"https:\/\/cgh.com.pl\/es\/wp-content\/uploads\/2022\/02\/sposob-montazu-ta1.jpg 341w, https:\/\/cgh.com.pl\/es\/wp-content\/uploads\/2022\/02\/sposob-montazu-ta1-300x217.jpg 300w\" data-sizes=\"(max-width: 341px) 100vw, 341px\" src=\"data:image\/svg+xml;base64,PHN2ZyB3aWR0aD0iMSIgaGVpZ2h0PSIxIiB4bWxucz0iaHR0cDovL3d3dy53My5vcmcvMjAwMC9zdmciPjwvc3ZnPg==\" style=\"--smush-placeholder-width: 341px; --smush-placeholder-aspect-ratio: 341\/247;\" \/><\/figure><\/div>\n\n\n<p>Montaje a la brazola del dep\u00f3sito con pernos<\/p>\n\n\n\n<ul class=\"wp-block-list\">\n<li>Muy f\u00e1cil de montar en la brazola del dep\u00f3sito instalada de f\u00e1brica.<\/li>\n\n\n\n<li>Durable y confiable<\/li>\n\n\n\n<li>Pozos atornillados al dep\u00f3sito con pernos.<\/li>\n\n\n\n<li>Bloqueo contra r\u00e1fagas contra ca\u00edda autom\u00e1tica.<\/li>\n\n\n\n<li>Cerrable con candado.<\/li>\n\n\n\n<li>Protecci\u00f3n de los accesorios del dep\u00f3sito instalado.<\/li>\n\n\n\n<li>F\u00e1cil acceso a los accesorios instalados<\/li>\n<\/ul>\n<\/div>\n<\/div>\n","protected":false},"excerpt":{"rendered":"<p>Pozos sobre dep\u00f3sito TA1 Pozos sobre dep\u00f3sito TA1 Informaci\u00f3n del Producto Los pozos de dep\u00f3sito TA1, QTA1 est\u00e1n dise\u00f1ados para instalarse en un c\u00e9sped. Los pozos de los dep\u00f3sitos tienen como finalidad proteger y permitir el acceso a los accesorios instalados en el dep\u00f3sito ubicado en la zona verde. Ofrecen la posibilidad de un montaje [&hellip;]?<\/p>\n","protected":false},"author":1,"featured_media":0,"parent":442,"menu_order":0,"comment_status":"closed","ping_status":"closed","template":"page-products-with-second-menu.php","meta":{"_acf_changed":false,"footnotes":""},"class_list":["post-444","page","type-page","status-publish","hentry"],"acf":[],"yoast_head":"<!-- This site is optimized with the Yoast SEO plugin v26.1.1 - https:\/\/yoast.com\/wordpress\/plugins\/seo\/ -->\n<title>Pozos sobre dep\u00f3sito QTA1, TA1 - CGH Group Sp. z o.o.<\/title>\n<meta name=\"description\" content=\"Studzienki natrawnikowe QTA1, TA1 przeznaczone s\u0105 do zabudowy na trawnikowej. Zadaniem studzienek na zbiornikowych jest ochrona...\" \/>\n<meta name=\"robots\" content=\"index, follow, max-snippet:-1, max-image-preview:large, max-video-preview:-1\" \/>\n<link rel=\"canonical\" href=\"https:\/\/cgh.com.pl\/es\/accesories\/pozos-sobre-deposito-y-cesped\/pozos-sobre-deposito-qta1-ta1\" \/>\n<meta property=\"og:locale\" content=\"es_ES\" \/>\n<meta property=\"og:type\" content=\"article\" \/>\n<meta property=\"og:title\" content=\"Pozos sobre dep\u00f3sito QTA1, TA1 - CGH Group Sp. z o.o.\" \/>\n<meta property=\"og:description\" content=\"Studzienki natrawnikowe QTA1, TA1 przeznaczone s\u0105 do zabudowy na trawnikowej. Zadaniem studzienek na zbiornikowych jest ochrona...\" \/>\n<meta property=\"og:url\" content=\"https:\/\/cgh.com.pl\/es\/accesories\/pozos-sobre-deposito-y-cesped\/pozos-sobre-deposito-qta1-ta1\" \/>\n<meta property=\"og:site_name\" content=\"CGH Group Sp. z o.o.\" \/>\n<meta property=\"article:publisher\" content=\"https:\/\/www.facebook.com\/cghpolska\" \/>\n<meta property=\"article:modified_time\" content=\"2023-05-22T22:04:48+00:00\" \/>\n<meta property=\"og:image\" content=\"https:\/\/cgh.com.pl\/es\/wp-content\/uploads\/2021\/06\/tank-sumps-qta1-ta1-1a.jpg\" \/>\n<meta name=\"twitter:card\" content=\"summary_large_image\" \/>\n<meta name=\"twitter:label1\" content=\"Tiempo de lectura\" \/>\n\t<meta name=\"twitter:data1\" content=\"2 minutos\" \/>\n<script type=\"application\/ld+json\" class=\"yoast-schema-graph\">{\"@context\":\"https:\/\/schema.org\",\"@graph\":[{\"@type\":\"WebPage\",\"@id\":\"https:\/\/cgh.com.pl\/es\/accesories\/pozos-sobre-deposito-y-cesped\/pozos-sobre-deposito-qta1-ta1\",\"url\":\"https:\/\/cgh.com.pl\/es\/accesories\/pozos-sobre-deposito-y-cesped\/pozos-sobre-deposito-qta1-ta1\",\"name\":\"Pozos sobre dep\u00f3sito QTA1, TA1 - CGH Group Sp. z o.o.\",\"isPartOf\":{\"@id\":\"https:\/\/cgh.com.pl\/es\/#website\"},\"primaryImageOfPage\":{\"@id\":\"https:\/\/cgh.com.pl\/es\/accesories\/pozos-sobre-deposito-y-cesped\/pozos-sobre-deposito-qta1-ta1#primaryimage\"},\"image\":{\"@id\":\"https:\/\/cgh.com.pl\/es\/accesories\/pozos-sobre-deposito-y-cesped\/pozos-sobre-deposito-qta1-ta1#primaryimage\"},\"thumbnailUrl\":\"https:\/\/cgh.com.pl\/es\/wp-content\/uploads\/2021\/06\/tank-sumps-qta1-ta1-1a.jpg\",\"datePublished\":\"2020-12-07T21:02:44+00:00\",\"dateModified\":\"2023-05-22T22:04:48+00:00\",\"description\":\"Studzienki natrawnikowe QTA1, TA1 przeznaczone s\u0105 do zabudowy na trawnikowej. Zadaniem studzienek na zbiornikowych jest ochrona...\",\"breadcrumb\":{\"@id\":\"https:\/\/cgh.com.pl\/es\/accesories\/pozos-sobre-deposito-y-cesped\/pozos-sobre-deposito-qta1-ta1#breadcrumb\"},\"inLanguage\":\"es\",\"potentialAction\":[{\"@type\":\"ReadAction\",\"target\":[\"https:\/\/cgh.com.pl\/es\/accesories\/pozos-sobre-deposito-y-cesped\/pozos-sobre-deposito-qta1-ta1\"]}]},{\"@type\":\"ImageObject\",\"inLanguage\":\"es\",\"@id\":\"https:\/\/cgh.com.pl\/es\/accesories\/pozos-sobre-deposito-y-cesped\/pozos-sobre-deposito-qta1-ta1#primaryimage\",\"url\":\"https:\/\/cgh.com.pl\/es\/wp-content\/uploads\/2021\/06\/tank-sumps-qta1-ta1-1a.jpg\",\"contentUrl\":\"https:\/\/cgh.com.pl\/es\/wp-content\/uploads\/2021\/06\/tank-sumps-qta1-ta1-1a.jpg\",\"width\":360,\"height\":240,\"caption\":\"Tank sumps QTA1, TA1\"},{\"@type\":\"BreadcrumbList\",\"@id\":\"https:\/\/cgh.com.pl\/es\/accesories\/pozos-sobre-deposito-y-cesped\/pozos-sobre-deposito-qta1-ta1#breadcrumb\",\"itemListElement\":[{\"@type\":\"ListItem\",\"position\":1,\"name\":\"Strona g\u0142\u00f3wna\",\"item\":\"https:\/\/cgh.com.pl\/es\/\"},{\"@type\":\"ListItem\",\"position\":2,\"name\":\"Accesorios\",\"item\":\"https:\/\/cgh.com.pl\/es\/accesories\"},{\"@type\":\"ListItem\",\"position\":3,\"name\":\"Pozos sobre dep\u00f3sito y c\u00e9sped\",\"item\":\"https:\/\/cgh.com.pl\/es\/accesories\/pozos-sobre-deposito-y-cesped\"},{\"@type\":\"ListItem\",\"position\":4,\"name\":\"Pozos sobre dep\u00f3sito QTA1, TA1\"}]},{\"@type\":\"WebSite\",\"@id\":\"https:\/\/cgh.com.pl\/es\/#website\",\"url\":\"https:\/\/cgh.com.pl\/es\/\",\"name\":\"CGH Group Sp. z o.o.\",\"description\":\"\",\"publisher\":{\"@id\":\"https:\/\/cgh.com.pl\/es\/#organization\"},\"alternateName\":\"Ingenier\u00eda, desarrollo y fabricaci\u00f3n de dep\u00f3sitos de GLP, industriales, combustibles, agua, a presi\u00f3n y acero inoxidable - CGH Group\",\"potentialAction\":[{\"@type\":\"SearchAction\",\"target\":{\"@type\":\"EntryPoint\",\"urlTemplate\":\"https:\/\/cgh.com.pl\/es\/?s={search_term_string}\"},\"query-input\":{\"@type\":\"PropertyValueSpecification\",\"valueRequired\":true,\"valueName\":\"search_term_string\"}}],\"inLanguage\":\"es\"},{\"@type\":\"Organization\",\"@id\":\"https:\/\/cgh.com.pl\/es\/#organization\",\"name\":\"CGH Group Sp. z o.o.\",\"url\":\"https:\/\/cgh.com.pl\/es\/\",\"logo\":{\"@type\":\"ImageObject\",\"inLanguage\":\"es\",\"@id\":\"https:\/\/cgh.com.pl\/es\/#\/schema\/logo\/image\/\",\"url\":\"https:\/\/cgh.com.pl\/es\/wp-content\/uploads\/2023\/05\/logoCGH.png\",\"contentUrl\":\"https:\/\/cgh.com.pl\/es\/wp-content\/uploads\/2023\/05\/logoCGH.png\",\"width\":449,\"height\":162,\"caption\":\"CGH Group Sp. z o.o.\"},\"image\":{\"@id\":\"https:\/\/cgh.com.pl\/es\/#\/schema\/logo\/image\/\"},\"sameAs\":[\"https:\/\/www.facebook.com\/cghpolska\",\"https:\/\/www.youtube.com\/channel\/UCe9uW1n0tEj_ZJOEtHIHGQw\"]}]}<\/script>\n<!-- \/ Yoast SEO plugin. -->","yoast_head_json":{"title":"Pozos sobre dep\u00f3sito QTA1, TA1 - CGH Group Sp. z o.o.","description":"Studzienki natrawnikowe QTA1, TA1 przeznaczone s\u0105 do zabudowy na trawnikowej. Zadaniem studzienek na zbiornikowych jest ochrona...","robots":{"index":"index","follow":"follow","max-snippet":"max-snippet:-1","max-image-preview":"max-image-preview:large","max-video-preview":"max-video-preview:-1"},"canonical":"https:\/\/cgh.com.pl\/es\/accesories\/pozos-sobre-deposito-y-cesped\/pozos-sobre-deposito-qta1-ta1","og_locale":"es_ES","og_type":"article","og_title":"Pozos sobre dep\u00f3sito QTA1, TA1 - CGH Group Sp. z o.o.","og_description":"Studzienki natrawnikowe QTA1, TA1 przeznaczone s\u0105 do zabudowy na trawnikowej. Zadaniem studzienek na zbiornikowych jest ochrona...","og_url":"https:\/\/cgh.com.pl\/es\/accesories\/pozos-sobre-deposito-y-cesped\/pozos-sobre-deposito-qta1-ta1","og_site_name":"CGH Group Sp. z o.o.","article_publisher":"https:\/\/www.facebook.com\/cghpolska","article_modified_time":"2023-05-22T22:04:48+00:00","og_image":[{"url":"https:\/\/cgh.com.pl\/es\/wp-content\/uploads\/2021\/06\/tank-sumps-qta1-ta1-1a.jpg","type":"","width":"","height":""}],"twitter_card":"summary_large_image","twitter_misc":{"Tiempo de lectura":"2 minutos"},"schema":{"@context":"https:\/\/schema.org","@graph":[{"@type":"WebPage","@id":"https:\/\/cgh.com.pl\/es\/accesories\/pozos-sobre-deposito-y-cesped\/pozos-sobre-deposito-qta1-ta1","url":"https:\/\/cgh.com.pl\/es\/accesories\/pozos-sobre-deposito-y-cesped\/pozos-sobre-deposito-qta1-ta1","name":"Pozos sobre dep\u00f3sito QTA1, TA1 - CGH Group Sp. z o.o.","isPartOf":{"@id":"https:\/\/cgh.com.pl\/es\/#website"},"primaryImageOfPage":{"@id":"https:\/\/cgh.com.pl\/es\/accesories\/pozos-sobre-deposito-y-cesped\/pozos-sobre-deposito-qta1-ta1#primaryimage"},"image":{"@id":"https:\/\/cgh.com.pl\/es\/accesories\/pozos-sobre-deposito-y-cesped\/pozos-sobre-deposito-qta1-ta1#primaryimage"},"thumbnailUrl":"https:\/\/cgh.com.pl\/es\/wp-content\/uploads\/2021\/06\/tank-sumps-qta1-ta1-1a.jpg","datePublished":"2020-12-07T21:02:44+00:00","dateModified":"2023-05-22T22:04:48+00:00","description":"Studzienki natrawnikowe QTA1, TA1 przeznaczone s\u0105 do zabudowy na trawnikowej. Zadaniem studzienek na zbiornikowych jest ochrona...","breadcrumb":{"@id":"https:\/\/cgh.com.pl\/es\/accesories\/pozos-sobre-deposito-y-cesped\/pozos-sobre-deposito-qta1-ta1#breadcrumb"},"inLanguage":"es","potentialAction":[{"@type":"ReadAction","target":["https:\/\/cgh.com.pl\/es\/accesories\/pozos-sobre-deposito-y-cesped\/pozos-sobre-deposito-qta1-ta1"]}]},{"@type":"ImageObject","inLanguage":"es","@id":"https:\/\/cgh.com.pl\/es\/accesories\/pozos-sobre-deposito-y-cesped\/pozos-sobre-deposito-qta1-ta1#primaryimage","url":"https:\/\/cgh.com.pl\/es\/wp-content\/uploads\/2021\/06\/tank-sumps-qta1-ta1-1a.jpg","contentUrl":"https:\/\/cgh.com.pl\/es\/wp-content\/uploads\/2021\/06\/tank-sumps-qta1-ta1-1a.jpg","width":360,"height":240,"caption":"Tank sumps QTA1, TA1"},{"@type":"BreadcrumbList","@id":"https:\/\/cgh.com.pl\/es\/accesories\/pozos-sobre-deposito-y-cesped\/pozos-sobre-deposito-qta1-ta1#breadcrumb","itemListElement":[{"@type":"ListItem","position":1,"name":"Strona g\u0142\u00f3wna","item":"https:\/\/cgh.com.pl\/es\/"},{"@type":"ListItem","position":2,"name":"Accesorios","item":"https:\/\/cgh.com.pl\/es\/accesories"},{"@type":"ListItem","position":3,"name":"Pozos sobre dep\u00f3sito y c\u00e9sped","item":"https:\/\/cgh.com.pl\/es\/accesories\/pozos-sobre-deposito-y-cesped"},{"@type":"ListItem","position":4,"name":"Pozos sobre dep\u00f3sito QTA1, TA1"}]},{"@type":"WebSite","@id":"https:\/\/cgh.com.pl\/es\/#website","url":"https:\/\/cgh.com.pl\/es\/","name":"CGH Group Sp. z o.o.","description":"","publisher":{"@id":"https:\/\/cgh.com.pl\/es\/#organization"},"alternateName":"Ingenier\u00eda, desarrollo y fabricaci\u00f3n de dep\u00f3sitos de GLP, industriales, combustibles, agua, a presi\u00f3n y acero inoxidable - CGH Group","potentialAction":[{"@type":"SearchAction","target":{"@type":"EntryPoint","urlTemplate":"https:\/\/cgh.com.pl\/es\/?s={search_term_string}"},"query-input":{"@type":"PropertyValueSpecification","valueRequired":true,"valueName":"search_term_string"}}],"inLanguage":"es"},{"@type":"Organization","@id":"https:\/\/cgh.com.pl\/es\/#organization","name":"CGH Group Sp. z o.o.","url":"https:\/\/cgh.com.pl\/es\/","logo":{"@type":"ImageObject","inLanguage":"es","@id":"https:\/\/cgh.com.pl\/es\/#\/schema\/logo\/image\/","url":"https:\/\/cgh.com.pl\/es\/wp-content\/uploads\/2023\/05\/logoCGH.png","contentUrl":"https:\/\/cgh.com.pl\/es\/wp-content\/uploads\/2023\/05\/logoCGH.png","width":449,"height":162,"caption":"CGH Group Sp. z o.o."},"image":{"@id":"https:\/\/cgh.com.pl\/es\/#\/schema\/logo\/image\/"},"sameAs":["https:\/\/www.facebook.com\/cghpolska","https:\/\/www.youtube.com\/channel\/UCe9uW1n0tEj_ZJOEtHIHGQw"]}]}},"_links":{"self":[{"href":"https:\/\/cgh.com.pl\/es\/wp-json\/wp\/v2\/pages\/444","targetHints":{"allow":["GET"]}}],"collection":[{"href":"https:\/\/cgh.com.pl\/es\/wp-json\/wp\/v2\/pages"}],"about":[{"href":"https:\/\/cgh.com.pl\/es\/wp-json\/wp\/v2\/types\/page"}],"author":[{"embeddable":true,"href":"https:\/\/cgh.com.pl\/es\/wp-json\/wp\/v2\/users\/1"}],"replies":[{"embeddable":true,"href":"https:\/\/cgh.com.pl\/es\/wp-json\/wp\/v2\/comments?post=444"}],"version-history":[{"count":7,"href":"https:\/\/cgh.com.pl\/es\/wp-json\/wp\/v2\/pages\/444\/revisions"}],"predecessor-version":[{"id":5073,"href":"https:\/\/cgh.com.pl\/es\/wp-json\/wp\/v2\/pages\/444\/revisions\/5073"}],"up":[{"embeddable":true,"href":"https:\/\/cgh.com.pl\/es\/wp-json\/wp\/v2\/pages\/442"}],"wp:attachment":[{"href":"https:\/\/cgh.com.pl\/es\/wp-json\/wp\/v2\/media?parent=444"}],"curies":[{"name":"wp","href":"https:\/\/api.w.org\/{rel}","templated":true}]}}