{"id":451,"date":"2020-12-07T22:10:32","date_gmt":"2020-12-07T21:10:32","guid":{"rendered":"https:\/\/cgh.com.pl\/es\/?page_id=451"},"modified":"2023-05-23T00:04:29","modified_gmt":"2023-05-22T22:04:29","slug":"pozos-sobre-cesped-tb","status":"publish","type":"page","link":"https:\/\/cgh.com.pl\/es\/accesories\/pozos-sobre-deposito-y-cesped\/pozos-sobre-cesped-tb","title":{"rendered":"Pozos sobre c\u00e9sped TB"},"content":{"rendered":"\n<div class=\"wp-block-columns has-2-columns is-layout-flex wp-container-core-columns-is-layout-9d6595d7 wp-block-columns-is-layout-flex\">\n<div class=\"wp-block-column is-layout-flow wp-block-column-is-layout-flow\"><div class=\"wp-block-image\">\n<figure class=\"aligncenter is-resized\"><img decoding=\"async\" width=\"862\" height=\"1024\" data-src=\"https:\/\/cgh.com.pl\/es\/wp-content\/uploads\/2021\/06\/tb1-surface-sump-862x1024.jpg\" alt=\"TB sumps for green area\" class=\"wp-image-1776 img-fluid lazyload\" title=\"TB sumps for green area\" data-srcset=\"https:\/\/cgh.com.pl\/es\/wp-content\/uploads\/2021\/06\/tb1-surface-sump-862x1024.jpg 862w, https:\/\/cgh.com.pl\/es\/wp-content\/uploads\/2021\/06\/tb1-surface-sump-252x300.jpg 252w, https:\/\/cgh.com.pl\/es\/wp-content\/uploads\/2021\/06\/tb1-surface-sump-768x913.jpg 768w, https:\/\/cgh.com.pl\/es\/wp-content\/uploads\/2021\/06\/tb1-surface-sump.jpg 945w\" data-sizes=\"(max-width: 862px) 100vw, 862px\" src=\"data:image\/svg+xml;base64,PHN2ZyB3aWR0aD0iMSIgaGVpZ2h0PSIxIiB4bWxucz0iaHR0cDovL3d3dy53My5vcmcvMjAwMC9zdmciPjwvc3ZnPg==\" style=\"--smush-placeholder-width: 862px; --smush-placeholder-aspect-ratio: 862\/1024;\" \/><figcaption class=\"wp-element-caption\">Pozos sobre c\u00e9sped TB1<\/figcaption><\/figure><\/div>\n\n\n<div class=\"photos\">\n<div class=\"first-zoom-photo\"><img decoding=\"async\" data-src=\"https:\/\/cgh.com.pl\/es\/wp-content\/uploads\/2021\/02\/tank-sumps-for-green-area-tb2.jpg\" src=\"data:image\/svg+xml;base64,PHN2ZyB3aWR0aD0iMSIgaGVpZ2h0PSIxIiB4bWxucz0iaHR0cDovL3d3dy53My5vcmcvMjAwMC9zdmciPjwvc3ZnPg==\" class=\"lazyload\" style=\"--smush-placeholder-width: 360px; --smush-placeholder-aspect-ratio: 360\/240;\">Pozos sobre c\u00e9sped TB2<div><\/div>\n<\/div>\n<div class=\"pair\"><img decoding=\"async\" data-src=\"https:\/\/cgh.com.pl\/es\/wp-content\/uploads\/2021\/06\/tb3-surface-sump.jpg\" src=\"data:image\/svg+xml;base64,PHN2ZyB3aWR0aD0iMSIgaGVpZ2h0PSIxIiB4bWxucz0iaHR0cDovL3d3dy53My5vcmcvMjAwMC9zdmciPjwvc3ZnPg==\" class=\"lazyload\" style=\"--smush-placeholder-width: 945px; --smush-placeholder-aspect-ratio: 945\/949;\">Pozos sobre c\u00e9sped TB3<div><\/div>\n<div><\/div>\n<\/div>\n<\/div>\n<\/div>\n\n\n\n<div class=\"wp-block-column is-layout-flow wp-block-column-is-layout-flow\">\n<p><strong><strong><strong>Informaci\u00f3n del Producto<\/strong><\/strong><\/strong><\/p>\n\n\n\n<p>Los pozos de c\u00e9sped tipo TB brindan acceso al registro de acceso de un dep\u00f3sito subterr\u00e1neo ubicado en una zona verde.<\/p>\n\n\n\n<p>Brindan la posibilidad de un montaje sencillo y r\u00e1pido sobre el dep\u00f3sito atornill\u00e1ndolos a la brazola del dep\u00f3sito con tornillos.<\/p>\n\n\n\n<p>Est\u00e1n disponibles con varios sistemas anticorrosi\u00f3n para el cuerpo de acero, por ejemplo: pintado con PUR, pintura de imprimaci\u00f3n o galvanizado en caliente.<\/p>\n\n\n\n<p>Hay dos tipos de cubiertas disponibles: aluminio y acero galvanizado.<\/p>\n\n\n\n<p>Para uso en tanques con brazolas cuadradas y rectangulares.<\/p>\n\n\n<div class=\"wp-block-image\">\n<figure class=\"alignleft size-full\"><img decoding=\"async\" width=\"22\" height=\"21\" data-src=\"https:\/\/cgh.com.pl\/es\/wp-content\/uploads\/2022\/11\/good.png\" alt=\"\" class=\"wp-image-4384 img-fluid lazyload\" src=\"data:image\/svg+xml;base64,PHN2ZyB3aWR0aD0iMSIgaGVpZ2h0PSIxIiB4bWxucz0iaHR0cDovL3d3dy53My5vcmcvMjAwMC9zdmciPjwvc3ZnPg==\" style=\"--smush-placeholder-width: 22px; --smush-placeholder-aspect-ratio: 22\/21;\" \/><\/figure><\/div>\n\n\n<p><strong><strong><strong>Ventajas del dispositivo<\/strong><\/strong><\/strong><\/p>\n\n\n\n<ul class=\"wp-block-list\">\n<li>varias formas de acabado del revestimiento del cuerpo de acero:<\/li>\n\n\n\n<li>galvanizado en caliente<\/li>\n\n\n\n<li>pintado PUR<\/li>\n\n\n\n<li>pintado con pintura de imprimaci\u00f3n<\/li>\n\n\n\n<li>diferentes materiales de cubierta:<\/li>\n\n\n\n<li>acero galvanizado en caliente<\/li>\n\n\n\n<li>aluminio crudo<\/li>\n\n\n\n<li>F\u00e1cil instalaci\u00f3n en el dep\u00f3sito.<\/li>\n\n\n\n<li>Superficie antideslizante de la cubierta &#8211; placa de control<\/li>\n\n\n\n<li>Cerrable con un candado<\/li>\n<\/ul>\n\n\n<div class=\"wp-block-image\">\n<figure class=\"alignleft size-full\"><img decoding=\"async\" width=\"22\" height=\"22\" data-src=\"https:\/\/cgh.com.pl\/es\/wp-content\/uploads\/2022\/11\/advantage.png\" alt=\"\" class=\"wp-image-4385 img-fluid lazyload\" src=\"data:image\/svg+xml;base64,PHN2ZyB3aWR0aD0iMSIgaGVpZ2h0PSIxIiB4bWxucz0iaHR0cDovL3d3dy53My5vcmcvMjAwMC9zdmciPjwvc3ZnPg==\" style=\"--smush-placeholder-width: 22px; --smush-placeholder-aspect-ratio: 22\/22;\" \/><\/figure><\/div>\n\n\n<p><strong><strong><strong>Informaci\u00f3n t\u00e9cnica<\/strong><\/strong><\/strong><\/p>\n\n\n\n<ul class=\"wp-block-list\">\n<li>Pozo sobre c\u00e9sped TB1<br>1200 \u00d7 1200, h = 1100 con orificio interno 780 \u00d7 780 y tapa 860 \u00d7 860 (7KN)<\/li>\n\n\n\n<li>Pozo de arrastre TB2<br>1200\u00d71200, h=1100 con orificio interno 1000 \u00d7 1000 y tapa 1080 \u00d7 1080 (7KN)<\/li>\n\n\n\n<li>Pozo de c\u00e9sped TB3<br>1200 \u00d7 2400, h = 1100 con orificio interno 1000 \u00d7 1000, con cubiertas 1080 \u00d7 1080 (7KN)<\/li>\n<\/ul>\n<\/div>\n<\/div>\n\n\n\n<p><\/p>\n","protected":false},"excerpt":{"rendered":"<p>Pozos sobre c\u00e9sped TB2 Pozos sobre c\u00e9sped TB3 Informaci\u00f3n del Producto Los pozos de c\u00e9sped tipo TB brindan acceso al registro de acceso de un dep\u00f3sito subterr\u00e1neo ubicado en una zona verde. Brindan la posibilidad de un montaje sencillo y r\u00e1pido sobre el dep\u00f3sito atornill\u00e1ndolos a la brazola del dep\u00f3sito con tornillos. Est\u00e1n disponibles con [&hellip;]?<\/p>\n","protected":false},"author":1,"featured_media":0,"parent":442,"menu_order":0,"comment_status":"closed","ping_status":"closed","template":"page-products-with-second-menu.php","meta":{"_acf_changed":false,"footnotes":""},"class_list":["post-451","page","type-page","status-publish","hentry"],"acf":[],"yoast_head":"<!-- This site is optimized with the Yoast SEO plugin v26.1.1 - https:\/\/yoast.com\/wordpress\/plugins\/seo\/ -->\n<title>Pozos sobre c\u00e9sped TB - CGH Group Sp. z o.o.<\/title>\n<meta name=\"robots\" content=\"index, follow, max-snippet:-1, max-image-preview:large, max-video-preview:-1\" \/>\n<link rel=\"canonical\" href=\"https:\/\/cgh.com.pl\/es\/accesories\/pozos-sobre-deposito-y-cesped\/pozos-sobre-cesped-tb\" \/>\n<meta property=\"og:locale\" content=\"es_ES\" \/>\n<meta property=\"og:type\" content=\"article\" \/>\n<meta property=\"og:title\" content=\"Pozos sobre c\u00e9sped TB - CGH Group Sp. z o.o.\" \/>\n<meta property=\"og:description\" content=\"Pozos sobre c\u00e9sped TB2 Pozos sobre c\u00e9sped TB3 Informaci\u00f3n del Producto Los pozos de c\u00e9sped tipo TB brindan acceso al registro de acceso de un dep\u00f3sito subterr\u00e1neo ubicado en una zona verde. Brindan la posibilidad de un montaje sencillo y r\u00e1pido sobre el dep\u00f3sito atornill\u00e1ndolos a la brazola del dep\u00f3sito con tornillos. Est\u00e1n disponibles con [&hellip;]?\" \/>\n<meta property=\"og:url\" content=\"https:\/\/cgh.com.pl\/es\/accesories\/pozos-sobre-deposito-y-cesped\/pozos-sobre-cesped-tb\" \/>\n<meta property=\"og:site_name\" content=\"CGH Group Sp. z o.o.\" \/>\n<meta property=\"article:publisher\" content=\"https:\/\/www.facebook.com\/cghpolska\" \/>\n<meta property=\"article:modified_time\" content=\"2023-05-22T22:04:29+00:00\" \/>\n<meta property=\"og:image\" content=\"https:\/\/cgh.com.pl\/es\/wp-content\/uploads\/2021\/06\/tb1-surface-sump-862x1024.jpg\" \/>\n<meta name=\"twitter:card\" content=\"summary_large_image\" \/>\n<meta name=\"twitter:label1\" content=\"Tiempo de lectura\" \/>\n\t<meta name=\"twitter:data1\" content=\"1 minuto\" \/>\n<script type=\"application\/ld+json\" class=\"yoast-schema-graph\">{\"@context\":\"https:\/\/schema.org\",\"@graph\":[{\"@type\":\"WebPage\",\"@id\":\"https:\/\/cgh.com.pl\/es\/accesories\/pozos-sobre-deposito-y-cesped\/pozos-sobre-cesped-tb\",\"url\":\"https:\/\/cgh.com.pl\/es\/accesories\/pozos-sobre-deposito-y-cesped\/pozos-sobre-cesped-tb\",\"name\":\"Pozos sobre c\u00e9sped TB - CGH Group Sp. z o.o.\",\"isPartOf\":{\"@id\":\"https:\/\/cgh.com.pl\/es\/#website\"},\"primaryImageOfPage\":{\"@id\":\"https:\/\/cgh.com.pl\/es\/accesories\/pozos-sobre-deposito-y-cesped\/pozos-sobre-cesped-tb#primaryimage\"},\"image\":{\"@id\":\"https:\/\/cgh.com.pl\/es\/accesories\/pozos-sobre-deposito-y-cesped\/pozos-sobre-cesped-tb#primaryimage\"},\"thumbnailUrl\":\"https:\/\/cgh.com.pl\/es\/wp-content\/uploads\/2021\/06\/tb1-surface-sump-862x1024.jpg\",\"datePublished\":\"2020-12-07T21:10:32+00:00\",\"dateModified\":\"2023-05-22T22:04:29+00:00\",\"breadcrumb\":{\"@id\":\"https:\/\/cgh.com.pl\/es\/accesories\/pozos-sobre-deposito-y-cesped\/pozos-sobre-cesped-tb#breadcrumb\"},\"inLanguage\":\"es\",\"potentialAction\":[{\"@type\":\"ReadAction\",\"target\":[\"https:\/\/cgh.com.pl\/es\/accesories\/pozos-sobre-deposito-y-cesped\/pozos-sobre-cesped-tb\"]}]},{\"@type\":\"ImageObject\",\"inLanguage\":\"es\",\"@id\":\"https:\/\/cgh.com.pl\/es\/accesories\/pozos-sobre-deposito-y-cesped\/pozos-sobre-cesped-tb#primaryimage\",\"url\":\"https:\/\/cgh.com.pl\/es\/wp-content\/uploads\/2021\/06\/tb1-surface-sump.jpg\",\"contentUrl\":\"https:\/\/cgh.com.pl\/es\/wp-content\/uploads\/2021\/06\/tb1-surface-sump.jpg\",\"width\":945,\"height\":1123,\"caption\":\"TB1 surface sump\"},{\"@type\":\"BreadcrumbList\",\"@id\":\"https:\/\/cgh.com.pl\/es\/accesories\/pozos-sobre-deposito-y-cesped\/pozos-sobre-cesped-tb#breadcrumb\",\"itemListElement\":[{\"@type\":\"ListItem\",\"position\":1,\"name\":\"Strona g\u0142\u00f3wna\",\"item\":\"https:\/\/cgh.com.pl\/es\/\"},{\"@type\":\"ListItem\",\"position\":2,\"name\":\"Accesorios\",\"item\":\"https:\/\/cgh.com.pl\/es\/accesories\"},{\"@type\":\"ListItem\",\"position\":3,\"name\":\"Pozos sobre dep\u00f3sito y c\u00e9sped\",\"item\":\"https:\/\/cgh.com.pl\/es\/accesories\/pozos-sobre-deposito-y-cesped\"},{\"@type\":\"ListItem\",\"position\":4,\"name\":\"Pozos sobre c\u00e9sped TB\"}]},{\"@type\":\"WebSite\",\"@id\":\"https:\/\/cgh.com.pl\/es\/#website\",\"url\":\"https:\/\/cgh.com.pl\/es\/\",\"name\":\"CGH Group Sp. z o.o.\",\"description\":\"\",\"publisher\":{\"@id\":\"https:\/\/cgh.com.pl\/es\/#organization\"},\"alternateName\":\"Ingenier\u00eda, desarrollo y fabricaci\u00f3n de dep\u00f3sitos de GLP, industriales, combustibles, agua, a presi\u00f3n y acero inoxidable - CGH Group\",\"potentialAction\":[{\"@type\":\"SearchAction\",\"target\":{\"@type\":\"EntryPoint\",\"urlTemplate\":\"https:\/\/cgh.com.pl\/es\/?s={search_term_string}\"},\"query-input\":{\"@type\":\"PropertyValueSpecification\",\"valueRequired\":true,\"valueName\":\"search_term_string\"}}],\"inLanguage\":\"es\"},{\"@type\":\"Organization\",\"@id\":\"https:\/\/cgh.com.pl\/es\/#organization\",\"name\":\"CGH Group Sp. z o.o.\",\"url\":\"https:\/\/cgh.com.pl\/es\/\",\"logo\":{\"@type\":\"ImageObject\",\"inLanguage\":\"es\",\"@id\":\"https:\/\/cgh.com.pl\/es\/#\/schema\/logo\/image\/\",\"url\":\"https:\/\/cgh.com.pl\/es\/wp-content\/uploads\/2023\/05\/logoCGH.png\",\"contentUrl\":\"https:\/\/cgh.com.pl\/es\/wp-content\/uploads\/2023\/05\/logoCGH.png\",\"width\":449,\"height\":162,\"caption\":\"CGH Group Sp. z o.o.\"},\"image\":{\"@id\":\"https:\/\/cgh.com.pl\/es\/#\/schema\/logo\/image\/\"},\"sameAs\":[\"https:\/\/www.facebook.com\/cghpolska\",\"https:\/\/www.youtube.com\/channel\/UCe9uW1n0tEj_ZJOEtHIHGQw\"]}]}<\/script>\n<!-- \/ Yoast SEO plugin. -->","yoast_head_json":{"title":"Pozos sobre c\u00e9sped TB - CGH Group Sp. z o.o.","robots":{"index":"index","follow":"follow","max-snippet":"max-snippet:-1","max-image-preview":"max-image-preview:large","max-video-preview":"max-video-preview:-1"},"canonical":"https:\/\/cgh.com.pl\/es\/accesories\/pozos-sobre-deposito-y-cesped\/pozos-sobre-cesped-tb","og_locale":"es_ES","og_type":"article","og_title":"Pozos sobre c\u00e9sped TB - CGH Group Sp. z o.o.","og_description":"Pozos sobre c\u00e9sped TB2 Pozos sobre c\u00e9sped TB3 Informaci\u00f3n del Producto Los pozos de c\u00e9sped tipo TB brindan acceso al registro de acceso de un dep\u00f3sito subterr\u00e1neo ubicado en una zona verde. Brindan la posibilidad de un montaje sencillo y r\u00e1pido sobre el dep\u00f3sito atornill\u00e1ndolos a la brazola del dep\u00f3sito con tornillos. Est\u00e1n disponibles con [&hellip;]?","og_url":"https:\/\/cgh.com.pl\/es\/accesories\/pozos-sobre-deposito-y-cesped\/pozos-sobre-cesped-tb","og_site_name":"CGH Group Sp. z o.o.","article_publisher":"https:\/\/www.facebook.com\/cghpolska","article_modified_time":"2023-05-22T22:04:29+00:00","og_image":[{"url":"https:\/\/cgh.com.pl\/es\/wp-content\/uploads\/2021\/06\/tb1-surface-sump-862x1024.jpg","type":"","width":"","height":""}],"twitter_card":"summary_large_image","twitter_misc":{"Tiempo de lectura":"1 minuto"},"schema":{"@context":"https:\/\/schema.org","@graph":[{"@type":"WebPage","@id":"https:\/\/cgh.com.pl\/es\/accesories\/pozos-sobre-deposito-y-cesped\/pozos-sobre-cesped-tb","url":"https:\/\/cgh.com.pl\/es\/accesories\/pozos-sobre-deposito-y-cesped\/pozos-sobre-cesped-tb","name":"Pozos sobre c\u00e9sped TB - CGH Group Sp. z o.o.","isPartOf":{"@id":"https:\/\/cgh.com.pl\/es\/#website"},"primaryImageOfPage":{"@id":"https:\/\/cgh.com.pl\/es\/accesories\/pozos-sobre-deposito-y-cesped\/pozos-sobre-cesped-tb#primaryimage"},"image":{"@id":"https:\/\/cgh.com.pl\/es\/accesories\/pozos-sobre-deposito-y-cesped\/pozos-sobre-cesped-tb#primaryimage"},"thumbnailUrl":"https:\/\/cgh.com.pl\/es\/wp-content\/uploads\/2021\/06\/tb1-surface-sump-862x1024.jpg","datePublished":"2020-12-07T21:10:32+00:00","dateModified":"2023-05-22T22:04:29+00:00","breadcrumb":{"@id":"https:\/\/cgh.com.pl\/es\/accesories\/pozos-sobre-deposito-y-cesped\/pozos-sobre-cesped-tb#breadcrumb"},"inLanguage":"es","potentialAction":[{"@type":"ReadAction","target":["https:\/\/cgh.com.pl\/es\/accesories\/pozos-sobre-deposito-y-cesped\/pozos-sobre-cesped-tb"]}]},{"@type":"ImageObject","inLanguage":"es","@id":"https:\/\/cgh.com.pl\/es\/accesories\/pozos-sobre-deposito-y-cesped\/pozos-sobre-cesped-tb#primaryimage","url":"https:\/\/cgh.com.pl\/es\/wp-content\/uploads\/2021\/06\/tb1-surface-sump.jpg","contentUrl":"https:\/\/cgh.com.pl\/es\/wp-content\/uploads\/2021\/06\/tb1-surface-sump.jpg","width":945,"height":1123,"caption":"TB1 surface sump"},{"@type":"BreadcrumbList","@id":"https:\/\/cgh.com.pl\/es\/accesories\/pozos-sobre-deposito-y-cesped\/pozos-sobre-cesped-tb#breadcrumb","itemListElement":[{"@type":"ListItem","position":1,"name":"Strona g\u0142\u00f3wna","item":"https:\/\/cgh.com.pl\/es\/"},{"@type":"ListItem","position":2,"name":"Accesorios","item":"https:\/\/cgh.com.pl\/es\/accesories"},{"@type":"ListItem","position":3,"name":"Pozos sobre dep\u00f3sito y c\u00e9sped","item":"https:\/\/cgh.com.pl\/es\/accesories\/pozos-sobre-deposito-y-cesped"},{"@type":"ListItem","position":4,"name":"Pozos sobre c\u00e9sped TB"}]},{"@type":"WebSite","@id":"https:\/\/cgh.com.pl\/es\/#website","url":"https:\/\/cgh.com.pl\/es\/","name":"CGH Group Sp. z o.o.","description":"","publisher":{"@id":"https:\/\/cgh.com.pl\/es\/#organization"},"alternateName":"Ingenier\u00eda, desarrollo y fabricaci\u00f3n de dep\u00f3sitos de GLP, industriales, combustibles, agua, a presi\u00f3n y acero inoxidable - CGH Group","potentialAction":[{"@type":"SearchAction","target":{"@type":"EntryPoint","urlTemplate":"https:\/\/cgh.com.pl\/es\/?s={search_term_string}"},"query-input":{"@type":"PropertyValueSpecification","valueRequired":true,"valueName":"search_term_string"}}],"inLanguage":"es"},{"@type":"Organization","@id":"https:\/\/cgh.com.pl\/es\/#organization","name":"CGH Group Sp. z o.o.","url":"https:\/\/cgh.com.pl\/es\/","logo":{"@type":"ImageObject","inLanguage":"es","@id":"https:\/\/cgh.com.pl\/es\/#\/schema\/logo\/image\/","url":"https:\/\/cgh.com.pl\/es\/wp-content\/uploads\/2023\/05\/logoCGH.png","contentUrl":"https:\/\/cgh.com.pl\/es\/wp-content\/uploads\/2023\/05\/logoCGH.png","width":449,"height":162,"caption":"CGH Group Sp. z o.o."},"image":{"@id":"https:\/\/cgh.com.pl\/es\/#\/schema\/logo\/image\/"},"sameAs":["https:\/\/www.facebook.com\/cghpolska","https:\/\/www.youtube.com\/channel\/UCe9uW1n0tEj_ZJOEtHIHGQw"]}]}},"_links":{"self":[{"href":"https:\/\/cgh.com.pl\/es\/wp-json\/wp\/v2\/pages\/451","targetHints":{"allow":["GET"]}}],"collection":[{"href":"https:\/\/cgh.com.pl\/es\/wp-json\/wp\/v2\/pages"}],"about":[{"href":"https:\/\/cgh.com.pl\/es\/wp-json\/wp\/v2\/types\/page"}],"author":[{"embeddable":true,"href":"https:\/\/cgh.com.pl\/es\/wp-json\/wp\/v2\/users\/1"}],"replies":[{"embeddable":true,"href":"https:\/\/cgh.com.pl\/es\/wp-json\/wp\/v2\/comments?post=451"}],"version-history":[{"count":15,"href":"https:\/\/cgh.com.pl\/es\/wp-json\/wp\/v2\/pages\/451\/revisions"}],"predecessor-version":[{"id":5072,"href":"https:\/\/cgh.com.pl\/es\/wp-json\/wp\/v2\/pages\/451\/revisions\/5072"}],"up":[{"embeddable":true,"href":"https:\/\/cgh.com.pl\/es\/wp-json\/wp\/v2\/pages\/442"}],"wp:attachment":[{"href":"https:\/\/cgh.com.pl\/es\/wp-json\/wp\/v2\/media?parent=451"}],"curies":[{"name":"wp","href":"https:\/\/api.w.org\/{rel}","templated":true}]}}