{"id":4547,"date":"2023-01-11T23:44:11","date_gmt":"2023-01-11T22:44:11","guid":{"rendered":"https:\/\/cgh.com.pl\/es\/?page_id=4547"},"modified":"2024-03-05T22:48:00","modified_gmt":"2024-03-05T21:48:00","slug":"modulo-glp-terrestre","status":"publish","type":"page","link":"https:\/\/cgh.com.pl\/es\/depositos-glp\/modulo-glp-terrestre","title":{"rendered":"M\u00f3dulo GLP terrestre"},"content":{"rendered":"\n<div class=\"wp-block-columns is-layout-flex wp-container-core-columns-is-layout-9d6595d7 wp-block-columns-is-layout-flex\">\n<div class=\"wp-block-column is-layout-flow wp-block-column-is-layout-flow\">\n<p>M\u00f3dulo GLP con dep\u00f3sito terrestre &#8211; Sistema de alimentaci\u00f3n del distribuidor de GLP integrado con el dep\u00f3sito, realizado de acuerdo con las normas PED\/2014\/68\/EU y ATEX. La bomba Corken y un juego de v\u00e1lvulas est\u00e1n ubicadas dentro del marco de montaje (acero) montado en la parte inferior del deposito de GLP con una capacidad de 9 a 20 m<sup>3<\/sup>.<\/p>\n\n\n\n<p>La documentaci\u00f3n post- ejecuci\u00f3n completa conforme a obra del m\u00f3dulo de GLP con la marca CE incluye el dep\u00f3sito, las bombas y las v\u00e1lvulas; permite una recogida f\u00e1cil del conjunto por parte de las unidades receptoras locales.<\/p>\n<\/div>\n\n\n\n<div class=\"wp-block-column is-layout-flow wp-block-column-is-layout-flow\">\n<table>\n<tbody>\n<tr>\n<td class=\"gray\" style=\"text-align: center;\">CAPACIDAD dep\u00f3sito<\/td>\n<td class=\"gray\" style=\"text-align: center;\">DI\u00c1METRO dep\u00f3sito<\/td>\n<td class=\"gray\" style=\"text-align: center;\">LONGITUD dep\u00f3sito*<\/td>\n<td class=\"gray\" style=\"text-align: center;\">ALTURA dep\u00f3sito<\/td>\n<td class=\"gray\" style=\"text-align: center;\">PESO \ndep\u00f3sito<\/td>\n<\/tr>\n<tr>\n<td class=\"gray\" style=\"text-align: center;\">[m<sup>3<\/sup>]<\/td>\n<td class=\"gray\" style=\"text-align: center;\">[mm]<\/td>\n<td class=\"gray\" style=\"text-align: center;\">[mm]<\/td>\n<td class=\"gray\" style=\"text-align: center;\">[mm]<\/td>\n<td class=\"gray\" style=\"text-align: center;\">[kg]<\/td>\n<\/tr>\n<tr>\n<td class=\"white\" style=\"text-align: right;\">9<\/td>\n<td class=\"white\" style=\"text-align: right;\">1250<\/td>\n<td class=\"white\" style=\"text-align: right;\">7650<\/td>\n<td class=\"white\" style=\"text-align: right;\">2020<\/td>\n<td class=\"white\" style=\"text-align: right;\">1756<\/td>\n<\/tr>\n<tr>\n<td class=\"white\" style=\"text-align: right;\">9,9<\/td>\n<td class=\"white\" style=\"text-align: right;\">1600<\/td>\n<td class=\"white\" style=\"text-align: right;\">5330<\/td>\n<td class=\"white\" style=\"text-align: right;\">2370<\/td>\n<td class=\"white\" style=\"text-align: right;\">2349<\/td>\n<\/tr>\n<tr>\n<td class=\"white\" style=\"text-align: right;\">15<\/td>\n<td class=\"white\" style=\"text-align: right;\">1600<\/td>\n<td class=\"white\" style=\"text-align: right;\">7830<\/td>\n<td class=\"white\" style=\"text-align: right;\">2370<\/td>\n<td class=\"white\" style=\"text-align: right;\">3119<\/td>\n<\/tr>\n<tr>\n<td class=\"white\" style=\"text-align: right;\">9,9<\/td>\n<td class=\"white\" style=\"text-align: right;\">2000<\/td>\n<td class=\"white\" style=\"text-align: right;\">3540<\/td>\n<td class=\"white\" style=\"text-align: right;\">2770<\/td>\n<td class=\"white\" style=\"text-align: right;\">2353<\/td>\n<\/tr>\n<tr>\n<td class=\"white\" style=\"text-align: right;\">14,5<\/td>\n<td class=\"white\" style=\"text-align: right;\">2000<\/td>\n<td class=\"white\" style=\"text-align: right;\">5040<\/td>\n<td class=\"white\" style=\"text-align: right;\">2770<\/td>\n<td class=\"white\" style=\"text-align: right;\">3031<\/td>\n<\/tr>\n<tr>\n<td class=\"white\" style=\"text-align: right;\">20,5<\/td>\n<td class=\"white\" style=\"text-align: right;\">2000<\/td>\n<td class=\"white\" style=\"text-align: right;\">7040<\/td>\n<td class=\"white\" style=\"text-align: right;\">2770<\/td>\n<td class=\"white\" style=\"text-align: right;\">3934<\/td>\n<\/tr>\n<\/tbody>\n<\/table>\nOTROS TAMA\u00d1OS DE DEP\u00d3SITO DISPONIBLES  mediante la  pregunta.\n<\/div>\n<\/div>\n\n\n\n<div class=\"photos large\">\n<div class=\"first-zoom-photo\">\n<p style=\"text-align: center; font-size: 10px; margin-bottom:0;\"><img decoding=\"async\" data-src=\"https:\/\/cgh.com.pl\/wp-content\/uploads\/2022\/02\/modul-lpg-naziemny.jpg\" alt=\"Modu\u0142 LPG naziemny\" src=\"data:image\/svg+xml;base64,PHN2ZyB3aWR0aD0iMSIgaGVpZ2h0PSIxIiB4bWxucz0iaHR0cDovL3d3dy53My5vcmcvMjAwMC9zdmciPjwvc3ZnPg==\" class=\"lazyload\" \/><\/p>\n<div><\/div>\n<\/div>\n<div>\n<p style=\"text-align: center; font-size: 10px; margin-bottom:0;\"><img decoding=\"async\" data-src=\"https:\/\/cgh.com.pl\/wp-content\/uploads\/2022\/02\/modul_lpg-naziemny.jpg\" alt=\"Modu\u0142 LPG naziemny\" src=\"data:image\/svg+xml;base64,PHN2ZyB3aWR0aD0iMSIgaGVpZ2h0PSIxIiB4bWxucz0iaHR0cDovL3d3dy53My5vcmcvMjAwMC9zdmciPjwvc3ZnPg==\" class=\"lazyload\" \/><\/p>\n<div><\/div>\n<\/div>\n<div class=\"pair\">\n<p style=\"text-align: center; font-size: 10px; margin-bottom:0;\"><img decoding=\"async\" data-src=\"https:\/\/cgh.com.pl\/wp-content\/uploads\/2022\/02\/modul_lpg_naziemny.jpg\" alt=\"Modu\u0142 LPG naziemny\" src=\"data:image\/svg+xml;base64,PHN2ZyB3aWR0aD0iMSIgaGVpZ2h0PSIxIiB4bWxucz0iaHR0cDovL3d3dy53My5vcmcvMjAwMC9zdmciPjwvc3ZnPg==\" class=\"lazyload\" \/>\n<div><\/div>\n<div><\/div>\n<\/p><\/div>\n<\/div>\n","protected":false},"excerpt":{"rendered":"<p>M\u00f3dulo GLP con dep\u00f3sito terrestre &#8211; Sistema de alimentaci\u00f3n del distribuidor de GLP integrado con el dep\u00f3sito, realizado de acuerdo con las normas PED\/2014\/68\/EU y ATEX. La bomba Corken y un juego de v\u00e1lvulas est\u00e1n ubicadas dentro del marco de montaje (acero) montado en la parte inferior del deposito de GLP con una capacidad de [&hellip;]?<\/p>\n","protected":false},"author":1,"featured_media":0,"parent":15,"menu_order":0,"comment_status":"closed","ping_status":"closed","template":"page-products-with-second-menu.php","meta":{"_acf_changed":false,"footnotes":""},"class_list":["post-4547","page","type-page","status-publish","hentry"],"acf":[],"yoast_head":"<!-- This site is optimized with the Yoast SEO plugin v26.1.1 - https:\/\/yoast.com\/wordpress\/plugins\/seo\/ -->\n<title>M\u00f3dulo GLP terrestre - CGH Group Sp. z o.o.<\/title>\n<meta name=\"robots\" content=\"index, follow, max-snippet:-1, max-image-preview:large, max-video-preview:-1\" \/>\n<link rel=\"canonical\" href=\"https:\/\/cgh.com.pl\/es\/depositos-glp\/modulo-glp-terrestre\" \/>\n<meta property=\"og:locale\" content=\"es_ES\" \/>\n<meta property=\"og:type\" content=\"article\" \/>\n<meta property=\"og:title\" content=\"M\u00f3dulo GLP terrestre - CGH Group Sp. z o.o.\" \/>\n<meta property=\"og:description\" content=\"M\u00f3dulo GLP con dep\u00f3sito terrestre &#8211; Sistema de alimentaci\u00f3n del distribuidor de GLP integrado con el dep\u00f3sito, realizado de acuerdo con las normas PED\/2014\/68\/EU y ATEX. La bomba Corken y un juego de v\u00e1lvulas est\u00e1n ubicadas dentro del marco de montaje (acero) montado en la parte inferior del deposito de GLP con una capacidad de [&hellip;]?\" \/>\n<meta property=\"og:url\" content=\"https:\/\/cgh.com.pl\/es\/depositos-glp\/modulo-glp-terrestre\" \/>\n<meta property=\"og:site_name\" content=\"CGH Group Sp. z o.o.\" \/>\n<meta property=\"article:publisher\" content=\"https:\/\/www.facebook.com\/cghpolska\" \/>\n<meta property=\"article:modified_time\" content=\"2024-03-05T21:48:00+00:00\" \/>\n<meta property=\"og:image\" content=\"https:\/\/cgh.com.pl\/wp-content\/uploads\/2022\/02\/modul-lpg-naziemny.jpg\" \/>\n<meta name=\"twitter:card\" content=\"summary_large_image\" \/>\n<meta name=\"twitter:label1\" content=\"Tiempo de lectura\" \/>\n\t<meta name=\"twitter:data1\" content=\"2 minutos\" \/>\n<script type=\"application\/ld+json\" class=\"yoast-schema-graph\">{\"@context\":\"https:\/\/schema.org\",\"@graph\":[{\"@type\":\"WebPage\",\"@id\":\"https:\/\/cgh.com.pl\/es\/depositos-glp\/modulo-glp-terrestre\",\"url\":\"https:\/\/cgh.com.pl\/es\/depositos-glp\/modulo-glp-terrestre\",\"name\":\"M\u00f3dulo GLP terrestre - CGH Group Sp. z o.o.\",\"isPartOf\":{\"@id\":\"https:\/\/cgh.com.pl\/es\/#website\"},\"primaryImageOfPage\":{\"@id\":\"https:\/\/cgh.com.pl\/es\/depositos-glp\/modulo-glp-terrestre#primaryimage\"},\"image\":{\"@id\":\"https:\/\/cgh.com.pl\/es\/depositos-glp\/modulo-glp-terrestre#primaryimage\"},\"thumbnailUrl\":\"https:\/\/cgh.com.pl\/wp-content\/uploads\/2022\/02\/modul-lpg-naziemny.jpg\",\"datePublished\":\"2023-01-11T22:44:11+00:00\",\"dateModified\":\"2024-03-05T21:48:00+00:00\",\"breadcrumb\":{\"@id\":\"https:\/\/cgh.com.pl\/es\/depositos-glp\/modulo-glp-terrestre#breadcrumb\"},\"inLanguage\":\"es\",\"potentialAction\":[{\"@type\":\"ReadAction\",\"target\":[\"https:\/\/cgh.com.pl\/es\/depositos-glp\/modulo-glp-terrestre\"]}]},{\"@type\":\"ImageObject\",\"inLanguage\":\"es\",\"@id\":\"https:\/\/cgh.com.pl\/es\/depositos-glp\/modulo-glp-terrestre#primaryimage\",\"url\":\"https:\/\/cgh.com.pl\/wp-content\/uploads\/2022\/02\/modul-lpg-naziemny.jpg\",\"contentUrl\":\"https:\/\/cgh.com.pl\/wp-content\/uploads\/2022\/02\/modul-lpg-naziemny.jpg\"},{\"@type\":\"BreadcrumbList\",\"@id\":\"https:\/\/cgh.com.pl\/es\/depositos-glp\/modulo-glp-terrestre#breadcrumb\",\"itemListElement\":[{\"@type\":\"ListItem\",\"position\":1,\"name\":\"Strona g\u0142\u00f3wna\",\"item\":\"https:\/\/cgh.com.pl\/es\/\"},{\"@type\":\"ListItem\",\"position\":2,\"name\":\"Dep\u00f3sitos GLP\",\"item\":\"https:\/\/cgh.com.pl\/es\/depositos-glp\"},{\"@type\":\"ListItem\",\"position\":3,\"name\":\"M\u00f3dulo GLP terrestre\"}]},{\"@type\":\"WebSite\",\"@id\":\"https:\/\/cgh.com.pl\/es\/#website\",\"url\":\"https:\/\/cgh.com.pl\/es\/\",\"name\":\"CGH Group Sp. z o.o.\",\"description\":\"\",\"publisher\":{\"@id\":\"https:\/\/cgh.com.pl\/es\/#organization\"},\"alternateName\":\"Ingenier\u00eda, desarrollo y fabricaci\u00f3n de dep\u00f3sitos de GLP, industriales, combustibles, agua, a presi\u00f3n y acero inoxidable - CGH Group\",\"potentialAction\":[{\"@type\":\"SearchAction\",\"target\":{\"@type\":\"EntryPoint\",\"urlTemplate\":\"https:\/\/cgh.com.pl\/es\/?s={search_term_string}\"},\"query-input\":{\"@type\":\"PropertyValueSpecification\",\"valueRequired\":true,\"valueName\":\"search_term_string\"}}],\"inLanguage\":\"es\"},{\"@type\":\"Organization\",\"@id\":\"https:\/\/cgh.com.pl\/es\/#organization\",\"name\":\"CGH Group Sp. z o.o.\",\"url\":\"https:\/\/cgh.com.pl\/es\/\",\"logo\":{\"@type\":\"ImageObject\",\"inLanguage\":\"es\",\"@id\":\"https:\/\/cgh.com.pl\/es\/#\/schema\/logo\/image\/\",\"url\":\"https:\/\/cgh.com.pl\/es\/wp-content\/uploads\/2023\/05\/logoCGH.png\",\"contentUrl\":\"https:\/\/cgh.com.pl\/es\/wp-content\/uploads\/2023\/05\/logoCGH.png\",\"width\":449,\"height\":162,\"caption\":\"CGH Group Sp. z o.o.\"},\"image\":{\"@id\":\"https:\/\/cgh.com.pl\/es\/#\/schema\/logo\/image\/\"},\"sameAs\":[\"https:\/\/www.facebook.com\/cghpolska\",\"https:\/\/www.youtube.com\/channel\/UCe9uW1n0tEj_ZJOEtHIHGQw\"]}]}<\/script>\n<!-- \/ Yoast SEO plugin. -->","yoast_head_json":{"title":"M\u00f3dulo GLP terrestre - CGH Group Sp. z o.o.","robots":{"index":"index","follow":"follow","max-snippet":"max-snippet:-1","max-image-preview":"max-image-preview:large","max-video-preview":"max-video-preview:-1"},"canonical":"https:\/\/cgh.com.pl\/es\/depositos-glp\/modulo-glp-terrestre","og_locale":"es_ES","og_type":"article","og_title":"M\u00f3dulo GLP terrestre - CGH Group Sp. z o.o.","og_description":"M\u00f3dulo GLP con dep\u00f3sito terrestre &#8211; Sistema de alimentaci\u00f3n del distribuidor de GLP integrado con el dep\u00f3sito, realizado de acuerdo con las normas PED\/2014\/68\/EU y ATEX. La bomba Corken y un juego de v\u00e1lvulas est\u00e1n ubicadas dentro del marco de montaje (acero) montado en la parte inferior del deposito de GLP con una capacidad de [&hellip;]?","og_url":"https:\/\/cgh.com.pl\/es\/depositos-glp\/modulo-glp-terrestre","og_site_name":"CGH Group Sp. z o.o.","article_publisher":"https:\/\/www.facebook.com\/cghpolska","article_modified_time":"2024-03-05T21:48:00+00:00","og_image":[{"url":"https:\/\/cgh.com.pl\/wp-content\/uploads\/2022\/02\/modul-lpg-naziemny.jpg","type":"","width":"","height":""}],"twitter_card":"summary_large_image","twitter_misc":{"Tiempo de lectura":"2 minutos"},"schema":{"@context":"https:\/\/schema.org","@graph":[{"@type":"WebPage","@id":"https:\/\/cgh.com.pl\/es\/depositos-glp\/modulo-glp-terrestre","url":"https:\/\/cgh.com.pl\/es\/depositos-glp\/modulo-glp-terrestre","name":"M\u00f3dulo GLP terrestre - CGH Group Sp. z o.o.","isPartOf":{"@id":"https:\/\/cgh.com.pl\/es\/#website"},"primaryImageOfPage":{"@id":"https:\/\/cgh.com.pl\/es\/depositos-glp\/modulo-glp-terrestre#primaryimage"},"image":{"@id":"https:\/\/cgh.com.pl\/es\/depositos-glp\/modulo-glp-terrestre#primaryimage"},"thumbnailUrl":"https:\/\/cgh.com.pl\/wp-content\/uploads\/2022\/02\/modul-lpg-naziemny.jpg","datePublished":"2023-01-11T22:44:11+00:00","dateModified":"2024-03-05T21:48:00+00:00","breadcrumb":{"@id":"https:\/\/cgh.com.pl\/es\/depositos-glp\/modulo-glp-terrestre#breadcrumb"},"inLanguage":"es","potentialAction":[{"@type":"ReadAction","target":["https:\/\/cgh.com.pl\/es\/depositos-glp\/modulo-glp-terrestre"]}]},{"@type":"ImageObject","inLanguage":"es","@id":"https:\/\/cgh.com.pl\/es\/depositos-glp\/modulo-glp-terrestre#primaryimage","url":"https:\/\/cgh.com.pl\/wp-content\/uploads\/2022\/02\/modul-lpg-naziemny.jpg","contentUrl":"https:\/\/cgh.com.pl\/wp-content\/uploads\/2022\/02\/modul-lpg-naziemny.jpg"},{"@type":"BreadcrumbList","@id":"https:\/\/cgh.com.pl\/es\/depositos-glp\/modulo-glp-terrestre#breadcrumb","itemListElement":[{"@type":"ListItem","position":1,"name":"Strona g\u0142\u00f3wna","item":"https:\/\/cgh.com.pl\/es\/"},{"@type":"ListItem","position":2,"name":"Dep\u00f3sitos GLP","item":"https:\/\/cgh.com.pl\/es\/depositos-glp"},{"@type":"ListItem","position":3,"name":"M\u00f3dulo GLP terrestre"}]},{"@type":"WebSite","@id":"https:\/\/cgh.com.pl\/es\/#website","url":"https:\/\/cgh.com.pl\/es\/","name":"CGH Group Sp. z o.o.","description":"","publisher":{"@id":"https:\/\/cgh.com.pl\/es\/#organization"},"alternateName":"Ingenier\u00eda, desarrollo y fabricaci\u00f3n de dep\u00f3sitos de GLP, industriales, combustibles, agua, a presi\u00f3n y acero inoxidable - CGH Group","potentialAction":[{"@type":"SearchAction","target":{"@type":"EntryPoint","urlTemplate":"https:\/\/cgh.com.pl\/es\/?s={search_term_string}"},"query-input":{"@type":"PropertyValueSpecification","valueRequired":true,"valueName":"search_term_string"}}],"inLanguage":"es"},{"@type":"Organization","@id":"https:\/\/cgh.com.pl\/es\/#organization","name":"CGH Group Sp. z o.o.","url":"https:\/\/cgh.com.pl\/es\/","logo":{"@type":"ImageObject","inLanguage":"es","@id":"https:\/\/cgh.com.pl\/es\/#\/schema\/logo\/image\/","url":"https:\/\/cgh.com.pl\/es\/wp-content\/uploads\/2023\/05\/logoCGH.png","contentUrl":"https:\/\/cgh.com.pl\/es\/wp-content\/uploads\/2023\/05\/logoCGH.png","width":449,"height":162,"caption":"CGH Group Sp. z o.o."},"image":{"@id":"https:\/\/cgh.com.pl\/es\/#\/schema\/logo\/image\/"},"sameAs":["https:\/\/www.facebook.com\/cghpolska","https:\/\/www.youtube.com\/channel\/UCe9uW1n0tEj_ZJOEtHIHGQw"]}]}},"_links":{"self":[{"href":"https:\/\/cgh.com.pl\/es\/wp-json\/wp\/v2\/pages\/4547","targetHints":{"allow":["GET"]}}],"collection":[{"href":"https:\/\/cgh.com.pl\/es\/wp-json\/wp\/v2\/pages"}],"about":[{"href":"https:\/\/cgh.com.pl\/es\/wp-json\/wp\/v2\/types\/page"}],"author":[{"embeddable":true,"href":"https:\/\/cgh.com.pl\/es\/wp-json\/wp\/v2\/users\/1"}],"replies":[{"embeddable":true,"href":"https:\/\/cgh.com.pl\/es\/wp-json\/wp\/v2\/comments?post=4547"}],"version-history":[{"count":4,"href":"https:\/\/cgh.com.pl\/es\/wp-json\/wp\/v2\/pages\/4547\/revisions"}],"predecessor-version":[{"id":5168,"href":"https:\/\/cgh.com.pl\/es\/wp-json\/wp\/v2\/pages\/4547\/revisions\/5168"}],"up":[{"embeddable":true,"href":"https:\/\/cgh.com.pl\/es\/wp-json\/wp\/v2\/pages\/15"}],"wp:attachment":[{"href":"https:\/\/cgh.com.pl\/es\/wp-json\/wp\/v2\/media?parent=4547"}],"curies":[{"name":"wp","href":"https:\/\/api.w.org\/{rel}","templated":true}]}}