{"id":458,"date":"2020-12-07T22:26:20","date_gmt":"2020-12-07T21:26:20","guid":{"rendered":"https:\/\/cgh.com.pl\/es\/?page_id=458"},"modified":"2024-03-05T22:23:38","modified_gmt":"2024-03-05T21:23:38","slug":"pozos-de-glp","status":"publish","type":"page","link":"https:\/\/cgh.com.pl\/es\/accesories\/pozos-de-glp\/pozos-de-glp","title":{"rendered":"Pozos de GLP"},"content":{"rendered":"\n<div class=\"wp-block-columns has-2-columns is-layout-flex wp-container-core-columns-is-layout-9d6595d7 wp-block-columns-is-layout-flex\">\n<div class=\"wp-block-column is-layout-flow wp-block-column-is-layout-flow\"><div class=\"wp-block-image\">\n<figure class=\"aligncenter size-full\"><img decoding=\"async\" width=\"360\" height=\"240\" data-src=\"https:\/\/cgh.com.pl\/es\/wp-content\/uploads\/2021\/05\/lpg_sump.jpg\" alt=\"LPG sumps\" class=\"wp-image-1495 img-fluid lazyload\" title=\"LPG sumps\" data-srcset=\"https:\/\/cgh.com.pl\/es\/wp-content\/uploads\/2021\/05\/lpg_sump.jpg 360w, https:\/\/cgh.com.pl\/es\/wp-content\/uploads\/2021\/05\/lpg_sump-300x200.jpg 300w\" data-sizes=\"(max-width: 360px) 100vw, 360px\" src=\"data:image\/svg+xml;base64,PHN2ZyB3aWR0aD0iMSIgaGVpZ2h0PSIxIiB4bWxucz0iaHR0cDovL3d3dy53My5vcmcvMjAwMC9zdmciPjwvc3ZnPg==\" style=\"--smush-placeholder-width: 360px; --smush-placeholder-aspect-ratio: 360\/240;\" \/><figcaption class=\"wp-element-caption\"><strong>Pozo modular de GLP<\/strong><\/figcaption><\/figure><\/div>\n\n\n<div class=\"photos\">\n<div class=\"first-zoom-photo\">\n<p style=\"text-align: center;font-size:10px;margin-bottom:5px;\"><img decoding=\"async\" data-src=\"https:\/\/cgh.com.pl\/es\/wp-content\/uploads\/2021\/06\/stainless-steel-modular-lpg-tank-sump.jpg\" src=\"data:image\/svg+xml;base64,PHN2ZyB3aWR0aD0iMSIgaGVpZ2h0PSIxIiB4bWxucz0iaHR0cDovL3d3dy53My5vcmcvMjAwMC9zdmciPjwvc3ZnPg==\" class=\"lazyload\" style=\"--smush-placeholder-width: 360px; --smush-placeholder-aspect-ratio: 360\/240;\">Pozo modular LPG Inox<\/p>\n\n<div><\/div>\n<\/div>\n<div>\n\n<p style=\"text-align: center;font-size:10px;margin-bottom:5px;\"><img decoding=\"async\" data-src=\"https:\/\/cgh.com.pl\/es\/wp-content\/uploads\/2021\/06\/modular-lpg-tank-sump-2.jpg\" alt=\"LPG Sumps\" src=\"data:image\/svg+xml;base64,PHN2ZyB3aWR0aD0iMSIgaGVpZ2h0PSIxIiB4bWxucz0iaHR0cDovL3d3dy53My5vcmcvMjAwMC9zdmciPjwvc3ZnPg==\" class=\"lazyload\" style=\"--smush-placeholder-width: 360px; --smush-placeholder-aspect-ratio: 360\/240;\">pozos de GLP<\/p>\n<div><\/div>\n<\/div>\n<div>\n\n<p style=\"text-align: center;font-size:10px;margin-bottom:5px;\"><img decoding=\"async\" data-src=\"https:\/\/cgh.com.pl\/es\/wp-content\/uploads\/2022\/02\/base-for-inox-modular-sump.jpg\" alt=\"LPG Sumps\" src=\"data:image\/svg+xml;base64,PHN2ZyB3aWR0aD0iMSIgaGVpZ2h0PSIxIiB4bWxucz0iaHR0cDovL3d3dy53My5vcmcvMjAwMC9zdmciPjwvc3ZnPg==\" class=\"lazyload\" style=\"--smush-placeholder-width: 360px; --smush-placeholder-aspect-ratio: 360\/240;\">Base para pozos modulares Inox<\/p>\n<div><\/div>\n<\/div>\n<div class=\"pair\">\n\n<p style=\"text-align: center;font-size:10px;margin-bottom:5px;\"><img decoding=\"async\" data-src=\"https:\/\/cgh.com.pl\/es\/wp-content\/uploads\/2021\/06\/LPG-tank-sumps.jpg\" src=\"data:image\/svg+xml;base64,PHN2ZyB3aWR0aD0iMSIgaGVpZ2h0PSIxIiB4bWxucz0iaHR0cDovL3d3dy53My5vcmcvMjAwMC9zdmciPjwvc3ZnPg==\" class=\"lazyload\" style=\"--smush-placeholder-width: 360px; --smush-placeholder-aspect-ratio: 360\/240;\">pozos de GLP<\/p>\n<div><\/div>\n<div><\/div>\n<\/div>\n<\/div>\n<\/div>\n\n\n\n<div class=\"wp-block-column is-layout-flow wp-block-column-is-layout-flow\">\n<p><strong>Informaci\u00f3n del Producto<\/strong><\/p>\n\n\n\n<p>Para los dep\u00f3sitos subterr\u00e1neos de GLP fabricados en Bydgoszcz, CGH Polska suministra varios tipos de pozos para dep\u00f3sitos.<\/p>\n\n\n\n<p>Los pozos est\u00e1n dise\u00f1ados para las construcciones sobre c\u00e9sped.<\/p>\n\n\n\n<p>El prop\u00f3sito de los pozos es proteger y permitir el acceso a los accesorios instalados en el dep\u00f3sito de GLP.<strong>.<\/strong><\/p>\n\n\n\n<p>Ofrecen la posibilidad de un montaje r\u00e1pido y sencillo en el dep\u00f3sito atornill\u00e1ndolos a los soportes instalados en f\u00e1brica en el dep\u00f3sito.<\/p>\n\n\n\n<p>Permiten el libre acceso a los accesorios del tanque durante los trabajos de reabastecimiento, inspecci\u00f3n y servicio.<\/p>\n\n\n\n<p>Hay tres tipos de pozos:<\/p>\n\n\n\n<ul class=\"wp-block-list\">\n<li>redondo galvanizado con tapa, ligero, duradero y f\u00e1cil de instalar para dep\u00f3sitos con pocos accesorios.<\/li>\n\n\n\n<li>rectangular, pintado con imprimaci\u00f3n, f\u00e1cil de instalar para dep\u00f3sitos con m\u00f3dulo GLP o con gran n\u00famero de accesorios de dep\u00f3sito.<\/li>\n\n\n\n<li>rectangular fabricado en acero inoxidable con base pintada PUR, f\u00e1cil de instalar bien para dep\u00f3sitos con m\u00f3dulo GLP o con gran n\u00famero de accesorios de dep\u00f3sito.<\/li>\n<\/ul>\n\n\n<div class=\"wp-block-image\">\n<figure class=\"alignleft size-full\"><img decoding=\"async\" width=\"22\" height=\"21\" data-src=\"https:\/\/cgh.com.pl\/es\/wp-content\/uploads\/2022\/11\/good.png\" alt=\"\" class=\"wp-image-4384 img-fluid lazyload\" src=\"data:image\/svg+xml;base64,PHN2ZyB3aWR0aD0iMSIgaGVpZ2h0PSIxIiB4bWxucz0iaHR0cDovL3d3dy53My5vcmcvMjAwMC9zdmciPjwvc3ZnPg==\" style=\"--smush-placeholder-width: 22px; --smush-placeholder-aspect-ratio: 22\/21;\" \/><\/figure><\/div>\n\n\n<p><strong><strong><strong>Ventajas del dispositivo<\/strong><\/strong><\/strong><\/p>\n\n\n\n<ul class=\"wp-block-list\">\n<li>Muy f\u00e1cil de instalar en los soportes instalados de f\u00e1brica en el dep\u00f3sito.<\/li>\n\n\n\n<li>Pozos atornillados con tres o cuatro tornillos.<\/li>\n\n\n\n<li>Los amortiguadores de gas integrados facilitan la apertura de las tapas.<\/li>\n\n\n\n<li>Bloqueo contra r\u00e1fagas contra ca\u00edda autom\u00e1tica.<\/li>\n\n\n\n<li>Cerrable con candado.<\/li>\n\n\n\n<li>Protecci\u00f3n de los accesorios del dep\u00f3sito instalado.<\/li>\n\n\n\n<li>F\u00e1cil acceso a los accesorios instalados<\/li>\n<\/ul>\n\n\n\n<div class=\"wp-block-columns has-3-columns is-layout-flex wp-container-core-columns-is-layout-9d6595d7 wp-block-columns-is-layout-flex\">\n<div class=\"wp-block-column is-layout-flow wp-block-column-is-layout-flow\">\n<figure class=\"wp-block-image size-full\"><img decoding=\"async\" width=\"290\" height=\"370\" data-src=\"https:\/\/cgh.com.pl\/es\/wp-content\/uploads\/2024\/03\/mounting.png\" alt=\"\" class=\"wp-image-5162 img-fluid lazyload\" title=\"LPG sumps\" data-srcset=\"https:\/\/cgh.com.pl\/es\/wp-content\/uploads\/2024\/03\/mounting.png 290w, https:\/\/cgh.com.pl\/es\/wp-content\/uploads\/2024\/03\/mounting-235x300.png 235w\" data-sizes=\"(max-width: 290px) 100vw, 290px\" src=\"data:image\/svg+xml;base64,PHN2ZyB3aWR0aD0iMSIgaGVpZ2h0PSIxIiB4bWxucz0iaHR0cDovL3d3dy53My5vcmcvMjAwMC9zdmciPjwvc3ZnPg==\" style=\"--smush-placeholder-width: 290px; --smush-placeholder-aspect-ratio: 290\/370;\" \/><\/figure>\n<\/div>\n\n\n\n<div class=\"wp-block-column is-layout-flow wp-block-column-is-layout-flow\">\n<figure class=\"wp-block-image size-full\"><img decoding=\"async\" width=\"290\" height=\"370\" data-src=\"https:\/\/cgh.com.pl\/es\/wp-content\/uploads\/2024\/03\/mounting2.png\" alt=\"\" class=\"wp-image-5163 img-fluid lazyload\" title=\"LPG sumps\" data-srcset=\"https:\/\/cgh.com.pl\/es\/wp-content\/uploads\/2024\/03\/mounting2.png 290w, https:\/\/cgh.com.pl\/es\/wp-content\/uploads\/2024\/03\/mounting2-235x300.png 235w\" data-sizes=\"(max-width: 290px) 100vw, 290px\" src=\"data:image\/svg+xml;base64,PHN2ZyB3aWR0aD0iMSIgaGVpZ2h0PSIxIiB4bWxucz0iaHR0cDovL3d3dy53My5vcmcvMjAwMC9zdmciPjwvc3ZnPg==\" style=\"--smush-placeholder-width: 290px; --smush-placeholder-aspect-ratio: 290\/370;\" \/><\/figure>\n<\/div>\n\n\n\n<div class=\"wp-block-column is-layout-flow wp-block-column-is-layout-flow\">\n<figure class=\"wp-block-image size-full\"><img decoding=\"async\" width=\"290\" height=\"327\" data-src=\"https:\/\/cgh.com.pl\/es\/wp-content\/uploads\/2024\/03\/mounting3.png\" alt=\"\" class=\"wp-image-5164 img-fluid lazyload\" title=\"LPG sumps\" data-srcset=\"https:\/\/cgh.com.pl\/es\/wp-content\/uploads\/2024\/03\/mounting3.png 290w, https:\/\/cgh.com.pl\/es\/wp-content\/uploads\/2024\/03\/mounting3-266x300.png 266w\" data-sizes=\"(max-width: 290px) 100vw, 290px\" src=\"data:image\/svg+xml;base64,PHN2ZyB3aWR0aD0iMSIgaGVpZ2h0PSIxIiB4bWxucz0iaHR0cDovL3d3dy53My5vcmcvMjAwMC9zdmciPjwvc3ZnPg==\" style=\"--smush-placeholder-width: 290px; --smush-placeholder-aspect-ratio: 290\/327;\" \/><\/figure>\n<\/div>\n<\/div>\n\n\n<div class=\"wp-block-image\">\n<figure class=\"alignleft size-full\"><img decoding=\"async\" width=\"22\" height=\"22\" data-src=\"https:\/\/cgh.com.pl\/es\/wp-content\/uploads\/2022\/11\/advantage.png\" alt=\"\" class=\"wp-image-4385 img-fluid lazyload\" src=\"data:image\/svg+xml;base64,PHN2ZyB3aWR0aD0iMSIgaGVpZ2h0PSIxIiB4bWxucz0iaHR0cDovL3d3dy53My5vcmcvMjAwMC9zdmciPjwvc3ZnPg==\" style=\"--smush-placeholder-width: 22px; --smush-placeholder-aspect-ratio: 22\/22;\" \/><\/figure><\/div>\n\n\n<p><strong><strong><strong>Informaci\u00f3n t\u00e9cnica<\/strong><\/strong><\/strong><\/p>\n\n\n\n<p><strong>Pozo GLP con tapa \u2013 LPG1-ZZ 742-002-0010<\/strong><br>\u00d81200mm, h=700mm<\/p>\n\n\n\n<p><strong>Pozo GLP modular &#8211; LPG2-PA 741-000-0112<\/strong><br>1200\u00d71770 mm, h=950 mm, W235 pintado con una imprimaci\u00f3n con una tapa dividida de aluminio<\/p>\n\n\n\n<p><strong>Pozo modular LPG INOX \u2013 LPG4 231-190-0002<\/strong><br>1200\u00d71770 mm, h=530 mm, acero 1.4307 con tapa dividida<\/p>\n\n\n\n<p><strong>Base para pozo modular \u2013 LPG3-E 743-000-0012 <\/strong>1200\u00d71770 mm, h=470 mm, pintada con PUR<\/p>\n<\/div>\n<\/div>\n","protected":false},"excerpt":{"rendered":"<p>Pozo modular LPG Inox pozos de GLP Base para pozos modulares Inox pozos de GLP Informaci\u00f3n del Producto Para los dep\u00f3sitos subterr\u00e1neos de GLP fabricados en Bydgoszcz, CGH Polska suministra varios tipos de pozos para dep\u00f3sitos. Los pozos est\u00e1n dise\u00f1ados para las construcciones sobre c\u00e9sped. El prop\u00f3sito de los pozos es proteger y permitir el [&hellip;]?<\/p>\n","protected":false},"author":1,"featured_media":0,"parent":456,"menu_order":0,"comment_status":"closed","ping_status":"closed","template":"page-products-with-second-menu.php","meta":{"_acf_changed":false,"footnotes":""},"class_list":["post-458","page","type-page","status-publish","hentry"],"acf":[],"yoast_head":"<!-- This site is optimized with the Yoast SEO plugin v26.1.1 - https:\/\/yoast.com\/wordpress\/plugins\/seo\/ -->\n<title>Pozos de GLP - CGH Group Sp. z o.o.<\/title>\n<meta name=\"robots\" content=\"index, follow, max-snippet:-1, max-image-preview:large, max-video-preview:-1\" \/>\n<link rel=\"canonical\" href=\"https:\/\/cgh.com.pl\/es\/accesories\/pozos-de-glp\/pozos-de-glp\" \/>\n<meta property=\"og:locale\" content=\"es_ES\" \/>\n<meta property=\"og:type\" content=\"article\" \/>\n<meta property=\"og:title\" content=\"Pozos de GLP - CGH Group Sp. z o.o.\" \/>\n<meta property=\"og:description\" content=\"Pozo modular LPG Inox pozos de GLP Base para pozos modulares Inox pozos de GLP Informaci\u00f3n del Producto Para los dep\u00f3sitos subterr\u00e1neos de GLP fabricados en Bydgoszcz, CGH Polska suministra varios tipos de pozos para dep\u00f3sitos. Los pozos est\u00e1n dise\u00f1ados para las construcciones sobre c\u00e9sped. El prop\u00f3sito de los pozos es proteger y permitir el [&hellip;]?\" \/>\n<meta property=\"og:url\" content=\"https:\/\/cgh.com.pl\/es\/accesories\/pozos-de-glp\/pozos-de-glp\" \/>\n<meta property=\"og:site_name\" content=\"CGH Group Sp. z o.o.\" \/>\n<meta property=\"article:publisher\" content=\"https:\/\/www.facebook.com\/cghpolska\" \/>\n<meta property=\"article:modified_time\" content=\"2024-03-05T21:23:38+00:00\" \/>\n<meta property=\"og:image\" content=\"https:\/\/cgh.com.pl\/es\/wp-content\/uploads\/2021\/05\/lpg_sump.jpg\" \/>\n<meta name=\"twitter:card\" content=\"summary_large_image\" \/>\n<meta name=\"twitter:label1\" content=\"Tiempo de lectura\" \/>\n\t<meta name=\"twitter:data1\" content=\"4 minutos\" \/>\n<script type=\"application\/ld+json\" class=\"yoast-schema-graph\">{\"@context\":\"https:\/\/schema.org\",\"@graph\":[{\"@type\":\"WebPage\",\"@id\":\"https:\/\/cgh.com.pl\/es\/accesories\/pozos-de-glp\/pozos-de-glp\",\"url\":\"https:\/\/cgh.com.pl\/es\/accesories\/pozos-de-glp\/pozos-de-glp\",\"name\":\"Pozos de GLP - CGH Group Sp. z o.o.\",\"isPartOf\":{\"@id\":\"https:\/\/cgh.com.pl\/es\/#website\"},\"primaryImageOfPage\":{\"@id\":\"https:\/\/cgh.com.pl\/es\/accesories\/pozos-de-glp\/pozos-de-glp#primaryimage\"},\"image\":{\"@id\":\"https:\/\/cgh.com.pl\/es\/accesories\/pozos-de-glp\/pozos-de-glp#primaryimage\"},\"thumbnailUrl\":\"https:\/\/cgh.com.pl\/es\/wp-content\/uploads\/2021\/05\/lpg_sump.jpg\",\"datePublished\":\"2020-12-07T21:26:20+00:00\",\"dateModified\":\"2024-03-05T21:23:38+00:00\",\"breadcrumb\":{\"@id\":\"https:\/\/cgh.com.pl\/es\/accesories\/pozos-de-glp\/pozos-de-glp#breadcrumb\"},\"inLanguage\":\"es\",\"potentialAction\":[{\"@type\":\"ReadAction\",\"target\":[\"https:\/\/cgh.com.pl\/es\/accesories\/pozos-de-glp\/pozos-de-glp\"]}]},{\"@type\":\"ImageObject\",\"inLanguage\":\"es\",\"@id\":\"https:\/\/cgh.com.pl\/es\/accesories\/pozos-de-glp\/pozos-de-glp#primaryimage\",\"url\":\"https:\/\/cgh.com.pl\/es\/wp-content\/uploads\/2021\/05\/lpg_sump.jpg\",\"contentUrl\":\"https:\/\/cgh.com.pl\/es\/wp-content\/uploads\/2021\/05\/lpg_sump.jpg\",\"width\":360,\"height\":240,\"caption\":\"LPG sump\"},{\"@type\":\"BreadcrumbList\",\"@id\":\"https:\/\/cgh.com.pl\/es\/accesories\/pozos-de-glp\/pozos-de-glp#breadcrumb\",\"itemListElement\":[{\"@type\":\"ListItem\",\"position\":1,\"name\":\"Strona g\u0142\u00f3wna\",\"item\":\"https:\/\/cgh.com.pl\/es\/\"},{\"@type\":\"ListItem\",\"position\":2,\"name\":\"Accesorios\",\"item\":\"https:\/\/cgh.com.pl\/es\/accesories\"},{\"@type\":\"ListItem\",\"position\":3,\"name\":\"Pozos de GLP\",\"item\":\"https:\/\/cgh.com.pl\/es\/accesories\/pozos-de-glp\"},{\"@type\":\"ListItem\",\"position\":4,\"name\":\"Pozos de GLP\"}]},{\"@type\":\"WebSite\",\"@id\":\"https:\/\/cgh.com.pl\/es\/#website\",\"url\":\"https:\/\/cgh.com.pl\/es\/\",\"name\":\"CGH Group Sp. z o.o.\",\"description\":\"\",\"publisher\":{\"@id\":\"https:\/\/cgh.com.pl\/es\/#organization\"},\"alternateName\":\"Ingenier\u00eda, desarrollo y fabricaci\u00f3n de dep\u00f3sitos de GLP, industriales, combustibles, agua, a presi\u00f3n y acero inoxidable - CGH Group\",\"potentialAction\":[{\"@type\":\"SearchAction\",\"target\":{\"@type\":\"EntryPoint\",\"urlTemplate\":\"https:\/\/cgh.com.pl\/es\/?s={search_term_string}\"},\"query-input\":{\"@type\":\"PropertyValueSpecification\",\"valueRequired\":true,\"valueName\":\"search_term_string\"}}],\"inLanguage\":\"es\"},{\"@type\":\"Organization\",\"@id\":\"https:\/\/cgh.com.pl\/es\/#organization\",\"name\":\"CGH Group Sp. z o.o.\",\"url\":\"https:\/\/cgh.com.pl\/es\/\",\"logo\":{\"@type\":\"ImageObject\",\"inLanguage\":\"es\",\"@id\":\"https:\/\/cgh.com.pl\/es\/#\/schema\/logo\/image\/\",\"url\":\"https:\/\/cgh.com.pl\/es\/wp-content\/uploads\/2023\/05\/logoCGH.png\",\"contentUrl\":\"https:\/\/cgh.com.pl\/es\/wp-content\/uploads\/2023\/05\/logoCGH.png\",\"width\":449,\"height\":162,\"caption\":\"CGH Group Sp. z o.o.\"},\"image\":{\"@id\":\"https:\/\/cgh.com.pl\/es\/#\/schema\/logo\/image\/\"},\"sameAs\":[\"https:\/\/www.facebook.com\/cghpolska\",\"https:\/\/www.youtube.com\/channel\/UCe9uW1n0tEj_ZJOEtHIHGQw\"]}]}<\/script>\n<!-- \/ Yoast SEO plugin. -->","yoast_head_json":{"title":"Pozos de GLP - CGH Group Sp. z o.o.","robots":{"index":"index","follow":"follow","max-snippet":"max-snippet:-1","max-image-preview":"max-image-preview:large","max-video-preview":"max-video-preview:-1"},"canonical":"https:\/\/cgh.com.pl\/es\/accesories\/pozos-de-glp\/pozos-de-glp","og_locale":"es_ES","og_type":"article","og_title":"Pozos de GLP - CGH Group Sp. z o.o.","og_description":"Pozo modular LPG Inox pozos de GLP Base para pozos modulares Inox pozos de GLP Informaci\u00f3n del Producto Para los dep\u00f3sitos subterr\u00e1neos de GLP fabricados en Bydgoszcz, CGH Polska suministra varios tipos de pozos para dep\u00f3sitos. Los pozos est\u00e1n dise\u00f1ados para las construcciones sobre c\u00e9sped. El prop\u00f3sito de los pozos es proteger y permitir el [&hellip;]?","og_url":"https:\/\/cgh.com.pl\/es\/accesories\/pozos-de-glp\/pozos-de-glp","og_site_name":"CGH Group Sp. z o.o.","article_publisher":"https:\/\/www.facebook.com\/cghpolska","article_modified_time":"2024-03-05T21:23:38+00:00","og_image":[{"url":"https:\/\/cgh.com.pl\/es\/wp-content\/uploads\/2021\/05\/lpg_sump.jpg","type":"","width":"","height":""}],"twitter_card":"summary_large_image","twitter_misc":{"Tiempo de lectura":"4 minutos"},"schema":{"@context":"https:\/\/schema.org","@graph":[{"@type":"WebPage","@id":"https:\/\/cgh.com.pl\/es\/accesories\/pozos-de-glp\/pozos-de-glp","url":"https:\/\/cgh.com.pl\/es\/accesories\/pozos-de-glp\/pozos-de-glp","name":"Pozos de GLP - CGH Group Sp. z o.o.","isPartOf":{"@id":"https:\/\/cgh.com.pl\/es\/#website"},"primaryImageOfPage":{"@id":"https:\/\/cgh.com.pl\/es\/accesories\/pozos-de-glp\/pozos-de-glp#primaryimage"},"image":{"@id":"https:\/\/cgh.com.pl\/es\/accesories\/pozos-de-glp\/pozos-de-glp#primaryimage"},"thumbnailUrl":"https:\/\/cgh.com.pl\/es\/wp-content\/uploads\/2021\/05\/lpg_sump.jpg","datePublished":"2020-12-07T21:26:20+00:00","dateModified":"2024-03-05T21:23:38+00:00","breadcrumb":{"@id":"https:\/\/cgh.com.pl\/es\/accesories\/pozos-de-glp\/pozos-de-glp#breadcrumb"},"inLanguage":"es","potentialAction":[{"@type":"ReadAction","target":["https:\/\/cgh.com.pl\/es\/accesories\/pozos-de-glp\/pozos-de-glp"]}]},{"@type":"ImageObject","inLanguage":"es","@id":"https:\/\/cgh.com.pl\/es\/accesories\/pozos-de-glp\/pozos-de-glp#primaryimage","url":"https:\/\/cgh.com.pl\/es\/wp-content\/uploads\/2021\/05\/lpg_sump.jpg","contentUrl":"https:\/\/cgh.com.pl\/es\/wp-content\/uploads\/2021\/05\/lpg_sump.jpg","width":360,"height":240,"caption":"LPG sump"},{"@type":"BreadcrumbList","@id":"https:\/\/cgh.com.pl\/es\/accesories\/pozos-de-glp\/pozos-de-glp#breadcrumb","itemListElement":[{"@type":"ListItem","position":1,"name":"Strona g\u0142\u00f3wna","item":"https:\/\/cgh.com.pl\/es\/"},{"@type":"ListItem","position":2,"name":"Accesorios","item":"https:\/\/cgh.com.pl\/es\/accesories"},{"@type":"ListItem","position":3,"name":"Pozos de GLP","item":"https:\/\/cgh.com.pl\/es\/accesories\/pozos-de-glp"},{"@type":"ListItem","position":4,"name":"Pozos de GLP"}]},{"@type":"WebSite","@id":"https:\/\/cgh.com.pl\/es\/#website","url":"https:\/\/cgh.com.pl\/es\/","name":"CGH Group Sp. z o.o.","description":"","publisher":{"@id":"https:\/\/cgh.com.pl\/es\/#organization"},"alternateName":"Ingenier\u00eda, desarrollo y fabricaci\u00f3n de dep\u00f3sitos de GLP, industriales, combustibles, agua, a presi\u00f3n y acero inoxidable - CGH Group","potentialAction":[{"@type":"SearchAction","target":{"@type":"EntryPoint","urlTemplate":"https:\/\/cgh.com.pl\/es\/?s={search_term_string}"},"query-input":{"@type":"PropertyValueSpecification","valueRequired":true,"valueName":"search_term_string"}}],"inLanguage":"es"},{"@type":"Organization","@id":"https:\/\/cgh.com.pl\/es\/#organization","name":"CGH Group Sp. z o.o.","url":"https:\/\/cgh.com.pl\/es\/","logo":{"@type":"ImageObject","inLanguage":"es","@id":"https:\/\/cgh.com.pl\/es\/#\/schema\/logo\/image\/","url":"https:\/\/cgh.com.pl\/es\/wp-content\/uploads\/2023\/05\/logoCGH.png","contentUrl":"https:\/\/cgh.com.pl\/es\/wp-content\/uploads\/2023\/05\/logoCGH.png","width":449,"height":162,"caption":"CGH Group Sp. z o.o."},"image":{"@id":"https:\/\/cgh.com.pl\/es\/#\/schema\/logo\/image\/"},"sameAs":["https:\/\/www.facebook.com\/cghpolska","https:\/\/www.youtube.com\/channel\/UCe9uW1n0tEj_ZJOEtHIHGQw"]}]}},"_links":{"self":[{"href":"https:\/\/cgh.com.pl\/es\/wp-json\/wp\/v2\/pages\/458","targetHints":{"allow":["GET"]}}],"collection":[{"href":"https:\/\/cgh.com.pl\/es\/wp-json\/wp\/v2\/pages"}],"about":[{"href":"https:\/\/cgh.com.pl\/es\/wp-json\/wp\/v2\/types\/page"}],"author":[{"embeddable":true,"href":"https:\/\/cgh.com.pl\/es\/wp-json\/wp\/v2\/users\/1"}],"replies":[{"embeddable":true,"href":"https:\/\/cgh.com.pl\/es\/wp-json\/wp\/v2\/comments?post=458"}],"version-history":[{"count":20,"href":"https:\/\/cgh.com.pl\/es\/wp-json\/wp\/v2\/pages\/458\/revisions"}],"predecessor-version":[{"id":5165,"href":"https:\/\/cgh.com.pl\/es\/wp-json\/wp\/v2\/pages\/458\/revisions\/5165"}],"up":[{"embeddable":true,"href":"https:\/\/cgh.com.pl\/es\/wp-json\/wp\/v2\/pages\/456"}],"wp:attachment":[{"href":"https:\/\/cgh.com.pl\/es\/wp-json\/wp\/v2\/media?parent=458"}],"curies":[{"name":"wp","href":"https:\/\/api.w.org\/{rel}","templated":true}]}}