{"id":466,"date":"2020-12-07T22:41:27","date_gmt":"2020-12-07T21:41:27","guid":{"rendered":"https:\/\/cgh.com.pl\/es\/?page_id=466"},"modified":"2025-01-14T00:30:22","modified_gmt":"2025-01-13T23:30:22","slug":"sistema-de-monitoreo-en-seco-sgb","status":"publish","type":"page","link":"https:\/\/cgh.com.pl\/es\/accesories\/sistema-de-monitoreo\/sistema-de-monitoreo-en-seco-sgb","title":{"rendered":"Sistema de monitoreo en seco SGB"},"content":{"rendered":"\n<div class=\"wp-block-columns has-2-columns is-layout-flex wp-container-core-columns-is-layout-9d6595d7 wp-block-columns-is-layout-flex\">\n<div class=\"wp-block-column is-layout-flow wp-block-column-is-layout-flow\"><div class=\"wp-block-image\">\n<figure class=\"aligncenter\"><img decoding=\"async\" width=\"360\" height=\"240\" data-src=\"https:\/\/cgh.com.pl\/es\/wp-content\/uploads\/2021\/06\/sgb-dry-leakage-detection-system.jpg\" alt=\"Sistema de monitoreo en seco SGB\" class=\"wp-image-1792 img-fluid lazyload\" data-srcset=\"https:\/\/cgh.com.pl\/es\/wp-content\/uploads\/2021\/06\/sgb-dry-leakage-detection-system.jpg 360w, https:\/\/cgh.com.pl\/es\/wp-content\/uploads\/2021\/06\/sgb-dry-leakage-detection-system-300x200.jpg 300w\" data-sizes=\"(max-width: 360px) 100vw, 360px\" src=\"data:image\/svg+xml;base64,PHN2ZyB3aWR0aD0iMSIgaGVpZ2h0PSIxIiB4bWxucz0iaHR0cDovL3d3dy53My5vcmcvMjAwMC9zdmciPjwvc3ZnPg==\" style=\"--smush-placeholder-width: 360px; --smush-placeholder-aspect-ratio: 360\/240;\" \/><\/figure><\/div><\/div>\n\n\n\n<div class=\"wp-block-column is-layout-flow wp-block-column-is-layout-flow\">\n<p><strong><strong>Informaci\u00f3n sobre el producto<\/strong><\/strong><\/p>\n\n\n\n<p><br>Los dispositivos SGB \u200b\u200bse utilizan para monitorear la estanqueidad de los espacios entre paredes en tanques de doble pared.<\/p>\n\n\n\n<p>Hay dos tipos principales de dispositivos:<\/p>\n\n\n\n<ul class=\"wp-block-list\">\n<li>de sobrepresi\u00f3n, marcado con el s\u00edmbolo DL<\/li>\n\n\n\n<li>de presi\u00f3n negativa, marcad como VL<\/li>\n<\/ul>\n\n\n\n<p>La parte integral del sistema forma bomba que genera sobrepresi\u00f3n en los sistemas DL (325) y presi\u00f3n negativa en los sistemas VL (330).<\/p>\n\n\n\n<p>Los dispositivos de sobrepresi\u00f3n se utilizan principalmente en dep\u00f3sitos terrestres. Los sistemas de vac\u00edo se recomiendan para dep\u00f3sitos terrestres.<\/p>\n\n\n\n<p>La selecci\u00f3n del n\u00famero y potencia de los dispositivos se basa en el tama\u00f1o del espacio monitoreado en los dep\u00f3sitos.<\/p>\n\n\n<div class=\"wp-block-image\">\n<figure class=\"alignleft size-full\"><img decoding=\"async\" width=\"22\" height=\"21\" data-src=\"https:\/\/cgh.com.pl\/es\/wp-content\/uploads\/2022\/11\/good.png\" alt=\"\" class=\"wp-image-4384 img-fluid lazyload\" src=\"data:image\/svg+xml;base64,PHN2ZyB3aWR0aD0iMSIgaGVpZ2h0PSIxIiB4bWxucz0iaHR0cDovL3d3dy53My5vcmcvMjAwMC9zdmciPjwvc3ZnPg==\" style=\"--smush-placeholder-width: 22px; --smush-placeholder-aspect-ratio: 22\/21;\" \/><\/figure><\/div>\n\n\n<p><strong>Ventajas del dispositivo<\/strong><\/p>\n\n\n\n<ul class=\"wp-block-list\">\n<li>montaje sencillo del dispositivo<\/li>\n\n\n\n<li>el dispositivo en funcionamiento no requiere mantenimiento<\/li>\n\n\n\n<li>facilidad de an\u00e1lisis de datos &#8211; alarma en caso de fuga detectada<\/li>\n\n\n\n<li>un dispositivo puede manejar muchos dep\u00f3sitos, hasta 8 conexiones en el tablero de distribuci\u00f3n<\/li>\n\n\n\n<li>la unidad de medici\u00f3n se puede instalar fuera de la zona EX en una sala accesible para el personal de servicio<\/li>\n<\/ul>\n\n\n<div class=\"wp-block-image\">\n<figure class=\"alignleft size-full\"><img decoding=\"async\" width=\"22\" height=\"22\" data-src=\"https:\/\/cgh.com.pl\/es\/wp-content\/uploads\/2022\/11\/advantage.png\" alt=\"\" class=\"wp-image-4385 img-fluid lazyload\" src=\"data:image\/svg+xml;base64,PHN2ZyB3aWR0aD0iMSIgaGVpZ2h0PSIxIiB4bWxucz0iaHR0cDovL3d3dy53My5vcmcvMjAwMC9zdmciPjwvc3ZnPg==\" style=\"--smush-placeholder-width: 22px; --smush-placeholder-aspect-ratio: 22\/22;\" \/><\/figure><\/div>\n\n\n<p><strong><strong><strong>Informaci\u00f3n t\u00e9cnica<\/strong><\/strong><\/strong><\/p>\n\n\n\n<p>El detector de fugas por sobrepresi\u00f3n, por ejemplo, el SGB DL325 m\u00e1s utilizado, se conecta al espacio mediante l\u00edneas de presi\u00f3n y medici\u00f3n.<\/p>\n\n\n\n<p>La sobrepresi\u00f3n generada por la bomba se mide y regula por un sensor de presi\u00f3n.<\/p>\n\n\n\n<p>Cuando se alcanza la presi\u00f3n de funcionamiento, se desconecta la generaci\u00f3n de sobrepresi\u00f3n.<\/p>\n\n\n\n<p>En funcionamiento normal, la lectura del indicador de fugas var\u00eda entre estos dos l\u00edmites, con per\u00edodos cortos de funcionamiento y per\u00edodos m\u00e1s largos de inactividad, dependiendo del grado de estanqueidad y las fluctuaciones de temperatura en toda la instalaci\u00f3n.<\/p>\n\n\n\n<p>Se activa una alarma si se superan los valores l\u00edmite.<\/p>\n\n\n\n<p>El dispositivo de vac\u00edo, el SGB VL330 m\u00e1s utilizado, se conecta al espacio mediante dos tubos (presi\u00f3n y medici\u00f3n) como en el caso de los dispositivos de sobrepresi\u00f3n.<\/p>\n\n\n\n<p><strong><strong><strong><strong>Ejemplos de uso:<\/strong><\/strong><\/strong><\/strong><\/p>\n\n\n\n<p><strong>DL 325<\/strong> \u2013 para monitorear l\u00edquidos que son qu\u00edmicamente agresivos o crean vapores explosivos con el aire (por ejemplo, gasolina). Requiere una presi\u00f3n de prueba entre paredes de 0,4 bar, por lo que no se puede utilizar para dep\u00f3sitos subterr\u00e1neos est\u00e1ndar seg\u00fan EN 12285-1. Se puede utilizar para dep\u00f3sitos terrestres seg\u00fan EN 12285-2, pero requiere la adici\u00f3n de refuerzos a los mismos, al igual que en un dep\u00f3sito subterr\u00e1neo.<\/p>\n\n\n\n<p><strong>VL330<\/strong> \u2013para monitorear l\u00edquidos que no forman mezclas explosivas con el aire (ON\u2013 s\u00ed, gasolina \u2013 no). Para uso en tanques subterr\u00e1neos y terrestres.<\/p>\n\n\n\n<p><a><\/a> <strong>VLXE330<\/strong> \u2013 Se puede utilizar en el mismo rango que el VL330, pero adem\u00e1s est\u00e1 aprobado para medios que forman mezclas explosivas con el aire, por ejemplo, gasolina y l\u00edquidos agresivos.<\/p>\n<\/div>\n<\/div>\n\n\n\n<p><\/p>\n","protected":false},"excerpt":{"rendered":"<p>Informaci\u00f3n sobre el producto Los dispositivos SGB \u200b\u200bse utilizan para monitorear la estanqueidad de los espacios entre paredes en tanques de doble pared. Hay dos tipos principales de dispositivos: La parte integral del sistema forma bomba que genera sobrepresi\u00f3n en los sistemas DL (325) y presi\u00f3n negativa en los sistemas VL (330). Los dispositivos de [&hellip;]?<\/p>\n","protected":false},"author":1,"featured_media":0,"parent":464,"menu_order":0,"comment_status":"closed","ping_status":"closed","template":"page-products-with-second-menu.php","meta":{"_acf_changed":false,"footnotes":""},"class_list":["post-466","page","type-page","status-publish","hentry"],"acf":[],"yoast_head":"<!-- This site is optimized with the Yoast SEO plugin v26.1.1 - https:\/\/yoast.com\/wordpress\/plugins\/seo\/ -->\n<title>Sistema de monitoreo en seco SGB - CGH Group Sp. z o.o.<\/title>\n<meta name=\"robots\" content=\"index, follow, max-snippet:-1, max-image-preview:large, max-video-preview:-1\" \/>\n<link rel=\"canonical\" href=\"https:\/\/cgh.com.pl\/es\/accesories\/sistema-de-monitoreo\/sistema-de-monitoreo-en-seco-sgb\" \/>\n<meta property=\"og:locale\" content=\"es_ES\" \/>\n<meta property=\"og:type\" content=\"article\" \/>\n<meta property=\"og:title\" content=\"Sistema de monitoreo en seco SGB - CGH Group Sp. z o.o.\" \/>\n<meta property=\"og:description\" content=\"Informaci\u00f3n sobre el producto Los dispositivos SGB \u200b\u200bse utilizan para monitorear la estanqueidad de los espacios entre paredes en tanques de doble pared. Hay dos tipos principales de dispositivos: La parte integral del sistema forma bomba que genera sobrepresi\u00f3n en los sistemas DL (325) y presi\u00f3n negativa en los sistemas VL (330). Los dispositivos de [&hellip;]?\" \/>\n<meta property=\"og:url\" content=\"https:\/\/cgh.com.pl\/es\/accesories\/sistema-de-monitoreo\/sistema-de-monitoreo-en-seco-sgb\" \/>\n<meta property=\"og:site_name\" content=\"CGH Group Sp. z o.o.\" \/>\n<meta property=\"article:publisher\" content=\"https:\/\/www.facebook.com\/cghpolska\" \/>\n<meta property=\"article:modified_time\" content=\"2025-01-13T23:30:22+00:00\" \/>\n<meta property=\"og:image\" content=\"https:\/\/cgh.com.pl\/es\/wp-content\/uploads\/2021\/06\/sgb-dry-leakage-detection-system.jpg\" \/>\n\t<meta property=\"og:image:width\" content=\"360\" \/>\n\t<meta property=\"og:image:height\" content=\"240\" \/>\n\t<meta property=\"og:image:type\" content=\"image\/jpeg\" \/>\n<meta name=\"twitter:card\" content=\"summary_large_image\" \/>\n<meta name=\"twitter:label1\" content=\"Tiempo de lectura\" \/>\n\t<meta name=\"twitter:data1\" content=\"3 minutos\" \/>\n<script type=\"application\/ld+json\" class=\"yoast-schema-graph\">{\"@context\":\"https:\/\/schema.org\",\"@graph\":[{\"@type\":\"WebPage\",\"@id\":\"https:\/\/cgh.com.pl\/es\/accesories\/sistema-de-monitoreo\/sistema-de-monitoreo-en-seco-sgb\",\"url\":\"https:\/\/cgh.com.pl\/es\/accesories\/sistema-de-monitoreo\/sistema-de-monitoreo-en-seco-sgb\",\"name\":\"Sistema de monitoreo en seco SGB - CGH Group Sp. z o.o.\",\"isPartOf\":{\"@id\":\"https:\/\/cgh.com.pl\/es\/#website\"},\"primaryImageOfPage\":{\"@id\":\"https:\/\/cgh.com.pl\/es\/accesories\/sistema-de-monitoreo\/sistema-de-monitoreo-en-seco-sgb#primaryimage\"},\"image\":{\"@id\":\"https:\/\/cgh.com.pl\/es\/accesories\/sistema-de-monitoreo\/sistema-de-monitoreo-en-seco-sgb#primaryimage\"},\"thumbnailUrl\":\"https:\/\/cgh.com.pl\/es\/wp-content\/uploads\/2021\/06\/sgb-dry-leakage-detection-system.jpg\",\"datePublished\":\"2020-12-07T21:41:27+00:00\",\"dateModified\":\"2025-01-13T23:30:22+00:00\",\"breadcrumb\":{\"@id\":\"https:\/\/cgh.com.pl\/es\/accesories\/sistema-de-monitoreo\/sistema-de-monitoreo-en-seco-sgb#breadcrumb\"},\"inLanguage\":\"es\",\"potentialAction\":[{\"@type\":\"ReadAction\",\"target\":[\"https:\/\/cgh.com.pl\/es\/accesories\/sistema-de-monitoreo\/sistema-de-monitoreo-en-seco-sgb\"]}]},{\"@type\":\"ImageObject\",\"inLanguage\":\"es\",\"@id\":\"https:\/\/cgh.com.pl\/es\/accesories\/sistema-de-monitoreo\/sistema-de-monitoreo-en-seco-sgb#primaryimage\",\"url\":\"https:\/\/cgh.com.pl\/es\/wp-content\/uploads\/2021\/06\/sgb-dry-leakage-detection-system.jpg\",\"contentUrl\":\"https:\/\/cgh.com.pl\/es\/wp-content\/uploads\/2021\/06\/sgb-dry-leakage-detection-system.jpg\",\"width\":360,\"height\":240,\"caption\":\"SGB dry leakage detection system\"},{\"@type\":\"BreadcrumbList\",\"@id\":\"https:\/\/cgh.com.pl\/es\/accesories\/sistema-de-monitoreo\/sistema-de-monitoreo-en-seco-sgb#breadcrumb\",\"itemListElement\":[{\"@type\":\"ListItem\",\"position\":1,\"name\":\"Strona g\u0142\u00f3wna\",\"item\":\"https:\/\/cgh.com.pl\/es\/\"},{\"@type\":\"ListItem\",\"position\":2,\"name\":\"Accesorios\",\"item\":\"https:\/\/cgh.com.pl\/es\/accesories\"},{\"@type\":\"ListItem\",\"position\":3,\"name\":\"Sistema de monitoreo\",\"item\":\"https:\/\/cgh.com.pl\/es\/accesories\/sistema-de-monitoreo\"},{\"@type\":\"ListItem\",\"position\":4,\"name\":\"Sistema de monitoreo en seco SGB\"}]},{\"@type\":\"WebSite\",\"@id\":\"https:\/\/cgh.com.pl\/es\/#website\",\"url\":\"https:\/\/cgh.com.pl\/es\/\",\"name\":\"CGH Group Sp. z o.o.\",\"description\":\"\",\"publisher\":{\"@id\":\"https:\/\/cgh.com.pl\/es\/#organization\"},\"alternateName\":\"Ingenier\u00eda, desarrollo y fabricaci\u00f3n de dep\u00f3sitos de GLP, industriales, combustibles, agua, a presi\u00f3n y acero inoxidable - CGH Group\",\"potentialAction\":[{\"@type\":\"SearchAction\",\"target\":{\"@type\":\"EntryPoint\",\"urlTemplate\":\"https:\/\/cgh.com.pl\/es\/?s={search_term_string}\"},\"query-input\":{\"@type\":\"PropertyValueSpecification\",\"valueRequired\":true,\"valueName\":\"search_term_string\"}}],\"inLanguage\":\"es\"},{\"@type\":\"Organization\",\"@id\":\"https:\/\/cgh.com.pl\/es\/#organization\",\"name\":\"CGH Group Sp. z o.o.\",\"url\":\"https:\/\/cgh.com.pl\/es\/\",\"logo\":{\"@type\":\"ImageObject\",\"inLanguage\":\"es\",\"@id\":\"https:\/\/cgh.com.pl\/es\/#\/schema\/logo\/image\/\",\"url\":\"https:\/\/cgh.com.pl\/es\/wp-content\/uploads\/2023\/05\/logoCGH.png\",\"contentUrl\":\"https:\/\/cgh.com.pl\/es\/wp-content\/uploads\/2023\/05\/logoCGH.png\",\"width\":449,\"height\":162,\"caption\":\"CGH Group Sp. z o.o.\"},\"image\":{\"@id\":\"https:\/\/cgh.com.pl\/es\/#\/schema\/logo\/image\/\"},\"sameAs\":[\"https:\/\/www.facebook.com\/cghpolska\",\"https:\/\/www.youtube.com\/channel\/UCe9uW1n0tEj_ZJOEtHIHGQw\"]}]}<\/script>\n<!-- \/ Yoast SEO plugin. -->","yoast_head_json":{"title":"Sistema de monitoreo en seco SGB - CGH Group Sp. z o.o.","robots":{"index":"index","follow":"follow","max-snippet":"max-snippet:-1","max-image-preview":"max-image-preview:large","max-video-preview":"max-video-preview:-1"},"canonical":"https:\/\/cgh.com.pl\/es\/accesories\/sistema-de-monitoreo\/sistema-de-monitoreo-en-seco-sgb","og_locale":"es_ES","og_type":"article","og_title":"Sistema de monitoreo en seco SGB - CGH Group Sp. z o.o.","og_description":"Informaci\u00f3n sobre el producto Los dispositivos SGB \u200b\u200bse utilizan para monitorear la estanqueidad de los espacios entre paredes en tanques de doble pared. Hay dos tipos principales de dispositivos: La parte integral del sistema forma bomba que genera sobrepresi\u00f3n en los sistemas DL (325) y presi\u00f3n negativa en los sistemas VL (330). Los dispositivos de [&hellip;]?","og_url":"https:\/\/cgh.com.pl\/es\/accesories\/sistema-de-monitoreo\/sistema-de-monitoreo-en-seco-sgb","og_site_name":"CGH Group Sp. z o.o.","article_publisher":"https:\/\/www.facebook.com\/cghpolska","article_modified_time":"2025-01-13T23:30:22+00:00","og_image":[{"width":360,"height":240,"url":"https:\/\/cgh.com.pl\/es\/wp-content\/uploads\/2021\/06\/sgb-dry-leakage-detection-system.jpg","type":"image\/jpeg"}],"twitter_card":"summary_large_image","twitter_misc":{"Tiempo de lectura":"3 minutos"},"schema":{"@context":"https:\/\/schema.org","@graph":[{"@type":"WebPage","@id":"https:\/\/cgh.com.pl\/es\/accesories\/sistema-de-monitoreo\/sistema-de-monitoreo-en-seco-sgb","url":"https:\/\/cgh.com.pl\/es\/accesories\/sistema-de-monitoreo\/sistema-de-monitoreo-en-seco-sgb","name":"Sistema de monitoreo en seco SGB - CGH Group Sp. z o.o.","isPartOf":{"@id":"https:\/\/cgh.com.pl\/es\/#website"},"primaryImageOfPage":{"@id":"https:\/\/cgh.com.pl\/es\/accesories\/sistema-de-monitoreo\/sistema-de-monitoreo-en-seco-sgb#primaryimage"},"image":{"@id":"https:\/\/cgh.com.pl\/es\/accesories\/sistema-de-monitoreo\/sistema-de-monitoreo-en-seco-sgb#primaryimage"},"thumbnailUrl":"https:\/\/cgh.com.pl\/es\/wp-content\/uploads\/2021\/06\/sgb-dry-leakage-detection-system.jpg","datePublished":"2020-12-07T21:41:27+00:00","dateModified":"2025-01-13T23:30:22+00:00","breadcrumb":{"@id":"https:\/\/cgh.com.pl\/es\/accesories\/sistema-de-monitoreo\/sistema-de-monitoreo-en-seco-sgb#breadcrumb"},"inLanguage":"es","potentialAction":[{"@type":"ReadAction","target":["https:\/\/cgh.com.pl\/es\/accesories\/sistema-de-monitoreo\/sistema-de-monitoreo-en-seco-sgb"]}]},{"@type":"ImageObject","inLanguage":"es","@id":"https:\/\/cgh.com.pl\/es\/accesories\/sistema-de-monitoreo\/sistema-de-monitoreo-en-seco-sgb#primaryimage","url":"https:\/\/cgh.com.pl\/es\/wp-content\/uploads\/2021\/06\/sgb-dry-leakage-detection-system.jpg","contentUrl":"https:\/\/cgh.com.pl\/es\/wp-content\/uploads\/2021\/06\/sgb-dry-leakage-detection-system.jpg","width":360,"height":240,"caption":"SGB dry leakage detection system"},{"@type":"BreadcrumbList","@id":"https:\/\/cgh.com.pl\/es\/accesories\/sistema-de-monitoreo\/sistema-de-monitoreo-en-seco-sgb#breadcrumb","itemListElement":[{"@type":"ListItem","position":1,"name":"Strona g\u0142\u00f3wna","item":"https:\/\/cgh.com.pl\/es\/"},{"@type":"ListItem","position":2,"name":"Accesorios","item":"https:\/\/cgh.com.pl\/es\/accesories"},{"@type":"ListItem","position":3,"name":"Sistema de monitoreo","item":"https:\/\/cgh.com.pl\/es\/accesories\/sistema-de-monitoreo"},{"@type":"ListItem","position":4,"name":"Sistema de monitoreo en seco SGB"}]},{"@type":"WebSite","@id":"https:\/\/cgh.com.pl\/es\/#website","url":"https:\/\/cgh.com.pl\/es\/","name":"CGH Group Sp. z o.o.","description":"","publisher":{"@id":"https:\/\/cgh.com.pl\/es\/#organization"},"alternateName":"Ingenier\u00eda, desarrollo y fabricaci\u00f3n de dep\u00f3sitos de GLP, industriales, combustibles, agua, a presi\u00f3n y acero inoxidable - CGH Group","potentialAction":[{"@type":"SearchAction","target":{"@type":"EntryPoint","urlTemplate":"https:\/\/cgh.com.pl\/es\/?s={search_term_string}"},"query-input":{"@type":"PropertyValueSpecification","valueRequired":true,"valueName":"search_term_string"}}],"inLanguage":"es"},{"@type":"Organization","@id":"https:\/\/cgh.com.pl\/es\/#organization","name":"CGH Group Sp. z o.o.","url":"https:\/\/cgh.com.pl\/es\/","logo":{"@type":"ImageObject","inLanguage":"es","@id":"https:\/\/cgh.com.pl\/es\/#\/schema\/logo\/image\/","url":"https:\/\/cgh.com.pl\/es\/wp-content\/uploads\/2023\/05\/logoCGH.png","contentUrl":"https:\/\/cgh.com.pl\/es\/wp-content\/uploads\/2023\/05\/logoCGH.png","width":449,"height":162,"caption":"CGH Group Sp. z o.o."},"image":{"@id":"https:\/\/cgh.com.pl\/es\/#\/schema\/logo\/image\/"},"sameAs":["https:\/\/www.facebook.com\/cghpolska","https:\/\/www.youtube.com\/channel\/UCe9uW1n0tEj_ZJOEtHIHGQw"]}]}},"_links":{"self":[{"href":"https:\/\/cgh.com.pl\/es\/wp-json\/wp\/v2\/pages\/466","targetHints":{"allow":["GET"]}}],"collection":[{"href":"https:\/\/cgh.com.pl\/es\/wp-json\/wp\/v2\/pages"}],"about":[{"href":"https:\/\/cgh.com.pl\/es\/wp-json\/wp\/v2\/types\/page"}],"author":[{"embeddable":true,"href":"https:\/\/cgh.com.pl\/es\/wp-json\/wp\/v2\/users\/1"}],"replies":[{"embeddable":true,"href":"https:\/\/cgh.com.pl\/es\/wp-json\/wp\/v2\/comments?post=466"}],"version-history":[{"count":11,"href":"https:\/\/cgh.com.pl\/es\/wp-json\/wp\/v2\/pages\/466\/revisions"}],"predecessor-version":[{"id":5197,"href":"https:\/\/cgh.com.pl\/es\/wp-json\/wp\/v2\/pages\/466\/revisions\/5197"}],"up":[{"embeddable":true,"href":"https:\/\/cgh.com.pl\/es\/wp-json\/wp\/v2\/pages\/464"}],"wp:attachment":[{"href":"https:\/\/cgh.com.pl\/es\/wp-json\/wp\/v2\/media?parent=466"}],"curies":[{"name":"wp","href":"https:\/\/api.w.org\/{rel}","templated":true}]}}