{"id":468,"date":"2020-12-07T22:43:41","date_gmt":"2020-12-07T21:43:41","guid":{"rendered":"https:\/\/cgh.com.pl\/es\/?page_id=468"},"modified":"2023-05-21T00:12:56","modified_gmt":"2023-05-20T22:12:56","slug":"monitoreo-humedo-gok-lag-2000","status":"publish","type":"page","link":"https:\/\/cgh.com.pl\/es\/accesories\/sistema-de-monitoreo\/monitoreo-humedo-gok-lag-2000","title":{"rendered":"Monitoreo h\u00famedo GOK LAG 2000"},"content":{"rendered":"\n<div class=\"wp-block-columns has-2-columns is-layout-flex wp-container-core-columns-is-layout-9d6595d7 wp-block-columns-is-layout-flex\">\n<div class=\"wp-block-column is-layout-flow wp-block-column-is-layout-flow\"><div class=\"wp-block-image\">\n<figure class=\"aligncenter\"><img decoding=\"async\" width=\"450\" height=\"324\" data-src=\"https:\/\/cgh.com.pl\/es\/wp-content\/uploads\/2021\/06\/gok-lag-2000-wet-leakage-detection-system.jpg\" alt=\"GOK LAG 2000 wet monitoring\" class=\"wp-image-1794 img-fluid lazyload\" data-srcset=\"https:\/\/cgh.com.pl\/es\/wp-content\/uploads\/2021\/06\/gok-lag-2000-wet-leakage-detection-system.jpg 450w, https:\/\/cgh.com.pl\/es\/wp-content\/uploads\/2021\/06\/gok-lag-2000-wet-leakage-detection-system-300x216.jpg 300w\" data-sizes=\"(max-width: 450px) 100vw, 450px\" src=\"data:image\/svg+xml;base64,PHN2ZyB3aWR0aD0iMSIgaGVpZ2h0PSIxIiB4bWxucz0iaHR0cDovL3d3dy53My5vcmcvMjAwMC9zdmciPjwvc3ZnPg==\" style=\"--smush-placeholder-width: 450px; --smush-placeholder-aspect-ratio: 450\/324;\" \/><\/figure><\/div>\n\n\n<div class=\"photos\">\n<div class=\"first-zoom-photo\">\n<p style=\"text-align: center; font-size: 10px;\"><img decoding=\"async\" data-src=\"https:\/\/cgh.com.pl\/es\/wp-content\/uploads\/2021\/06\/GOK-LAG2000-wet-leakage-detection-system-1.jpg\" src=\"data:image\/svg+xml;base64,PHN2ZyB3aWR0aD0iMSIgaGVpZ2h0PSIxIiB4bWxucz0iaHR0cDovL3d3dy53My5vcmcvMjAwMC9zdmciPjwvc3ZnPg==\" class=\"lazyload\" style=\"--smush-placeholder-width: 800px; --smush-placeholder-aspect-ratio: 800\/500;\"><\/p>\n\n<div><\/div>\n<\/div>\n<div>\n<p style=\"text-align: center; font-size: 10px;\"><img decoding=\"async\" data-src=\"https:\/\/cgh.com.pl\/es\/wp-content\/uploads\/2021\/06\/gok-lag-2000-wet-leakage-detection-system-4.jpg\" src=\"data:image\/svg+xml;base64,PHN2ZyB3aWR0aD0iMSIgaGVpZ2h0PSIxIiB4bWxucz0iaHR0cDovL3d3dy53My5vcmcvMjAwMC9zdmciPjwvc3ZnPg==\" class=\"lazyload\" style=\"--smush-placeholder-width: 1000px; --smush-placeholder-aspect-ratio: 1000\/1000;\"><\/p>\n\n<div><\/div>\n<\/div>\n\n<div class=\"pair\">\n<p style=\"text-align: center; font-size: 10px;\"><img decoding=\"async\" data-src=\"https:\/\/cgh.com.pl\/es\/wp-content\/uploads\/2021\/06\/GOK-LAG-2000-wet-leakage-detection-system-3.jpg\" src=\"data:image\/svg+xml;base64,PHN2ZyB3aWR0aD0iMSIgaGVpZ2h0PSIxIiB4bWxucz0iaHR0cDovL3d3dy53My5vcmcvMjAwMC9zdmciPjwvc3ZnPg==\" class=\"lazyload\" style=\"--smush-placeholder-width: 1000px; --smush-placeholder-aspect-ratio: 1000\/1000;\"><\/p>\n\n<div><\/div>\n<div><\/div>\n<\/div>\n<\/div>\n<\/div>\n\n\n\n<div class=\"wp-block-column is-layout-flow wp-block-column-is-layout-flow\">\n<p><strong>Informaci\u00f3n del Producto<strong><br><\/strong>GOK LAG 2000: un dispositivo para un sistema de monitoreo h\u00famedo.<\/strong><\/p>\n\n\n\n<p><strong>Es un avisador de fugas para tanques no presurizados en la zona EX (zona de peligro de explosi\u00f3n), la llamada \u00abdetecci\u00f3n h\u00fameda\u00bb.<\/strong><\/p>\n\n\n\n<p><strong>Sistema de detecci\u00f3n de fugas clase II seg\u00fan DIN EN 13160-1 y DIN EN 13160-3. Para supervisi\u00f3n, entre otros: dep\u00f3sitos de doble pared, sin presi\u00f3n, terrestres y subterr\u00e1neos.<\/strong><\/p>\n\n\n\n<p>El volumen del espacio de control de la instalaci\u00f3n puede ser de hasta 1m\u00b3.<\/p>\n\n\n\n<p>El Lag 2000 solo se puede utilizar para supervisar dep\u00f3sitos de doble pared u otros dep\u00f3sitos que permitan mediciones con l\u00edquidos.<\/p>\n\n\n\n<p>Las fugas del dep\u00f3sito se detectan por una ca\u00edda en el nivel de l\u00edquido (glicol) en el vaso de expansi\u00f3n del dispositivo de monitoreo.<\/p>\n\n\n\n<p>Principio de funcionamiento del detector de fugas LAG 2000:<\/p>\n\n\n\n<p>En el espacio monitorizado del dep\u00f3sito del CSN existe un l\u00edquido detector de fugas que llena el dep\u00f3sito de l\u00edquido hasta el visor. Si los extremos de la sonda se sumergen en el l\u00edquido de detecci\u00f3n de fugas, el circuito el\u00e9ctrico entre los dos electrodos de la sonda se cierra.<\/p>\n\n\n\n<p>En caso de una posible fuga en el dep\u00f3sito, el l\u00edquido detector de fugas se derrama. Los extremos de la sonda no est\u00e1n sumergidos en el l\u00edquido, el circuito el\u00e9ctrico est\u00e1 roto y la sirena emite una alarma ac\u00fastica y visual.<\/p>\n\n\n<div class=\"wp-block-image\">\n<figure class=\"alignleft size-full\"><img decoding=\"async\" width=\"22\" height=\"21\" data-src=\"https:\/\/cgh.com.pl\/es\/wp-content\/uploads\/2022\/11\/good.png\" alt=\"\" class=\"wp-image-4384 img-fluid lazyload\" src=\"data:image\/svg+xml;base64,PHN2ZyB3aWR0aD0iMSIgaGVpZ2h0PSIxIiB4bWxucz0iaHR0cDovL3d3dy53My5vcmcvMjAwMC9zdmciPjwvc3ZnPg==\" style=\"--smush-placeholder-width: 22px; --smush-placeholder-aspect-ratio: 22\/21;\" \/><\/figure><\/div>\n\n\n<p><strong>Ventajas del dispositivo<\/strong><\/p>\n\n\n\n<ul class=\"wp-block-list\">\n<li>se puede utilizar en la zona de terremotos<\/li>\n\n\n\n<li>conformidad con las normas de la UE<\/li>\n\n\n\n<li>tiene la marca CE<\/li>\n\n\n\n<li>Se puede utilizar en muchos tipos de dep\u00f3sitos:\n<ul class=\"wp-block-list\">\n<li>Dep\u00f3sitos terrestres de doble pared seg\u00fan DIN 6616, DIN 6618-3, DIN 6623-2, DIN 6624-2 y EN 12285-2<\/li>\n\n\n\n<li>Dep\u00f3sitos subterr\u00e1neos, de doble pared seg\u00fan DIN6608-2, DIN 6619-2, EN 12285-1<\/li>\n\n\n\n<li>Otros dep\u00f3sitos que dispongan de un certificado de utilidad emitido por la supervisi\u00f3n de obra o de un certificado de conformidad de un producto de construcci\u00f3n de acuerdo con lo dispuesto en la ley en materia de transposici\u00f3n de las directivas comunitarias europeas, incluidos los requisitos para la supervisi\u00f3n de obra y la ley de aguas, que est\u00e9n marcados con la marca CE.<\/li>\n\n\n\n<li>Dep\u00f3sitos terrestres no presurizados de una sola pared con un revestimiento que protege contra fugas.<\/li>\n\n\n\n<li>Dep\u00f3sitos terrestres no presurizados de una sola pared con una camisa que protege contra fugas.<\/li>\n<\/ul>\n<\/li>\n<\/ul>\n\n\n<div class=\"wp-block-image\">\n<figure class=\"alignleft size-full\"><img decoding=\"async\" width=\"22\" height=\"22\" data-src=\"https:\/\/cgh.com.pl\/es\/wp-content\/uploads\/2022\/11\/advantage.png\" alt=\"\" class=\"wp-image-4385 img-fluid lazyload\" src=\"data:image\/svg+xml;base64,PHN2ZyB3aWR0aD0iMSIgaGVpZ2h0PSIxIiB4bWxucz0iaHR0cDovL3d3dy53My5vcmcvMjAwMC9zdmciPjwvc3ZnPg==\" style=\"--smush-placeholder-width: 22px; --smush-placeholder-aspect-ratio: 22\/22;\" \/><\/figure><\/div>\n\n\n<p><strong>Informaci\u00f3n t\u00e9cnica<\/strong><\/p>\n\n\n\n<ul class=\"wp-block-list\">\n<li>voltaje 230V 50-60Hz<\/li>\n\n\n\n<li>consumo de energ\u00eda: 2.5VA<\/li>\n\n\n\n<li>rango de temperatura -20 a +60 \u00b0C<\/li>\n\n\n\n<li>carcasa IP20<\/li>\n<\/ul>\n\n\n\n<p><strong>Medio de trabajo:<\/strong><\/p>\n\n\n\n<ul class=\"wp-block-list\">\n<li>gasoil<\/li>\n\n\n\n<li>aceite combustible<\/li>\n\n\n\n<li>gasolina<\/li>\n\n\n\n<li>etanol<\/li>\n\n\n\n<li>mezclas de gasolina y etanol<\/li>\n\n\n\n<li>otros<\/li>\n<\/ul>\n<\/div>\n<\/div>\n","protected":false},"excerpt":{"rendered":"<p>Informaci\u00f3n del ProductoGOK LAG 2000: un dispositivo para un sistema de monitoreo h\u00famedo. Es un avisador de fugas para tanques no presurizados en la zona EX (zona de peligro de explosi\u00f3n), la llamada \u00abdetecci\u00f3n h\u00fameda\u00bb. Sistema de detecci\u00f3n de fugas clase II seg\u00fan DIN EN 13160-1 y DIN EN 13160-3. Para supervisi\u00f3n, entre otros: dep\u00f3sitos [&hellip;]?<\/p>\n","protected":false},"author":1,"featured_media":0,"parent":464,"menu_order":0,"comment_status":"closed","ping_status":"closed","template":"page-products-with-second-menu.php","meta":{"_acf_changed":false,"footnotes":""},"class_list":["post-468","page","type-page","status-publish","hentry"],"acf":[],"yoast_head":"<!-- This site is optimized with the Yoast SEO plugin v26.1.1 - https:\/\/yoast.com\/wordpress\/plugins\/seo\/ -->\n<title>Monitoreo h\u00famedo GOK LAG 2000 - CGH Group Sp. z o.o.<\/title>\n<meta name=\"description\" content=\"GOK LAG 2000 monitoring mokry. Jest to sygnalizator nieszczelno\u015bci do zbiornik\u00f3w bezci\u015bnieniowych \u00a0do strefy EX (strefa zagro\u017cona wybuchem)...\" \/>\n<meta name=\"robots\" content=\"index, follow, max-snippet:-1, max-image-preview:large, max-video-preview:-1\" \/>\n<link rel=\"canonical\" href=\"https:\/\/cgh.com.pl\/es\/accesories\/sistema-de-monitoreo\/monitoreo-humedo-gok-lag-2000\" \/>\n<meta property=\"og:locale\" content=\"es_ES\" \/>\n<meta property=\"og:type\" content=\"article\" \/>\n<meta property=\"og:title\" content=\"Monitoreo h\u00famedo GOK LAG 2000 - CGH Group Sp. z o.o.\" \/>\n<meta property=\"og:description\" content=\"GOK LAG 2000 monitoring mokry. Jest to sygnalizator nieszczelno\u015bci do zbiornik\u00f3w bezci\u015bnieniowych \u00a0do strefy EX (strefa zagro\u017cona wybuchem)...\" \/>\n<meta property=\"og:url\" content=\"https:\/\/cgh.com.pl\/es\/accesories\/sistema-de-monitoreo\/monitoreo-humedo-gok-lag-2000\" \/>\n<meta property=\"og:site_name\" content=\"CGH Group Sp. z o.o.\" \/>\n<meta property=\"article:publisher\" content=\"https:\/\/www.facebook.com\/cghpolska\" \/>\n<meta property=\"article:modified_time\" content=\"2023-05-20T22:12:56+00:00\" \/>\n<meta property=\"og:image\" content=\"https:\/\/cgh.com.pl\/es\/wp-content\/uploads\/2021\/06\/gok-lag-2000-wet-leakage-detection-system.jpg\" \/>\n<meta name=\"twitter:card\" content=\"summary_large_image\" \/>\n<meta name=\"twitter:label1\" content=\"Tiempo de lectura\" \/>\n\t<meta name=\"twitter:data1\" content=\"2 minutos\" \/>\n<script type=\"application\/ld+json\" class=\"yoast-schema-graph\">{\"@context\":\"https:\/\/schema.org\",\"@graph\":[{\"@type\":\"WebPage\",\"@id\":\"https:\/\/cgh.com.pl\/es\/accesories\/sistema-de-monitoreo\/monitoreo-humedo-gok-lag-2000\",\"url\":\"https:\/\/cgh.com.pl\/es\/accesories\/sistema-de-monitoreo\/monitoreo-humedo-gok-lag-2000\",\"name\":\"Monitoreo h\u00famedo GOK LAG 2000 - CGH Group Sp. z o.o.\",\"isPartOf\":{\"@id\":\"https:\/\/cgh.com.pl\/es\/#website\"},\"primaryImageOfPage\":{\"@id\":\"https:\/\/cgh.com.pl\/es\/accesories\/sistema-de-monitoreo\/monitoreo-humedo-gok-lag-2000#primaryimage\"},\"image\":{\"@id\":\"https:\/\/cgh.com.pl\/es\/accesories\/sistema-de-monitoreo\/monitoreo-humedo-gok-lag-2000#primaryimage\"},\"thumbnailUrl\":\"https:\/\/cgh.com.pl\/es\/wp-content\/uploads\/2021\/06\/gok-lag-2000-wet-leakage-detection-system.jpg\",\"datePublished\":\"2020-12-07T21:43:41+00:00\",\"dateModified\":\"2023-05-20T22:12:56+00:00\",\"description\":\"GOK LAG 2000 monitoring mokry. Jest to sygnalizator nieszczelno\u015bci do zbiornik\u00f3w bezci\u015bnieniowych \u00a0do strefy EX (strefa zagro\u017cona wybuchem)...\",\"breadcrumb\":{\"@id\":\"https:\/\/cgh.com.pl\/es\/accesories\/sistema-de-monitoreo\/monitoreo-humedo-gok-lag-2000#breadcrumb\"},\"inLanguage\":\"es\",\"potentialAction\":[{\"@type\":\"ReadAction\",\"target\":[\"https:\/\/cgh.com.pl\/es\/accesories\/sistema-de-monitoreo\/monitoreo-humedo-gok-lag-2000\"]}]},{\"@type\":\"ImageObject\",\"inLanguage\":\"es\",\"@id\":\"https:\/\/cgh.com.pl\/es\/accesories\/sistema-de-monitoreo\/monitoreo-humedo-gok-lag-2000#primaryimage\",\"url\":\"https:\/\/cgh.com.pl\/es\/wp-content\/uploads\/2021\/06\/gok-lag-2000-wet-leakage-detection-system.jpg\",\"contentUrl\":\"https:\/\/cgh.com.pl\/es\/wp-content\/uploads\/2021\/06\/gok-lag-2000-wet-leakage-detection-system.jpg\",\"width\":450,\"height\":324,\"caption\":\"GOK LAG 2000 wet leakage detection system\"},{\"@type\":\"BreadcrumbList\",\"@id\":\"https:\/\/cgh.com.pl\/es\/accesories\/sistema-de-monitoreo\/monitoreo-humedo-gok-lag-2000#breadcrumb\",\"itemListElement\":[{\"@type\":\"ListItem\",\"position\":1,\"name\":\"Strona g\u0142\u00f3wna\",\"item\":\"https:\/\/cgh.com.pl\/es\/\"},{\"@type\":\"ListItem\",\"position\":2,\"name\":\"Accesorios\",\"item\":\"https:\/\/cgh.com.pl\/es\/accesories\"},{\"@type\":\"ListItem\",\"position\":3,\"name\":\"Sistema de monitoreo\",\"item\":\"https:\/\/cgh.com.pl\/es\/accesories\/sistema-de-monitoreo\"},{\"@type\":\"ListItem\",\"position\":4,\"name\":\"Monitoreo h\u00famedo GOK LAG 2000\"}]},{\"@type\":\"WebSite\",\"@id\":\"https:\/\/cgh.com.pl\/es\/#website\",\"url\":\"https:\/\/cgh.com.pl\/es\/\",\"name\":\"CGH Group Sp. z o.o.\",\"description\":\"\",\"publisher\":{\"@id\":\"https:\/\/cgh.com.pl\/es\/#organization\"},\"alternateName\":\"Ingenier\u00eda, desarrollo y fabricaci\u00f3n de dep\u00f3sitos de GLP, industriales, combustibles, agua, a presi\u00f3n y acero inoxidable - CGH Group\",\"potentialAction\":[{\"@type\":\"SearchAction\",\"target\":{\"@type\":\"EntryPoint\",\"urlTemplate\":\"https:\/\/cgh.com.pl\/es\/?s={search_term_string}\"},\"query-input\":{\"@type\":\"PropertyValueSpecification\",\"valueRequired\":true,\"valueName\":\"search_term_string\"}}],\"inLanguage\":\"es\"},{\"@type\":\"Organization\",\"@id\":\"https:\/\/cgh.com.pl\/es\/#organization\",\"name\":\"CGH Group Sp. z o.o.\",\"url\":\"https:\/\/cgh.com.pl\/es\/\",\"logo\":{\"@type\":\"ImageObject\",\"inLanguage\":\"es\",\"@id\":\"https:\/\/cgh.com.pl\/es\/#\/schema\/logo\/image\/\",\"url\":\"https:\/\/cgh.com.pl\/es\/wp-content\/uploads\/2023\/05\/logoCGH.png\",\"contentUrl\":\"https:\/\/cgh.com.pl\/es\/wp-content\/uploads\/2023\/05\/logoCGH.png\",\"width\":449,\"height\":162,\"caption\":\"CGH Group Sp. z o.o.\"},\"image\":{\"@id\":\"https:\/\/cgh.com.pl\/es\/#\/schema\/logo\/image\/\"},\"sameAs\":[\"https:\/\/www.facebook.com\/cghpolska\",\"https:\/\/www.youtube.com\/channel\/UCe9uW1n0tEj_ZJOEtHIHGQw\"]}]}<\/script>\n<!-- \/ Yoast SEO plugin. -->","yoast_head_json":{"title":"Monitoreo h\u00famedo GOK LAG 2000 - CGH Group Sp. z o.o.","description":"GOK LAG 2000 monitoring mokry. Jest to sygnalizator nieszczelno\u015bci do zbiornik\u00f3w bezci\u015bnieniowych \u00a0do strefy EX (strefa zagro\u017cona wybuchem)...","robots":{"index":"index","follow":"follow","max-snippet":"max-snippet:-1","max-image-preview":"max-image-preview:large","max-video-preview":"max-video-preview:-1"},"canonical":"https:\/\/cgh.com.pl\/es\/accesories\/sistema-de-monitoreo\/monitoreo-humedo-gok-lag-2000","og_locale":"es_ES","og_type":"article","og_title":"Monitoreo h\u00famedo GOK LAG 2000 - CGH Group Sp. z o.o.","og_description":"GOK LAG 2000 monitoring mokry. Jest to sygnalizator nieszczelno\u015bci do zbiornik\u00f3w bezci\u015bnieniowych \u00a0do strefy EX (strefa zagro\u017cona wybuchem)...","og_url":"https:\/\/cgh.com.pl\/es\/accesories\/sistema-de-monitoreo\/monitoreo-humedo-gok-lag-2000","og_site_name":"CGH Group Sp. z o.o.","article_publisher":"https:\/\/www.facebook.com\/cghpolska","article_modified_time":"2023-05-20T22:12:56+00:00","og_image":[{"url":"https:\/\/cgh.com.pl\/es\/wp-content\/uploads\/2021\/06\/gok-lag-2000-wet-leakage-detection-system.jpg","type":"","width":"","height":""}],"twitter_card":"summary_large_image","twitter_misc":{"Tiempo de lectura":"2 minutos"},"schema":{"@context":"https:\/\/schema.org","@graph":[{"@type":"WebPage","@id":"https:\/\/cgh.com.pl\/es\/accesories\/sistema-de-monitoreo\/monitoreo-humedo-gok-lag-2000","url":"https:\/\/cgh.com.pl\/es\/accesories\/sistema-de-monitoreo\/monitoreo-humedo-gok-lag-2000","name":"Monitoreo h\u00famedo GOK LAG 2000 - CGH Group Sp. z o.o.","isPartOf":{"@id":"https:\/\/cgh.com.pl\/es\/#website"},"primaryImageOfPage":{"@id":"https:\/\/cgh.com.pl\/es\/accesories\/sistema-de-monitoreo\/monitoreo-humedo-gok-lag-2000#primaryimage"},"image":{"@id":"https:\/\/cgh.com.pl\/es\/accesories\/sistema-de-monitoreo\/monitoreo-humedo-gok-lag-2000#primaryimage"},"thumbnailUrl":"https:\/\/cgh.com.pl\/es\/wp-content\/uploads\/2021\/06\/gok-lag-2000-wet-leakage-detection-system.jpg","datePublished":"2020-12-07T21:43:41+00:00","dateModified":"2023-05-20T22:12:56+00:00","description":"GOK LAG 2000 monitoring mokry. Jest to sygnalizator nieszczelno\u015bci do zbiornik\u00f3w bezci\u015bnieniowych \u00a0do strefy EX (strefa zagro\u017cona wybuchem)...","breadcrumb":{"@id":"https:\/\/cgh.com.pl\/es\/accesories\/sistema-de-monitoreo\/monitoreo-humedo-gok-lag-2000#breadcrumb"},"inLanguage":"es","potentialAction":[{"@type":"ReadAction","target":["https:\/\/cgh.com.pl\/es\/accesories\/sistema-de-monitoreo\/monitoreo-humedo-gok-lag-2000"]}]},{"@type":"ImageObject","inLanguage":"es","@id":"https:\/\/cgh.com.pl\/es\/accesories\/sistema-de-monitoreo\/monitoreo-humedo-gok-lag-2000#primaryimage","url":"https:\/\/cgh.com.pl\/es\/wp-content\/uploads\/2021\/06\/gok-lag-2000-wet-leakage-detection-system.jpg","contentUrl":"https:\/\/cgh.com.pl\/es\/wp-content\/uploads\/2021\/06\/gok-lag-2000-wet-leakage-detection-system.jpg","width":450,"height":324,"caption":"GOK LAG 2000 wet leakage detection system"},{"@type":"BreadcrumbList","@id":"https:\/\/cgh.com.pl\/es\/accesories\/sistema-de-monitoreo\/monitoreo-humedo-gok-lag-2000#breadcrumb","itemListElement":[{"@type":"ListItem","position":1,"name":"Strona g\u0142\u00f3wna","item":"https:\/\/cgh.com.pl\/es\/"},{"@type":"ListItem","position":2,"name":"Accesorios","item":"https:\/\/cgh.com.pl\/es\/accesories"},{"@type":"ListItem","position":3,"name":"Sistema de monitoreo","item":"https:\/\/cgh.com.pl\/es\/accesories\/sistema-de-monitoreo"},{"@type":"ListItem","position":4,"name":"Monitoreo h\u00famedo GOK LAG 2000"}]},{"@type":"WebSite","@id":"https:\/\/cgh.com.pl\/es\/#website","url":"https:\/\/cgh.com.pl\/es\/","name":"CGH Group Sp. z o.o.","description":"","publisher":{"@id":"https:\/\/cgh.com.pl\/es\/#organization"},"alternateName":"Ingenier\u00eda, desarrollo y fabricaci\u00f3n de dep\u00f3sitos de GLP, industriales, combustibles, agua, a presi\u00f3n y acero inoxidable - CGH Group","potentialAction":[{"@type":"SearchAction","target":{"@type":"EntryPoint","urlTemplate":"https:\/\/cgh.com.pl\/es\/?s={search_term_string}"},"query-input":{"@type":"PropertyValueSpecification","valueRequired":true,"valueName":"search_term_string"}}],"inLanguage":"es"},{"@type":"Organization","@id":"https:\/\/cgh.com.pl\/es\/#organization","name":"CGH Group Sp. z o.o.","url":"https:\/\/cgh.com.pl\/es\/","logo":{"@type":"ImageObject","inLanguage":"es","@id":"https:\/\/cgh.com.pl\/es\/#\/schema\/logo\/image\/","url":"https:\/\/cgh.com.pl\/es\/wp-content\/uploads\/2023\/05\/logoCGH.png","contentUrl":"https:\/\/cgh.com.pl\/es\/wp-content\/uploads\/2023\/05\/logoCGH.png","width":449,"height":162,"caption":"CGH Group Sp. z o.o."},"image":{"@id":"https:\/\/cgh.com.pl\/es\/#\/schema\/logo\/image\/"},"sameAs":["https:\/\/www.facebook.com\/cghpolska","https:\/\/www.youtube.com\/channel\/UCe9uW1n0tEj_ZJOEtHIHGQw"]}]}},"_links":{"self":[{"href":"https:\/\/cgh.com.pl\/es\/wp-json\/wp\/v2\/pages\/468","targetHints":{"allow":["GET"]}}],"collection":[{"href":"https:\/\/cgh.com.pl\/es\/wp-json\/wp\/v2\/pages"}],"about":[{"href":"https:\/\/cgh.com.pl\/es\/wp-json\/wp\/v2\/types\/page"}],"author":[{"embeddable":true,"href":"https:\/\/cgh.com.pl\/es\/wp-json\/wp\/v2\/users\/1"}],"replies":[{"embeddable":true,"href":"https:\/\/cgh.com.pl\/es\/wp-json\/wp\/v2\/comments?post=468"}],"version-history":[{"count":10,"href":"https:\/\/cgh.com.pl\/es\/wp-json\/wp\/v2\/pages\/468\/revisions"}],"predecessor-version":[{"id":4897,"href":"https:\/\/cgh.com.pl\/es\/wp-json\/wp\/v2\/pages\/468\/revisions\/4897"}],"up":[{"embeddable":true,"href":"https:\/\/cgh.com.pl\/es\/wp-json\/wp\/v2\/pages\/464"}],"wp:attachment":[{"href":"https:\/\/cgh.com.pl\/es\/wp-json\/wp\/v2\/media?parent=468"}],"curies":[{"name":"wp","href":"https:\/\/api.w.org\/{rel}","templated":true}]}}