{"id":470,"date":"2020-12-07T22:49:15","date_gmt":"2020-12-07T21:49:15","guid":{"rendered":"https:\/\/cgh.com.pl\/es\/?page_id=470"},"modified":"2023-05-21T00:37:29","modified_gmt":"2023-05-20T22:37:29","slug":"sistema-de-control-y-medicion-opw-nano","status":"publish","type":"page","link":"https:\/\/cgh.com.pl\/es\/accesories\/sistema-de-monitoreo\/sistema-de-control-y-medicion-opw-nano","title":{"rendered":"Sistema de control y medici\u00f3n OPW Nano"},"content":{"rendered":"\n<div class=\"wp-block-columns has-2-columns is-layout-flex wp-container-core-columns-is-layout-9d6595d7 wp-block-columns-is-layout-flex\">\n<div class=\"wp-block-column is-layout-flow wp-block-column-is-layout-flow\"><div class=\"wp-block-image\">\n<figure class=\"aligncenter\"><img decoding=\"async\" width=\"360\" height=\"240\" data-src=\"https:\/\/cgh.com.pl\/es\/wp-content\/uploads\/2021\/06\/opw-nano-control-and-gauge-system-sitesentinel-nano.jpg\" alt=\"Sistema de control y medici\u00f3n OPW Nano\" class=\"wp-image-1800 img-fluid lazyload\" data-srcset=\"https:\/\/cgh.com.pl\/es\/wp-content\/uploads\/2021\/06\/opw-nano-control-and-gauge-system-sitesentinel-nano.jpg 360w, https:\/\/cgh.com.pl\/es\/wp-content\/uploads\/2021\/06\/opw-nano-control-and-gauge-system-sitesentinel-nano-300x200.jpg 300w\" data-sizes=\"(max-width: 360px) 100vw, 360px\" src=\"data:image\/svg+xml;base64,PHN2ZyB3aWR0aD0iMSIgaGVpZ2h0PSIxIiB4bWxucz0iaHR0cDovL3d3dy53My5vcmcvMjAwMC9zdmciPjwvc3ZnPg==\" style=\"--smush-placeholder-width: 360px; --smush-placeholder-aspect-ratio: 360\/240;\" \/><\/figure><\/div><\/div>\n\n\n\n<div class=\"wp-block-column is-layout-flow wp-block-column-is-layout-flow\">\n<p><strong>Informaci\u00f3n del Producto<\/strong><\/p>\n\n\n\n<p><strong>SiteSentinel\u00ae Nano&#x2122; es el sistema de inspecci\u00f3n y medici\u00f3n de OPW para:<\/strong><\/p>\n\n\n\n<ul class=\"wp-block-list\">\n<li>Medici\u00f3n de la cantidad de fluidos en el dep\u00f3sito mediante una sonda magnetoestrictiva.<\/li>\n\n\n\n<li>Controlar el espacio entre las paredes del dep\u00f3sito, por ejemplo, usando sensores, por ejemplo: sensor ranurado, \u00f3ptico o de vapor<\/li>\n<\/ul>\n\n\n\n<p><strong>Adem\u00e1s, la inspecci\u00f3n puede incluir informes sobre fugas en:<\/strong><\/p>\n\n\n\n<ul class=\"wp-block-list\">\n<li>pozos de dep\u00f3sitos,<\/li>\n\n\n\n<li>debajo de los dispensadores de combustible,<\/li>\n\n\n\n<li>en orificios piezom\u00e9tricos alrededor del campo del dep\u00f3sito,<\/li>\n\n\n\n<li>espacio entre tuber\u00edas de combustible de doble pared<\/li>\n<\/ul>\n\n\n\n<p><strong><strong>El sistema se utiliza en las siguientes instalaciones:<\/strong><\/strong><\/p>\n\n\n\n<ul class=\"wp-block-list\">\n<li>gasolineras,<\/li>\n\n\n\n<li>salas de calderas,<\/li>\n\n\n\n<li>peque\u00f1os almacenes de productos petrol\u00edferos<\/li>\n\n\n\n<li>y donde existe la necesidad de monitorear dep\u00f3sitos y equipos.<\/li>\n<\/ul>\n\n\n\n<p>Permite recopilar y procesar datos sobre la cantidad de combustible en el dep\u00f3sito, indicaciones de la temperatura del l\u00edquido almacenado, medici\u00f3n de la cantidad de agua en el fondo del dep\u00f3sito.<\/p>\n<\/div>\n<\/div>\n\n\n\n<div class=\"wp-block-columns has-2-columns is-layout-flex wp-container-core-columns-is-layout-9d6595d7 wp-block-columns-is-layout-flex\">\n<div class=\"wp-block-column is-layout-flow wp-block-column-is-layout-flow\"><div class=\"wp-block-image\">\n<figure class=\"aligncenter is-resized\"><img decoding=\"async\" width=\"400\" height=\"400\" data-src=\"https:\/\/cgh.com.pl\/es\/wp-content\/uploads\/2021\/06\/opw-nano-control-and-gauge-system-magnetostrictive-probe-series-924-b.png\" alt=\"Sistema de medici\u00f3n y control OPW Nano - Sonda de medici\u00f3n magnetoestrictiva serie 924 B\" class=\"wp-image-1802 img-fluid lazyload\" data-srcset=\"https:\/\/cgh.com.pl\/es\/wp-content\/uploads\/2021\/06\/opw-nano-control-and-gauge-system-magnetostrictive-probe-series-924-b.png 400w, https:\/\/cgh.com.pl\/es\/wp-content\/uploads\/2021\/06\/opw-nano-control-and-gauge-system-magnetostrictive-probe-series-924-b-300x300.png 300w, https:\/\/cgh.com.pl\/es\/wp-content\/uploads\/2021\/06\/opw-nano-control-and-gauge-system-magnetostrictive-probe-series-924-b-150x150.png 150w\" data-sizes=\"(max-width: 400px) 100vw, 400px\" src=\"data:image\/svg+xml;base64,PHN2ZyB3aWR0aD0iMSIgaGVpZ2h0PSIxIiB4bWxucz0iaHR0cDovL3d3dy53My5vcmcvMjAwMC9zdmciPjwvc3ZnPg==\" style=\"--smush-placeholder-width: 400px; --smush-placeholder-aspect-ratio: 400\/400;\" \/><\/figure><\/div><\/div>\n\n\n\n<div class=\"wp-block-column is-layout-flow wp-block-column-is-layout-flow\">\n<h3 class=\"wp-block-heading\" id=\"sonda-magnetostrykcyjna-pomiarowa-serii-924-b\"><strong>Sistema de medici\u00f3n y control OPW Nano &#8211; Sonda de medici\u00f3n magnetoestrictiva serie 924 B<\/strong><\/h3>\n\n\n\n<ul class=\"wp-block-list\">\n<li>Sonda de medici\u00f3n magnetoestrictiva serie 924 B<\/li>\n\n\n\n<li>Las sondas de la serie 924B son medidores de altura de dep\u00f3sitos, garantizar el trabajo en condiciones din\u00e1micas medici\u00f3n de una amplia gama de l\u00edquidos, incluidos GLP y AdBlue.<\/li>\n<\/ul>\n<\/div>\n<\/div>\n\n\n\n<div class=\"wp-block-columns has-2-columns is-layout-flex wp-container-core-columns-is-layout-9d6595d7 wp-block-columns-is-layout-flex\">\n<div class=\"wp-block-column is-layout-flow wp-block-column-is-layout-flow\"><div class=\"wp-block-image\">\n<figure class=\"aligncenter size-full\"><img decoding=\"async\" width=\"894\" height=\"243\" data-src=\"https:\/\/cgh.com.pl\/es\/wp-content\/uploads\/2022\/02\/opw-nano-control-and-gauge-system-sensors-for-leakage-monitoring.png\" alt=\"Sistema de control y medici\u00f3n OPW Nano\" class=\"wp-image-2979 img-fluid lazyload\" data-srcset=\"https:\/\/cgh.com.pl\/es\/wp-content\/uploads\/2022\/02\/opw-nano-control-and-gauge-system-sensors-for-leakage-monitoring.png 894w, https:\/\/cgh.com.pl\/es\/wp-content\/uploads\/2022\/02\/opw-nano-control-and-gauge-system-sensors-for-leakage-monitoring-300x82.png 300w, https:\/\/cgh.com.pl\/es\/wp-content\/uploads\/2022\/02\/opw-nano-control-and-gauge-system-sensors-for-leakage-monitoring-768x209.png 768w\" data-sizes=\"(max-width: 894px) 100vw, 894px\" src=\"data:image\/svg+xml;base64,PHN2ZyB3aWR0aD0iMSIgaGVpZ2h0PSIxIiB4bWxucz0iaHR0cDovL3d3dy53My5vcmcvMjAwMC9zdmciPjwvc3ZnPg==\" style=\"--smush-placeholder-width: 894px; --smush-placeholder-aspect-ratio: 894\/243;\" \/><\/figure><\/div><\/div>\n\n\n\n<div class=\"wp-block-column is-layout-flow wp-block-column-is-layout-flow\">\n<h3 class=\"wp-block-heading\" id=\"czujniki-do-monitoringu-szczelnosci\"><strong>Sensores para monitoreo de fugas<\/strong><\/h3>\n\n\n\n<p>La tarea del sensor es detectar l\u00edquidos y fugas en cooperaci\u00f3n con el sistema OPW.<\/p>\n\n\n\n<p>Seg\u00fan el tipo, estructura y funci\u00f3n, distinguimos:<\/p>\n\n\n\n<ul class=\"wp-block-list\">\n<li>sensor de grieta<\/li>\n\n\n\n<li>Sensor de nivel de combustible l\u00edquido<\/li>\n\n\n\n<li>Sensor de pozo<\/li>\n\n\n\n<li>Sensor \u00f3ptico de l\u00edquidos<\/li>\n\n\n\n<li>sensor de vapor<\/li>\n<\/ul>\n\n\n<div class=\"wp-block-image\">\n<figure class=\"alignleft size-full\"><img decoding=\"async\" width=\"22\" height=\"21\" data-src=\"https:\/\/cgh.com.pl\/es\/wp-content\/uploads\/2022\/11\/good.png\" alt=\"\" class=\"wp-image-4384 img-fluid lazyload\" src=\"data:image\/svg+xml;base64,PHN2ZyB3aWR0aD0iMSIgaGVpZ2h0PSIxIiB4bWxucz0iaHR0cDovL3d3dy53My5vcmcvMjAwMC9zdmciPjwvc3ZnPg==\" style=\"--smush-placeholder-width: 22px; --smush-placeholder-aspect-ratio: 22\/21;\" \/><\/figure><\/div>\n\n\n<p><strong>Ventajas del dispositivo:<\/strong><\/p>\n\n\n\n<p><strong><strong>SiteSentinel\u00ae Nano&#x2122;<\/strong><\/strong><\/p>\n\n\n\n<ul class=\"wp-block-list\">\n<li>Medici\u00f3n precisa del nivel medio en el dep\u00f3sito en tiempo real (sonda de I clase de precisi\u00f3n),<\/li>\n\n\n\n<li>Gran pantalla t\u00e1ctil LCD a color e interfaz de usuario amigable basada en signos gr\u00e1ficos<\/li>\n\n\n\n<li>Control de hasta 12 sondas de medida y 24 sensores (posibilidad de conectar hasta 4 sondas a la misma barrera y\/o 16 sensores a la misma barrera)<\/li>\n\n\n\n<li>Posibilidad de programar un horario para la generaci\u00f3n autom\u00e1tica de informes con una frecuencia diaria, semanal, mensual o anual.<\/li>\n\n\n\n<li>Los informes generados incluyen: estado actual del dep\u00f3sito, historial de entregas, eventos en curso, historial de eventos, pruebas de fugas del dep\u00f3sito<\/li>\n\n\n\n<li>El acceso m\u00f3vil (red GSM, Internet) permite la gesti\u00f3n y atenci\u00f3n remota de las estaciones (control de inventario, entregas, situaciones de emergencia, fugas, formaci\u00f3n, configuraciones)<\/li>\n\n\n\n<li>Controlador NANO, equipado de serie con opciones de comunicaci\u00f3n TCP\/IP. En la pr\u00e1ctica, esto significa la posibilidad de acceder al sistema (en diferente medida) localmente desde una PC, desde el tel\u00e9fono m\u00f3vil de un empleado\/conductor, remotamente desde una PC, desde un tel\u00e9fono m\u00f3vil. La informaci\u00f3n sensible sobre fugas, alarmas, entregas se puede enviar por SMS\/correo electr\u00f3nico.<\/li>\n<\/ul>\n\n\n\n<p><strong><strong>Sonda serie 924B<\/strong><\/strong><\/p>\n\n\n\n<ul class=\"wp-block-list\">\n<li>Garantizan el control completo del inventario y el control de la estanqueidad de los dep\u00f3sitos de pared simple y doble.<\/li>\n\n\n\n<li>Las sondas (calibres 924B) est\u00e1n construidas en acero inoxidable, lo que las hace compatibles con una amplia gama de combustibles convencionales y no convencionales y otros fluidos.<\/li>\n\n\n\n<li>En los tanques de combustible, adem\u00e1s de medir el nivel de combustible, las sondas 924B tambi\u00e9n miden el nivel del agua, la temperatura y la densidad.<\/li>\n\n\n\n<li>El fabricante de sondas (OPW FMS) tiene el estatus de laboratorio de medici\u00f3n acreditado y los certificados de calibraci\u00f3n emitidos por \u00e9l son reconocidos por GUM y otras instituciones metrol\u00f3gicas nacionales. El cliente, al comprar dep\u00f3sitos de CGH, siempre tendr\u00e1 la legalizaci\u00f3n m\u00e1s f\u00e1cil\/barata.<\/li>\n\n\n\n<li>Las sondas tienen una precisi\u00f3n de Clase I con la capacidad de detectar fugas de dep\u00f3sitos de pared simple y doble con una precisi\u00f3n de 0,378 litros\/h<\/li>\n<\/ul>\n\n\n\n<p>La opci\u00f3n \u00abmultidrop\u00bb, permite conectar varias sondas y sensores a la consola en un solo cable.<\/p>\n\n\n\n<p><br><\/p>\n<\/div>\n<\/div>\n\n\n\n<div class=\"wp-block-columns has-2-columns is-layout-flex wp-container-core-columns-is-layout-9d6595d7 wp-block-columns-is-layout-flex\">\n<div class=\"wp-block-column is-layout-flow wp-block-column-is-layout-flow\"><\/div>\n\n\n\n<div class=\"wp-block-column is-layout-flow wp-block-column-is-layout-flow\"><div class=\"wp-block-image\">\n<figure class=\"aligncenter\"><img decoding=\"async\" width=\"360\" height=\"175\" data-src=\"https:\/\/cgh.com.pl\/es\/wp-content\/uploads\/2021\/06\/opw-nano.jpg\" alt=\"Sistema de control y medici\u00f3n OPW Nano\" class=\"wp-image-1807 img-fluid lazyload\" data-srcset=\"https:\/\/cgh.com.pl\/es\/wp-content\/uploads\/2021\/06\/opw-nano.jpg 360w, https:\/\/cgh.com.pl\/es\/wp-content\/uploads\/2021\/06\/opw-nano-300x146.jpg 300w\" data-sizes=\"(max-width: 360px) 100vw, 360px\" src=\"data:image\/svg+xml;base64,PHN2ZyB3aWR0aD0iMSIgaGVpZ2h0PSIxIiB4bWxucz0iaHR0cDovL3d3dy53My5vcmcvMjAwMC9zdmciPjwvc3ZnPg==\" style=\"--smush-placeholder-width: 360px; --smush-placeholder-aspect-ratio: 360\/175;\" \/><\/figure><\/div>\n\n<div class=\"wp-block-image\">\n<figure class=\"alignleft size-full\"><img decoding=\"async\" width=\"22\" height=\"22\" data-src=\"https:\/\/cgh.com.pl\/es\/wp-content\/uploads\/2022\/11\/advantage.png\" alt=\"\" class=\"wp-image-4385 img-fluid lazyload\" src=\"data:image\/svg+xml;base64,PHN2ZyB3aWR0aD0iMSIgaGVpZ2h0PSIxIiB4bWxucz0iaHR0cDovL3d3dy53My5vcmcvMjAwMC9zdmciPjwvc3ZnPg==\" style=\"--smush-placeholder-width: 22px; --smush-placeholder-aspect-ratio: 22\/22;\" \/><\/figure><\/div>\n\n\n<p><strong><strong><strong><strong>Informaci\u00f3n t\u00e9cnica<\/strong><\/strong><\/strong><\/strong><\/p>\n<\/div>\n<\/div>\n\n\n\n<div class=\"wp-block-columns has-2-columns is-layout-flex wp-container-core-columns-is-layout-9d6595d7 wp-block-columns-is-layout-flex\">\n<div class=\"wp-block-column is-layout-flow wp-block-column-is-layout-flow\">\n<p><\/p>\n<\/div>\n\n\n\n<div class=\"wp-block-column is-layout-flow wp-block-column-is-layout-flow\">\n<p><strong><strong>Central:<\/strong><\/strong><\/p>\n\n\n\n<ul class=\"wp-block-list\">\n<li>se\u00f1alizaci\u00f3n de alarmas: sonora, visual, posibilidad de se\u00f1alizaci\u00f3n externa (rel\u00e9),<\/li>\n\n\n\n<li>El dise\u00f1o de la barrera interna intr\u00ednsecamente segura permite conectar varios dispositivos al mismo canal EX<\/li>\n\n\n\n<li>El sistema en la red funciona con una direcci\u00f3n IP est\u00e1tica o din\u00e1mica (DHCP)<\/li>\n<\/ul>\n\n\n\n<p><strong><strong>Sonda de medici\u00f3n de fluidos:<\/strong><\/strong><\/p>\n\n\n\n<ul class=\"wp-block-list\">\n<li>Tecnolog\u00eda: Magnetostrictiva con indicadores de flotador<\/li>\n\n\n\n<li>Material: Acero inoxidable<\/li>\n\n\n\n<li>Entorno de trabajo: Zona Ex, Categor\u00eda: Clase 1, Divisi\u00f3n 1, Grupo D<\/li>\n\n\n\n<li>Medici\u00f3n de temperatura: 5 termistores independientes a lo largo de toda la longitud del medidor<\/li>\n\n\n\n<li>Rango de temperatura de funcionamiento -40\u00ba a 60\u00ba C<\/li>\n\n\n\n<li>Longitud m\u00e1xima del cable: 300 m para cable tipo Belden 88760<\/li>\n\n\n\n<li>150 m para cable tipo Belden 88761<\/li>\n\n\n\n<li>La longitud m\u00e1xima de la sonda es de 605 cm.<\/li>\n<\/ul>\n\n\n\n<p><strong>Sensor de control de fugas:<\/strong><\/p>\n\n\n\n<ul class=\"wp-block-list\">\n<li>Rango de temperatura de funcionamiento -20 C a +50 C (-4 \u00b0F a 122 \u00b0F)<\/li>\n\n\n\n<li>Si se rompe el cable de conexi\u00f3n, se activar\u00e1 una alarma en el sistema.<\/li>\n\n\n\n<li>Cableado: cable resistente al gas y al aceite<\/li>\n\n\n\n<li>Dimensiones en funci\u00f3n del modelo de sensor elegido\/seleccionado.<\/li>\n<\/ul>\n<\/div>\n<\/div>\n\n\n\n<p><\/p>\n","protected":false},"excerpt":{"rendered":"<p>Informaci\u00f3n del Producto SiteSentinel\u00ae Nano&#x2122; es el sistema de inspecci\u00f3n y medici\u00f3n de OPW para: Adem\u00e1s, la inspecci\u00f3n puede incluir informes sobre fugas en: El sistema se utiliza en las siguientes instalaciones: Permite recopilar y procesar datos sobre la cantidad de combustible en el dep\u00f3sito, indicaciones de la temperatura del l\u00edquido almacenado, medici\u00f3n de la [&hellip;]?<\/p>\n","protected":false},"author":1,"featured_media":0,"parent":464,"menu_order":0,"comment_status":"closed","ping_status":"closed","template":"page-products-with-second-menu.php","meta":{"_acf_changed":false,"footnotes":""},"class_list":["post-470","page","type-page","status-publish","hentry"],"acf":[],"yoast_head":"<!-- This site is optimized with the Yoast SEO plugin v26.1.1 - https:\/\/yoast.com\/wordpress\/plugins\/seo\/ -->\n<title>Sistema de control y medici\u00f3n OPW Nano - CGH Group Sp. z o.o.<\/title>\n<meta name=\"description\" content=\"OPW Nano Control and Measurement System - SiteSentinel\u00ae Nano\u2122 is a control and measurement system by OPW intended to:\" \/>\n<meta name=\"robots\" content=\"index, follow, max-snippet:-1, max-image-preview:large, max-video-preview:-1\" \/>\n<link rel=\"canonical\" href=\"https:\/\/cgh.com.pl\/es\/accesories\/sistema-de-monitoreo\/sistema-de-control-y-medicion-opw-nano\" \/>\n<meta property=\"og:locale\" content=\"es_ES\" \/>\n<meta property=\"og:type\" content=\"article\" \/>\n<meta property=\"og:title\" content=\"Sistema de control y medici\u00f3n OPW Nano - CGH Group Sp. z o.o.\" \/>\n<meta property=\"og:description\" content=\"OPW Nano Control and Measurement System - SiteSentinel\u00ae Nano\u2122 is a control and measurement system by OPW intended to:\" \/>\n<meta property=\"og:url\" content=\"https:\/\/cgh.com.pl\/es\/accesories\/sistema-de-monitoreo\/sistema-de-control-y-medicion-opw-nano\" \/>\n<meta property=\"og:site_name\" content=\"CGH Group Sp. z o.o.\" \/>\n<meta property=\"article:publisher\" content=\"https:\/\/www.facebook.com\/cghpolska\" \/>\n<meta property=\"article:modified_time\" content=\"2023-05-20T22:37:29+00:00\" \/>\n<meta property=\"og:image\" content=\"https:\/\/cgh.com.pl\/es\/wp-content\/uploads\/2021\/06\/opw-nano-control-and-gauge-system-sitesentinel-nano.jpg\" \/>\n<meta name=\"twitter:card\" content=\"summary_large_image\" \/>\n<meta name=\"twitter:label1\" content=\"Tiempo de lectura\" \/>\n\t<meta name=\"twitter:data1\" content=\"4 minutos\" \/>\n<script type=\"application\/ld+json\" class=\"yoast-schema-graph\">{\"@context\":\"https:\/\/schema.org\",\"@graph\":[{\"@type\":\"WebPage\",\"@id\":\"https:\/\/cgh.com.pl\/es\/accesories\/sistema-de-monitoreo\/sistema-de-control-y-medicion-opw-nano\",\"url\":\"https:\/\/cgh.com.pl\/es\/accesories\/sistema-de-monitoreo\/sistema-de-control-y-medicion-opw-nano\",\"name\":\"Sistema de control y medici\u00f3n OPW Nano - CGH Group Sp. z o.o.\",\"isPartOf\":{\"@id\":\"https:\/\/cgh.com.pl\/es\/#website\"},\"primaryImageOfPage\":{\"@id\":\"https:\/\/cgh.com.pl\/es\/accesories\/sistema-de-monitoreo\/sistema-de-control-y-medicion-opw-nano#primaryimage\"},\"image\":{\"@id\":\"https:\/\/cgh.com.pl\/es\/accesories\/sistema-de-monitoreo\/sistema-de-control-y-medicion-opw-nano#primaryimage\"},\"thumbnailUrl\":\"https:\/\/cgh.com.pl\/es\/wp-content\/uploads\/2021\/06\/opw-nano-control-and-gauge-system-sitesentinel-nano.jpg\",\"datePublished\":\"2020-12-07T21:49:15+00:00\",\"dateModified\":\"2023-05-20T22:37:29+00:00\",\"description\":\"OPW Nano Control and Measurement System - SiteSentinel\u00ae Nano\u2122 is a control and measurement system by OPW intended to:\",\"breadcrumb\":{\"@id\":\"https:\/\/cgh.com.pl\/es\/accesories\/sistema-de-monitoreo\/sistema-de-control-y-medicion-opw-nano#breadcrumb\"},\"inLanguage\":\"es\",\"potentialAction\":[{\"@type\":\"ReadAction\",\"target\":[\"https:\/\/cgh.com.pl\/es\/accesories\/sistema-de-monitoreo\/sistema-de-control-y-medicion-opw-nano\"]}]},{\"@type\":\"ImageObject\",\"inLanguage\":\"es\",\"@id\":\"https:\/\/cgh.com.pl\/es\/accesories\/sistema-de-monitoreo\/sistema-de-control-y-medicion-opw-nano#primaryimage\",\"url\":\"https:\/\/cgh.com.pl\/es\/wp-content\/uploads\/2021\/06\/opw-nano-control-and-gauge-system-sitesentinel-nano.jpg\",\"contentUrl\":\"https:\/\/cgh.com.pl\/es\/wp-content\/uploads\/2021\/06\/opw-nano-control-and-gauge-system-sitesentinel-nano.jpg\",\"width\":360,\"height\":240,\"caption\":\"OPW Nano control and gauge system sitesentinel Nano\"},{\"@type\":\"BreadcrumbList\",\"@id\":\"https:\/\/cgh.com.pl\/es\/accesories\/sistema-de-monitoreo\/sistema-de-control-y-medicion-opw-nano#breadcrumb\",\"itemListElement\":[{\"@type\":\"ListItem\",\"position\":1,\"name\":\"Strona g\u0142\u00f3wna\",\"item\":\"https:\/\/cgh.com.pl\/es\/\"},{\"@type\":\"ListItem\",\"position\":2,\"name\":\"Accesorios\",\"item\":\"https:\/\/cgh.com.pl\/es\/accesories\"},{\"@type\":\"ListItem\",\"position\":3,\"name\":\"Sistema de monitoreo\",\"item\":\"https:\/\/cgh.com.pl\/es\/accesories\/sistema-de-monitoreo\"},{\"@type\":\"ListItem\",\"position\":4,\"name\":\"Sistema de control y medici\u00f3n OPW Nano\"}]},{\"@type\":\"WebSite\",\"@id\":\"https:\/\/cgh.com.pl\/es\/#website\",\"url\":\"https:\/\/cgh.com.pl\/es\/\",\"name\":\"CGH Group Sp. z o.o.\",\"description\":\"\",\"publisher\":{\"@id\":\"https:\/\/cgh.com.pl\/es\/#organization\"},\"alternateName\":\"Ingenier\u00eda, desarrollo y fabricaci\u00f3n de dep\u00f3sitos de GLP, industriales, combustibles, agua, a presi\u00f3n y acero inoxidable - CGH Group\",\"potentialAction\":[{\"@type\":\"SearchAction\",\"target\":{\"@type\":\"EntryPoint\",\"urlTemplate\":\"https:\/\/cgh.com.pl\/es\/?s={search_term_string}\"},\"query-input\":{\"@type\":\"PropertyValueSpecification\",\"valueRequired\":true,\"valueName\":\"search_term_string\"}}],\"inLanguage\":\"es\"},{\"@type\":\"Organization\",\"@id\":\"https:\/\/cgh.com.pl\/es\/#organization\",\"name\":\"CGH Group Sp. z o.o.\",\"url\":\"https:\/\/cgh.com.pl\/es\/\",\"logo\":{\"@type\":\"ImageObject\",\"inLanguage\":\"es\",\"@id\":\"https:\/\/cgh.com.pl\/es\/#\/schema\/logo\/image\/\",\"url\":\"https:\/\/cgh.com.pl\/es\/wp-content\/uploads\/2023\/05\/logoCGH.png\",\"contentUrl\":\"https:\/\/cgh.com.pl\/es\/wp-content\/uploads\/2023\/05\/logoCGH.png\",\"width\":449,\"height\":162,\"caption\":\"CGH Group Sp. z o.o.\"},\"image\":{\"@id\":\"https:\/\/cgh.com.pl\/es\/#\/schema\/logo\/image\/\"},\"sameAs\":[\"https:\/\/www.facebook.com\/cghpolska\",\"https:\/\/www.youtube.com\/channel\/UCe9uW1n0tEj_ZJOEtHIHGQw\"]}]}<\/script>\n<!-- \/ Yoast SEO plugin. -->","yoast_head_json":{"title":"Sistema de control y medici\u00f3n OPW Nano - CGH Group Sp. z o.o.","description":"OPW Nano Control and Measurement System - SiteSentinel\u00ae Nano\u2122 is a control and measurement system by OPW intended to:","robots":{"index":"index","follow":"follow","max-snippet":"max-snippet:-1","max-image-preview":"max-image-preview:large","max-video-preview":"max-video-preview:-1"},"canonical":"https:\/\/cgh.com.pl\/es\/accesories\/sistema-de-monitoreo\/sistema-de-control-y-medicion-opw-nano","og_locale":"es_ES","og_type":"article","og_title":"Sistema de control y medici\u00f3n OPW Nano - CGH Group Sp. z o.o.","og_description":"OPW Nano Control and Measurement System - SiteSentinel\u00ae Nano\u2122 is a control and measurement system by OPW intended to:","og_url":"https:\/\/cgh.com.pl\/es\/accesories\/sistema-de-monitoreo\/sistema-de-control-y-medicion-opw-nano","og_site_name":"CGH Group Sp. z o.o.","article_publisher":"https:\/\/www.facebook.com\/cghpolska","article_modified_time":"2023-05-20T22:37:29+00:00","og_image":[{"url":"https:\/\/cgh.com.pl\/es\/wp-content\/uploads\/2021\/06\/opw-nano-control-and-gauge-system-sitesentinel-nano.jpg","type":"","width":"","height":""}],"twitter_card":"summary_large_image","twitter_misc":{"Tiempo de lectura":"4 minutos"},"schema":{"@context":"https:\/\/schema.org","@graph":[{"@type":"WebPage","@id":"https:\/\/cgh.com.pl\/es\/accesories\/sistema-de-monitoreo\/sistema-de-control-y-medicion-opw-nano","url":"https:\/\/cgh.com.pl\/es\/accesories\/sistema-de-monitoreo\/sistema-de-control-y-medicion-opw-nano","name":"Sistema de control y medici\u00f3n OPW Nano - CGH Group Sp. z o.o.","isPartOf":{"@id":"https:\/\/cgh.com.pl\/es\/#website"},"primaryImageOfPage":{"@id":"https:\/\/cgh.com.pl\/es\/accesories\/sistema-de-monitoreo\/sistema-de-control-y-medicion-opw-nano#primaryimage"},"image":{"@id":"https:\/\/cgh.com.pl\/es\/accesories\/sistema-de-monitoreo\/sistema-de-control-y-medicion-opw-nano#primaryimage"},"thumbnailUrl":"https:\/\/cgh.com.pl\/es\/wp-content\/uploads\/2021\/06\/opw-nano-control-and-gauge-system-sitesentinel-nano.jpg","datePublished":"2020-12-07T21:49:15+00:00","dateModified":"2023-05-20T22:37:29+00:00","description":"OPW Nano Control and Measurement System - SiteSentinel\u00ae Nano\u2122 is a control and measurement system by OPW intended to:","breadcrumb":{"@id":"https:\/\/cgh.com.pl\/es\/accesories\/sistema-de-monitoreo\/sistema-de-control-y-medicion-opw-nano#breadcrumb"},"inLanguage":"es","potentialAction":[{"@type":"ReadAction","target":["https:\/\/cgh.com.pl\/es\/accesories\/sistema-de-monitoreo\/sistema-de-control-y-medicion-opw-nano"]}]},{"@type":"ImageObject","inLanguage":"es","@id":"https:\/\/cgh.com.pl\/es\/accesories\/sistema-de-monitoreo\/sistema-de-control-y-medicion-opw-nano#primaryimage","url":"https:\/\/cgh.com.pl\/es\/wp-content\/uploads\/2021\/06\/opw-nano-control-and-gauge-system-sitesentinel-nano.jpg","contentUrl":"https:\/\/cgh.com.pl\/es\/wp-content\/uploads\/2021\/06\/opw-nano-control-and-gauge-system-sitesentinel-nano.jpg","width":360,"height":240,"caption":"OPW Nano control and gauge system sitesentinel Nano"},{"@type":"BreadcrumbList","@id":"https:\/\/cgh.com.pl\/es\/accesories\/sistema-de-monitoreo\/sistema-de-control-y-medicion-opw-nano#breadcrumb","itemListElement":[{"@type":"ListItem","position":1,"name":"Strona g\u0142\u00f3wna","item":"https:\/\/cgh.com.pl\/es\/"},{"@type":"ListItem","position":2,"name":"Accesorios","item":"https:\/\/cgh.com.pl\/es\/accesories"},{"@type":"ListItem","position":3,"name":"Sistema de monitoreo","item":"https:\/\/cgh.com.pl\/es\/accesories\/sistema-de-monitoreo"},{"@type":"ListItem","position":4,"name":"Sistema de control y medici\u00f3n OPW Nano"}]},{"@type":"WebSite","@id":"https:\/\/cgh.com.pl\/es\/#website","url":"https:\/\/cgh.com.pl\/es\/","name":"CGH Group Sp. z o.o.","description":"","publisher":{"@id":"https:\/\/cgh.com.pl\/es\/#organization"},"alternateName":"Ingenier\u00eda, desarrollo y fabricaci\u00f3n de dep\u00f3sitos de GLP, industriales, combustibles, agua, a presi\u00f3n y acero inoxidable - CGH Group","potentialAction":[{"@type":"SearchAction","target":{"@type":"EntryPoint","urlTemplate":"https:\/\/cgh.com.pl\/es\/?s={search_term_string}"},"query-input":{"@type":"PropertyValueSpecification","valueRequired":true,"valueName":"search_term_string"}}],"inLanguage":"es"},{"@type":"Organization","@id":"https:\/\/cgh.com.pl\/es\/#organization","name":"CGH Group Sp. z o.o.","url":"https:\/\/cgh.com.pl\/es\/","logo":{"@type":"ImageObject","inLanguage":"es","@id":"https:\/\/cgh.com.pl\/es\/#\/schema\/logo\/image\/","url":"https:\/\/cgh.com.pl\/es\/wp-content\/uploads\/2023\/05\/logoCGH.png","contentUrl":"https:\/\/cgh.com.pl\/es\/wp-content\/uploads\/2023\/05\/logoCGH.png","width":449,"height":162,"caption":"CGH Group Sp. z o.o."},"image":{"@id":"https:\/\/cgh.com.pl\/es\/#\/schema\/logo\/image\/"},"sameAs":["https:\/\/www.facebook.com\/cghpolska","https:\/\/www.youtube.com\/channel\/UCe9uW1n0tEj_ZJOEtHIHGQw"]}]}},"_links":{"self":[{"href":"https:\/\/cgh.com.pl\/es\/wp-json\/wp\/v2\/pages\/470","targetHints":{"allow":["GET"]}}],"collection":[{"href":"https:\/\/cgh.com.pl\/es\/wp-json\/wp\/v2\/pages"}],"about":[{"href":"https:\/\/cgh.com.pl\/es\/wp-json\/wp\/v2\/types\/page"}],"author":[{"embeddable":true,"href":"https:\/\/cgh.com.pl\/es\/wp-json\/wp\/v2\/users\/1"}],"replies":[{"embeddable":true,"href":"https:\/\/cgh.com.pl\/es\/wp-json\/wp\/v2\/comments?post=470"}],"version-history":[{"count":25,"href":"https:\/\/cgh.com.pl\/es\/wp-json\/wp\/v2\/pages\/470\/revisions"}],"predecessor-version":[{"id":4926,"href":"https:\/\/cgh.com.pl\/es\/wp-json\/wp\/v2\/pages\/470\/revisions\/4926"}],"up":[{"embeddable":true,"href":"https:\/\/cgh.com.pl\/es\/wp-json\/wp\/v2\/pages\/464"}],"wp:attachment":[{"href":"https:\/\/cgh.com.pl\/es\/wp-json\/wp\/v2\/media?parent=470"}],"curies":[{"name":"wp","href":"https:\/\/api.w.org\/{rel}","templated":true}]}}