{"id":482,"date":"2020-12-07T23:28:44","date_gmt":"2020-12-07T22:28:44","guid":{"rendered":"https:\/\/cgh.com.pl\/es\/?page_id=482"},"modified":"2023-05-23T00:05:05","modified_gmt":"2023-05-22T22:05:05","slug":"monitoreo-de-fugas-tank-ranger-5","status":"publish","type":"page","link":"https:\/\/cgh.com.pl\/es\/accesories\/sistema-de-monitoreo\/monitoreo-de-fugas-tank-ranger-5","title":{"rendered":"Monitoreo de fugas Tank Ranger 5"},"content":{"rendered":"\n<div class=\"wp-block-columns has-2-columns is-layout-flex wp-container-core-columns-is-layout-9d6595d7 wp-block-columns-is-layout-flex\">\n<div class=\"wp-block-column is-layout-flow wp-block-column-is-layout-flow\"><div class=\"wp-block-image\">\n<figure class=\"aligncenter size-full\"><img decoding=\"async\" width=\"450\" height=\"423\" data-src=\"https:\/\/cgh.com.pl\/es\/wp-content\/uploads\/2022\/02\/leakage-detection-system-tank-ranger-5.jpeg\" alt=\"Tank Ranger 5 \u2013 leak tightness monitoring\" class=\"wp-image-2936 img-fluid lazyload\" data-srcset=\"https:\/\/cgh.com.pl\/es\/wp-content\/uploads\/2022\/02\/leakage-detection-system-tank-ranger-5.jpeg 450w, https:\/\/cgh.com.pl\/es\/wp-content\/uploads\/2022\/02\/leakage-detection-system-tank-ranger-5-300x282.jpeg 300w\" data-sizes=\"(max-width: 450px) 100vw, 450px\" src=\"data:image\/svg+xml;base64,PHN2ZyB3aWR0aD0iMSIgaGVpZ2h0PSIxIiB4bWxucz0iaHR0cDovL3d3dy53My5vcmcvMjAwMC9zdmciPjwvc3ZnPg==\" style=\"--smush-placeholder-width: 450px; --smush-placeholder-aspect-ratio: 450\/423;\" \/><\/figure><\/div>\n\n<div class=\"wp-block-image\">\n<figure class=\"aligncenter size-full\"><img decoding=\"async\" width=\"915\" height=\"637\" data-src=\"https:\/\/cgh.com.pl\/es\/wp-content\/uploads\/2022\/11\/System-monitoringu-szczelnosci-Tank-Ranger-4.webp\" alt=\"Tank Ranger 5 \u2013 leak tightness monitoring\" class=\"wp-image-4402 img-fluid lazyload\" data-srcset=\"https:\/\/cgh.com.pl\/es\/wp-content\/uploads\/2022\/11\/System-monitoringu-szczelnosci-Tank-Ranger-4.webp 915w, https:\/\/cgh.com.pl\/es\/wp-content\/uploads\/2022\/11\/System-monitoringu-szczelnosci-Tank-Ranger-4-300x209.webp 300w, https:\/\/cgh.com.pl\/es\/wp-content\/uploads\/2022\/11\/System-monitoringu-szczelnosci-Tank-Ranger-4-768x535.webp 768w\" data-sizes=\"(max-width: 915px) 100vw, 915px\" src=\"data:image\/svg+xml;base64,PHN2ZyB3aWR0aD0iMSIgaGVpZ2h0PSIxIiB4bWxucz0iaHR0cDovL3d3dy53My5vcmcvMjAwMC9zdmciPjwvc3ZnPg==\" style=\"--smush-placeholder-width: 915px; --smush-placeholder-aspect-ratio: 915\/637;\" \/><\/figure><\/div>\n\n<div class=\"wp-block-image\">\n<figure class=\"aligncenter size-full\"><img decoding=\"async\" width=\"450\" height=\"675\" data-src=\"https:\/\/cgh.com.pl\/es\/wp-content\/uploads\/2022\/11\/TR5_2_450.webp\" alt=\"Tank Ranger 5 \u2013 leak tightness monitoring\" class=\"wp-image-4404 img-fluid lazyload\" data-srcset=\"https:\/\/cgh.com.pl\/es\/wp-content\/uploads\/2022\/11\/TR5_2_450.webp 450w, https:\/\/cgh.com.pl\/es\/wp-content\/uploads\/2022\/11\/TR5_2_450-200x300.webp 200w\" data-sizes=\"(max-width: 450px) 100vw, 450px\" src=\"data:image\/svg+xml;base64,PHN2ZyB3aWR0aD0iMSIgaGVpZ2h0PSIxIiB4bWxucz0iaHR0cDovL3d3dy53My5vcmcvMjAwMC9zdmciPjwvc3ZnPg==\" style=\"--smush-placeholder-width: 450px; --smush-placeholder-aspect-ratio: 450\/675;\" \/><\/figure><\/div><\/div>\n\n\n\n<div class=\"wp-block-column is-layout-flow wp-block-column-is-layout-flow\">\n<p><strong><strong><strong>Informaci\u00f3n del Producto<\/strong><\/strong><\/strong><\/p>\n\n\n\n<p><strong>Tank Ranger 5 <\/strong>es un sistema de detecci\u00f3n de fugas que monitorea la estanqueidad de depositos, tuber\u00edas, combustible e instalaciones industriales.<\/p>\n\n\n\n<p>Tambi\u00e9n funciona como un sistema de alarma de sobrellenado y un sistema de seguridad que controla, entre otros, v\u00e1lvula de cierre, ventilador, v\u00e1lvula de compuerta u otro dispositivo.<\/p>\n\n\n\n<p>La ocurrencia de una alarma (activaci\u00f3n del sensor) activa la se\u00f1alizaci\u00f3n sonora (zumbador). Esta alarma se puede cancelar presionando el bot\u00f3n en el panel frontal del panel de control. El estado de cada sensor se indica adicionalmente mediante LED.<\/p>\n\n\n\n<p>Opcionalmente, el panel de control puede equiparse con una l\u00e1mpara y un zumbador externos (12 V CC) y un bot\u00f3n de reinicio de alarma externo.<\/p>\n\n\n<div class=\"wp-block-image\">\n<figure class=\"alignleft size-full\"><img decoding=\"async\" width=\"22\" height=\"21\" data-src=\"https:\/\/cgh.com.pl\/es\/wp-content\/uploads\/2022\/11\/good.png\" alt=\"\" class=\"wp-image-4384 img-fluid lazyload\" src=\"data:image\/svg+xml;base64,PHN2ZyB3aWR0aD0iMSIgaGVpZ2h0PSIxIiB4bWxucz0iaHR0cDovL3d3dy53My5vcmcvMjAwMC9zdmciPjwvc3ZnPg==\" style=\"--smush-placeholder-width: 22px; --smush-placeholder-aspect-ratio: 22\/21;\" \/><\/figure><\/div>\n\n\n<p><strong><strong>Ventajas del dispositivo<\/strong><\/strong><\/p>\n\n\n\n<ul class=\"wp-block-list\">\n<li>admite hasta 4 tipos diferentes de sensores de detecci\u00f3n<\/li>\n\n\n\n<li>puede trabajar en un sistema seco o h\u00famedo<\/li>\n\n\n\n<li>tiene una alarma visual y audible incorporada<\/li>\n\n\n\n<li>de est\u00e1ndar- la capacidad de controlar 2 dispositivos externos<\/li>\n\n\n\n<li>f\u00e1cil de usar y sin problemas<\/li>\n\n\n\n<li>adaptado al funcionamiento continuo<\/li>\n\n\n\n<li>amplia gama de sensores<\/li>\n\n\n\n<li>m\u00f3dulo de barrera intr\u00ednsecamente seguro ISM4 integrado<\/li>\n<\/ul>\n\n\n<div class=\"wp-block-image\">\n<figure class=\"alignleft size-full\"><img decoding=\"async\" width=\"22\" height=\"22\" data-src=\"https:\/\/cgh.com.pl\/es\/wp-content\/uploads\/2022\/11\/advantage.png\" alt=\"\" class=\"wp-image-4385 img-fluid lazyload\" src=\"data:image\/svg+xml;base64,PHN2ZyB3aWR0aD0iMSIgaGVpZ2h0PSIxIiB4bWxucz0iaHR0cDovL3d3dy53My5vcmcvMjAwMC9zdmciPjwvc3ZnPg==\" style=\"--smush-placeholder-width: 22px; --smush-placeholder-aspect-ratio: 22\/22;\" \/><\/figure><\/div>\n\n\n<p><strong><strong><strong>Informaci\u00f3n t\u00e9cnica<\/strong><\/strong><\/strong><\/p>\n\n\n\n<p>Dimensiones:<\/p>\n\n\n\n<ul class=\"wp-block-list\">\n<li>altura 180mm<\/li>\n\n\n\n<li>Ancho 210mm<\/li>\n\n\n\n<li>Profundidad 83 mm<\/li>\n<\/ul>\n\n\n\n<p>Rango de temperatura de funcionamiento:<\/p>\n\n\n\n<ul class=\"wp-block-list\">\n<li><strong>-30 \u00baC+50 \u00baC<\/strong><\/li>\n<\/ul>\n\n\n\n<p>Alarmas est\u00e1ndar:<\/p>\n\n\n\n<ul class=\"wp-block-list\">\n<li>4 visuales (LED)<\/li>\n\n\n\n<li>1 sonido (zumbador)<\/li>\n<\/ul>\n\n\n\n<p>N\u00famero de salidas de control externo:<\/p>\n\n\n\n<ul class=\"wp-block-list\">\n<li>1 zumbador externo (12V)<\/li>\n\n\n\n<li>1 l\u00e1mpara externa (12V)<\/li>\n\n\n\n<li>1 bot\u00f3n de reinicio de alarma<\/li>\n<\/ul>\n\n\n\n<p>Alimentaci\u00f3n:<\/p>\n\n\n\n<ul class=\"wp-block-list\">\n<li>El dispositivo est\u00e1 alimentado por tensi\u00f3n de red de 230 V CA 10 W<\/li>\n\n\n\n<li>Certificado de la prueba de tipo de la UE:\n<ul class=\"wp-block-list\">\n<li>KDB 05ATEX204X<\/li>\n<\/ul>\n<\/li>\n\n\n\n<li>Designaci\u00f3n de protecci\u00f3n contra explosiones:\n<ul class=\"wp-block-list\">\n<li>II (1) G [Ex ia Ga] IIA -30 \u00baC \u2264 Ta \u2264 +50 \u00baC<\/li>\n<\/ul>\n<\/li>\n\n\n\n<li>Tipos de sensores compatibles con el panel de control:\n<ul class=\"wp-block-list\">\n<li>sensor de vapor de l\u00edquido de petr\u00f3leo: PCO<\/li>\n\n\n\n<li>sensor de vapor l\u00edquido de petr\u00f3leo: PCO\/d<\/li>\n\n\n\n<li>sensor de vapor l\u00edquido de petr\u00f3leo: PCOth<\/li>\n\n\n\n<li>Sensor de GLP: PCG<\/li>\n\n\n\n<li>sensor de alcohol et\u00edlico: PCA<\/li>\n\n\n\n<li>sensor de mon\u00f3xido de carbono: PCC.<\/li>\n\n\n\n<li>sensor \u00f3ptico l\u00edquido: PCOpt.<\/li>\n\n\n\n<li>sensor \u00f3ptico l\u00edquido: PCOpt\/d.<\/li>\n\n\n\n<li>sensor \u00f3ptico selectivo de l\u00edquidos: PCOpt\/s.<\/li>\n\n\n\n<li>sensor de separador: PCSPr-2.<\/li>\n\n\n\n<li>Sensor doble de separador: PCSPr-3.<\/li>\n\n\n\n<li>Sensor de \u00e9ster PCOes.<\/li>\n\n\n\n<li>Sensor de amon\u00edaco PCOam.<\/li>\n\n\n\n<li>Sensor de sulfuro de hidr\u00f3geno PCOsw.<\/li>\n\n\n\n<li>Sensor de etanol PCOet.<\/li>\n\n\n\n<li>sensor de tolueno PCOtl.<\/li>\n\n\n\n<li>sensor de gases t\u00f3xicos PCOtk.<\/li>\n\n\n\n<li>Sensor de contaminaci\u00f3n del aire PCE.<\/li>\n<\/ul>\n<\/li>\n<\/ul>\n<\/div>\n<\/div>\n\n\n\n<p><\/p>\n","protected":false},"excerpt":{"rendered":"<p>Informaci\u00f3n del Producto Tank Ranger 5 es un sistema de detecci\u00f3n de fugas que monitorea la estanqueidad de depositos, tuber\u00edas, combustible e instalaciones industriales. Tambi\u00e9n funciona como un sistema de alarma de sobrellenado y un sistema de seguridad que controla, entre otros, v\u00e1lvula de cierre, ventilador, v\u00e1lvula de compuerta u otro dispositivo. La ocurrencia de [&hellip;]?<\/p>\n","protected":false},"author":1,"featured_media":0,"parent":464,"menu_order":0,"comment_status":"closed","ping_status":"closed","template":"page-products-with-second-menu.php","meta":{"_acf_changed":false,"footnotes":""},"class_list":["post-482","page","type-page","status-publish","hentry"],"acf":[],"yoast_head":"<!-- This site is optimized with the Yoast SEO plugin v26.1.1 - https:\/\/yoast.com\/wordpress\/plugins\/seo\/ -->\n<title>Monitoreo de fugas Tank Ranger 5 - CGH Group Sp. z o.o.<\/title>\n<meta name=\"robots\" content=\"index, follow, max-snippet:-1, max-image-preview:large, max-video-preview:-1\" \/>\n<link rel=\"canonical\" href=\"https:\/\/cgh.com.pl\/es\/accesories\/sistema-de-monitoreo\/monitoreo-de-fugas-tank-ranger-5\" \/>\n<meta property=\"og:locale\" content=\"es_ES\" \/>\n<meta property=\"og:type\" content=\"article\" \/>\n<meta property=\"og:title\" content=\"Monitoreo de fugas Tank Ranger 5 - CGH Group Sp. z o.o.\" \/>\n<meta property=\"og:description\" content=\"Informaci\u00f3n del Producto Tank Ranger 5 es un sistema de detecci\u00f3n de fugas que monitorea la estanqueidad de depositos, tuber\u00edas, combustible e instalaciones industriales. Tambi\u00e9n funciona como un sistema de alarma de sobrellenado y un sistema de seguridad que controla, entre otros, v\u00e1lvula de cierre, ventilador, v\u00e1lvula de compuerta u otro dispositivo. La ocurrencia de [&hellip;]?\" \/>\n<meta property=\"og:url\" content=\"https:\/\/cgh.com.pl\/es\/accesories\/sistema-de-monitoreo\/monitoreo-de-fugas-tank-ranger-5\" \/>\n<meta property=\"og:site_name\" content=\"CGH Group Sp. z o.o.\" \/>\n<meta property=\"article:publisher\" content=\"https:\/\/www.facebook.com\/cghpolska\" \/>\n<meta property=\"article:modified_time\" content=\"2023-05-22T22:05:05+00:00\" \/>\n<meta property=\"og:image\" content=\"https:\/\/cgh.com.pl\/es\/wp-content\/uploads\/2022\/02\/leakage-detection-system-tank-ranger-5.jpeg\" \/>\n<meta name=\"twitter:card\" content=\"summary_large_image\" \/>\n<meta name=\"twitter:label1\" content=\"Tiempo de lectura\" \/>\n\t<meta name=\"twitter:data1\" content=\"2 minutos\" \/>\n<script type=\"application\/ld+json\" class=\"yoast-schema-graph\">{\"@context\":\"https:\/\/schema.org\",\"@graph\":[{\"@type\":\"WebPage\",\"@id\":\"https:\/\/cgh.com.pl\/es\/accesories\/sistema-de-monitoreo\/monitoreo-de-fugas-tank-ranger-5\",\"url\":\"https:\/\/cgh.com.pl\/es\/accesories\/sistema-de-monitoreo\/monitoreo-de-fugas-tank-ranger-5\",\"name\":\"Monitoreo de fugas Tank Ranger 5 - CGH Group Sp. z o.o.\",\"isPartOf\":{\"@id\":\"https:\/\/cgh.com.pl\/es\/#website\"},\"primaryImageOfPage\":{\"@id\":\"https:\/\/cgh.com.pl\/es\/accesories\/sistema-de-monitoreo\/monitoreo-de-fugas-tank-ranger-5#primaryimage\"},\"image\":{\"@id\":\"https:\/\/cgh.com.pl\/es\/accesories\/sistema-de-monitoreo\/monitoreo-de-fugas-tank-ranger-5#primaryimage\"},\"thumbnailUrl\":\"https:\/\/cgh.com.pl\/es\/wp-content\/uploads\/2022\/02\/leakage-detection-system-tank-ranger-5.jpeg\",\"datePublished\":\"2020-12-07T22:28:44+00:00\",\"dateModified\":\"2023-05-22T22:05:05+00:00\",\"breadcrumb\":{\"@id\":\"https:\/\/cgh.com.pl\/es\/accesories\/sistema-de-monitoreo\/monitoreo-de-fugas-tank-ranger-5#breadcrumb\"},\"inLanguage\":\"es\",\"potentialAction\":[{\"@type\":\"ReadAction\",\"target\":[\"https:\/\/cgh.com.pl\/es\/accesories\/sistema-de-monitoreo\/monitoreo-de-fugas-tank-ranger-5\"]}]},{\"@type\":\"ImageObject\",\"inLanguage\":\"es\",\"@id\":\"https:\/\/cgh.com.pl\/es\/accesories\/sistema-de-monitoreo\/monitoreo-de-fugas-tank-ranger-5#primaryimage\",\"url\":\"https:\/\/cgh.com.pl\/es\/wp-content\/uploads\/2022\/02\/leakage-detection-system-tank-ranger-5.jpeg\",\"contentUrl\":\"https:\/\/cgh.com.pl\/es\/wp-content\/uploads\/2022\/02\/leakage-detection-system-tank-ranger-5.jpeg\",\"width\":450,\"height\":423,\"caption\":\"Leakage Detection System Tank Ranger 5\"},{\"@type\":\"BreadcrumbList\",\"@id\":\"https:\/\/cgh.com.pl\/es\/accesories\/sistema-de-monitoreo\/monitoreo-de-fugas-tank-ranger-5#breadcrumb\",\"itemListElement\":[{\"@type\":\"ListItem\",\"position\":1,\"name\":\"Strona g\u0142\u00f3wna\",\"item\":\"https:\/\/cgh.com.pl\/es\/\"},{\"@type\":\"ListItem\",\"position\":2,\"name\":\"Accesorios\",\"item\":\"https:\/\/cgh.com.pl\/es\/accesories\"},{\"@type\":\"ListItem\",\"position\":3,\"name\":\"Sistema de monitoreo\",\"item\":\"https:\/\/cgh.com.pl\/es\/accesories\/sistema-de-monitoreo\"},{\"@type\":\"ListItem\",\"position\":4,\"name\":\"Monitoreo de fugas Tank Ranger 5\"}]},{\"@type\":\"WebSite\",\"@id\":\"https:\/\/cgh.com.pl\/es\/#website\",\"url\":\"https:\/\/cgh.com.pl\/es\/\",\"name\":\"CGH Group Sp. z o.o.\",\"description\":\"\",\"publisher\":{\"@id\":\"https:\/\/cgh.com.pl\/es\/#organization\"},\"alternateName\":\"Ingenier\u00eda, desarrollo y fabricaci\u00f3n de dep\u00f3sitos de GLP, industriales, combustibles, agua, a presi\u00f3n y acero inoxidable - CGH Group\",\"potentialAction\":[{\"@type\":\"SearchAction\",\"target\":{\"@type\":\"EntryPoint\",\"urlTemplate\":\"https:\/\/cgh.com.pl\/es\/?s={search_term_string}\"},\"query-input\":{\"@type\":\"PropertyValueSpecification\",\"valueRequired\":true,\"valueName\":\"search_term_string\"}}],\"inLanguage\":\"es\"},{\"@type\":\"Organization\",\"@id\":\"https:\/\/cgh.com.pl\/es\/#organization\",\"name\":\"CGH Group Sp. z o.o.\",\"url\":\"https:\/\/cgh.com.pl\/es\/\",\"logo\":{\"@type\":\"ImageObject\",\"inLanguage\":\"es\",\"@id\":\"https:\/\/cgh.com.pl\/es\/#\/schema\/logo\/image\/\",\"url\":\"https:\/\/cgh.com.pl\/es\/wp-content\/uploads\/2023\/05\/logoCGH.png\",\"contentUrl\":\"https:\/\/cgh.com.pl\/es\/wp-content\/uploads\/2023\/05\/logoCGH.png\",\"width\":449,\"height\":162,\"caption\":\"CGH Group Sp. z o.o.\"},\"image\":{\"@id\":\"https:\/\/cgh.com.pl\/es\/#\/schema\/logo\/image\/\"},\"sameAs\":[\"https:\/\/www.facebook.com\/cghpolska\",\"https:\/\/www.youtube.com\/channel\/UCe9uW1n0tEj_ZJOEtHIHGQw\"]}]}<\/script>\n<!-- \/ Yoast SEO plugin. -->","yoast_head_json":{"title":"Monitoreo de fugas Tank Ranger 5 - CGH Group Sp. z o.o.","robots":{"index":"index","follow":"follow","max-snippet":"max-snippet:-1","max-image-preview":"max-image-preview:large","max-video-preview":"max-video-preview:-1"},"canonical":"https:\/\/cgh.com.pl\/es\/accesories\/sistema-de-monitoreo\/monitoreo-de-fugas-tank-ranger-5","og_locale":"es_ES","og_type":"article","og_title":"Monitoreo de fugas Tank Ranger 5 - CGH Group Sp. z o.o.","og_description":"Informaci\u00f3n del Producto Tank Ranger 5 es un sistema de detecci\u00f3n de fugas que monitorea la estanqueidad de depositos, tuber\u00edas, combustible e instalaciones industriales. Tambi\u00e9n funciona como un sistema de alarma de sobrellenado y un sistema de seguridad que controla, entre otros, v\u00e1lvula de cierre, ventilador, v\u00e1lvula de compuerta u otro dispositivo. La ocurrencia de [&hellip;]?","og_url":"https:\/\/cgh.com.pl\/es\/accesories\/sistema-de-monitoreo\/monitoreo-de-fugas-tank-ranger-5","og_site_name":"CGH Group Sp. z o.o.","article_publisher":"https:\/\/www.facebook.com\/cghpolska","article_modified_time":"2023-05-22T22:05:05+00:00","og_image":[{"url":"https:\/\/cgh.com.pl\/es\/wp-content\/uploads\/2022\/02\/leakage-detection-system-tank-ranger-5.jpeg","type":"","width":"","height":""}],"twitter_card":"summary_large_image","twitter_misc":{"Tiempo de lectura":"2 minutos"},"schema":{"@context":"https:\/\/schema.org","@graph":[{"@type":"WebPage","@id":"https:\/\/cgh.com.pl\/es\/accesories\/sistema-de-monitoreo\/monitoreo-de-fugas-tank-ranger-5","url":"https:\/\/cgh.com.pl\/es\/accesories\/sistema-de-monitoreo\/monitoreo-de-fugas-tank-ranger-5","name":"Monitoreo de fugas Tank Ranger 5 - CGH Group Sp. z o.o.","isPartOf":{"@id":"https:\/\/cgh.com.pl\/es\/#website"},"primaryImageOfPage":{"@id":"https:\/\/cgh.com.pl\/es\/accesories\/sistema-de-monitoreo\/monitoreo-de-fugas-tank-ranger-5#primaryimage"},"image":{"@id":"https:\/\/cgh.com.pl\/es\/accesories\/sistema-de-monitoreo\/monitoreo-de-fugas-tank-ranger-5#primaryimage"},"thumbnailUrl":"https:\/\/cgh.com.pl\/es\/wp-content\/uploads\/2022\/02\/leakage-detection-system-tank-ranger-5.jpeg","datePublished":"2020-12-07T22:28:44+00:00","dateModified":"2023-05-22T22:05:05+00:00","breadcrumb":{"@id":"https:\/\/cgh.com.pl\/es\/accesories\/sistema-de-monitoreo\/monitoreo-de-fugas-tank-ranger-5#breadcrumb"},"inLanguage":"es","potentialAction":[{"@type":"ReadAction","target":["https:\/\/cgh.com.pl\/es\/accesories\/sistema-de-monitoreo\/monitoreo-de-fugas-tank-ranger-5"]}]},{"@type":"ImageObject","inLanguage":"es","@id":"https:\/\/cgh.com.pl\/es\/accesories\/sistema-de-monitoreo\/monitoreo-de-fugas-tank-ranger-5#primaryimage","url":"https:\/\/cgh.com.pl\/es\/wp-content\/uploads\/2022\/02\/leakage-detection-system-tank-ranger-5.jpeg","contentUrl":"https:\/\/cgh.com.pl\/es\/wp-content\/uploads\/2022\/02\/leakage-detection-system-tank-ranger-5.jpeg","width":450,"height":423,"caption":"Leakage Detection System Tank Ranger 5"},{"@type":"BreadcrumbList","@id":"https:\/\/cgh.com.pl\/es\/accesories\/sistema-de-monitoreo\/monitoreo-de-fugas-tank-ranger-5#breadcrumb","itemListElement":[{"@type":"ListItem","position":1,"name":"Strona g\u0142\u00f3wna","item":"https:\/\/cgh.com.pl\/es\/"},{"@type":"ListItem","position":2,"name":"Accesorios","item":"https:\/\/cgh.com.pl\/es\/accesories"},{"@type":"ListItem","position":3,"name":"Sistema de monitoreo","item":"https:\/\/cgh.com.pl\/es\/accesories\/sistema-de-monitoreo"},{"@type":"ListItem","position":4,"name":"Monitoreo de fugas Tank Ranger 5"}]},{"@type":"WebSite","@id":"https:\/\/cgh.com.pl\/es\/#website","url":"https:\/\/cgh.com.pl\/es\/","name":"CGH Group Sp. z o.o.","description":"","publisher":{"@id":"https:\/\/cgh.com.pl\/es\/#organization"},"alternateName":"Ingenier\u00eda, desarrollo y fabricaci\u00f3n de dep\u00f3sitos de GLP, industriales, combustibles, agua, a presi\u00f3n y acero inoxidable - CGH Group","potentialAction":[{"@type":"SearchAction","target":{"@type":"EntryPoint","urlTemplate":"https:\/\/cgh.com.pl\/es\/?s={search_term_string}"},"query-input":{"@type":"PropertyValueSpecification","valueRequired":true,"valueName":"search_term_string"}}],"inLanguage":"es"},{"@type":"Organization","@id":"https:\/\/cgh.com.pl\/es\/#organization","name":"CGH Group Sp. z o.o.","url":"https:\/\/cgh.com.pl\/es\/","logo":{"@type":"ImageObject","inLanguage":"es","@id":"https:\/\/cgh.com.pl\/es\/#\/schema\/logo\/image\/","url":"https:\/\/cgh.com.pl\/es\/wp-content\/uploads\/2023\/05\/logoCGH.png","contentUrl":"https:\/\/cgh.com.pl\/es\/wp-content\/uploads\/2023\/05\/logoCGH.png","width":449,"height":162,"caption":"CGH Group Sp. z o.o."},"image":{"@id":"https:\/\/cgh.com.pl\/es\/#\/schema\/logo\/image\/"},"sameAs":["https:\/\/www.facebook.com\/cghpolska","https:\/\/www.youtube.com\/channel\/UCe9uW1n0tEj_ZJOEtHIHGQw"]}]}},"_links":{"self":[{"href":"https:\/\/cgh.com.pl\/es\/wp-json\/wp\/v2\/pages\/482","targetHints":{"allow":["GET"]}}],"collection":[{"href":"https:\/\/cgh.com.pl\/es\/wp-json\/wp\/v2\/pages"}],"about":[{"href":"https:\/\/cgh.com.pl\/es\/wp-json\/wp\/v2\/types\/page"}],"author":[{"embeddable":true,"href":"https:\/\/cgh.com.pl\/es\/wp-json\/wp\/v2\/users\/1"}],"replies":[{"embeddable":true,"href":"https:\/\/cgh.com.pl\/es\/wp-json\/wp\/v2\/comments?post=482"}],"version-history":[{"count":11,"href":"https:\/\/cgh.com.pl\/es\/wp-json\/wp\/v2\/pages\/482\/revisions"}],"predecessor-version":[{"id":5074,"href":"https:\/\/cgh.com.pl\/es\/wp-json\/wp\/v2\/pages\/482\/revisions\/5074"}],"up":[{"embeddable":true,"href":"https:\/\/cgh.com.pl\/es\/wp-json\/wp\/v2\/pages\/464"}],"wp:attachment":[{"href":"https:\/\/cgh.com.pl\/es\/wp-json\/wp\/v2\/media?parent=482"}],"curies":[{"name":"wp","href":"https:\/\/api.w.org\/{rel}","templated":true}]}}