{"id":486,"date":"2020-12-07T23:32:18","date_gmt":"2020-12-07T22:32:18","guid":{"rendered":"https:\/\/cgh.com.pl\/es\/?page_id=486"},"modified":"2023-05-22T10:34:46","modified_gmt":"2023-05-22T08:34:46","slug":"ocio-sistema-de-control-de-la-cantidad-de-combustible","status":"publish","type":"page","link":"https:\/\/cgh.com.pl\/es\/accesories\/sistema-de-monitoreo\/ocio-sistema-de-control-de-la-cantidad-de-combustible","title":{"rendered":"OCIO &#8211; sistema de control de la cantidad de combustible"},"content":{"rendered":"\n<div class=\"wp-block-columns has-2-columns is-layout-flex wp-container-core-columns-is-layout-9d6595d7 wp-block-columns-is-layout-flex\">\n<div class=\"wp-block-column is-layout-flow wp-block-column-is-layout-flow\"><div class=\"wp-block-image\">\n<figure class=\"aligncenter size-full\"><img decoding=\"async\" width=\"360\" height=\"240\" data-src=\"https:\/\/cgh.com.pl\/es\/wp-content\/uploads\/2021\/06\/ocio-fuel-quantity-monitoring-system-2.jpg\" alt=\"OCIO - sistema de control de la cantidad de combustible\" class=\"wp-image-1742 img-fluid lazyload\" data-srcset=\"https:\/\/cgh.com.pl\/es\/wp-content\/uploads\/2021\/06\/ocio-fuel-quantity-monitoring-system-2.jpg 360w, https:\/\/cgh.com.pl\/es\/wp-content\/uploads\/2021\/06\/ocio-fuel-quantity-monitoring-system-2-300x200.jpg 300w\" data-sizes=\"(max-width: 360px) 100vw, 360px\" src=\"data:image\/svg+xml;base64,PHN2ZyB3aWR0aD0iMSIgaGVpZ2h0PSIxIiB4bWxucz0iaHR0cDovL3d3dy53My5vcmcvMjAwMC9zdmciPjwvc3ZnPg==\" style=\"--smush-placeholder-width: 360px; --smush-placeholder-aspect-ratio: 360\/240;\" \/><\/figure><\/div>\n\n<div class=\"wp-block-image\">\n<figure class=\"aligncenter\"><img decoding=\"async\" width=\"500\" height=\"418\" data-src=\"https:\/\/cgh.com.pl\/es\/wp-content\/uploads\/2021\/06\/OCIO.jpg\" alt=\"OCIO\" class=\"wp-image-1811 img-fluid lazyload\" data-srcset=\"https:\/\/cgh.com.pl\/es\/wp-content\/uploads\/2021\/06\/OCIO.jpg 500w, https:\/\/cgh.com.pl\/es\/wp-content\/uploads\/2021\/06\/OCIO-300x251.jpg 300w\" data-sizes=\"(max-width: 500px) 100vw, 500px\" src=\"data:image\/svg+xml;base64,PHN2ZyB3aWR0aD0iMSIgaGVpZ2h0PSIxIiB4bWxucz0iaHR0cDovL3d3dy53My5vcmcvMjAwMC9zdmciPjwvc3ZnPg==\" style=\"--smush-placeholder-width: 500px; --smush-placeholder-aspect-ratio: 500\/418;\" \/><\/figure><\/div><\/div>\n\n\n\n<div class=\"wp-block-column is-layout-flow wp-block-column-is-layout-flow\">\n<p><strong><strong><strong><strong>Informaci\u00f3n del Producto<\/strong><\/strong><\/strong><\/strong><\/p>\n\n\n\n<p>El dispositivo OCIO se utiliza para el monitoreo continuo del nivel de l\u00edquido en el dep\u00f3sito,<\/p>\n\n\n\n<p>OCIO es un indicador de nivel que detecta la presi\u00f3n est\u00e1tica generada por la altura del fluido con un tubo de sonda insertado en el dep\u00f3sito y muestra el nivel o volumen del fluido.<\/p>\n\n\n\n<p>Se puede utilizar para medir el nivel, combustible, aceite, limpiador de ventanas, agua<\/p>\n\n\n\n<p>El nuevo dise\u00f1o y las soluciones apropiadas garantizan una indicaci\u00f3n de nivel confiable y repetible.<\/p>\n\n\n\n<p>El dispositivo de medici\u00f3n m\u00e1s barato y sencillo del mercado.<\/p>\n\n\n\n<p>El sistema de medici\u00f3n OCIO se utiliza en las siguientes instalaciones:<\/p>\n\n\n\n<ul class=\"wp-block-list\">\n<li>gasolineras,<\/li>\n\n\n\n<li>salas de calderas,<\/li>\n\n\n\n<li>peque\u00f1os almacenes de productos petrol\u00edferos<\/li>\n\n\n\n<li>y en lugares donde sea necesario monitorear el nivel de l\u00edquido en el dep\u00f3sito<\/li>\n<\/ul>\n\n\n<div class=\"wp-block-image\">\n<figure class=\"alignleft size-full\"><img decoding=\"async\" width=\"22\" height=\"21\" data-src=\"https:\/\/cgh.com.pl\/es\/wp-content\/uploads\/2022\/11\/good.png\" alt=\"\" class=\"wp-image-4384 img-fluid lazyload\" src=\"data:image\/svg+xml;base64,PHN2ZyB3aWR0aD0iMSIgaGVpZ2h0PSIxIiB4bWxucz0iaHR0cDovL3d3dy53My5vcmcvMjAwMC9zdmciPjwvc3ZnPg==\" style=\"--smush-placeholder-width: 22px; --smush-placeholder-aspect-ratio: 22\/21;\" \/><\/figure><\/div>\n\n\n<p><strong>Ventajas del dispositivo<\/strong><\/p>\n\n\n\n<ul class=\"wp-block-list\">\n<li>F\u00e1cil instalaci\u00f3n y operaci\u00f3n del dispositivo.<\/li>\n\n\n\n<li>Pantalla LCD e interfaz de usuario amigable basada en signos gr\u00e1ficos<\/li>\n\n\n\n<li>precio mucho m\u00e1s bajo en comparaci\u00f3n con soluciones similares<\/li>\n\n\n\n<li>el dispositivo en funcionamiento no requiere mantenimiento<\/li>\n\n\n\n<li>facilidad de an\u00e1lisis de datos<\/li>\n\n\n\n<li>la unidad de medici\u00f3n se puede instalar fuera de la zona EX en una habitaci\u00f3n accesible para el personal de servicio<\/li>\n\n\n\n<li>Operaci\u00f3n confiable<\/li>\n\n\n\n<li>medici\u00f3n continua<\/li>\n\n\n\n<li>Indicaci\u00f3n de altura, volumen y porcentaje de llenado<\/li>\n\n\n\n<li>Alarmas de nivel m\u00e1ximo y m\u00ednimo<\/li>\n\n\n\n<li>Alta precisi\u00f3n<\/li>\n\n\n\n<li>Procedimiento de gesti\u00f3n de software intuitivo<\/li>\n\n\n\n<li>Conexi\u00f3n a PC opcional<\/li>\n<\/ul>\n\n\n<div class=\"wp-block-image\">\n<figure class=\"alignleft size-full\"><img decoding=\"async\" width=\"22\" height=\"22\" data-src=\"https:\/\/cgh.com.pl\/es\/wp-content\/uploads\/2022\/11\/advantage.png\" alt=\"\" class=\"wp-image-4385 img-fluid lazyload\" src=\"data:image\/svg+xml;base64,PHN2ZyB3aWR0aD0iMSIgaGVpZ2h0PSIxIiB4bWxucz0iaHR0cDovL3d3dy53My5vcmcvMjAwMC9zdmciPjwvc3ZnPg==\" style=\"--smush-placeholder-width: 22px; --smush-placeholder-aspect-ratio: 22\/22;\" \/><\/figure><\/div>\n\n\n<p><strong><strong><strong>Informaci\u00f3n t\u00e9cnica<\/strong><\/strong><\/strong><\/p>\n\n\n\n<p>El sistema consta de:<\/p>\n\n\n\n<ul class=\"wp-block-list\">\n<li>Unidad de control para visualizaci\u00f3n de nivel y gesti\u00f3n del sistema. La unidad est\u00e1 equipada con un software intuitivo y completo que permite la conexi\u00f3n de dos dispositivos de alarma o bloqueo.<\/li>\n\n\n\n<li>Tubo de detecci\u00f3n de presi\u00f3n est\u00e1tica: el extremo del tubo se inserta desde la parte superior del dep\u00f3sito y se baja en el l\u00edquido hasta tocar el fondo, el tubo termina con una sonda de lat\u00f3n que transmite una se\u00f1al a la unidad de control, el nivel del l\u00edquido es visible en la pantalla del dispositivo.<\/li>\n<\/ul>\n\n\n\n<p>El software se utiliza para:<\/p>\n\n\n\n<ul class=\"wp-block-list\">\n<li>Ajustes de tama\u00f1o y tipo de dep\u00f3sito<\/li>\n\n\n\n<li>Determinaci\u00f3n del nivel de indicaciones<\/li>\n\n\n\n<li>Nivel de alarma definido<\/li>\n\n\n\n<li>Calibraci\u00f3n del instrumento selecci\u00f3n de la unidad de medida<\/li>\n<\/ul>\n\n\n\n<p>En funci\u00f3n de los niveles de alarma establecidos, la unidad de control desactiva o activa el contacto, actuando como un interruptor remoto para activar alarmas o cortar la alimentaci\u00f3n de los equipos conectados.<\/p>\n\n\n\n<p>Longitud del tubo de la sonda: 10 m.<\/p>\n\n\n\n<p>Altura m\u00e1xima medible: 4 m.<\/p>\n\n\n\n<p>Tensi\u00f3n de alimentaci\u00f3n 230 V \/ 50 Hz (110 V \/ 60 Hz) Clase de protecci\u00f3n IP 55, fondo de escala 4 m (12 ft) Precisi\u00f3n \u00b1 1 % del fondo de escala, contacto m\u00e1ximo y m\u00ednimo, tensi\u00f3n m\u00e1xima 250 V CA a 5 A (o 30 V CC a 5 A) Longitud del tubo de la sonda 10 m (10,6 yd) (ampliable a 50 m (52 \u200b\u200byd). Indicaci\u00f3n de nivel &#8211; Altura (mm, pulgadas) &#8211; Volumen (litros, galones) &#8211; Porcentaje de llenado (%) \u2013 Salida RS disponible para conexi\u00f3n a PC<\/p>\n<\/div>\n<\/div>\n","protected":false},"excerpt":{"rendered":"<p>Informaci\u00f3n del Producto El dispositivo OCIO se utiliza para el monitoreo continuo del nivel de l\u00edquido en el dep\u00f3sito, OCIO es un indicador de nivel que detecta la presi\u00f3n est\u00e1tica generada por la altura del fluido con un tubo de sonda insertado en el dep\u00f3sito y muestra el nivel o volumen del fluido. Se puede [&hellip;]?<\/p>\n","protected":false},"author":1,"featured_media":0,"parent":464,"menu_order":0,"comment_status":"closed","ping_status":"closed","template":"page-products-with-second-menu.php","meta":{"_acf_changed":false,"footnotes":""},"class_list":["post-486","page","type-page","status-publish","hentry"],"acf":[],"yoast_head":"<!-- This site is optimized with the Yoast SEO plugin v26.1.1 - https:\/\/yoast.com\/wordpress\/plugins\/seo\/ -->\n<title>OCIO - sistema de control de la cantidad de combustible - CGH Group Sp. z o.o.<\/title>\n<meta name=\"description\" content=\"OCIO- system monitoringu ilo\u015bci paliwa -\" \/>\n<meta name=\"robots\" content=\"index, follow, max-snippet:-1, max-image-preview:large, max-video-preview:-1\" \/>\n<link rel=\"canonical\" href=\"https:\/\/cgh.com.pl\/es\/accesories\/sistema-de-monitoreo\/ocio-sistema-de-control-de-la-cantidad-de-combustible\" \/>\n<meta property=\"og:locale\" content=\"es_ES\" \/>\n<meta property=\"og:type\" content=\"article\" \/>\n<meta property=\"og:title\" content=\"OCIO - sistema de control de la cantidad de combustible - CGH Group Sp. z o.o.\" \/>\n<meta property=\"og:description\" content=\"OCIO- system monitoringu ilo\u015bci paliwa -\" \/>\n<meta property=\"og:url\" content=\"https:\/\/cgh.com.pl\/es\/accesories\/sistema-de-monitoreo\/ocio-sistema-de-control-de-la-cantidad-de-combustible\" \/>\n<meta property=\"og:site_name\" content=\"CGH Group Sp. z o.o.\" \/>\n<meta property=\"article:publisher\" content=\"https:\/\/www.facebook.com\/cghpolska\" \/>\n<meta property=\"article:modified_time\" content=\"2023-05-22T08:34:46+00:00\" \/>\n<meta property=\"og:image\" content=\"https:\/\/cgh.com.pl\/es\/wp-content\/uploads\/2021\/06\/ocio-fuel-quantity-monitoring-system-2.jpg\" \/>\n<meta name=\"twitter:card\" content=\"summary_large_image\" \/>\n<meta name=\"twitter:label1\" content=\"Tiempo de lectura\" \/>\n\t<meta name=\"twitter:data1\" content=\"3 minutos\" \/>\n<script type=\"application\/ld+json\" class=\"yoast-schema-graph\">{\"@context\":\"https:\/\/schema.org\",\"@graph\":[{\"@type\":\"WebPage\",\"@id\":\"https:\/\/cgh.com.pl\/es\/accesories\/sistema-de-monitoreo\/ocio-sistema-de-control-de-la-cantidad-de-combustible\",\"url\":\"https:\/\/cgh.com.pl\/es\/accesories\/sistema-de-monitoreo\/ocio-sistema-de-control-de-la-cantidad-de-combustible\",\"name\":\"OCIO - sistema de control de la cantidad de combustible - CGH Group Sp. z o.o.\",\"isPartOf\":{\"@id\":\"https:\/\/cgh.com.pl\/es\/#website\"},\"primaryImageOfPage\":{\"@id\":\"https:\/\/cgh.com.pl\/es\/accesories\/sistema-de-monitoreo\/ocio-sistema-de-control-de-la-cantidad-de-combustible#primaryimage\"},\"image\":{\"@id\":\"https:\/\/cgh.com.pl\/es\/accesories\/sistema-de-monitoreo\/ocio-sistema-de-control-de-la-cantidad-de-combustible#primaryimage\"},\"thumbnailUrl\":\"https:\/\/cgh.com.pl\/es\/wp-content\/uploads\/2021\/06\/ocio-fuel-quantity-monitoring-system-2.jpg\",\"datePublished\":\"2020-12-07T22:32:18+00:00\",\"dateModified\":\"2023-05-22T08:34:46+00:00\",\"description\":\"OCIO- system monitoringu ilo\u015bci paliwa -\",\"breadcrumb\":{\"@id\":\"https:\/\/cgh.com.pl\/es\/accesories\/sistema-de-monitoreo\/ocio-sistema-de-control-de-la-cantidad-de-combustible#breadcrumb\"},\"inLanguage\":\"es\",\"potentialAction\":[{\"@type\":\"ReadAction\",\"target\":[\"https:\/\/cgh.com.pl\/es\/accesories\/sistema-de-monitoreo\/ocio-sistema-de-control-de-la-cantidad-de-combustible\"]}]},{\"@type\":\"ImageObject\",\"inLanguage\":\"es\",\"@id\":\"https:\/\/cgh.com.pl\/es\/accesories\/sistema-de-monitoreo\/ocio-sistema-de-control-de-la-cantidad-de-combustible#primaryimage\",\"url\":\"https:\/\/cgh.com.pl\/es\/wp-content\/uploads\/2021\/06\/ocio-fuel-quantity-monitoring-system-2.jpg\",\"contentUrl\":\"https:\/\/cgh.com.pl\/es\/wp-content\/uploads\/2021\/06\/ocio-fuel-quantity-monitoring-system-2.jpg\",\"width\":360,\"height\":240,\"caption\":\"OCIO fuel quantity monitoring system\"},{\"@type\":\"BreadcrumbList\",\"@id\":\"https:\/\/cgh.com.pl\/es\/accesories\/sistema-de-monitoreo\/ocio-sistema-de-control-de-la-cantidad-de-combustible#breadcrumb\",\"itemListElement\":[{\"@type\":\"ListItem\",\"position\":1,\"name\":\"Strona g\u0142\u00f3wna\",\"item\":\"https:\/\/cgh.com.pl\/es\/\"},{\"@type\":\"ListItem\",\"position\":2,\"name\":\"Accesorios\",\"item\":\"https:\/\/cgh.com.pl\/es\/accesories\"},{\"@type\":\"ListItem\",\"position\":3,\"name\":\"Sistema de monitoreo\",\"item\":\"https:\/\/cgh.com.pl\/es\/accesories\/sistema-de-monitoreo\"},{\"@type\":\"ListItem\",\"position\":4,\"name\":\"OCIO &#8211; sistema de control de la cantidad de combustible\"}]},{\"@type\":\"WebSite\",\"@id\":\"https:\/\/cgh.com.pl\/es\/#website\",\"url\":\"https:\/\/cgh.com.pl\/es\/\",\"name\":\"CGH Group Sp. z o.o.\",\"description\":\"\",\"publisher\":{\"@id\":\"https:\/\/cgh.com.pl\/es\/#organization\"},\"alternateName\":\"Ingenier\u00eda, desarrollo y fabricaci\u00f3n de dep\u00f3sitos de GLP, industriales, combustibles, agua, a presi\u00f3n y acero inoxidable - CGH Group\",\"potentialAction\":[{\"@type\":\"SearchAction\",\"target\":{\"@type\":\"EntryPoint\",\"urlTemplate\":\"https:\/\/cgh.com.pl\/es\/?s={search_term_string}\"},\"query-input\":{\"@type\":\"PropertyValueSpecification\",\"valueRequired\":true,\"valueName\":\"search_term_string\"}}],\"inLanguage\":\"es\"},{\"@type\":\"Organization\",\"@id\":\"https:\/\/cgh.com.pl\/es\/#organization\",\"name\":\"CGH Group Sp. z o.o.\",\"url\":\"https:\/\/cgh.com.pl\/es\/\",\"logo\":{\"@type\":\"ImageObject\",\"inLanguage\":\"es\",\"@id\":\"https:\/\/cgh.com.pl\/es\/#\/schema\/logo\/image\/\",\"url\":\"https:\/\/cgh.com.pl\/es\/wp-content\/uploads\/2023\/05\/logoCGH.png\",\"contentUrl\":\"https:\/\/cgh.com.pl\/es\/wp-content\/uploads\/2023\/05\/logoCGH.png\",\"width\":449,\"height\":162,\"caption\":\"CGH Group Sp. z o.o.\"},\"image\":{\"@id\":\"https:\/\/cgh.com.pl\/es\/#\/schema\/logo\/image\/\"},\"sameAs\":[\"https:\/\/www.facebook.com\/cghpolska\",\"https:\/\/www.youtube.com\/channel\/UCe9uW1n0tEj_ZJOEtHIHGQw\"]}]}<\/script>\n<!-- \/ Yoast SEO plugin. -->","yoast_head_json":{"title":"OCIO - sistema de control de la cantidad de combustible - CGH Group Sp. z o.o.","description":"OCIO- system monitoringu ilo\u015bci paliwa -","robots":{"index":"index","follow":"follow","max-snippet":"max-snippet:-1","max-image-preview":"max-image-preview:large","max-video-preview":"max-video-preview:-1"},"canonical":"https:\/\/cgh.com.pl\/es\/accesories\/sistema-de-monitoreo\/ocio-sistema-de-control-de-la-cantidad-de-combustible","og_locale":"es_ES","og_type":"article","og_title":"OCIO - sistema de control de la cantidad de combustible - CGH Group Sp. z o.o.","og_description":"OCIO- system monitoringu ilo\u015bci paliwa -","og_url":"https:\/\/cgh.com.pl\/es\/accesories\/sistema-de-monitoreo\/ocio-sistema-de-control-de-la-cantidad-de-combustible","og_site_name":"CGH Group Sp. z o.o.","article_publisher":"https:\/\/www.facebook.com\/cghpolska","article_modified_time":"2023-05-22T08:34:46+00:00","og_image":[{"url":"https:\/\/cgh.com.pl\/es\/wp-content\/uploads\/2021\/06\/ocio-fuel-quantity-monitoring-system-2.jpg","type":"","width":"","height":""}],"twitter_card":"summary_large_image","twitter_misc":{"Tiempo de lectura":"3 minutos"},"schema":{"@context":"https:\/\/schema.org","@graph":[{"@type":"WebPage","@id":"https:\/\/cgh.com.pl\/es\/accesories\/sistema-de-monitoreo\/ocio-sistema-de-control-de-la-cantidad-de-combustible","url":"https:\/\/cgh.com.pl\/es\/accesories\/sistema-de-monitoreo\/ocio-sistema-de-control-de-la-cantidad-de-combustible","name":"OCIO - sistema de control de la cantidad de combustible - CGH Group Sp. z o.o.","isPartOf":{"@id":"https:\/\/cgh.com.pl\/es\/#website"},"primaryImageOfPage":{"@id":"https:\/\/cgh.com.pl\/es\/accesories\/sistema-de-monitoreo\/ocio-sistema-de-control-de-la-cantidad-de-combustible#primaryimage"},"image":{"@id":"https:\/\/cgh.com.pl\/es\/accesories\/sistema-de-monitoreo\/ocio-sistema-de-control-de-la-cantidad-de-combustible#primaryimage"},"thumbnailUrl":"https:\/\/cgh.com.pl\/es\/wp-content\/uploads\/2021\/06\/ocio-fuel-quantity-monitoring-system-2.jpg","datePublished":"2020-12-07T22:32:18+00:00","dateModified":"2023-05-22T08:34:46+00:00","description":"OCIO- system monitoringu ilo\u015bci paliwa -","breadcrumb":{"@id":"https:\/\/cgh.com.pl\/es\/accesories\/sistema-de-monitoreo\/ocio-sistema-de-control-de-la-cantidad-de-combustible#breadcrumb"},"inLanguage":"es","potentialAction":[{"@type":"ReadAction","target":["https:\/\/cgh.com.pl\/es\/accesories\/sistema-de-monitoreo\/ocio-sistema-de-control-de-la-cantidad-de-combustible"]}]},{"@type":"ImageObject","inLanguage":"es","@id":"https:\/\/cgh.com.pl\/es\/accesories\/sistema-de-monitoreo\/ocio-sistema-de-control-de-la-cantidad-de-combustible#primaryimage","url":"https:\/\/cgh.com.pl\/es\/wp-content\/uploads\/2021\/06\/ocio-fuel-quantity-monitoring-system-2.jpg","contentUrl":"https:\/\/cgh.com.pl\/es\/wp-content\/uploads\/2021\/06\/ocio-fuel-quantity-monitoring-system-2.jpg","width":360,"height":240,"caption":"OCIO fuel quantity monitoring system"},{"@type":"BreadcrumbList","@id":"https:\/\/cgh.com.pl\/es\/accesories\/sistema-de-monitoreo\/ocio-sistema-de-control-de-la-cantidad-de-combustible#breadcrumb","itemListElement":[{"@type":"ListItem","position":1,"name":"Strona g\u0142\u00f3wna","item":"https:\/\/cgh.com.pl\/es\/"},{"@type":"ListItem","position":2,"name":"Accesorios","item":"https:\/\/cgh.com.pl\/es\/accesories"},{"@type":"ListItem","position":3,"name":"Sistema de monitoreo","item":"https:\/\/cgh.com.pl\/es\/accesories\/sistema-de-monitoreo"},{"@type":"ListItem","position":4,"name":"OCIO &#8211; sistema de control de la cantidad de combustible"}]},{"@type":"WebSite","@id":"https:\/\/cgh.com.pl\/es\/#website","url":"https:\/\/cgh.com.pl\/es\/","name":"CGH Group Sp. z o.o.","description":"","publisher":{"@id":"https:\/\/cgh.com.pl\/es\/#organization"},"alternateName":"Ingenier\u00eda, desarrollo y fabricaci\u00f3n de dep\u00f3sitos de GLP, industriales, combustibles, agua, a presi\u00f3n y acero inoxidable - CGH Group","potentialAction":[{"@type":"SearchAction","target":{"@type":"EntryPoint","urlTemplate":"https:\/\/cgh.com.pl\/es\/?s={search_term_string}"},"query-input":{"@type":"PropertyValueSpecification","valueRequired":true,"valueName":"search_term_string"}}],"inLanguage":"es"},{"@type":"Organization","@id":"https:\/\/cgh.com.pl\/es\/#organization","name":"CGH Group Sp. z o.o.","url":"https:\/\/cgh.com.pl\/es\/","logo":{"@type":"ImageObject","inLanguage":"es","@id":"https:\/\/cgh.com.pl\/es\/#\/schema\/logo\/image\/","url":"https:\/\/cgh.com.pl\/es\/wp-content\/uploads\/2023\/05\/logoCGH.png","contentUrl":"https:\/\/cgh.com.pl\/es\/wp-content\/uploads\/2023\/05\/logoCGH.png","width":449,"height":162,"caption":"CGH Group Sp. z o.o."},"image":{"@id":"https:\/\/cgh.com.pl\/es\/#\/schema\/logo\/image\/"},"sameAs":["https:\/\/www.facebook.com\/cghpolska","https:\/\/www.youtube.com\/channel\/UCe9uW1n0tEj_ZJOEtHIHGQw"]}]}},"_links":{"self":[{"href":"https:\/\/cgh.com.pl\/es\/wp-json\/wp\/v2\/pages\/486","targetHints":{"allow":["GET"]}}],"collection":[{"href":"https:\/\/cgh.com.pl\/es\/wp-json\/wp\/v2\/pages"}],"about":[{"href":"https:\/\/cgh.com.pl\/es\/wp-json\/wp\/v2\/types\/page"}],"author":[{"embeddable":true,"href":"https:\/\/cgh.com.pl\/es\/wp-json\/wp\/v2\/users\/1"}],"replies":[{"embeddable":true,"href":"https:\/\/cgh.com.pl\/es\/wp-json\/wp\/v2\/comments?post=486"}],"version-history":[{"count":9,"href":"https:\/\/cgh.com.pl\/es\/wp-json\/wp\/v2\/pages\/486\/revisions"}],"predecessor-version":[{"id":4942,"href":"https:\/\/cgh.com.pl\/es\/wp-json\/wp\/v2\/pages\/486\/revisions\/4942"}],"up":[{"embeddable":true,"href":"https:\/\/cgh.com.pl\/es\/wp-json\/wp\/v2\/pages\/464"}],"wp:attachment":[{"href":"https:\/\/cgh.com.pl\/es\/wp-json\/wp\/v2\/media?parent=486"}],"curies":[{"name":"wp","href":"https:\/\/api.w.org\/{rel}","templated":true}]}}