{"id":490,"date":"2020-12-07T23:35:54","date_gmt":"2020-12-07T22:35:54","guid":{"rendered":"https:\/\/cgh.com.pl\/es\/?page_id=490"},"modified":"2023-05-22T14:21:31","modified_gmt":"2023-05-22T12:21:31","slug":"mini-maximelder-avisador-final-de-nivel-de-llenado","status":"publish","type":"page","link":"https:\/\/cgh.com.pl\/es\/accesories\/sistema-de-monitoreo\/mini-maximelder-avisador-final-de-nivel-de-llenado","title":{"rendered":"MINI, MAXIMELDER, avisador final de nivel de llenado"},"content":{"rendered":"\n<div class=\"wp-block-columns has-2-columns is-layout-flex wp-container-core-columns-is-layout-9d6595d7 wp-block-columns-is-layout-flex\">\n<div class=\"wp-block-column is-layout-flow wp-block-column-is-layout-flow\"><div class=\"wp-block-image\">\n<figure class=\"aligncenter\"><img decoding=\"async\" width=\"360\" height=\"240\" data-src=\"https:\/\/cgh.com.pl\/es\/wp-content\/uploads\/2021\/06\/mini-maximelder-Filling-level-detector-2.png\" alt=\"MINI, MAXIMELDER, avisador  final de nivel de llenado\" class=\"wp-image-1813 img-fluid lazyload\" data-srcset=\"https:\/\/cgh.com.pl\/es\/wp-content\/uploads\/2021\/06\/mini-maximelder-Filling-level-detector-2.png 360w, https:\/\/cgh.com.pl\/es\/wp-content\/uploads\/2021\/06\/mini-maximelder-Filling-level-detector-2-300x200.png 300w\" data-sizes=\"(max-width: 360px) 100vw, 360px\" src=\"data:image\/svg+xml;base64,PHN2ZyB3aWR0aD0iMSIgaGVpZ2h0PSIxIiB4bWxucz0iaHR0cDovL3d3dy53My5vcmcvMjAwMC9zdmciPjwvc3ZnPg==\" style=\"--smush-placeholder-width: 360px; --smush-placeholder-aspect-ratio: 360\/240;\" \/><\/figure><\/div>\n\n\n<div class=\"photos\">\n<div class=\"first-zoom-photo\"><img decoding=\"async\" data-src=\"https:\/\/cgh.com.pl\/es\/wp-content\/uploads\/2021\/06\/Filling-level-detector.png\" alt=\"Filling level detector\" src=\"data:image\/svg+xml;base64,PHN2ZyB3aWR0aD0iMSIgaGVpZ2h0PSIxIiB4bWxucz0iaHR0cDovL3d3dy53My5vcmcvMjAwMC9zdmciPjwvc3ZnPg==\" class=\"lazyload\" style=\"--smush-placeholder-width: 900px; --smush-placeholder-aspect-ratio: 900\/1200;\"><div><\/div>\n<\/div>\n<div class=\"pair\"><img decoding=\"async\" data-src=\"https:\/\/cgh.com.pl\/es\/wp-content\/uploads\/2021\/06\/Filling-level-detector-2.png\" alt=\"Filling level detector\" src=\"data:image\/svg+xml;base64,PHN2ZyB3aWR0aD0iMSIgaGVpZ2h0PSIxIiB4bWxucz0iaHR0cDovL3d3dy53My5vcmcvMjAwMC9zdmciPjwvc3ZnPg==\" class=\"lazyload\" style=\"--smush-placeholder-width: 663px; --smush-placeholder-aspect-ratio: 663\/1200;\"><div><\/div>\n<div><\/div>\n<\/div>\n<\/div>\n<\/div>\n\n\n\n<div class=\"wp-block-column is-layout-flow wp-block-column-is-layout-flow\">\n<p><strong><strong><strong><strong>Informaci\u00f3n del Producto<\/strong><\/strong><\/strong><\/strong><\/p>\n\n\n\n<p>MINIMELDER &#8211; R<\/p>\n\n\n\n<p>Avisador de nivel m\u00ednimo. Est\u00e1 dise\u00f1ado para la se\u00f1alizaci\u00f3n ac\u00fastica y visual del estado m\u00ednimo en el dep\u00f3sito.<\/p>\n\n\n\n<p>Minimelder est\u00e1 equipado con una salida libre de potencial para la salida adicional de la se\u00f1al de estado de alarma a un dispositivo externo.<\/p>\n\n\n\n<p>monitorea la ca\u00edda en el nivel del l\u00edquido. Cuando se alcanza el punto de activaci\u00f3n de la alarma, el LED rojo se enciende de forma continua y suena una alarma ac\u00fastica.<\/p>\n\n\n\n<p>MAXIMELDER &#8211; R<\/p>\n\n\n\n<p>avisador de nivel m\u00e1ximo. Est\u00e1 dise\u00f1ado para la se\u00f1alizaci\u00f3n ac\u00fastica y visual del estado m\u00e1ximo del dep\u00f3sito.<\/p>\n\n\n\n<p>Maximelder est\u00e1 equipado con una salida libre de potencial para la salida adicional de la se\u00f1al de estado de alarma a un dispositivo externo.<\/p>\n\n\n\n<p>Maximelder-R monitorea el aumento del nivel de l\u00edquido. Cuando se alcanza el punto de activaci\u00f3n de la alarma, el LED rojo se enciende de forma continua y suena una alarma ac\u00fastica.<\/p>\n\n\n\n<p>El dispositivo de medici\u00f3n m\u00e1s barato y sencillo del mercado.<\/p>\n\n\n\n<p>Se utiliza en objetos:<\/p>\n\n\n\n<ul class=\"wp-block-list\">\n<li>gasolineras,<\/li>\n\n\n\n<li>salas de calderas,<\/li>\n\n\n\n<li>peque\u00f1os almacenes de productos petrol\u00edferos<\/li>\n\n\n\n<li>y en lugares donde sea necesario monitorear el nivel de l\u00edquido en el dep\u00f3sito<br>\u25e6 aqua,<br>\u25e6 aceite de calefacci\u00f3n de grado EL, L o M,<br>\u25e6 mezclas de aceite y agua,<br>\u25e6 l\u00edquidos comparables de viscosidad equivalente.<\/li>\n\n\n\n<li>El producto est\u00e1 destinado a l\u00edquidos a los que los elementos en contacto con el medio son resistentes:<\/li>\n<\/ul>\n\n\n<div class=\"wp-block-image\">\n<figure class=\"alignleft size-full\"><img decoding=\"async\" width=\"22\" height=\"21\" data-src=\"https:\/\/cgh.com.pl\/es\/wp-content\/uploads\/2022\/11\/good.png\" alt=\"\" class=\"wp-image-4384 img-fluid lazyload\" src=\"data:image\/svg+xml;base64,PHN2ZyB3aWR0aD0iMSIgaGVpZ2h0PSIxIiB4bWxucz0iaHR0cDovL3d3dy53My5vcmcvMjAwMC9zdmciPjwvc3ZnPg==\" style=\"--smush-placeholder-width: 22px; --smush-placeholder-aspect-ratio: 22\/21;\" \/><\/figure><\/div>\n\n\n<p><strong>Ventajas del dispositivo<\/strong><\/p>\n\n\n\n<ul class=\"wp-block-list\">\n<li>F\u00e1cil instalaci\u00f3n y operaci\u00f3n del dispositivo.<\/li>\n\n\n\n<li>interfaz de usuario amigable basada en signos gr\u00e1ficos<\/li>\n\n\n\n<li>precio mucho m\u00e1s bajo en comparaci\u00f3n con soluciones similares<\/li>\n\n\n\n<li>el dispositivo en funcionamiento no requiere mantenimiento<\/li>\n\n\n\n<li>facilidad de an\u00e1lisis de datos<\/li>\n\n\n\n<li>la unidad de medici\u00f3n se puede instalar fuera de la zona EX en una habitaci\u00f3n accesible para el personal de servicio<\/li>\n\n\n\n<li>Operaci\u00f3n confiable<\/li>\n\n\n\n<li>medici\u00f3n continua<\/li>\n\n\n\n<li>Alarmas de nivel m\u00e1ximo o m\u00ednimo<\/li>\n\n\n\n<li>Alta precisi\u00f3n<\/li>\n\n\n\n<li>Procedimiento de gesti\u00f3n de software intuitivo<\/li>\n\n\n\n<li>Conexi\u00f3n de sirena inal\u00e1mbrica opcional<\/li>\n<\/ul>\n\n\n<div class=\"wp-block-image\">\n<figure class=\"alignleft size-full\"><img decoding=\"async\" width=\"22\" height=\"22\" data-src=\"https:\/\/cgh.com.pl\/es\/wp-content\/uploads\/2022\/11\/advantage.png\" alt=\"\" class=\"wp-image-4385 img-fluid lazyload\" src=\"data:image\/svg+xml;base64,PHN2ZyB3aWR0aD0iMSIgaGVpZ2h0PSIxIiB4bWxucz0iaHR0cDovL3d3dy53My5vcmcvMjAwMC9zdmciPjwvc3ZnPg==\" style=\"--smush-placeholder-width: 22px; --smush-placeholder-aspect-ratio: 22\/22;\" \/><\/figure><\/div>\n\n\n<p><strong><strong><strong>Informaci\u00f3n t\u00e9cnica<\/strong><\/strong><\/strong><\/p>\n\n\n\n<p>El producto consta de un dispositivo de se\u00f1alizaci\u00f3n y una sonda de flotador. Es posible enterarse por la designaci\u00f3n de tipo en el frente del indicador si el producto est\u00e1 monitoreando un nivel de llenado m\u00ednimo o m\u00e1ximo.<\/p>\n\n\n\n<ul class=\"wp-block-list\">\n<li>El producto Minimelder-R monitorea el nivel m\u00ednimo de llenado de los tanques.<\/li>\n\n\n\n<li>El producto Maximelder-R monitorea el nivel m\u00e1ximo de llenado de los tanques.<\/li>\n<\/ul>\n\n\n\n<p>Cuando se alcanza un cierto nivel de llenado, el producto activa una alarma \u00f3ptica y ac\u00fastica. El rel\u00e9 de salida permite enviar la se\u00f1al de alarma a dispositivos adicionales.<\/p>\n\n\n\n<p><strong>Avisador<\/strong><\/p>\n\n\n\n<p>La carcasa de pl\u00e1stico resistente a impactos del dispositivo de se\u00f1alizaci\u00f3n contiene los indicadores y controles, as\u00ed como toda la electr\u00f3nica utilizada para analizar y convertir la se\u00f1al de la sonda en una se\u00f1al de salida digital. La se\u00f1al de salida est\u00e1 disponible como contacto de rel\u00e9 libre de potencial (contacto inversor).<\/p>\n\n\n\n<p><strong>Sonda flotante<\/strong><\/p>\n\n\n\n<p>La sonda flotante determina el nivel de llenado m\u00ednimo o m\u00e1ximo del dep\u00f3sito.<\/p>\n\n\n\n<p>Se utiliza un im\u00e1n ubicado en el flotador de la sonda para cambiar el contacto. Un aumento o disminuci\u00f3n en el nivel de l\u00edquido provoca un movimiento correspondiente del interruptor de flotador, que en consecuencia conduce al inicio de una acci\u00f3n de conmutaci\u00f3n.<\/p>\n\n\n\n<p>El interruptor de flotador debe fijarse en el nivel de conmutaci\u00f3n deseado en la posici\u00f3n de suspensi\u00f3n. La sonda de flotador est\u00e1 conectada a la sirena mediante un cable de sonda de dos hilos.<\/p>\n<\/div>\n<\/div>\n","protected":false},"excerpt":{"rendered":"<p>Informaci\u00f3n del Producto MINIMELDER &#8211; R Avisador de nivel m\u00ednimo. Est\u00e1 dise\u00f1ado para la se\u00f1alizaci\u00f3n ac\u00fastica y visual del estado m\u00ednimo en el dep\u00f3sito. Minimelder est\u00e1 equipado con una salida libre de potencial para la salida adicional de la se\u00f1al de estado de alarma a un dispositivo externo. monitorea la ca\u00edda en el nivel del [&hellip;]?<\/p>\n","protected":false},"author":1,"featured_media":0,"parent":464,"menu_order":0,"comment_status":"closed","ping_status":"closed","template":"page-products-with-second-menu.php","meta":{"_acf_changed":false,"footnotes":""},"class_list":["post-490","page","type-page","status-publish","hentry"],"acf":[],"yoast_head":"<!-- This site is optimized with the Yoast SEO plugin v26.1.1 - https:\/\/yoast.com\/wordpress\/plugins\/seo\/ -->\n<title>MINI, MAXIMELDER, avisador final de nivel de llenado - CGH Group Sp. z o.o.<\/title>\n<meta name=\"robots\" content=\"index, follow, max-snippet:-1, max-image-preview:large, max-video-preview:-1\" \/>\n<link rel=\"canonical\" href=\"https:\/\/cgh.com.pl\/es\/accesories\/sistema-de-monitoreo\/mini-maximelder-avisador-final-de-nivel-de-llenado\" \/>\n<meta property=\"og:locale\" content=\"es_ES\" \/>\n<meta property=\"og:type\" content=\"article\" \/>\n<meta property=\"og:title\" content=\"MINI, MAXIMELDER, avisador final de nivel de llenado - CGH Group Sp. z o.o.\" \/>\n<meta property=\"og:description\" content=\"Informaci\u00f3n del Producto MINIMELDER &#8211; R Avisador de nivel m\u00ednimo. Est\u00e1 dise\u00f1ado para la se\u00f1alizaci\u00f3n ac\u00fastica y visual del estado m\u00ednimo en el dep\u00f3sito. Minimelder est\u00e1 equipado con una salida libre de potencial para la salida adicional de la se\u00f1al de estado de alarma a un dispositivo externo. monitorea la ca\u00edda en el nivel del [&hellip;]?\" \/>\n<meta property=\"og:url\" content=\"https:\/\/cgh.com.pl\/es\/accesories\/sistema-de-monitoreo\/mini-maximelder-avisador-final-de-nivel-de-llenado\" \/>\n<meta property=\"og:site_name\" content=\"CGH Group Sp. z o.o.\" \/>\n<meta property=\"article:publisher\" content=\"https:\/\/www.facebook.com\/cghpolska\" \/>\n<meta property=\"article:modified_time\" content=\"2023-05-22T12:21:31+00:00\" \/>\n<meta property=\"og:image\" content=\"https:\/\/cgh.com.pl\/es\/wp-content\/uploads\/2021\/06\/mini-maximelder-Filling-level-detector-2.png\" \/>\n<meta name=\"twitter:card\" content=\"summary_large_image\" \/>\n<meta name=\"twitter:label1\" content=\"Tiempo de lectura\" \/>\n\t<meta name=\"twitter:data1\" content=\"3 minutos\" \/>\n<script type=\"application\/ld+json\" class=\"yoast-schema-graph\">{\"@context\":\"https:\/\/schema.org\",\"@graph\":[{\"@type\":\"WebPage\",\"@id\":\"https:\/\/cgh.com.pl\/es\/accesories\/sistema-de-monitoreo\/mini-maximelder-avisador-final-de-nivel-de-llenado\",\"url\":\"https:\/\/cgh.com.pl\/es\/accesories\/sistema-de-monitoreo\/mini-maximelder-avisador-final-de-nivel-de-llenado\",\"name\":\"MINI, MAXIMELDER, avisador final de nivel de llenado - CGH Group Sp. z o.o.\",\"isPartOf\":{\"@id\":\"https:\/\/cgh.com.pl\/es\/#website\"},\"primaryImageOfPage\":{\"@id\":\"https:\/\/cgh.com.pl\/es\/accesories\/sistema-de-monitoreo\/mini-maximelder-avisador-final-de-nivel-de-llenado#primaryimage\"},\"image\":{\"@id\":\"https:\/\/cgh.com.pl\/es\/accesories\/sistema-de-monitoreo\/mini-maximelder-avisador-final-de-nivel-de-llenado#primaryimage\"},\"thumbnailUrl\":\"https:\/\/cgh.com.pl\/es\/wp-content\/uploads\/2021\/06\/mini-maximelder-Filling-level-detector-2.png\",\"datePublished\":\"2020-12-07T22:35:54+00:00\",\"dateModified\":\"2023-05-22T12:21:31+00:00\",\"breadcrumb\":{\"@id\":\"https:\/\/cgh.com.pl\/es\/accesories\/sistema-de-monitoreo\/mini-maximelder-avisador-final-de-nivel-de-llenado#breadcrumb\"},\"inLanguage\":\"es\",\"potentialAction\":[{\"@type\":\"ReadAction\",\"target\":[\"https:\/\/cgh.com.pl\/es\/accesories\/sistema-de-monitoreo\/mini-maximelder-avisador-final-de-nivel-de-llenado\"]}]},{\"@type\":\"ImageObject\",\"inLanguage\":\"es\",\"@id\":\"https:\/\/cgh.com.pl\/es\/accesories\/sistema-de-monitoreo\/mini-maximelder-avisador-final-de-nivel-de-llenado#primaryimage\",\"url\":\"https:\/\/cgh.com.pl\/es\/wp-content\/uploads\/2021\/06\/mini-maximelder-Filling-level-detector-2.png\",\"contentUrl\":\"https:\/\/cgh.com.pl\/es\/wp-content\/uploads\/2021\/06\/mini-maximelder-Filling-level-detector-2.png\",\"width\":360,\"height\":240,\"caption\":\"MINI, MAXIMELDER, Filling level detector\"},{\"@type\":\"BreadcrumbList\",\"@id\":\"https:\/\/cgh.com.pl\/es\/accesories\/sistema-de-monitoreo\/mini-maximelder-avisador-final-de-nivel-de-llenado#breadcrumb\",\"itemListElement\":[{\"@type\":\"ListItem\",\"position\":1,\"name\":\"Strona g\u0142\u00f3wna\",\"item\":\"https:\/\/cgh.com.pl\/es\/\"},{\"@type\":\"ListItem\",\"position\":2,\"name\":\"Accesorios\",\"item\":\"https:\/\/cgh.com.pl\/es\/accesories\"},{\"@type\":\"ListItem\",\"position\":3,\"name\":\"Sistema de monitoreo\",\"item\":\"https:\/\/cgh.com.pl\/es\/accesories\/sistema-de-monitoreo\"},{\"@type\":\"ListItem\",\"position\":4,\"name\":\"MINI, MAXIMELDER, avisador final de nivel de llenado\"}]},{\"@type\":\"WebSite\",\"@id\":\"https:\/\/cgh.com.pl\/es\/#website\",\"url\":\"https:\/\/cgh.com.pl\/es\/\",\"name\":\"CGH Group Sp. z o.o.\",\"description\":\"\",\"publisher\":{\"@id\":\"https:\/\/cgh.com.pl\/es\/#organization\"},\"alternateName\":\"Ingenier\u00eda, desarrollo y fabricaci\u00f3n de dep\u00f3sitos de GLP, industriales, combustibles, agua, a presi\u00f3n y acero inoxidable - CGH Group\",\"potentialAction\":[{\"@type\":\"SearchAction\",\"target\":{\"@type\":\"EntryPoint\",\"urlTemplate\":\"https:\/\/cgh.com.pl\/es\/?s={search_term_string}\"},\"query-input\":{\"@type\":\"PropertyValueSpecification\",\"valueRequired\":true,\"valueName\":\"search_term_string\"}}],\"inLanguage\":\"es\"},{\"@type\":\"Organization\",\"@id\":\"https:\/\/cgh.com.pl\/es\/#organization\",\"name\":\"CGH Group Sp. z o.o.\",\"url\":\"https:\/\/cgh.com.pl\/es\/\",\"logo\":{\"@type\":\"ImageObject\",\"inLanguage\":\"es\",\"@id\":\"https:\/\/cgh.com.pl\/es\/#\/schema\/logo\/image\/\",\"url\":\"https:\/\/cgh.com.pl\/es\/wp-content\/uploads\/2023\/05\/logoCGH.png\",\"contentUrl\":\"https:\/\/cgh.com.pl\/es\/wp-content\/uploads\/2023\/05\/logoCGH.png\",\"width\":449,\"height\":162,\"caption\":\"CGH Group Sp. z o.o.\"},\"image\":{\"@id\":\"https:\/\/cgh.com.pl\/es\/#\/schema\/logo\/image\/\"},\"sameAs\":[\"https:\/\/www.facebook.com\/cghpolska\",\"https:\/\/www.youtube.com\/channel\/UCe9uW1n0tEj_ZJOEtHIHGQw\"]}]}<\/script>\n<!-- \/ Yoast SEO plugin. -->","yoast_head_json":{"title":"MINI, MAXIMELDER, avisador final de nivel de llenado - CGH Group Sp. z o.o.","robots":{"index":"index","follow":"follow","max-snippet":"max-snippet:-1","max-image-preview":"max-image-preview:large","max-video-preview":"max-video-preview:-1"},"canonical":"https:\/\/cgh.com.pl\/es\/accesories\/sistema-de-monitoreo\/mini-maximelder-avisador-final-de-nivel-de-llenado","og_locale":"es_ES","og_type":"article","og_title":"MINI, MAXIMELDER, avisador final de nivel de llenado - CGH Group Sp. z o.o.","og_description":"Informaci\u00f3n del Producto MINIMELDER &#8211; R Avisador de nivel m\u00ednimo. Est\u00e1 dise\u00f1ado para la se\u00f1alizaci\u00f3n ac\u00fastica y visual del estado m\u00ednimo en el dep\u00f3sito. Minimelder est\u00e1 equipado con una salida libre de potencial para la salida adicional de la se\u00f1al de estado de alarma a un dispositivo externo. monitorea la ca\u00edda en el nivel del [&hellip;]?","og_url":"https:\/\/cgh.com.pl\/es\/accesories\/sistema-de-monitoreo\/mini-maximelder-avisador-final-de-nivel-de-llenado","og_site_name":"CGH Group Sp. z o.o.","article_publisher":"https:\/\/www.facebook.com\/cghpolska","article_modified_time":"2023-05-22T12:21:31+00:00","og_image":[{"url":"https:\/\/cgh.com.pl\/es\/wp-content\/uploads\/2021\/06\/mini-maximelder-Filling-level-detector-2.png","type":"","width":"","height":""}],"twitter_card":"summary_large_image","twitter_misc":{"Tiempo de lectura":"3 minutos"},"schema":{"@context":"https:\/\/schema.org","@graph":[{"@type":"WebPage","@id":"https:\/\/cgh.com.pl\/es\/accesories\/sistema-de-monitoreo\/mini-maximelder-avisador-final-de-nivel-de-llenado","url":"https:\/\/cgh.com.pl\/es\/accesories\/sistema-de-monitoreo\/mini-maximelder-avisador-final-de-nivel-de-llenado","name":"MINI, MAXIMELDER, avisador final de nivel de llenado - CGH Group Sp. z o.o.","isPartOf":{"@id":"https:\/\/cgh.com.pl\/es\/#website"},"primaryImageOfPage":{"@id":"https:\/\/cgh.com.pl\/es\/accesories\/sistema-de-monitoreo\/mini-maximelder-avisador-final-de-nivel-de-llenado#primaryimage"},"image":{"@id":"https:\/\/cgh.com.pl\/es\/accesories\/sistema-de-monitoreo\/mini-maximelder-avisador-final-de-nivel-de-llenado#primaryimage"},"thumbnailUrl":"https:\/\/cgh.com.pl\/es\/wp-content\/uploads\/2021\/06\/mini-maximelder-Filling-level-detector-2.png","datePublished":"2020-12-07T22:35:54+00:00","dateModified":"2023-05-22T12:21:31+00:00","breadcrumb":{"@id":"https:\/\/cgh.com.pl\/es\/accesories\/sistema-de-monitoreo\/mini-maximelder-avisador-final-de-nivel-de-llenado#breadcrumb"},"inLanguage":"es","potentialAction":[{"@type":"ReadAction","target":["https:\/\/cgh.com.pl\/es\/accesories\/sistema-de-monitoreo\/mini-maximelder-avisador-final-de-nivel-de-llenado"]}]},{"@type":"ImageObject","inLanguage":"es","@id":"https:\/\/cgh.com.pl\/es\/accesories\/sistema-de-monitoreo\/mini-maximelder-avisador-final-de-nivel-de-llenado#primaryimage","url":"https:\/\/cgh.com.pl\/es\/wp-content\/uploads\/2021\/06\/mini-maximelder-Filling-level-detector-2.png","contentUrl":"https:\/\/cgh.com.pl\/es\/wp-content\/uploads\/2021\/06\/mini-maximelder-Filling-level-detector-2.png","width":360,"height":240,"caption":"MINI, MAXIMELDER, Filling level detector"},{"@type":"BreadcrumbList","@id":"https:\/\/cgh.com.pl\/es\/accesories\/sistema-de-monitoreo\/mini-maximelder-avisador-final-de-nivel-de-llenado#breadcrumb","itemListElement":[{"@type":"ListItem","position":1,"name":"Strona g\u0142\u00f3wna","item":"https:\/\/cgh.com.pl\/es\/"},{"@type":"ListItem","position":2,"name":"Accesorios","item":"https:\/\/cgh.com.pl\/es\/accesories"},{"@type":"ListItem","position":3,"name":"Sistema de monitoreo","item":"https:\/\/cgh.com.pl\/es\/accesories\/sistema-de-monitoreo"},{"@type":"ListItem","position":4,"name":"MINI, MAXIMELDER, avisador final de nivel de llenado"}]},{"@type":"WebSite","@id":"https:\/\/cgh.com.pl\/es\/#website","url":"https:\/\/cgh.com.pl\/es\/","name":"CGH Group Sp. z o.o.","description":"","publisher":{"@id":"https:\/\/cgh.com.pl\/es\/#organization"},"alternateName":"Ingenier\u00eda, desarrollo y fabricaci\u00f3n de dep\u00f3sitos de GLP, industriales, combustibles, agua, a presi\u00f3n y acero inoxidable - CGH Group","potentialAction":[{"@type":"SearchAction","target":{"@type":"EntryPoint","urlTemplate":"https:\/\/cgh.com.pl\/es\/?s={search_term_string}"},"query-input":{"@type":"PropertyValueSpecification","valueRequired":true,"valueName":"search_term_string"}}],"inLanguage":"es"},{"@type":"Organization","@id":"https:\/\/cgh.com.pl\/es\/#organization","name":"CGH Group Sp. z o.o.","url":"https:\/\/cgh.com.pl\/es\/","logo":{"@type":"ImageObject","inLanguage":"es","@id":"https:\/\/cgh.com.pl\/es\/#\/schema\/logo\/image\/","url":"https:\/\/cgh.com.pl\/es\/wp-content\/uploads\/2023\/05\/logoCGH.png","contentUrl":"https:\/\/cgh.com.pl\/es\/wp-content\/uploads\/2023\/05\/logoCGH.png","width":449,"height":162,"caption":"CGH Group Sp. z o.o."},"image":{"@id":"https:\/\/cgh.com.pl\/es\/#\/schema\/logo\/image\/"},"sameAs":["https:\/\/www.facebook.com\/cghpolska","https:\/\/www.youtube.com\/channel\/UCe9uW1n0tEj_ZJOEtHIHGQw"]}]}},"_links":{"self":[{"href":"https:\/\/cgh.com.pl\/es\/wp-json\/wp\/v2\/pages\/490","targetHints":{"allow":["GET"]}}],"collection":[{"href":"https:\/\/cgh.com.pl\/es\/wp-json\/wp\/v2\/pages"}],"about":[{"href":"https:\/\/cgh.com.pl\/es\/wp-json\/wp\/v2\/types\/page"}],"author":[{"embeddable":true,"href":"https:\/\/cgh.com.pl\/es\/wp-json\/wp\/v2\/users\/1"}],"replies":[{"embeddable":true,"href":"https:\/\/cgh.com.pl\/es\/wp-json\/wp\/v2\/comments?post=490"}],"version-history":[{"count":18,"href":"https:\/\/cgh.com.pl\/es\/wp-json\/wp\/v2\/pages\/490\/revisions"}],"predecessor-version":[{"id":4960,"href":"https:\/\/cgh.com.pl\/es\/wp-json\/wp\/v2\/pages\/490\/revisions\/4960"}],"up":[{"embeddable":true,"href":"https:\/\/cgh.com.pl\/es\/wp-json\/wp\/v2\/pages\/464"}],"wp:attachment":[{"href":"https:\/\/cgh.com.pl\/es\/wp-json\/wp\/v2\/media?parent=490"}],"curies":[{"name":"wp","href":"https:\/\/api.w.org\/{rel}","templated":true}]}}