{"id":500,"date":"2020-12-08T00:02:06","date_gmt":"2020-12-07T23:02:06","guid":{"rendered":"https:\/\/cgh.com.pl\/es\/?page_id=500"},"modified":"2023-05-22T22:11:09","modified_gmt":"2023-05-22T20:11:09","slug":"speed-chassis-fundamento-rapido","status":"publish","type":"page","link":"https:\/\/cgh.com.pl\/es\/accesories\/sistemas-de-anclaje\/speed-chassis-fundamento-rapido","title":{"rendered":"Speed chassis Fundamento r\u00e1pido"},"content":{"rendered":"\n<div class=\"wp-block-columns has-2-columns is-layout-flex wp-container-core-columns-is-layout-9d6595d7 wp-block-columns-is-layout-flex\">\n<div class=\"wp-block-column is-layout-flow wp-block-column-is-layout-flow\"><div class=\"wp-block-image\">\n<figure class=\"aligncenter\"><img decoding=\"async\" width=\"450\" height=\"338\" data-src=\"https:\/\/cgh.com.pl\/es\/wp-content\/uploads\/2021\/06\/Speed-chassis-fast_foundation-1.jpg\" alt=\"Speed chassis\" class=\"wp-image-1818 img-fluid lazyload\" data-srcset=\"https:\/\/cgh.com.pl\/es\/wp-content\/uploads\/2021\/06\/Speed-chassis-fast_foundation-1.jpg 450w, https:\/\/cgh.com.pl\/es\/wp-content\/uploads\/2021\/06\/Speed-chassis-fast_foundation-1-300x225.jpg 300w\" data-sizes=\"(max-width: 450px) 100vw, 450px\" src=\"data:image\/svg+xml;base64,PHN2ZyB3aWR0aD0iMSIgaGVpZ2h0PSIxIiB4bWxucz0iaHR0cDovL3d3dy53My5vcmcvMjAwMC9zdmciPjwvc3ZnPg==\" style=\"--smush-placeholder-width: 450px; --smush-placeholder-aspect-ratio: 450\/338;\" \/><\/figure><\/div>\n\n\n<div class=\"wp-block-columns has-2-columns is-layout-flex wp-container-core-columns-is-layout-9d6595d7 wp-block-columns-is-layout-flex\">\n<div class=\"wp-block-column is-layout-flow wp-block-column-is-layout-flow\">\n<iframe data-src=\"https:\/\/www.youtube.com\/embed\/iUMmGpA4NXY\" frameborder=\"0\" allow=\"accelerometer; autoplay; clipboard-write; encrypted-media; gyroscope; picture-in-picture\" allowfullscreen=\"\" src=\"data:image\/svg+xml;base64,PHN2ZyB3aWR0aD0iMSIgaGVpZ2h0PSIxIiB4bWxucz0iaHR0cDovL3d3dy53My5vcmcvMjAwMC9zdmciPjwvc3ZnPg==\" class=\"lazyload\" data-load-mode=\"1\"><\/iframe>\n\n\n\n<p><\/p>\n<\/div>\n\n\n\n<div class=\"wp-block-column is-layout-flow wp-block-column-is-layout-flow\"><\/div>\n<\/div>\n<\/div>\n\n\n\n<div class=\"wp-block-column is-layout-flow wp-block-column-is-layout-flow\">\n<p><strong><strong><strong>Informaci\u00f3n del Producto<\/strong><\/strong><\/strong><\/p>\n\n\n\n<p>Speed \u200b\u200b\u200b\u200bchasis &#8211; fundamento r\u00e1pido es una soluci\u00f3n \u00fanica que se utiliza para anclar e instalar nuevos dep\u00f3sitos subterr\u00e1neos en la excavaci\u00f3n. El marco de fundamento con refuerzo hecho en la planta de producci\u00f3n se une al tanque con lazos est\u00e1ndar. Esto permite colocar el dep\u00f3sito directamente desde el cami\u00f3n en la excavaci\u00f3n sobre hormig\u00f3n B10 previamente preparado o suelo compactado, sin necesidad de trabajar en la excavaci\u00f3n durante la descarga. El dep\u00f3sito est\u00e1 controlado por cuerdas desde el nivel del suelo. Solo despu\u00e9s de colocar el dispositivo se puede verter y compactar hormig\u00f3n. Gracias a este sistema, ahorramos tiempo y trabajamos con seguridad, lo que reduce costes.<\/p>\n\n\n<div class=\"wp-block-image\">\n<figure class=\"alignleft size-full\"><img decoding=\"async\" width=\"22\" height=\"21\" data-src=\"https:\/\/cgh.com.pl\/es\/wp-content\/uploads\/2022\/11\/good.png\" alt=\"\" class=\"wp-image-4384 img-fluid lazyload\" src=\"data:image\/svg+xml;base64,PHN2ZyB3aWR0aD0iMSIgaGVpZ2h0PSIxIiB4bWxucz0iaHR0cDovL3d3dy53My5vcmcvMjAwMC9zdmciPjwvc3ZnPg==\" style=\"--smush-placeholder-width: 22px; --smush-placeholder-aspect-ratio: 22\/21;\" \/><\/figure><\/div>\n\n\n<p><strong><strong>Ventajas del dispositivo<\/strong><\/strong><\/p>\n\n\n\n<ul class=\"wp-block-list\">\n<li>dise\u00f1o simple, todo ensamblado en CGH Polska<\/li>\n\n\n\n<li>poco tiempo de trabajo relacionado con la bajada del dep\u00f3sito y el vertido de hormig\u00f3n<\/li>\n\n\n\n<li>seguridad en el sitio de construcci\u00f3n &#8211; no se requiere trabajo de instalador en la excavaci\u00f3n durante la fundaci\u00f3n del dep\u00f3sito<\/li>\n\n\n\n<li>ahorro de costes<\/li>\n<\/ul>\n\n\n\n<p>Description of tank setting components<\/p>\n\n\n<div class=\"wp-block-image\">\n<figure class=\"alignleft size-full\"><img decoding=\"async\" width=\"22\" height=\"22\" data-src=\"https:\/\/cgh.com.pl\/es\/wp-content\/uploads\/2022\/11\/advantage.png\" alt=\"\" class=\"wp-image-4385 img-fluid lazyload\" src=\"data:image\/svg+xml;base64,PHN2ZyB3aWR0aD0iMSIgaGVpZ2h0PSIxIiB4bWxucz0iaHR0cDovL3d3dy53My5vcmcvMjAwMC9zdmciPjwvc3ZnPg==\" style=\"--smush-placeholder-width: 22px; --smush-placeholder-aspect-ratio: 22\/22;\" \/><\/figure><\/div>\n\n\n<p><strong><strong>Informaci\u00f3n t\u00e9cnica<\/strong><\/strong><\/p>\n\n\n\n<p>Speed \u200b\u200b\u200b\u200bchasis es un marco hecho de perfiles soldados a una estructura que cubre todo el contorno del dep\u00f3sito . Adem\u00e1s, entre los perfiles se sueldan barras nervadas que, junto con el marco, forman el refuerzo de la placa de hormig\u00f3n armado. Los bloques para los tornillos que fijan las bandas tambi\u00e9n est\u00e1n soldados al marco de la base. En la planta de producci\u00f3n, el dep\u00f3sito terminado se coloca en el marco y se fija con correas est\u00e1ndar. Entre el dep\u00f3sito y el marco, as\u00ed como debajo de las bandas, hay almohadillas de goma para evitar da\u00f1os en el aislamiento del dep\u00f3sito.<\/p>\n\n\n\n<p>Notas y recomendaciones para movimientos de tierras.<\/p>\n\n\n\n<p>Se requiere realizar pruebas de suelo al preparar un proyecto de construcci\u00f3n para un lugar determinado.<\/p>\n\n\n\n<p>Al rellenar los cimientos, utilice tierra de la excavaci\u00f3n, si es posible, y col\u00f3quela en capas con un espesor de aproximadamente 0,3 m, utilizando una compactaci\u00f3n cuidadosa.<\/p>\n\n\n\n<p>Notas sobre obras de hormig\u00f3n.<\/p>\n\n\n\n<p>Debido a la formaci\u00f3n de tensiones de contracci\u00f3n en el hormig\u00f3n, es muy importante cuidar adecuadamente el hormig\u00f3n en el sitio de construcci\u00f3n. El m\u00e9todo de curado del concreto debe establecerse antes de hormigonar.<\/p>\n\n\n\n<p>La mezcla de hormig\u00f3n debe colocarse y compactarse de manera que no provoque segregaciones. La compactaci\u00f3n debe ser continua con cada lote de concreto que se coloque.<\/p>\n\n\n\n<p>Supuestos adoptados para los c\u00e1lculos<\/p>\n\n\n\n<p>Debajo de los cimientos hay un suelo portante<\/p>\n\n\n\n<p>El tanque se rellenar\u00e1 con tierra no cohesiva, colocada y compactada en capas, asumiendo \u03b3 = 18 kN\/m3.<\/p>\n\n\n\n<p>Para los c\u00e1lculos de la flotabilidad del dep\u00f3sito, se supuso que la densidad del hormig\u00f3n en la losa de cimentaci\u00f3n era \u03b3 = 22 kN\/m3.<\/p>\n\n\n\n<p>Los pesos de los dep\u00f3sitos se adoptaron para los c\u00e1lculos seg\u00fan las fichas t\u00e9cnicas de la empresa CGH Polska.<\/p>\n\n\n\n<p>Profundidad del foso del dep\u00f3sito: 0,8 m (capa superior sobre el dep\u00f3sito).<\/p>\n\n\n\n<p>Se asumi\u00f3 la clase de exposici\u00f3n de la losa de cimentaci\u00f3n XC2, se asumi\u00f3 el concreto C16\/20 (B20) para esta categor\u00eda de exposici\u00f3n. Si hay aguas en el suelo que son m\u00e1s agresivas para el hormig\u00f3n que para la categor\u00eda XC2, la composici\u00f3n y marca de la mezcla de hormig\u00f3n debe modificarse en consecuencia.<\/p>\n\n\n\n<p>hw \u2013 nivel del agua por debajo del nivel del suelo.<\/p>\n\n\n\n<p>Esbozo de fundaci\u00f3n<\/p>\n<\/div>\n<\/div>\n","protected":false},"excerpt":{"rendered":"<p>Informaci\u00f3n del Producto Speed \u200b\u200b\u200b\u200bchasis &#8211; fundamento r\u00e1pido es una soluci\u00f3n \u00fanica que se utiliza para anclar e instalar nuevos dep\u00f3sitos subterr\u00e1neos en la excavaci\u00f3n. El marco de fundamento con refuerzo hecho en la planta de producci\u00f3n se une al tanque con lazos est\u00e1ndar. Esto permite colocar el dep\u00f3sito directamente desde el cami\u00f3n en la [&hellip;]?<\/p>\n","protected":false},"author":1,"featured_media":0,"parent":498,"menu_order":0,"comment_status":"closed","ping_status":"closed","template":"page-products-with-second-menu.php","meta":{"_acf_changed":false,"footnotes":""},"class_list":["post-500","page","type-page","status-publish","hentry"],"acf":[],"yoast_head":"<!-- This site is optimized with the Yoast SEO plugin v26.1.1 - https:\/\/yoast.com\/wordpress\/plugins\/seo\/ -->\n<title>Speed chassis Fundamento r\u00e1pido - CGH Group Sp. z o.o.<\/title>\n<meta name=\"robots\" content=\"index, follow, max-snippet:-1, max-image-preview:large, max-video-preview:-1\" \/>\n<link rel=\"canonical\" href=\"https:\/\/cgh.com.pl\/es\/accesories\/sistemas-de-anclaje\/speed-chassis-fundamento-rapido\" \/>\n<meta property=\"og:locale\" content=\"es_ES\" \/>\n<meta property=\"og:type\" content=\"article\" \/>\n<meta property=\"og:title\" content=\"Speed chassis Fundamento r\u00e1pido - CGH Group Sp. z o.o.\" \/>\n<meta property=\"og:description\" content=\"Informaci\u00f3n del Producto Speed \u200b\u200b\u200b\u200bchasis &#8211; fundamento r\u00e1pido es una soluci\u00f3n \u00fanica que se utiliza para anclar e instalar nuevos dep\u00f3sitos subterr\u00e1neos en la excavaci\u00f3n. El marco de fundamento con refuerzo hecho en la planta de producci\u00f3n se une al tanque con lazos est\u00e1ndar. Esto permite colocar el dep\u00f3sito directamente desde el cami\u00f3n en la [&hellip;]?\" \/>\n<meta property=\"og:url\" content=\"https:\/\/cgh.com.pl\/es\/accesories\/sistemas-de-anclaje\/speed-chassis-fundamento-rapido\" \/>\n<meta property=\"og:site_name\" content=\"CGH Group Sp. z o.o.\" \/>\n<meta property=\"article:publisher\" content=\"https:\/\/www.facebook.com\/cghpolska\" \/>\n<meta property=\"article:modified_time\" content=\"2023-05-22T20:11:09+00:00\" \/>\n<meta property=\"og:image\" content=\"https:\/\/cgh.com.pl\/es\/wp-content\/uploads\/2021\/06\/Speed-chassis-fast_foundation-1.jpg\" \/>\n<meta name=\"twitter:card\" content=\"summary_large_image\" \/>\n<meta name=\"twitter:label1\" content=\"Tiempo de lectura\" \/>\n\t<meta name=\"twitter:data1\" content=\"3 minutos\" \/>\n<script type=\"application\/ld+json\" class=\"yoast-schema-graph\">{\"@context\":\"https:\/\/schema.org\",\"@graph\":[{\"@type\":\"WebPage\",\"@id\":\"https:\/\/cgh.com.pl\/es\/accesories\/sistemas-de-anclaje\/speed-chassis-fundamento-rapido\",\"url\":\"https:\/\/cgh.com.pl\/es\/accesories\/sistemas-de-anclaje\/speed-chassis-fundamento-rapido\",\"name\":\"Speed chassis Fundamento r\u00e1pido - CGH Group Sp. z o.o.\",\"isPartOf\":{\"@id\":\"https:\/\/cgh.com.pl\/es\/#website\"},\"primaryImageOfPage\":{\"@id\":\"https:\/\/cgh.com.pl\/es\/accesories\/sistemas-de-anclaje\/speed-chassis-fundamento-rapido#primaryimage\"},\"image\":{\"@id\":\"https:\/\/cgh.com.pl\/es\/accesories\/sistemas-de-anclaje\/speed-chassis-fundamento-rapido#primaryimage\"},\"thumbnailUrl\":\"https:\/\/cgh.com.pl\/es\/wp-content\/uploads\/2021\/06\/Speed-chassis-fast_foundation-1.jpg\",\"datePublished\":\"2020-12-07T23:02:06+00:00\",\"dateModified\":\"2023-05-22T20:11:09+00:00\",\"breadcrumb\":{\"@id\":\"https:\/\/cgh.com.pl\/es\/accesories\/sistemas-de-anclaje\/speed-chassis-fundamento-rapido#breadcrumb\"},\"inLanguage\":\"es\",\"potentialAction\":[{\"@type\":\"ReadAction\",\"target\":[\"https:\/\/cgh.com.pl\/es\/accesories\/sistemas-de-anclaje\/speed-chassis-fundamento-rapido\"]}]},{\"@type\":\"ImageObject\",\"inLanguage\":\"es\",\"@id\":\"https:\/\/cgh.com.pl\/es\/accesories\/sistemas-de-anclaje\/speed-chassis-fundamento-rapido#primaryimage\",\"url\":\"https:\/\/cgh.com.pl\/es\/wp-content\/uploads\/2021\/06\/Speed-chassis-fast_foundation-1.jpg\",\"contentUrl\":\"https:\/\/cgh.com.pl\/es\/wp-content\/uploads\/2021\/06\/Speed-chassis-fast_foundation-1.jpg\",\"width\":450,\"height\":338,\"caption\":\"Speed chassis fast foundation\"},{\"@type\":\"BreadcrumbList\",\"@id\":\"https:\/\/cgh.com.pl\/es\/accesories\/sistemas-de-anclaje\/speed-chassis-fundamento-rapido#breadcrumb\",\"itemListElement\":[{\"@type\":\"ListItem\",\"position\":1,\"name\":\"Strona g\u0142\u00f3wna\",\"item\":\"https:\/\/cgh.com.pl\/es\/\"},{\"@type\":\"ListItem\",\"position\":2,\"name\":\"Accesorios\",\"item\":\"https:\/\/cgh.com.pl\/es\/accesories\"},{\"@type\":\"ListItem\",\"position\":3,\"name\":\"Sistemas de anclaje\",\"item\":\"https:\/\/cgh.com.pl\/es\/accesories\/sistemas-de-anclaje\"},{\"@type\":\"ListItem\",\"position\":4,\"name\":\"Speed chassis Fundamento r\u00e1pido\"}]},{\"@type\":\"WebSite\",\"@id\":\"https:\/\/cgh.com.pl\/es\/#website\",\"url\":\"https:\/\/cgh.com.pl\/es\/\",\"name\":\"CGH Group Sp. z o.o.\",\"description\":\"\",\"publisher\":{\"@id\":\"https:\/\/cgh.com.pl\/es\/#organization\"},\"alternateName\":\"Ingenier\u00eda, desarrollo y fabricaci\u00f3n de dep\u00f3sitos de GLP, industriales, combustibles, agua, a presi\u00f3n y acero inoxidable - CGH Group\",\"potentialAction\":[{\"@type\":\"SearchAction\",\"target\":{\"@type\":\"EntryPoint\",\"urlTemplate\":\"https:\/\/cgh.com.pl\/es\/?s={search_term_string}\"},\"query-input\":{\"@type\":\"PropertyValueSpecification\",\"valueRequired\":true,\"valueName\":\"search_term_string\"}}],\"inLanguage\":\"es\"},{\"@type\":\"Organization\",\"@id\":\"https:\/\/cgh.com.pl\/es\/#organization\",\"name\":\"CGH Group Sp. z o.o.\",\"url\":\"https:\/\/cgh.com.pl\/es\/\",\"logo\":{\"@type\":\"ImageObject\",\"inLanguage\":\"es\",\"@id\":\"https:\/\/cgh.com.pl\/es\/#\/schema\/logo\/image\/\",\"url\":\"https:\/\/cgh.com.pl\/es\/wp-content\/uploads\/2023\/05\/logoCGH.png\",\"contentUrl\":\"https:\/\/cgh.com.pl\/es\/wp-content\/uploads\/2023\/05\/logoCGH.png\",\"width\":449,\"height\":162,\"caption\":\"CGH Group Sp. z o.o.\"},\"image\":{\"@id\":\"https:\/\/cgh.com.pl\/es\/#\/schema\/logo\/image\/\"},\"sameAs\":[\"https:\/\/www.facebook.com\/cghpolska\",\"https:\/\/www.youtube.com\/channel\/UCe9uW1n0tEj_ZJOEtHIHGQw\"]}]}<\/script>\n<!-- \/ Yoast SEO plugin. -->","yoast_head_json":{"title":"Speed chassis Fundamento r\u00e1pido - CGH Group Sp. z o.o.","robots":{"index":"index","follow":"follow","max-snippet":"max-snippet:-1","max-image-preview":"max-image-preview:large","max-video-preview":"max-video-preview:-1"},"canonical":"https:\/\/cgh.com.pl\/es\/accesories\/sistemas-de-anclaje\/speed-chassis-fundamento-rapido","og_locale":"es_ES","og_type":"article","og_title":"Speed chassis Fundamento r\u00e1pido - CGH Group Sp. z o.o.","og_description":"Informaci\u00f3n del Producto Speed \u200b\u200b\u200b\u200bchasis &#8211; fundamento r\u00e1pido es una soluci\u00f3n \u00fanica que se utiliza para anclar e instalar nuevos dep\u00f3sitos subterr\u00e1neos en la excavaci\u00f3n. El marco de fundamento con refuerzo hecho en la planta de producci\u00f3n se une al tanque con lazos est\u00e1ndar. Esto permite colocar el dep\u00f3sito directamente desde el cami\u00f3n en la [&hellip;]?","og_url":"https:\/\/cgh.com.pl\/es\/accesories\/sistemas-de-anclaje\/speed-chassis-fundamento-rapido","og_site_name":"CGH Group Sp. z o.o.","article_publisher":"https:\/\/www.facebook.com\/cghpolska","article_modified_time":"2023-05-22T20:11:09+00:00","og_image":[{"url":"https:\/\/cgh.com.pl\/es\/wp-content\/uploads\/2021\/06\/Speed-chassis-fast_foundation-1.jpg","type":"","width":"","height":""}],"twitter_card":"summary_large_image","twitter_misc":{"Tiempo de lectura":"3 minutos"},"schema":{"@context":"https:\/\/schema.org","@graph":[{"@type":"WebPage","@id":"https:\/\/cgh.com.pl\/es\/accesories\/sistemas-de-anclaje\/speed-chassis-fundamento-rapido","url":"https:\/\/cgh.com.pl\/es\/accesories\/sistemas-de-anclaje\/speed-chassis-fundamento-rapido","name":"Speed chassis Fundamento r\u00e1pido - CGH Group Sp. z o.o.","isPartOf":{"@id":"https:\/\/cgh.com.pl\/es\/#website"},"primaryImageOfPage":{"@id":"https:\/\/cgh.com.pl\/es\/accesories\/sistemas-de-anclaje\/speed-chassis-fundamento-rapido#primaryimage"},"image":{"@id":"https:\/\/cgh.com.pl\/es\/accesories\/sistemas-de-anclaje\/speed-chassis-fundamento-rapido#primaryimage"},"thumbnailUrl":"https:\/\/cgh.com.pl\/es\/wp-content\/uploads\/2021\/06\/Speed-chassis-fast_foundation-1.jpg","datePublished":"2020-12-07T23:02:06+00:00","dateModified":"2023-05-22T20:11:09+00:00","breadcrumb":{"@id":"https:\/\/cgh.com.pl\/es\/accesories\/sistemas-de-anclaje\/speed-chassis-fundamento-rapido#breadcrumb"},"inLanguage":"es","potentialAction":[{"@type":"ReadAction","target":["https:\/\/cgh.com.pl\/es\/accesories\/sistemas-de-anclaje\/speed-chassis-fundamento-rapido"]}]},{"@type":"ImageObject","inLanguage":"es","@id":"https:\/\/cgh.com.pl\/es\/accesories\/sistemas-de-anclaje\/speed-chassis-fundamento-rapido#primaryimage","url":"https:\/\/cgh.com.pl\/es\/wp-content\/uploads\/2021\/06\/Speed-chassis-fast_foundation-1.jpg","contentUrl":"https:\/\/cgh.com.pl\/es\/wp-content\/uploads\/2021\/06\/Speed-chassis-fast_foundation-1.jpg","width":450,"height":338,"caption":"Speed chassis fast foundation"},{"@type":"BreadcrumbList","@id":"https:\/\/cgh.com.pl\/es\/accesories\/sistemas-de-anclaje\/speed-chassis-fundamento-rapido#breadcrumb","itemListElement":[{"@type":"ListItem","position":1,"name":"Strona g\u0142\u00f3wna","item":"https:\/\/cgh.com.pl\/es\/"},{"@type":"ListItem","position":2,"name":"Accesorios","item":"https:\/\/cgh.com.pl\/es\/accesories"},{"@type":"ListItem","position":3,"name":"Sistemas de anclaje","item":"https:\/\/cgh.com.pl\/es\/accesories\/sistemas-de-anclaje"},{"@type":"ListItem","position":4,"name":"Speed chassis Fundamento r\u00e1pido"}]},{"@type":"WebSite","@id":"https:\/\/cgh.com.pl\/es\/#website","url":"https:\/\/cgh.com.pl\/es\/","name":"CGH Group Sp. z o.o.","description":"","publisher":{"@id":"https:\/\/cgh.com.pl\/es\/#organization"},"alternateName":"Ingenier\u00eda, desarrollo y fabricaci\u00f3n de dep\u00f3sitos de GLP, industriales, combustibles, agua, a presi\u00f3n y acero inoxidable - CGH Group","potentialAction":[{"@type":"SearchAction","target":{"@type":"EntryPoint","urlTemplate":"https:\/\/cgh.com.pl\/es\/?s={search_term_string}"},"query-input":{"@type":"PropertyValueSpecification","valueRequired":true,"valueName":"search_term_string"}}],"inLanguage":"es"},{"@type":"Organization","@id":"https:\/\/cgh.com.pl\/es\/#organization","name":"CGH Group Sp. z o.o.","url":"https:\/\/cgh.com.pl\/es\/","logo":{"@type":"ImageObject","inLanguage":"es","@id":"https:\/\/cgh.com.pl\/es\/#\/schema\/logo\/image\/","url":"https:\/\/cgh.com.pl\/es\/wp-content\/uploads\/2023\/05\/logoCGH.png","contentUrl":"https:\/\/cgh.com.pl\/es\/wp-content\/uploads\/2023\/05\/logoCGH.png","width":449,"height":162,"caption":"CGH Group Sp. z o.o."},"image":{"@id":"https:\/\/cgh.com.pl\/es\/#\/schema\/logo\/image\/"},"sameAs":["https:\/\/www.facebook.com\/cghpolska","https:\/\/www.youtube.com\/channel\/UCe9uW1n0tEj_ZJOEtHIHGQw"]}]}},"_links":{"self":[{"href":"https:\/\/cgh.com.pl\/es\/wp-json\/wp\/v2\/pages\/500","targetHints":{"allow":["GET"]}}],"collection":[{"href":"https:\/\/cgh.com.pl\/es\/wp-json\/wp\/v2\/pages"}],"about":[{"href":"https:\/\/cgh.com.pl\/es\/wp-json\/wp\/v2\/types\/page"}],"author":[{"embeddable":true,"href":"https:\/\/cgh.com.pl\/es\/wp-json\/wp\/v2\/users\/1"}],"replies":[{"embeddable":true,"href":"https:\/\/cgh.com.pl\/es\/wp-json\/wp\/v2\/comments?post=500"}],"version-history":[{"count":11,"href":"https:\/\/cgh.com.pl\/es\/wp-json\/wp\/v2\/pages\/500\/revisions"}],"predecessor-version":[{"id":4973,"href":"https:\/\/cgh.com.pl\/es\/wp-json\/wp\/v2\/pages\/500\/revisions\/4973"}],"up":[{"embeddable":true,"href":"https:\/\/cgh.com.pl\/es\/wp-json\/wp\/v2\/pages\/498"}],"wp:attachment":[{"href":"https:\/\/cgh.com.pl\/es\/wp-json\/wp\/v2\/media?parent=500"}],"curies":[{"name":"wp","href":"https:\/\/api.w.org\/{rel}","templated":true}]}}