{"id":5009,"date":"2023-05-22T22:55:57","date_gmt":"2023-05-22T20:55:57","guid":{"rendered":"https:\/\/cgh.com.pl\/es\/?page_id=5009"},"modified":"2023-05-22T22:55:57","modified_gmt":"2023-05-22T20:55:57","slug":"nueva-inversion-de-cgh-polska-es-la-instalacion-mas-moderna-de-este-tipo-en-polonia","status":"publish","type":"page","link":"https:\/\/cgh.com.pl\/es\/nueva-inversion-de-cgh-polska-es-la-instalacion-mas-moderna-de-este-tipo-en-polonia","title":{"rendered":"Nueva inversi\u00f3n de CGH Polska. Es la instalaci\u00f3n m\u00e1s moderna de este tipo en Polonia."},"content":{"rendered":"\n<p>06.2020<\/p>\n\n\n<div class=\"wp-block-image\">\n<figure class=\"aligncenter size-full\"><img decoding=\"async\" width=\"600\" height=\"400\" data-src=\"https:\/\/cgh.com.pl\/es\/wp-content\/uploads\/2023\/05\/CGH-Polska-siedziba.jpg\" alt=\"\" class=\"wp-image-5002 img-fluid lazyload\" data-srcset=\"https:\/\/cgh.com.pl\/es\/wp-content\/uploads\/2023\/05\/CGH-Polska-siedziba.jpg 600w, https:\/\/cgh.com.pl\/es\/wp-content\/uploads\/2023\/05\/CGH-Polska-siedziba-300x200.jpg 300w\" data-sizes=\"(max-width: 600px) 100vw, 600px\" src=\"data:image\/svg+xml;base64,PHN2ZyB3aWR0aD0iMSIgaGVpZ2h0PSIxIiB4bWxucz0iaHR0cDovL3d3dy53My5vcmcvMjAwMC9zdmciPjwvc3ZnPg==\" style=\"--smush-placeholder-width: 600px; --smush-placeholder-aspect-ratio: 600\/400;\" \/><\/figure><\/div>\n\n\n<p>Desde hace unos meses estamos construyendo nueva nave en Osowa G\u00f3ra. La inversi\u00f3n es el resultado del desarrollo din\u00e1mico de CGH Polska.<\/p>\n\n\n\n<p>El din\u00e1mico desarrollo de CGH Polska caus\u00f3 que la empresa decidi\u00f3 ampliar la planta. Actualmente, se est\u00e1 construyendo un moderno taller de pintura con una \u00e1rea de 2650 m<sup>2<\/sup> en la calle Srebrna con una parte t\u00e9cnica, un almac\u00e9n de pintura multitonelada, una sala de mezcla de pintura y sala para personal. Su construcci\u00f3n fue causada por el creciente n\u00famero de pedidos y la necesidad de sistematizar el proceso de fabricaci\u00f3n de dep\u00f3sitos. Una de las l\u00edneas se dedicar\u00e1 por completo a la producci\u00f3n de dep\u00f3sitos subterr\u00e1neos, que representan casi la mitad de la producci\u00f3n de la planta de Bydgoszcz.<\/p>\n","protected":false},"excerpt":{"rendered":"<p>06.2020 Desde hace unos meses estamos construyendo nueva nave en Osowa G\u00f3ra. La inversi\u00f3n es el resultado del desarrollo din\u00e1mico de CGH Polska. El din\u00e1mico desarrollo de CGH Polska caus\u00f3 que la empresa decidi\u00f3 ampliar la planta. Actualmente, se est\u00e1 construyendo un moderno taller de pintura con una \u00e1rea de 2650 m2 en la calle [&hellip;]?<\/p>\n","protected":false},"author":1,"featured_media":0,"parent":0,"menu_order":0,"comment_status":"closed","ping_status":"closed","template":"","meta":{"_acf_changed":false,"footnotes":""},"class_list":["post-5009","page","type-page","status-publish","hentry"],"acf":[],"yoast_head":"<!-- This site is optimized with the Yoast SEO plugin v26.1.1 - https:\/\/yoast.com\/wordpress\/plugins\/seo\/ -->\n<title>Nueva inversi\u00f3n de CGH Polska. Es la instalaci\u00f3n m\u00e1s moderna de este tipo en Polonia. - CGH Group Sp. z o.o.<\/title>\n<meta name=\"robots\" content=\"index, follow, max-snippet:-1, max-image-preview:large, max-video-preview:-1\" \/>\n<link rel=\"canonical\" href=\"https:\/\/cgh.com.pl\/es\/nueva-inversion-de-cgh-polska-es-la-instalacion-mas-moderna-de-este-tipo-en-polonia\" \/>\n<meta property=\"og:locale\" content=\"es_ES\" \/>\n<meta property=\"og:type\" content=\"article\" \/>\n<meta property=\"og:title\" content=\"Nueva inversi\u00f3n de CGH Polska. Es la instalaci\u00f3n m\u00e1s moderna de este tipo en Polonia. - CGH Group Sp. z o.o.\" \/>\n<meta property=\"og:description\" content=\"06.2020 Desde hace unos meses estamos construyendo nueva nave en Osowa G\u00f3ra. La inversi\u00f3n es el resultado del desarrollo din\u00e1mico de CGH Polska. El din\u00e1mico desarrollo de CGH Polska caus\u00f3 que la empresa decidi\u00f3 ampliar la planta. Actualmente, se est\u00e1 construyendo un moderno taller de pintura con una \u00e1rea de 2650 m2 en la calle [&hellip;]?\" \/>\n<meta property=\"og:url\" content=\"https:\/\/cgh.com.pl\/es\/nueva-inversion-de-cgh-polska-es-la-instalacion-mas-moderna-de-este-tipo-en-polonia\" \/>\n<meta property=\"og:site_name\" content=\"CGH Group Sp. z o.o.\" \/>\n<meta property=\"article:publisher\" content=\"https:\/\/www.facebook.com\/cghpolska\" \/>\n<meta property=\"og:image\" content=\"https:\/\/cgh.com.pl\/es\/wp-content\/uploads\/2023\/05\/CGH-Polska-siedziba.jpg\" \/>\n<meta name=\"twitter:card\" content=\"summary_large_image\" \/>\n<meta name=\"twitter:label1\" content=\"Tiempo de lectura\" \/>\n\t<meta name=\"twitter:data1\" content=\"1 minuto\" \/>\n<script type=\"application\/ld+json\" class=\"yoast-schema-graph\">{\"@context\":\"https:\/\/schema.org\",\"@graph\":[{\"@type\":\"WebPage\",\"@id\":\"https:\/\/cgh.com.pl\/es\/nueva-inversion-de-cgh-polska-es-la-instalacion-mas-moderna-de-este-tipo-en-polonia\",\"url\":\"https:\/\/cgh.com.pl\/es\/nueva-inversion-de-cgh-polska-es-la-instalacion-mas-moderna-de-este-tipo-en-polonia\",\"name\":\"Nueva inversi\u00f3n de CGH Polska. Es la instalaci\u00f3n m\u00e1s moderna de este tipo en Polonia. - CGH Group Sp. z o.o.\",\"isPartOf\":{\"@id\":\"https:\/\/cgh.com.pl\/es\/#website\"},\"primaryImageOfPage\":{\"@id\":\"https:\/\/cgh.com.pl\/es\/nueva-inversion-de-cgh-polska-es-la-instalacion-mas-moderna-de-este-tipo-en-polonia#primaryimage\"},\"image\":{\"@id\":\"https:\/\/cgh.com.pl\/es\/nueva-inversion-de-cgh-polska-es-la-instalacion-mas-moderna-de-este-tipo-en-polonia#primaryimage\"},\"thumbnailUrl\":\"https:\/\/cgh.com.pl\/es\/wp-content\/uploads\/2023\/05\/CGH-Polska-siedziba.jpg\",\"datePublished\":\"2023-05-22T20:55:57+00:00\",\"breadcrumb\":{\"@id\":\"https:\/\/cgh.com.pl\/es\/nueva-inversion-de-cgh-polska-es-la-instalacion-mas-moderna-de-este-tipo-en-polonia#breadcrumb\"},\"inLanguage\":\"es\",\"potentialAction\":[{\"@type\":\"ReadAction\",\"target\":[\"https:\/\/cgh.com.pl\/es\/nueva-inversion-de-cgh-polska-es-la-instalacion-mas-moderna-de-este-tipo-en-polonia\"]}]},{\"@type\":\"ImageObject\",\"inLanguage\":\"es\",\"@id\":\"https:\/\/cgh.com.pl\/es\/nueva-inversion-de-cgh-polska-es-la-instalacion-mas-moderna-de-este-tipo-en-polonia#primaryimage\",\"url\":\"https:\/\/cgh.com.pl\/es\/wp-content\/uploads\/2023\/05\/CGH-Polska-siedziba.jpg\",\"contentUrl\":\"https:\/\/cgh.com.pl\/es\/wp-content\/uploads\/2023\/05\/CGH-Polska-siedziba.jpg\",\"width\":600,\"height\":400,\"caption\":\"DCIM100MEDIADJI_0271.JPG\"},{\"@type\":\"BreadcrumbList\",\"@id\":\"https:\/\/cgh.com.pl\/es\/nueva-inversion-de-cgh-polska-es-la-instalacion-mas-moderna-de-este-tipo-en-polonia#breadcrumb\",\"itemListElement\":[{\"@type\":\"ListItem\",\"position\":1,\"name\":\"Strona g\u0142\u00f3wna\",\"item\":\"https:\/\/cgh.com.pl\/es\/\"},{\"@type\":\"ListItem\",\"position\":2,\"name\":\"Nueva inversi\u00f3n de CGH Polska. Es la instalaci\u00f3n m\u00e1s moderna de este tipo en Polonia.\"}]},{\"@type\":\"WebSite\",\"@id\":\"https:\/\/cgh.com.pl\/es\/#website\",\"url\":\"https:\/\/cgh.com.pl\/es\/\",\"name\":\"CGH Group Sp. z o.o.\",\"description\":\"\",\"publisher\":{\"@id\":\"https:\/\/cgh.com.pl\/es\/#organization\"},\"alternateName\":\"Ingenier\u00eda, desarrollo y fabricaci\u00f3n de dep\u00f3sitos de GLP, industriales, combustibles, agua, a presi\u00f3n y acero inoxidable - CGH Group\",\"potentialAction\":[{\"@type\":\"SearchAction\",\"target\":{\"@type\":\"EntryPoint\",\"urlTemplate\":\"https:\/\/cgh.com.pl\/es\/?s={search_term_string}\"},\"query-input\":{\"@type\":\"PropertyValueSpecification\",\"valueRequired\":true,\"valueName\":\"search_term_string\"}}],\"inLanguage\":\"es\"},{\"@type\":\"Organization\",\"@id\":\"https:\/\/cgh.com.pl\/es\/#organization\",\"name\":\"CGH Group Sp. z o.o.\",\"url\":\"https:\/\/cgh.com.pl\/es\/\",\"logo\":{\"@type\":\"ImageObject\",\"inLanguage\":\"es\",\"@id\":\"https:\/\/cgh.com.pl\/es\/#\/schema\/logo\/image\/\",\"url\":\"https:\/\/cgh.com.pl\/es\/wp-content\/uploads\/2023\/05\/logoCGH.png\",\"contentUrl\":\"https:\/\/cgh.com.pl\/es\/wp-content\/uploads\/2023\/05\/logoCGH.png\",\"width\":449,\"height\":162,\"caption\":\"CGH Group Sp. z o.o.\"},\"image\":{\"@id\":\"https:\/\/cgh.com.pl\/es\/#\/schema\/logo\/image\/\"},\"sameAs\":[\"https:\/\/www.facebook.com\/cghpolska\",\"https:\/\/www.youtube.com\/channel\/UCe9uW1n0tEj_ZJOEtHIHGQw\"]}]}<\/script>\n<!-- \/ Yoast SEO plugin. -->","yoast_head_json":{"title":"Nueva inversi\u00f3n de CGH Polska. Es la instalaci\u00f3n m\u00e1s moderna de este tipo en Polonia. - CGH Group Sp. z o.o.","robots":{"index":"index","follow":"follow","max-snippet":"max-snippet:-1","max-image-preview":"max-image-preview:large","max-video-preview":"max-video-preview:-1"},"canonical":"https:\/\/cgh.com.pl\/es\/nueva-inversion-de-cgh-polska-es-la-instalacion-mas-moderna-de-este-tipo-en-polonia","og_locale":"es_ES","og_type":"article","og_title":"Nueva inversi\u00f3n de CGH Polska. Es la instalaci\u00f3n m\u00e1s moderna de este tipo en Polonia. - CGH Group Sp. z o.o.","og_description":"06.2020 Desde hace unos meses estamos construyendo nueva nave en Osowa G\u00f3ra. La inversi\u00f3n es el resultado del desarrollo din\u00e1mico de CGH Polska. El din\u00e1mico desarrollo de CGH Polska caus\u00f3 que la empresa decidi\u00f3 ampliar la planta. Actualmente, se est\u00e1 construyendo un moderno taller de pintura con una \u00e1rea de 2650 m2 en la calle [&hellip;]?","og_url":"https:\/\/cgh.com.pl\/es\/nueva-inversion-de-cgh-polska-es-la-instalacion-mas-moderna-de-este-tipo-en-polonia","og_site_name":"CGH Group Sp. z o.o.","article_publisher":"https:\/\/www.facebook.com\/cghpolska","og_image":[{"url":"https:\/\/cgh.com.pl\/es\/wp-content\/uploads\/2023\/05\/CGH-Polska-siedziba.jpg","type":"","width":"","height":""}],"twitter_card":"summary_large_image","twitter_misc":{"Tiempo de lectura":"1 minuto"},"schema":{"@context":"https:\/\/schema.org","@graph":[{"@type":"WebPage","@id":"https:\/\/cgh.com.pl\/es\/nueva-inversion-de-cgh-polska-es-la-instalacion-mas-moderna-de-este-tipo-en-polonia","url":"https:\/\/cgh.com.pl\/es\/nueva-inversion-de-cgh-polska-es-la-instalacion-mas-moderna-de-este-tipo-en-polonia","name":"Nueva inversi\u00f3n de CGH Polska. Es la instalaci\u00f3n m\u00e1s moderna de este tipo en Polonia. - CGH Group Sp. z o.o.","isPartOf":{"@id":"https:\/\/cgh.com.pl\/es\/#website"},"primaryImageOfPage":{"@id":"https:\/\/cgh.com.pl\/es\/nueva-inversion-de-cgh-polska-es-la-instalacion-mas-moderna-de-este-tipo-en-polonia#primaryimage"},"image":{"@id":"https:\/\/cgh.com.pl\/es\/nueva-inversion-de-cgh-polska-es-la-instalacion-mas-moderna-de-este-tipo-en-polonia#primaryimage"},"thumbnailUrl":"https:\/\/cgh.com.pl\/es\/wp-content\/uploads\/2023\/05\/CGH-Polska-siedziba.jpg","datePublished":"2023-05-22T20:55:57+00:00","breadcrumb":{"@id":"https:\/\/cgh.com.pl\/es\/nueva-inversion-de-cgh-polska-es-la-instalacion-mas-moderna-de-este-tipo-en-polonia#breadcrumb"},"inLanguage":"es","potentialAction":[{"@type":"ReadAction","target":["https:\/\/cgh.com.pl\/es\/nueva-inversion-de-cgh-polska-es-la-instalacion-mas-moderna-de-este-tipo-en-polonia"]}]},{"@type":"ImageObject","inLanguage":"es","@id":"https:\/\/cgh.com.pl\/es\/nueva-inversion-de-cgh-polska-es-la-instalacion-mas-moderna-de-este-tipo-en-polonia#primaryimage","url":"https:\/\/cgh.com.pl\/es\/wp-content\/uploads\/2023\/05\/CGH-Polska-siedziba.jpg","contentUrl":"https:\/\/cgh.com.pl\/es\/wp-content\/uploads\/2023\/05\/CGH-Polska-siedziba.jpg","width":600,"height":400,"caption":"DCIM100MEDIADJI_0271.JPG"},{"@type":"BreadcrumbList","@id":"https:\/\/cgh.com.pl\/es\/nueva-inversion-de-cgh-polska-es-la-instalacion-mas-moderna-de-este-tipo-en-polonia#breadcrumb","itemListElement":[{"@type":"ListItem","position":1,"name":"Strona g\u0142\u00f3wna","item":"https:\/\/cgh.com.pl\/es\/"},{"@type":"ListItem","position":2,"name":"Nueva inversi\u00f3n de CGH Polska. Es la instalaci\u00f3n m\u00e1s moderna de este tipo en Polonia."}]},{"@type":"WebSite","@id":"https:\/\/cgh.com.pl\/es\/#website","url":"https:\/\/cgh.com.pl\/es\/","name":"CGH Group Sp. z o.o.","description":"","publisher":{"@id":"https:\/\/cgh.com.pl\/es\/#organization"},"alternateName":"Ingenier\u00eda, desarrollo y fabricaci\u00f3n de dep\u00f3sitos de GLP, industriales, combustibles, agua, a presi\u00f3n y acero inoxidable - CGH Group","potentialAction":[{"@type":"SearchAction","target":{"@type":"EntryPoint","urlTemplate":"https:\/\/cgh.com.pl\/es\/?s={search_term_string}"},"query-input":{"@type":"PropertyValueSpecification","valueRequired":true,"valueName":"search_term_string"}}],"inLanguage":"es"},{"@type":"Organization","@id":"https:\/\/cgh.com.pl\/es\/#organization","name":"CGH Group Sp. z o.o.","url":"https:\/\/cgh.com.pl\/es\/","logo":{"@type":"ImageObject","inLanguage":"es","@id":"https:\/\/cgh.com.pl\/es\/#\/schema\/logo\/image\/","url":"https:\/\/cgh.com.pl\/es\/wp-content\/uploads\/2023\/05\/logoCGH.png","contentUrl":"https:\/\/cgh.com.pl\/es\/wp-content\/uploads\/2023\/05\/logoCGH.png","width":449,"height":162,"caption":"CGH Group Sp. z o.o."},"image":{"@id":"https:\/\/cgh.com.pl\/es\/#\/schema\/logo\/image\/"},"sameAs":["https:\/\/www.facebook.com\/cghpolska","https:\/\/www.youtube.com\/channel\/UCe9uW1n0tEj_ZJOEtHIHGQw"]}]}},"_links":{"self":[{"href":"https:\/\/cgh.com.pl\/es\/wp-json\/wp\/v2\/pages\/5009","targetHints":{"allow":["GET"]}}],"collection":[{"href":"https:\/\/cgh.com.pl\/es\/wp-json\/wp\/v2\/pages"}],"about":[{"href":"https:\/\/cgh.com.pl\/es\/wp-json\/wp\/v2\/types\/page"}],"author":[{"embeddable":true,"href":"https:\/\/cgh.com.pl\/es\/wp-json\/wp\/v2\/users\/1"}],"replies":[{"embeddable":true,"href":"https:\/\/cgh.com.pl\/es\/wp-json\/wp\/v2\/comments?post=5009"}],"version-history":[{"count":1,"href":"https:\/\/cgh.com.pl\/es\/wp-json\/wp\/v2\/pages\/5009\/revisions"}],"predecessor-version":[{"id":5010,"href":"https:\/\/cgh.com.pl\/es\/wp-json\/wp\/v2\/pages\/5009\/revisions\/5010"}],"wp:attachment":[{"href":"https:\/\/cgh.com.pl\/es\/wp-json\/wp\/v2\/media?parent=5009"}],"curies":[{"name":"wp","href":"https:\/\/api.w.org\/{rel}","templated":true}]}}