{"id":504,"date":"2020-12-08T00:06:59","date_gmt":"2020-12-07T23:06:59","guid":{"rendered":"https:\/\/cgh.com.pl\/es\/?page_id=504"},"modified":"2023-05-22T22:21:34","modified_gmt":"2023-05-22T20:21:34","slug":"cinta-de-fijar","status":"publish","type":"page","link":"https:\/\/cgh.com.pl\/es\/accesories\/sistemas-de-anclaje\/cinta-de-fijar","title":{"rendered":"Cinta de fijar"},"content":{"rendered":"\n<div class=\"wp-block-columns has-2-columns is-layout-flex wp-container-core-columns-is-layout-9d6595d7 wp-block-columns-is-layout-flex\">\n<div class=\"wp-block-column is-layout-flow wp-block-column-is-layout-flow\"><div class=\"wp-block-image\">\n<figure class=\"aligncenter is-resized\"><img decoding=\"async\" width=\"350\" height=\"621\" data-src=\"https:\/\/cgh.com.pl\/es\/wp-content\/uploads\/2021\/06\/Anchor-bands.png\" alt=\"Cinta de fijar \" class=\"wp-image-1823 img-fluid lazyload\" data-srcset=\"https:\/\/cgh.com.pl\/es\/wp-content\/uploads\/2021\/06\/Anchor-bands.png 350w, https:\/\/cgh.com.pl\/es\/wp-content\/uploads\/2021\/06\/Anchor-bands-169x300.png 169w\" data-sizes=\"(max-width: 350px) 100vw, 350px\" src=\"data:image\/svg+xml;base64,PHN2ZyB3aWR0aD0iMSIgaGVpZ2h0PSIxIiB4bWxucz0iaHR0cDovL3d3dy53My5vcmcvMjAwMC9zdmciPjwvc3ZnPg==\" style=\"--smush-placeholder-width: 350px; --smush-placeholder-aspect-ratio: 350\/621;\" \/><\/figure><\/div>\n\n\n<div class=\"photos\">\n<div class=\"first-zoom-photo\"><img decoding=\"async\" data-src=\"https:\/\/cgh.com.pl\/es\/wp-content\/uploads\/2021\/06\/Anchor_bands.jpg\" alt=\"Cinta de fijar\" src=\"data:image\/svg+xml;base64,PHN2ZyB3aWR0aD0iMSIgaGVpZ2h0PSIxIiB4bWxucz0iaHR0cDovL3d3dy53My5vcmcvMjAwMC9zdmciPjwvc3ZnPg==\" class=\"lazyload\" style=\"--smush-placeholder-width: 800px; --smush-placeholder-aspect-ratio: 800\/600;\"><div><\/div>\n<\/div>\n<div class=\"pair\"><img decoding=\"async\" data-src=\"https:\/\/cgh.com.pl\/es\/wp-content\/uploads\/2021\/06\/Anchor.png\" alt=\"Cinta de fijar\" src=\"data:image\/svg+xml;base64,PHN2ZyB3aWR0aD0iMSIgaGVpZ2h0PSIxIiB4bWxucz0iaHR0cDovL3d3dy53My5vcmcvMjAwMC9zdmciPjwvc3ZnPg==\" class=\"lazyload\" style=\"--smush-placeholder-width: 454px; --smush-placeholder-aspect-ratio: 454\/422;\"><div><\/div>\n<div><\/div>\n<\/div>\n<\/div>\n<\/div>\n\n\n\n<div class=\"wp-block-column is-layout-flow wp-block-column-is-layout-flow\">\n<p><strong><strong><strong>Informaci\u00f3n del Producto<\/strong><\/strong><\/strong><\/p>\n\n\n\n<p>Las cintas de fijar protegen el dep\u00f3sito contra su desplazamiento por el agua fre\u00e1tica y, por lo tanto, sirven para fijar el dep\u00f3sito en el suelo.<\/p>\n\n\n\n<p>Los anclajes deben hormigonarse en la placa de hormig\u00f3n armado de los cimientos antes de instalar el dep\u00f3sito. Despu\u00e9s de la cimentaci\u00f3n, las abrazaderas de acero deben fijarse y apretarse a los anclajes.<\/p>\n\n\n\n<p>La superficie aislante del dep\u00f3sito est\u00e1 protegida por almohadillas de goma que se utilizan entre las bandas y el dep\u00f3sito. Todos los elementos de acero est\u00e1n protegidos contra la corrosi\u00f3n por galvanizaci\u00f3n en caliente.<\/p>\n\n\n\n<p>El espaciado de las bandas depende del tama\u00f1o y la estructura del tanque (n\u00famero de bocas de acceso, tama\u00f1o de las c\u00e1maras). El n\u00famero de bandas depende del tama\u00f1o del tanque.<\/p>\n\n\n\n<div class=\"wp-block-image\"><figure class=\"alignleft\"><img decoding=\"async\" data-src=\"https:\/\/cgh.com.pl\/es\/wp-content\/uploads\/2022\/11\/good.png\" alt=\"good\" class=\"wp-image-2828 img-fluid lazyload\" src=\"data:image\/svg+xml;base64,PHN2ZyB3aWR0aD0iMSIgaGVpZ2h0PSIxIiB4bWxucz0iaHR0cDovL3d3dy53My5vcmcvMjAwMC9zdmciPjwvc3ZnPg==\" style=\"--smush-placeholder-width: 22px; --smush-placeholder-aspect-ratio: 22\/21;\"><\/figure><\/div><p>&nbsp; <strong>\nVentajas del dispositivo<\/strong><\/p>\n\n\n\n<ul class=\"wp-block-list\">\n<li>Fijaci\u00f3n r\u00e1pida y eficaz del dep\u00f3sito a la cimentaci\u00f3n<\/li>\n\n\n\n<li>Montaje sencillo, CGH env\u00eda un juego de anclajes para su montaje en obra antes de la entrega del dep\u00f3sito<\/li>\n\n\n\n<li>Todo el sistema est\u00e1 protegido contra la corrosi\u00f3n por galvanizaci\u00f3n<\/li>\n<\/ul>\n\n\n\n<div class=\"wp-block-image\"><figure class=\"alignleft\"><img decoding=\"async\" data-src=\"https:\/\/cgh.com.pl\/es\/wp-content\/uploads\/2022\/11\/advantage.png\" alt=\"advantage\" class=\"wp-image-2827 img-fluid lazyload\" src=\"data:image\/svg+xml;base64,PHN2ZyB3aWR0aD0iMSIgaGVpZ2h0PSIxIiB4bWxucz0iaHR0cDovL3d3dy53My5vcmcvMjAwMC9zdmciPjwvc3ZnPg==\" style=\"--smush-placeholder-width: 22px; --smush-placeholder-aspect-ratio: 22\/22;\"><\/figure><\/div><p><strong>Informaci\u00f3n t\u00e9cnica<\/strong><\/p>\n\n\n\n<p>El conjunto del sistema de anclaje se compone de:<\/p>\n\n\n\n<ul class=\"wp-block-list\">\n<li>Una abrazadera de acero para el sistema de anclaje<\/li>\n\n\n\n<li>separador de goma<\/li>\n\n\n\n<li>Varilla roscada M24<\/li>\n\n\n\n<li>Placa de anclaje con orificio para varilla roscada<\/li>\n\n\n\n<li>Tuercas, arandelas<\/li>\n\n\n\n<li>Entre el dep\u00f3sito y la cimentaci\u00f3n, aplique aislamiento hecho de bet\u00fan u otro material, min. 10 mm.<\/li>\n\n\n\n<li>Entre la banda y el tanque, use el espaciador de goma suministrado con la banda.<\/li>\n\n\n\n<li>Los c\u00e1lculos est\u00e1ticos y de resistencia del anclaje del dep\u00f3sito se realizaron con las siguientes suposiciones:\n<ul class=\"wp-block-list\">\n<li>nivel del agua igual al nivel del suelo<\/li>\n\n\n\n<li>factor de seguridad para la flotabilidad del agua 1.3.<\/li>\n\n\n\n<li>peso volum\u00e9trico del suelo -18 kN\/m<sup>3<\/sup><\/li>\n\n\n\n<li>peso volum\u00e9trico del hormig\u00f3n B20 \u2013 22 kN\/m<sup>3<\/sup><\/li>\n\n\n\n<li>tiempo de inactividad m\u00ednimo \u2013 800 mm<\/li>\n<\/ul>\n<\/li>\n<\/ul>\n<\/div>\n<\/div>\n","protected":false},"excerpt":{"rendered":"<p>Informaci\u00f3n del Producto Las cintas de fijar protegen el dep\u00f3sito contra su desplazamiento por el agua fre\u00e1tica y, por lo tanto, sirven para fijar el dep\u00f3sito en el suelo. Los anclajes deben hormigonarse en la placa de hormig\u00f3n armado de los cimientos antes de instalar el dep\u00f3sito. Despu\u00e9s de la cimentaci\u00f3n, las abrazaderas de acero [&hellip;]?<\/p>\n","protected":false},"author":1,"featured_media":0,"parent":498,"menu_order":0,"comment_status":"closed","ping_status":"closed","template":"page-products-with-second-menu.php","meta":{"_acf_changed":false,"footnotes":""},"class_list":["post-504","page","type-page","status-publish","hentry"],"acf":[],"yoast_head":"<!-- This site is optimized with the Yoast SEO plugin v26.1.1 - https:\/\/yoast.com\/wordpress\/plugins\/seo\/ -->\n<title>Cinta de fijar - CGH Group Sp. z o.o.<\/title>\n<meta name=\"description\" content=\"Opaski kotwi\u0105ce zabezpieczaj\u0105 zbiornik przed jego wyporem przez wody gruntowe, a tym samym s\u0142u\u017c\u0105 do umocowania zbiornika w pod\u0142o\u017cu.\" \/>\n<meta name=\"robots\" content=\"index, follow, max-snippet:-1, max-image-preview:large, max-video-preview:-1\" \/>\n<link rel=\"canonical\" href=\"https:\/\/cgh.com.pl\/es\/accesories\/sistemas-de-anclaje\/cinta-de-fijar\" \/>\n<meta property=\"og:locale\" content=\"es_ES\" \/>\n<meta property=\"og:type\" content=\"article\" \/>\n<meta property=\"og:title\" content=\"Cinta de fijar - CGH Group Sp. z o.o.\" \/>\n<meta property=\"og:description\" content=\"Opaski kotwi\u0105ce zabezpieczaj\u0105 zbiornik przed jego wyporem przez wody gruntowe, a tym samym s\u0142u\u017c\u0105 do umocowania zbiornika w pod\u0142o\u017cu.\" \/>\n<meta property=\"og:url\" content=\"https:\/\/cgh.com.pl\/es\/accesories\/sistemas-de-anclaje\/cinta-de-fijar\" \/>\n<meta property=\"og:site_name\" content=\"CGH Group Sp. z o.o.\" \/>\n<meta property=\"article:publisher\" content=\"https:\/\/www.facebook.com\/cghpolska\" \/>\n<meta property=\"article:modified_time\" content=\"2023-05-22T20:21:34+00:00\" \/>\n<meta property=\"og:image\" content=\"https:\/\/cgh.com.pl\/es\/wp-content\/uploads\/2021\/06\/Anchor-bands.png\" \/>\n<meta name=\"twitter:card\" content=\"summary_large_image\" \/>\n<meta name=\"twitter:label1\" content=\"Tiempo de lectura\" \/>\n\t<meta name=\"twitter:data1\" content=\"2 minutos\" \/>\n<script type=\"application\/ld+json\" class=\"yoast-schema-graph\">{\"@context\":\"https:\/\/schema.org\",\"@graph\":[{\"@type\":\"WebPage\",\"@id\":\"https:\/\/cgh.com.pl\/es\/accesories\/sistemas-de-anclaje\/cinta-de-fijar\",\"url\":\"https:\/\/cgh.com.pl\/es\/accesories\/sistemas-de-anclaje\/cinta-de-fijar\",\"name\":\"Cinta de fijar - CGH Group Sp. z o.o.\",\"isPartOf\":{\"@id\":\"https:\/\/cgh.com.pl\/es\/#website\"},\"primaryImageOfPage\":{\"@id\":\"https:\/\/cgh.com.pl\/es\/accesories\/sistemas-de-anclaje\/cinta-de-fijar#primaryimage\"},\"image\":{\"@id\":\"https:\/\/cgh.com.pl\/es\/accesories\/sistemas-de-anclaje\/cinta-de-fijar#primaryimage\"},\"thumbnailUrl\":\"https:\/\/cgh.com.pl\/es\/wp-content\/uploads\/2021\/06\/Anchor-bands.png\",\"datePublished\":\"2020-12-07T23:06:59+00:00\",\"dateModified\":\"2023-05-22T20:21:34+00:00\",\"description\":\"Opaski kotwi\u0105ce zabezpieczaj\u0105 zbiornik przed jego wyporem przez wody gruntowe, a tym samym s\u0142u\u017c\u0105 do umocowania zbiornika w pod\u0142o\u017cu.\",\"breadcrumb\":{\"@id\":\"https:\/\/cgh.com.pl\/es\/accesories\/sistemas-de-anclaje\/cinta-de-fijar#breadcrumb\"},\"inLanguage\":\"es\",\"potentialAction\":[{\"@type\":\"ReadAction\",\"target\":[\"https:\/\/cgh.com.pl\/es\/accesories\/sistemas-de-anclaje\/cinta-de-fijar\"]}]},{\"@type\":\"ImageObject\",\"inLanguage\":\"es\",\"@id\":\"https:\/\/cgh.com.pl\/es\/accesories\/sistemas-de-anclaje\/cinta-de-fijar#primaryimage\",\"url\":\"https:\/\/cgh.com.pl\/es\/wp-content\/uploads\/2021\/06\/Anchor-bands.png\",\"contentUrl\":\"https:\/\/cgh.com.pl\/es\/wp-content\/uploads\/2021\/06\/Anchor-bands.png\",\"width\":350,\"height\":621,\"caption\":\"Anchor bands\"},{\"@type\":\"BreadcrumbList\",\"@id\":\"https:\/\/cgh.com.pl\/es\/accesories\/sistemas-de-anclaje\/cinta-de-fijar#breadcrumb\",\"itemListElement\":[{\"@type\":\"ListItem\",\"position\":1,\"name\":\"Strona g\u0142\u00f3wna\",\"item\":\"https:\/\/cgh.com.pl\/es\/\"},{\"@type\":\"ListItem\",\"position\":2,\"name\":\"Accesorios\",\"item\":\"https:\/\/cgh.com.pl\/es\/accesories\"},{\"@type\":\"ListItem\",\"position\":3,\"name\":\"Sistemas de anclaje\",\"item\":\"https:\/\/cgh.com.pl\/es\/accesories\/sistemas-de-anclaje\"},{\"@type\":\"ListItem\",\"position\":4,\"name\":\"Cinta de fijar\"}]},{\"@type\":\"WebSite\",\"@id\":\"https:\/\/cgh.com.pl\/es\/#website\",\"url\":\"https:\/\/cgh.com.pl\/es\/\",\"name\":\"CGH Group Sp. z o.o.\",\"description\":\"\",\"publisher\":{\"@id\":\"https:\/\/cgh.com.pl\/es\/#organization\"},\"alternateName\":\"Ingenier\u00eda, desarrollo y fabricaci\u00f3n de dep\u00f3sitos de GLP, industriales, combustibles, agua, a presi\u00f3n y acero inoxidable - CGH Group\",\"potentialAction\":[{\"@type\":\"SearchAction\",\"target\":{\"@type\":\"EntryPoint\",\"urlTemplate\":\"https:\/\/cgh.com.pl\/es\/?s={search_term_string}\"},\"query-input\":{\"@type\":\"PropertyValueSpecification\",\"valueRequired\":true,\"valueName\":\"search_term_string\"}}],\"inLanguage\":\"es\"},{\"@type\":\"Organization\",\"@id\":\"https:\/\/cgh.com.pl\/es\/#organization\",\"name\":\"CGH Group Sp. z o.o.\",\"url\":\"https:\/\/cgh.com.pl\/es\/\",\"logo\":{\"@type\":\"ImageObject\",\"inLanguage\":\"es\",\"@id\":\"https:\/\/cgh.com.pl\/es\/#\/schema\/logo\/image\/\",\"url\":\"https:\/\/cgh.com.pl\/es\/wp-content\/uploads\/2023\/05\/logoCGH.png\",\"contentUrl\":\"https:\/\/cgh.com.pl\/es\/wp-content\/uploads\/2023\/05\/logoCGH.png\",\"width\":449,\"height\":162,\"caption\":\"CGH Group Sp. z o.o.\"},\"image\":{\"@id\":\"https:\/\/cgh.com.pl\/es\/#\/schema\/logo\/image\/\"},\"sameAs\":[\"https:\/\/www.facebook.com\/cghpolska\",\"https:\/\/www.youtube.com\/channel\/UCe9uW1n0tEj_ZJOEtHIHGQw\"]}]}<\/script>\n<!-- \/ Yoast SEO plugin. -->","yoast_head_json":{"title":"Cinta de fijar - CGH Group Sp. z o.o.","description":"Opaski kotwi\u0105ce zabezpieczaj\u0105 zbiornik przed jego wyporem przez wody gruntowe, a tym samym s\u0142u\u017c\u0105 do umocowania zbiornika w pod\u0142o\u017cu.","robots":{"index":"index","follow":"follow","max-snippet":"max-snippet:-1","max-image-preview":"max-image-preview:large","max-video-preview":"max-video-preview:-1"},"canonical":"https:\/\/cgh.com.pl\/es\/accesories\/sistemas-de-anclaje\/cinta-de-fijar","og_locale":"es_ES","og_type":"article","og_title":"Cinta de fijar - CGH Group Sp. z o.o.","og_description":"Opaski kotwi\u0105ce zabezpieczaj\u0105 zbiornik przed jego wyporem przez wody gruntowe, a tym samym s\u0142u\u017c\u0105 do umocowania zbiornika w pod\u0142o\u017cu.","og_url":"https:\/\/cgh.com.pl\/es\/accesories\/sistemas-de-anclaje\/cinta-de-fijar","og_site_name":"CGH Group Sp. z o.o.","article_publisher":"https:\/\/www.facebook.com\/cghpolska","article_modified_time":"2023-05-22T20:21:34+00:00","og_image":[{"url":"https:\/\/cgh.com.pl\/es\/wp-content\/uploads\/2021\/06\/Anchor-bands.png","type":"","width":"","height":""}],"twitter_card":"summary_large_image","twitter_misc":{"Tiempo de lectura":"2 minutos"},"schema":{"@context":"https:\/\/schema.org","@graph":[{"@type":"WebPage","@id":"https:\/\/cgh.com.pl\/es\/accesories\/sistemas-de-anclaje\/cinta-de-fijar","url":"https:\/\/cgh.com.pl\/es\/accesories\/sistemas-de-anclaje\/cinta-de-fijar","name":"Cinta de fijar - CGH Group Sp. z o.o.","isPartOf":{"@id":"https:\/\/cgh.com.pl\/es\/#website"},"primaryImageOfPage":{"@id":"https:\/\/cgh.com.pl\/es\/accesories\/sistemas-de-anclaje\/cinta-de-fijar#primaryimage"},"image":{"@id":"https:\/\/cgh.com.pl\/es\/accesories\/sistemas-de-anclaje\/cinta-de-fijar#primaryimage"},"thumbnailUrl":"https:\/\/cgh.com.pl\/es\/wp-content\/uploads\/2021\/06\/Anchor-bands.png","datePublished":"2020-12-07T23:06:59+00:00","dateModified":"2023-05-22T20:21:34+00:00","description":"Opaski kotwi\u0105ce zabezpieczaj\u0105 zbiornik przed jego wyporem przez wody gruntowe, a tym samym s\u0142u\u017c\u0105 do umocowania zbiornika w pod\u0142o\u017cu.","breadcrumb":{"@id":"https:\/\/cgh.com.pl\/es\/accesories\/sistemas-de-anclaje\/cinta-de-fijar#breadcrumb"},"inLanguage":"es","potentialAction":[{"@type":"ReadAction","target":["https:\/\/cgh.com.pl\/es\/accesories\/sistemas-de-anclaje\/cinta-de-fijar"]}]},{"@type":"ImageObject","inLanguage":"es","@id":"https:\/\/cgh.com.pl\/es\/accesories\/sistemas-de-anclaje\/cinta-de-fijar#primaryimage","url":"https:\/\/cgh.com.pl\/es\/wp-content\/uploads\/2021\/06\/Anchor-bands.png","contentUrl":"https:\/\/cgh.com.pl\/es\/wp-content\/uploads\/2021\/06\/Anchor-bands.png","width":350,"height":621,"caption":"Anchor bands"},{"@type":"BreadcrumbList","@id":"https:\/\/cgh.com.pl\/es\/accesories\/sistemas-de-anclaje\/cinta-de-fijar#breadcrumb","itemListElement":[{"@type":"ListItem","position":1,"name":"Strona g\u0142\u00f3wna","item":"https:\/\/cgh.com.pl\/es\/"},{"@type":"ListItem","position":2,"name":"Accesorios","item":"https:\/\/cgh.com.pl\/es\/accesories"},{"@type":"ListItem","position":3,"name":"Sistemas de anclaje","item":"https:\/\/cgh.com.pl\/es\/accesories\/sistemas-de-anclaje"},{"@type":"ListItem","position":4,"name":"Cinta de fijar"}]},{"@type":"WebSite","@id":"https:\/\/cgh.com.pl\/es\/#website","url":"https:\/\/cgh.com.pl\/es\/","name":"CGH Group Sp. z o.o.","description":"","publisher":{"@id":"https:\/\/cgh.com.pl\/es\/#organization"},"alternateName":"Ingenier\u00eda, desarrollo y fabricaci\u00f3n de dep\u00f3sitos de GLP, industriales, combustibles, agua, a presi\u00f3n y acero inoxidable - CGH Group","potentialAction":[{"@type":"SearchAction","target":{"@type":"EntryPoint","urlTemplate":"https:\/\/cgh.com.pl\/es\/?s={search_term_string}"},"query-input":{"@type":"PropertyValueSpecification","valueRequired":true,"valueName":"search_term_string"}}],"inLanguage":"es"},{"@type":"Organization","@id":"https:\/\/cgh.com.pl\/es\/#organization","name":"CGH Group Sp. z o.o.","url":"https:\/\/cgh.com.pl\/es\/","logo":{"@type":"ImageObject","inLanguage":"es","@id":"https:\/\/cgh.com.pl\/es\/#\/schema\/logo\/image\/","url":"https:\/\/cgh.com.pl\/es\/wp-content\/uploads\/2023\/05\/logoCGH.png","contentUrl":"https:\/\/cgh.com.pl\/es\/wp-content\/uploads\/2023\/05\/logoCGH.png","width":449,"height":162,"caption":"CGH Group Sp. z o.o."},"image":{"@id":"https:\/\/cgh.com.pl\/es\/#\/schema\/logo\/image\/"},"sameAs":["https:\/\/www.facebook.com\/cghpolska","https:\/\/www.youtube.com\/channel\/UCe9uW1n0tEj_ZJOEtHIHGQw"]}]}},"_links":{"self":[{"href":"https:\/\/cgh.com.pl\/es\/wp-json\/wp\/v2\/pages\/504","targetHints":{"allow":["GET"]}}],"collection":[{"href":"https:\/\/cgh.com.pl\/es\/wp-json\/wp\/v2\/pages"}],"about":[{"href":"https:\/\/cgh.com.pl\/es\/wp-json\/wp\/v2\/types\/page"}],"author":[{"embeddable":true,"href":"https:\/\/cgh.com.pl\/es\/wp-json\/wp\/v2\/users\/1"}],"replies":[{"embeddable":true,"href":"https:\/\/cgh.com.pl\/es\/wp-json\/wp\/v2\/comments?post=504"}],"version-history":[{"count":15,"href":"https:\/\/cgh.com.pl\/es\/wp-json\/wp\/v2\/pages\/504\/revisions"}],"predecessor-version":[{"id":4987,"href":"https:\/\/cgh.com.pl\/es\/wp-json\/wp\/v2\/pages\/504\/revisions\/4987"}],"up":[{"embeddable":true,"href":"https:\/\/cgh.com.pl\/es\/wp-json\/wp\/v2\/pages\/498"}],"wp:attachment":[{"href":"https:\/\/cgh.com.pl\/es\/wp-json\/wp\/v2\/media?parent=504"}],"curies":[{"name":"wp","href":"https:\/\/api.w.org\/{rel}","templated":true}]}}