{"id":5123,"date":"2023-12-01T01:15:20","date_gmt":"2023-12-01T00:15:20","guid":{"rendered":"https:\/\/cgh.com.pl\/es\/?page_id=5123"},"modified":"2023-12-01T01:15:43","modified_gmt":"2023-12-01T00:15:43","slug":"depositos-verticales-de-glp","status":"publish","type":"page","link":"https:\/\/cgh.com.pl\/es\/depositos-glp\/depositos-verticales-de-glp","title":{"rendered":"Dep\u00f3sitos verticales de GLP"},"content":{"rendered":"\n<div class=\"wp-block-columns is-layout-flex wp-container-core-columns-is-layout-9d6595d7 wp-block-columns-is-layout-flex\">\n<div class=\"wp-block-column is-layout-flow wp-block-column-is-layout-flow\">\n<p><strong>Destino:<\/strong><br>CGH Polska ofrece dep\u00f3sitos terrestres de GLP para su uso en gasolineras y con fines industriales y de calefacci\u00f3n.<br><strong>Seguridad:<\/strong><br>Los dep\u00f3sitos de GLP, fabricados en acero al carbono, cumplen con los requisitos de seguridad para el almacenamiento de gas propano-butano. Tienen permisos v\u00e1lidos emitidos por un organismo notificado.<\/p>\n\n\n\n<p>Los tanques subterr\u00e1neos est\u00e1n equipados con un registro de inspecci\u00f3n con tapa, en el que se instala la armadura de proveedores confiables.<\/p>\n\n\n\n<p><br><strong>Datos t\u00e9cnicos:<\/strong><\/p>\n\n\n\n<ul class=\"wp-block-list\">\n<li>Dise\u00f1o conforme a la Directiva PED\/2014\/68\/UE seg\u00fan las normas AD 2000 o EN 13445<\/li>\n\n\n\n<li>Presi\u00f3n 15,6 bar &#8211; est\u00e1ndar, opcional 17,6 bar<\/li>\n\n\n\n<li>Protecci\u00f3n anticorrosi\u00f3n con recubrimiento clase C3 M<\/li>\n\n\n\n<li>Temperatura de trabajo -20 \/ + 40\u00b0C<\/li>\n\n\n\n<li>Otros requisitos seg\u00fan se requiera<\/li>\n<\/ul>\n<\/div>\n\n\n\n<div class=\"wp-block-column is-layout-flow wp-block-column-is-layout-flow\">\n<p><strong><strong>Datos t\u00e9cnicos b\u00e1sicos:<\/strong><\/strong><\/p>\n\n\n\n<table>\n<tbody>\n<tr>\n<td class=\"gray\" style=\"text-align: center;\">Capacidad<br\/>\ndel dep\u00f3sito<\/td>\n<td class=\"gray\" style=\"text-align: center;\">Di\u00e1metro<br\/>\ndel dep\u00f3sito<\/td>\n<\/tr>\n<tr>\n<td class=\"gray\" style=\"text-align: center;\">[m<sup>3<\/sup>]<\/td>\n<td class=\"gray\" style=\"text-align: center;\">[mm]<\/td>\n<\/tr>\n<tr>\n<td class=\"white\" style=\"text-align: right;\">10<\/td>\n<td class=\"white\" style=\"text-align: right;\" rowspan=\"2\">1600<\/td>\n<\/tr>\n<tr>\n<td class=\"white\" style=\"text-align: right;\">15<\/td>\n<\/tr>\n<tr>\n<td class=\"white\" style=\"text-align: right;\">20<\/td>\n<td class=\"white\" style=\"text-align: right;\" rowspan=\"3\">2000<\/td>\n<\/tr>\n<tr>\n<td class=\"white\" style=\"text-align: right;\">25<\/td>\n<\/tr>\n<tr>\n<td class=\"white\" style=\"text-align: right;\">30<\/td>\n<\/tr>\n<tr>\n<td class=\"white\" style=\"text-align: right;\">50<\/td>\n<td class=\"white\" style=\"text-align: right;\">2500<\/td>\n<tr>\n<td class=\"white\" style=\"text-align: right;\">40<\/td>\n<td class=\"white\" style=\"text-align: right;\" rowspan=\"4\">2900<\/td>\n<\/tr>\n<tr>\n<td class=\"white\" style=\"text-align: right;\">50<\/td>\n<\/tr>\n<tr>\n<td class=\"white\" style=\"text-align: right;\">61,1<\/td>\n<\/tr>\n<tr>\n<td class=\"white\" style=\"text-align: right;\">84<\/td>\n<\/tr>\n<\/tbody>\n<\/table>\n<\/div>\n<\/div>\n\n\n\n<div class=\"photos large\">\n<div class=\"first-zoom-photo\">\n<p style=\"text-align: center; font-size: 10px; margin-bottom:0;\"><img decoding=\"async\" data-src=\"https:\/\/cgh.com.pl\/wp-content\/uploads\/2023\/10\/IMG-20230502-WA0005.jpg\" alt=\"Dep\u00f3sitos verticales de GLP\" src=\"data:image\/svg+xml;base64,PHN2ZyB3aWR0aD0iMSIgaGVpZ2h0PSIxIiB4bWxucz0iaHR0cDovL3d3dy53My5vcmcvMjAwMC9zdmciPjwvc3ZnPg==\" class=\"lazyload\" \/><\/p>\n\n<div><\/div>\n<\/div>\n<div>\n<p style=\"text-align: center; font-size: 10px; margin-bottom:0;\"><img decoding=\"async\" data-src=\"https:\/\/cgh.com.pl\/wp-content\/uploads\/2023\/10\/pionowe_1.jpg\" alt=\"Dep\u00f3sitos verticales de GLP\" src=\"data:image\/svg+xml;base64,PHN2ZyB3aWR0aD0iMSIgaGVpZ2h0PSIxIiB4bWxucz0iaHR0cDovL3d3dy53My5vcmcvMjAwMC9zdmciPjwvc3ZnPg==\" class=\"lazyload\" \/><\/p>\n\n<div><\/div>\n<\/div>\n\n<div class=\"pair\">\n<p style=\"text-align: center; font-size: 10px; margin-bottom:0;\"><img decoding=\"async\" data-src=\"https:\/\/cgh.com.pl\/wp-content\/uploads\/2023\/10\/pionowe_3.jpg\" alt=\"Dep\u00f3sitos verticales de GLP\" src=\"data:image\/svg+xml;base64,PHN2ZyB3aWR0aD0iMSIgaGVpZ2h0PSIxIiB4bWxucz0iaHR0cDovL3d3dy53My5vcmcvMjAwMC9zdmciPjwvc3ZnPg==\" class=\"lazyload\" \/>\n\n<div><\/div>\n<div><\/div>\n<\/p><\/div>\n<\/div>\n","protected":false},"excerpt":{"rendered":"<p>Destino:CGH Polska ofrece dep\u00f3sitos terrestres de GLP para su uso en gasolineras y con fines industriales y de calefacci\u00f3n.Seguridad:Los dep\u00f3sitos de GLP, fabricados en acero al carbono, cumplen con los requisitos de seguridad para el almacenamiento de gas propano-butano. Tienen permisos v\u00e1lidos emitidos por un organismo notificado. Los tanques subterr\u00e1neos est\u00e1n equipados con un registro [&hellip;]?<\/p>\n","protected":false},"author":1,"featured_media":0,"parent":15,"menu_order":0,"comment_status":"closed","ping_status":"closed","template":"page-products-with-second-menu.php","meta":{"_acf_changed":false,"footnotes":""},"class_list":["post-5123","page","type-page","status-publish","hentry"],"acf":[],"yoast_head":"<!-- This site is optimized with the Yoast SEO plugin v26.1.1 - https:\/\/yoast.com\/wordpress\/plugins\/seo\/ -->\n<title>Dep\u00f3sitos verticales de GLP - CGH Group Sp. z o.o.<\/title>\n<meta name=\"robots\" content=\"index, follow, max-snippet:-1, max-image-preview:large, max-video-preview:-1\" \/>\n<link rel=\"canonical\" href=\"https:\/\/cgh.com.pl\/es\/depositos-glp\/depositos-verticales-de-glp\" \/>\n<meta property=\"og:locale\" content=\"es_ES\" \/>\n<meta property=\"og:type\" content=\"article\" \/>\n<meta property=\"og:title\" content=\"Dep\u00f3sitos verticales de GLP - CGH Group Sp. z o.o.\" \/>\n<meta property=\"og:description\" content=\"Destino:CGH Polska ofrece dep\u00f3sitos terrestres de GLP para su uso en gasolineras y con fines industriales y de calefacci\u00f3n.Seguridad:Los dep\u00f3sitos de GLP, fabricados en acero al carbono, cumplen con los requisitos de seguridad para el almacenamiento de gas propano-butano. Tienen permisos v\u00e1lidos emitidos por un organismo notificado. Los tanques subterr\u00e1neos est\u00e1n equipados con un registro [&hellip;]?\" \/>\n<meta property=\"og:url\" content=\"https:\/\/cgh.com.pl\/es\/depositos-glp\/depositos-verticales-de-glp\" \/>\n<meta property=\"og:site_name\" content=\"CGH Group Sp. z o.o.\" \/>\n<meta property=\"article:publisher\" content=\"https:\/\/www.facebook.com\/cghpolska\" \/>\n<meta property=\"article:modified_time\" content=\"2023-12-01T00:15:43+00:00\" \/>\n<meta property=\"og:image\" content=\"https:\/\/cgh.com.pl\/wp-content\/uploads\/2023\/10\/IMG-20230502-WA0005.jpg\" \/>\n<meta name=\"twitter:card\" content=\"summary_large_image\" \/>\n<meta name=\"twitter:label1\" content=\"Tiempo de lectura\" \/>\n\t<meta name=\"twitter:data1\" content=\"2 minutos\" \/>\n<script type=\"application\/ld+json\" class=\"yoast-schema-graph\">{\"@context\":\"https:\/\/schema.org\",\"@graph\":[{\"@type\":\"WebPage\",\"@id\":\"https:\/\/cgh.com.pl\/es\/depositos-glp\/depositos-verticales-de-glp\",\"url\":\"https:\/\/cgh.com.pl\/es\/depositos-glp\/depositos-verticales-de-glp\",\"name\":\"Dep\u00f3sitos verticales de GLP - CGH Group Sp. z o.o.\",\"isPartOf\":{\"@id\":\"https:\/\/cgh.com.pl\/es\/#website\"},\"primaryImageOfPage\":{\"@id\":\"https:\/\/cgh.com.pl\/es\/depositos-glp\/depositos-verticales-de-glp#primaryimage\"},\"image\":{\"@id\":\"https:\/\/cgh.com.pl\/es\/depositos-glp\/depositos-verticales-de-glp#primaryimage\"},\"thumbnailUrl\":\"https:\/\/cgh.com.pl\/wp-content\/uploads\/2023\/10\/IMG-20230502-WA0005.jpg\",\"datePublished\":\"2023-12-01T00:15:20+00:00\",\"dateModified\":\"2023-12-01T00:15:43+00:00\",\"breadcrumb\":{\"@id\":\"https:\/\/cgh.com.pl\/es\/depositos-glp\/depositos-verticales-de-glp#breadcrumb\"},\"inLanguage\":\"es\",\"potentialAction\":[{\"@type\":\"ReadAction\",\"target\":[\"https:\/\/cgh.com.pl\/es\/depositos-glp\/depositos-verticales-de-glp\"]}]},{\"@type\":\"ImageObject\",\"inLanguage\":\"es\",\"@id\":\"https:\/\/cgh.com.pl\/es\/depositos-glp\/depositos-verticales-de-glp#primaryimage\",\"url\":\"https:\/\/cgh.com.pl\/wp-content\/uploads\/2023\/10\/IMG-20230502-WA0005.jpg\",\"contentUrl\":\"https:\/\/cgh.com.pl\/wp-content\/uploads\/2023\/10\/IMG-20230502-WA0005.jpg\"},{\"@type\":\"BreadcrumbList\",\"@id\":\"https:\/\/cgh.com.pl\/es\/depositos-glp\/depositos-verticales-de-glp#breadcrumb\",\"itemListElement\":[{\"@type\":\"ListItem\",\"position\":1,\"name\":\"Strona g\u0142\u00f3wna\",\"item\":\"https:\/\/cgh.com.pl\/es\/\"},{\"@type\":\"ListItem\",\"position\":2,\"name\":\"Dep\u00f3sitos GLP\",\"item\":\"https:\/\/cgh.com.pl\/es\/depositos-glp\"},{\"@type\":\"ListItem\",\"position\":3,\"name\":\"Dep\u00f3sitos verticales de GLP\"}]},{\"@type\":\"WebSite\",\"@id\":\"https:\/\/cgh.com.pl\/es\/#website\",\"url\":\"https:\/\/cgh.com.pl\/es\/\",\"name\":\"CGH Group Sp. z o.o.\",\"description\":\"\",\"publisher\":{\"@id\":\"https:\/\/cgh.com.pl\/es\/#organization\"},\"alternateName\":\"Ingenier\u00eda, desarrollo y fabricaci\u00f3n de dep\u00f3sitos de GLP, industriales, combustibles, agua, a presi\u00f3n y acero inoxidable - CGH Group\",\"potentialAction\":[{\"@type\":\"SearchAction\",\"target\":{\"@type\":\"EntryPoint\",\"urlTemplate\":\"https:\/\/cgh.com.pl\/es\/?s={search_term_string}\"},\"query-input\":{\"@type\":\"PropertyValueSpecification\",\"valueRequired\":true,\"valueName\":\"search_term_string\"}}],\"inLanguage\":\"es\"},{\"@type\":\"Organization\",\"@id\":\"https:\/\/cgh.com.pl\/es\/#organization\",\"name\":\"CGH Group Sp. z o.o.\",\"url\":\"https:\/\/cgh.com.pl\/es\/\",\"logo\":{\"@type\":\"ImageObject\",\"inLanguage\":\"es\",\"@id\":\"https:\/\/cgh.com.pl\/es\/#\/schema\/logo\/image\/\",\"url\":\"https:\/\/cgh.com.pl\/es\/wp-content\/uploads\/2023\/05\/logoCGH.png\",\"contentUrl\":\"https:\/\/cgh.com.pl\/es\/wp-content\/uploads\/2023\/05\/logoCGH.png\",\"width\":449,\"height\":162,\"caption\":\"CGH Group Sp. z o.o.\"},\"image\":{\"@id\":\"https:\/\/cgh.com.pl\/es\/#\/schema\/logo\/image\/\"},\"sameAs\":[\"https:\/\/www.facebook.com\/cghpolska\",\"https:\/\/www.youtube.com\/channel\/UCe9uW1n0tEj_ZJOEtHIHGQw\"]}]}<\/script>\n<!-- \/ Yoast SEO plugin. -->","yoast_head_json":{"title":"Dep\u00f3sitos verticales de GLP - CGH Group Sp. z o.o.","robots":{"index":"index","follow":"follow","max-snippet":"max-snippet:-1","max-image-preview":"max-image-preview:large","max-video-preview":"max-video-preview:-1"},"canonical":"https:\/\/cgh.com.pl\/es\/depositos-glp\/depositos-verticales-de-glp","og_locale":"es_ES","og_type":"article","og_title":"Dep\u00f3sitos verticales de GLP - CGH Group Sp. z o.o.","og_description":"Destino:CGH Polska ofrece dep\u00f3sitos terrestres de GLP para su uso en gasolineras y con fines industriales y de calefacci\u00f3n.Seguridad:Los dep\u00f3sitos de GLP, fabricados en acero al carbono, cumplen con los requisitos de seguridad para el almacenamiento de gas propano-butano. Tienen permisos v\u00e1lidos emitidos por un organismo notificado. Los tanques subterr\u00e1neos est\u00e1n equipados con un registro [&hellip;]?","og_url":"https:\/\/cgh.com.pl\/es\/depositos-glp\/depositos-verticales-de-glp","og_site_name":"CGH Group Sp. z o.o.","article_publisher":"https:\/\/www.facebook.com\/cghpolska","article_modified_time":"2023-12-01T00:15:43+00:00","og_image":[{"url":"https:\/\/cgh.com.pl\/wp-content\/uploads\/2023\/10\/IMG-20230502-WA0005.jpg","type":"","width":"","height":""}],"twitter_card":"summary_large_image","twitter_misc":{"Tiempo de lectura":"2 minutos"},"schema":{"@context":"https:\/\/schema.org","@graph":[{"@type":"WebPage","@id":"https:\/\/cgh.com.pl\/es\/depositos-glp\/depositos-verticales-de-glp","url":"https:\/\/cgh.com.pl\/es\/depositos-glp\/depositos-verticales-de-glp","name":"Dep\u00f3sitos verticales de GLP - CGH Group Sp. z o.o.","isPartOf":{"@id":"https:\/\/cgh.com.pl\/es\/#website"},"primaryImageOfPage":{"@id":"https:\/\/cgh.com.pl\/es\/depositos-glp\/depositos-verticales-de-glp#primaryimage"},"image":{"@id":"https:\/\/cgh.com.pl\/es\/depositos-glp\/depositos-verticales-de-glp#primaryimage"},"thumbnailUrl":"https:\/\/cgh.com.pl\/wp-content\/uploads\/2023\/10\/IMG-20230502-WA0005.jpg","datePublished":"2023-12-01T00:15:20+00:00","dateModified":"2023-12-01T00:15:43+00:00","breadcrumb":{"@id":"https:\/\/cgh.com.pl\/es\/depositos-glp\/depositos-verticales-de-glp#breadcrumb"},"inLanguage":"es","potentialAction":[{"@type":"ReadAction","target":["https:\/\/cgh.com.pl\/es\/depositos-glp\/depositos-verticales-de-glp"]}]},{"@type":"ImageObject","inLanguage":"es","@id":"https:\/\/cgh.com.pl\/es\/depositos-glp\/depositos-verticales-de-glp#primaryimage","url":"https:\/\/cgh.com.pl\/wp-content\/uploads\/2023\/10\/IMG-20230502-WA0005.jpg","contentUrl":"https:\/\/cgh.com.pl\/wp-content\/uploads\/2023\/10\/IMG-20230502-WA0005.jpg"},{"@type":"BreadcrumbList","@id":"https:\/\/cgh.com.pl\/es\/depositos-glp\/depositos-verticales-de-glp#breadcrumb","itemListElement":[{"@type":"ListItem","position":1,"name":"Strona g\u0142\u00f3wna","item":"https:\/\/cgh.com.pl\/es\/"},{"@type":"ListItem","position":2,"name":"Dep\u00f3sitos GLP","item":"https:\/\/cgh.com.pl\/es\/depositos-glp"},{"@type":"ListItem","position":3,"name":"Dep\u00f3sitos verticales de GLP"}]},{"@type":"WebSite","@id":"https:\/\/cgh.com.pl\/es\/#website","url":"https:\/\/cgh.com.pl\/es\/","name":"CGH Group Sp. z o.o.","description":"","publisher":{"@id":"https:\/\/cgh.com.pl\/es\/#organization"},"alternateName":"Ingenier\u00eda, desarrollo y fabricaci\u00f3n de dep\u00f3sitos de GLP, industriales, combustibles, agua, a presi\u00f3n y acero inoxidable - CGH Group","potentialAction":[{"@type":"SearchAction","target":{"@type":"EntryPoint","urlTemplate":"https:\/\/cgh.com.pl\/es\/?s={search_term_string}"},"query-input":{"@type":"PropertyValueSpecification","valueRequired":true,"valueName":"search_term_string"}}],"inLanguage":"es"},{"@type":"Organization","@id":"https:\/\/cgh.com.pl\/es\/#organization","name":"CGH Group Sp. z o.o.","url":"https:\/\/cgh.com.pl\/es\/","logo":{"@type":"ImageObject","inLanguage":"es","@id":"https:\/\/cgh.com.pl\/es\/#\/schema\/logo\/image\/","url":"https:\/\/cgh.com.pl\/es\/wp-content\/uploads\/2023\/05\/logoCGH.png","contentUrl":"https:\/\/cgh.com.pl\/es\/wp-content\/uploads\/2023\/05\/logoCGH.png","width":449,"height":162,"caption":"CGH Group Sp. z o.o."},"image":{"@id":"https:\/\/cgh.com.pl\/es\/#\/schema\/logo\/image\/"},"sameAs":["https:\/\/www.facebook.com\/cghpolska","https:\/\/www.youtube.com\/channel\/UCe9uW1n0tEj_ZJOEtHIHGQw"]}]}},"_links":{"self":[{"href":"https:\/\/cgh.com.pl\/es\/wp-json\/wp\/v2\/pages\/5123","targetHints":{"allow":["GET"]}}],"collection":[{"href":"https:\/\/cgh.com.pl\/es\/wp-json\/wp\/v2\/pages"}],"about":[{"href":"https:\/\/cgh.com.pl\/es\/wp-json\/wp\/v2\/types\/page"}],"author":[{"embeddable":true,"href":"https:\/\/cgh.com.pl\/es\/wp-json\/wp\/v2\/users\/1"}],"replies":[{"embeddable":true,"href":"https:\/\/cgh.com.pl\/es\/wp-json\/wp\/v2\/comments?post=5123"}],"version-history":[{"count":2,"href":"https:\/\/cgh.com.pl\/es\/wp-json\/wp\/v2\/pages\/5123\/revisions"}],"predecessor-version":[{"id":5126,"href":"https:\/\/cgh.com.pl\/es\/wp-json\/wp\/v2\/pages\/5123\/revisions\/5126"}],"up":[{"embeddable":true,"href":"https:\/\/cgh.com.pl\/es\/wp-json\/wp\/v2\/pages\/15"}],"wp:attachment":[{"href":"https:\/\/cgh.com.pl\/es\/wp-json\/wp\/v2\/media?parent=5123"}],"curies":[{"name":"wp","href":"https:\/\/api.w.org\/{rel}","templated":true}]}}