{"id":5149,"date":"2023-12-08T01:03:57","date_gmt":"2023-12-08T00:03:57","guid":{"rendered":"https:\/\/cgh.com.pl\/es\/?page_id=5149"},"modified":"2023-12-08T01:03:57","modified_gmt":"2023-12-08T00:03:57","slug":"depositos-de-pentano","status":"publish","type":"page","link":"https:\/\/cgh.com.pl\/es\/depositos-para-la-industria\/depositos-de-pentano","title":{"rendered":"Dep\u00f3sitos de pentano"},"content":{"rendered":"\n<p>Ejemplo de ejecuci\u00f3n:<\/p>\n\n\n\n<ul class=\"wp-block-list\">\n<li>Dep\u00f3sito subterr\u00e1neo, horizontal, de doble pared fabricado en acero S235<\/li>\n\n\n\n<li>Capacidad: 50 m<sup>3<\/sup>, di\u00e1metro: 2500 mm<\/li>\n\n\n\n<li>Medio: pentano<\/li>\n\n\n\n<li>Norma de ejecuci\u00f3n: EN12285-1, clase C<\/li>\n\n\n\n<li>Presi\u00f3n de trabajo: hasta 0,5 bares<\/li>\n\n\n\n<li>Temperatura de trabajo: -20\u00b0C\/+35\u00b0C<\/li>\n<\/ul>\n\n\n\n<p>El tanque est\u00e1 fabricado seg\u00fan la norma EN12285-1, clase C, equipado con dos registros de inspecci\u00f3n.<\/p>\n\n\n\n<div class=\"photos large\">\n    <div class=\"first-zoom-photo\">\n        <p style=\"text-align: center; font-size: 10px; margin-bottom:0;\">\n            <img decoding=\"async\" data-src=\"https:\/\/cgh.com.pl\/es\/wp-content\/uploads\/2023\/12\/Depositos-de-pentano.jpg\" alt=\"Dep\u00f3sitos de pentano\" src=\"data:image\/svg+xml;base64,PHN2ZyB3aWR0aD0iMSIgaGVpZ2h0PSIxIiB4bWxucz0iaHR0cDovL3d3dy53My5vcmcvMjAwMC9zdmciPjwvc3ZnPg==\" class=\"lazyload\" style=\"--smush-placeholder-width: 768px; --smush-placeholder-aspect-ratio: 768\/1152;\">\n        <\/p>\n    <\/div>\n    \n    <div>\n        <p style=\"text-align: center; font-size: 10px; margin-bottom:0;\">\n            <img decoding=\"async\" data-src=\"https:\/\/cgh.com.pl\/es\/wp-content\/uploads\/2023\/12\/Depositos-de-pentano1.jpg\" alt=\"Dep\u00f3sitos de pentano\" src=\"data:image\/svg+xml;base64,PHN2ZyB3aWR0aD0iMSIgaGVpZ2h0PSIxIiB4bWxucz0iaHR0cDovL3d3dy53My5vcmcvMjAwMC9zdmciPjwvc3ZnPg==\" class=\"lazyload\" style=\"--smush-placeholder-width: 1024px; --smush-placeholder-aspect-ratio: 1024\/683;\">\n        <\/p>\n    <\/div>\n\n    <div class=\"pair\">\n        <p style=\"text-align: center; font-size: 10px; margin-bottom:0;\">\n            <img decoding=\"async\" data-src=\"https:\/\/cgh.com.pl\/es\/wp-content\/uploads\/2023\/12\/Depositos-de-pentano2.jpg\" alt=\"Dep\u00f3sitos de pentano\" src=\"data:image\/svg+xml;base64,PHN2ZyB3aWR0aD0iMSIgaGVpZ2h0PSIxIiB4bWxucz0iaHR0cDovL3d3dy53My5vcmcvMjAwMC9zdmciPjwvc3ZnPg==\" class=\"lazyload\" style=\"--smush-placeholder-width: 1152px; --smush-placeholder-aspect-ratio: 1152\/768;\">\n        <\/p>\n    <\/div>\n<\/div>\n","protected":false},"excerpt":{"rendered":"<p>Ejemplo de ejecuci\u00f3n: El tanque est\u00e1 fabricado seg\u00fan la norma EN12285-1, clase C, equipado con dos registros de inspecci\u00f3n.<\/p>\n","protected":false},"author":1,"featured_media":0,"parent":17,"menu_order":0,"comment_status":"closed","ping_status":"closed","template":"page-products-with-second-menu.php","meta":{"_acf_changed":false,"footnotes":""},"class_list":["post-5149","page","type-page","status-publish","hentry"],"acf":[],"yoast_head":"<!-- This site is optimized with the Yoast SEO plugin v26.1.1 - https:\/\/yoast.com\/wordpress\/plugins\/seo\/ -->\n<title>Dep\u00f3sitos de pentano - CGH Group Sp. z o.o.<\/title>\n<meta name=\"robots\" content=\"index, follow, max-snippet:-1, max-image-preview:large, max-video-preview:-1\" \/>\n<link rel=\"canonical\" href=\"https:\/\/cgh.com.pl\/es\/depositos-para-la-industria\/depositos-de-pentano\" \/>\n<meta property=\"og:locale\" content=\"es_ES\" \/>\n<meta property=\"og:type\" content=\"article\" \/>\n<meta property=\"og:title\" content=\"Dep\u00f3sitos de pentano - CGH Group Sp. z o.o.\" \/>\n<meta property=\"og:description\" content=\"Ejemplo de ejecuci\u00f3n: El tanque est\u00e1 fabricado seg\u00fan la norma EN12285-1, clase C, equipado con dos registros de inspecci\u00f3n.\" \/>\n<meta property=\"og:url\" content=\"https:\/\/cgh.com.pl\/es\/depositos-para-la-industria\/depositos-de-pentano\" \/>\n<meta property=\"og:site_name\" content=\"CGH Group Sp. z o.o.\" \/>\n<meta property=\"article:publisher\" content=\"https:\/\/www.facebook.com\/cghpolska\" \/>\n<meta property=\"og:image\" content=\"https:\/\/cgh.com.pl\/es\/wp-content\/uploads\/2023\/12\/Depositos-de-pentano.jpg\" \/>\n<meta name=\"twitter:card\" content=\"summary_large_image\" \/>\n<meta name=\"twitter:label1\" content=\"Tiempo de lectura\" \/>\n\t<meta name=\"twitter:data1\" content=\"1 minuto\" \/>\n<script type=\"application\/ld+json\" class=\"yoast-schema-graph\">{\"@context\":\"https:\/\/schema.org\",\"@graph\":[{\"@type\":\"WebPage\",\"@id\":\"https:\/\/cgh.com.pl\/es\/depositos-para-la-industria\/depositos-de-pentano\",\"url\":\"https:\/\/cgh.com.pl\/es\/depositos-para-la-industria\/depositos-de-pentano\",\"name\":\"Dep\u00f3sitos de pentano - CGH Group Sp. z o.o.\",\"isPartOf\":{\"@id\":\"https:\/\/cgh.com.pl\/es\/#website\"},\"primaryImageOfPage\":{\"@id\":\"https:\/\/cgh.com.pl\/es\/depositos-para-la-industria\/depositos-de-pentano#primaryimage\"},\"image\":{\"@id\":\"https:\/\/cgh.com.pl\/es\/depositos-para-la-industria\/depositos-de-pentano#primaryimage\"},\"thumbnailUrl\":\"https:\/\/cgh.com.pl\/es\/wp-content\/uploads\/2023\/12\/Depositos-de-pentano.jpg\",\"datePublished\":\"2023-12-08T00:03:57+00:00\",\"breadcrumb\":{\"@id\":\"https:\/\/cgh.com.pl\/es\/depositos-para-la-industria\/depositos-de-pentano#breadcrumb\"},\"inLanguage\":\"es\",\"potentialAction\":[{\"@type\":\"ReadAction\",\"target\":[\"https:\/\/cgh.com.pl\/es\/depositos-para-la-industria\/depositos-de-pentano\"]}]},{\"@type\":\"ImageObject\",\"inLanguage\":\"es\",\"@id\":\"https:\/\/cgh.com.pl\/es\/depositos-para-la-industria\/depositos-de-pentano#primaryimage\",\"url\":\"https:\/\/cgh.com.pl\/es\/wp-content\/uploads\/2023\/12\/Depositos-de-pentano.jpg\",\"contentUrl\":\"https:\/\/cgh.com.pl\/es\/wp-content\/uploads\/2023\/12\/Depositos-de-pentano.jpg\",\"width\":768,\"height\":1152},{\"@type\":\"BreadcrumbList\",\"@id\":\"https:\/\/cgh.com.pl\/es\/depositos-para-la-industria\/depositos-de-pentano#breadcrumb\",\"itemListElement\":[{\"@type\":\"ListItem\",\"position\":1,\"name\":\"Strona g\u0142\u00f3wna\",\"item\":\"https:\/\/cgh.com.pl\/es\/\"},{\"@type\":\"ListItem\",\"position\":2,\"name\":\"Dep\u00f3sitos para la industria\",\"item\":\"https:\/\/cgh.com.pl\/es\/depositos-para-la-industria\"},{\"@type\":\"ListItem\",\"position\":3,\"name\":\"Dep\u00f3sitos de pentano\"}]},{\"@type\":\"WebSite\",\"@id\":\"https:\/\/cgh.com.pl\/es\/#website\",\"url\":\"https:\/\/cgh.com.pl\/es\/\",\"name\":\"CGH Group Sp. z o.o.\",\"description\":\"\",\"publisher\":{\"@id\":\"https:\/\/cgh.com.pl\/es\/#organization\"},\"alternateName\":\"Ingenier\u00eda, desarrollo y fabricaci\u00f3n de dep\u00f3sitos de GLP, industriales, combustibles, agua, a presi\u00f3n y acero inoxidable - CGH Group\",\"potentialAction\":[{\"@type\":\"SearchAction\",\"target\":{\"@type\":\"EntryPoint\",\"urlTemplate\":\"https:\/\/cgh.com.pl\/es\/?s={search_term_string}\"},\"query-input\":{\"@type\":\"PropertyValueSpecification\",\"valueRequired\":true,\"valueName\":\"search_term_string\"}}],\"inLanguage\":\"es\"},{\"@type\":\"Organization\",\"@id\":\"https:\/\/cgh.com.pl\/es\/#organization\",\"name\":\"CGH Group Sp. z o.o.\",\"url\":\"https:\/\/cgh.com.pl\/es\/\",\"logo\":{\"@type\":\"ImageObject\",\"inLanguage\":\"es\",\"@id\":\"https:\/\/cgh.com.pl\/es\/#\/schema\/logo\/image\/\",\"url\":\"https:\/\/cgh.com.pl\/es\/wp-content\/uploads\/2023\/05\/logoCGH.png\",\"contentUrl\":\"https:\/\/cgh.com.pl\/es\/wp-content\/uploads\/2023\/05\/logoCGH.png\",\"width\":449,\"height\":162,\"caption\":\"CGH Group Sp. z o.o.\"},\"image\":{\"@id\":\"https:\/\/cgh.com.pl\/es\/#\/schema\/logo\/image\/\"},\"sameAs\":[\"https:\/\/www.facebook.com\/cghpolska\",\"https:\/\/www.youtube.com\/channel\/UCe9uW1n0tEj_ZJOEtHIHGQw\"]}]}<\/script>\n<!-- \/ Yoast SEO plugin. -->","yoast_head_json":{"title":"Dep\u00f3sitos de pentano - CGH Group Sp. z o.o.","robots":{"index":"index","follow":"follow","max-snippet":"max-snippet:-1","max-image-preview":"max-image-preview:large","max-video-preview":"max-video-preview:-1"},"canonical":"https:\/\/cgh.com.pl\/es\/depositos-para-la-industria\/depositos-de-pentano","og_locale":"es_ES","og_type":"article","og_title":"Dep\u00f3sitos de pentano - CGH Group Sp. z o.o.","og_description":"Ejemplo de ejecuci\u00f3n: El tanque est\u00e1 fabricado seg\u00fan la norma EN12285-1, clase C, equipado con dos registros de inspecci\u00f3n.","og_url":"https:\/\/cgh.com.pl\/es\/depositos-para-la-industria\/depositos-de-pentano","og_site_name":"CGH Group Sp. z o.o.","article_publisher":"https:\/\/www.facebook.com\/cghpolska","og_image":[{"url":"https:\/\/cgh.com.pl\/es\/wp-content\/uploads\/2023\/12\/Depositos-de-pentano.jpg","type":"","width":"","height":""}],"twitter_card":"summary_large_image","twitter_misc":{"Tiempo de lectura":"1 minuto"},"schema":{"@context":"https:\/\/schema.org","@graph":[{"@type":"WebPage","@id":"https:\/\/cgh.com.pl\/es\/depositos-para-la-industria\/depositos-de-pentano","url":"https:\/\/cgh.com.pl\/es\/depositos-para-la-industria\/depositos-de-pentano","name":"Dep\u00f3sitos de pentano - CGH Group Sp. z o.o.","isPartOf":{"@id":"https:\/\/cgh.com.pl\/es\/#website"},"primaryImageOfPage":{"@id":"https:\/\/cgh.com.pl\/es\/depositos-para-la-industria\/depositos-de-pentano#primaryimage"},"image":{"@id":"https:\/\/cgh.com.pl\/es\/depositos-para-la-industria\/depositos-de-pentano#primaryimage"},"thumbnailUrl":"https:\/\/cgh.com.pl\/es\/wp-content\/uploads\/2023\/12\/Depositos-de-pentano.jpg","datePublished":"2023-12-08T00:03:57+00:00","breadcrumb":{"@id":"https:\/\/cgh.com.pl\/es\/depositos-para-la-industria\/depositos-de-pentano#breadcrumb"},"inLanguage":"es","potentialAction":[{"@type":"ReadAction","target":["https:\/\/cgh.com.pl\/es\/depositos-para-la-industria\/depositos-de-pentano"]}]},{"@type":"ImageObject","inLanguage":"es","@id":"https:\/\/cgh.com.pl\/es\/depositos-para-la-industria\/depositos-de-pentano#primaryimage","url":"https:\/\/cgh.com.pl\/es\/wp-content\/uploads\/2023\/12\/Depositos-de-pentano.jpg","contentUrl":"https:\/\/cgh.com.pl\/es\/wp-content\/uploads\/2023\/12\/Depositos-de-pentano.jpg","width":768,"height":1152},{"@type":"BreadcrumbList","@id":"https:\/\/cgh.com.pl\/es\/depositos-para-la-industria\/depositos-de-pentano#breadcrumb","itemListElement":[{"@type":"ListItem","position":1,"name":"Strona g\u0142\u00f3wna","item":"https:\/\/cgh.com.pl\/es\/"},{"@type":"ListItem","position":2,"name":"Dep\u00f3sitos para la industria","item":"https:\/\/cgh.com.pl\/es\/depositos-para-la-industria"},{"@type":"ListItem","position":3,"name":"Dep\u00f3sitos de pentano"}]},{"@type":"WebSite","@id":"https:\/\/cgh.com.pl\/es\/#website","url":"https:\/\/cgh.com.pl\/es\/","name":"CGH Group Sp. z o.o.","description":"","publisher":{"@id":"https:\/\/cgh.com.pl\/es\/#organization"},"alternateName":"Ingenier\u00eda, desarrollo y fabricaci\u00f3n de dep\u00f3sitos de GLP, industriales, combustibles, agua, a presi\u00f3n y acero inoxidable - CGH Group","potentialAction":[{"@type":"SearchAction","target":{"@type":"EntryPoint","urlTemplate":"https:\/\/cgh.com.pl\/es\/?s={search_term_string}"},"query-input":{"@type":"PropertyValueSpecification","valueRequired":true,"valueName":"search_term_string"}}],"inLanguage":"es"},{"@type":"Organization","@id":"https:\/\/cgh.com.pl\/es\/#organization","name":"CGH Group Sp. z o.o.","url":"https:\/\/cgh.com.pl\/es\/","logo":{"@type":"ImageObject","inLanguage":"es","@id":"https:\/\/cgh.com.pl\/es\/#\/schema\/logo\/image\/","url":"https:\/\/cgh.com.pl\/es\/wp-content\/uploads\/2023\/05\/logoCGH.png","contentUrl":"https:\/\/cgh.com.pl\/es\/wp-content\/uploads\/2023\/05\/logoCGH.png","width":449,"height":162,"caption":"CGH Group Sp. z o.o."},"image":{"@id":"https:\/\/cgh.com.pl\/es\/#\/schema\/logo\/image\/"},"sameAs":["https:\/\/www.facebook.com\/cghpolska","https:\/\/www.youtube.com\/channel\/UCe9uW1n0tEj_ZJOEtHIHGQw"]}]}},"_links":{"self":[{"href":"https:\/\/cgh.com.pl\/es\/wp-json\/wp\/v2\/pages\/5149","targetHints":{"allow":["GET"]}}],"collection":[{"href":"https:\/\/cgh.com.pl\/es\/wp-json\/wp\/v2\/pages"}],"about":[{"href":"https:\/\/cgh.com.pl\/es\/wp-json\/wp\/v2\/types\/page"}],"author":[{"embeddable":true,"href":"https:\/\/cgh.com.pl\/es\/wp-json\/wp\/v2\/users\/1"}],"replies":[{"embeddable":true,"href":"https:\/\/cgh.com.pl\/es\/wp-json\/wp\/v2\/comments?post=5149"}],"version-history":[{"count":1,"href":"https:\/\/cgh.com.pl\/es\/wp-json\/wp\/v2\/pages\/5149\/revisions"}],"predecessor-version":[{"id":5153,"href":"https:\/\/cgh.com.pl\/es\/wp-json\/wp\/v2\/pages\/5149\/revisions\/5153"}],"up":[{"embeddable":true,"href":"https:\/\/cgh.com.pl\/es\/wp-json\/wp\/v2\/pages\/17"}],"wp:attachment":[{"href":"https:\/\/cgh.com.pl\/es\/wp-json\/wp\/v2\/media?parent=5149"}],"curies":[{"name":"wp","href":"https:\/\/api.w.org\/{rel}","templated":true}]}}