{"id":5180,"date":"2024-07-24T17:43:42","date_gmt":"2024-07-24T15:43:42","guid":{"rendered":"https:\/\/cgh.com.pl\/es\/?page_id=5180"},"modified":"2024-07-24T17:43:43","modified_gmt":"2024-07-24T15:43:43","slug":"mezcladores","status":"publish","type":"page","link":"https:\/\/cgh.com.pl\/es\/depositos-para-la-industria\/mezcladores","title":{"rendered":"Mezcladores"},"content":{"rendered":"\n<p>Los mezcladores de acero son una herramienta insustituible que se utiliza en diversos sectores industriales y que garantizan una mezcla eficaz de materia prima y aditivos de proceso. La s\u00f3lida construcci\u00f3n y la alta calidad de los mezcladores garantiza fiabilidad y durabilidad de funcionamiento.<\/p>\n\n\n\n<p>Los mezcladores est\u00e1n hechos de acero inoxidable o acero al carbono.<\/p>\n\n\n\n<p>Los dispositivos que fabricamos adaptamos individualmente al producto y al lugar de instalaci\u00f3n, bas\u00e1ndonos en la documentaci\u00f3n proporcionada por el cliente o elaborada por nosotros seg\u00fan directrices de dise\u00f1o.<\/p>\n\n\n\n<p>Ejemplo de ejecuci\u00f3n:<\/p>\n\n\n\n<ul class=\"wp-block-list\">\n<li>Dep\u00f3sito terrestre, horizontal, de una pared, Mat. 1.4307<\/li>\n\n\n\n<li>Capacidad: 2.5 m<sup>3<\/sup>, di\u00e1metro: 1250 mm<\/li>\n\n\n\n<li>Norma de ejecuci\u00f3n: AD 2000<\/li>\n\n\n\n<li>Presi\u00f3n de funcionamiento: -0,02 a 1.5 bar<\/li>\n\n\n\n<li>Temperatura de funcionamiento: +10\u00b0C\/+50\u00b0C<\/li>\n<\/ul>\n\n\n\n<div class=\"photos large\">\n<div class=\"first-zoom-photo\">\n<p style=\"text-align: center; font-size: 10px; margin-bottom:0;\"><img decoding=\"async\" data-src=\"https:\/\/cgh.com.pl\/wp-content\/uploads\/2024\/07\/mieszalniki-foto1.jpg\" alt=\"Mezcladores\" src=\"data:image\/svg+xml;base64,PHN2ZyB3aWR0aD0iMSIgaGVpZ2h0PSIxIiB4bWxucz0iaHR0cDovL3d3dy53My5vcmcvMjAwMC9zdmciPjwvc3ZnPg==\" class=\"lazyload\"><\/p>\n\n<div><\/div>\n<\/div>\n<div>\n<p style=\"text-align: center; font-size: 10px; margin-bottom:0;\"><img decoding=\"async\" data-src=\"https:\/\/cgh.com.pl\/wp-content\/uploads\/2024\/07\/mieszalniki-foto2.jpg\" alt=\"Mezcladores\" src=\"data:image\/svg+xml;base64,PHN2ZyB3aWR0aD0iMSIgaGVpZ2h0PSIxIiB4bWxucz0iaHR0cDovL3d3dy53My5vcmcvMjAwMC9zdmciPjwvc3ZnPg==\" class=\"lazyload\"><\/p>\n\n<div><\/div>\n<\/div>\n\n<div class=\"pair\">\n<!--<p style=\"text-align: center; font-size: 10px; margin-bottom:0;\"><img decoding=\"async\" data-src=\"https:\/\/cgh.com.pl\/wp-content\/uploads\/2021\/06\/Zbiorniki-kwasoodporne-2.jpg\" alt=\"Zbiorniki kwasoodporne Zbiornik naziemny, pionowy, jednop\u0142aszczowy wykonany ze stali 304L (1.4307)\" src=\"data:image\/svg+xml;base64,PHN2ZyB3aWR0aD0iMSIgaGVpZ2h0PSIxIiB4bWxucz0iaHR0cDovL3d3dy53My5vcmcvMjAwMC9zdmciPjwvc3ZnPg==\" class=\"lazyload\"><\/p>-->\n\n<div><\/div>\n<div><\/div>\n<\/div>\n<\/div>\n","protected":false},"excerpt":{"rendered":"<p>Los mezcladores de acero son una herramienta insustituible que se utiliza en diversos sectores industriales y que garantizan una mezcla eficaz de materia prima y aditivos de proceso. La s\u00f3lida construcci\u00f3n y la alta calidad de los mezcladores garantiza fiabilidad y durabilidad de funcionamiento. Los mezcladores est\u00e1n hechos de acero inoxidable o acero al carbono. [&hellip;]?<\/p>\n","protected":false},"author":1,"featured_media":0,"parent":17,"menu_order":0,"comment_status":"closed","ping_status":"closed","template":"page-products.php","meta":{"_acf_changed":false,"footnotes":""},"class_list":["post-5180","page","type-page","status-publish","hentry"],"acf":[],"yoast_head":"<!-- This site is optimized with the Yoast SEO plugin v26.1.1 - https:\/\/yoast.com\/wordpress\/plugins\/seo\/ -->\n<title>Mezcladores - CGH Group Sp. z o.o.<\/title>\n<meta name=\"robots\" content=\"index, follow, max-snippet:-1, max-image-preview:large, max-video-preview:-1\" \/>\n<link rel=\"canonical\" href=\"https:\/\/cgh.com.pl\/es\/depositos-para-la-industria\/mezcladores\" \/>\n<meta property=\"og:locale\" content=\"es_ES\" \/>\n<meta property=\"og:type\" content=\"article\" \/>\n<meta property=\"og:title\" content=\"Mezcladores - CGH Group Sp. z o.o.\" \/>\n<meta property=\"og:description\" content=\"Los mezcladores de acero son una herramienta insustituible que se utiliza en diversos sectores industriales y que garantizan una mezcla eficaz de materia prima y aditivos de proceso. La s\u00f3lida construcci\u00f3n y la alta calidad de los mezcladores garantiza fiabilidad y durabilidad de funcionamiento. Los mezcladores est\u00e1n hechos de acero inoxidable o acero al carbono. [&hellip;]?\" \/>\n<meta property=\"og:url\" content=\"https:\/\/cgh.com.pl\/es\/depositos-para-la-industria\/mezcladores\" \/>\n<meta property=\"og:site_name\" content=\"CGH Group Sp. z o.o.\" \/>\n<meta property=\"article:publisher\" content=\"https:\/\/www.facebook.com\/cghpolska\" \/>\n<meta property=\"article:modified_time\" content=\"2024-07-24T15:43:43+00:00\" \/>\n<meta property=\"og:image\" content=\"https:\/\/cgh.com.pl\/wp-content\/uploads\/2024\/07\/mieszalniki-foto1.jpg\" \/>\n<meta name=\"twitter:card\" content=\"summary_large_image\" \/>\n<meta name=\"twitter:label1\" content=\"Tiempo de lectura\" \/>\n\t<meta name=\"twitter:data1\" content=\"1 minuto\" \/>\n<script type=\"application\/ld+json\" class=\"yoast-schema-graph\">{\"@context\":\"https:\/\/schema.org\",\"@graph\":[{\"@type\":\"WebPage\",\"@id\":\"https:\/\/cgh.com.pl\/es\/depositos-para-la-industria\/mezcladores\",\"url\":\"https:\/\/cgh.com.pl\/es\/depositos-para-la-industria\/mezcladores\",\"name\":\"Mezcladores - CGH Group Sp. z o.o.\",\"isPartOf\":{\"@id\":\"https:\/\/cgh.com.pl\/es\/#website\"},\"primaryImageOfPage\":{\"@id\":\"https:\/\/cgh.com.pl\/es\/depositos-para-la-industria\/mezcladores#primaryimage\"},\"image\":{\"@id\":\"https:\/\/cgh.com.pl\/es\/depositos-para-la-industria\/mezcladores#primaryimage\"},\"thumbnailUrl\":\"https:\/\/cgh.com.pl\/wp-content\/uploads\/2024\/07\/mieszalniki-foto1.jpg\",\"datePublished\":\"2024-07-24T15:43:42+00:00\",\"dateModified\":\"2024-07-24T15:43:43+00:00\",\"breadcrumb\":{\"@id\":\"https:\/\/cgh.com.pl\/es\/depositos-para-la-industria\/mezcladores#breadcrumb\"},\"inLanguage\":\"es\",\"potentialAction\":[{\"@type\":\"ReadAction\",\"target\":[\"https:\/\/cgh.com.pl\/es\/depositos-para-la-industria\/mezcladores\"]}]},{\"@type\":\"ImageObject\",\"inLanguage\":\"es\",\"@id\":\"https:\/\/cgh.com.pl\/es\/depositos-para-la-industria\/mezcladores#primaryimage\",\"url\":\"https:\/\/cgh.com.pl\/wp-content\/uploads\/2024\/07\/mieszalniki-foto1.jpg\",\"contentUrl\":\"https:\/\/cgh.com.pl\/wp-content\/uploads\/2024\/07\/mieszalniki-foto1.jpg\"},{\"@type\":\"BreadcrumbList\",\"@id\":\"https:\/\/cgh.com.pl\/es\/depositos-para-la-industria\/mezcladores#breadcrumb\",\"itemListElement\":[{\"@type\":\"ListItem\",\"position\":1,\"name\":\"Strona g\u0142\u00f3wna\",\"item\":\"https:\/\/cgh.com.pl\/es\/\"},{\"@type\":\"ListItem\",\"position\":2,\"name\":\"Dep\u00f3sitos para la industria\",\"item\":\"https:\/\/cgh.com.pl\/es\/depositos-para-la-industria\"},{\"@type\":\"ListItem\",\"position\":3,\"name\":\"Mezcladores\"}]},{\"@type\":\"WebSite\",\"@id\":\"https:\/\/cgh.com.pl\/es\/#website\",\"url\":\"https:\/\/cgh.com.pl\/es\/\",\"name\":\"CGH Group Sp. z o.o.\",\"description\":\"\",\"publisher\":{\"@id\":\"https:\/\/cgh.com.pl\/es\/#organization\"},\"alternateName\":\"Ingenier\u00eda, desarrollo y fabricaci\u00f3n de dep\u00f3sitos de GLP, industriales, combustibles, agua, a presi\u00f3n y acero inoxidable - CGH Group\",\"potentialAction\":[{\"@type\":\"SearchAction\",\"target\":{\"@type\":\"EntryPoint\",\"urlTemplate\":\"https:\/\/cgh.com.pl\/es\/?s={search_term_string}\"},\"query-input\":{\"@type\":\"PropertyValueSpecification\",\"valueRequired\":true,\"valueName\":\"search_term_string\"}}],\"inLanguage\":\"es\"},{\"@type\":\"Organization\",\"@id\":\"https:\/\/cgh.com.pl\/es\/#organization\",\"name\":\"CGH Group Sp. z o.o.\",\"url\":\"https:\/\/cgh.com.pl\/es\/\",\"logo\":{\"@type\":\"ImageObject\",\"inLanguage\":\"es\",\"@id\":\"https:\/\/cgh.com.pl\/es\/#\/schema\/logo\/image\/\",\"url\":\"https:\/\/cgh.com.pl\/es\/wp-content\/uploads\/2023\/05\/logoCGH.png\",\"contentUrl\":\"https:\/\/cgh.com.pl\/es\/wp-content\/uploads\/2023\/05\/logoCGH.png\",\"width\":449,\"height\":162,\"caption\":\"CGH Group Sp. z o.o.\"},\"image\":{\"@id\":\"https:\/\/cgh.com.pl\/es\/#\/schema\/logo\/image\/\"},\"sameAs\":[\"https:\/\/www.facebook.com\/cghpolska\",\"https:\/\/www.youtube.com\/channel\/UCe9uW1n0tEj_ZJOEtHIHGQw\"]}]}<\/script>\n<!-- \/ Yoast SEO plugin. -->","yoast_head_json":{"title":"Mezcladores - CGH Group Sp. z o.o.","robots":{"index":"index","follow":"follow","max-snippet":"max-snippet:-1","max-image-preview":"max-image-preview:large","max-video-preview":"max-video-preview:-1"},"canonical":"https:\/\/cgh.com.pl\/es\/depositos-para-la-industria\/mezcladores","og_locale":"es_ES","og_type":"article","og_title":"Mezcladores - CGH Group Sp. z o.o.","og_description":"Los mezcladores de acero son una herramienta insustituible que se utiliza en diversos sectores industriales y que garantizan una mezcla eficaz de materia prima y aditivos de proceso. La s\u00f3lida construcci\u00f3n y la alta calidad de los mezcladores garantiza fiabilidad y durabilidad de funcionamiento. Los mezcladores est\u00e1n hechos de acero inoxidable o acero al carbono. [&hellip;]?","og_url":"https:\/\/cgh.com.pl\/es\/depositos-para-la-industria\/mezcladores","og_site_name":"CGH Group Sp. z o.o.","article_publisher":"https:\/\/www.facebook.com\/cghpolska","article_modified_time":"2024-07-24T15:43:43+00:00","og_image":[{"url":"https:\/\/cgh.com.pl\/wp-content\/uploads\/2024\/07\/mieszalniki-foto1.jpg","type":"","width":"","height":""}],"twitter_card":"summary_large_image","twitter_misc":{"Tiempo de lectura":"1 minuto"},"schema":{"@context":"https:\/\/schema.org","@graph":[{"@type":"WebPage","@id":"https:\/\/cgh.com.pl\/es\/depositos-para-la-industria\/mezcladores","url":"https:\/\/cgh.com.pl\/es\/depositos-para-la-industria\/mezcladores","name":"Mezcladores - CGH Group Sp. z o.o.","isPartOf":{"@id":"https:\/\/cgh.com.pl\/es\/#website"},"primaryImageOfPage":{"@id":"https:\/\/cgh.com.pl\/es\/depositos-para-la-industria\/mezcladores#primaryimage"},"image":{"@id":"https:\/\/cgh.com.pl\/es\/depositos-para-la-industria\/mezcladores#primaryimage"},"thumbnailUrl":"https:\/\/cgh.com.pl\/wp-content\/uploads\/2024\/07\/mieszalniki-foto1.jpg","datePublished":"2024-07-24T15:43:42+00:00","dateModified":"2024-07-24T15:43:43+00:00","breadcrumb":{"@id":"https:\/\/cgh.com.pl\/es\/depositos-para-la-industria\/mezcladores#breadcrumb"},"inLanguage":"es","potentialAction":[{"@type":"ReadAction","target":["https:\/\/cgh.com.pl\/es\/depositos-para-la-industria\/mezcladores"]}]},{"@type":"ImageObject","inLanguage":"es","@id":"https:\/\/cgh.com.pl\/es\/depositos-para-la-industria\/mezcladores#primaryimage","url":"https:\/\/cgh.com.pl\/wp-content\/uploads\/2024\/07\/mieszalniki-foto1.jpg","contentUrl":"https:\/\/cgh.com.pl\/wp-content\/uploads\/2024\/07\/mieszalniki-foto1.jpg"},{"@type":"BreadcrumbList","@id":"https:\/\/cgh.com.pl\/es\/depositos-para-la-industria\/mezcladores#breadcrumb","itemListElement":[{"@type":"ListItem","position":1,"name":"Strona g\u0142\u00f3wna","item":"https:\/\/cgh.com.pl\/es\/"},{"@type":"ListItem","position":2,"name":"Dep\u00f3sitos para la industria","item":"https:\/\/cgh.com.pl\/es\/depositos-para-la-industria"},{"@type":"ListItem","position":3,"name":"Mezcladores"}]},{"@type":"WebSite","@id":"https:\/\/cgh.com.pl\/es\/#website","url":"https:\/\/cgh.com.pl\/es\/","name":"CGH Group Sp. z o.o.","description":"","publisher":{"@id":"https:\/\/cgh.com.pl\/es\/#organization"},"alternateName":"Ingenier\u00eda, desarrollo y fabricaci\u00f3n de dep\u00f3sitos de GLP, industriales, combustibles, agua, a presi\u00f3n y acero inoxidable - CGH Group","potentialAction":[{"@type":"SearchAction","target":{"@type":"EntryPoint","urlTemplate":"https:\/\/cgh.com.pl\/es\/?s={search_term_string}"},"query-input":{"@type":"PropertyValueSpecification","valueRequired":true,"valueName":"search_term_string"}}],"inLanguage":"es"},{"@type":"Organization","@id":"https:\/\/cgh.com.pl\/es\/#organization","name":"CGH Group Sp. z o.o.","url":"https:\/\/cgh.com.pl\/es\/","logo":{"@type":"ImageObject","inLanguage":"es","@id":"https:\/\/cgh.com.pl\/es\/#\/schema\/logo\/image\/","url":"https:\/\/cgh.com.pl\/es\/wp-content\/uploads\/2023\/05\/logoCGH.png","contentUrl":"https:\/\/cgh.com.pl\/es\/wp-content\/uploads\/2023\/05\/logoCGH.png","width":449,"height":162,"caption":"CGH Group Sp. z o.o."},"image":{"@id":"https:\/\/cgh.com.pl\/es\/#\/schema\/logo\/image\/"},"sameAs":["https:\/\/www.facebook.com\/cghpolska","https:\/\/www.youtube.com\/channel\/UCe9uW1n0tEj_ZJOEtHIHGQw"]}]}},"_links":{"self":[{"href":"https:\/\/cgh.com.pl\/es\/wp-json\/wp\/v2\/pages\/5180","targetHints":{"allow":["GET"]}}],"collection":[{"href":"https:\/\/cgh.com.pl\/es\/wp-json\/wp\/v2\/pages"}],"about":[{"href":"https:\/\/cgh.com.pl\/es\/wp-json\/wp\/v2\/types\/page"}],"author":[{"embeddable":true,"href":"https:\/\/cgh.com.pl\/es\/wp-json\/wp\/v2\/users\/1"}],"replies":[{"embeddable":true,"href":"https:\/\/cgh.com.pl\/es\/wp-json\/wp\/v2\/comments?post=5180"}],"version-history":[{"count":1,"href":"https:\/\/cgh.com.pl\/es\/wp-json\/wp\/v2\/pages\/5180\/revisions"}],"predecessor-version":[{"id":5181,"href":"https:\/\/cgh.com.pl\/es\/wp-json\/wp\/v2\/pages\/5180\/revisions\/5181"}],"up":[{"embeddable":true,"href":"https:\/\/cgh.com.pl\/es\/wp-json\/wp\/v2\/pages\/17"}],"wp:attachment":[{"href":"https:\/\/cgh.com.pl\/es\/wp-json\/wp\/v2\/media?parent=5180"}],"curies":[{"name":"wp","href":"https:\/\/api.w.org\/{rel}","templated":true}]}}