{"id":5183,"date":"2024-07-24T17:49:28","date_gmt":"2024-07-24T15:49:28","guid":{"rendered":"https:\/\/cgh.com.pl\/es\/?page_id=5183"},"modified":"2024-07-24T17:49:29","modified_gmt":"2024-07-24T15:49:29","slug":"columnas-de-proceso-de-absorcion-destilacion-y-rectificacion","status":"publish","type":"page","link":"https:\/\/cgh.com.pl\/es\/depositos-para-la-industria\/columnas-de-proceso-de-absorcion-destilacion-y-rectificacion","title":{"rendered":"Columnas de proceso de absorci\u00f3n, destilaci\u00f3n y rectificaci\u00f3n."},"content":{"rendered":"\n<p>CGH Group, siendo un fabricante experimentado de dep\u00f3sitos y equipos industriales, ofrece:<\/p>\n\n\n\n<p>columnas de proceso de absorci\u00f3n, destilaci\u00f3n y rectificaci\u00f3n.<\/p>\n\n\n\n<p>Wykonanie ze stali nierdzewnej oraz ze stali w\u0119glowej.<\/p>\n\n\n\n<p>Fabricadas en acero inoxidable y acero al carbono.<\/p>\n\n\n\n<p>Es posible combinar diferentes materiales en una sola estructura. Las columnas de absorci\u00f3n, destilaci\u00f3n y rectificaci\u00f3n son elementos clave en muchos procesos industriales que implican la separaci\u00f3n, purificaci\u00f3n y concentraci\u00f3n de medios de proceso.<\/p>\n\n\n\n<p>Ofrecemos la producci\u00f3n de columnas de proceso basadas en la documentaci\u00f3n proporcionada\/encargada por el cliente o dise\u00f1adas por nosotros seg\u00fan directrices de dise\u00f1o.<\/p>\n\n\n\n<figure class=\"wp-block-image size-full\"><img decoding=\"async\" data-src=\"https:\/\/cgh.com.pl\/wp-content\/uploads\/2024\/07\/image.png\" alt=\"Columnas de proceso de absorci\u00f3n, destilaci\u00f3n y rectificaci\u00f3n.\" class=\"wp-image-3987 img-fluid lazyload\" src=\"data:image\/svg+xml;base64,PHN2ZyB3aWR0aD0iMSIgaGVpZ2h0PSIxIiB4bWxucz0iaHR0cDovL3d3dy53My5vcmcvMjAwMC9zdmciPjwvc3ZnPg==\" \/><\/figure>\n","protected":false},"excerpt":{"rendered":"<p>CGH Group, siendo un fabricante experimentado de dep\u00f3sitos y equipos industriales, ofrece: columnas de proceso de absorci\u00f3n, destilaci\u00f3n y rectificaci\u00f3n. Wykonanie ze stali nierdzewnej oraz ze stali w\u0119glowej. Fabricadas en acero inoxidable y acero al carbono. Es posible combinar diferentes materiales en una sola estructura. Las columnas de absorci\u00f3n, destilaci\u00f3n y rectificaci\u00f3n son elementos clave [&hellip;]?<\/p>\n","protected":false},"author":1,"featured_media":0,"parent":17,"menu_order":0,"comment_status":"closed","ping_status":"closed","template":"page-products.php","meta":{"_acf_changed":false,"footnotes":""},"class_list":["post-5183","page","type-page","status-publish","hentry"],"acf":[],"yoast_head":"<!-- This site is optimized with the Yoast SEO plugin v26.1.1 - https:\/\/yoast.com\/wordpress\/plugins\/seo\/ -->\n<title>Columnas de proceso de absorci\u00f3n, destilaci\u00f3n y rectificaci\u00f3n. - CGH Group Sp. z o.o.<\/title>\n<meta name=\"robots\" content=\"index, follow, max-snippet:-1, max-image-preview:large, max-video-preview:-1\" \/>\n<link rel=\"canonical\" href=\"https:\/\/cgh.com.pl\/es\/depositos-para-la-industria\/columnas-de-proceso-de-absorcion-destilacion-y-rectificacion\" \/>\n<meta property=\"og:locale\" content=\"es_ES\" \/>\n<meta property=\"og:type\" content=\"article\" \/>\n<meta property=\"og:title\" content=\"Columnas de proceso de absorci\u00f3n, destilaci\u00f3n y rectificaci\u00f3n. - CGH Group Sp. z o.o.\" \/>\n<meta property=\"og:description\" content=\"CGH Group, siendo un fabricante experimentado de dep\u00f3sitos y equipos industriales, ofrece: columnas de proceso de absorci\u00f3n, destilaci\u00f3n y rectificaci\u00f3n. Wykonanie ze stali nierdzewnej oraz ze stali w\u0119glowej. Fabricadas en acero inoxidable y acero al carbono. Es posible combinar diferentes materiales en una sola estructura. Las columnas de absorci\u00f3n, destilaci\u00f3n y rectificaci\u00f3n son elementos clave [&hellip;]?\" \/>\n<meta property=\"og:url\" content=\"https:\/\/cgh.com.pl\/es\/depositos-para-la-industria\/columnas-de-proceso-de-absorcion-destilacion-y-rectificacion\" \/>\n<meta property=\"og:site_name\" content=\"CGH Group Sp. z o.o.\" \/>\n<meta property=\"article:publisher\" content=\"https:\/\/www.facebook.com\/cghpolska\" \/>\n<meta property=\"article:modified_time\" content=\"2024-07-24T15:49:29+00:00\" \/>\n<meta property=\"og:image\" content=\"https:\/\/cgh.com.pl\/wp-content\/uploads\/2024\/07\/image.png\" \/>\n<meta name=\"twitter:card\" content=\"summary_large_image\" \/>\n<meta name=\"twitter:label1\" content=\"Tiempo de lectura\" \/>\n\t<meta name=\"twitter:data1\" content=\"1 minuto\" \/>\n<script type=\"application\/ld+json\" class=\"yoast-schema-graph\">{\"@context\":\"https:\/\/schema.org\",\"@graph\":[{\"@type\":\"WebPage\",\"@id\":\"https:\/\/cgh.com.pl\/es\/depositos-para-la-industria\/columnas-de-proceso-de-absorcion-destilacion-y-rectificacion\",\"url\":\"https:\/\/cgh.com.pl\/es\/depositos-para-la-industria\/columnas-de-proceso-de-absorcion-destilacion-y-rectificacion\",\"name\":\"Columnas de proceso de absorci\u00f3n, destilaci\u00f3n y rectificaci\u00f3n. - CGH Group Sp. z o.o.\",\"isPartOf\":{\"@id\":\"https:\/\/cgh.com.pl\/es\/#website\"},\"primaryImageOfPage\":{\"@id\":\"https:\/\/cgh.com.pl\/es\/depositos-para-la-industria\/columnas-de-proceso-de-absorcion-destilacion-y-rectificacion#primaryimage\"},\"image\":{\"@id\":\"https:\/\/cgh.com.pl\/es\/depositos-para-la-industria\/columnas-de-proceso-de-absorcion-destilacion-y-rectificacion#primaryimage\"},\"thumbnailUrl\":\"https:\/\/cgh.com.pl\/wp-content\/uploads\/2024\/07\/image.png\",\"datePublished\":\"2024-07-24T15:49:28+00:00\",\"dateModified\":\"2024-07-24T15:49:29+00:00\",\"breadcrumb\":{\"@id\":\"https:\/\/cgh.com.pl\/es\/depositos-para-la-industria\/columnas-de-proceso-de-absorcion-destilacion-y-rectificacion#breadcrumb\"},\"inLanguage\":\"es\",\"potentialAction\":[{\"@type\":\"ReadAction\",\"target\":[\"https:\/\/cgh.com.pl\/es\/depositos-para-la-industria\/columnas-de-proceso-de-absorcion-destilacion-y-rectificacion\"]}]},{\"@type\":\"ImageObject\",\"inLanguage\":\"es\",\"@id\":\"https:\/\/cgh.com.pl\/es\/depositos-para-la-industria\/columnas-de-proceso-de-absorcion-destilacion-y-rectificacion#primaryimage\",\"url\":\"https:\/\/cgh.com.pl\/wp-content\/uploads\/2024\/07\/image.png\",\"contentUrl\":\"https:\/\/cgh.com.pl\/wp-content\/uploads\/2024\/07\/image.png\"},{\"@type\":\"BreadcrumbList\",\"@id\":\"https:\/\/cgh.com.pl\/es\/depositos-para-la-industria\/columnas-de-proceso-de-absorcion-destilacion-y-rectificacion#breadcrumb\",\"itemListElement\":[{\"@type\":\"ListItem\",\"position\":1,\"name\":\"Strona g\u0142\u00f3wna\",\"item\":\"https:\/\/cgh.com.pl\/es\/\"},{\"@type\":\"ListItem\",\"position\":2,\"name\":\"Dep\u00f3sitos para la industria\",\"item\":\"https:\/\/cgh.com.pl\/es\/depositos-para-la-industria\"},{\"@type\":\"ListItem\",\"position\":3,\"name\":\"Columnas de proceso de absorci\u00f3n, destilaci\u00f3n y rectificaci\u00f3n.\"}]},{\"@type\":\"WebSite\",\"@id\":\"https:\/\/cgh.com.pl\/es\/#website\",\"url\":\"https:\/\/cgh.com.pl\/es\/\",\"name\":\"CGH Group Sp. z o.o.\",\"description\":\"\",\"publisher\":{\"@id\":\"https:\/\/cgh.com.pl\/es\/#organization\"},\"alternateName\":\"Ingenier\u00eda, desarrollo y fabricaci\u00f3n de dep\u00f3sitos de GLP, industriales, combustibles, agua, a presi\u00f3n y acero inoxidable - CGH Group\",\"potentialAction\":[{\"@type\":\"SearchAction\",\"target\":{\"@type\":\"EntryPoint\",\"urlTemplate\":\"https:\/\/cgh.com.pl\/es\/?s={search_term_string}\"},\"query-input\":{\"@type\":\"PropertyValueSpecification\",\"valueRequired\":true,\"valueName\":\"search_term_string\"}}],\"inLanguage\":\"es\"},{\"@type\":\"Organization\",\"@id\":\"https:\/\/cgh.com.pl\/es\/#organization\",\"name\":\"CGH Group Sp. z o.o.\",\"url\":\"https:\/\/cgh.com.pl\/es\/\",\"logo\":{\"@type\":\"ImageObject\",\"inLanguage\":\"es\",\"@id\":\"https:\/\/cgh.com.pl\/es\/#\/schema\/logo\/image\/\",\"url\":\"https:\/\/cgh.com.pl\/es\/wp-content\/uploads\/2023\/05\/logoCGH.png\",\"contentUrl\":\"https:\/\/cgh.com.pl\/es\/wp-content\/uploads\/2023\/05\/logoCGH.png\",\"width\":449,\"height\":162,\"caption\":\"CGH Group Sp. z o.o.\"},\"image\":{\"@id\":\"https:\/\/cgh.com.pl\/es\/#\/schema\/logo\/image\/\"},\"sameAs\":[\"https:\/\/www.facebook.com\/cghpolska\",\"https:\/\/www.youtube.com\/channel\/UCe9uW1n0tEj_ZJOEtHIHGQw\"]}]}<\/script>\n<!-- \/ Yoast SEO plugin. -->","yoast_head_json":{"title":"Columnas de proceso de absorci\u00f3n, destilaci\u00f3n y rectificaci\u00f3n. - CGH Group Sp. z o.o.","robots":{"index":"index","follow":"follow","max-snippet":"max-snippet:-1","max-image-preview":"max-image-preview:large","max-video-preview":"max-video-preview:-1"},"canonical":"https:\/\/cgh.com.pl\/es\/depositos-para-la-industria\/columnas-de-proceso-de-absorcion-destilacion-y-rectificacion","og_locale":"es_ES","og_type":"article","og_title":"Columnas de proceso de absorci\u00f3n, destilaci\u00f3n y rectificaci\u00f3n. - CGH Group Sp. z o.o.","og_description":"CGH Group, siendo un fabricante experimentado de dep\u00f3sitos y equipos industriales, ofrece: columnas de proceso de absorci\u00f3n, destilaci\u00f3n y rectificaci\u00f3n. Wykonanie ze stali nierdzewnej oraz ze stali w\u0119glowej. Fabricadas en acero inoxidable y acero al carbono. Es posible combinar diferentes materiales en una sola estructura. Las columnas de absorci\u00f3n, destilaci\u00f3n y rectificaci\u00f3n son elementos clave [&hellip;]?","og_url":"https:\/\/cgh.com.pl\/es\/depositos-para-la-industria\/columnas-de-proceso-de-absorcion-destilacion-y-rectificacion","og_site_name":"CGH Group Sp. z o.o.","article_publisher":"https:\/\/www.facebook.com\/cghpolska","article_modified_time":"2024-07-24T15:49:29+00:00","og_image":[{"url":"https:\/\/cgh.com.pl\/wp-content\/uploads\/2024\/07\/image.png","type":"","width":"","height":""}],"twitter_card":"summary_large_image","twitter_misc":{"Tiempo de lectura":"1 minuto"},"schema":{"@context":"https:\/\/schema.org","@graph":[{"@type":"WebPage","@id":"https:\/\/cgh.com.pl\/es\/depositos-para-la-industria\/columnas-de-proceso-de-absorcion-destilacion-y-rectificacion","url":"https:\/\/cgh.com.pl\/es\/depositos-para-la-industria\/columnas-de-proceso-de-absorcion-destilacion-y-rectificacion","name":"Columnas de proceso de absorci\u00f3n, destilaci\u00f3n y rectificaci\u00f3n. - CGH Group Sp. z o.o.","isPartOf":{"@id":"https:\/\/cgh.com.pl\/es\/#website"},"primaryImageOfPage":{"@id":"https:\/\/cgh.com.pl\/es\/depositos-para-la-industria\/columnas-de-proceso-de-absorcion-destilacion-y-rectificacion#primaryimage"},"image":{"@id":"https:\/\/cgh.com.pl\/es\/depositos-para-la-industria\/columnas-de-proceso-de-absorcion-destilacion-y-rectificacion#primaryimage"},"thumbnailUrl":"https:\/\/cgh.com.pl\/wp-content\/uploads\/2024\/07\/image.png","datePublished":"2024-07-24T15:49:28+00:00","dateModified":"2024-07-24T15:49:29+00:00","breadcrumb":{"@id":"https:\/\/cgh.com.pl\/es\/depositos-para-la-industria\/columnas-de-proceso-de-absorcion-destilacion-y-rectificacion#breadcrumb"},"inLanguage":"es","potentialAction":[{"@type":"ReadAction","target":["https:\/\/cgh.com.pl\/es\/depositos-para-la-industria\/columnas-de-proceso-de-absorcion-destilacion-y-rectificacion"]}]},{"@type":"ImageObject","inLanguage":"es","@id":"https:\/\/cgh.com.pl\/es\/depositos-para-la-industria\/columnas-de-proceso-de-absorcion-destilacion-y-rectificacion#primaryimage","url":"https:\/\/cgh.com.pl\/wp-content\/uploads\/2024\/07\/image.png","contentUrl":"https:\/\/cgh.com.pl\/wp-content\/uploads\/2024\/07\/image.png"},{"@type":"BreadcrumbList","@id":"https:\/\/cgh.com.pl\/es\/depositos-para-la-industria\/columnas-de-proceso-de-absorcion-destilacion-y-rectificacion#breadcrumb","itemListElement":[{"@type":"ListItem","position":1,"name":"Strona g\u0142\u00f3wna","item":"https:\/\/cgh.com.pl\/es\/"},{"@type":"ListItem","position":2,"name":"Dep\u00f3sitos para la industria","item":"https:\/\/cgh.com.pl\/es\/depositos-para-la-industria"},{"@type":"ListItem","position":3,"name":"Columnas de proceso de absorci\u00f3n, destilaci\u00f3n y rectificaci\u00f3n."}]},{"@type":"WebSite","@id":"https:\/\/cgh.com.pl\/es\/#website","url":"https:\/\/cgh.com.pl\/es\/","name":"CGH Group Sp. z o.o.","description":"","publisher":{"@id":"https:\/\/cgh.com.pl\/es\/#organization"},"alternateName":"Ingenier\u00eda, desarrollo y fabricaci\u00f3n de dep\u00f3sitos de GLP, industriales, combustibles, agua, a presi\u00f3n y acero inoxidable - CGH Group","potentialAction":[{"@type":"SearchAction","target":{"@type":"EntryPoint","urlTemplate":"https:\/\/cgh.com.pl\/es\/?s={search_term_string}"},"query-input":{"@type":"PropertyValueSpecification","valueRequired":true,"valueName":"search_term_string"}}],"inLanguage":"es"},{"@type":"Organization","@id":"https:\/\/cgh.com.pl\/es\/#organization","name":"CGH Group Sp. z o.o.","url":"https:\/\/cgh.com.pl\/es\/","logo":{"@type":"ImageObject","inLanguage":"es","@id":"https:\/\/cgh.com.pl\/es\/#\/schema\/logo\/image\/","url":"https:\/\/cgh.com.pl\/es\/wp-content\/uploads\/2023\/05\/logoCGH.png","contentUrl":"https:\/\/cgh.com.pl\/es\/wp-content\/uploads\/2023\/05\/logoCGH.png","width":449,"height":162,"caption":"CGH Group Sp. z o.o."},"image":{"@id":"https:\/\/cgh.com.pl\/es\/#\/schema\/logo\/image\/"},"sameAs":["https:\/\/www.facebook.com\/cghpolska","https:\/\/www.youtube.com\/channel\/UCe9uW1n0tEj_ZJOEtHIHGQw"]}]}},"_links":{"self":[{"href":"https:\/\/cgh.com.pl\/es\/wp-json\/wp\/v2\/pages\/5183","targetHints":{"allow":["GET"]}}],"collection":[{"href":"https:\/\/cgh.com.pl\/es\/wp-json\/wp\/v2\/pages"}],"about":[{"href":"https:\/\/cgh.com.pl\/es\/wp-json\/wp\/v2\/types\/page"}],"author":[{"embeddable":true,"href":"https:\/\/cgh.com.pl\/es\/wp-json\/wp\/v2\/users\/1"}],"replies":[{"embeddable":true,"href":"https:\/\/cgh.com.pl\/es\/wp-json\/wp\/v2\/comments?post=5183"}],"version-history":[{"count":1,"href":"https:\/\/cgh.com.pl\/es\/wp-json\/wp\/v2\/pages\/5183\/revisions"}],"predecessor-version":[{"id":5184,"href":"https:\/\/cgh.com.pl\/es\/wp-json\/wp\/v2\/pages\/5183\/revisions\/5184"}],"up":[{"embeddable":true,"href":"https:\/\/cgh.com.pl\/es\/wp-json\/wp\/v2\/pages\/17"}],"wp:attachment":[{"href":"https:\/\/cgh.com.pl\/es\/wp-json\/wp\/v2\/media?parent=5183"}],"curies":[{"name":"wp","href":"https:\/\/api.w.org\/{rel}","templated":true}]}}