{"id":5187,"date":"2024-11-29T15:02:23","date_gmt":"2024-11-29T14:02:23","guid":{"rendered":"https:\/\/cgh.com.pl\/es\/?page_id=5187"},"modified":"2025-06-03T12:04:15","modified_gmt":"2025-06-03T10:04:15","slug":"los-depositos-de-tipo-belly-tank","status":"publish","type":"page","link":"https:\/\/cgh.com.pl\/es\/los-depositos-de-tipo-belly-tank","title":{"rendered":"Los dep\u00f3sitos de tipo \u201c\u201ebelly tank\u201d"},"content":{"rendered":"<div class=\"wp-block-image\">\n<figure class=\"aligncenter size-full is-resized\"><img decoding=\"async\" width=\"1100\" height=\"600\" data-src=\"https:\/\/cgh.com.pl\/es\/wp-content\/uploads\/2025\/06\/zbiornik-belly-tank-CGH.png\" alt=\"\" class=\"wp-image-5204 img-fluid lazyload\" style=\"--smush-placeholder-width: 1100px; --smush-placeholder-aspect-ratio: 1100\/600;width:840px;height:auto\" data-srcset=\"https:\/\/cgh.com.pl\/es\/wp-content\/uploads\/2025\/06\/zbiornik-belly-tank-CGH.png 1100w, https:\/\/cgh.com.pl\/es\/wp-content\/uploads\/2025\/06\/zbiornik-belly-tank-CGH-300x164.png 300w, https:\/\/cgh.com.pl\/es\/wp-content\/uploads\/2025\/06\/zbiornik-belly-tank-CGH-1024x559.png 1024w, https:\/\/cgh.com.pl\/es\/wp-content\/uploads\/2025\/06\/zbiornik-belly-tank-CGH-768x419.png 768w\" data-sizes=\"(max-width: 1100px) 100vw, 1100px\" src=\"data:image\/svg+xml;base64,PHN2ZyB3aWR0aD0iMSIgaGVpZ2h0PSIxIiB4bWxucz0iaHR0cDovL3d3dy53My5vcmcvMjAwMC9zdmciPjwvc3ZnPg==\" \/><\/figure><\/div>\n\n\n<p>Los dep\u00f3sitos de tipo \u201c\u201ebelly tank\u201d se utilizan como tanques de combustible externos para alimentar generadores de energ\u00eda de emergencia en centros de datos. Se instalan debajo o cerca del generador, lo que permite almacenar grandes cantidades de combustible necesario para alimentar los centros de datos en caso de un corte de energ\u00eda.<\/p>\n\n\n\n<p>Con los dep\u00f3sitos de tipo \u201c\u201ebelly tank\u201d, los centros de datos pueden operar durante per\u00edodos de tiempo m\u00e1s prolongados durante cortes de energ\u00eda, lo cual es crucial para mantener la continuidad de las operaciones y minimizar el riesgo de p\u00e9rdida de datos o paradas de servicio.<\/p>\n\n\n\n<p>Fabricamos los dep\u00f3sitos de tipo \u201c\u201ebelly tank\u201d tanto en tama\u00f1os de contenedores est\u00e1ndar como en tama\u00f1os especificados por el cliente. A petici\u00f3n del cliente, los dep\u00f3sitos pueden equiparse con sistemas de calefacci\u00f3n y aislamiento.<\/p>\n\n\n\n<p>Datos t\u00e9cnicos b\u00e1sicos:<\/p>\n\n\n\n<ul class=\"wp-block-list\">\n<li>dep\u00f3sitos terrestres c\u00fabicos de doble pared hechos de acero S235<\/li>\n\n\n\n<li>inclinado fondo del deposito<\/li>\n\n\n\n<li>protecci\u00f3n anticorrosi\u00f3n est\u00e1ndar C3M &#8211; tambi\u00e9n disponible en C4M\/H, C5M\/H<\/li>\n\n\n\n<li>equipado con un sistema de detecci\u00f3n de fugas de vac\u00edo<\/li>\n\n\n\n<li>n\u00famero, tama\u00f1o y ubicaci\u00f3n de los tubos- a acordar con el cliente en la etapa de dise\u00f1o<\/li>\n\n\n\n<li>dep\u00f3sitos fabricados seg\u00fan la norma EN 1090<\/li>\n<\/ul>\n","protected":false},"excerpt":{"rendered":"<p>Los dep\u00f3sitos de tipo \u201c\u201ebelly tank\u201d se utilizan como tanques de combustible externos para alimentar generadores de energ\u00eda de emergencia en centros de datos. Se instalan debajo o cerca del generador, lo que permite almacenar grandes cantidades de combustible necesario para alimentar los centros de datos en caso de un corte de energ\u00eda. Con los [&hellip;]?<\/p>\n","protected":false},"author":1,"featured_media":0,"parent":0,"menu_order":0,"comment_status":"closed","ping_status":"closed","template":"page-products-with-second-menu.php","meta":{"_acf_changed":false,"footnotes":""},"class_list":["post-5187","page","type-page","status-publish","hentry"],"acf":[],"yoast_head":"<!-- This site is optimized with the Yoast SEO plugin v26.1.1 - https:\/\/yoast.com\/wordpress\/plugins\/seo\/ -->\n<title>Los dep\u00f3sitos de tipo \u201c\u201ebelly tank\u201d - CGH Group Sp. z o.o.<\/title>\n<meta name=\"robots\" content=\"index, follow, max-snippet:-1, max-image-preview:large, max-video-preview:-1\" \/>\n<link rel=\"canonical\" href=\"https:\/\/cgh.com.pl\/es\/los-depositos-de-tipo-belly-tank\" \/>\n<meta property=\"og:locale\" content=\"es_ES\" \/>\n<meta property=\"og:type\" content=\"article\" \/>\n<meta property=\"og:title\" content=\"Los dep\u00f3sitos de tipo \u201c\u201ebelly tank\u201d - CGH Group Sp. z o.o.\" \/>\n<meta property=\"og:description\" content=\"Los dep\u00f3sitos de tipo \u201c\u201ebelly tank\u201d se utilizan como tanques de combustible externos para alimentar generadores de energ\u00eda de emergencia en centros de datos. Se instalan debajo o cerca del generador, lo que permite almacenar grandes cantidades de combustible necesario para alimentar los centros de datos en caso de un corte de energ\u00eda. Con los [&hellip;]?\" \/>\n<meta property=\"og:url\" content=\"https:\/\/cgh.com.pl\/es\/los-depositos-de-tipo-belly-tank\" \/>\n<meta property=\"og:site_name\" content=\"CGH Group Sp. z o.o.\" \/>\n<meta property=\"article:publisher\" content=\"https:\/\/www.facebook.com\/cghpolska\" \/>\n<meta property=\"article:modified_time\" content=\"2025-06-03T10:04:15+00:00\" \/>\n<meta property=\"og:image\" content=\"https:\/\/cgh.com.pl\/es\/wp-content\/uploads\/2025\/06\/zbiornik-belly-tank-CGH.png\" \/>\n\t<meta property=\"og:image:width\" content=\"1100\" \/>\n\t<meta property=\"og:image:height\" content=\"600\" \/>\n\t<meta property=\"og:image:type\" content=\"image\/png\" \/>\n<meta name=\"twitter:card\" content=\"summary_large_image\" \/>\n<meta name=\"twitter:label1\" content=\"Tiempo de lectura\" \/>\n\t<meta name=\"twitter:data1\" content=\"2 minutos\" \/>\n<script type=\"application\/ld+json\" class=\"yoast-schema-graph\">{\"@context\":\"https:\/\/schema.org\",\"@graph\":[{\"@type\":\"WebPage\",\"@id\":\"https:\/\/cgh.com.pl\/es\/los-depositos-de-tipo-belly-tank\",\"url\":\"https:\/\/cgh.com.pl\/es\/los-depositos-de-tipo-belly-tank\",\"name\":\"Los dep\u00f3sitos de tipo \u201c\u201ebelly tank\u201d - CGH Group Sp. z o.o.\",\"isPartOf\":{\"@id\":\"https:\/\/cgh.com.pl\/es\/#website\"},\"primaryImageOfPage\":{\"@id\":\"https:\/\/cgh.com.pl\/es\/los-depositos-de-tipo-belly-tank#primaryimage\"},\"image\":{\"@id\":\"https:\/\/cgh.com.pl\/es\/los-depositos-de-tipo-belly-tank#primaryimage\"},\"thumbnailUrl\":\"https:\/\/cgh.com.pl\/es\/wp-content\/uploads\/2025\/06\/zbiornik-belly-tank-CGH.png\",\"datePublished\":\"2024-11-29T14:02:23+00:00\",\"dateModified\":\"2025-06-03T10:04:15+00:00\",\"breadcrumb\":{\"@id\":\"https:\/\/cgh.com.pl\/es\/los-depositos-de-tipo-belly-tank#breadcrumb\"},\"inLanguage\":\"es\",\"potentialAction\":[{\"@type\":\"ReadAction\",\"target\":[\"https:\/\/cgh.com.pl\/es\/los-depositos-de-tipo-belly-tank\"]}]},{\"@type\":\"ImageObject\",\"inLanguage\":\"es\",\"@id\":\"https:\/\/cgh.com.pl\/es\/los-depositos-de-tipo-belly-tank#primaryimage\",\"url\":\"https:\/\/cgh.com.pl\/es\/wp-content\/uploads\/2025\/06\/zbiornik-belly-tank-CGH.png\",\"contentUrl\":\"https:\/\/cgh.com.pl\/es\/wp-content\/uploads\/2025\/06\/zbiornik-belly-tank-CGH.png\",\"width\":1100,\"height\":600},{\"@type\":\"BreadcrumbList\",\"@id\":\"https:\/\/cgh.com.pl\/es\/los-depositos-de-tipo-belly-tank#breadcrumb\",\"itemListElement\":[{\"@type\":\"ListItem\",\"position\":1,\"name\":\"Strona g\u0142\u00f3wna\",\"item\":\"https:\/\/cgh.com.pl\/es\/\"},{\"@type\":\"ListItem\",\"position\":2,\"name\":\"Los dep\u00f3sitos de tipo \u201c\u201ebelly tank\u201d\"}]},{\"@type\":\"WebSite\",\"@id\":\"https:\/\/cgh.com.pl\/es\/#website\",\"url\":\"https:\/\/cgh.com.pl\/es\/\",\"name\":\"CGH Group Sp. z o.o.\",\"description\":\"\",\"publisher\":{\"@id\":\"https:\/\/cgh.com.pl\/es\/#organization\"},\"alternateName\":\"Ingenier\u00eda, desarrollo y fabricaci\u00f3n de dep\u00f3sitos de GLP, industriales, combustibles, agua, a presi\u00f3n y acero inoxidable - CGH Group\",\"potentialAction\":[{\"@type\":\"SearchAction\",\"target\":{\"@type\":\"EntryPoint\",\"urlTemplate\":\"https:\/\/cgh.com.pl\/es\/?s={search_term_string}\"},\"query-input\":{\"@type\":\"PropertyValueSpecification\",\"valueRequired\":true,\"valueName\":\"search_term_string\"}}],\"inLanguage\":\"es\"},{\"@type\":\"Organization\",\"@id\":\"https:\/\/cgh.com.pl\/es\/#organization\",\"name\":\"CGH Group Sp. z o.o.\",\"url\":\"https:\/\/cgh.com.pl\/es\/\",\"logo\":{\"@type\":\"ImageObject\",\"inLanguage\":\"es\",\"@id\":\"https:\/\/cgh.com.pl\/es\/#\/schema\/logo\/image\/\",\"url\":\"https:\/\/cgh.com.pl\/es\/wp-content\/uploads\/2023\/05\/logoCGH.png\",\"contentUrl\":\"https:\/\/cgh.com.pl\/es\/wp-content\/uploads\/2023\/05\/logoCGH.png\",\"width\":449,\"height\":162,\"caption\":\"CGH Group Sp. z o.o.\"},\"image\":{\"@id\":\"https:\/\/cgh.com.pl\/es\/#\/schema\/logo\/image\/\"},\"sameAs\":[\"https:\/\/www.facebook.com\/cghpolska\",\"https:\/\/www.youtube.com\/channel\/UCe9uW1n0tEj_ZJOEtHIHGQw\"]}]}<\/script>\n<!-- \/ Yoast SEO plugin. -->","yoast_head_json":{"title":"Los dep\u00f3sitos de tipo \u201c\u201ebelly tank\u201d - CGH Group Sp. z o.o.","robots":{"index":"index","follow":"follow","max-snippet":"max-snippet:-1","max-image-preview":"max-image-preview:large","max-video-preview":"max-video-preview:-1"},"canonical":"https:\/\/cgh.com.pl\/es\/los-depositos-de-tipo-belly-tank","og_locale":"es_ES","og_type":"article","og_title":"Los dep\u00f3sitos de tipo \u201c\u201ebelly tank\u201d - CGH Group Sp. z o.o.","og_description":"Los dep\u00f3sitos de tipo \u201c\u201ebelly tank\u201d se utilizan como tanques de combustible externos para alimentar generadores de energ\u00eda de emergencia en centros de datos. Se instalan debajo o cerca del generador, lo que permite almacenar grandes cantidades de combustible necesario para alimentar los centros de datos en caso de un corte de energ\u00eda. Con los [&hellip;]?","og_url":"https:\/\/cgh.com.pl\/es\/los-depositos-de-tipo-belly-tank","og_site_name":"CGH Group Sp. z o.o.","article_publisher":"https:\/\/www.facebook.com\/cghpolska","article_modified_time":"2025-06-03T10:04:15+00:00","og_image":[{"width":1100,"height":600,"url":"https:\/\/cgh.com.pl\/es\/wp-content\/uploads\/2025\/06\/zbiornik-belly-tank-CGH.png","type":"image\/png"}],"twitter_card":"summary_large_image","twitter_misc":{"Tiempo de lectura":"2 minutos"},"schema":{"@context":"https:\/\/schema.org","@graph":[{"@type":"WebPage","@id":"https:\/\/cgh.com.pl\/es\/los-depositos-de-tipo-belly-tank","url":"https:\/\/cgh.com.pl\/es\/los-depositos-de-tipo-belly-tank","name":"Los dep\u00f3sitos de tipo \u201c\u201ebelly tank\u201d - CGH Group Sp. z o.o.","isPartOf":{"@id":"https:\/\/cgh.com.pl\/es\/#website"},"primaryImageOfPage":{"@id":"https:\/\/cgh.com.pl\/es\/los-depositos-de-tipo-belly-tank#primaryimage"},"image":{"@id":"https:\/\/cgh.com.pl\/es\/los-depositos-de-tipo-belly-tank#primaryimage"},"thumbnailUrl":"https:\/\/cgh.com.pl\/es\/wp-content\/uploads\/2025\/06\/zbiornik-belly-tank-CGH.png","datePublished":"2024-11-29T14:02:23+00:00","dateModified":"2025-06-03T10:04:15+00:00","breadcrumb":{"@id":"https:\/\/cgh.com.pl\/es\/los-depositos-de-tipo-belly-tank#breadcrumb"},"inLanguage":"es","potentialAction":[{"@type":"ReadAction","target":["https:\/\/cgh.com.pl\/es\/los-depositos-de-tipo-belly-tank"]}]},{"@type":"ImageObject","inLanguage":"es","@id":"https:\/\/cgh.com.pl\/es\/los-depositos-de-tipo-belly-tank#primaryimage","url":"https:\/\/cgh.com.pl\/es\/wp-content\/uploads\/2025\/06\/zbiornik-belly-tank-CGH.png","contentUrl":"https:\/\/cgh.com.pl\/es\/wp-content\/uploads\/2025\/06\/zbiornik-belly-tank-CGH.png","width":1100,"height":600},{"@type":"BreadcrumbList","@id":"https:\/\/cgh.com.pl\/es\/los-depositos-de-tipo-belly-tank#breadcrumb","itemListElement":[{"@type":"ListItem","position":1,"name":"Strona g\u0142\u00f3wna","item":"https:\/\/cgh.com.pl\/es\/"},{"@type":"ListItem","position":2,"name":"Los dep\u00f3sitos de tipo \u201c\u201ebelly tank\u201d"}]},{"@type":"WebSite","@id":"https:\/\/cgh.com.pl\/es\/#website","url":"https:\/\/cgh.com.pl\/es\/","name":"CGH Group Sp. z o.o.","description":"","publisher":{"@id":"https:\/\/cgh.com.pl\/es\/#organization"},"alternateName":"Ingenier\u00eda, desarrollo y fabricaci\u00f3n de dep\u00f3sitos de GLP, industriales, combustibles, agua, a presi\u00f3n y acero inoxidable - CGH Group","potentialAction":[{"@type":"SearchAction","target":{"@type":"EntryPoint","urlTemplate":"https:\/\/cgh.com.pl\/es\/?s={search_term_string}"},"query-input":{"@type":"PropertyValueSpecification","valueRequired":true,"valueName":"search_term_string"}}],"inLanguage":"es"},{"@type":"Organization","@id":"https:\/\/cgh.com.pl\/es\/#organization","name":"CGH Group Sp. z o.o.","url":"https:\/\/cgh.com.pl\/es\/","logo":{"@type":"ImageObject","inLanguage":"es","@id":"https:\/\/cgh.com.pl\/es\/#\/schema\/logo\/image\/","url":"https:\/\/cgh.com.pl\/es\/wp-content\/uploads\/2023\/05\/logoCGH.png","contentUrl":"https:\/\/cgh.com.pl\/es\/wp-content\/uploads\/2023\/05\/logoCGH.png","width":449,"height":162,"caption":"CGH Group Sp. z o.o."},"image":{"@id":"https:\/\/cgh.com.pl\/es\/#\/schema\/logo\/image\/"},"sameAs":["https:\/\/www.facebook.com\/cghpolska","https:\/\/www.youtube.com\/channel\/UCe9uW1n0tEj_ZJOEtHIHGQw"]}]}},"_links":{"self":[{"href":"https:\/\/cgh.com.pl\/es\/wp-json\/wp\/v2\/pages\/5187","targetHints":{"allow":["GET"]}}],"collection":[{"href":"https:\/\/cgh.com.pl\/es\/wp-json\/wp\/v2\/pages"}],"about":[{"href":"https:\/\/cgh.com.pl\/es\/wp-json\/wp\/v2\/types\/page"}],"author":[{"embeddable":true,"href":"https:\/\/cgh.com.pl\/es\/wp-json\/wp\/v2\/users\/1"}],"replies":[{"embeddable":true,"href":"https:\/\/cgh.com.pl\/es\/wp-json\/wp\/v2\/comments?post=5187"}],"version-history":[{"count":2,"href":"https:\/\/cgh.com.pl\/es\/wp-json\/wp\/v2\/pages\/5187\/revisions"}],"predecessor-version":[{"id":5205,"href":"https:\/\/cgh.com.pl\/es\/wp-json\/wp\/v2\/pages\/5187\/revisions\/5205"}],"wp:attachment":[{"href":"https:\/\/cgh.com.pl\/es\/wp-json\/wp\/v2\/media?parent=5187"}],"curies":[{"name":"wp","href":"https:\/\/api.w.org\/{rel}","templated":true}]}}